{"id":10608,"date":"2020-06-12T19:46:42","date_gmt":"2020-06-12T18:46:42","guid":{"rendered":"https:\/\/www.loire-gourmande.fr\/die-orte\/"},"modified":"2026-02-12T16:13:28","modified_gmt":"2026-02-12T15:13:28","slug":"die-orte","status":"publish","type":"page","link":"https:\/\/www.loire-gourmande.fr\/de\/die-orte\/","title":{"rendered":"Die Orte"},"content":{"rendered":"\t\t<div data-elementor-type=\"wp-page\" data-elementor-id=\"10608\" class=\"elementor elementor-10608 elementor-41\" data-elementor-post-type=\"page\">\n\t\t\t\t<div class=\"elementor-element elementor-element-32f2736 e-con-full e-flex e-con e-parent\" data-id=\"32f2736\" data-element_type=\"container\" data-e-type=\"container\">\n\t\t<div class=\"elementor-element elementor-element-004dd4b e-con-full e-flex e-con e-child\" data-id=\"004dd4b\" data-element_type=\"container\" data-e-type=\"container\">\n\t\t\t\t<div class=\"elementor-element elementor-element-93da5b4 elementor-widget elementor-widget-text-editor\" data-id=\"93da5b4\" data-element_type=\"widget\" data-e-type=\"widget\" data-widget_type=\"text-editor.default\">\n\t\t\t\t<div class=\"elementor-widget-container\">\n\t\t\t\t\t\t\t\t\t<p style=\"font-weight: 600;\"><span style=\"color: #808080;\">NIMM DIR ZEIT F\u00dcR EINEN CHARMANTEN, \u00dcBERRASCHENDEN, K\u00d6STLICHEN ZWISCHENSTOPP&#8230;<\/span><br>Wir hei\u00dfen au\u00dferdem Gruppen <span style=\"font-weight: 400; font-size: 1em;\">(maximal 50 Besucher)<\/span> per Reservierung willkommen<br>Und man kann den Ort f\u00fcr eine untypische Geburtstagsfeier privatisieren.<br>F\u00fcr Unternehmen und offene Stellen bieten wir angepasste Formeln an,<br>Mit schl\u00fcsselfertigem Cocktailabend, auf Wunsch <span style=\"font-weight: 400; font-size: 1em;\">(maximal 30 G\u00e4ste).<\/span><\/p>\t\t\t\t\t\t\t\t<\/div>\n\t\t\t\t<\/div>\n\t\t\t\t<div class=\"elementor-element elementor-element-6ed221f elementor-widget elementor-widget-image\" data-id=\"6ed221f\" data-element_type=\"widget\" data-e-type=\"widget\" data-widget_type=\"image.default\">\n\t\t\t\t<div class=\"elementor-widget-container\">\n\t\t\t\t\t\t\t\t\t\t\t\t\t\t\t<img fetchpriority=\"high\" decoding=\"async\" width=\"600\" height=\"311\" src=\"https:\/\/www.loire-gourmande.fr\/wp-content\/uploads\/2020\/10\/loire-gourmande-logo.png\" class=\"attachment-full size-full wp-image-1021\" alt=\"\" srcset=\"https:\/\/www.loire-gourmande.fr\/wp-content\/uploads\/2020\/10\/loire-gourmande-logo.png 600w, https:\/\/www.loire-gourmande.fr\/wp-content\/uploads\/2020\/10\/loire-gourmande-logo-300x156.png 300w\" sizes=\"(max-width: 600px) 100vw, 600px\" \/>\t\t\t\t\t\t\t\t\t\t\t\t\t\t\t<\/div>\n\t\t\t\t<\/div>\n\t\t\t\t<\/div>\n\t\t\t\t<\/div>\n\t\t<div class=\"elementor-element elementor-element-1fbf4bc e-flex e-con-boxed e-con e-parent\" data-id=\"1fbf4bc\" data-element_type=\"container\" data-e-type=\"container\">\n\t\t\t\t\t<div class=\"e-con-inner\">\n\t\t<div class=\"elementor-element elementor-element-9c33a08 e-con-full e-flex e-con e-child\" data-id=\"9c33a08\" data-element_type=\"container\" data-e-type=\"container\">\n\t\t\t\t<div class=\"elementor-element elementor-element-f228add elementor-widget__width-initial elementor-position-top elementor-widget elementor-widget-image-box\" data-id=\"f228add\" data-element_type=\"widget\" data-e-type=\"widget\" data-widget_type=\"image-box.default\">\n\t\t\t\t<div class=\"elementor-widget-container\">\n\t\t\t\t\t<div class=\"elementor-image-box-wrapper\"><figure class=\"elementor-image-box-img\"><a href=\"https:\/\/www.loire-gourmande.fr\/de\/die-orte\/der-ligerama\/\" tabindex=\"-1\"><img decoding=\"async\" width=\"800\" height=\"800\" src=\"https:\/\/www.loire-gourmande.fr\/wp-content\/uploads\/2024\/11\/Troglo-Img-2024-1.jpg\" class=\"elementor-animation-grow attachment-full size-full wp-image-12094\" alt=\"\" srcset=\"https:\/\/www.loire-gourmande.fr\/wp-content\/uploads\/2024\/11\/Troglo-Img-2024-1.jpg 800w, https:\/\/www.loire-gourmande.fr\/wp-content\/uploads\/2024\/11\/Troglo-Img-2024-1-300x300.jpg 300w, https:\/\/www.loire-gourmande.fr\/wp-content\/uploads\/2024\/11\/Troglo-Img-2024-1-150x150.jpg 150w, https:\/\/www.loire-gourmande.fr\/wp-content\/uploads\/2024\/11\/Troglo-Img-2024-1-768x768.jpg 768w, https:\/\/www.loire-gourmande.fr\/wp-content\/uploads\/2024\/11\/Troglo-Img-2024-1-600x600.jpg 600w, https:\/\/www.loire-gourmande.fr\/wp-content\/uploads\/2024\/11\/Troglo-Img-2024-1-100x100.jpg 100w\" sizes=\"(max-width: 800px) 100vw, 800px\" \/><\/a><\/figure><div class=\"elementor-image-box-content\"><h3 class=\"elementor-image-box-title\"><a href=\"https:\/\/www.loire-gourmande.fr\/de\/die-orte\/der-ligerama\/\">BESUCHEN SIE DEN LIGERAMA<\/a><\/h3><p class=\"elementor-image-box-description\">Betreten <span style=\"font-weight:600\">Sie Loire Gourmande und besuchen Sie einen einzigartigen Ort,<\/span> um die Terroirs und Weine der Loire zu entdecken.<\/br>\nBegeben Sie sich mit dem Kapit\u00e4n der Fram auf eine sensorische, visuelle und geschmackliche Reise entlang der Ufer der Loire...<\/p><\/div><\/div>\t\t\t\t<\/div>\n\t\t\t\t<\/div>\n\t\t\t\t<\/div>\n\t\t<div class=\"elementor-element elementor-element-e34a891 e-con-full e-flex e-con e-child\" data-id=\"e34a891\" data-element_type=\"container\" data-e-type=\"container\">\n\t\t\t\t<div class=\"elementor-element elementor-element-843ddf2 elementor-position-top elementor-widget elementor-widget-image-box\" data-id=\"843ddf2\" data-element_type=\"widget\" data-e-type=\"widget\" data-widget_type=\"image-box.default\">\n\t\t\t\t<div class=\"elementor-widget-container\">\n\t\t\t\t\t<div class=\"elementor-image-box-wrapper\"><figure class=\"elementor-image-box-img\"><a href=\"https:\/\/www.loire-gourmande.fr\/de\/die-orte\/die-stimmungen\/\" tabindex=\"-1\"><img decoding=\"async\" width=\"800\" height=\"800\" src=\"https:\/\/www.loire-gourmande.fr\/wp-content\/uploads\/2024\/11\/LG-photo-terrasse.jpg\" class=\"elementor-animation-grow attachment-full size-full wp-image-12091\" alt=\"\" srcset=\"https:\/\/www.loire-gourmande.fr\/wp-content\/uploads\/2024\/11\/LG-photo-terrasse.jpg 800w, https:\/\/www.loire-gourmande.fr\/wp-content\/uploads\/2024\/11\/LG-photo-terrasse-300x300.jpg 300w, https:\/\/www.loire-gourmande.fr\/wp-content\/uploads\/2024\/11\/LG-photo-terrasse-150x150.jpg 150w, https:\/\/www.loire-gourmande.fr\/wp-content\/uploads\/2024\/11\/LG-photo-terrasse-768x768.jpg 768w, https:\/\/www.loire-gourmande.fr\/wp-content\/uploads\/2024\/11\/LG-photo-terrasse-600x600.jpg 600w, https:\/\/www.loire-gourmande.fr\/wp-content\/uploads\/2024\/11\/LG-photo-terrasse-100x100.jpg 100w\" sizes=\"(max-width: 800px) 100vw, 800px\" \/><\/a><\/figure><div class=\"elementor-image-box-content\"><h3 class=\"elementor-image-box-title\"><a href=\"https:\/\/www.loire-gourmande.fr\/de\/die-orte\/die-stimmungen\/\">ENTDECKEN SIE UNSERE STIMMUNGEN<\/a><\/h3><p class=\"elementor-image-box-description\">Entdecken Sie diese \u00fcberraschenden Orte durch einen Besuch\n<br><span style=\"font-weight:600\"> der Keller der Loire Gourmande<\/span>, sein ehemaliges Zuhause <br>und der mit Mosaiken gepfl\u00fcsterte Turm, der alte Trockenschuppen, <\/br>der Innenhof und seine Werkstatt.<\/p><\/div><\/div>\t\t\t\t<\/div>\n\t\t\t\t<\/div>\n\t\t\t\t<\/div>\n\t\t\t\t\t<\/div>\n\t\t\t\t<\/div>\n\t\t\t\t<\/div>\n\t\t","protected":false},"excerpt":{"rendered":"<p>NIMM DIR ZEIT F\u00dcR EINEN CHARMANTEN, \u00dcBERRASCHENDEN, K\u00d6STLICHEN ZWISCHENSTOPP&#8230;Wir hei\u00dfen au\u00dferdem Gruppen (maximal 50 Besucher) [&hellip;]<\/p>\n","protected":false},"author":1,"featured_media":0,"parent":0,"menu_order":9,"comment_status":"open","ping_status":"closed","template":"","meta":{"inline_featured_image":false,"footnotes":""},"class_list":["post-10608","page","type-page","status-publish","hentry"],"yoast_head":"<!-- This site is optimized with the Yoast SEO plugin v27.5 - https:\/\/yoast.com\/product\/yoast-seo-wordpress\/ -->\n<title>Die Orte - Loire Gourmande - une \u00e9tape savoureuse<\/title>\n<meta name=\"description\" content=\"Loire Gourmande bietet Ihnen eine kulinarische H\u00f6hlenwanderung entlang des letzten wilden Flusses, von den Vulkanen bis zu den Salzg\u00e4rten. Loire Gourmande liegt zwischen den &quot;pommes tap\u00e9es&quot; und der Boutique &quot;m\u00e9tiers d &#039;Arts&quot;. Hier k\u00f6nnen Sie die Weine und Spezialit\u00e4ten der Loire probieren. Ein ungew\u00f6hnlicher Ort ist das ehemalige Mosaikatelier von Me Thiriau, ein einzigartiger und charmanter Ort am Fu\u00dfe des H\u00fcgels, den Sie unbedingt entdecken sollten.\" \/>\n<meta name=\"robots\" content=\"index, follow, max-snippet:-1, max-image-preview:large, max-video-preview:-1\" \/>\n<link rel=\"canonical\" href=\"https:\/\/www.loire-gourmande.fr\/de\/die-orte\/\" \/>\n<meta property=\"og:locale\" content=\"de_DE\" \/>\n<meta property=\"og:type\" content=\"article\" \/>\n<meta property=\"og:title\" content=\"Die Orte - Loire Gourmande - une \u00e9tape savoureuse\" \/>\n<meta property=\"og:description\" content=\"Loire Gourmande bietet Ihnen eine kulinarische H\u00f6hlenwanderung entlang des letzten wilden Flusses, von den Vulkanen bis zu den Salzg\u00e4rten. Loire Gourmande liegt zwischen den &quot;pommes tap\u00e9es&quot; und der Boutique &quot;m\u00e9tiers d &#039;Arts&quot;. Hier k\u00f6nnen Sie die Weine und Spezialit\u00e4ten der Loire probieren. Ein ungew\u00f6hnlicher Ort ist das ehemalige Mosaikatelier von Me Thiriau, ein einzigartiger und charmanter Ort am Fu\u00dfe des H\u00fcgels, den Sie unbedingt entdecken sollten.\" \/>\n<meta property=\"og:url\" content=\"https:\/\/www.loire-gourmande.fr\/de\/die-orte\/\" \/>\n<meta property=\"og:site_name\" content=\"Loire Gourmande - une \u00e9tape savoureuse\" \/>\n<meta property=\"article:publisher\" content=\"https:\/\/www.facebook.com\/Loire-Gourmande-Turquant-101991328328493\/\" \/>\n<meta property=\"article:modified_time\" content=\"2026-02-12T15:13:28+00:00\" \/>\n<meta property=\"og:image\" content=\"https:\/\/www.loire-gourmande.fr\/wp-content\/uploads\/2020\/10\/loire-gourmande-logo.png\" \/>\n\t<meta property=\"og:image:width\" content=\"600\" \/>\n\t<meta property=\"og:image:height\" content=\"311\" \/>\n\t<meta property=\"og:image:type\" content=\"image\/png\" \/>\n<meta name=\"twitter:card\" content=\"summary_large_image\" \/>\n<meta name=\"twitter:label1\" content=\"Gesch\u00e4tzte Lesezeit\" \/>\n\t<meta name=\"twitter:data1\" content=\"1\u00a0Minute\" \/>\n<script type=\"application\/ld+json\" class=\"yoast-schema-graph\">{\"@context\":\"https:\\\/\\\/schema.org\",\"@graph\":[{\"@type\":\"WebPage\",\"@id\":\"https:\\\/\\\/www.loire-gourmande.fr\\\/de\\\/die-orte\\\/\",\"url\":\"https:\\\/\\\/www.loire-gourmande.fr\\\/de\\\/die-orte\\\/\",\"name\":\"Die Orte - Loire Gourmande - une \u00e9tape savoureuse\",\"isPartOf\":{\"@id\":\"https:\\\/\\\/www.loire-gourmande.fr\\\/de\\\/#website\"},\"primaryImageOfPage\":{\"@id\":\"https:\\\/\\\/www.loire-gourmande.fr\\\/de\\\/die-orte\\\/#primaryimage\"},\"image\":{\"@id\":\"https:\\\/\\\/www.loire-gourmande.fr\\\/de\\\/die-orte\\\/#primaryimage\"},\"thumbnailUrl\":\"https:\\\/\\\/www.loire-gourmande.fr\\\/wp-content\\\/uploads\\\/2020\\\/10\\\/loire-gourmande-logo.png\",\"datePublished\":\"2020-06-12T18:46:42+00:00\",\"dateModified\":\"2026-02-12T15:13:28+00:00\",\"description\":\"Loire Gourmande bietet Ihnen eine kulinarische H\u00f6hlenwanderung entlang des letzten wilden Flusses, von den Vulkanen bis zu den Salzg\u00e4rten. Loire Gourmande liegt zwischen den \\\"pommes tap\u00e9es\\\" und der Boutique \\\"m\u00e9tiers d 'Arts\\\". Hier k\u00f6nnen Sie die Weine und Spezialit\u00e4ten der Loire probieren. Ein ungew\u00f6hnlicher Ort ist das ehemalige Mosaikatelier von Me Thiriau, ein einzigartiger und charmanter Ort am Fu\u00dfe des H\u00fcgels, den Sie unbedingt entdecken sollten.\",\"breadcrumb\":{\"@id\":\"https:\\\/\\\/www.loire-gourmande.fr\\\/de\\\/die-orte\\\/#breadcrumb\"},\"inLanguage\":\"de\",\"potentialAction\":[{\"@type\":\"ReadAction\",\"target\":[\"https:\\\/\\\/www.loire-gourmande.fr\\\/de\\\/die-orte\\\/\"]}]},{\"@type\":\"ImageObject\",\"inLanguage\":\"de\",\"@id\":\"https:\\\/\\\/www.loire-gourmande.fr\\\/de\\\/die-orte\\\/#primaryimage\",\"url\":\"https:\\\/\\\/www.loire-gourmande.fr\\\/wp-content\\\/uploads\\\/2020\\\/10\\\/loire-gourmande-logo.png\",\"contentUrl\":\"https:\\\/\\\/www.loire-gourmande.fr\\\/wp-content\\\/uploads\\\/2020\\\/10\\\/loire-gourmande-logo.png\"},{\"@type\":\"BreadcrumbList\",\"@id\":\"https:\\\/\\\/www.loire-gourmande.fr\\\/de\\\/die-orte\\\/#breadcrumb\",\"itemListElement\":[{\"@type\":\"ListItem\",\"position\":1,\"name\":\"Startseite\",\"item\":\"https:\\\/\\\/www.loire-gourmande.fr\\\/de\\\/\"},{\"@type\":\"ListItem\",\"position\":2,\"name\":\"Die Orte\"}]},{\"@type\":\"WebSite\",\"@id\":\"https:\\\/\\\/www.loire-gourmande.fr\\\/de\\\/#website\",\"url\":\"https:\\\/\\\/www.loire-gourmande.fr\\\/de\\\/\",\"name\":\"Loire Gourmande, une \u00e9tape savoureuse\",\"description\":\"une d\u00e9gustation \u00e0 toute heure et une boutique \u00e0 visiter \u00e0 Turquant (49)\",\"publisher\":{\"@id\":\"https:\\\/\\\/www.loire-gourmande.fr\\\/de\\\/#organization\"},\"potentialAction\":[{\"@type\":\"SearchAction\",\"target\":{\"@type\":\"EntryPoint\",\"urlTemplate\":\"https:\\\/\\\/www.loire-gourmande.fr\\\/de\\\/?s={search_term_string}\"},\"query-input\":{\"@type\":\"PropertyValueSpecification\",\"valueRequired\":true,\"valueName\":\"search_term_string\"}}],\"inLanguage\":\"de\"},{\"@type\":\"Organization\",\"@id\":\"https:\\\/\\\/www.loire-gourmande.fr\\\/de\\\/#organization\",\"name\":\"Loire Gourmande - Schnellrestaurant und Besuch in Turquant (49)\",\"url\":\"https:\\\/\\\/www.loire-gourmande.fr\\\/de\\\/\",\"logo\":{\"@type\":\"ImageObject\",\"inLanguage\":\"de\",\"@id\":\"https:\\\/\\\/www.loire-gourmande.fr\\\/de\\\/#\\\/schema\\\/logo\\\/image\\\/\",\"url\":\"https:\\\/\\\/www.loire-gourmande.fr\\\/wp-content\\\/uploads\\\/2020\\\/10\\\/loire-gourmande-logo.jpg\",\"contentUrl\":\"https:\\\/\\\/www.loire-gourmande.fr\\\/wp-content\\\/uploads\\\/2020\\\/10\\\/loire-gourmande-logo.jpg\",\"width\":800,\"height\":415,\"caption\":\"Loire Gourmande - Schnellrestaurant und Besuch in Turquant (49)\"},\"image\":{\"@id\":\"https:\\\/\\\/www.loire-gourmande.fr\\\/de\\\/#\\\/schema\\\/logo\\\/image\\\/\"},\"sameAs\":[\"https:\\\/\\\/www.facebook.com\\\/Loire-Gourmande-Turquant-101991328328493\\\/\",\"https:\\\/\\\/www.instagram.com\\\/jean_yves_auradon\\\/?igshid=1ta3mfjka326t\"]}]}<\/script>\n<!-- \/ Yoast SEO plugin. -->","yoast_head_json":{"title":"Die Orte - Loire Gourmande - une \u00e9tape savoureuse","description":"Loire Gourmande bietet Ihnen eine kulinarische H\u00f6hlenwanderung entlang des letzten wilden Flusses, von den Vulkanen bis zu den Salzg\u00e4rten. Loire Gourmande liegt zwischen den \"pommes tap\u00e9es\" und der Boutique \"m\u00e9tiers d 'Arts\". Hier k\u00f6nnen Sie die Weine und Spezialit\u00e4ten der Loire probieren. Ein ungew\u00f6hnlicher Ort ist das ehemalige Mosaikatelier von Me Thiriau, ein einzigartiger und charmanter Ort am Fu\u00dfe des H\u00fcgels, den Sie unbedingt entdecken sollten.","robots":{"index":"index","follow":"follow","max-snippet":"max-snippet:-1","max-image-preview":"max-image-preview:large","max-video-preview":"max-video-preview:-1"},"canonical":"https:\/\/www.loire-gourmande.fr\/de\/die-orte\/","og_locale":"de_DE","og_type":"article","og_title":"Die Orte - Loire Gourmande - une \u00e9tape savoureuse","og_description":"Loire Gourmande bietet Ihnen eine kulinarische H\u00f6hlenwanderung entlang des letzten wilden Flusses, von den Vulkanen bis zu den Salzg\u00e4rten. Loire Gourmande liegt zwischen den \"pommes tap\u00e9es\" und der Boutique \"m\u00e9tiers d 'Arts\". Hier k\u00f6nnen Sie die Weine und Spezialit\u00e4ten der Loire probieren. Ein ungew\u00f6hnlicher Ort ist das ehemalige Mosaikatelier von Me Thiriau, ein einzigartiger und charmanter Ort am Fu\u00dfe des H\u00fcgels, den Sie unbedingt entdecken sollten.","og_url":"https:\/\/www.loire-gourmande.fr\/de\/die-orte\/","og_site_name":"Loire Gourmande - une \u00e9tape savoureuse","article_publisher":"https:\/\/www.facebook.com\/Loire-Gourmande-Turquant-101991328328493\/","article_modified_time":"2026-02-12T15:13:28+00:00","og_image":[{"width":600,"height":311,"url":"https:\/\/www.loire-gourmande.fr\/wp-content\/uploads\/2020\/10\/loire-gourmande-logo.png","type":"image\/png"}],"twitter_card":"summary_large_image","twitter_misc":{"Gesch\u00e4tzte Lesezeit":"1\u00a0Minute"},"schema":{"@context":"https:\/\/schema.org","@graph":[{"@type":"WebPage","@id":"https:\/\/www.loire-gourmande.fr\/de\/die-orte\/","url":"https:\/\/www.loire-gourmande.fr\/de\/die-orte\/","name":"Die Orte - Loire Gourmande - une \u00e9tape savoureuse","isPartOf":{"@id":"https:\/\/www.loire-gourmande.fr\/de\/#website"},"primaryImageOfPage":{"@id":"https:\/\/www.loire-gourmande.fr\/de\/die-orte\/#primaryimage"},"image":{"@id":"https:\/\/www.loire-gourmande.fr\/de\/die-orte\/#primaryimage"},"thumbnailUrl":"https:\/\/www.loire-gourmande.fr\/wp-content\/uploads\/2020\/10\/loire-gourmande-logo.png","datePublished":"2020-06-12T18:46:42+00:00","dateModified":"2026-02-12T15:13:28+00:00","description":"Loire Gourmande bietet Ihnen eine kulinarische H\u00f6hlenwanderung entlang des letzten wilden Flusses, von den Vulkanen bis zu den Salzg\u00e4rten. Loire Gourmande liegt zwischen den \"pommes tap\u00e9es\" und der Boutique \"m\u00e9tiers d 'Arts\". Hier k\u00f6nnen Sie die Weine und Spezialit\u00e4ten der Loire probieren. Ein ungew\u00f6hnlicher Ort ist das ehemalige Mosaikatelier von Me Thiriau, ein einzigartiger und charmanter Ort am Fu\u00dfe des H\u00fcgels, den Sie unbedingt entdecken sollten.","breadcrumb":{"@id":"https:\/\/www.loire-gourmande.fr\/de\/die-orte\/#breadcrumb"},"inLanguage":"de","potentialAction":[{"@type":"ReadAction","target":["https:\/\/www.loire-gourmande.fr\/de\/die-orte\/"]}]},{"@type":"ImageObject","inLanguage":"de","@id":"https:\/\/www.loire-gourmande.fr\/de\/die-orte\/#primaryimage","url":"https:\/\/www.loire-gourmande.fr\/wp-content\/uploads\/2020\/10\/loire-gourmande-logo.png","contentUrl":"https:\/\/www.loire-gourmande.fr\/wp-content\/uploads\/2020\/10\/loire-gourmande-logo.png"},{"@type":"BreadcrumbList","@id":"https:\/\/www.loire-gourmande.fr\/de\/die-orte\/#breadcrumb","itemListElement":[{"@type":"ListItem","position":1,"name":"Startseite","item":"https:\/\/www.loire-gourmande.fr\/de\/"},{"@type":"ListItem","position":2,"name":"Die Orte"}]},{"@type":"WebSite","@id":"https:\/\/www.loire-gourmande.fr\/de\/#website","url":"https:\/\/www.loire-gourmande.fr\/de\/","name":"Loire Gourmande, une \u00e9tape savoureuse","description":"une d\u00e9gustation \u00e0 toute heure et une boutique \u00e0 visiter \u00e0 Turquant (49)","publisher":{"@id":"https:\/\/www.loire-gourmande.fr\/de\/#organization"},"potentialAction":[{"@type":"SearchAction","target":{"@type":"EntryPoint","urlTemplate":"https:\/\/www.loire-gourmande.fr\/de\/?s={search_term_string}"},"query-input":{"@type":"PropertyValueSpecification","valueRequired":true,"valueName":"search_term_string"}}],"inLanguage":"de"},{"@type":"Organization","@id":"https:\/\/www.loire-gourmande.fr\/de\/#organization","name":"Loire Gourmande - Schnellrestaurant und Besuch in Turquant (49)","url":"https:\/\/www.loire-gourmande.fr\/de\/","logo":{"@type":"ImageObject","inLanguage":"de","@id":"https:\/\/www.loire-gourmande.fr\/de\/#\/schema\/logo\/image\/","url":"https:\/\/www.loire-gourmande.fr\/wp-content\/uploads\/2020\/10\/loire-gourmande-logo.jpg","contentUrl":"https:\/\/www.loire-gourmande.fr\/wp-content\/uploads\/2020\/10\/loire-gourmande-logo.jpg","width":800,"height":415,"caption":"Loire Gourmande - Schnellrestaurant und Besuch in Turquant (49)"},"image":{"@id":"https:\/\/www.loire-gourmande.fr\/de\/#\/schema\/logo\/image\/"},"sameAs":["https:\/\/www.facebook.com\/Loire-Gourmande-Turquant-101991328328493\/","https:\/\/www.instagram.com\/jean_yves_auradon\/?igshid=1ta3mfjka326t"]}]}},"_links":{"self":[{"href":"https:\/\/www.loire-gourmande.fr\/de\/wp-json\/wp\/v2\/pages\/10608","targetHints":{"allow":["GET"]}}],"collection":[{"href":"https:\/\/www.loire-gourmande.fr\/de\/wp-json\/wp\/v2\/pages"}],"about":[{"href":"https:\/\/www.loire-gourmande.fr\/de\/wp-json\/wp\/v2\/types\/page"}],"author":[{"embeddable":true,"href":"https:\/\/www.loire-gourmande.fr\/de\/wp-json\/wp\/v2\/users\/1"}],"replies":[{"embeddable":true,"href":"https:\/\/www.loire-gourmande.fr\/de\/wp-json\/wp\/v2\/comments?post=10608"}],"version-history":[{"count":6,"href":"https:\/\/www.loire-gourmande.fr\/de\/wp-json\/wp\/v2\/pages\/10608\/revisions"}],"predecessor-version":[{"id":14610,"href":"https:\/\/www.loire-gourmande.fr\/de\/wp-json\/wp\/v2\/pages\/10608\/revisions\/14610"}],"wp:attachment":[{"href":"https:\/\/www.loire-gourmande.fr\/de\/wp-json\/wp\/v2\/media?parent=10608"}],"curies":[{"name":"wp","href":"https:\/\/api.w.org\/{rel}","templated":true}]}}