{"id":10616,"date":"2023-03-24T16:16:53","date_gmt":"2023-03-24T16:16:53","guid":{"rendered":"https:\/\/www.loire-gourmande.fr\/shop\/karte-der-loire-weine\/"},"modified":"2024-04-29T14:25:30","modified_gmt":"2024-04-29T14:25:30","slug":"karte-der-loire-weine","status":"publish","type":"page","link":"https:\/\/www.loire-gourmande.fr\/de\/shop\/karte-der-loire-weine\/","title":{"rendered":"Karte der Loire-Weine"},"content":{"rendered":"\t\t<div data-elementor-type=\"wp-page\" data-elementor-id=\"10616\" class=\"elementor elementor-10616 elementor-6244\" data-elementor-post-type=\"page\">\n\t\t\t\t\t\t<section class=\"elementor-section elementor-top-section elementor-element elementor-element-4197a92 elementor-section-full_width elementor-section-stretched elementor-section-height-default elementor-section-height-default\" data-id=\"4197a92\" data-element_type=\"section\" data-e-type=\"section\" data-settings=\"{&quot;stretch_section&quot;:&quot;section-stretched&quot;}\">\n\t\t\t\t\t\t<div class=\"elementor-container elementor-column-gap-no\">\n\t\t\t\t\t<div class=\"elementor-column elementor-col-100 elementor-top-column elementor-element elementor-element-3f2e281\" data-id=\"3f2e281\" data-element_type=\"column\" data-e-type=\"column\">\n\t\t\t<div class=\"elementor-widget-wrap elementor-element-populated\">\n\t\t\t\t\t\t<div class=\"elementor-element elementor-element-54713b9 elementor-widget elementor-widget-shortcode\" data-id=\"54713b9\" data-element_type=\"widget\" data-e-type=\"widget\" data-widget_type=\"shortcode.default\">\n\t\t\t\t<div class=\"elementor-widget-container\">\n\t\t\t\t\t\t\t<div class=\"elementor-shortcode\">\n<style>\n\t#hotspot-10860 .hotspots-image-container,\n\t#hotspot-10860 .leaflet-container {\n\t\tbackground: #efefef\t}\n\n\t#hotspot-10860 .hotspots-placeholder {\n\t\tbackground: #2E2D29;\n\t\tborder: 0 #2E2D29 solid;\n\t\tcolor: #DFEBE5;\n\t}\n\n\t#hotspot-10860 .hotspot-title {\n\t\tcolor: #93C7A4;\n\t}\n\n\t\t\t#hotspot-10860 .hotspot-default {\n\t\t\tstroke-width: 1;\n\t\t\tfill: #ffffff;\n\t\t\tfill-opacity: 0;\n\t\t\tstroke: #ffffff;\n\t\t\tstroke-opacity: 0;\n\t\t}\n\t\t#hotspot-10860 .hotspot-default:hover,\n\t\t#hotspot-10860 .hotspot-default:focus-visible,\n\t\t#hotspot-10860 .hotspot-default.hotspot-active {\n\t\t\tfill: #dd3333;\n\t\t\tfill-opacity: 0.71;\n\t\t\tstroke: #235B6E;\n\t\t\tstroke-opacity: 0.01;\n\t\t}\n\t\t#hotspot-10860 .leaflet-tooltip,\n\t#hotspot-10860 .leaflet-rrose-content-wrapper {\n\t\tbackground: #2E2D29;\n\t\tborder-color: #2E2D29;\n\t\tcolor: #DFEBE5;\n\t}\n\n\t#hotspot-10860 a.leaflet-rrose-close-button {\n\t\tcolor: #93C7A4;\n\t}\n\n\t#hotspot-10860 .leaflet-rrose-tip {\n\t\tbackground: #2E2D29;\n\t}\n\n\t#hotspot-10860 .leaflet-popup-scrolled {\n\t\tborder-bottom-color: #DFEBE5;\n\t\tborder-top-color: #DFEBE5;\n\t}\n\n\t#hotspot-10860 .leaflet-tooltip-top:before {\n\t\tborder-top-color: #2E2D29;\n\t}\n\n\t#hotspot-10860 .leaflet-tooltip-bottom:before {\n\t\tborder-bottom-color: #2E2D29;\n\t}\n\t#hotspot-10860 .leaflet-tooltip-left:before {\n\t\tborder-left-color: #2E2D29;\n\t}\n\t#hotspot-10860 .leaflet-tooltip-right:before {\n\t\tborder-right-color: #2E2D29;\n\t}\n<\/style>\n\n\t\n\t<div class=\"hotspots-container links-only layout-left event-click\" id=\"hotspot-10860\" data-layout=\"left\" data-trigger=\"click\">\n\t\t<div class=\"hotspots-interaction\">\n\t\t\t<div class=\"hotspots-image-container\">\n\t<img\n\t\twidth=\"2456\"\n\t\theight=\"1401\"\n\t\tsrc=\"https:\/\/www.loire-gourmande.fr\/wp-content\/uploads\/2024\/05\/Loire-Gourmande-Rebsortenkarte-img-2.jpg\"\n\t\talt=\"Links zu den Rebsorten\"\n\t\tclass=\"hotspots-image skip-lazy\"\n\t\tusemap=\"#hotspots-image-10860\"\n\t\tdata-image-title=\"Links zu den Rebsorten\"\n\t\tdata-image-description=\"Das Weinbaugebiet Val de Loire ist das vielf\u00e4ltigste Weinbaugebiet der Welt.\r\n78 Appellationen in 5 Weinbauregionen.\r\nEntdecken Sie ihren Charakter und g\u00f6nnen Sie sich...\"\n\t\tdata-event-trigger=\"click\"\n\t\tdata-always-visible=\"false\"\n\t\tdata-id=\"10860\"\n\t\tdata-no-lazy=\"1\"\n\t\tdata-lazy-src=\"\"\n\t\tdata-lazy=\"false\"\n\t\tloading=\"eager\"\n\t\tdata-skip-lazy=\"1\"\n\t\t>\n<\/div>\t\t<\/div>\n\t\t<map name=\"hotspots-image-10860\" class=\"hotspots-map\">\n\t\t\t\t\t\t\t\t\t\t\t<area\n\t\t\t\t\tshape=\"polygon\"\n\t\t\t\t\tcoords=\"230,614,257,625,277,635,296,659,302,666,310,673,324,673,326,681,344,688,347,680,356,685,364,685,380,692,392,683,411,692,415,685,430,685,427,671,446,654,439,635,427,641,420,636,420,626,412,625,416,611,437,611,451,602,461,600,470,590,455,578,458,566,454,558,456,551,464,556,475,548,479,556,492,563,502,560,508,553,518,549,527,542,535,537,548,542,551,554,551,564,561,566,569,559,578,555,586,560,595,564,599,557,600,548,610,551,614,561,616,575,621,587,621,602,626,618,620,625,606,619,596,623,585,633,595,651,585,659,572,665,569,658,563,659,569,650,569,644,578,637,587,629,577,624,568,623,563,631,560,642,555,652,545,656,539,671,542,679,559,669,562,678,548,693,545,701,557,701,561,713,570,718,575,727,574,742,565,744,557,741,553,747,541,745,543,752,533,755,516,767,503,761,492,764,491,776,499,788,497,801,490,807,483,803,470,805,465,809,461,818,573,960,586,959,591,967,599,968,608,974,605,984,602,1000,596,1007,584,1006,634,1096,638,1087,652,1085,657,1074,668,1064,673,1079,665,1087,665,1093,652,1093,652,1105,640,1118,634,1120,635,1129,625,1132,634,1144,646,1147,656,1156,653,1168,647,1171,643,1180,636,1178,629,1177,630,1167,631,1157,631,1148,634,1144,626,1132,620,1136,614,1132,608,1130,611,1124,617,1117,624,1107,630,1101,632,1092,584,1006,576,999,563,1006,557,997,557,994,512,1021,514,1027,513,1036,513,1047,522,1056,518,1063,511,1069,503,1064,494,1065,484,1064,477,1070,476,1081,465,1073,445,1063,442,1042,317,1049,309,1051,297,1060,287,1054,277,1049,262,994,249,976,242,961,254,970,276,973,275,982,280,988,290,988,305,988,320,996,328,1003,322,1009,311,1015,309,1024,306,1034,314,1043,317,1049,440,1042,447,1030,442,1017,446,1012,446,1003,455,997,462,992,469,997,474,1005,482,1007,482,1016,485,1026,493,1018,503,1016,512,1021,554,996,546,988,550,982,549,969,563,959,567,961,573,960,461,818,454,819,443,822,433,827,423,829,415,839,413,852,402,859,390,862,392,870,382,876,382,883,381,889,373,892,364,887,356,892,359,874,362,863,370,857,353,853,347,856,338,845,325,848,320,837,319,829,317,820,317,808,326,799,338,804,341,795,344,782,334,781,314,782,304,792,297,799,290,814,284,810,277,808,267,807,260,800,255,790,254,781,246,780,241,769,230,758,232,756,227,748,218,741,212,731,207,724,194,717,182,715,169,711,163,706,164,699,177,697,176,684,191,688,202,669,212,672,209,692,214,707,224,712,234,712,240,716,253,715,260,705,255,694,254,677,260,664,245,666,236,663,252,631,230,619\"\n\t\t\t\t\thref=\"https:\/\/www.loire-gourmande.fr\/categorie-produit\/les-vins\/pays-nantais\/\"\n\t\t\t\t\trel=\"\"\n\t\t\t\t\ttitle=\"Land Nantes\"\n\t\t\t\t\talt=\"Land Nantes\"\n\t\t\t\t\tdata-action=\"url\"\n\t\t\t\t\tdata-color-scheme=\"\"\n\t\t\t\t\ttarget=\"\"\n\t\t\t\t\tclass=\"url-area\"\n\t\t\t\t\t>\n\t\t\t\t\t\t\t\t\t\t\t<area\n\t\t\t\t\tshape=\"polygon\"\n\t\t\t\t\tcoords=\"883,452,868,455,873,445,876,431,883,432,888,440,892,446,887,450,876,432,896,536,892,517,880,529,879,520,889,530,891,539,899,541,903,536,912,529,904,517,892,516,880,453,838,469,822,482,816,494,809,503,809,509,805,524,804,532,797,533,789,539,774,535,764,531,765,541,763,549,758,555,746,557,738,565,730,569,721,567,715,565,700,563,683,555,678,551,649,543,641,540,638,534,632,533,629,540,634,554,635,566,641,575,644,586,632,595,623,600,622,609,629,619,641,615,643,622,651,631,664,626,676,622,677,628,678,634,687,649,696,645,701,654,705,661,719,658,724,666,735,668,733,677,730,691,741,695,746,699,751,693,754,705,762,708,755,723,762,735,756,740,756,750,755,758,762,763,772,752,786,748,793,743,799,746,795,753,794,764,807,762,814,763,814,771,805,772,803,778,823,771,830,772,833,783,827,791,863,804,865,810,857,815,856,824,859,834,865,841,874,848,883,853,898,836,889,831,894,820,900,830,908,831,925,828,921,820,926,812,926,800,947,814,950,824,959,819,971,826,979,824,984,818,991,809,993,801,1004,802,998,790,1007,773,999,760,992,756,988,763,977,763,974,747,982,750,993,752,1001,746,1001,729,1009,716,1008,702,1016,689,1014,679,1019,664,1020,655,1035,632,1026,622,1012,630,999,621,991,628,983,643,976,655,987,665,985,674,982,680,968,680,945,657,933,648,913,630,913,630,890,614,883,595,863,587,838,584,821,581,808,580,798,580,788,574,788,566,797,559,804,559,813,554,824,549,824,535,833,524,836,531,842,521,841,515,844,508,845,497,846,483,838,469\"\n\t\t\t\t\thref=\"https:\/\/www.loire-gourmande.fr\/categorie-produit\/les-vins\/anjou\/\"\n\t\t\t\t\trel=\"\"\n\t\t\t\t\ttitle=\"Anjou-Saumurois\"\n\t\t\t\t\talt=\"Anjou-Saumurois\"\n\t\t\t\t\tdata-action=\"url\"\n\t\t\t\t\tdata-color-scheme=\"\"\n\t\t\t\t\ttarget=\"\"\n\t\t\t\t\tclass=\"url-area\"\n\t\t\t\t\t>\n\t\t\t\t\t\t\t\t\t\t\t<area\n\t\t\t\t\tshape=\"polygon\"\n\t\t\t\t\tcoords=\"1100,479,1090,455,1097,458,1113,458,1121,469,1132,467,1139,459,1134,440,1142,436,1150,437,1160,418,1155,406,1160,396,1165,408,1174,408,1187,391,1207,388,1215,388,1219,381,1224,375,1227,366,1232,359,1239,363,1242,373,1248,380,1254,392,1261,398,1266,385,1276,377,1281,383,1294,378,1293,370,1303,374,1329,355,1337,356,1348,368,1351,361,1344,342,1355,344,1366,339,1369,330,1376,336,1388,344,1390,357,1397,360,1406,358,1409,366,1409,383,1415,391,1415,398,1413,404,1402,398,1403,408,1397,415,1380,420,1380,414,1371,422,1363,419,1357,432,1344,416,1339,425,1329,422,1313,448,1303,447,1296,425,1283,432,1280,421,1267,424,1259,423,1251,435,1244,444,1240,433,1233,431,1230,438,1229,444,1220,450,1211,451,1211,457,1217,458,1219,468,1211,476,1206,484,1199,490,1195,499,1190,507,1181,515,1171,514,1161,514,1157,506,1152,502,1144,502,1136,506,1123,499,1117,492,1109,488,1099,484,1098,476,1099,472,1100,479,1228,711,1234,694,1223,677,1226,660,1246,654,1265,649,1275,650,1277,664,1279,677,1291,685,1302,676,1304,666,1303,656,1315,660,1329,666,1339,668,1354,663,1368,666,1369,676,1378,691,1390,699,1395,703,1395,710,1393,718,1385,724,1381,735,1391,742,1402,751,1411,753,1420,757,1435,755,1443,748,1433,725,1440,717,1438,708,1426,709,1412,708,1400,708,1395,702,1401,698,1407,695,1412,689,1419,683,1432,673,1442,669,1454,666,1463,680,1479,697,1496,731,1504,753,1502,773,1513,782,1525,793,1541,794,1544,781,1550,765,1569,771,1576,770,1579,761,1586,760,1597,766,1606,771,1615,781,1615,771,1623,757,1638,747,1630,739,1612,734,1625,722,1633,721,1639,709,1650,697,1641,683,1628,690,1614,683,1600,680,1598,666,1580,667,1570,674,1554,653,1563,651,1568,641,1568,628,1579,621,1582,613,1582,603,1582,594,1582,587,1580,581,1587,581,1572,587,1556,578,1563,561,1572,543,1582,529,1574,525,1572,509,1561,504,1554,495,1560,481,1569,471,1580,465,1592,471,1604,456,1608,444,1626,440,1640,439,1646,445,1643,430,1632,419,1621,413,1624,405,1634,393,1640,383,1650,380,1660,389,1666,396,1682,399,1693,391,1698,374,1714,369,1721,371,1728,381,1733,371,1728,355,1721,345,1720,335,1734,328,1752,335,1766,347,1781,348,1788,341,1777,330,1773,314,1760,322,1750,316,1754,310,1736,320,1728,318,1720,322,1712,319,1707,327,1706,342,1702,350,1686,348,1666,345,1656,340,1646,350,1636,358,1629,361,1622,350,1626,368,1619,374,1619,390,1610,384,1606,392,1610,406,1609,415,1600,425,1586,435,1588,443,1575,453,1558,461,1546,467,1534,467,1521,481,1506,495,1500,501,1481,496,1472,504,1461,496,1450,500,1448,511,1440,527,1440,532,1428,532,1426,521,1414,524,1406,531,1394,530,1386,541,1385,548,1373,551,1363,543,1357,535,1350,535,1339,537,1328,538,1320,543,1311,541,1305,551,1304,567,1288,567,1278,559,1269,549,1248,555,1249,581,1248,594,1238,603,1230,585,1217,576,1221,582,1207,584,1208,573,1200,570,1189,580,1172,586,1168,591,1172,599,1175,613,1157,615,1143,614,1134,601,1127,607,1113,606,1108,612,1105,625,1106,637,1097,635,1084,634,1069,633,1057,616,1043,619,1045,627,1034,637,1025,651,1019,660,1014,691,1008,708,1008,727,1015,737,1017,749,1030,748,1039,750,1038,759,1052,759,1063,768,1052,776,1050,784,1065,789,1074,783,1077,772,1094,774,1103,778,1117,777,1123,775,1124,827,1119,834,1128,842,1133,846,1143,838,1150,830,1142,827,1133,834,1124,828,1123,782,1140,777,1148,774,1158,772,1160,757,1173,752,1176,741,1167,737,1176,716,1209,759,1208,768,1211,779,1220,786,1218,794,1226,802,1235,790,1233,775,1234,765,1338,924,1331,931,1340,939,1344,951,1353,959,1362,961,1367,952,1361,945,1353,940,1366,933,1367,921,1371,912,1370,897,1358,897,1344,897,1338,906,1338,924,1238,770,1243,765,1252,755,1255,748,1242,746,1230,744,1215,751,1210,760,1176,716,1177,714,1198,706,1203,716,1218,721,1223,707,1232,704,1226,707\"\n\t\t\t\t\thref=\"https:\/\/www.loire-gourmande.fr\/categorie-produit\/les-vins\/touraine\/\"\n\t\t\t\t\trel=\"\"\n\t\t\t\t\ttitle=\"Touraine\"\n\t\t\t\t\talt=\"Touraine\"\n\t\t\t\t\tdata-action=\"url\"\n\t\t\t\t\tdata-color-scheme=\"\"\n\t\t\t\t\ttarget=\"\"\n\t\t\t\t\tclass=\"url-area\"\n\t\t\t\t\t>\n\t\t\t\t\t\t\t\t\t\t\t<area\n\t\t\t\t\tshape=\"polygon\"\n\t\t\t\t\tcoords=\"1988,408,1996,419,2004,416,2012,418,2010,428,2018,440,2031,443,2030,460,2037,470,2040,477,2048,489,2054,490,2060,500,2074,510,2088,502,2093,496,2097,511,2093,520,2092,528,2094,547,2103,564,2113,557,2120,564,2123,570,2128,568,2138,582,2145,579,2153,577,2156,572,2172,583,2170,601,2143,607,2148,627,2141,630,2140,639,2130,644,2126,651,2126,663,2131,675,2141,670,2155,675,2159,694,2151,697,2142,700,2139,692,2131,694,2131,705,2139,716,2137,723,2129,724,2122,702,2121,690,2114,680,2100,669,2092,662,2089,673,2076,677,2077,693,2077,700,2067,692,2066,685,2055,688,2045,691,2037,699,2030,706,2024,709,2020,718,2011,722,2000,725,1989,719,1977,718,1971,723,1960,722,1956,717,1950,725,1951,739,1946,746,1938,747,1930,744,1919,755,1914,752,1914,1064,1930,1071,1927,1087,1930,1096,1919,1103,1907,1100,1894,1105,1888,1100,1889,1090,1897,1083,1853,1096,1836,1093,1829,1099,1819,1101,1814,1110,1805,1103,1796,1105,1791,1114,1788,1120,1780,1118,1773,1110,1770,1101,1780,1080,1784,1078,1788,1063,1800,1060,1808,1065,1813,1060,1815,1066,1828,1069,1842,1076,1844,1064,1851,1063,1760,821,1747,822,1738,814,1730,816,1737,803,1726,796,1740,786,1746,766,1758,760,1769,751,1775,740,1778,732,1787,730,1796,740,1811,751,1818,765,1814,773,1812,780,1813,794,1803,795,1795,784,1791,767,1788,757,1778,762,1777,776,1782,793,1794,802,1792,811,1756,811,1756,810,1851,1062,1860,1057,1864,1063,1864,1071,1853,1096,1898,1082,1898,1073,1905,1064,1914,1064,1914,753,1905,745,1914,729,1905,721,1911,707,1913,691,1920,693,1926,686,1931,673,1941,684,1953,678,1962,680,1975,673,1984,677,1999,685,2010,692,2024,681,2013,667,2023,657,2018,646,2014,636,2027,625,2039,631,2042,618,2058,604,2068,601,2070,612,2086,608,2093,594,2089,578,2078,556,2071,549,2057,561,2047,559,2042,549,2030,545,2025,538,2039,522,2045,515,2027,501,2020,481,2014,475,2002,469,1988,465,1966,451,1982,434\"\n\t\t\t\t\thref=\"https:\/\/www.loire-gourmande.fr\/categorie-produit\/les-vins\/berry\/\"\n\t\t\t\t\trel=\"\"\n\t\t\t\t\ttitle=\"Berry\"\n\t\t\t\t\talt=\"Berry\"\n\t\t\t\t\tdata-action=\"url\"\n\t\t\t\t\tdata-color-scheme=\"\"\n\t\t\t\t\ttarget=\"\"\n\t\t\t\t\tclass=\"url-area\"\n\t\t\t\t\t>\n\t\t\t\t\t\t\t\t\t\t\t<area\n\t\t\t\t\tshape=\"polygon\"\n\t\t\t\t\tcoords=\"2336,898,2326,895,2318,903,2314,910,2320,920,2320,931,2318,938,2314,947,2318,958,2315,969,2309,974,2302,970,2298,976,2294,980,2300,991,2296,1006,2304,1011,2319,1005,2300,1107,2290,1106,2286,1110,2277,1116,2272,1122,2274,1131,2275,1138,2282,1134,2286,1134,2287,1142,2285,1144,2272,1138,2261,1141,2258,1146,2258,1153,2261,1160,2275,1161,2278,1167,2283,1172,2278,1178,2282,1185,2281,1193,2287,1198,2276,1214,2290,1220,2290,1234,2282,1237,2293,1244,2302,1253,2308,1256,2305,1263,2293,1299,2293,1304,2294,1308,2302,1310,2315,1312,2323,1306,2321,1296,2314,1301,2306,1300,2294,1298,2305,1263,2314,1253,2316,1262,2328,1264,2326,1254,2320,1248,2311,1245,2317,1240,2324,1238,2331,1239,2343,1240,2342,1222,2333,1218,2334,1210,2346,1209,2359,1208,2355,1198,2345,1191,2347,1185,2344,1178,2335,1178,2324,1182,2318,1178,2307,1180,2306,1172,2296,1166,2300,1156,2307,1147,2312,1142,2311,1132,2301,1127,2296,1128,2289,1128,2291,1121,2293,1114,2299,1110,2319,1004,2328,998,2329,990,2340,986,2348,990,2356,982,2356,972,2356,962,2350,956,2346,946,2350,940,2351,928,2349,918,2349,908,2348,901\"\n\t\t\t\t\thref=\"https:\/\/www.loire-gourmande.fr\/categorie-produit\/les-vins\/auvergne\/\"\n\t\t\t\t\trel=\"\"\n\t\t\t\t\ttitle=\"Auvergne\"\n\t\t\t\t\talt=\"Auvergne\"\n\t\t\t\t\tdata-action=\"url\"\n\t\t\t\t\tdata-color-scheme=\"\"\n\t\t\t\t\ttarget=\"\"\n\t\t\t\t\tclass=\"url-area\"\n\t\t\t\t\t>\n\t\t\t\t\t<\/map>\n\n\t\t\n\t\t\t\t\t\t\t\t\t\t\t\t\t\t\t\t\t\t<\/div>\n\n<\/div>\n\t\t\t\t\t\t<\/div>\n\t\t\t\t<\/div>\n\t\t\t\t\t<\/div>\n\t\t<\/div>\n\t\t\t\t\t<\/div>\n\t\t<\/section>\n\t\t\t\t<\/div>\n\t\t","protected":false},"excerpt":{"rendered":"","protected":false},"author":1,"featured_media":0,"parent":10606,"menu_order":1,"comment_status":"open","ping_status":"closed","template":"commerce-page.php","meta":{"inline_featured_image":false,"footnotes":""},"class_list":["post-10616","page","type-page","status-publish","hentry"],"yoast_head":"<!-- This site is optimized with the Yoast SEO plugin v27.3 - https:\/\/yoast.com\/product\/yoast-seo-wordpress\/ -->\n<title>Karte der Loire-Weine - Loire Gourmande - une \u00e9tape savoureuse<\/title>\n<meta name=\"robots\" content=\"index, follow, max-snippet:-1, max-image-preview:large, max-video-preview:-1\" \/>\n<link rel=\"canonical\" href=\"https:\/\/www.loire-gourmande.fr\/de\/shop\/karte-der-loire-weine\/\" \/>\n<meta property=\"og:locale\" content=\"de_DE\" \/>\n<meta property=\"og:type\" content=\"article\" \/>\n<meta property=\"og:title\" content=\"Karte der Loire-Weine - Loire Gourmande - une \u00e9tape savoureuse\" \/>\n<meta property=\"og:url\" content=\"https:\/\/www.loire-gourmande.fr\/de\/shop\/karte-der-loire-weine\/\" \/>\n<meta property=\"og:site_name\" content=\"Loire Gourmande - une \u00e9tape savoureuse\" \/>\n<meta property=\"article:publisher\" content=\"https:\/\/www.facebook.com\/Loire-Gourmande-Turquant-101991328328493\/\" \/>\n<meta property=\"article:modified_time\" content=\"2024-04-29T14:25:30+00:00\" \/>\n<meta name=\"twitter:card\" content=\"summary_large_image\" \/>\n<script type=\"application\/ld+json\" class=\"yoast-schema-graph\">{\"@context\":\"https:\\\/\\\/schema.org\",\"@graph\":[{\"@type\":\"WebPage\",\"@id\":\"https:\\\/\\\/www.loire-gourmande.fr\\\/de\\\/shop\\\/karte-der-loire-weine\\\/\",\"url\":\"https:\\\/\\\/www.loire-gourmande.fr\\\/de\\\/shop\\\/karte-der-loire-weine\\\/\",\"name\":\"Karte der Loire-Weine - Loire Gourmande - une \u00e9tape savoureuse\",\"isPartOf\":{\"@id\":\"https:\\\/\\\/www.loire-gourmande.fr\\\/de\\\/#website\"},\"datePublished\":\"2023-03-24T16:16:53+00:00\",\"dateModified\":\"2024-04-29T14:25:30+00:00\",\"breadcrumb\":{\"@id\":\"https:\\\/\\\/www.loire-gourmande.fr\\\/de\\\/shop\\\/karte-der-loire-weine\\\/#breadcrumb\"},\"inLanguage\":\"de\",\"potentialAction\":[{\"@type\":\"ReadAction\",\"target\":[\"https:\\\/\\\/www.loire-gourmande.fr\\\/de\\\/shop\\\/karte-der-loire-weine\\\/\"]}]},{\"@type\":\"BreadcrumbList\",\"@id\":\"https:\\\/\\\/www.loire-gourmande.fr\\\/de\\\/shop\\\/karte-der-loire-weine\\\/#breadcrumb\",\"itemListElement\":[{\"@type\":\"ListItem\",\"position\":1,\"name\":\"Startseite\",\"item\":\"https:\\\/\\\/www.loire-gourmande.fr\\\/de\\\/\"},{\"@type\":\"ListItem\",\"position\":2,\"name\":\"Shop\",\"item\":\"https:\\\/\\\/www.loire-gourmande.fr\\\/de\\\/shop\\\/\"},{\"@type\":\"ListItem\",\"position\":3,\"name\":\"Karte der Loire-Weine\"}]},{\"@type\":\"WebSite\",\"@id\":\"https:\\\/\\\/www.loire-gourmande.fr\\\/de\\\/#website\",\"url\":\"https:\\\/\\\/www.loire-gourmande.fr\\\/de\\\/\",\"name\":\"Loire Gourmande, une \u00e9tape savoureuse\",\"description\":\"une d\u00e9gustation \u00e0 toute heure et une boutique \u00e0 visiter \u00e0 Turquant (49)\",\"publisher\":{\"@id\":\"https:\\\/\\\/www.loire-gourmande.fr\\\/de\\\/#organization\"},\"potentialAction\":[{\"@type\":\"SearchAction\",\"target\":{\"@type\":\"EntryPoint\",\"urlTemplate\":\"https:\\\/\\\/www.loire-gourmande.fr\\\/de\\\/?s={search_term_string}\"},\"query-input\":{\"@type\":\"PropertyValueSpecification\",\"valueRequired\":true,\"valueName\":\"search_term_string\"}}],\"inLanguage\":\"de\"},{\"@type\":\"Organization\",\"@id\":\"https:\\\/\\\/www.loire-gourmande.fr\\\/de\\\/#organization\",\"name\":\"Loire Gourmande - Schnellrestaurant und Besuch in Turquant (49)\",\"url\":\"https:\\\/\\\/www.loire-gourmande.fr\\\/de\\\/\",\"logo\":{\"@type\":\"ImageObject\",\"inLanguage\":\"de\",\"@id\":\"https:\\\/\\\/www.loire-gourmande.fr\\\/de\\\/#\\\/schema\\\/logo\\\/image\\\/\",\"url\":\"https:\\\/\\\/www.loire-gourmande.fr\\\/wp-content\\\/uploads\\\/2020\\\/10\\\/loire-gourmande-logo.jpg\",\"contentUrl\":\"https:\\\/\\\/www.loire-gourmande.fr\\\/wp-content\\\/uploads\\\/2020\\\/10\\\/loire-gourmande-logo.jpg\",\"width\":800,\"height\":415,\"caption\":\"Loire Gourmande - Schnellrestaurant und Besuch in Turquant (49)\"},\"image\":{\"@id\":\"https:\\\/\\\/www.loire-gourmande.fr\\\/de\\\/#\\\/schema\\\/logo\\\/image\\\/\"},\"sameAs\":[\"https:\\\/\\\/www.facebook.com\\\/Loire-Gourmande-Turquant-101991328328493\\\/\",\"https:\\\/\\\/www.instagram.com\\\/jean_yves_auradon\\\/?igshid=1ta3mfjka326t\"]}]}<\/script>\n<!-- \/ Yoast SEO plugin. -->","yoast_head_json":{"title":"Karte der Loire-Weine - Loire Gourmande - une \u00e9tape savoureuse","robots":{"index":"index","follow":"follow","max-snippet":"max-snippet:-1","max-image-preview":"max-image-preview:large","max-video-preview":"max-video-preview:-1"},"canonical":"https:\/\/www.loire-gourmande.fr\/de\/shop\/karte-der-loire-weine\/","og_locale":"de_DE","og_type":"article","og_title":"Karte der Loire-Weine - Loire Gourmande - une \u00e9tape savoureuse","og_url":"https:\/\/www.loire-gourmande.fr\/de\/shop\/karte-der-loire-weine\/","og_site_name":"Loire Gourmande - une \u00e9tape savoureuse","article_publisher":"https:\/\/www.facebook.com\/Loire-Gourmande-Turquant-101991328328493\/","article_modified_time":"2024-04-29T14:25:30+00:00","twitter_card":"summary_large_image","schema":{"@context":"https:\/\/schema.org","@graph":[{"@type":"WebPage","@id":"https:\/\/www.loire-gourmande.fr\/de\/shop\/karte-der-loire-weine\/","url":"https:\/\/www.loire-gourmande.fr\/de\/shop\/karte-der-loire-weine\/","name":"Karte der Loire-Weine - Loire Gourmande - une \u00e9tape savoureuse","isPartOf":{"@id":"https:\/\/www.loire-gourmande.fr\/de\/#website"},"datePublished":"2023-03-24T16:16:53+00:00","dateModified":"2024-04-29T14:25:30+00:00","breadcrumb":{"@id":"https:\/\/www.loire-gourmande.fr\/de\/shop\/karte-der-loire-weine\/#breadcrumb"},"inLanguage":"de","potentialAction":[{"@type":"ReadAction","target":["https:\/\/www.loire-gourmande.fr\/de\/shop\/karte-der-loire-weine\/"]}]},{"@type":"BreadcrumbList","@id":"https:\/\/www.loire-gourmande.fr\/de\/shop\/karte-der-loire-weine\/#breadcrumb","itemListElement":[{"@type":"ListItem","position":1,"name":"Startseite","item":"https:\/\/www.loire-gourmande.fr\/de\/"},{"@type":"ListItem","position":2,"name":"Shop","item":"https:\/\/www.loire-gourmande.fr\/de\/shop\/"},{"@type":"ListItem","position":3,"name":"Karte der Loire-Weine"}]},{"@type":"WebSite","@id":"https:\/\/www.loire-gourmande.fr\/de\/#website","url":"https:\/\/www.loire-gourmande.fr\/de\/","name":"Loire Gourmande, une \u00e9tape savoureuse","description":"une d\u00e9gustation \u00e0 toute heure et une boutique \u00e0 visiter \u00e0 Turquant (49)","publisher":{"@id":"https:\/\/www.loire-gourmande.fr\/de\/#organization"},"potentialAction":[{"@type":"SearchAction","target":{"@type":"EntryPoint","urlTemplate":"https:\/\/www.loire-gourmande.fr\/de\/?s={search_term_string}"},"query-input":{"@type":"PropertyValueSpecification","valueRequired":true,"valueName":"search_term_string"}}],"inLanguage":"de"},{"@type":"Organization","@id":"https:\/\/www.loire-gourmande.fr\/de\/#organization","name":"Loire Gourmande - Schnellrestaurant und Besuch in Turquant (49)","url":"https:\/\/www.loire-gourmande.fr\/de\/","logo":{"@type":"ImageObject","inLanguage":"de","@id":"https:\/\/www.loire-gourmande.fr\/de\/#\/schema\/logo\/image\/","url":"https:\/\/www.loire-gourmande.fr\/wp-content\/uploads\/2020\/10\/loire-gourmande-logo.jpg","contentUrl":"https:\/\/www.loire-gourmande.fr\/wp-content\/uploads\/2020\/10\/loire-gourmande-logo.jpg","width":800,"height":415,"caption":"Loire Gourmande - Schnellrestaurant und Besuch in Turquant (49)"},"image":{"@id":"https:\/\/www.loire-gourmande.fr\/de\/#\/schema\/logo\/image\/"},"sameAs":["https:\/\/www.facebook.com\/Loire-Gourmande-Turquant-101991328328493\/","https:\/\/www.instagram.com\/jean_yves_auradon\/?igshid=1ta3mfjka326t"]}]}},"_links":{"self":[{"href":"https:\/\/www.loire-gourmande.fr\/de\/wp-json\/wp\/v2\/pages\/10616","targetHints":{"allow":["GET"]}}],"collection":[{"href":"https:\/\/www.loire-gourmande.fr\/de\/wp-json\/wp\/v2\/pages"}],"about":[{"href":"https:\/\/www.loire-gourmande.fr\/de\/wp-json\/wp\/v2\/types\/page"}],"author":[{"embeddable":true,"href":"https:\/\/www.loire-gourmande.fr\/de\/wp-json\/wp\/v2\/users\/1"}],"replies":[{"embeddable":true,"href":"https:\/\/www.loire-gourmande.fr\/de\/wp-json\/wp\/v2\/comments?post=10616"}],"version-history":[{"count":4,"href":"https:\/\/www.loire-gourmande.fr\/de\/wp-json\/wp\/v2\/pages\/10616\/revisions"}],"predecessor-version":[{"id":10654,"href":"https:\/\/www.loire-gourmande.fr\/de\/wp-json\/wp\/v2\/pages\/10616\/revisions\/10654"}],"up":[{"embeddable":true,"href":"https:\/\/www.loire-gourmande.fr\/de\/wp-json\/wp\/v2\/pages\/10606"}],"wp:attachment":[{"href":"https:\/\/www.loire-gourmande.fr\/de\/wp-json\/wp\/v2\/media?parent=10616"}],"curies":[{"name":"wp","href":"https:\/\/api.w.org\/{rel}","templated":true}]}}