{"id":10650,"date":"2020-06-12T19:42:42","date_gmt":"2020-06-12T19:42:42","guid":{"rendered":"https:\/\/www.loire-gourmande.fr\/restauration\/"},"modified":"2024-06-26T10:37:05","modified_gmt":"2024-06-26T09:37:05","slug":"restauration","status":"publish","type":"page","link":"https:\/\/www.loire-gourmande.fr\/de\/restauration\/","title":{"rendered":"Restauration"},"content":{"rendered":"\t\t<div data-elementor-type=\"wp-page\" data-elementor-id=\"10650\" class=\"elementor elementor-10650 elementor-24\" data-elementor-post-type=\"page\">\n\t\t\t\t\t\t<section class=\"elementor-section elementor-top-section elementor-element elementor-element-1534ace elementor-section-full_width elementor-section-stretched elementor-section-height-default elementor-section-height-default\" data-id=\"1534ace\" data-element_type=\"section\" data-e-type=\"section\" data-settings=\"{&quot;stretch_section&quot;:&quot;section-stretched&quot;}\">\n\t\t\t\t\t\t<div class=\"elementor-container elementor-column-gap-default\">\n\t\t\t\t\t<div class=\"elementor-column elementor-col-100 elementor-top-column elementor-element elementor-element-c0df435\" data-id=\"c0df435\" data-element_type=\"column\" data-e-type=\"column\">\n\t\t\t<div class=\"elementor-widget-wrap elementor-element-populated\">\n\t\t\t\t\t\t<div class=\"elementor-element elementor-element-5df4b51 elementor-widget elementor-widget-text-editor\" data-id=\"5df4b51\" data-element_type=\"widget\" data-e-type=\"widget\" data-widget_type=\"text-editor.default\">\n\t\t\t\t<div class=\"elementor-widget-container\">\n\t\t\t\t\t\t\t\t\t<p style=\"font-weight: 600; color: #808080;\">GENIESSEN SIE UNSERE SPEZIALIT\u00c4TEN AUS DER LOIRE<\/p>\n<p style=\"font-weight: 600;\">Oder als Snack zu jeder Tageszeit,<br \/>oder f\u00fcr Ihr Mittagessen, in Form von Planchas oder warmen Gerichten.<\/p>\n<p>Mit einem Glas Wein von der Loire&#8230; nat\u00fcrlich!<\/p>\n\t\t\t\t\t\t\t\t<\/div>\n\t\t\t\t<\/div>\n\t\t\t\t<div class=\"elementor-element elementor-element-82beffa elementor-widget elementor-widget-image\" data-id=\"82beffa\" data-element_type=\"widget\" data-e-type=\"widget\" data-widget_type=\"image.default\">\n\t\t\t\t<div class=\"elementor-widget-container\">\n\t\t\t\t\t\t\t\t\t\t\t\t\t\t\t<img fetchpriority=\"high\" decoding=\"async\" width=\"600\" height=\"311\" src=\"https:\/\/www.loire-gourmande.fr\/wp-content\/uploads\/2020\/10\/loire-gourmande-logo.png\" class=\"attachment-full size-full wp-image-1021\" alt=\"\" srcset=\"https:\/\/www.loire-gourmande.fr\/wp-content\/uploads\/2020\/10\/loire-gourmande-logo.png 600w, https:\/\/www.loire-gourmande.fr\/wp-content\/uploads\/2020\/10\/loire-gourmande-logo-300x156.png 300w\" sizes=\"(max-width: 600px) 100vw, 600px\" \/>\t\t\t\t\t\t\t\t\t\t\t\t\t\t\t<\/div>\n\t\t\t\t<\/div>\n\t\t\t\t\t<\/div>\n\t\t<\/div>\n\t\t\t\t\t<\/div>\n\t\t<\/section>\n\t\t\t\t<section class=\"elementor-section elementor-top-section elementor-element elementor-element-809e1b3 elementor-section-content-middle elementor-section-stretched elementor-section-boxed elementor-section-height-default elementor-section-height-default\" data-id=\"809e1b3\" data-element_type=\"section\" data-e-type=\"section\" data-settings=\"{&quot;stretch_section&quot;:&quot;section-stretched&quot;}\">\n\t\t\t\t\t\t<div class=\"elementor-container elementor-column-gap-no\">\n\t\t\t\t\t<div class=\"elementor-column elementor-col-100 elementor-top-column elementor-element elementor-element-90e4a92\" data-id=\"90e4a92\" data-element_type=\"column\" data-e-type=\"column\">\n\t\t\t<div class=\"elementor-widget-wrap elementor-element-populated\">\n\t\t\t\t\t\t<section class=\"elementor-section elementor-inner-section elementor-element elementor-element-bb804b5 elementor-section-full_width elementor-section-height-min-height elementor-section-height-default\" data-id=\"bb804b5\" data-element_type=\"section\" data-e-type=\"section\">\n\t\t\t\t\t\t<div class=\"elementor-container elementor-column-gap-no\">\n\t\t\t\t\t<div class=\"elementor-column elementor-col-50 elementor-inner-column elementor-element elementor-element-3c0e102\" data-id=\"3c0e102\" data-element_type=\"column\" data-e-type=\"column\">\n\t\t\t<div class=\"elementor-widget-wrap elementor-element-populated\">\n\t\t\t\t\t\t<div class=\"elementor-element elementor-element-b343206 elementor-position-top elementor-widget elementor-widget-image-box\" data-id=\"b343206\" data-element_type=\"widget\" data-e-type=\"widget\" data-widget_type=\"image-box.default\">\n\t\t\t\t<div class=\"elementor-widget-container\">\n\t\t\t\t\t<div class=\"elementor-image-box-wrapper\"><figure class=\"elementor-image-box-img\"><a href=\"https:\/\/www.loire-gourmande.fr\/de\/restauration\/geniessen-sie-zu-jeder-zeit\/\" tabindex=\"-1\"><img decoding=\"async\" width=\"920\" height=\"919\" src=\"https:\/\/www.loire-gourmande.fr\/wp-content\/uploads\/2020\/10\/encas.jpg\" class=\"elementor-animation-grow attachment-full size-full wp-image-984\" alt=\"\" srcset=\"https:\/\/www.loire-gourmande.fr\/wp-content\/uploads\/2020\/10\/encas.jpg 920w, https:\/\/www.loire-gourmande.fr\/wp-content\/uploads\/2020\/10\/encas-300x300.jpg 300w, https:\/\/www.loire-gourmande.fr\/wp-content\/uploads\/2020\/10\/encas-100x100.jpg 100w, https:\/\/www.loire-gourmande.fr\/wp-content\/uploads\/2020\/10\/encas-600x599.jpg 600w, https:\/\/www.loire-gourmande.fr\/wp-content\/uploads\/2020\/10\/encas-150x150.jpg 150w, https:\/\/www.loire-gourmande.fr\/wp-content\/uploads\/2020\/10\/encas-768x767.jpg 768w\" sizes=\"(max-width: 920px) 100vw, 920px\" \/><\/a><\/figure><div class=\"elementor-image-box-content\"><h3 class=\"elementor-image-box-title\"><a href=\"https:\/\/www.loire-gourmande.fr\/de\/restauration\/geniessen-sie-zu-jeder-zeit\/\">GENIESSEN SIE ZU JEDER ZEIT<\/a><\/h3><p class=\"elementor-image-box-description\">Im Juli und August begr\u00fc\u00dfen wir Sie<br>\nSamstagabend mit Freunden!<br>\nDas 4-Uhr-Special: Unsere Desserts zum Genie\u00dfen!<\/p><\/div><\/div>\t\t\t\t<\/div>\n\t\t\t\t<\/div>\n\t\t\t\t\t<\/div>\n\t\t<\/div>\n\t\t\t\t<div class=\"elementor-column elementor-col-50 elementor-inner-column elementor-element elementor-element-414e7f9\" data-id=\"414e7f9\" data-element_type=\"column\" data-e-type=\"column\">\n\t\t\t<div class=\"elementor-widget-wrap elementor-element-populated\">\n\t\t\t\t\t\t<div class=\"elementor-element elementor-element-5539614 elementor-position-top elementor-widget elementor-widget-image-box\" data-id=\"5539614\" data-element_type=\"widget\" data-e-type=\"widget\" data-widget_type=\"image-box.default\">\n\t\t\t\t<div class=\"elementor-widget-container\">\n\t\t\t\t\t<div class=\"elementor-image-box-wrapper\"><figure class=\"elementor-image-box-img\"><a href=\"https:\/\/www.loire-gourmande.fr\/?page_id=8445\" tabindex=\"-1\"><img decoding=\"async\" width=\"919\" height=\"919\" src=\"https:\/\/www.loire-gourmande.fr\/wp-content\/uploads\/2020\/10\/resto-terroir.jpg\" class=\"elementor-animation-grow attachment-full size-full wp-image-983\" alt=\"\" srcset=\"https:\/\/www.loire-gourmande.fr\/wp-content\/uploads\/2020\/10\/resto-terroir.jpg 919w, https:\/\/www.loire-gourmande.fr\/wp-content\/uploads\/2020\/10\/resto-terroir-300x300.jpg 300w, https:\/\/www.loire-gourmande.fr\/wp-content\/uploads\/2020\/10\/resto-terroir-100x100.jpg 100w, https:\/\/www.loire-gourmande.fr\/wp-content\/uploads\/2020\/10\/resto-terroir-600x600.jpg 600w, https:\/\/www.loire-gourmande.fr\/wp-content\/uploads\/2020\/10\/resto-terroir-150x150.jpg 150w, https:\/\/www.loire-gourmande.fr\/wp-content\/uploads\/2020\/10\/resto-terroir-768x768.jpg 768w\" sizes=\"(max-width: 919px) 100vw, 919px\" \/><\/a><\/figure><div class=\"elementor-image-box-content\"><h3 class=\"elementor-image-box-title\"><a href=\"https:\/\/www.loire-gourmande.fr\/?page_id=8445\">RESTO TERROIR<\/a><\/h3><p class=\"elementor-image-box-description\">Wir bieten Ihnen den ganzen Tag \u00fcber  <br>  und je nach Jahreszeit regionale Gerichte, die Sie mit anderen teilen k\u00f6nnen.<br>\nSehen Sie sich hier unsere Men\u00fcs an...<\/p><\/div><\/div>\t\t\t\t<\/div>\n\t\t\t\t<\/div>\n\t\t\t\t\t<\/div>\n\t\t<\/div>\n\t\t\t\t\t<\/div>\n\t\t<\/section>\n\t\t\t\t\t<\/div>\n\t\t<\/div>\n\t\t\t\t\t<\/div>\n\t\t<\/section>\n\t\t\t\t<\/div>\n\t\t","protected":false},"excerpt":{"rendered":"<p>GENIESSEN SIE UNSERE SPEZIALIT\u00c4TEN AUS DER LOIRE Oder als Snack zu jeder Tageszeit,oder f\u00fcr Ihr [&hellip;]<\/p>\n","protected":false},"author":1,"featured_media":0,"parent":0,"menu_order":11,"comment_status":"open","ping_status":"closed","template":"","meta":{"inline_featured_image":false,"footnotes":""},"class_list":["post-10650","page","type-page","status-publish","hentry"],"yoast_head":"<!-- This site is optimized with the Yoast SEO plugin v27.5 - https:\/\/yoast.com\/product\/yoast-seo-wordpress\/ -->\n<title>Restauration - Loire Gourmande - une \u00e9tape savoureuse<\/title>\n<meta name=\"description\" content=\"Loire Gourmande: Das Restaurant in Turquant, das rund um die Uhr ge\u00f6ffnet ist, bietet Ihnen alle Spezialit\u00e4ten der Loire in der Plancha- oder Tapas-Version, als Kostprobe oder zum Mittagessen mit Blick auf das Loire-Tal. Die Kombination von Speisen und Loire-Weinen mit Desserts, lokalen und biologischen K\u00e4se- und Wurstsorten von unseren Handwerkern und Z\u00fcchtern. Saumur Champigny oder Saumur Blanc von unseren Winzern aus Turquantois, mit Pilzterrinen und pommes tap\u00e9es. Die Verrines mit Hecht, Aal und vielem mehr mit einem exzellenten, gut gek\u00fchlten Muscadet. Teilen Sie mit Freunden oder der Familie Momente des Vergn\u00fcgens, wobei die Geschmacksnerven und die Sinneswahrnehmungen im Vordergrund stehen.\" \/>\n<meta name=\"robots\" content=\"index, follow, max-snippet:-1, max-image-preview:large, max-video-preview:-1\" \/>\n<link rel=\"canonical\" href=\"https:\/\/www.loire-gourmande.fr\/de\/restauration\/\" \/>\n<meta property=\"og:locale\" content=\"de_DE\" \/>\n<meta property=\"og:type\" content=\"article\" \/>\n<meta property=\"og:title\" content=\"Restauration - Loire Gourmande - une \u00e9tape savoureuse\" \/>\n<meta property=\"og:description\" content=\"Loire Gourmande: Das Restaurant in Turquant, das rund um die Uhr ge\u00f6ffnet ist, bietet Ihnen alle Spezialit\u00e4ten der Loire in der Plancha- oder Tapas-Version, als Kostprobe oder zum Mittagessen mit Blick auf das Loire-Tal. Die Kombination von Speisen und Loire-Weinen mit Desserts, lokalen und biologischen K\u00e4se- und Wurstsorten von unseren Handwerkern und Z\u00fcchtern. Saumur Champigny oder Saumur Blanc von unseren Winzern aus Turquantois, mit Pilzterrinen und pommes tap\u00e9es. Die Verrines mit Hecht, Aal und vielem mehr mit einem exzellenten, gut gek\u00fchlten Muscadet. Teilen Sie mit Freunden oder der Familie Momente des Vergn\u00fcgens, wobei die Geschmacksnerven und die Sinneswahrnehmungen im Vordergrund stehen.\" \/>\n<meta property=\"og:url\" content=\"https:\/\/www.loire-gourmande.fr\/de\/restauration\/\" \/>\n<meta property=\"og:site_name\" content=\"Loire Gourmande - une \u00e9tape savoureuse\" \/>\n<meta property=\"article:publisher\" content=\"https:\/\/www.facebook.com\/Loire-Gourmande-Turquant-101991328328493\/\" \/>\n<meta property=\"article:modified_time\" content=\"2024-06-26T09:37:05+00:00\" \/>\n<meta property=\"og:image\" content=\"https:\/\/www.loire-gourmande.fr\/wp-content\/uploads\/2020\/10\/loire-gourmande-logo.png\" \/>\n<meta name=\"twitter:card\" content=\"summary_large_image\" \/>\n<script type=\"application\/ld+json\" class=\"yoast-schema-graph\">{\"@context\":\"https:\\\/\\\/schema.org\",\"@graph\":[{\"@type\":\"WebPage\",\"@id\":\"https:\\\/\\\/www.loire-gourmande.fr\\\/de\\\/restauration\\\/\",\"url\":\"https:\\\/\\\/www.loire-gourmande.fr\\\/de\\\/restauration\\\/\",\"name\":\"Restauration - Loire Gourmande - une \u00e9tape savoureuse\",\"isPartOf\":{\"@id\":\"https:\\\/\\\/www.loire-gourmande.fr\\\/de\\\/#website\"},\"primaryImageOfPage\":{\"@id\":\"https:\\\/\\\/www.loire-gourmande.fr\\\/de\\\/restauration\\\/#primaryimage\"},\"image\":{\"@id\":\"https:\\\/\\\/www.loire-gourmande.fr\\\/de\\\/restauration\\\/#primaryimage\"},\"thumbnailUrl\":\"https:\\\/\\\/www.loire-gourmande.fr\\\/wp-content\\\/uploads\\\/2020\\\/10\\\/loire-gourmande-logo.png\",\"datePublished\":\"2020-06-12T19:42:42+00:00\",\"dateModified\":\"2024-06-26T09:37:05+00:00\",\"description\":\"Loire Gourmande: Das Restaurant in Turquant, das rund um die Uhr ge\u00f6ffnet ist, bietet Ihnen alle Spezialit\u00e4ten der Loire in der Plancha- oder Tapas-Version, als Kostprobe oder zum Mittagessen mit Blick auf das Loire-Tal. Die Kombination von Speisen und Loire-Weinen mit Desserts, lokalen und biologischen K\u00e4se- und Wurstsorten von unseren Handwerkern und Z\u00fcchtern. Saumur Champigny oder Saumur Blanc von unseren Winzern aus Turquantois, mit Pilzterrinen und pommes tap\u00e9es. Die Verrines mit Hecht, Aal und vielem mehr mit einem exzellenten, gut gek\u00fchlten Muscadet. Teilen Sie mit Freunden oder der Familie Momente des Vergn\u00fcgens, wobei die Geschmacksnerven und die Sinneswahrnehmungen im Vordergrund stehen.\",\"breadcrumb\":{\"@id\":\"https:\\\/\\\/www.loire-gourmande.fr\\\/de\\\/restauration\\\/#breadcrumb\"},\"inLanguage\":\"de\",\"potentialAction\":[{\"@type\":\"ReadAction\",\"target\":[\"https:\\\/\\\/www.loire-gourmande.fr\\\/de\\\/restauration\\\/\"]}]},{\"@type\":\"ImageObject\",\"inLanguage\":\"de\",\"@id\":\"https:\\\/\\\/www.loire-gourmande.fr\\\/de\\\/restauration\\\/#primaryimage\",\"url\":\"https:\\\/\\\/www.loire-gourmande.fr\\\/wp-content\\\/uploads\\\/2020\\\/10\\\/loire-gourmande-logo.png\",\"contentUrl\":\"https:\\\/\\\/www.loire-gourmande.fr\\\/wp-content\\\/uploads\\\/2020\\\/10\\\/loire-gourmande-logo.png\"},{\"@type\":\"BreadcrumbList\",\"@id\":\"https:\\\/\\\/www.loire-gourmande.fr\\\/de\\\/restauration\\\/#breadcrumb\",\"itemListElement\":[{\"@type\":\"ListItem\",\"position\":1,\"name\":\"Startseite\",\"item\":\"https:\\\/\\\/www.loire-gourmande.fr\\\/de\\\/\"},{\"@type\":\"ListItem\",\"position\":2,\"name\":\"Restauration\"}]},{\"@type\":\"WebSite\",\"@id\":\"https:\\\/\\\/www.loire-gourmande.fr\\\/de\\\/#website\",\"url\":\"https:\\\/\\\/www.loire-gourmande.fr\\\/de\\\/\",\"name\":\"Loire Gourmande, une \u00e9tape savoureuse\",\"description\":\"une d\u00e9gustation \u00e0 toute heure et une boutique \u00e0 visiter \u00e0 Turquant (49)\",\"publisher\":{\"@id\":\"https:\\\/\\\/www.loire-gourmande.fr\\\/de\\\/#organization\"},\"potentialAction\":[{\"@type\":\"SearchAction\",\"target\":{\"@type\":\"EntryPoint\",\"urlTemplate\":\"https:\\\/\\\/www.loire-gourmande.fr\\\/de\\\/?s={search_term_string}\"},\"query-input\":{\"@type\":\"PropertyValueSpecification\",\"valueRequired\":true,\"valueName\":\"search_term_string\"}}],\"inLanguage\":\"de\"},{\"@type\":\"Organization\",\"@id\":\"https:\\\/\\\/www.loire-gourmande.fr\\\/de\\\/#organization\",\"name\":\"Loire Gourmande - Schnellrestaurant und Besuch in Turquant (49)\",\"url\":\"https:\\\/\\\/www.loire-gourmande.fr\\\/de\\\/\",\"logo\":{\"@type\":\"ImageObject\",\"inLanguage\":\"de\",\"@id\":\"https:\\\/\\\/www.loire-gourmande.fr\\\/de\\\/#\\\/schema\\\/logo\\\/image\\\/\",\"url\":\"https:\\\/\\\/www.loire-gourmande.fr\\\/wp-content\\\/uploads\\\/2020\\\/10\\\/loire-gourmande-logo.jpg\",\"contentUrl\":\"https:\\\/\\\/www.loire-gourmande.fr\\\/wp-content\\\/uploads\\\/2020\\\/10\\\/loire-gourmande-logo.jpg\",\"width\":800,\"height\":415,\"caption\":\"Loire Gourmande - Schnellrestaurant und Besuch in Turquant (49)\"},\"image\":{\"@id\":\"https:\\\/\\\/www.loire-gourmande.fr\\\/de\\\/#\\\/schema\\\/logo\\\/image\\\/\"},\"sameAs\":[\"https:\\\/\\\/www.facebook.com\\\/Loire-Gourmande-Turquant-101991328328493\\\/\",\"https:\\\/\\\/www.instagram.com\\\/jean_yves_auradon\\\/?igshid=1ta3mfjka326t\"]}]}<\/script>\n<!-- \/ Yoast SEO plugin. -->","yoast_head_json":{"title":"Restauration - Loire Gourmande - une \u00e9tape savoureuse","description":"Loire Gourmande: Das Restaurant in Turquant, das rund um die Uhr ge\u00f6ffnet ist, bietet Ihnen alle Spezialit\u00e4ten der Loire in der Plancha- oder Tapas-Version, als Kostprobe oder zum Mittagessen mit Blick auf das Loire-Tal. Die Kombination von Speisen und Loire-Weinen mit Desserts, lokalen und biologischen K\u00e4se- und Wurstsorten von unseren Handwerkern und Z\u00fcchtern. Saumur Champigny oder Saumur Blanc von unseren Winzern aus Turquantois, mit Pilzterrinen und pommes tap\u00e9es. Die Verrines mit Hecht, Aal und vielem mehr mit einem exzellenten, gut gek\u00fchlten Muscadet. Teilen Sie mit Freunden oder der Familie Momente des Vergn\u00fcgens, wobei die Geschmacksnerven und die Sinneswahrnehmungen im Vordergrund stehen.","robots":{"index":"index","follow":"follow","max-snippet":"max-snippet:-1","max-image-preview":"max-image-preview:large","max-video-preview":"max-video-preview:-1"},"canonical":"https:\/\/www.loire-gourmande.fr\/de\/restauration\/","og_locale":"de_DE","og_type":"article","og_title":"Restauration - Loire Gourmande - une \u00e9tape savoureuse","og_description":"Loire Gourmande: Das Restaurant in Turquant, das rund um die Uhr ge\u00f6ffnet ist, bietet Ihnen alle Spezialit\u00e4ten der Loire in der Plancha- oder Tapas-Version, als Kostprobe oder zum Mittagessen mit Blick auf das Loire-Tal. Die Kombination von Speisen und Loire-Weinen mit Desserts, lokalen und biologischen K\u00e4se- und Wurstsorten von unseren Handwerkern und Z\u00fcchtern. Saumur Champigny oder Saumur Blanc von unseren Winzern aus Turquantois, mit Pilzterrinen und pommes tap\u00e9es. Die Verrines mit Hecht, Aal und vielem mehr mit einem exzellenten, gut gek\u00fchlten Muscadet. Teilen Sie mit Freunden oder der Familie Momente des Vergn\u00fcgens, wobei die Geschmacksnerven und die Sinneswahrnehmungen im Vordergrund stehen.","og_url":"https:\/\/www.loire-gourmande.fr\/de\/restauration\/","og_site_name":"Loire Gourmande - une \u00e9tape savoureuse","article_publisher":"https:\/\/www.facebook.com\/Loire-Gourmande-Turquant-101991328328493\/","article_modified_time":"2024-06-26T09:37:05+00:00","og_image":[{"url":"https:\/\/www.loire-gourmande.fr\/wp-content\/uploads\/2020\/10\/loire-gourmande-logo.png","type":"","width":"","height":""}],"twitter_card":"summary_large_image","schema":{"@context":"https:\/\/schema.org","@graph":[{"@type":"WebPage","@id":"https:\/\/www.loire-gourmande.fr\/de\/restauration\/","url":"https:\/\/www.loire-gourmande.fr\/de\/restauration\/","name":"Restauration - Loire Gourmande - une \u00e9tape savoureuse","isPartOf":{"@id":"https:\/\/www.loire-gourmande.fr\/de\/#website"},"primaryImageOfPage":{"@id":"https:\/\/www.loire-gourmande.fr\/de\/restauration\/#primaryimage"},"image":{"@id":"https:\/\/www.loire-gourmande.fr\/de\/restauration\/#primaryimage"},"thumbnailUrl":"https:\/\/www.loire-gourmande.fr\/wp-content\/uploads\/2020\/10\/loire-gourmande-logo.png","datePublished":"2020-06-12T19:42:42+00:00","dateModified":"2024-06-26T09:37:05+00:00","description":"Loire Gourmande: Das Restaurant in Turquant, das rund um die Uhr ge\u00f6ffnet ist, bietet Ihnen alle Spezialit\u00e4ten der Loire in der Plancha- oder Tapas-Version, als Kostprobe oder zum Mittagessen mit Blick auf das Loire-Tal. Die Kombination von Speisen und Loire-Weinen mit Desserts, lokalen und biologischen K\u00e4se- und Wurstsorten von unseren Handwerkern und Z\u00fcchtern. Saumur Champigny oder Saumur Blanc von unseren Winzern aus Turquantois, mit Pilzterrinen und pommes tap\u00e9es. Die Verrines mit Hecht, Aal und vielem mehr mit einem exzellenten, gut gek\u00fchlten Muscadet. Teilen Sie mit Freunden oder der Familie Momente des Vergn\u00fcgens, wobei die Geschmacksnerven und die Sinneswahrnehmungen im Vordergrund stehen.","breadcrumb":{"@id":"https:\/\/www.loire-gourmande.fr\/de\/restauration\/#breadcrumb"},"inLanguage":"de","potentialAction":[{"@type":"ReadAction","target":["https:\/\/www.loire-gourmande.fr\/de\/restauration\/"]}]},{"@type":"ImageObject","inLanguage":"de","@id":"https:\/\/www.loire-gourmande.fr\/de\/restauration\/#primaryimage","url":"https:\/\/www.loire-gourmande.fr\/wp-content\/uploads\/2020\/10\/loire-gourmande-logo.png","contentUrl":"https:\/\/www.loire-gourmande.fr\/wp-content\/uploads\/2020\/10\/loire-gourmande-logo.png"},{"@type":"BreadcrumbList","@id":"https:\/\/www.loire-gourmande.fr\/de\/restauration\/#breadcrumb","itemListElement":[{"@type":"ListItem","position":1,"name":"Startseite","item":"https:\/\/www.loire-gourmande.fr\/de\/"},{"@type":"ListItem","position":2,"name":"Restauration"}]},{"@type":"WebSite","@id":"https:\/\/www.loire-gourmande.fr\/de\/#website","url":"https:\/\/www.loire-gourmande.fr\/de\/","name":"Loire Gourmande, une \u00e9tape savoureuse","description":"une d\u00e9gustation \u00e0 toute heure et une boutique \u00e0 visiter \u00e0 Turquant (49)","publisher":{"@id":"https:\/\/www.loire-gourmande.fr\/de\/#organization"},"potentialAction":[{"@type":"SearchAction","target":{"@type":"EntryPoint","urlTemplate":"https:\/\/www.loire-gourmande.fr\/de\/?s={search_term_string}"},"query-input":{"@type":"PropertyValueSpecification","valueRequired":true,"valueName":"search_term_string"}}],"inLanguage":"de"},{"@type":"Organization","@id":"https:\/\/www.loire-gourmande.fr\/de\/#organization","name":"Loire Gourmande - Schnellrestaurant und Besuch in Turquant (49)","url":"https:\/\/www.loire-gourmande.fr\/de\/","logo":{"@type":"ImageObject","inLanguage":"de","@id":"https:\/\/www.loire-gourmande.fr\/de\/#\/schema\/logo\/image\/","url":"https:\/\/www.loire-gourmande.fr\/wp-content\/uploads\/2020\/10\/loire-gourmande-logo.jpg","contentUrl":"https:\/\/www.loire-gourmande.fr\/wp-content\/uploads\/2020\/10\/loire-gourmande-logo.jpg","width":800,"height":415,"caption":"Loire Gourmande - Schnellrestaurant und Besuch in Turquant (49)"},"image":{"@id":"https:\/\/www.loire-gourmande.fr\/de\/#\/schema\/logo\/image\/"},"sameAs":["https:\/\/www.facebook.com\/Loire-Gourmande-Turquant-101991328328493\/","https:\/\/www.instagram.com\/jean_yves_auradon\/?igshid=1ta3mfjka326t"]}]}},"_links":{"self":[{"href":"https:\/\/www.loire-gourmande.fr\/de\/wp-json\/wp\/v2\/pages\/10650","targetHints":{"allow":["GET"]}}],"collection":[{"href":"https:\/\/www.loire-gourmande.fr\/de\/wp-json\/wp\/v2\/pages"}],"about":[{"href":"https:\/\/www.loire-gourmande.fr\/de\/wp-json\/wp\/v2\/types\/page"}],"author":[{"embeddable":true,"href":"https:\/\/www.loire-gourmande.fr\/de\/wp-json\/wp\/v2\/users\/1"}],"replies":[{"embeddable":true,"href":"https:\/\/www.loire-gourmande.fr\/de\/wp-json\/wp\/v2\/comments?post=10650"}],"version-history":[{"count":4,"href":"https:\/\/www.loire-gourmande.fr\/de\/wp-json\/wp\/v2\/pages\/10650\/revisions"}],"predecessor-version":[{"id":10693,"href":"https:\/\/www.loire-gourmande.fr\/de\/wp-json\/wp\/v2\/pages\/10650\/revisions\/10693"}],"wp:attachment":[{"href":"https:\/\/www.loire-gourmande.fr\/de\/wp-json\/wp\/v2\/media?parent=10650"}],"curies":[{"name":"wp","href":"https:\/\/api.w.org\/{rel}","templated":true}]}}