{"id":10695,"date":"2023-04-21T10:37:31","date_gmt":"2023-04-21T09:37:31","guid":{"rendered":"https:\/\/www.loire-gourmande.fr\/datenschutzzentrum\/rechtliche-hinweise\/"},"modified":"2026-02-12T16:13:36","modified_gmt":"2026-02-12T15:13:36","slug":"rechtliche-hinweise","status":"publish","type":"page","link":"https:\/\/www.loire-gourmande.fr\/de\/datenschutzzentrum\/rechtliche-hinweise\/","title":{"rendered":"Rechtliche Hinweise"},"content":{"rendered":"\t\t<div data-elementor-type=\"wp-page\" data-elementor-id=\"10695\" class=\"elementor elementor-10695 elementor-6439\" data-elementor-post-type=\"page\">\n\t\t\t\t\t\t<section class=\"elementor-section elementor-top-section elementor-element elementor-element-7c8a88d elementor-section-height-min-height elementor-section-boxed elementor-section-height-default elementor-section-items-middle\" data-id=\"7c8a88d\" data-element_type=\"section\" data-e-type=\"section\">\n\t\t\t\t\t\t<div class=\"elementor-container elementor-column-gap-default\">\n\t\t\t\t\t<div class=\"elementor-column elementor-col-100 elementor-top-column elementor-element elementor-element-b26eeb1\" data-id=\"b26eeb1\" data-element_type=\"column\" data-e-type=\"column\">\n\t\t\t<div class=\"elementor-widget-wrap elementor-element-populated\">\n\t\t\t\t\t\t<div class=\"elementor-element elementor-element-4d61750 elementor-widget elementor-widget-heading\" data-id=\"4d61750\" data-element_type=\"widget\" data-e-type=\"widget\" data-widget_type=\"heading.default\">\n\t\t\t\t<div class=\"elementor-widget-container\">\n\t\t\t\t\t<h1 class=\"elementor-heading-title elementor-size-xl\"><i class=\"far fa-file-alt\" aria-hidden=\"true\" style=\"font-size: 2rem;vertical-align: 15%\"><\/i>  Rechtliche Hinweise<\/h1>\t\t\t\t<\/div>\n\t\t\t\t<\/div>\n\t\t\t\t<div class=\"elementor-element elementor-element-834c12f elementor-widget elementor-widget-text-editor\" data-id=\"834c12f\" data-element_type=\"widget\" data-e-type=\"widget\" data-widget_type=\"text-editor.default\">\n\t\t\t\t<div class=\"elementor-widget-container\">\n\t\t\t\t\t\t\t\t\t<p class=\"rgpd-text\" style=\"margin-bottom: 0;\"><a href=\"https:\/\/www.loire-gourmande.fr\/de\/datenschutzzentrum\/\"><i class=\"fa fa-long-arrow-left\" aria-hidden=\"true\"><\/i>zur\u00fcck zum Datenschutzzentrum<\/a><\/p>\t\t\t\t\t\t\t\t<\/div>\n\t\t\t\t<\/div>\n\t\t\t\t<div class=\"elementor-element elementor-element-c9ab320 elementor-widget elementor-widget-text-editor\" data-id=\"c9ab320\" data-element_type=\"widget\" data-e-type=\"widget\" data-widget_type=\"text-editor.default\">\n\t\t\t\t<div class=\"elementor-widget-container\">\n\t\t\t\t\t\t\t\t\t<h2 style=\"margin: 0;\">1. Vorstellung der Website :<\/h2><hr style=\"height: 0.1rem; color: #7a7a7a; background-color: #7a7a7a; width: 100%; border: none;\">\t\t\t\t\t\t\t\t<\/div>\n\t\t\t\t<\/div>\n\t\t\t\t<div class=\"elementor-element elementor-element-a2d70fd elementor-widget elementor-widget-text-editor\" data-id=\"a2d70fd\" data-element_type=\"widget\" data-e-type=\"widget\" data-widget_type=\"text-editor.default\">\n\t\t\t\t<div class=\"elementor-widget-container\">\n\t\t\t\t\t\t\t\t\t<p>Gem\u00e4\u00df den Bestimmungen der Artikel 6-III und 19 des Gesetzes Nr. 2004-575 vom 21. Juni 2004 \u00fcber das Vertrauen in die digitale Wirtschaft, bekannt als L.C.E.N., informieren wir Nutzer und Besucher der Seite: <a href=\"https:\/\/www.loire-gourmande.fr\/de\/\">loire-gourmande.fr<\/a> folgende Informationen:<\/p><p><span style=\"font-weight: 600;\">Rechtliche Informationen:<\/span><br>Eigent\u00fcmerstatus: Unternehmen<br>Name: Loire Gourmande<br>Adresse: 17 rue du Ch\u00e2teau Gaillard &#8211; 49730 Turquant<br>Telefon: 06 77 23 57 90<br>E-Mail-Adresse: accueil@loire-gourmande.fr<\/p><p>Der Publikationsleiter ist: Jean-Yves Auradon<br>Kontaktieren Sie die f\u00fcr die Ver\u00f6ffentlichung zust\u00e4ndige Person: <a href=\"mailto:accueil@loire-gourmande.fr\"><span style=\"font-family: Arlon, Arial, 'Helvetica Neue', Helvetica, sans-serif;\">accueil@loire-gourmande.fr<\/span><\/a><br>Die f\u00fcr die Ver\u00f6ffentlichung verantwortliche Person ist eine juristische Person<\/p><p>Der Ersteller der Website und der Webdesigner ist: <br><strong>AZ Kommunikation<\/strong><br>3, La Chauvini\u00e8re<br>44330 La Chapelle-Heulin \u2013 Frankreich<br><a style=\"color: inherit; font-weight: 600;\" href=\"https:\/\/www.azcommunication.fr\/\">www.azcommunication.fr<br><\/a>Der Web Desiger ist: Alain Arraitz<br>Kontaktieren Sie den Webdesigner: <a href=\"mailto:alain.arraitz@azcommunication.fr\">alain.arraitz@azcommunication.fr<\/a><\/p><p>Der Website-Host: Graphicom SARL<br>2, ZA les Houssais \u2013 44830 Brains \u2013 Frankreich<br>Kontaktieren Sie den Gastgeber: <a href=\"mailto:christian@graphicom.tm.fr\">christian@graphicom.tm.fr<\/a><\/p>\t\t\t\t\t\t\t\t<\/div>\n\t\t\t\t<\/div>\n\t\t\t\t<div class=\"elementor-element elementor-element-d94ec36 elementor-widget elementor-widget-text-editor\" data-id=\"d94ec36\" data-element_type=\"widget\" data-e-type=\"widget\" data-widget_type=\"text-editor.default\">\n\t\t\t\t<div class=\"elementor-widget-container\">\n\t\t\t\t\t\t\t\t\t<h2 style=\"margin: 0;\">2. Beschreibung der erbrachten Dienstleistungen :<\/h2><hr style=\"height: 0.1rem; color: #7a7a7a; background-color: #7a7a7a; width: 100%; border: none;\">\t\t\t\t\t\t\t\t<\/div>\n\t\t\t\t<\/div>\n\t\t\t\t<div class=\"elementor-element elementor-element-9a87bbc elementor-widget elementor-widget-text-editor\" data-id=\"9a87bbc\" data-element_type=\"widget\" data-e-type=\"widget\" data-widget_type=\"text-editor.default\">\n\t\t\t\t<div class=\"elementor-widget-container\">\n\t\t\t\t\t\t\t\t\t<p>Der Zweck <a href=\"https:\/\/www.loire-gourmande.fr\/de\/\">der loire-gourmande.fr<\/a> Website ist es, Informationen \u00fcber alle Aktivit\u00e4ten des Unternehmens bereitzustellen.<br>Der Betreiber der Seite bem\u00fcht sich, auf der <a href=\"https:\/\/www.loire-gourmande.fr\/de\/\">Seite loire-gourmande.fr<\/a> Informationen so genau wie m\u00f6glich bereitzustellen.<br>Es kann jedoch nicht f\u00fcr Auslassungen, Ungenauigkeiten und M\u00e4ngel bei der Aktualisierung verantwortlich gemacht werden, sei es daraufhin oder durch die Drittanbieter, die diese Informationen bereitstellen.<br>Alle auf der <a href=\"https:\/\/www.loire-gourmande.fr\/de\/\">loire-gourmande.fr<\/a> Website bereitgestellten Informationen dienen nur Informationszwecken, sind nicht vollst\u00e4ndig und k\u00f6nnen sich \u00e4ndern. Sie gelten vorbehaltlich aller \u00c4nderungen, die seit ihrer Ver\u00f6ffentlichung vorgenommen wurden.<\/p>\t\t\t\t\t\t\t\t<\/div>\n\t\t\t\t<\/div>\n\t\t\t\t<div class=\"elementor-element elementor-element-17de76a elementor-widget elementor-widget-text-editor\" data-id=\"17de76a\" data-element_type=\"widget\" data-e-type=\"widget\" data-widget_type=\"text-editor.default\">\n\t\t\t\t<div class=\"elementor-widget-container\">\n\t\t\t\t\t\t\t\t\t<h2 style=\"margin: 0;\">3. Geistiges Eigentum und F\u00e4lschungen :<\/h2><hr style=\"height: 0.1rem; color: #7a7a7a; background-color: #7a7a7a; width: 100%; border: none;\">\t\t\t\t\t\t\t\t<\/div>\n\t\t\t\t<\/div>\n\t\t\t\t<div class=\"elementor-element elementor-element-c229d09 elementor-widget elementor-widget-text-editor\" data-id=\"c229d09\" data-element_type=\"widget\" data-e-type=\"widget\" data-widget_type=\"text-editor.default\">\n\t\t\t\t<div class=\"elementor-widget-container\">\n\t\t\t\t\t\t\t\t\t<p>Der Eigent\u00fcmer der Seite ist der Inhaber der geistigen Eigentumsrechte oder besitzt die Nutzungsrechte an allen auf der <a href=\"https:\/\/www.loire-gourmande.fr\/de\/\">loire-gourmande.fr<\/a> Seite zug\u00e4nglichen Elementen, insbesondere Texten, Bildern, Grafiken, Logos, Symbolen, Sounds, Software usw.<br>Jede Vervielf\u00e4ltigung, Darstellung, \u00c4nderung, Ver\u00f6ffentlichung, vollst\u00e4ndige oder teilweise Anpassung der Elemente der Seite, unabh\u00e4ngig vom verwendeten Mittel oder Verfahren, ist verboten, au\u00dfer mit vorheriger schriftlicher Genehmigung per E-Mail: <a href=\"mailto:accueil@loire-gourmande.fr\">accueil@loire-gourmande.fr<\/a> .<br>Jede unbefugte Nutzung der Seite oder der enthaltenen Elemente wird als Verletzung betrachtet und gem\u00e4\u00df den Bestimmungen der Artikel L.335-2 ff. des Intellectual Property Code strafrechtlich verfolgt.<\/p>\t\t\t\t\t\t\t\t<\/div>\n\t\t\t\t<\/div>\n\t\t\t\t<div class=\"elementor-element elementor-element-5e49fd1 elementor-widget elementor-widget-text-editor\" data-id=\"5e49fd1\" data-element_type=\"widget\" data-e-type=\"widget\" data-widget_type=\"text-editor.default\">\n\t\t\t\t<div class=\"elementor-widget-container\">\n\t\t\t\t\t\t\t\t\t<h2>4. Hyperlinks und Cookies :<\/h2><hr style=\"height: 0.1rem; color: #7a7a7a; background-color: #7a7a7a; width: 100%; border: none;\">\t\t\t\t\t\t\t\t<\/div>\n\t\t\t\t<\/div>\n\t\t\t\t<div class=\"elementor-element elementor-element-0668dd3 elementor-widget elementor-widget-text-editor\" data-id=\"0668dd3\" data-element_type=\"widget\" data-e-type=\"widget\" data-widget_type=\"text-editor.default\">\n\t\t\t\t<div class=\"elementor-widget-container\">\n\t\t\t\t\t\t\t\t\t<p>Die <a href=\"https:\/\/www.loire-gourmande.fr\/de\/\">loire-gourmande.fr<\/a> Seite enth\u00e4lt eine bestimmte Anzahl von Hypertext-Links zu anderen Seiten (Partner, Informationen usw.), die mit Genehmigung des Seitenbetreibers eingerichtet wurden. <br>Der Website-Besitzer hat jedoch nicht die M\u00f6glichkeit, die Inhalte der besuchten Webseiten auf diese Weise zu \u00fcberpr\u00fcfen, und lehnt daher jegliche Verantwortung f\u00fcr m\u00f6gliche Risiken illegaler Inhalte ab.<\/p><p>Der Nutzer wird dar\u00fcber informiert, dass w\u00e4hrend seiner Besuche auf der <a href=\"https:\/\/www.loire-gourmande.fr\/de\/\">loire-gourmande.fr<\/a> Seite wahrscheinlich automatisch ein oder mehrere Cookies auf seinem Computer installiert werden. Ein Cookie ist eine kleine Datei, die den Nutzer nicht identifiziert, aber Informationen \u00fcber die Navigation eines Computers auf einer Website speichert. Die auf diese Weise gewonnenen Daten sollen die anschlie\u00dfende Navigation auf der Seite erleichtern und zudem verschiedene Traffic- oder Zielgruppenmessungen erm\u00f6glichen.<\/p><p>Die Konfiguration der Browser-Software erm\u00f6glicht es Ihnen, Sie \u00fcber das Vorhandensein von Cookies zu informieren und m\u00f6glicherweise in der an der folgenden Adresse beschriebenen Weise abzulehnen: <a style=\"color: grey; font-weight: 600; text-decoration: underline;\" href=\"https:\/\/www.cnil.fr\" target=\"_blank\" rel=\"noopener\">www.cnil.fr<\/a><br>Die Weigerung, ein Cookie zu installieren, kann dazu f\u00fchren, dass der Zugriff auf bestimmte Dienste unm\u00f6glich ist. Der Benutzer kann seinen Computer jedoch wie folgt konfigurieren, um die Installation von Cookies zu verweigern:<br>Unter Internet Explorer: Werkzeug-Tab \/ Internet-Optionen.  Klicken Sie auf Datenschutz und w\u00e4hlen Sie Alle Cookies blockieren. Best\u00e4tigen auf OK.<br>In Netscape: Tab Bearbeiten \/ Einstellungen. Klicken Sie auf Erweitert und w\u00e4hlen Sie Cookies deaktivieren. Best\u00e4tigen Sie mit Ok.<\/p>\t\t\t\t\t\t\t\t<\/div>\n\t\t\t\t<\/div>\n\t\t\t\t<div class=\"elementor-element elementor-element-6406d47 elementor-widget elementor-widget-text-editor\" data-id=\"6406d47\" data-element_type=\"widget\" data-e-type=\"widget\" data-widget_type=\"text-editor.default\">\n\t\t\t\t<div class=\"elementor-widget-container\">\n\t\t\t\t\t\t\t\t\t<h2>5. Schutz von Eigentum und Personen &#8211; Umgang mit pers\u00f6nlichen Daten :<\/h2><hr style=\"height: 0.1rem; color: #7a7a7a; background-color: #7a7a7a; width: 100%; border: none;\">\t\t\t\t\t\t\t\t<\/div>\n\t\t\t\t<\/div>\n\t\t\t\t<div class=\"elementor-element elementor-element-34aa1ca elementor-widget elementor-widget-text-editor\" data-id=\"34aa1ca\" data-element_type=\"widget\" data-e-type=\"widget\" data-widget_type=\"text-editor.default\">\n\t\t\t\t<div class=\"elementor-widget-container\">\n\t\t\t\t\t\t\t\t\t<p>Benutzer: Internetnutzer, der sich mit der oben genannten Seite verbindet und nutzt: <a href=\"https:\/\/www.loire-gourmande.fr\/de\/\">loire-gourmande.fr<\/a> <br>In Frankreich sind personenbezogene Daten durch das Gesetz Nr. 78-87 vom 6. Januar 1978, das Gesetz Nr. 2004-801 vom 6. August 2004, Artikel L. 226-13 des Strafgesetzbuches und die europ\u00e4ische Richtlinie vom 24. Oktober 1995 gesch\u00fctzt.<\/p><p>Auf der <a href=\"https:\/\/www.loire-gourmande.fr\/de\/\">loire-gourmande.fr<\/a> Seite sammelt der Seitenbetreiber pers\u00f6nliche Informationen \u00fcber den Nutzer nur f\u00fcr bestimmte von der <a href=\"https:\/\/www.loire-gourmande.fr\/de\/\">loire-gourmande.fr<\/a> Seite angebotene Dienstleistungen. Der Nutzer stellt diese Informationen in voller Kenntnis der Sachlage zur Verf\u00fcgung, insbesondere wenn er sie selbst eingibt. Anschlie\u00dfend wird dem Nutzer der Seite klargegeben loire-gourmande.fr ob er verpflichtet ist <a href=\"https:\/\/www.loire-gourmande.fr\/de\/\">,<\/a> diese Informationen bereitzustellen.<br>Gem\u00e4\u00df den Bestimmungen der Artikel 38 ff. des Gesetzes 78-17 vom 6. Januar 1978 zu Informationstechnologie, Akten und Freiheiten haben alle Nutzer das Recht, personenbezogene Daten \u00fcber sie abzurufen, zu korrigieren, zu l\u00f6schen und zu widersprechen. Um dieses Recht auszu\u00fcben, senden Sie Ihre Anfrage per E-Mail an <a href=\"https:\/\/www.loire-gourmande.fr\/de\/\">loire-gourmande.fr<\/a> oder stellen Sie eine schriftliche und unterschriebene Anfrage, begleitet von einer Kopie des Identit\u00e4tsdokuments mit der Unterschrift des Dokumentinhabers, in der die Adresse angegeben ist, an die die Antwort gesendet werden muss. <\/p><p>Keine pers\u00f6nlichen Informationen des <a href=\"https:\/\/www.loire-gourmande.fr\/de\/\">Nutzers der loire-gourmande.fr<\/a> Seite werden ohne dessen Wissen ver\u00f6ffentlicht, noch auf irgendeinem Medium an Dritte ausgetauscht, \u00fcbertragen, zugewiesen oder verkauft. Nur im Falle des Kaufs der Seite <a href=\"https:\/\/www.loire-gourmande.fr\/de\/\">w\u00fcrde loire-gourmande.fr<\/a> an den Eigent\u00fcmer der Seite und deren Rechte die \u00dcbertragung dieser Informationen an den sp\u00e4teren K\u00e4ufer erlauben, der wiederum an dieselbe Verpflichtung gebunden w\u00e4re, die Daten gegen\u00fcber dem Nutzer der Seite zu behalten und zu ver\u00e4ndern <a href=\"https:\/\/www.loire-gourmande.fr\/de\/\">loire-gourmande.fr<\/a> <\/p><p>Die <a style=\"color: inherit; font-weight: 600;\" href=\"https:\/\/www.loire-gourmande.fr\/de\/\">www.loire-gourmande.fr<\/a> Seite entspricht der DSGVO. Siehe unsere DSGVO-Richtlinie: <a href=\"https:\/\/www.loire-gourmande.fr\/de\/datenschutzzentrum\/\" data-wpel-link=\"internal\">https:\/\/www.loire-gourmande.fr\/index.php\/politique-de-confidentialite\/<\/a><\/p><p>Die Datenbanken sind durch die Bestimmungen des Gesetzes vom<sup>1<\/sup>. Juli 1998 zur Umsetzung der Richtlinie 96\/9 vom 11. M\u00e4rz 1996 \u00fcber den rechtlichen Schutz von Datenbanken gesch\u00fctzt.<\/p>\t\t\t\t\t\t\t\t<\/div>\n\t\t\t\t<\/div>\n\t\t\t\t\t<\/div>\n\t\t<\/div>\n\t\t\t\t\t<\/div>\n\t\t<\/section>\n\t\t\t\t<\/div>\n\t\t","protected":false},"excerpt":{"rendered":"<p>Rechtliche Hinweise zur\u00fcck zum Datenschutzzentrum 1. Vorstellung der Website : Gem\u00e4\u00df den Bestimmungen der Artikel [&hellip;]<\/p>\n","protected":false},"author":1,"featured_media":0,"parent":10625,"menu_order":3,"comment_status":"open","ping_status":"closed","template":"","meta":{"inline_featured_image":false,"footnotes":""},"class_list":["post-10695","page","type-page","status-publish","hentry"],"yoast_head":"<!-- This site is optimized with the Yoast SEO plugin v27.5 - https:\/\/yoast.com\/product\/yoast-seo-wordpress\/ -->\n<title>Rechtliche Hinweise - Loire Gourmande - une \u00e9tape savoureuse<\/title>\n<meta name=\"robots\" content=\"index, follow, max-snippet:-1, max-image-preview:large, max-video-preview:-1\" \/>\n<link rel=\"canonical\" href=\"https:\/\/www.loire-gourmande.fr\/de\/datenschutzzentrum\/rechtliche-hinweise\/\" \/>\n<meta property=\"og:locale\" content=\"de_DE\" \/>\n<meta property=\"og:type\" content=\"article\" \/>\n<meta property=\"og:title\" content=\"Rechtliche Hinweise - Loire Gourmande - une \u00e9tape savoureuse\" \/>\n<meta property=\"og:description\" content=\"Rechtliche Hinweise zur\u00fcck zum Datenschutzzentrum 1. Vorstellung der Website : Gem\u00e4\u00df den Bestimmungen der Artikel [&hellip;]\" \/>\n<meta property=\"og:url\" content=\"https:\/\/www.loire-gourmande.fr\/de\/datenschutzzentrum\/rechtliche-hinweise\/\" \/>\n<meta property=\"og:site_name\" content=\"Loire Gourmande - une \u00e9tape savoureuse\" \/>\n<meta property=\"article:publisher\" content=\"https:\/\/www.facebook.com\/Loire-Gourmande-Turquant-101991328328493\/\" \/>\n<meta property=\"article:modified_time\" content=\"2026-02-12T15:13:36+00:00\" \/>\n<meta name=\"twitter:card\" content=\"summary_large_image\" \/>\n<meta name=\"twitter:label1\" content=\"Gesch\u00e4tzte Lesezeit\" \/>\n\t<meta name=\"twitter:data1\" content=\"4\u00a0Minuten\" \/>\n<script type=\"application\/ld+json\" class=\"yoast-schema-graph\">{\"@context\":\"https:\\\/\\\/schema.org\",\"@graph\":[{\"@type\":\"WebPage\",\"@id\":\"https:\\\/\\\/www.loire-gourmande.fr\\\/de\\\/datenschutzzentrum\\\/rechtliche-hinweise\\\/\",\"url\":\"https:\\\/\\\/www.loire-gourmande.fr\\\/de\\\/datenschutzzentrum\\\/rechtliche-hinweise\\\/\",\"name\":\"Rechtliche Hinweise - Loire Gourmande - une \u00e9tape savoureuse\",\"isPartOf\":{\"@id\":\"https:\\\/\\\/www.loire-gourmande.fr\\\/de\\\/#website\"},\"datePublished\":\"2023-04-21T09:37:31+00:00\",\"dateModified\":\"2026-02-12T15:13:36+00:00\",\"breadcrumb\":{\"@id\":\"https:\\\/\\\/www.loire-gourmande.fr\\\/de\\\/datenschutzzentrum\\\/rechtliche-hinweise\\\/#breadcrumb\"},\"inLanguage\":\"de\",\"potentialAction\":[{\"@type\":\"ReadAction\",\"target\":[\"https:\\\/\\\/www.loire-gourmande.fr\\\/de\\\/datenschutzzentrum\\\/rechtliche-hinweise\\\/\"]}]},{\"@type\":\"BreadcrumbList\",\"@id\":\"https:\\\/\\\/www.loire-gourmande.fr\\\/de\\\/datenschutzzentrum\\\/rechtliche-hinweise\\\/#breadcrumb\",\"itemListElement\":[{\"@type\":\"ListItem\",\"position\":1,\"name\":\"Startseite\",\"item\":\"https:\\\/\\\/www.loire-gourmande.fr\\\/de\\\/\"},{\"@type\":\"ListItem\",\"position\":2,\"name\":\"Datenschutzzentrum\",\"item\":\"https:\\\/\\\/www.loire-gourmande.fr\\\/de\\\/politique-de-confidentialite\\\/\"},{\"@type\":\"ListItem\",\"position\":3,\"name\":\"Rechtliche Hinweise\"}]},{\"@type\":\"WebSite\",\"@id\":\"https:\\\/\\\/www.loire-gourmande.fr\\\/de\\\/#website\",\"url\":\"https:\\\/\\\/www.loire-gourmande.fr\\\/de\\\/\",\"name\":\"Loire Gourmande, une \u00e9tape savoureuse\",\"description\":\"une d\u00e9gustation \u00e0 toute heure et une boutique \u00e0 visiter \u00e0 Turquant (49)\",\"publisher\":{\"@id\":\"https:\\\/\\\/www.loire-gourmande.fr\\\/de\\\/#organization\"},\"potentialAction\":[{\"@type\":\"SearchAction\",\"target\":{\"@type\":\"EntryPoint\",\"urlTemplate\":\"https:\\\/\\\/www.loire-gourmande.fr\\\/de\\\/?s={search_term_string}\"},\"query-input\":{\"@type\":\"PropertyValueSpecification\",\"valueRequired\":true,\"valueName\":\"search_term_string\"}}],\"inLanguage\":\"de\"},{\"@type\":\"Organization\",\"@id\":\"https:\\\/\\\/www.loire-gourmande.fr\\\/de\\\/#organization\",\"name\":\"Loire Gourmande - Schnellrestaurant und Besuch in Turquant (49)\",\"url\":\"https:\\\/\\\/www.loire-gourmande.fr\\\/de\\\/\",\"logo\":{\"@type\":\"ImageObject\",\"inLanguage\":\"de\",\"@id\":\"https:\\\/\\\/www.loire-gourmande.fr\\\/de\\\/#\\\/schema\\\/logo\\\/image\\\/\",\"url\":\"https:\\\/\\\/www.loire-gourmande.fr\\\/wp-content\\\/uploads\\\/2020\\\/10\\\/loire-gourmande-logo.jpg\",\"contentUrl\":\"https:\\\/\\\/www.loire-gourmande.fr\\\/wp-content\\\/uploads\\\/2020\\\/10\\\/loire-gourmande-logo.jpg\",\"width\":800,\"height\":415,\"caption\":\"Loire Gourmande - Schnellrestaurant und Besuch in Turquant (49)\"},\"image\":{\"@id\":\"https:\\\/\\\/www.loire-gourmande.fr\\\/de\\\/#\\\/schema\\\/logo\\\/image\\\/\"},\"sameAs\":[\"https:\\\/\\\/www.facebook.com\\\/Loire-Gourmande-Turquant-101991328328493\\\/\",\"https:\\\/\\\/www.instagram.com\\\/jean_yves_auradon\\\/?igshid=1ta3mfjka326t\"]}]}<\/script>\n<!-- \/ Yoast SEO plugin. -->","yoast_head_json":{"title":"Rechtliche Hinweise - Loire Gourmande - une \u00e9tape savoureuse","robots":{"index":"index","follow":"follow","max-snippet":"max-snippet:-1","max-image-preview":"max-image-preview:large","max-video-preview":"max-video-preview:-1"},"canonical":"https:\/\/www.loire-gourmande.fr\/de\/datenschutzzentrum\/rechtliche-hinweise\/","og_locale":"de_DE","og_type":"article","og_title":"Rechtliche Hinweise - Loire Gourmande - une \u00e9tape savoureuse","og_description":"Rechtliche Hinweise zur\u00fcck zum Datenschutzzentrum 1. Vorstellung der Website : Gem\u00e4\u00df den Bestimmungen der Artikel [&hellip;]","og_url":"https:\/\/www.loire-gourmande.fr\/de\/datenschutzzentrum\/rechtliche-hinweise\/","og_site_name":"Loire Gourmande - une \u00e9tape savoureuse","article_publisher":"https:\/\/www.facebook.com\/Loire-Gourmande-Turquant-101991328328493\/","article_modified_time":"2026-02-12T15:13:36+00:00","twitter_card":"summary_large_image","twitter_misc":{"Gesch\u00e4tzte Lesezeit":"4\u00a0Minuten"},"schema":{"@context":"https:\/\/schema.org","@graph":[{"@type":"WebPage","@id":"https:\/\/www.loire-gourmande.fr\/de\/datenschutzzentrum\/rechtliche-hinweise\/","url":"https:\/\/www.loire-gourmande.fr\/de\/datenschutzzentrum\/rechtliche-hinweise\/","name":"Rechtliche Hinweise - Loire Gourmande - une \u00e9tape savoureuse","isPartOf":{"@id":"https:\/\/www.loire-gourmande.fr\/de\/#website"},"datePublished":"2023-04-21T09:37:31+00:00","dateModified":"2026-02-12T15:13:36+00:00","breadcrumb":{"@id":"https:\/\/www.loire-gourmande.fr\/de\/datenschutzzentrum\/rechtliche-hinweise\/#breadcrumb"},"inLanguage":"de","potentialAction":[{"@type":"ReadAction","target":["https:\/\/www.loire-gourmande.fr\/de\/datenschutzzentrum\/rechtliche-hinweise\/"]}]},{"@type":"BreadcrumbList","@id":"https:\/\/www.loire-gourmande.fr\/de\/datenschutzzentrum\/rechtliche-hinweise\/#breadcrumb","itemListElement":[{"@type":"ListItem","position":1,"name":"Startseite","item":"https:\/\/www.loire-gourmande.fr\/de\/"},{"@type":"ListItem","position":2,"name":"Datenschutzzentrum","item":"https:\/\/www.loire-gourmande.fr\/de\/politique-de-confidentialite\/"},{"@type":"ListItem","position":3,"name":"Rechtliche Hinweise"}]},{"@type":"WebSite","@id":"https:\/\/www.loire-gourmande.fr\/de\/#website","url":"https:\/\/www.loire-gourmande.fr\/de\/","name":"Loire Gourmande, une \u00e9tape savoureuse","description":"une d\u00e9gustation \u00e0 toute heure et une boutique \u00e0 visiter \u00e0 Turquant (49)","publisher":{"@id":"https:\/\/www.loire-gourmande.fr\/de\/#organization"},"potentialAction":[{"@type":"SearchAction","target":{"@type":"EntryPoint","urlTemplate":"https:\/\/www.loire-gourmande.fr\/de\/?s={search_term_string}"},"query-input":{"@type":"PropertyValueSpecification","valueRequired":true,"valueName":"search_term_string"}}],"inLanguage":"de"},{"@type":"Organization","@id":"https:\/\/www.loire-gourmande.fr\/de\/#organization","name":"Loire Gourmande - Schnellrestaurant und Besuch in Turquant (49)","url":"https:\/\/www.loire-gourmande.fr\/de\/","logo":{"@type":"ImageObject","inLanguage":"de","@id":"https:\/\/www.loire-gourmande.fr\/de\/#\/schema\/logo\/image\/","url":"https:\/\/www.loire-gourmande.fr\/wp-content\/uploads\/2020\/10\/loire-gourmande-logo.jpg","contentUrl":"https:\/\/www.loire-gourmande.fr\/wp-content\/uploads\/2020\/10\/loire-gourmande-logo.jpg","width":800,"height":415,"caption":"Loire Gourmande - Schnellrestaurant und Besuch in Turquant (49)"},"image":{"@id":"https:\/\/www.loire-gourmande.fr\/de\/#\/schema\/logo\/image\/"},"sameAs":["https:\/\/www.facebook.com\/Loire-Gourmande-Turquant-101991328328493\/","https:\/\/www.instagram.com\/jean_yves_auradon\/?igshid=1ta3mfjka326t"]}]}},"_links":{"self":[{"href":"https:\/\/www.loire-gourmande.fr\/de\/wp-json\/wp\/v2\/pages\/10695","targetHints":{"allow":["GET"]}}],"collection":[{"href":"https:\/\/www.loire-gourmande.fr\/de\/wp-json\/wp\/v2\/pages"}],"about":[{"href":"https:\/\/www.loire-gourmande.fr\/de\/wp-json\/wp\/v2\/types\/page"}],"author":[{"embeddable":true,"href":"https:\/\/www.loire-gourmande.fr\/de\/wp-json\/wp\/v2\/users\/1"}],"replies":[{"embeddable":true,"href":"https:\/\/www.loire-gourmande.fr\/de\/wp-json\/wp\/v2\/comments?post=10695"}],"version-history":[{"count":5,"href":"https:\/\/www.loire-gourmande.fr\/de\/wp-json\/wp\/v2\/pages\/10695\/revisions"}],"predecessor-version":[{"id":14618,"href":"https:\/\/www.loire-gourmande.fr\/de\/wp-json\/wp\/v2\/pages\/10695\/revisions\/14618"}],"up":[{"embeddable":true,"href":"https:\/\/www.loire-gourmande.fr\/de\/wp-json\/wp\/v2\/pages\/10625"}],"wp:attachment":[{"href":"https:\/\/www.loire-gourmande.fr\/de\/wp-json\/wp\/v2\/media?parent=10695"}],"curies":[{"name":"wp","href":"https:\/\/api.w.org\/{rel}","templated":true}]}}