{"id":10706,"date":"2023-04-21T10:37:42","date_gmt":"2023-04-21T10:37:42","guid":{"rendered":"https:\/\/www.loire-gourmande.fr\/datenschutzzentrum\/cookie-richtlinie\/"},"modified":"2024-04-29T14:25:46","modified_gmt":"2024-04-29T14:25:46","slug":"cookie-richtlinie","status":"publish","type":"page","link":"https:\/\/www.loire-gourmande.fr\/de\/datenschutzzentrum\/cookie-richtlinie\/","title":{"rendered":"Cookie-Richtlinie"},"content":{"rendered":"\t\t<div data-elementor-type=\"wp-page\" data-elementor-id=\"10706\" class=\"elementor elementor-10706 elementor-6435\" data-elementor-post-type=\"page\">\n\t\t\t\t\t\t<section class=\"elementor-section elementor-top-section elementor-element elementor-element-ed53f88 elementor-section-height-min-height elementor-section-boxed elementor-section-height-default elementor-section-items-middle\" data-id=\"ed53f88\" data-element_type=\"section\" data-e-type=\"section\">\n\t\t\t\t\t\t<div class=\"elementor-container elementor-column-gap-default\">\n\t\t\t\t\t<div class=\"elementor-column elementor-col-100 elementor-top-column elementor-element elementor-element-4807e17\" data-id=\"4807e17\" data-element_type=\"column\" data-e-type=\"column\">\n\t\t\t<div class=\"elementor-widget-wrap elementor-element-populated\">\n\t\t\t\t\t\t<div class=\"elementor-element elementor-element-d29b20e elementor-widget elementor-widget-heading\" data-id=\"d29b20e\" data-element_type=\"widget\" data-e-type=\"widget\" data-widget_type=\"heading.default\">\n\t\t\t\t<div class=\"elementor-widget-container\">\n\t\t\t\t\t<h1 class=\"elementor-heading-title elementor-size-xl\"><i class=\"fa fa-list-ul fa\" aria-hidden=\"true\" style=\"font-size: 2rem;vertical-align: 5%\"><\/i>  Cookie-Richtlinie<\/h1>\t\t\t\t<\/div>\n\t\t\t\t<\/div>\n\t\t\t\t<div class=\"elementor-element elementor-element-3f33db4 elementor-widget elementor-widget-text-editor\" data-id=\"3f33db4\" data-element_type=\"widget\" data-e-type=\"widget\" data-widget_type=\"text-editor.default\">\n\t\t\t\t<div class=\"elementor-widget-container\">\n\t\t\t\t\t\t\t\t\t<p class=\"rgpd-text\" style=\"margin-bottom: 0;\"><a href=\"https:\/\/www.loire-gourmande.fr\/de\/?page_id=10625\"><i class=\"fa fa-long-arrow-left\" aria-hidden=\"true\"><\/i>zur\u00fcck zum Datenschutzzentrum<\/a><\/p>\n\t\t\t\t\t\t\t\t<\/div>\n\t\t\t\t<\/div>\n\t\t\t\t<div class=\"elementor-element elementor-element-0fe995c elementor-widget elementor-widget-text-editor\" data-id=\"0fe995c\" data-element_type=\"widget\" data-e-type=\"widget\" data-widget_type=\"text-editor.default\">\n\t\t\t\t<div class=\"elementor-widget-container\">\n\t\t\t\t\t\t\t\t\t<p>Ein &#8222;Cookie&#8220; ist eine kleine Datei (weniger als 4 kb), die von der Website auf der Festplatte des Nutzers gespeichert wird und Informationen \u00fcber die Surfgewohnheiten des Nutzers enth\u00e4lt.<\/p>\n<p>Diese Dateien erm\u00f6glichen es ihr, Statistiken und Verkehrsinformationen zu verarbeiten, die Navigation zu erleichtern und den Service f\u00fcr den Komfort des Nutzers zu verbessern.<\/p>\n<p>F\u00fcr die Verwendung von &#8222;Cookie&#8220;-Dateien, die die Speicherung und Analyse von pers\u00f6nlichen Daten beinhalten, wird die Zustimmung des Nutzers eingeholt.<\/p>\n<p>Diese Zustimmung des Nutzers wird f\u00fcr einen Zeitraum von maximal 13 (dreizehn) Monaten als g\u00fcltig angesehen. Nach Ablauf dieses Zeitraums wird die Website den Nutzer erneut um Erlaubnis bitten, &#8222;Cookies&#8220; auf seiner Festplatte zu speichern.<\/p>\n<p style=\"font-weight: 600;\">a. Widerspruch des Nutzers gegen die Verwendung von &#8222;Cookies&#8220; durch die Website<\/p>\n<p>Der Nutzer wird darauf hingewiesen, dass er die Speicherung dieser &#8222;Cookie&#8220;-Dateien durch Konfiguration seiner Browser-Software verhindern kann.<\/p>\n<p>Zu Informationszwecken kann der Nutzer unter den folgenden Adressen nachlesen, wie er seine Browser-Software so konfigurieren kann, dass sie die Speicherung von &#8222;Cookies&#8220; ablehnt:<\/p>\n<ul>\n<li><span style=\"font-weight: 600;\">Chrom: https: <\/span>\/\/support.google.com\/accounts\/answer\/61416?hl=fr<\/li>\n<li><span style=\"font-weight: 600;\">Firefox:<\/span>:\/\/support.mozilla.org\/de\/kb\/enable-and-disable-cookies-website-preferences<\/li>\n<li><span style=\"font-weight: 600;\">Safari: http:<\/span> \/\/www.apple.com\/legal\/privacy\/fr-ww\/<\/li>\n<li><span style=\"font-weight: 600;\">Internet Explorer: https:<\/span> \/\/support.microsoft.com\/fr-fr\/help\/17442\/windows-internet-explorer-delete-manage-cookies<\/li>\n<li><span style=\"font-weight: 600;\">Opera: http:<\/span> \/\/www.opera.com\/help\/tutorials\/security\/cookies\/<\/li>\n<\/ul>\n<p>Wenn der Nutzer sich entscheidet, die &#8222;Cookies&#8220; zu deaktivieren, kann er seine Navigation auf der Website fortsetzen. Eine durch diese Manipulation verursachte Fehlfunktion der Website kann jedoch nicht als vom Herausgeber der Website verursacht angesehen werden.<\/p>\n<p style=\"font-weight: 600;\">b. Beschreibung der von der Website verwendeten &#8222;Cookie&#8220;-Dateien<\/p>\n<p>Der Herausgeber der Website weist den Nutzer darauf hin, dass die folgenden Cookies w\u00e4hrend der Navigation verwendet werden:<\/p>\n<p><\/p>\n<p><\/p>\n<ul>\n<li><span style=\"font-weight: 600;\">Google analytics:<\/span> Verwaltung von Daten f\u00fcr statistische Zwecke (optional)<\/li>\n<li><span style=\"font-weight: 600;\">WordPress:<\/span> Funktionsweise der Website (erforderlich)<\/li>\n<\/ul>\t\t\t\t\t\t\t\t<\/div>\n\t\t\t\t<\/div>\n\t\t\t\t\t<\/div>\n\t\t<\/div>\n\t\t\t\t\t<\/div>\n\t\t<\/section>\n\t\t\t\t<\/div>\n\t\t","protected":false},"excerpt":{"rendered":"<p>Cookie-Richtlinie zur\u00fcck zum Datenschutzzentrum Ein &#8222;Cookie&#8220; ist eine kleine Datei (weniger als 4 kb), die [&hellip;]<\/p>\n","protected":false},"author":1,"featured_media":0,"parent":10625,"menu_order":1,"comment_status":"open","ping_status":"closed","template":"","meta":{"inline_featured_image":false,"footnotes":""},"class_list":["post-10706","page","type-page","status-publish","hentry"],"yoast_head":"<!-- This site is optimized with the Yoast SEO plugin v27.5 - https:\/\/yoast.com\/product\/yoast-seo-wordpress\/ -->\n<title>Cookie-Richtlinie - Loire Gourmande - une \u00e9tape savoureuse<\/title>\n<meta name=\"robots\" content=\"index, follow, max-snippet:-1, max-image-preview:large, max-video-preview:-1\" \/>\n<link rel=\"canonical\" href=\"https:\/\/www.loire-gourmande.fr\/de\/datenschutzzentrum\/cookie-richtlinie\/\" \/>\n<meta property=\"og:locale\" content=\"de_DE\" \/>\n<meta property=\"og:type\" content=\"article\" \/>\n<meta property=\"og:title\" content=\"Cookie-Richtlinie - Loire Gourmande - une \u00e9tape savoureuse\" \/>\n<meta property=\"og:description\" content=\"Cookie-Richtlinie zur\u00fcck zum Datenschutzzentrum Ein &#8222;Cookie&#8220; ist eine kleine Datei (weniger als 4 kb), die [&hellip;]\" \/>\n<meta property=\"og:url\" content=\"https:\/\/www.loire-gourmande.fr\/de\/datenschutzzentrum\/cookie-richtlinie\/\" \/>\n<meta property=\"og:site_name\" content=\"Loire Gourmande - une \u00e9tape savoureuse\" \/>\n<meta property=\"article:publisher\" content=\"https:\/\/www.facebook.com\/Loire-Gourmande-Turquant-101991328328493\/\" \/>\n<meta property=\"article:modified_time\" content=\"2024-04-29T14:25:46+00:00\" \/>\n<meta name=\"twitter:card\" content=\"summary_large_image\" \/>\n<meta name=\"twitter:label1\" content=\"Gesch\u00e4tzte Lesezeit\" \/>\n\t<meta name=\"twitter:data1\" content=\"1\u00a0Minute\" \/>\n<script type=\"application\/ld+json\" class=\"yoast-schema-graph\">{\"@context\":\"https:\\\/\\\/schema.org\",\"@graph\":[{\"@type\":\"WebPage\",\"@id\":\"https:\\\/\\\/www.loire-gourmande.fr\\\/de\\\/datenschutzzentrum\\\/cookie-richtlinie\\\/\",\"url\":\"https:\\\/\\\/www.loire-gourmande.fr\\\/de\\\/datenschutzzentrum\\\/cookie-richtlinie\\\/\",\"name\":\"Cookie-Richtlinie - Loire Gourmande - une \u00e9tape savoureuse\",\"isPartOf\":{\"@id\":\"https:\\\/\\\/www.loire-gourmande.fr\\\/de\\\/#website\"},\"datePublished\":\"2023-04-21T10:37:42+00:00\",\"dateModified\":\"2024-04-29T14:25:46+00:00\",\"breadcrumb\":{\"@id\":\"https:\\\/\\\/www.loire-gourmande.fr\\\/de\\\/datenschutzzentrum\\\/cookie-richtlinie\\\/#breadcrumb\"},\"inLanguage\":\"de\",\"potentialAction\":[{\"@type\":\"ReadAction\",\"target\":[\"https:\\\/\\\/www.loire-gourmande.fr\\\/de\\\/datenschutzzentrum\\\/cookie-richtlinie\\\/\"]}]},{\"@type\":\"BreadcrumbList\",\"@id\":\"https:\\\/\\\/www.loire-gourmande.fr\\\/de\\\/datenschutzzentrum\\\/cookie-richtlinie\\\/#breadcrumb\",\"itemListElement\":[{\"@type\":\"ListItem\",\"position\":1,\"name\":\"Startseite\",\"item\":\"https:\\\/\\\/www.loire-gourmande.fr\\\/de\\\/\"},{\"@type\":\"ListItem\",\"position\":2,\"name\":\"Datenschutzzentrum\",\"item\":\"https:\\\/\\\/www.loire-gourmande.fr\\\/de\\\/politique-de-confidentialite\\\/\"},{\"@type\":\"ListItem\",\"position\":3,\"name\":\"Cookie-Richtlinie\"}]},{\"@type\":\"WebSite\",\"@id\":\"https:\\\/\\\/www.loire-gourmande.fr\\\/de\\\/#website\",\"url\":\"https:\\\/\\\/www.loire-gourmande.fr\\\/de\\\/\",\"name\":\"Loire Gourmande, une \u00e9tape savoureuse\",\"description\":\"une d\u00e9gustation \u00e0 toute heure et une boutique \u00e0 visiter \u00e0 Turquant (49)\",\"publisher\":{\"@id\":\"https:\\\/\\\/www.loire-gourmande.fr\\\/de\\\/#organization\"},\"potentialAction\":[{\"@type\":\"SearchAction\",\"target\":{\"@type\":\"EntryPoint\",\"urlTemplate\":\"https:\\\/\\\/www.loire-gourmande.fr\\\/de\\\/?s={search_term_string}\"},\"query-input\":{\"@type\":\"PropertyValueSpecification\",\"valueRequired\":true,\"valueName\":\"search_term_string\"}}],\"inLanguage\":\"de\"},{\"@type\":\"Organization\",\"@id\":\"https:\\\/\\\/www.loire-gourmande.fr\\\/de\\\/#organization\",\"name\":\"Loire Gourmande - Schnellrestaurant und Besuch in Turquant (49)\",\"url\":\"https:\\\/\\\/www.loire-gourmande.fr\\\/de\\\/\",\"logo\":{\"@type\":\"ImageObject\",\"inLanguage\":\"de\",\"@id\":\"https:\\\/\\\/www.loire-gourmande.fr\\\/de\\\/#\\\/schema\\\/logo\\\/image\\\/\",\"url\":\"https:\\\/\\\/www.loire-gourmande.fr\\\/wp-content\\\/uploads\\\/2020\\\/10\\\/loire-gourmande-logo.jpg\",\"contentUrl\":\"https:\\\/\\\/www.loire-gourmande.fr\\\/wp-content\\\/uploads\\\/2020\\\/10\\\/loire-gourmande-logo.jpg\",\"width\":800,\"height\":415,\"caption\":\"Loire Gourmande - Schnellrestaurant und Besuch in Turquant (49)\"},\"image\":{\"@id\":\"https:\\\/\\\/www.loire-gourmande.fr\\\/de\\\/#\\\/schema\\\/logo\\\/image\\\/\"},\"sameAs\":[\"https:\\\/\\\/www.facebook.com\\\/Loire-Gourmande-Turquant-101991328328493\\\/\",\"https:\\\/\\\/www.instagram.com\\\/jean_yves_auradon\\\/?igshid=1ta3mfjka326t\"]}]}<\/script>\n<!-- \/ Yoast SEO plugin. -->","yoast_head_json":{"title":"Cookie-Richtlinie - Loire Gourmande - une \u00e9tape savoureuse","robots":{"index":"index","follow":"follow","max-snippet":"max-snippet:-1","max-image-preview":"max-image-preview:large","max-video-preview":"max-video-preview:-1"},"canonical":"https:\/\/www.loire-gourmande.fr\/de\/datenschutzzentrum\/cookie-richtlinie\/","og_locale":"de_DE","og_type":"article","og_title":"Cookie-Richtlinie - Loire Gourmande - une \u00e9tape savoureuse","og_description":"Cookie-Richtlinie zur\u00fcck zum Datenschutzzentrum Ein &#8222;Cookie&#8220; ist eine kleine Datei (weniger als 4 kb), die [&hellip;]","og_url":"https:\/\/www.loire-gourmande.fr\/de\/datenschutzzentrum\/cookie-richtlinie\/","og_site_name":"Loire Gourmande - une \u00e9tape savoureuse","article_publisher":"https:\/\/www.facebook.com\/Loire-Gourmande-Turquant-101991328328493\/","article_modified_time":"2024-04-29T14:25:46+00:00","twitter_card":"summary_large_image","twitter_misc":{"Gesch\u00e4tzte Lesezeit":"1\u00a0Minute"},"schema":{"@context":"https:\/\/schema.org","@graph":[{"@type":"WebPage","@id":"https:\/\/www.loire-gourmande.fr\/de\/datenschutzzentrum\/cookie-richtlinie\/","url":"https:\/\/www.loire-gourmande.fr\/de\/datenschutzzentrum\/cookie-richtlinie\/","name":"Cookie-Richtlinie - Loire Gourmande - une \u00e9tape savoureuse","isPartOf":{"@id":"https:\/\/www.loire-gourmande.fr\/de\/#website"},"datePublished":"2023-04-21T10:37:42+00:00","dateModified":"2024-04-29T14:25:46+00:00","breadcrumb":{"@id":"https:\/\/www.loire-gourmande.fr\/de\/datenschutzzentrum\/cookie-richtlinie\/#breadcrumb"},"inLanguage":"de","potentialAction":[{"@type":"ReadAction","target":["https:\/\/www.loire-gourmande.fr\/de\/datenschutzzentrum\/cookie-richtlinie\/"]}]},{"@type":"BreadcrumbList","@id":"https:\/\/www.loire-gourmande.fr\/de\/datenschutzzentrum\/cookie-richtlinie\/#breadcrumb","itemListElement":[{"@type":"ListItem","position":1,"name":"Startseite","item":"https:\/\/www.loire-gourmande.fr\/de\/"},{"@type":"ListItem","position":2,"name":"Datenschutzzentrum","item":"https:\/\/www.loire-gourmande.fr\/de\/politique-de-confidentialite\/"},{"@type":"ListItem","position":3,"name":"Cookie-Richtlinie"}]},{"@type":"WebSite","@id":"https:\/\/www.loire-gourmande.fr\/de\/#website","url":"https:\/\/www.loire-gourmande.fr\/de\/","name":"Loire Gourmande, une \u00e9tape savoureuse","description":"une d\u00e9gustation \u00e0 toute heure et une boutique \u00e0 visiter \u00e0 Turquant (49)","publisher":{"@id":"https:\/\/www.loire-gourmande.fr\/de\/#organization"},"potentialAction":[{"@type":"SearchAction","target":{"@type":"EntryPoint","urlTemplate":"https:\/\/www.loire-gourmande.fr\/de\/?s={search_term_string}"},"query-input":{"@type":"PropertyValueSpecification","valueRequired":true,"valueName":"search_term_string"}}],"inLanguage":"de"},{"@type":"Organization","@id":"https:\/\/www.loire-gourmande.fr\/de\/#organization","name":"Loire Gourmande - Schnellrestaurant und Besuch in Turquant (49)","url":"https:\/\/www.loire-gourmande.fr\/de\/","logo":{"@type":"ImageObject","inLanguage":"de","@id":"https:\/\/www.loire-gourmande.fr\/de\/#\/schema\/logo\/image\/","url":"https:\/\/www.loire-gourmande.fr\/wp-content\/uploads\/2020\/10\/loire-gourmande-logo.jpg","contentUrl":"https:\/\/www.loire-gourmande.fr\/wp-content\/uploads\/2020\/10\/loire-gourmande-logo.jpg","width":800,"height":415,"caption":"Loire Gourmande - Schnellrestaurant und Besuch in Turquant (49)"},"image":{"@id":"https:\/\/www.loire-gourmande.fr\/de\/#\/schema\/logo\/image\/"},"sameAs":["https:\/\/www.facebook.com\/Loire-Gourmande-Turquant-101991328328493\/","https:\/\/www.instagram.com\/jean_yves_auradon\/?igshid=1ta3mfjka326t"]}]}},"_links":{"self":[{"href":"https:\/\/www.loire-gourmande.fr\/de\/wp-json\/wp\/v2\/pages\/10706","targetHints":{"allow":["GET"]}}],"collection":[{"href":"https:\/\/www.loire-gourmande.fr\/de\/wp-json\/wp\/v2\/pages"}],"about":[{"href":"https:\/\/www.loire-gourmande.fr\/de\/wp-json\/wp\/v2\/types\/page"}],"author":[{"embeddable":true,"href":"https:\/\/www.loire-gourmande.fr\/de\/wp-json\/wp\/v2\/users\/1"}],"replies":[{"embeddable":true,"href":"https:\/\/www.loire-gourmande.fr\/de\/wp-json\/wp\/v2\/comments?post=10706"}],"version-history":[{"count":8,"href":"https:\/\/www.loire-gourmande.fr\/de\/wp-json\/wp\/v2\/pages\/10706\/revisions"}],"predecessor-version":[{"id":10718,"href":"https:\/\/www.loire-gourmande.fr\/de\/wp-json\/wp\/v2\/pages\/10706\/revisions\/10718"}],"up":[{"embeddable":true,"href":"https:\/\/www.loire-gourmande.fr\/de\/wp-json\/wp\/v2\/pages\/10625"}],"wp:attachment":[{"href":"https:\/\/www.loire-gourmande.fr\/de\/wp-json\/wp\/v2\/media?parent=10706"}],"curies":[{"name":"wp","href":"https:\/\/api.w.org\/{rel}","templated":true}]}}