{"id":10927,"date":"2024-02-25T14:51:27","date_gmt":"2024-02-25T14:51:27","guid":{"rendered":"https:\/\/www.loire-gourmande.fr\/produit\/odyssee-cabernet-domaine-des-guyons\/"},"modified":"2026-02-09T13:49:26","modified_gmt":"2026-02-09T12:49:26","slug":"odyssee-cabernet-domaine-des-guyons","status":"publish","type":"product","link":"https:\/\/www.loire-gourmande.fr\/de\/Produkt\/odyssee-cabernet-domaine-des-guyons\/","title":{"rendered":"ODYSSEY DOMAINE DES GUYONS"},"content":{"rendered":"<p>Die Garnet-Farbe entwickelte sich deutlich weiter; eine Nase aus kandierten roten Fr\u00fcchten (Kirsche), aber auch frischen Fr\u00fcchten wie der Burlat-Kirsche; Ein Gaumen mit frischem Ansatz, aus kandierten Kirschen und Garrigue, reichlich mit einem leicht bitteren Abgang, der Frische verleiht<\/p>\n<p><strong>REBSORTE:<\/strong> Alte Rebe (70 Jahre alt) von Cabernet Franc, 100 % aus massiver Auswahl.<\/p>\n<p><strong>TERROIR:<\/strong> Ton-Kalkstein aus dem Oberturonium mit zahlreichen Kieselsteinen (Wellensittichen), die w\u00e4hrend des gesamten vegetativen Zyklus der Rebe eine starke thermische Nachhall erm\u00f6glichen.<\/p>\n<p><strong>VINIFIZIERUNG UND ALTERUNG:<\/strong> Die<br \/>\n Vinifikation erfolgt in kleinen Betonbeh\u00e4ltern, die nicht thermoreguliert sind und ohne Zugabe von Inputs. Entstemmte Ernte mit langer Mazeration (30 Tage) ohne Durchschlag.<br \/>\nDas Ende der alkoholischen und malolaktischen G\u00e4rung findet in F\u00e4ssern statt.  Das Altern dauert zwischen 18 und 24 Monaten mit regelm\u00e4\u00dfigem Auff\u00fcllen. Restzucker und Alkohol: 2 g\/l und 13 % Vol.<\/p>\n<p><strong>WINBAU:<\/strong> arbeitete in Rollen; keine chemischen D\u00fcngemittel; Suchen Sie nach sch\u00f6nen, gesunden B\u00fcscheln (einfaches Guyot-Beschneiden, Bel\u00fcftung durch Verdopplung, Ausd\u00fcnnung, Blattentfernung usw.).<\/p>\n<p><strong>VERKOSTUNGSNOTIZEN:<\/strong> Deutlich weiterentwickelte Granatfarbe; eine Nase aus kandierten roten Fr\u00fcchten (Kirsche), aber auch frischen Fr\u00fcchten wie der Burlat-Kirsche; Ein Gaumen mit frischem Ansatz, aus kandierten Kirschen und Garrigue, reichlich mit einem leicht bitteren Abgang und sorgt f\u00fcr Frische.<\/p>\n<p><strong>KELLER:<\/strong> Es ist ratsam, nach der Ernte 3 bis 4 Jahre zu warten, um diesen Wein zu probieren. Rotwein zum Liegen (15 Jahre).<\/p>\n<p><strong>FOOD &amp; WINE PAIRING:<\/strong> WIRD BEI ETWA 17\u00b0 C ausgef\u00fcllt und mit gegrilltem Fleisch und Weichk\u00e4se f\u00fcr sofortiges Vergn\u00fcgen serviert.<\/p>\n","protected":false},"excerpt":{"rendered":"<p><strong>Franck Bimont<\/strong> ist das Talent eines einfachen Mannes. Er l\u00e4sst die Rebe sich frei ausdr\u00fccken, hebt die Spezifit\u00e4t jedes Jahrgangs hervor und kreiert ausdrucksstarke, elegante und gesch\u00e4tzte Weine. Im Loire-Tal liegt Le Domaine des Guyons im Herzen des s\u00fcdlichen Saumur, im charmanten Dorf Puy Notre Dame. Eine Mekka von Saumur, ist Le Puy Notre Dame ein Zentrum talentierter Winzer, darunter Franck Bimont vom Domaine des Guyons.<br \/>\nAuf diesem 19 Hektar gro\u00dfen Anwesen haben die Reben ein durchschnittliches Alter von 50 Jahren und wachsen auf turonischen B\u00f6den.<br \/>\nDer Kalkstein bringt diese Frische und Finesse in den Wein, aber auch der Tufa erm\u00f6glicht den Bau gro\u00dfer Keller, sodass der Wein sich leise verbessern kann.<br \/>\nFranck Bimont kreiert eine Reihe sehr ausdrucksstarker Weine mit gro\u00dfer Eleganz.<\/p>\n","protected":false},"featured_media":14337,"template":"","meta":{"inline_featured_image":false},"product_brand":[],"product_cat":[602,603,600,601],"product_tag":[607,605,606],"class_list":{"0":"post-10927","1":"product","2":"type-product","3":"status-publish","4":"has-post-thumbnail","6":"product_cat-anjou-de","7":"product_cat-bio-wein","8":"product_cat-die-weine","9":"product_cat-rot","10":"product_tag-geflugel-und-gegrilltes-fleisch","11":"product_tag-kase","12":"product_tag-ziegenkase","13":"product_shipping_class-flasche","15":"first","16":"instock","17":"featured","18":"taxable","19":"shipping-taxable","20":"purchasable","21":"product-type-simple"},"yoast_head":"<!-- This site is optimized with the Yoast SEO plugin v27.6 - https:\/\/yoast.com\/product\/yoast-seo-wordpress\/ -->\n<title>ODYSSEY DOMAINE DES GUYONS - Loire Gourmande - une \u00e9tape savoureuse<\/title>\n<meta name=\"description\" content=\"ODYSSEY CABERNET DOMAINE DES GUYONS. Weine von der Loire. Bestellung im Weinkeller auf der Website von Loire Gourmande. Weinh\u00e4ndler in Turquant (49).\" \/>\n<meta name=\"robots\" content=\"index, follow, max-snippet:-1, max-image-preview:large, max-video-preview:-1\" \/>\n<link rel=\"canonical\" href=\"https:\/\/www.loire-gourmande.fr\/de\/Produkt\/odyssee-cabernet-domaine-des-guyons\/\" \/>\n<meta property=\"og:locale\" content=\"de_DE\" \/>\n<meta property=\"og:type\" content=\"article\" \/>\n<meta property=\"og:title\" content=\"ODYSSEY DOMAINE DES GUYONS - Loire Gourmande - une \u00e9tape savoureuse\" \/>\n<meta property=\"og:description\" content=\"ODYSSEY CABERNET DOMAINE DES GUYONS. Weine von der Loire. Bestellung im Weinkeller auf der Website von Loire Gourmande. Weinh\u00e4ndler in Turquant (49).\" \/>\n<meta property=\"og:url\" content=\"https:\/\/www.loire-gourmande.fr\/de\/Produkt\/odyssee-cabernet-domaine-des-guyons\/\" \/>\n<meta property=\"og:site_name\" content=\"Loire Gourmande - une \u00e9tape savoureuse\" \/>\n<meta property=\"article:publisher\" content=\"https:\/\/www.facebook.com\/Loire-Gourmande-Turquant-101991328328493\/\" \/>\n<meta property=\"article:modified_time\" content=\"2026-02-09T12:49:26+00:00\" \/>\n<meta property=\"og:image\" content=\"https:\/\/www.loire-gourmande.fr\/wp-content\/uploads\/2024\/02\/ODYSSEE-CABERNET-DOMAINE-DES-GUYONS.jpg\" \/>\n\t<meta property=\"og:image:width\" content=\"1326\" \/>\n\t<meta property=\"og:image:height\" content=\"1324\" \/>\n\t<meta property=\"og:image:type\" content=\"image\/jpeg\" \/>\n<meta name=\"twitter:card\" content=\"summary_large_image\" \/>\n<meta name=\"twitter:label1\" content=\"Gesch\u00e4tzte Lesezeit\" \/>\n\t<meta name=\"twitter:data1\" content=\"1\u00a0Minute\" \/>\n<script type=\"application\/ld+json\" class=\"yoast-schema-graph\">{\"@context\":\"https:\\\/\\\/schema.org\",\"@graph\":[{\"@type\":\"WebPage\",\"@id\":\"https:\\\/\\\/www.loire-gourmande.fr\\\/de\\\/Produkt\\\/odyssee-cabernet-domaine-des-guyons\\\/\",\"url\":\"https:\\\/\\\/www.loire-gourmande.fr\\\/de\\\/Produkt\\\/odyssee-cabernet-domaine-des-guyons\\\/\",\"name\":\"ODYSSEY DOMAINE DES GUYONS - Loire Gourmande - une \u00e9tape savoureuse\",\"isPartOf\":{\"@id\":\"https:\\\/\\\/www.loire-gourmande.fr\\\/de\\\/#website\"},\"primaryImageOfPage\":{\"@id\":\"https:\\\/\\\/www.loire-gourmande.fr\\\/de\\\/Produkt\\\/odyssee-cabernet-domaine-des-guyons\\\/#primaryimage\"},\"image\":{\"@id\":\"https:\\\/\\\/www.loire-gourmande.fr\\\/de\\\/Produkt\\\/odyssee-cabernet-domaine-des-guyons\\\/#primaryimage\"},\"thumbnailUrl\":\"https:\\\/\\\/www.loire-gourmande.fr\\\/wp-content\\\/uploads\\\/2024\\\/02\\\/ODYSSEE-CABERNET-DOMAINE-DES-GUYONS.jpg\",\"datePublished\":\"2024-02-25T14:51:27+00:00\",\"dateModified\":\"2026-02-09T12:49:26+00:00\",\"description\":\"ODYSSEY CABERNET DOMAINE DES GUYONS. Weine von der Loire. Bestellung im Weinkeller auf der Website von Loire Gourmande. Weinh\u00e4ndler in Turquant (49).\",\"breadcrumb\":{\"@id\":\"https:\\\/\\\/www.loire-gourmande.fr\\\/de\\\/Produkt\\\/odyssee-cabernet-domaine-des-guyons\\\/#breadcrumb\"},\"inLanguage\":\"de\",\"potentialAction\":[{\"@type\":\"ReadAction\",\"target\":[\"https:\\\/\\\/www.loire-gourmande.fr\\\/de\\\/Produkt\\\/odyssee-cabernet-domaine-des-guyons\\\/\"]}]},{\"@type\":\"ImageObject\",\"inLanguage\":\"de\",\"@id\":\"https:\\\/\\\/www.loire-gourmande.fr\\\/de\\\/Produkt\\\/odyssee-cabernet-domaine-des-guyons\\\/#primaryimage\",\"url\":\"https:\\\/\\\/www.loire-gourmande.fr\\\/wp-content\\\/uploads\\\/2024\\\/02\\\/ODYSSEE-CABERNET-DOMAINE-DES-GUYONS.jpg\",\"contentUrl\":\"https:\\\/\\\/www.loire-gourmande.fr\\\/wp-content\\\/uploads\\\/2024\\\/02\\\/ODYSSEE-CABERNET-DOMAINE-DES-GUYONS.jpg\",\"width\":1326,\"height\":1324},{\"@type\":\"BreadcrumbList\",\"@id\":\"https:\\\/\\\/www.loire-gourmande.fr\\\/de\\\/Produkt\\\/odyssee-cabernet-domaine-des-guyons\\\/#breadcrumb\",\"itemListElement\":[{\"@type\":\"ListItem\",\"position\":1,\"name\":\"Startseite\",\"item\":\"https:\\\/\\\/www.loire-gourmande.fr\\\/de\\\/\"},{\"@type\":\"ListItem\",\"position\":2,\"name\":\"Die Boutique de Loire Gourmande: die Weine der Loire\",\"item\":\"https:\\\/\\\/www.loire-gourmande.fr\\\/de\\\/woocommerce\\\/\"},{\"@type\":\"ListItem\",\"position\":3,\"name\":\"Die Weine\",\"item\":\"https:\\\/\\\/www.loire-gourmande.fr\\\/de\\\/Produktkategorie\\\/die-weine\\\/\"},{\"@type\":\"ListItem\",\"position\":4,\"name\":\"ODYSSEY DOMAINE DES GUYONS\"}]},{\"@type\":\"WebSite\",\"@id\":\"https:\\\/\\\/www.loire-gourmande.fr\\\/de\\\/#website\",\"url\":\"https:\\\/\\\/www.loire-gourmande.fr\\\/de\\\/\",\"name\":\"Loire Gourmande, une \u00e9tape savoureuse\",\"description\":\"une d\u00e9gustation \u00e0 toute heure et une boutique \u00e0 visiter \u00e0 Turquant (49)\",\"publisher\":{\"@id\":\"https:\\\/\\\/www.loire-gourmande.fr\\\/de\\\/#organization\"},\"potentialAction\":[{\"@type\":\"SearchAction\",\"target\":{\"@type\":\"EntryPoint\",\"urlTemplate\":\"https:\\\/\\\/www.loire-gourmande.fr\\\/de\\\/?s={search_term_string}\"},\"query-input\":{\"@type\":\"PropertyValueSpecification\",\"valueRequired\":true,\"valueName\":\"search_term_string\"}}],\"inLanguage\":\"de\"},{\"@type\":\"Organization\",\"@id\":\"https:\\\/\\\/www.loire-gourmande.fr\\\/de\\\/#organization\",\"name\":\"Loire Gourmande - Schnellrestaurant und Besuch in Turquant (49)\",\"url\":\"https:\\\/\\\/www.loire-gourmande.fr\\\/de\\\/\",\"logo\":{\"@type\":\"ImageObject\",\"inLanguage\":\"de\",\"@id\":\"https:\\\/\\\/www.loire-gourmande.fr\\\/de\\\/#\\\/schema\\\/logo\\\/image\\\/\",\"url\":\"https:\\\/\\\/www.loire-gourmande.fr\\\/wp-content\\\/uploads\\\/2020\\\/10\\\/loire-gourmande-logo.jpg\",\"contentUrl\":\"https:\\\/\\\/www.loire-gourmande.fr\\\/wp-content\\\/uploads\\\/2020\\\/10\\\/loire-gourmande-logo.jpg\",\"width\":800,\"height\":415,\"caption\":\"Loire Gourmande - Schnellrestaurant und Besuch in Turquant (49)\"},\"image\":{\"@id\":\"https:\\\/\\\/www.loire-gourmande.fr\\\/de\\\/#\\\/schema\\\/logo\\\/image\\\/\"},\"sameAs\":[\"https:\\\/\\\/www.facebook.com\\\/Loire-Gourmande-Turquant-101991328328493\\\/\",\"https:\\\/\\\/www.instagram.com\\\/jean_yves_auradon\\\/?igshid=1ta3mfjka326t\"]}]}<\/script>\n<!-- \/ Yoast SEO plugin. -->","yoast_head_json":{"title":"ODYSSEY DOMAINE DES GUYONS - Loire Gourmande - une \u00e9tape savoureuse","description":"ODYSSEY CABERNET DOMAINE DES GUYONS. Weine von der Loire. Bestellung im Weinkeller auf der Website von Loire Gourmande. Weinh\u00e4ndler in Turquant (49).","robots":{"index":"index","follow":"follow","max-snippet":"max-snippet:-1","max-image-preview":"max-image-preview:large","max-video-preview":"max-video-preview:-1"},"canonical":"https:\/\/www.loire-gourmande.fr\/de\/Produkt\/odyssee-cabernet-domaine-des-guyons\/","og_locale":"de_DE","og_type":"article","og_title":"ODYSSEY DOMAINE DES GUYONS - Loire Gourmande - une \u00e9tape savoureuse","og_description":"ODYSSEY CABERNET DOMAINE DES GUYONS. Weine von der Loire. Bestellung im Weinkeller auf der Website von Loire Gourmande. Weinh\u00e4ndler in Turquant (49).","og_url":"https:\/\/www.loire-gourmande.fr\/de\/Produkt\/odyssee-cabernet-domaine-des-guyons\/","og_site_name":"Loire Gourmande - une \u00e9tape savoureuse","article_publisher":"https:\/\/www.facebook.com\/Loire-Gourmande-Turquant-101991328328493\/","article_modified_time":"2026-02-09T12:49:26+00:00","og_image":[{"width":1326,"height":1324,"url":"https:\/\/www.loire-gourmande.fr\/wp-content\/uploads\/2024\/02\/ODYSSEE-CABERNET-DOMAINE-DES-GUYONS.jpg","type":"image\/jpeg"}],"twitter_card":"summary_large_image","twitter_misc":{"Gesch\u00e4tzte Lesezeit":"1\u00a0Minute"},"schema":{"@context":"https:\/\/schema.org","@graph":[{"@type":"WebPage","@id":"https:\/\/www.loire-gourmande.fr\/de\/Produkt\/odyssee-cabernet-domaine-des-guyons\/","url":"https:\/\/www.loire-gourmande.fr\/de\/Produkt\/odyssee-cabernet-domaine-des-guyons\/","name":"ODYSSEY DOMAINE DES GUYONS - Loire Gourmande - une \u00e9tape savoureuse","isPartOf":{"@id":"https:\/\/www.loire-gourmande.fr\/de\/#website"},"primaryImageOfPage":{"@id":"https:\/\/www.loire-gourmande.fr\/de\/Produkt\/odyssee-cabernet-domaine-des-guyons\/#primaryimage"},"image":{"@id":"https:\/\/www.loire-gourmande.fr\/de\/Produkt\/odyssee-cabernet-domaine-des-guyons\/#primaryimage"},"thumbnailUrl":"https:\/\/www.loire-gourmande.fr\/wp-content\/uploads\/2024\/02\/ODYSSEE-CABERNET-DOMAINE-DES-GUYONS.jpg","datePublished":"2024-02-25T14:51:27+00:00","dateModified":"2026-02-09T12:49:26+00:00","description":"ODYSSEY CABERNET DOMAINE DES GUYONS. Weine von der Loire. Bestellung im Weinkeller auf der Website von Loire Gourmande. Weinh\u00e4ndler in Turquant (49).","breadcrumb":{"@id":"https:\/\/www.loire-gourmande.fr\/de\/Produkt\/odyssee-cabernet-domaine-des-guyons\/#breadcrumb"},"inLanguage":"de","potentialAction":[{"@type":"ReadAction","target":["https:\/\/www.loire-gourmande.fr\/de\/Produkt\/odyssee-cabernet-domaine-des-guyons\/"]}]},{"@type":"ImageObject","inLanguage":"de","@id":"https:\/\/www.loire-gourmande.fr\/de\/Produkt\/odyssee-cabernet-domaine-des-guyons\/#primaryimage","url":"https:\/\/www.loire-gourmande.fr\/wp-content\/uploads\/2024\/02\/ODYSSEE-CABERNET-DOMAINE-DES-GUYONS.jpg","contentUrl":"https:\/\/www.loire-gourmande.fr\/wp-content\/uploads\/2024\/02\/ODYSSEE-CABERNET-DOMAINE-DES-GUYONS.jpg","width":1326,"height":1324},{"@type":"BreadcrumbList","@id":"https:\/\/www.loire-gourmande.fr\/de\/Produkt\/odyssee-cabernet-domaine-des-guyons\/#breadcrumb","itemListElement":[{"@type":"ListItem","position":1,"name":"Startseite","item":"https:\/\/www.loire-gourmande.fr\/de\/"},{"@type":"ListItem","position":2,"name":"Die Boutique de Loire Gourmande: die Weine der Loire","item":"https:\/\/www.loire-gourmande.fr\/de\/woocommerce\/"},{"@type":"ListItem","position":3,"name":"Die Weine","item":"https:\/\/www.loire-gourmande.fr\/de\/Produktkategorie\/die-weine\/"},{"@type":"ListItem","position":4,"name":"ODYSSEY DOMAINE DES GUYONS"}]},{"@type":"WebSite","@id":"https:\/\/www.loire-gourmande.fr\/de\/#website","url":"https:\/\/www.loire-gourmande.fr\/de\/","name":"Loire Gourmande, une \u00e9tape savoureuse","description":"une d\u00e9gustation \u00e0 toute heure et une boutique \u00e0 visiter \u00e0 Turquant (49)","publisher":{"@id":"https:\/\/www.loire-gourmande.fr\/de\/#organization"},"potentialAction":[{"@type":"SearchAction","target":{"@type":"EntryPoint","urlTemplate":"https:\/\/www.loire-gourmande.fr\/de\/?s={search_term_string}"},"query-input":{"@type":"PropertyValueSpecification","valueRequired":true,"valueName":"search_term_string"}}],"inLanguage":"de"},{"@type":"Organization","@id":"https:\/\/www.loire-gourmande.fr\/de\/#organization","name":"Loire Gourmande - Schnellrestaurant und Besuch in Turquant (49)","url":"https:\/\/www.loire-gourmande.fr\/de\/","logo":{"@type":"ImageObject","inLanguage":"de","@id":"https:\/\/www.loire-gourmande.fr\/de\/#\/schema\/logo\/image\/","url":"https:\/\/www.loire-gourmande.fr\/wp-content\/uploads\/2020\/10\/loire-gourmande-logo.jpg","contentUrl":"https:\/\/www.loire-gourmande.fr\/wp-content\/uploads\/2020\/10\/loire-gourmande-logo.jpg","width":800,"height":415,"caption":"Loire Gourmande - Schnellrestaurant und Besuch in Turquant (49)"},"image":{"@id":"https:\/\/www.loire-gourmande.fr\/de\/#\/schema\/logo\/image\/"},"sameAs":["https:\/\/www.facebook.com\/Loire-Gourmande-Turquant-101991328328493\/","https:\/\/www.instagram.com\/jean_yves_auradon\/?igshid=1ta3mfjka326t"]}]}},"_links":{"self":[{"href":"https:\/\/www.loire-gourmande.fr\/de\/wp-json\/wp\/v2\/product\/10927","targetHints":{"allow":["GET"]}}],"collection":[{"href":"https:\/\/www.loire-gourmande.fr\/de\/wp-json\/wp\/v2\/product"}],"about":[{"href":"https:\/\/www.loire-gourmande.fr\/de\/wp-json\/wp\/v2\/types\/product"}],"version-history":[{"count":4,"href":"https:\/\/www.loire-gourmande.fr\/de\/wp-json\/wp\/v2\/product\/10927\/revisions"}],"predecessor-version":[{"id":14456,"href":"https:\/\/www.loire-gourmande.fr\/de\/wp-json\/wp\/v2\/product\/10927\/revisions\/14456"}],"wp:featuredmedia":[{"embeddable":true,"href":"https:\/\/www.loire-gourmande.fr\/de\/wp-json\/wp\/v2\/media\/14337"}],"wp:attachment":[{"href":"https:\/\/www.loire-gourmande.fr\/de\/wp-json\/wp\/v2\/media?parent=10927"}],"wp:term":[{"taxonomy":"product_brand","embeddable":true,"href":"https:\/\/www.loire-gourmande.fr\/de\/wp-json\/wp\/v2\/product_brand?post=10927"},{"taxonomy":"product_cat","embeddable":true,"href":"https:\/\/www.loire-gourmande.fr\/de\/wp-json\/wp\/v2\/product_cat?post=10927"},{"taxonomy":"product_tag","embeddable":true,"href":"https:\/\/www.loire-gourmande.fr\/de\/wp-json\/wp\/v2\/product_tag?post=10927"}],"curies":[{"name":"wp","href":"https:\/\/api.w.org\/{rel}","templated":true}]}}