{"id":10930,"date":"2024-02-25T08:58:11","date_gmt":"2024-02-25T08:58:11","guid":{"rendered":"https:\/\/www.loire-gourmande.fr\/produit\/chenin-blanc-touraine-amboise-domaine-montdomaine-2022\/"},"modified":"2025-05-27T15:32:37","modified_gmt":"2025-05-27T14:32:37","slug":"chenin-blanc-touraine-amboise-domaine-montdomaine-2022","status":"publish","type":"product","link":"https:\/\/www.loire-gourmande.fr\/de\/Produkt\/chenin-blanc-touraine-amboise-domaine-montdomaine-2022\/","title":{"rendered":"CHENIN BLANC TOURAINE AMBOISE DOMAINE MONTDOMAINE 2022"},"content":{"rendered":"<div class=\"description \">Die Nase ist angenehm und reif mit Aromen von warmem Apfelkompott. Am Gaumen ist er offen und fruchtig. Alles verl\u00e4uft ruhig und zart.<br \/>\nWein mit blassgelber Farbe, sch\u00f6ner Klarheit, gl\u00e4nzend; mit einer sehr ausdrucksstarken, aromatischen Nase, nach Zitrusfr\u00fcchten mit mineralischen Noten von Feuerstein.<\/p>\n<p style=\"font-weight: 400;\"><strong>Art: <\/strong>Trocken<br \/>\n<strong>Farbe: <\/strong>Wei\u00df<br \/>\n<strong>Rebsorten: <\/strong>Chenin blanc: 100 %.<br \/>\n<strong>Speisen &amp; Weine: <\/strong>Ein k\u00f6stlicher, geschmeidiger und fetter Chenin, der zu Austern, Muscheln und Schalentieren oder Ziegenk\u00e4se, St. Maure de Touraine, Selles-sur-cher getrunken werden sollte.<\/p>\n<\/div>\n","protected":false},"excerpt":{"rendered":"<p>Montdomaine ist der Weintraum von Fr\u00e9d\u00e9ric Plou. Geboren in einer Winzerfamilie, die seit \u00fcber 500 Jahren besteht. Frederic Plou und seine Frau Louisa Plou \u00fcbernahmen das Ch\u00e2teau de Montdomaine im Jahr 2015.<span class=\"Apple-converted-space\">  <\/span>Sie beleuchten immer wieder<span class=\"Apple-converted-space\">  <\/span>diese geschichtstr\u00e4chtige St\u00e4tte und diese<span class=\"Apple-converted-space\">  <\/span>Weinberge im Herzen des Loiretals.<\/p>\n<p>Nat\u00fcrliche Weine, die mit Liebe und Respekt f\u00fcr die Erde angebaut werden.<\/p>\n","protected":false},"featured_media":10934,"template":"","meta":{"inline_featured_image":false},"product_brand":[],"product_cat":[603,609,608],"product_tag":[610,606],"class_list":{"0":"post-10930","1":"product","2":"type-product","3":"status-publish","4":"has-post-thumbnail","6":"product_cat-bio-wein","7":"product_cat-touraine-de","8":"product_cat-weis","9":"product_tag-austern-und-schalentiere","10":"product_tag-ziegenkase","11":"product_shipping_class-flasche","13":"first","14":"instock","15":"taxable","16":"shipping-taxable","17":"purchasable","18":"product-type-simple"},"yoast_head":"<!-- This site is optimized with the Yoast SEO plugin v27.6 - https:\/\/yoast.com\/product\/yoast-seo-wordpress\/ -->\n<title>CHENIN BLANC TOURAINE AMBOISE DOMAINE MONTDOMAINE 2022 - Loire Gourmande - une \u00e9tape savoureuse<\/title>\n<meta name=\"description\" content=\"CHENIN BLANC TOURAINE AMBOISE DOMAINE MONTDOMAINE. Wein aus der Loire. Bestellung im Weinkeller auf der Website von Loire Gourmande. Weinh\u00e4ndler in Turquant (49).\" \/>\n<meta name=\"robots\" content=\"index, follow, max-snippet:-1, max-image-preview:large, max-video-preview:-1\" \/>\n<link rel=\"canonical\" href=\"https:\/\/www.loire-gourmande.fr\/de\/Produkt\/chenin-blanc-touraine-amboise-domaine-montdomaine-2022\/\" \/>\n<meta property=\"og:locale\" content=\"de_DE\" \/>\n<meta property=\"og:type\" content=\"article\" \/>\n<meta property=\"og:title\" content=\"CHENIN BLANC TOURAINE AMBOISE DOMAINE MONTDOMAINE 2022 - Loire Gourmande - une \u00e9tape savoureuse\" \/>\n<meta property=\"og:description\" content=\"CHENIN BLANC TOURAINE AMBOISE DOMAINE MONTDOMAINE. Wein aus der Loire. Bestellung im Weinkeller auf der Website von Loire Gourmande. Weinh\u00e4ndler in Turquant (49).\" \/>\n<meta property=\"og:url\" content=\"https:\/\/www.loire-gourmande.fr\/de\/Produkt\/chenin-blanc-touraine-amboise-domaine-montdomaine-2022\/\" \/>\n<meta property=\"og:site_name\" content=\"Loire Gourmande - une \u00e9tape savoureuse\" \/>\n<meta property=\"article:publisher\" content=\"https:\/\/www.facebook.com\/Loire-Gourmande-Turquant-101991328328493\/\" \/>\n<meta property=\"article:modified_time\" content=\"2025-05-27T14:32:37+00:00\" \/>\n<meta property=\"og:image\" content=\"https:\/\/www.loire-gourmande.fr\/wp-content\/uploads\/2024\/02\/Blanc.jpg\" \/>\n\t<meta property=\"og:image:width\" content=\"800\" \/>\n\t<meta property=\"og:image:height\" content=\"800\" \/>\n\t<meta property=\"og:image:type\" content=\"image\/jpeg\" \/>\n<meta name=\"twitter:card\" content=\"summary_large_image\" \/>\n<script type=\"application\/ld+json\" class=\"yoast-schema-graph\">{\"@context\":\"https:\\\/\\\/schema.org\",\"@graph\":[{\"@type\":\"WebPage\",\"@id\":\"https:\\\/\\\/www.loire-gourmande.fr\\\/de\\\/Produkt\\\/chenin-blanc-touraine-amboise-domaine-montdomaine-2022\\\/\",\"url\":\"https:\\\/\\\/www.loire-gourmande.fr\\\/de\\\/Produkt\\\/chenin-blanc-touraine-amboise-domaine-montdomaine-2022\\\/\",\"name\":\"CHENIN BLANC TOURAINE AMBOISE DOMAINE MONTDOMAINE 2022 - Loire Gourmande - une \u00e9tape savoureuse\",\"isPartOf\":{\"@id\":\"https:\\\/\\\/www.loire-gourmande.fr\\\/de\\\/#website\"},\"primaryImageOfPage\":{\"@id\":\"https:\\\/\\\/www.loire-gourmande.fr\\\/de\\\/Produkt\\\/chenin-blanc-touraine-amboise-domaine-montdomaine-2022\\\/#primaryimage\"},\"image\":{\"@id\":\"https:\\\/\\\/www.loire-gourmande.fr\\\/de\\\/Produkt\\\/chenin-blanc-touraine-amboise-domaine-montdomaine-2022\\\/#primaryimage\"},\"thumbnailUrl\":\"https:\\\/\\\/www.loire-gourmande.fr\\\/wp-content\\\/uploads\\\/2024\\\/02\\\/Blanc.jpg\",\"datePublished\":\"2024-02-25T08:58:11+00:00\",\"dateModified\":\"2025-05-27T14:32:37+00:00\",\"description\":\"CHENIN BLANC TOURAINE AMBOISE DOMAINE MONTDOMAINE. Wein aus der Loire. Bestellung im Weinkeller auf der Website von Loire Gourmande. Weinh\u00e4ndler in Turquant (49).\",\"breadcrumb\":{\"@id\":\"https:\\\/\\\/www.loire-gourmande.fr\\\/de\\\/Produkt\\\/chenin-blanc-touraine-amboise-domaine-montdomaine-2022\\\/#breadcrumb\"},\"inLanguage\":\"de\",\"potentialAction\":[{\"@type\":\"ReadAction\",\"target\":[\"https:\\\/\\\/www.loire-gourmande.fr\\\/de\\\/Produkt\\\/chenin-blanc-touraine-amboise-domaine-montdomaine-2022\\\/\"]}]},{\"@type\":\"ImageObject\",\"inLanguage\":\"de\",\"@id\":\"https:\\\/\\\/www.loire-gourmande.fr\\\/de\\\/Produkt\\\/chenin-blanc-touraine-amboise-domaine-montdomaine-2022\\\/#primaryimage\",\"url\":\"https:\\\/\\\/www.loire-gourmande.fr\\\/wp-content\\\/uploads\\\/2024\\\/02\\\/Blanc.jpg\",\"contentUrl\":\"https:\\\/\\\/www.loire-gourmande.fr\\\/wp-content\\\/uploads\\\/2024\\\/02\\\/Blanc.jpg\",\"width\":800,\"height\":800},{\"@type\":\"BreadcrumbList\",\"@id\":\"https:\\\/\\\/www.loire-gourmande.fr\\\/de\\\/Produkt\\\/chenin-blanc-touraine-amboise-domaine-montdomaine-2022\\\/#breadcrumb\",\"itemListElement\":[{\"@type\":\"ListItem\",\"position\":1,\"name\":\"Startseite\",\"item\":\"https:\\\/\\\/www.loire-gourmande.fr\\\/de\\\/\"},{\"@type\":\"ListItem\",\"position\":2,\"name\":\"Die Boutique de Loire Gourmande: die Weine der Loire\",\"item\":\"https:\\\/\\\/www.loire-gourmande.fr\\\/de\\\/woocommerce\\\/\"},{\"@type\":\"ListItem\",\"position\":3,\"name\":\"Die Weine\",\"item\":\"https:\\\/\\\/www.loire-gourmande.fr\\\/de\\\/Produktkategorie\\\/die-weine\\\/\"},{\"@type\":\"ListItem\",\"position\":4,\"name\":\"Bio Wein\",\"item\":\"https:\\\/\\\/www.loire-gourmande.fr\\\/de\\\/Produktkategorie\\\/die-weine\\\/bio-wein\\\/\"},{\"@type\":\"ListItem\",\"position\":5,\"name\":\"CHENIN BLANC TOURAINE AMBOISE DOMAINE MONTDOMAINE 2022\"}]},{\"@type\":\"WebSite\",\"@id\":\"https:\\\/\\\/www.loire-gourmande.fr\\\/de\\\/#website\",\"url\":\"https:\\\/\\\/www.loire-gourmande.fr\\\/de\\\/\",\"name\":\"Loire Gourmande, une \u00e9tape savoureuse\",\"description\":\"une d\u00e9gustation \u00e0 toute heure et une boutique \u00e0 visiter \u00e0 Turquant (49)\",\"publisher\":{\"@id\":\"https:\\\/\\\/www.loire-gourmande.fr\\\/de\\\/#organization\"},\"potentialAction\":[{\"@type\":\"SearchAction\",\"target\":{\"@type\":\"EntryPoint\",\"urlTemplate\":\"https:\\\/\\\/www.loire-gourmande.fr\\\/de\\\/?s={search_term_string}\"},\"query-input\":{\"@type\":\"PropertyValueSpecification\",\"valueRequired\":true,\"valueName\":\"search_term_string\"}}],\"inLanguage\":\"de\"},{\"@type\":\"Organization\",\"@id\":\"https:\\\/\\\/www.loire-gourmande.fr\\\/de\\\/#organization\",\"name\":\"Loire Gourmande - Schnellrestaurant und Besuch in Turquant (49)\",\"url\":\"https:\\\/\\\/www.loire-gourmande.fr\\\/de\\\/\",\"logo\":{\"@type\":\"ImageObject\",\"inLanguage\":\"de\",\"@id\":\"https:\\\/\\\/www.loire-gourmande.fr\\\/de\\\/#\\\/schema\\\/logo\\\/image\\\/\",\"url\":\"https:\\\/\\\/www.loire-gourmande.fr\\\/wp-content\\\/uploads\\\/2020\\\/10\\\/loire-gourmande-logo.jpg\",\"contentUrl\":\"https:\\\/\\\/www.loire-gourmande.fr\\\/wp-content\\\/uploads\\\/2020\\\/10\\\/loire-gourmande-logo.jpg\",\"width\":800,\"height\":415,\"caption\":\"Loire Gourmande - Schnellrestaurant und Besuch in Turquant (49)\"},\"image\":{\"@id\":\"https:\\\/\\\/www.loire-gourmande.fr\\\/de\\\/#\\\/schema\\\/logo\\\/image\\\/\"},\"sameAs\":[\"https:\\\/\\\/www.facebook.com\\\/Loire-Gourmande-Turquant-101991328328493\\\/\",\"https:\\\/\\\/www.instagram.com\\\/jean_yves_auradon\\\/?igshid=1ta3mfjka326t\"]}]}<\/script>\n<!-- \/ Yoast SEO plugin. -->","yoast_head_json":{"title":"CHENIN BLANC TOURAINE AMBOISE DOMAINE MONTDOMAINE 2022 - Loire Gourmande - une \u00e9tape savoureuse","description":"CHENIN BLANC TOURAINE AMBOISE DOMAINE MONTDOMAINE. Wein aus der Loire. Bestellung im Weinkeller auf der Website von Loire Gourmande. Weinh\u00e4ndler in Turquant (49).","robots":{"index":"index","follow":"follow","max-snippet":"max-snippet:-1","max-image-preview":"max-image-preview:large","max-video-preview":"max-video-preview:-1"},"canonical":"https:\/\/www.loire-gourmande.fr\/de\/Produkt\/chenin-blanc-touraine-amboise-domaine-montdomaine-2022\/","og_locale":"de_DE","og_type":"article","og_title":"CHENIN BLANC TOURAINE AMBOISE DOMAINE MONTDOMAINE 2022 - Loire Gourmande - une \u00e9tape savoureuse","og_description":"CHENIN BLANC TOURAINE AMBOISE DOMAINE MONTDOMAINE. Wein aus der Loire. Bestellung im Weinkeller auf der Website von Loire Gourmande. Weinh\u00e4ndler in Turquant (49).","og_url":"https:\/\/www.loire-gourmande.fr\/de\/Produkt\/chenin-blanc-touraine-amboise-domaine-montdomaine-2022\/","og_site_name":"Loire Gourmande - une \u00e9tape savoureuse","article_publisher":"https:\/\/www.facebook.com\/Loire-Gourmande-Turquant-101991328328493\/","article_modified_time":"2025-05-27T14:32:37+00:00","og_image":[{"width":800,"height":800,"url":"https:\/\/www.loire-gourmande.fr\/wp-content\/uploads\/2024\/02\/Blanc.jpg","type":"image\/jpeg"}],"twitter_card":"summary_large_image","schema":{"@context":"https:\/\/schema.org","@graph":[{"@type":"WebPage","@id":"https:\/\/www.loire-gourmande.fr\/de\/Produkt\/chenin-blanc-touraine-amboise-domaine-montdomaine-2022\/","url":"https:\/\/www.loire-gourmande.fr\/de\/Produkt\/chenin-blanc-touraine-amboise-domaine-montdomaine-2022\/","name":"CHENIN BLANC TOURAINE AMBOISE DOMAINE MONTDOMAINE 2022 - Loire Gourmande - une \u00e9tape savoureuse","isPartOf":{"@id":"https:\/\/www.loire-gourmande.fr\/de\/#website"},"primaryImageOfPage":{"@id":"https:\/\/www.loire-gourmande.fr\/de\/Produkt\/chenin-blanc-touraine-amboise-domaine-montdomaine-2022\/#primaryimage"},"image":{"@id":"https:\/\/www.loire-gourmande.fr\/de\/Produkt\/chenin-blanc-touraine-amboise-domaine-montdomaine-2022\/#primaryimage"},"thumbnailUrl":"https:\/\/www.loire-gourmande.fr\/wp-content\/uploads\/2024\/02\/Blanc.jpg","datePublished":"2024-02-25T08:58:11+00:00","dateModified":"2025-05-27T14:32:37+00:00","description":"CHENIN BLANC TOURAINE AMBOISE DOMAINE MONTDOMAINE. Wein aus der Loire. Bestellung im Weinkeller auf der Website von Loire Gourmande. Weinh\u00e4ndler in Turquant (49).","breadcrumb":{"@id":"https:\/\/www.loire-gourmande.fr\/de\/Produkt\/chenin-blanc-touraine-amboise-domaine-montdomaine-2022\/#breadcrumb"},"inLanguage":"de","potentialAction":[{"@type":"ReadAction","target":["https:\/\/www.loire-gourmande.fr\/de\/Produkt\/chenin-blanc-touraine-amboise-domaine-montdomaine-2022\/"]}]},{"@type":"ImageObject","inLanguage":"de","@id":"https:\/\/www.loire-gourmande.fr\/de\/Produkt\/chenin-blanc-touraine-amboise-domaine-montdomaine-2022\/#primaryimage","url":"https:\/\/www.loire-gourmande.fr\/wp-content\/uploads\/2024\/02\/Blanc.jpg","contentUrl":"https:\/\/www.loire-gourmande.fr\/wp-content\/uploads\/2024\/02\/Blanc.jpg","width":800,"height":800},{"@type":"BreadcrumbList","@id":"https:\/\/www.loire-gourmande.fr\/de\/Produkt\/chenin-blanc-touraine-amboise-domaine-montdomaine-2022\/#breadcrumb","itemListElement":[{"@type":"ListItem","position":1,"name":"Startseite","item":"https:\/\/www.loire-gourmande.fr\/de\/"},{"@type":"ListItem","position":2,"name":"Die Boutique de Loire Gourmande: die Weine der Loire","item":"https:\/\/www.loire-gourmande.fr\/de\/woocommerce\/"},{"@type":"ListItem","position":3,"name":"Die Weine","item":"https:\/\/www.loire-gourmande.fr\/de\/Produktkategorie\/die-weine\/"},{"@type":"ListItem","position":4,"name":"Bio Wein","item":"https:\/\/www.loire-gourmande.fr\/de\/Produktkategorie\/die-weine\/bio-wein\/"},{"@type":"ListItem","position":5,"name":"CHENIN BLANC TOURAINE AMBOISE DOMAINE MONTDOMAINE 2022"}]},{"@type":"WebSite","@id":"https:\/\/www.loire-gourmande.fr\/de\/#website","url":"https:\/\/www.loire-gourmande.fr\/de\/","name":"Loire Gourmande, une \u00e9tape savoureuse","description":"une d\u00e9gustation \u00e0 toute heure et une boutique \u00e0 visiter \u00e0 Turquant (49)","publisher":{"@id":"https:\/\/www.loire-gourmande.fr\/de\/#organization"},"potentialAction":[{"@type":"SearchAction","target":{"@type":"EntryPoint","urlTemplate":"https:\/\/www.loire-gourmande.fr\/de\/?s={search_term_string}"},"query-input":{"@type":"PropertyValueSpecification","valueRequired":true,"valueName":"search_term_string"}}],"inLanguage":"de"},{"@type":"Organization","@id":"https:\/\/www.loire-gourmande.fr\/de\/#organization","name":"Loire Gourmande - Schnellrestaurant und Besuch in Turquant (49)","url":"https:\/\/www.loire-gourmande.fr\/de\/","logo":{"@type":"ImageObject","inLanguage":"de","@id":"https:\/\/www.loire-gourmande.fr\/de\/#\/schema\/logo\/image\/","url":"https:\/\/www.loire-gourmande.fr\/wp-content\/uploads\/2020\/10\/loire-gourmande-logo.jpg","contentUrl":"https:\/\/www.loire-gourmande.fr\/wp-content\/uploads\/2020\/10\/loire-gourmande-logo.jpg","width":800,"height":415,"caption":"Loire Gourmande - Schnellrestaurant und Besuch in Turquant (49)"},"image":{"@id":"https:\/\/www.loire-gourmande.fr\/de\/#\/schema\/logo\/image\/"},"sameAs":["https:\/\/www.facebook.com\/Loire-Gourmande-Turquant-101991328328493\/","https:\/\/www.instagram.com\/jean_yves_auradon\/?igshid=1ta3mfjka326t"]}]}},"_links":{"self":[{"href":"https:\/\/www.loire-gourmande.fr\/de\/wp-json\/wp\/v2\/product\/10930","targetHints":{"allow":["GET"]}}],"collection":[{"href":"https:\/\/www.loire-gourmande.fr\/de\/wp-json\/wp\/v2\/product"}],"about":[{"href":"https:\/\/www.loire-gourmande.fr\/de\/wp-json\/wp\/v2\/types\/product"}],"version-history":[{"count":2,"href":"https:\/\/www.loire-gourmande.fr\/de\/wp-json\/wp\/v2\/product\/10930\/revisions"}],"predecessor-version":[{"id":13013,"href":"https:\/\/www.loire-gourmande.fr\/de\/wp-json\/wp\/v2\/product\/10930\/revisions\/13013"}],"wp:featuredmedia":[{"embeddable":true,"href":"https:\/\/www.loire-gourmande.fr\/de\/wp-json\/wp\/v2\/media\/10934"}],"wp:attachment":[{"href":"https:\/\/www.loire-gourmande.fr\/de\/wp-json\/wp\/v2\/media?parent=10930"}],"wp:term":[{"taxonomy":"product_brand","embeddable":true,"href":"https:\/\/www.loire-gourmande.fr\/de\/wp-json\/wp\/v2\/product_brand?post=10930"},{"taxonomy":"product_cat","embeddable":true,"href":"https:\/\/www.loire-gourmande.fr\/de\/wp-json\/wp\/v2\/product_cat?post=10930"},{"taxonomy":"product_tag","embeddable":true,"href":"https:\/\/www.loire-gourmande.fr\/de\/wp-json\/wp\/v2\/product_tag?post=10930"}],"curies":[{"name":"wp","href":"https:\/\/api.w.org\/{rel}","templated":true}]}}