{"id":10946,"date":"2024-02-25T13:14:39","date_gmt":"2024-02-25T12:14:39","guid":{"rendered":"https:\/\/www.loire-gourmande.fr\/produit\/knieillet-intenporel-vdf-domaine-de-villalin\/"},"modified":"2026-04-25T19:03:40","modified_gmt":"2026-04-25T18:03:40","slug":"knieillet-intenporel-vdf-domaine-de-villalin","status":"publish","type":"product","link":"https:\/\/www.loire-gourmande.fr\/de\/Produkt\/knieillet-intenporel-vdf-domaine-de-villalin\/","title":{"rendered":"KNIEILLET INTENPOREL VDF DOMAINE DE VILLALIN"},"content":{"rendered":"<p class=\"titre-detail\">Erfahrungsberichte: Originalit\u00e4t bei den Rebsorten der Loire<\/p>\n<p class=\"font_0 wixui-rich-text__text\">M\u00f6chten Sie Ihrer Party einen Hauch von Magie verleihen? Wir schlagen vor, dass Sie sich eine Flasche Zeitlos teilen!<br class=\"wixui-rich-text__text\">Dieser wunderbare Wein wird aus der Rebsorte &#8222;Genouillet&#8220; hergestellt.  <br class=\"wixui-rich-text__text\">Diese Rebsorte aus alten Zeiten wurde von unserem Weingut wieder zum Leben erweckt. Seine Noten von frischen und knackigen roten Fr\u00fcchten sowie seine Vollmundigkeit werden Sie mit Vergn\u00fcgen \u00fcberraschen!<\/p>\n<div>\n<p><strong>Le Genouillet<\/strong>, Domaine Villalin in Quincy 18120, Wein aus Frankreich<\/p>\n<\/div>\n<div>\n<p>Sie stammt aus Zentralfrankreich und bildete vor der Phylloxera-Krise den Grundstock der Rebsorten in den Weinbergen von Berry (Champagne berrichonne). W\u00e4hrend des Wiederaufbaus der Weinberge nach der Phylloxera-Krise wurde er kaum wiederbepflanzt. 1958 gab es nur noch 2 ha Genouillet. Le Genouillet ist seit 2011 im offiziellen Katalog aufgef\u00fchrt. Im Jahr 2020 haben sieben Winzer Knieillet angepflanzt und produzieren Wein in sortenreiner oder gemischter Form. 3 ha heute.<\/p>\n<\/div>\n<div>\n<p>Aromen von frischen roten Fr\u00fcchten, knackig mit einem runden und leckeren Mund, leicht w\u00fcrzig<\/p>\n<\/div>\n<p><strong><br \/>\n  <span style=\"font-size: 15pt;\"><br \/>\n    <span style=\"font-size: 12pt;\">Abstimmung von Wein und Speisen:<br \/>\n<\/span><br \/>\n  <\/span><br \/>\n<\/strong>Franz\u00f6sischer Wein mit Piment d&#8217;Espelette-Pastete, K\u00e4se- und Wurstplatte, z\u00f6gern Sie nicht, diesen Moment mit uns zu teilen!<\/p>\n","protected":false},"excerpt":{"rendered":"<p class=\"font_0 wixui-rich-text__text\"><span class=\"wixui-rich-text__text\"><span class=\"color_15 wixui-rich-text__text\"><strong>Die Dom\u00e4ne besteht aus:<\/strong><br \/>\n<\/span><\/span><span class=\"wixui-rich-text__text\"><span class=\"color_15 wixui-rich-text__text\">9 Hektar Sauvignon<br \/>\n<\/span><\/span><span class=\"wixui-rich-text__text\"><span class=\"color_15 wixui-rich-text__text\">1 Hektar Pinot Noir und Pinot Gris<br \/>\n<\/span><\/span><span class=\"wixui-rich-text__text\"><span class=\"color_15 wixui-rich-text__text\">1 Hektar Genouillet.<br \/>\n<\/span><\/span><span class=\"wixui-rich-text__text\"><span class=\"color_15 wixui-rich-text__text\">Das Anwesen bewirtschaftet die Reben in einem Geist und Ansatz mit gr\u00f6\u00dftem Respekt vor der Natur.<br \/>\n<\/span><\/span><span class=\"wixui-rich-text__text\"><span class=\"color_15 wixui-rich-text__text\">Das Anwesen bietet eine Sauvignon-Cuv\u00e9e an:<br \/>\n<\/span><\/span><span class=\"wixui-rich-text__text\"><span class=\"color_15 wixui-rich-text__text\">Die &#8222;Tradition&#8220;-Cuv\u00e9e ist eine Mischung all unserer Parzellen am linken und rechten Ufer des Cher und entwickelt sich auf einem tonig-sandigen Boden, was eine Mineralit\u00e4t verleiht, die in unserem Wei\u00dfwein etwas pr\u00e4senter ist.  <\/span><\/span><span class=\"wixui-rich-text__text\"><span class=\"color_15 wixui-rich-text__text\">Es gibt auch einen Rotwein aus der Rebsorte Pinot Noir sowie einen Ros\u00e9-Wein aus der Rebsorte Pinot Gris. Diese beiden Weine werden als &#8222;vin de pays des coteaux du Cher et de l&#8217;Arnon&#8220; klassifiziert.<br \/>\n<\/span><\/span><span class=\"wixui-rich-text__text\"><br \/>\n  <span class=\"wixGuard wixui-rich-text__text\"><br \/>\n<\/span><span class=\"wixui-rich-text__text\"><br \/>\n  <span class=\"color_15 wixui-rich-text__text\">Eine Neuheit ist &#8222;Intemporel&#8220;, ein Wein aus einer Plantage von Genouillet, einer seltenen und alten Rebsorte aus dem Berry.<\/span><br \/>\n<\/span><\/span><\/p>\n","protected":false},"featured_media":14378,"template":"","meta":{"inline_featured_image":false},"product_brand":[],"product_cat":[623,600,601,624],"product_tag":[626],"class_list":{"0":"post-10946","1":"product","2":"type-product","3":"status-publish","4":"has-post-thumbnail","6":"product_cat-berry-de","7":"product_cat-die-weine","8":"product_cat-rot","9":"product_cat-vergessene-rebsorten","10":"product_tag-aperitif-kase-aufschnitt-de","11":"product_shipping_class-flasche","13":"first","14":"instock","15":"featured","16":"taxable","17":"shipping-taxable","18":"purchasable","19":"product-type-simple"},"yoast_head":"<!-- This site is optimized with the Yoast SEO plugin v27.6 - https:\/\/yoast.com\/product\/yoast-seo-wordpress\/ -->\n<title>KNIEILLET INTENPOREL VDF DOMAINE DE VILLALIN - Loire Gourmande - une \u00e9tape savoureuse<\/title>\n<meta name=\"description\" content=\"KNIEILLET INTENPOREL VDF DOMAINE DE VILLALIN . Weine von der Loire. Bestellung im Weinkeller auf der Website von Loire Gourmande. Weinh\u00e4ndler in Turquant (49).\" \/>\n<meta name=\"robots\" content=\"index, follow, max-snippet:-1, max-image-preview:large, max-video-preview:-1\" \/>\n<link rel=\"canonical\" href=\"https:\/\/www.loire-gourmande.fr\/de\/Produkt\/knieillet-intenporel-vdf-domaine-de-villalin\/\" \/>\n<meta property=\"og:locale\" content=\"de_DE\" \/>\n<meta property=\"og:type\" content=\"article\" \/>\n<meta property=\"og:title\" content=\"KNIEILLET INTENPOREL VDF DOMAINE DE VILLALIN - Loire Gourmande - une \u00e9tape savoureuse\" \/>\n<meta property=\"og:description\" content=\"KNIEILLET INTENPOREL VDF DOMAINE DE VILLALIN . Weine von der Loire. Bestellung im Weinkeller auf der Website von Loire Gourmande. Weinh\u00e4ndler in Turquant (49).\" \/>\n<meta property=\"og:url\" content=\"https:\/\/www.loire-gourmande.fr\/de\/Produkt\/knieillet-intenporel-vdf-domaine-de-villalin\/\" \/>\n<meta property=\"og:site_name\" content=\"Loire Gourmande - une \u00e9tape savoureuse\" \/>\n<meta property=\"article:publisher\" content=\"https:\/\/www.facebook.com\/Loire-Gourmande-Turquant-101991328328493\/\" \/>\n<meta property=\"article:modified_time\" content=\"2026-04-25T18:03:40+00:00\" \/>\n<meta property=\"og:image\" content=\"https:\/\/www.loire-gourmande.fr\/wp-content\/uploads\/2024\/02\/GENOUILLET-INTENPOREL-VDF-DOMAINE-DE-VILLALIN.jpg\" \/>\n\t<meta property=\"og:image:width\" content=\"800\" \/>\n\t<meta property=\"og:image:height\" content=\"800\" \/>\n\t<meta property=\"og:image:type\" content=\"image\/jpeg\" \/>\n<meta name=\"twitter:card\" content=\"summary_large_image\" \/>\n<meta name=\"twitter:label1\" content=\"Gesch\u00e4tzte Lesezeit\" \/>\n\t<meta name=\"twitter:data1\" content=\"1\u00a0Minute\" \/>\n<script type=\"application\/ld+json\" class=\"yoast-schema-graph\">{\"@context\":\"https:\\\/\\\/schema.org\",\"@graph\":[{\"@type\":\"WebPage\",\"@id\":\"https:\\\/\\\/www.loire-gourmande.fr\\\/de\\\/Produkt\\\/knieillet-intenporel-vdf-domaine-de-villalin\\\/\",\"url\":\"https:\\\/\\\/www.loire-gourmande.fr\\\/de\\\/Produkt\\\/knieillet-intenporel-vdf-domaine-de-villalin\\\/\",\"name\":\"KNIEILLET INTENPOREL VDF DOMAINE DE VILLALIN - Loire Gourmande - une \u00e9tape savoureuse\",\"isPartOf\":{\"@id\":\"https:\\\/\\\/www.loire-gourmande.fr\\\/de\\\/#website\"},\"primaryImageOfPage\":{\"@id\":\"https:\\\/\\\/www.loire-gourmande.fr\\\/de\\\/Produkt\\\/knieillet-intenporel-vdf-domaine-de-villalin\\\/#primaryimage\"},\"image\":{\"@id\":\"https:\\\/\\\/www.loire-gourmande.fr\\\/de\\\/Produkt\\\/knieillet-intenporel-vdf-domaine-de-villalin\\\/#primaryimage\"},\"thumbnailUrl\":\"https:\\\/\\\/www.loire-gourmande.fr\\\/wp-content\\\/uploads\\\/2024\\\/02\\\/GENOUILLET-INTENPOREL-VDF-DOMAINE-DE-VILLALIN.jpg\",\"datePublished\":\"2024-02-25T12:14:39+00:00\",\"dateModified\":\"2026-04-25T18:03:40+00:00\",\"description\":\"KNIEILLET INTENPOREL VDF DOMAINE DE VILLALIN . Weine von der Loire. Bestellung im Weinkeller auf der Website von Loire Gourmande. Weinh\u00e4ndler in Turquant (49).\",\"breadcrumb\":{\"@id\":\"https:\\\/\\\/www.loire-gourmande.fr\\\/de\\\/Produkt\\\/knieillet-intenporel-vdf-domaine-de-villalin\\\/#breadcrumb\"},\"inLanguage\":\"de\",\"potentialAction\":[{\"@type\":\"ReadAction\",\"target\":[\"https:\\\/\\\/www.loire-gourmande.fr\\\/de\\\/Produkt\\\/knieillet-intenporel-vdf-domaine-de-villalin\\\/\"]}]},{\"@type\":\"ImageObject\",\"inLanguage\":\"de\",\"@id\":\"https:\\\/\\\/www.loire-gourmande.fr\\\/de\\\/Produkt\\\/knieillet-intenporel-vdf-domaine-de-villalin\\\/#primaryimage\",\"url\":\"https:\\\/\\\/www.loire-gourmande.fr\\\/wp-content\\\/uploads\\\/2024\\\/02\\\/GENOUILLET-INTENPOREL-VDF-DOMAINE-DE-VILLALIN.jpg\",\"contentUrl\":\"https:\\\/\\\/www.loire-gourmande.fr\\\/wp-content\\\/uploads\\\/2024\\\/02\\\/GENOUILLET-INTENPOREL-VDF-DOMAINE-DE-VILLALIN.jpg\",\"width\":800,\"height\":800},{\"@type\":\"BreadcrumbList\",\"@id\":\"https:\\\/\\\/www.loire-gourmande.fr\\\/de\\\/Produkt\\\/knieillet-intenporel-vdf-domaine-de-villalin\\\/#breadcrumb\",\"itemListElement\":[{\"@type\":\"ListItem\",\"position\":1,\"name\":\"Startseite\",\"item\":\"https:\\\/\\\/www.loire-gourmande.fr\\\/de\\\/\"},{\"@type\":\"ListItem\",\"position\":2,\"name\":\"Die Boutique de Loire Gourmande: die Weine der Loire\",\"item\":\"https:\\\/\\\/www.loire-gourmande.fr\\\/de\\\/woocommerce\\\/\"},{\"@type\":\"ListItem\",\"position\":3,\"name\":\"Die Weine\",\"item\":\"https:\\\/\\\/www.loire-gourmande.fr\\\/de\\\/Produktkategorie\\\/die-weine\\\/\"},{\"@type\":\"ListItem\",\"position\":4,\"name\":\"Berry\",\"item\":\"https:\\\/\\\/www.loire-gourmande.fr\\\/de\\\/Produktkategorie\\\/die-weine\\\/berry-de\\\/\"},{\"@type\":\"ListItem\",\"position\":5,\"name\":\"KNIEILLET INTENPOREL VDF DOMAINE DE VILLALIN\"}]},{\"@type\":\"WebSite\",\"@id\":\"https:\\\/\\\/www.loire-gourmande.fr\\\/de\\\/#website\",\"url\":\"https:\\\/\\\/www.loire-gourmande.fr\\\/de\\\/\",\"name\":\"Loire Gourmande, une \u00e9tape savoureuse\",\"description\":\"une d\u00e9gustation \u00e0 toute heure et une boutique \u00e0 visiter \u00e0 Turquant (49)\",\"publisher\":{\"@id\":\"https:\\\/\\\/www.loire-gourmande.fr\\\/de\\\/#organization\"},\"potentialAction\":[{\"@type\":\"SearchAction\",\"target\":{\"@type\":\"EntryPoint\",\"urlTemplate\":\"https:\\\/\\\/www.loire-gourmande.fr\\\/de\\\/?s={search_term_string}\"},\"query-input\":{\"@type\":\"PropertyValueSpecification\",\"valueRequired\":true,\"valueName\":\"search_term_string\"}}],\"inLanguage\":\"de\"},{\"@type\":\"Organization\",\"@id\":\"https:\\\/\\\/www.loire-gourmande.fr\\\/de\\\/#organization\",\"name\":\"Loire Gourmande - Schnellrestaurant und Besuch in Turquant (49)\",\"url\":\"https:\\\/\\\/www.loire-gourmande.fr\\\/de\\\/\",\"logo\":{\"@type\":\"ImageObject\",\"inLanguage\":\"de\",\"@id\":\"https:\\\/\\\/www.loire-gourmande.fr\\\/de\\\/#\\\/schema\\\/logo\\\/image\\\/\",\"url\":\"https:\\\/\\\/www.loire-gourmande.fr\\\/wp-content\\\/uploads\\\/2020\\\/10\\\/loire-gourmande-logo.jpg\",\"contentUrl\":\"https:\\\/\\\/www.loire-gourmande.fr\\\/wp-content\\\/uploads\\\/2020\\\/10\\\/loire-gourmande-logo.jpg\",\"width\":800,\"height\":415,\"caption\":\"Loire Gourmande - Schnellrestaurant und Besuch in Turquant (49)\"},\"image\":{\"@id\":\"https:\\\/\\\/www.loire-gourmande.fr\\\/de\\\/#\\\/schema\\\/logo\\\/image\\\/\"},\"sameAs\":[\"https:\\\/\\\/www.facebook.com\\\/Loire-Gourmande-Turquant-101991328328493\\\/\",\"https:\\\/\\\/www.instagram.com\\\/jean_yves_auradon\\\/?igshid=1ta3mfjka326t\"]}]}<\/script>\n<!-- \/ Yoast SEO plugin. -->","yoast_head_json":{"title":"KNIEILLET INTENPOREL VDF DOMAINE DE VILLALIN - Loire Gourmande - une \u00e9tape savoureuse","description":"KNIEILLET INTENPOREL VDF DOMAINE DE VILLALIN . Weine von der Loire. Bestellung im Weinkeller auf der Website von Loire Gourmande. Weinh\u00e4ndler in Turquant (49).","robots":{"index":"index","follow":"follow","max-snippet":"max-snippet:-1","max-image-preview":"max-image-preview:large","max-video-preview":"max-video-preview:-1"},"canonical":"https:\/\/www.loire-gourmande.fr\/de\/Produkt\/knieillet-intenporel-vdf-domaine-de-villalin\/","og_locale":"de_DE","og_type":"article","og_title":"KNIEILLET INTENPOREL VDF DOMAINE DE VILLALIN - Loire Gourmande - une \u00e9tape savoureuse","og_description":"KNIEILLET INTENPOREL VDF DOMAINE DE VILLALIN . Weine von der Loire. Bestellung im Weinkeller auf der Website von Loire Gourmande. Weinh\u00e4ndler in Turquant (49).","og_url":"https:\/\/www.loire-gourmande.fr\/de\/Produkt\/knieillet-intenporel-vdf-domaine-de-villalin\/","og_site_name":"Loire Gourmande - une \u00e9tape savoureuse","article_publisher":"https:\/\/www.facebook.com\/Loire-Gourmande-Turquant-101991328328493\/","article_modified_time":"2026-04-25T18:03:40+00:00","og_image":[{"width":800,"height":800,"url":"https:\/\/www.loire-gourmande.fr\/wp-content\/uploads\/2024\/02\/GENOUILLET-INTENPOREL-VDF-DOMAINE-DE-VILLALIN.jpg","type":"image\/jpeg"}],"twitter_card":"summary_large_image","twitter_misc":{"Gesch\u00e4tzte Lesezeit":"1\u00a0Minute"},"schema":{"@context":"https:\/\/schema.org","@graph":[{"@type":"WebPage","@id":"https:\/\/www.loire-gourmande.fr\/de\/Produkt\/knieillet-intenporel-vdf-domaine-de-villalin\/","url":"https:\/\/www.loire-gourmande.fr\/de\/Produkt\/knieillet-intenporel-vdf-domaine-de-villalin\/","name":"KNIEILLET INTENPOREL VDF DOMAINE DE VILLALIN - Loire Gourmande - une \u00e9tape savoureuse","isPartOf":{"@id":"https:\/\/www.loire-gourmande.fr\/de\/#website"},"primaryImageOfPage":{"@id":"https:\/\/www.loire-gourmande.fr\/de\/Produkt\/knieillet-intenporel-vdf-domaine-de-villalin\/#primaryimage"},"image":{"@id":"https:\/\/www.loire-gourmande.fr\/de\/Produkt\/knieillet-intenporel-vdf-domaine-de-villalin\/#primaryimage"},"thumbnailUrl":"https:\/\/www.loire-gourmande.fr\/wp-content\/uploads\/2024\/02\/GENOUILLET-INTENPOREL-VDF-DOMAINE-DE-VILLALIN.jpg","datePublished":"2024-02-25T12:14:39+00:00","dateModified":"2026-04-25T18:03:40+00:00","description":"KNIEILLET INTENPOREL VDF DOMAINE DE VILLALIN . Weine von der Loire. Bestellung im Weinkeller auf der Website von Loire Gourmande. Weinh\u00e4ndler in Turquant (49).","breadcrumb":{"@id":"https:\/\/www.loire-gourmande.fr\/de\/Produkt\/knieillet-intenporel-vdf-domaine-de-villalin\/#breadcrumb"},"inLanguage":"de","potentialAction":[{"@type":"ReadAction","target":["https:\/\/www.loire-gourmande.fr\/de\/Produkt\/knieillet-intenporel-vdf-domaine-de-villalin\/"]}]},{"@type":"ImageObject","inLanguage":"de","@id":"https:\/\/www.loire-gourmande.fr\/de\/Produkt\/knieillet-intenporel-vdf-domaine-de-villalin\/#primaryimage","url":"https:\/\/www.loire-gourmande.fr\/wp-content\/uploads\/2024\/02\/GENOUILLET-INTENPOREL-VDF-DOMAINE-DE-VILLALIN.jpg","contentUrl":"https:\/\/www.loire-gourmande.fr\/wp-content\/uploads\/2024\/02\/GENOUILLET-INTENPOREL-VDF-DOMAINE-DE-VILLALIN.jpg","width":800,"height":800},{"@type":"BreadcrumbList","@id":"https:\/\/www.loire-gourmande.fr\/de\/Produkt\/knieillet-intenporel-vdf-domaine-de-villalin\/#breadcrumb","itemListElement":[{"@type":"ListItem","position":1,"name":"Startseite","item":"https:\/\/www.loire-gourmande.fr\/de\/"},{"@type":"ListItem","position":2,"name":"Die Boutique de Loire Gourmande: die Weine der Loire","item":"https:\/\/www.loire-gourmande.fr\/de\/woocommerce\/"},{"@type":"ListItem","position":3,"name":"Die Weine","item":"https:\/\/www.loire-gourmande.fr\/de\/Produktkategorie\/die-weine\/"},{"@type":"ListItem","position":4,"name":"Berry","item":"https:\/\/www.loire-gourmande.fr\/de\/Produktkategorie\/die-weine\/berry-de\/"},{"@type":"ListItem","position":5,"name":"KNIEILLET INTENPOREL VDF DOMAINE DE VILLALIN"}]},{"@type":"WebSite","@id":"https:\/\/www.loire-gourmande.fr\/de\/#website","url":"https:\/\/www.loire-gourmande.fr\/de\/","name":"Loire Gourmande, une \u00e9tape savoureuse","description":"une d\u00e9gustation \u00e0 toute heure et une boutique \u00e0 visiter \u00e0 Turquant (49)","publisher":{"@id":"https:\/\/www.loire-gourmande.fr\/de\/#organization"},"potentialAction":[{"@type":"SearchAction","target":{"@type":"EntryPoint","urlTemplate":"https:\/\/www.loire-gourmande.fr\/de\/?s={search_term_string}"},"query-input":{"@type":"PropertyValueSpecification","valueRequired":true,"valueName":"search_term_string"}}],"inLanguage":"de"},{"@type":"Organization","@id":"https:\/\/www.loire-gourmande.fr\/de\/#organization","name":"Loire Gourmande - Schnellrestaurant und Besuch in Turquant (49)","url":"https:\/\/www.loire-gourmande.fr\/de\/","logo":{"@type":"ImageObject","inLanguage":"de","@id":"https:\/\/www.loire-gourmande.fr\/de\/#\/schema\/logo\/image\/","url":"https:\/\/www.loire-gourmande.fr\/wp-content\/uploads\/2020\/10\/loire-gourmande-logo.jpg","contentUrl":"https:\/\/www.loire-gourmande.fr\/wp-content\/uploads\/2020\/10\/loire-gourmande-logo.jpg","width":800,"height":415,"caption":"Loire Gourmande - Schnellrestaurant und Besuch in Turquant (49)"},"image":{"@id":"https:\/\/www.loire-gourmande.fr\/de\/#\/schema\/logo\/image\/"},"sameAs":["https:\/\/www.facebook.com\/Loire-Gourmande-Turquant-101991328328493\/","https:\/\/www.instagram.com\/jean_yves_auradon\/?igshid=1ta3mfjka326t"]}]}},"_links":{"self":[{"href":"https:\/\/www.loire-gourmande.fr\/de\/wp-json\/wp\/v2\/product\/10946","targetHints":{"allow":["GET"]}}],"collection":[{"href":"https:\/\/www.loire-gourmande.fr\/de\/wp-json\/wp\/v2\/product"}],"about":[{"href":"https:\/\/www.loire-gourmande.fr\/de\/wp-json\/wp\/v2\/types\/product"}],"version-history":[{"count":2,"href":"https:\/\/www.loire-gourmande.fr\/de\/wp-json\/wp\/v2\/product\/10946\/revisions"}],"predecessor-version":[{"id":14260,"href":"https:\/\/www.loire-gourmande.fr\/de\/wp-json\/wp\/v2\/product\/10946\/revisions\/14260"}],"wp:featuredmedia":[{"embeddable":true,"href":"https:\/\/www.loire-gourmande.fr\/de\/wp-json\/wp\/v2\/media\/14378"}],"wp:attachment":[{"href":"https:\/\/www.loire-gourmande.fr\/de\/wp-json\/wp\/v2\/media?parent=10946"}],"wp:term":[{"taxonomy":"product_brand","embeddable":true,"href":"https:\/\/www.loire-gourmande.fr\/de\/wp-json\/wp\/v2\/product_brand?post=10946"},{"taxonomy":"product_cat","embeddable":true,"href":"https:\/\/www.loire-gourmande.fr\/de\/wp-json\/wp\/v2\/product_cat?post=10946"},{"taxonomy":"product_tag","embeddable":true,"href":"https:\/\/www.loire-gourmande.fr\/de\/wp-json\/wp\/v2\/product_tag?post=10946"}],"curies":[{"name":"wp","href":"https:\/\/api.w.org\/{rel}","templated":true}]}}