{"id":10950,"date":"2024-02-04T09:00:10","date_gmt":"2024-02-04T09:00:10","guid":{"rendered":"https:\/\/www.loire-gourmande.fr\/produit\/gros-plant-aop-domaine-henri-poiron\/"},"modified":"2025-05-27T16:30:36","modified_gmt":"2025-05-27T15:30:36","slug":"gros-plant-aop-domaine-henri-poiron","status":"publish","type":"product","link":"https:\/\/www.loire-gourmande.fr\/de\/Produkt\/gros-plant-aop-domaine-henri-poiron\/","title":{"rendered":"GROS PLANT AOP DOMAINE HENRI POIRON"},"content":{"rendered":"<p>Der Gros Plant du Pays Nantais ist ein trockener, s\u00e4uerlicher Wei\u00dfwein aus dem Pays Nantais, dem Weinbaubezirk um die Stadt Nantes im westlichen Loiretal. Die Appellation deckt praktisch das gleiche geographische Gebiet wie die wichtigste Appellation der Region, Muscadet, ab, mit etwas mehr Land im Westen, nahe der Atlantikk\u00fcste, und mit dem Verlust einiger Gemeinden weiter im Landesinneren, im Osten.<\/p>\n<p>Er sollte in seiner Jugend getrunken werden, beh\u00e4lt aber seine Frische und seinen Charakter f\u00fcr mindestens 2 bis 3 Jahre.<br \/>\nSeine zitronigen Aromen, sein offener und lebendiger Charakter am Gaumen.<\/p>\n<p><strong>Rebsorte:<\/strong> Folle Blanche<br \/>\n<strong>Boden: <\/strong>Lehm, Schieferuntergrund<br \/>\n<strong>Robe:<\/strong> Sehr helles Gelb mit grauen Reflexen<br \/>\n<strong>Nase:<\/strong> lebhaft und ehrlich mit einer sch\u00f6nen harmonischen Frische, Noten von Zitrusfr\u00fcchten, gute L\u00e4nge am Gaumen<br \/>\n<strong>Lagerf\u00e4higkeit: <\/strong>2 Jahre und mehr<br \/>\n<strong>Serviertemperatur: K\u00fchl servieren bei 8\u00b0-10\u00b0C<br \/>\nPasst <\/strong>zu: Meeresfr\u00fcchteplatte, Austern aus der Vend\u00e9e oder der Bretagne, Fischrillettes mit Flusskrebsen, Muschelsalat mit Salicornia, Muscheln, Krustentiere, gegrillte Sardinen, Ziegenk\u00e4se vom Typ sainte Maure de Touraine oder Crottin de Chavignol.<\/p>\n","protected":false},"excerpt":{"rendered":"<div class=\"page\" title=\"Seite 2\">\n<div class=\"layoutArea\">\n<div class=\"column\">\n<p>Die Familie Poiron ist seit 1858 Winzer und seit 1890 Baumschulg\u00e4rtner und die Wurzeln der Familie sind tief mit dem Weinbau verbunden. Eric ist heute der Handwerker mit der Leidenschaft und Authentizit\u00e4t, die ihn beseelt, im Respekt der Traditionen.<br \/>\n<strong>Die Cuv\u00e9es:<\/strong> Muscadet: Domaine des quatre routes, Domaine du Manoir, Ch\u00e2teau des Grandes No\u00eblles, fief Giraud, Ch\u00e2teau de la Bidi\u00e8re, Cru Communal Monni\u00e8res St Fiacre. Landweine: Gamay ros\u00e9 und Cabernet ros\u00e9. Rot: Cabernet. Traditionelle Methode. (Apfelsaft).<br \/>\n<strong>Die Terroirs:<\/strong> Schiefer, Glimmerschiefer. Gneis, Orthogneis. Schluffiger Sand.<br \/>\nDie Rebsorten:<br \/>\n Melon de Bourgogne, Folle Blanche, Cabernet Franc &amp; Sauvignon, Gamay, Chardonnay.<br \/>\n<strong>DOP &amp; IGP: <\/strong>DOP Muscadet S\u00e8vre &amp; Maine. DOP Gros Plant du Pays Nantais. Landweine aus dem Loiretal g.g.A. Traditionelle Methode.<\/p>\n<\/div>\n<\/div>\n<\/div>\n","protected":false},"featured_media":10957,"template":"","meta":{"inline_featured_image":false},"product_brand":[],"product_cat":[600,611,608],"product_tag":[615,617],"class_list":{"0":"post-10950","1":"product","2":"type-product","3":"status-publish","4":"has-post-thumbnail","6":"product_cat-die-weine","7":"product_cat-weinberge-nantes","8":"product_cat-weis","9":"product_tag-wein","10":"product_tag-weis","11":"product_shipping_class-flasche","13":"first","14":"instock","15":"featured","16":"taxable","17":"shipping-taxable","18":"purchasable","19":"product-type-simple"},"yoast_head":"<!-- This site is optimized with the Yoast SEO plugin v27.6 - https:\/\/yoast.com\/product\/yoast-seo-wordpress\/ -->\n<title>GROS PLANT AOP DOMAINE HENRI POIRON - Loire Gourmande - une \u00e9tape savoureuse<\/title>\n<meta name=\"description\" content=\"GROS PLANT AOP DOMAINE HENRI POIRON. Wein aus der Loire. Bestellung im Weinkeller auf der Website von Loire Gourmande. Weinh\u00e4ndler in Turquant (49).\" \/>\n<meta name=\"robots\" content=\"index, follow, max-snippet:-1, max-image-preview:large, max-video-preview:-1\" \/>\n<link rel=\"canonical\" href=\"https:\/\/www.loire-gourmande.fr\/de\/Produkt\/gros-plant-aop-domaine-henri-poiron\/\" \/>\n<meta property=\"og:locale\" content=\"de_DE\" \/>\n<meta property=\"og:type\" content=\"article\" \/>\n<meta property=\"og:title\" content=\"GROS PLANT AOP DOMAINE HENRI POIRON - Loire Gourmande - une \u00e9tape savoureuse\" \/>\n<meta property=\"og:description\" content=\"GROS PLANT AOP DOMAINE HENRI POIRON. Wein aus der Loire. Bestellung im Weinkeller auf der Website von Loire Gourmande. Weinh\u00e4ndler in Turquant (49).\" \/>\n<meta property=\"og:url\" content=\"https:\/\/www.loire-gourmande.fr\/de\/Produkt\/gros-plant-aop-domaine-henri-poiron\/\" \/>\n<meta property=\"og:site_name\" content=\"Loire Gourmande - une \u00e9tape savoureuse\" \/>\n<meta property=\"article:publisher\" content=\"https:\/\/www.facebook.com\/Loire-Gourmande-Turquant-101991328328493\/\" \/>\n<meta property=\"article:modified_time\" content=\"2025-05-27T15:30:36+00:00\" \/>\n<meta property=\"og:image\" content=\"https:\/\/www.loire-gourmande.fr\/wp-content\/uploads\/2021\/04\/Gros-plant.jpg\" \/>\n\t<meta property=\"og:image:width\" content=\"800\" \/>\n\t<meta property=\"og:image:height\" content=\"800\" \/>\n\t<meta property=\"og:image:type\" content=\"image\/jpeg\" \/>\n<meta name=\"twitter:card\" content=\"summary_large_image\" \/>\n<meta name=\"twitter:label1\" content=\"Gesch\u00e4tzte Lesezeit\" \/>\n\t<meta name=\"twitter:data1\" content=\"1\u00a0Minute\" \/>\n<script type=\"application\/ld+json\" class=\"yoast-schema-graph\">{\"@context\":\"https:\\\/\\\/schema.org\",\"@graph\":[{\"@type\":\"WebPage\",\"@id\":\"https:\\\/\\\/www.loire-gourmande.fr\\\/de\\\/Produkt\\\/gros-plant-aop-domaine-henri-poiron\\\/\",\"url\":\"https:\\\/\\\/www.loire-gourmande.fr\\\/de\\\/Produkt\\\/gros-plant-aop-domaine-henri-poiron\\\/\",\"name\":\"GROS PLANT AOP DOMAINE HENRI POIRON - Loire Gourmande - une \u00e9tape savoureuse\",\"isPartOf\":{\"@id\":\"https:\\\/\\\/www.loire-gourmande.fr\\\/de\\\/#website\"},\"primaryImageOfPage\":{\"@id\":\"https:\\\/\\\/www.loire-gourmande.fr\\\/de\\\/Produkt\\\/gros-plant-aop-domaine-henri-poiron\\\/#primaryimage\"},\"image\":{\"@id\":\"https:\\\/\\\/www.loire-gourmande.fr\\\/de\\\/Produkt\\\/gros-plant-aop-domaine-henri-poiron\\\/#primaryimage\"},\"thumbnailUrl\":\"https:\\\/\\\/www.loire-gourmande.fr\\\/wp-content\\\/uploads\\\/2021\\\/04\\\/Gros-plant.jpg\",\"datePublished\":\"2024-02-04T09:00:10+00:00\",\"dateModified\":\"2025-05-27T15:30:36+00:00\",\"description\":\"GROS PLANT AOP DOMAINE HENRI POIRON. Wein aus der Loire. Bestellung im Weinkeller auf der Website von Loire Gourmande. Weinh\u00e4ndler in Turquant (49).\",\"breadcrumb\":{\"@id\":\"https:\\\/\\\/www.loire-gourmande.fr\\\/de\\\/Produkt\\\/gros-plant-aop-domaine-henri-poiron\\\/#breadcrumb\"},\"inLanguage\":\"de\",\"potentialAction\":[{\"@type\":\"ReadAction\",\"target\":[\"https:\\\/\\\/www.loire-gourmande.fr\\\/de\\\/Produkt\\\/gros-plant-aop-domaine-henri-poiron\\\/\"]}]},{\"@type\":\"ImageObject\",\"inLanguage\":\"de\",\"@id\":\"https:\\\/\\\/www.loire-gourmande.fr\\\/de\\\/Produkt\\\/gros-plant-aop-domaine-henri-poiron\\\/#primaryimage\",\"url\":\"https:\\\/\\\/www.loire-gourmande.fr\\\/wp-content\\\/uploads\\\/2021\\\/04\\\/Gros-plant.jpg\",\"contentUrl\":\"https:\\\/\\\/www.loire-gourmande.fr\\\/wp-content\\\/uploads\\\/2021\\\/04\\\/Gros-plant.jpg\",\"width\":800,\"height\":800},{\"@type\":\"BreadcrumbList\",\"@id\":\"https:\\\/\\\/www.loire-gourmande.fr\\\/de\\\/Produkt\\\/gros-plant-aop-domaine-henri-poiron\\\/#breadcrumb\",\"itemListElement\":[{\"@type\":\"ListItem\",\"position\":1,\"name\":\"Startseite\",\"item\":\"https:\\\/\\\/www.loire-gourmande.fr\\\/de\\\/\"},{\"@type\":\"ListItem\",\"position\":2,\"name\":\"Die Boutique de Loire Gourmande: die Weine der Loire\",\"item\":\"https:\\\/\\\/www.loire-gourmande.fr\\\/de\\\/woocommerce\\\/\"},{\"@type\":\"ListItem\",\"position\":3,\"name\":\"Die Weine\",\"item\":\"https:\\\/\\\/www.loire-gourmande.fr\\\/de\\\/Produktkategorie\\\/die-weine\\\/\"},{\"@type\":\"ListItem\",\"position\":4,\"name\":\"Weinberge Nantes\",\"item\":\"https:\\\/\\\/www.loire-gourmande.fr\\\/de\\\/Produktkategorie\\\/die-weine\\\/weinberge-nantes\\\/\"},{\"@type\":\"ListItem\",\"position\":5,\"name\":\"GROS PLANT AOP DOMAINE HENRI POIRON\"}]},{\"@type\":\"WebSite\",\"@id\":\"https:\\\/\\\/www.loire-gourmande.fr\\\/de\\\/#website\",\"url\":\"https:\\\/\\\/www.loire-gourmande.fr\\\/de\\\/\",\"name\":\"Loire Gourmande, une \u00e9tape savoureuse\",\"description\":\"une d\u00e9gustation \u00e0 toute heure et une boutique \u00e0 visiter \u00e0 Turquant (49)\",\"publisher\":{\"@id\":\"https:\\\/\\\/www.loire-gourmande.fr\\\/de\\\/#organization\"},\"potentialAction\":[{\"@type\":\"SearchAction\",\"target\":{\"@type\":\"EntryPoint\",\"urlTemplate\":\"https:\\\/\\\/www.loire-gourmande.fr\\\/de\\\/?s={search_term_string}\"},\"query-input\":{\"@type\":\"PropertyValueSpecification\",\"valueRequired\":true,\"valueName\":\"search_term_string\"}}],\"inLanguage\":\"de\"},{\"@type\":\"Organization\",\"@id\":\"https:\\\/\\\/www.loire-gourmande.fr\\\/de\\\/#organization\",\"name\":\"Loire Gourmande - Schnellrestaurant und Besuch in Turquant (49)\",\"url\":\"https:\\\/\\\/www.loire-gourmande.fr\\\/de\\\/\",\"logo\":{\"@type\":\"ImageObject\",\"inLanguage\":\"de\",\"@id\":\"https:\\\/\\\/www.loire-gourmande.fr\\\/de\\\/#\\\/schema\\\/logo\\\/image\\\/\",\"url\":\"https:\\\/\\\/www.loire-gourmande.fr\\\/wp-content\\\/uploads\\\/2020\\\/10\\\/loire-gourmande-logo.jpg\",\"contentUrl\":\"https:\\\/\\\/www.loire-gourmande.fr\\\/wp-content\\\/uploads\\\/2020\\\/10\\\/loire-gourmande-logo.jpg\",\"width\":800,\"height\":415,\"caption\":\"Loire Gourmande - Schnellrestaurant und Besuch in Turquant (49)\"},\"image\":{\"@id\":\"https:\\\/\\\/www.loire-gourmande.fr\\\/de\\\/#\\\/schema\\\/logo\\\/image\\\/\"},\"sameAs\":[\"https:\\\/\\\/www.facebook.com\\\/Loire-Gourmande-Turquant-101991328328493\\\/\",\"https:\\\/\\\/www.instagram.com\\\/jean_yves_auradon\\\/?igshid=1ta3mfjka326t\"]}]}<\/script>\n<!-- \/ Yoast SEO plugin. -->","yoast_head_json":{"title":"GROS PLANT AOP DOMAINE HENRI POIRON - Loire Gourmande - une \u00e9tape savoureuse","description":"GROS PLANT AOP DOMAINE HENRI POIRON. Wein aus der Loire. Bestellung im Weinkeller auf der Website von Loire Gourmande. Weinh\u00e4ndler in Turquant (49).","robots":{"index":"index","follow":"follow","max-snippet":"max-snippet:-1","max-image-preview":"max-image-preview:large","max-video-preview":"max-video-preview:-1"},"canonical":"https:\/\/www.loire-gourmande.fr\/de\/Produkt\/gros-plant-aop-domaine-henri-poiron\/","og_locale":"de_DE","og_type":"article","og_title":"GROS PLANT AOP DOMAINE HENRI POIRON - Loire Gourmande - une \u00e9tape savoureuse","og_description":"GROS PLANT AOP DOMAINE HENRI POIRON. Wein aus der Loire. Bestellung im Weinkeller auf der Website von Loire Gourmande. Weinh\u00e4ndler in Turquant (49).","og_url":"https:\/\/www.loire-gourmande.fr\/de\/Produkt\/gros-plant-aop-domaine-henri-poiron\/","og_site_name":"Loire Gourmande - une \u00e9tape savoureuse","article_publisher":"https:\/\/www.facebook.com\/Loire-Gourmande-Turquant-101991328328493\/","article_modified_time":"2025-05-27T15:30:36+00:00","og_image":[{"width":800,"height":800,"url":"https:\/\/www.loire-gourmande.fr\/wp-content\/uploads\/2021\/04\/Gros-plant.jpg","type":"image\/jpeg"}],"twitter_card":"summary_large_image","twitter_misc":{"Gesch\u00e4tzte Lesezeit":"1\u00a0Minute"},"schema":{"@context":"https:\/\/schema.org","@graph":[{"@type":"WebPage","@id":"https:\/\/www.loire-gourmande.fr\/de\/Produkt\/gros-plant-aop-domaine-henri-poiron\/","url":"https:\/\/www.loire-gourmande.fr\/de\/Produkt\/gros-plant-aop-domaine-henri-poiron\/","name":"GROS PLANT AOP DOMAINE HENRI POIRON - Loire Gourmande - une \u00e9tape savoureuse","isPartOf":{"@id":"https:\/\/www.loire-gourmande.fr\/de\/#website"},"primaryImageOfPage":{"@id":"https:\/\/www.loire-gourmande.fr\/de\/Produkt\/gros-plant-aop-domaine-henri-poiron\/#primaryimage"},"image":{"@id":"https:\/\/www.loire-gourmande.fr\/de\/Produkt\/gros-plant-aop-domaine-henri-poiron\/#primaryimage"},"thumbnailUrl":"https:\/\/www.loire-gourmande.fr\/wp-content\/uploads\/2021\/04\/Gros-plant.jpg","datePublished":"2024-02-04T09:00:10+00:00","dateModified":"2025-05-27T15:30:36+00:00","description":"GROS PLANT AOP DOMAINE HENRI POIRON. Wein aus der Loire. Bestellung im Weinkeller auf der Website von Loire Gourmande. Weinh\u00e4ndler in Turquant (49).","breadcrumb":{"@id":"https:\/\/www.loire-gourmande.fr\/de\/Produkt\/gros-plant-aop-domaine-henri-poiron\/#breadcrumb"},"inLanguage":"de","potentialAction":[{"@type":"ReadAction","target":["https:\/\/www.loire-gourmande.fr\/de\/Produkt\/gros-plant-aop-domaine-henri-poiron\/"]}]},{"@type":"ImageObject","inLanguage":"de","@id":"https:\/\/www.loire-gourmande.fr\/de\/Produkt\/gros-plant-aop-domaine-henri-poiron\/#primaryimage","url":"https:\/\/www.loire-gourmande.fr\/wp-content\/uploads\/2021\/04\/Gros-plant.jpg","contentUrl":"https:\/\/www.loire-gourmande.fr\/wp-content\/uploads\/2021\/04\/Gros-plant.jpg","width":800,"height":800},{"@type":"BreadcrumbList","@id":"https:\/\/www.loire-gourmande.fr\/de\/Produkt\/gros-plant-aop-domaine-henri-poiron\/#breadcrumb","itemListElement":[{"@type":"ListItem","position":1,"name":"Startseite","item":"https:\/\/www.loire-gourmande.fr\/de\/"},{"@type":"ListItem","position":2,"name":"Die Boutique de Loire Gourmande: die Weine der Loire","item":"https:\/\/www.loire-gourmande.fr\/de\/woocommerce\/"},{"@type":"ListItem","position":3,"name":"Die Weine","item":"https:\/\/www.loire-gourmande.fr\/de\/Produktkategorie\/die-weine\/"},{"@type":"ListItem","position":4,"name":"Weinberge Nantes","item":"https:\/\/www.loire-gourmande.fr\/de\/Produktkategorie\/die-weine\/weinberge-nantes\/"},{"@type":"ListItem","position":5,"name":"GROS PLANT AOP DOMAINE HENRI POIRON"}]},{"@type":"WebSite","@id":"https:\/\/www.loire-gourmande.fr\/de\/#website","url":"https:\/\/www.loire-gourmande.fr\/de\/","name":"Loire Gourmande, une \u00e9tape savoureuse","description":"une d\u00e9gustation \u00e0 toute heure et une boutique \u00e0 visiter \u00e0 Turquant (49)","publisher":{"@id":"https:\/\/www.loire-gourmande.fr\/de\/#organization"},"potentialAction":[{"@type":"SearchAction","target":{"@type":"EntryPoint","urlTemplate":"https:\/\/www.loire-gourmande.fr\/de\/?s={search_term_string}"},"query-input":{"@type":"PropertyValueSpecification","valueRequired":true,"valueName":"search_term_string"}}],"inLanguage":"de"},{"@type":"Organization","@id":"https:\/\/www.loire-gourmande.fr\/de\/#organization","name":"Loire Gourmande - Schnellrestaurant und Besuch in Turquant (49)","url":"https:\/\/www.loire-gourmande.fr\/de\/","logo":{"@type":"ImageObject","inLanguage":"de","@id":"https:\/\/www.loire-gourmande.fr\/de\/#\/schema\/logo\/image\/","url":"https:\/\/www.loire-gourmande.fr\/wp-content\/uploads\/2020\/10\/loire-gourmande-logo.jpg","contentUrl":"https:\/\/www.loire-gourmande.fr\/wp-content\/uploads\/2020\/10\/loire-gourmande-logo.jpg","width":800,"height":415,"caption":"Loire Gourmande - Schnellrestaurant und Besuch in Turquant (49)"},"image":{"@id":"https:\/\/www.loire-gourmande.fr\/de\/#\/schema\/logo\/image\/"},"sameAs":["https:\/\/www.facebook.com\/Loire-Gourmande-Turquant-101991328328493\/","https:\/\/www.instagram.com\/jean_yves_auradon\/?igshid=1ta3mfjka326t"]}]}},"_links":{"self":[{"href":"https:\/\/www.loire-gourmande.fr\/de\/wp-json\/wp\/v2\/product\/10950","targetHints":{"allow":["GET"]}}],"collection":[{"href":"https:\/\/www.loire-gourmande.fr\/de\/wp-json\/wp\/v2\/product"}],"about":[{"href":"https:\/\/www.loire-gourmande.fr\/de\/wp-json\/wp\/v2\/types\/product"}],"version-history":[{"count":2,"href":"https:\/\/www.loire-gourmande.fr\/de\/wp-json\/wp\/v2\/product\/10950\/revisions"}],"predecessor-version":[{"id":13168,"href":"https:\/\/www.loire-gourmande.fr\/de\/wp-json\/wp\/v2\/product\/10950\/revisions\/13168"}],"wp:featuredmedia":[{"embeddable":true,"href":"https:\/\/www.loire-gourmande.fr\/de\/wp-json\/wp\/v2\/media\/10957"}],"wp:attachment":[{"href":"https:\/\/www.loire-gourmande.fr\/de\/wp-json\/wp\/v2\/media?parent=10950"}],"wp:term":[{"taxonomy":"product_brand","embeddable":true,"href":"https:\/\/www.loire-gourmande.fr\/de\/wp-json\/wp\/v2\/product_brand?post=10950"},{"taxonomy":"product_cat","embeddable":true,"href":"https:\/\/www.loire-gourmande.fr\/de\/wp-json\/wp\/v2\/product_cat?post=10950"},{"taxonomy":"product_tag","embeddable":true,"href":"https:\/\/www.loire-gourmande.fr\/de\/wp-json\/wp\/v2\/product_tag?post=10950"}],"curies":[{"name":"wp","href":"https:\/\/api.w.org\/{rel}","templated":true}]}}