{"id":10953,"date":"2024-02-02T14:09:54","date_gmt":"2024-02-02T14:09:54","guid":{"rendered":"https:\/\/www.loire-gourmande.fr\/produit\/aop-cotes-dauvergne-puy-de-corent-desprat-saint-verny\/"},"modified":"2025-05-27T16:30:48","modified_gmt":"2025-05-27T15:30:48","slug":"aop-cotes-dauvergne-puy-de-corent-desprat-saint-verny","status":"publish","type":"product","link":"https:\/\/www.loire-gourmande.fr\/de\/Produkt\/aop-cotes-dauvergne-puy-de-corent-desprat-saint-verny\/","title":{"rendered":"AOP COTES D&#8217;AUVERGNE &#8222;Puy de Corent&#8220; DESPRAT SAINT VERNY"},"content":{"rendered":"<div>\n<p>Die Geschichte beginnt im Herzen von Aurillac, in der Rue des Forgerons, wo Felix Desprat die Cafetiers des Stadtzentrums bediente. Das Haus Desprat erlebte eine bedeutende Entwicklung, die von dem Gesch\u00e4ftssinn seines Gr\u00fcnders getragen wurde. Die Wahl fiel auf den nahegelegenen Chemin de Patay, am Eingang des Mandailles-Tals, das Jean Desprat, dem zweiten seines Namens, die Wiege f\u00fcr ein bl\u00fchendes Gesch\u00e4ft bieten sollte. Seine S\u00f6hne Jacques und Michel f\u00fchrten diese Entwicklung bis in die 90er Jahre fort und ebneten den Weg f\u00fcr Jacques&#8216; Sohn Pierre Desprat. Unser Terroir ist nicht nur bemerkenswert, sondern auch einzigartig, mit seinen vulkanischen B\u00f6den, die nur in wenigen Regionen der Welt zu finden sind. Mit der k\u00fcrzlich erfolgten Aufnahme der Limagne-Kette in die Liste des <strong>UNESCO-Weltkulturerbes<\/strong> sind wir \u00fcberzeugt, dass wir dies zu einem Unterscheidungsmerkmal und einem Werbevektor machen k\u00f6nnen. Wir beanspruchen die besondere Typizit\u00e4t dieser <strong>Weine, die auf einem einzigartigen und seltenen Boden entstanden<\/strong> sind. Die steinige Seite des Basalts und die vulkanische Mineralit\u00e4t bringen die Identit\u00e4t und Originalit\u00e4t unserer Weine zum Ausdruck. Historisch gesehen hat das Terroir der Auvergne viel Rotwein hervorgebracht, Weine mit pfeffrigen und klar strukturierten Eigenschaften, mit einer ganz besonderen Pr\u00e4senz von Gamays und Pinots, die keinem anderen \u00e4hneln. Die Wei\u00dfweine k\u00f6nnen zweifellos mit den gr\u00f6\u00dften konkurrieren, da der Chardonnay hier mit Gl\u00fcck, Eleganz und Sinnlichkeit zum Ausdruck kommt.<br \/>\nDiese f\u00fcr sein Terroir typische Cuv\u00e9e mit einer sch\u00f6nen hellrosa Farbe ist eine Mischung aus zwei Dritteln Gamay und einem Drittel Pinot Noir. Die kr\u00e4ftige Nase wird von Zitrusfr\u00fcchten, Pfirsich und englischen Bonbons dominiert. Sch\u00f6ne Frische und L\u00e4nge am Gaumen. Alle Kriterien sind erf\u00fcllt. <b><br \/>\nRebsorten: <\/b>70% Gamay und 30% Pinot Noir<br \/>\n<b>Das Terroir : <\/b>Vulkanisch (Basalt und Puzzolan)<br \/>\n<b>Farbe: <\/b>Ros\u00e9<br \/>\n<b>Weinbau: <\/b>Historische Parzellen, die seit der Feudalzeit mehr oder weniger unver\u00e4ndert geblieben sind, in der N\u00e4he des Puy de Corent.<br \/>\nWeinbereitung<b>: <\/b>Weinbereitung in thermoregulierten Edelstahltanks, fr\u00fche Sch\u00f6nung und Abf\u00fcllung<br \/>\n<b>Lagerung: <\/b>1 bis 3 Jahre<br \/>\n<b>Servieren Sie zwischen 10\u00b0 und 12\u00b0C  <\/b><\/p>\n<div>\n<p><b>Verkostungsnotizen: <\/b><br \/>\nFarbe: Sch\u00f6nes Hellrosa mit Reflexen von rosa<br \/>\nMarmor Nase: frisch, mit Aromen von Grapefruit und englischen<br \/>\nS\u00fc\u00dfigkeiten Geschmack: f\u00fcllig und fruchtig, mit einem mineralischen Abgang<\/p>\n<\/div>\n<div>\n<p><b>Speisen- und Weinkombinationen: <\/b><br \/>\nCouscous, Aperitifs, Sommersalate, Fisch \u00e0 la Plancha<\/p>\n<\/div>\n<\/div>\n<div>\n<p>&nbsp;<\/p>\n<\/div>\n<div>\n<p>&nbsp;<\/p>\n<\/div>\n","protected":false},"excerpt":{"rendered":"<p><strong>Desprat Saint Verny<\/strong> &#8222;macht&#8220; <strong>seit 1885 Wein in Aurillac<\/strong>, was es zum \u00e4ltesten Unternehmen der Cantalaise macht, und mit Pierre Desprat und nun seinen T\u00f6chtern folgen f\u00fcnf Generationen aufeinander. Zu jener Zeit, als der Weinh\u00e4ndler einen Adelsstand besa\u00df, der dem eines Priesters, eines Lehrers oder eines Notars entsprach, wurden F\u00e4sser mit durstl\u00f6schenden Weinen in dieses sch\u00f6ne Tal der Mandailles Cantalis geliefert, um die Bauern<br \/>\n zu \u201eern\u00e4hren\u201c.Durstl\u00f6scher sind zu Genussweinen geworden, die sich auch zum Ausbau eignen, mit dem Alterungspotenzial f\u00fcr die gro\u00dfen Jahrg\u00e4nge, das das Markenzeichen gro\u00dfer Weine ist<\/p>\n","protected":false},"featured_media":10960,"template":"","meta":{"inline_featured_image":false},"product_brand":[],"product_cat":[614,600,601],"product_tag":[618,620,619,615],"class_list":{"0":"post-10953","1":"product","2":"type-product","3":"status-publish","4":"has-post-thumbnail","6":"product_cat-auvergne-de","7":"product_cat-die-weine","8":"product_cat-rot","9":"product_tag-aperitif-de","10":"product_tag-fleisch","11":"product_tag-sommer","12":"product_tag-wein","13":"product_shipping_class-flasche","15":"first","16":"instock","17":"featured","18":"taxable","19":"shipping-taxable","20":"purchasable","21":"product-type-simple"},"yoast_head":"<!-- This site is optimized with the Yoast SEO plugin v27.6 - https:\/\/yoast.com\/product\/yoast-seo-wordpress\/ -->\n<title>AOP COTES D&#039;AUVERGNE &quot;Puy de Corent&quot; DESPRAT SAINT VERNY - Loire Gourmande - une \u00e9tape savoureuse<\/title>\n<meta name=\"description\" content=\"AOP COTES D&#039;AUVERGNE &quot;Puy de Corent&quot; DESPRAT SAINT VERNY. Wein aus der Loire. Bestellung im Weinkeller auf der Website von Loire Gourmande. Weinh\u00e4ndler in Turquant (49).\" \/>\n<meta name=\"robots\" content=\"index, follow, max-snippet:-1, max-image-preview:large, max-video-preview:-1\" \/>\n<link rel=\"canonical\" href=\"https:\/\/www.loire-gourmande.fr\/de\/Produkt\/aop-cotes-dauvergne-puy-de-corent-desprat-saint-verny\/\" \/>\n<meta property=\"og:locale\" content=\"de_DE\" \/>\n<meta property=\"og:type\" content=\"article\" \/>\n<meta property=\"og:title\" content=\"AOP COTES D&#039;AUVERGNE &quot;Puy de Corent&quot; DESPRAT SAINT VERNY - Loire Gourmande - une \u00e9tape savoureuse\" \/>\n<meta property=\"og:description\" content=\"AOP COTES D&#039;AUVERGNE &quot;Puy de Corent&quot; DESPRAT SAINT VERNY. Wein aus der Loire. Bestellung im Weinkeller auf der Website von Loire Gourmande. Weinh\u00e4ndler in Turquant (49).\" \/>\n<meta property=\"og:url\" content=\"https:\/\/www.loire-gourmande.fr\/de\/Produkt\/aop-cotes-dauvergne-puy-de-corent-desprat-saint-verny\/\" \/>\n<meta property=\"og:site_name\" content=\"Loire Gourmande - une \u00e9tape savoureuse\" \/>\n<meta property=\"article:publisher\" content=\"https:\/\/www.facebook.com\/Loire-Gourmande-Turquant-101991328328493\/\" \/>\n<meta property=\"article:modified_time\" content=\"2025-05-27T15:30:48+00:00\" \/>\n<meta property=\"og:image\" content=\"https:\/\/www.loire-gourmande.fr\/wp-content\/uploads\/2024\/02\/Corent.jpg\" \/>\n\t<meta property=\"og:image:width\" content=\"800\" \/>\n\t<meta property=\"og:image:height\" content=\"800\" \/>\n\t<meta property=\"og:image:type\" content=\"image\/jpeg\" \/>\n<meta name=\"twitter:card\" content=\"summary_large_image\" \/>\n<meta name=\"twitter:label1\" content=\"Gesch\u00e4tzte Lesezeit\" \/>\n\t<meta name=\"twitter:data1\" content=\"2\u00a0Minuten\" \/>\n<script type=\"application\/ld+json\" class=\"yoast-schema-graph\">{\"@context\":\"https:\\\/\\\/schema.org\",\"@graph\":[{\"@type\":\"WebPage\",\"@id\":\"https:\\\/\\\/www.loire-gourmande.fr\\\/de\\\/Produkt\\\/aop-cotes-dauvergne-puy-de-corent-desprat-saint-verny\\\/\",\"url\":\"https:\\\/\\\/www.loire-gourmande.fr\\\/de\\\/Produkt\\\/aop-cotes-dauvergne-puy-de-corent-desprat-saint-verny\\\/\",\"name\":\"AOP COTES D'AUVERGNE \\\"Puy de Corent\\\" DESPRAT SAINT VERNY - Loire Gourmande - une \u00e9tape savoureuse\",\"isPartOf\":{\"@id\":\"https:\\\/\\\/www.loire-gourmande.fr\\\/de\\\/#website\"},\"primaryImageOfPage\":{\"@id\":\"https:\\\/\\\/www.loire-gourmande.fr\\\/de\\\/Produkt\\\/aop-cotes-dauvergne-puy-de-corent-desprat-saint-verny\\\/#primaryimage\"},\"image\":{\"@id\":\"https:\\\/\\\/www.loire-gourmande.fr\\\/de\\\/Produkt\\\/aop-cotes-dauvergne-puy-de-corent-desprat-saint-verny\\\/#primaryimage\"},\"thumbnailUrl\":\"https:\\\/\\\/www.loire-gourmande.fr\\\/wp-content\\\/uploads\\\/2024\\\/02\\\/Corent.jpg\",\"datePublished\":\"2024-02-02T14:09:54+00:00\",\"dateModified\":\"2025-05-27T15:30:48+00:00\",\"description\":\"AOP COTES D'AUVERGNE \\\"Puy de Corent\\\" DESPRAT SAINT VERNY. Wein aus der Loire. Bestellung im Weinkeller auf der Website von Loire Gourmande. Weinh\u00e4ndler in Turquant (49).\",\"breadcrumb\":{\"@id\":\"https:\\\/\\\/www.loire-gourmande.fr\\\/de\\\/Produkt\\\/aop-cotes-dauvergne-puy-de-corent-desprat-saint-verny\\\/#breadcrumb\"},\"inLanguage\":\"de\",\"potentialAction\":[{\"@type\":\"ReadAction\",\"target\":[\"https:\\\/\\\/www.loire-gourmande.fr\\\/de\\\/Produkt\\\/aop-cotes-dauvergne-puy-de-corent-desprat-saint-verny\\\/\"]}]},{\"@type\":\"ImageObject\",\"inLanguage\":\"de\",\"@id\":\"https:\\\/\\\/www.loire-gourmande.fr\\\/de\\\/Produkt\\\/aop-cotes-dauvergne-puy-de-corent-desprat-saint-verny\\\/#primaryimage\",\"url\":\"https:\\\/\\\/www.loire-gourmande.fr\\\/wp-content\\\/uploads\\\/2024\\\/02\\\/Corent.jpg\",\"contentUrl\":\"https:\\\/\\\/www.loire-gourmande.fr\\\/wp-content\\\/uploads\\\/2024\\\/02\\\/Corent.jpg\",\"width\":800,\"height\":800},{\"@type\":\"BreadcrumbList\",\"@id\":\"https:\\\/\\\/www.loire-gourmande.fr\\\/de\\\/Produkt\\\/aop-cotes-dauvergne-puy-de-corent-desprat-saint-verny\\\/#breadcrumb\",\"itemListElement\":[{\"@type\":\"ListItem\",\"position\":1,\"name\":\"Startseite\",\"item\":\"https:\\\/\\\/www.loire-gourmande.fr\\\/de\\\/\"},{\"@type\":\"ListItem\",\"position\":2,\"name\":\"Die Boutique de Loire Gourmande: die Weine der Loire\",\"item\":\"https:\\\/\\\/www.loire-gourmande.fr\\\/de\\\/woocommerce\\\/\"},{\"@type\":\"ListItem\",\"position\":3,\"name\":\"Die Weine\",\"item\":\"https:\\\/\\\/www.loire-gourmande.fr\\\/de\\\/Produktkategorie\\\/die-weine\\\/\"},{\"@type\":\"ListItem\",\"position\":4,\"name\":\"AOP COTES D&#8217;AUVERGNE &#8222;Puy de Corent&#8220; DESPRAT SAINT VERNY\"}]},{\"@type\":\"WebSite\",\"@id\":\"https:\\\/\\\/www.loire-gourmande.fr\\\/de\\\/#website\",\"url\":\"https:\\\/\\\/www.loire-gourmande.fr\\\/de\\\/\",\"name\":\"Loire Gourmande, une \u00e9tape savoureuse\",\"description\":\"une d\u00e9gustation \u00e0 toute heure et une boutique \u00e0 visiter \u00e0 Turquant (49)\",\"publisher\":{\"@id\":\"https:\\\/\\\/www.loire-gourmande.fr\\\/de\\\/#organization\"},\"potentialAction\":[{\"@type\":\"SearchAction\",\"target\":{\"@type\":\"EntryPoint\",\"urlTemplate\":\"https:\\\/\\\/www.loire-gourmande.fr\\\/de\\\/?s={search_term_string}\"},\"query-input\":{\"@type\":\"PropertyValueSpecification\",\"valueRequired\":true,\"valueName\":\"search_term_string\"}}],\"inLanguage\":\"de\"},{\"@type\":\"Organization\",\"@id\":\"https:\\\/\\\/www.loire-gourmande.fr\\\/de\\\/#organization\",\"name\":\"Loire Gourmande - Schnellrestaurant und Besuch in Turquant (49)\",\"url\":\"https:\\\/\\\/www.loire-gourmande.fr\\\/de\\\/\",\"logo\":{\"@type\":\"ImageObject\",\"inLanguage\":\"de\",\"@id\":\"https:\\\/\\\/www.loire-gourmande.fr\\\/de\\\/#\\\/schema\\\/logo\\\/image\\\/\",\"url\":\"https:\\\/\\\/www.loire-gourmande.fr\\\/wp-content\\\/uploads\\\/2020\\\/10\\\/loire-gourmande-logo.jpg\",\"contentUrl\":\"https:\\\/\\\/www.loire-gourmande.fr\\\/wp-content\\\/uploads\\\/2020\\\/10\\\/loire-gourmande-logo.jpg\",\"width\":800,\"height\":415,\"caption\":\"Loire Gourmande - Schnellrestaurant und Besuch in Turquant (49)\"},\"image\":{\"@id\":\"https:\\\/\\\/www.loire-gourmande.fr\\\/de\\\/#\\\/schema\\\/logo\\\/image\\\/\"},\"sameAs\":[\"https:\\\/\\\/www.facebook.com\\\/Loire-Gourmande-Turquant-101991328328493\\\/\",\"https:\\\/\\\/www.instagram.com\\\/jean_yves_auradon\\\/?igshid=1ta3mfjka326t\"]}]}<\/script>\n<!-- \/ Yoast SEO plugin. -->","yoast_head_json":{"title":"AOP COTES D'AUVERGNE \"Puy de Corent\" DESPRAT SAINT VERNY - Loire Gourmande - une \u00e9tape savoureuse","description":"AOP COTES D'AUVERGNE \"Puy de Corent\" DESPRAT SAINT VERNY. Wein aus der Loire. Bestellung im Weinkeller auf der Website von Loire Gourmande. Weinh\u00e4ndler in Turquant (49).","robots":{"index":"index","follow":"follow","max-snippet":"max-snippet:-1","max-image-preview":"max-image-preview:large","max-video-preview":"max-video-preview:-1"},"canonical":"https:\/\/www.loire-gourmande.fr\/de\/Produkt\/aop-cotes-dauvergne-puy-de-corent-desprat-saint-verny\/","og_locale":"de_DE","og_type":"article","og_title":"AOP COTES D'AUVERGNE \"Puy de Corent\" DESPRAT SAINT VERNY - Loire Gourmande - une \u00e9tape savoureuse","og_description":"AOP COTES D'AUVERGNE \"Puy de Corent\" DESPRAT SAINT VERNY. Wein aus der Loire. Bestellung im Weinkeller auf der Website von Loire Gourmande. Weinh\u00e4ndler in Turquant (49).","og_url":"https:\/\/www.loire-gourmande.fr\/de\/Produkt\/aop-cotes-dauvergne-puy-de-corent-desprat-saint-verny\/","og_site_name":"Loire Gourmande - une \u00e9tape savoureuse","article_publisher":"https:\/\/www.facebook.com\/Loire-Gourmande-Turquant-101991328328493\/","article_modified_time":"2025-05-27T15:30:48+00:00","og_image":[{"width":800,"height":800,"url":"https:\/\/www.loire-gourmande.fr\/wp-content\/uploads\/2024\/02\/Corent.jpg","type":"image\/jpeg"}],"twitter_card":"summary_large_image","twitter_misc":{"Gesch\u00e4tzte Lesezeit":"2\u00a0Minuten"},"schema":{"@context":"https:\/\/schema.org","@graph":[{"@type":"WebPage","@id":"https:\/\/www.loire-gourmande.fr\/de\/Produkt\/aop-cotes-dauvergne-puy-de-corent-desprat-saint-verny\/","url":"https:\/\/www.loire-gourmande.fr\/de\/Produkt\/aop-cotes-dauvergne-puy-de-corent-desprat-saint-verny\/","name":"AOP COTES D'AUVERGNE \"Puy de Corent\" DESPRAT SAINT VERNY - Loire Gourmande - une \u00e9tape savoureuse","isPartOf":{"@id":"https:\/\/www.loire-gourmande.fr\/de\/#website"},"primaryImageOfPage":{"@id":"https:\/\/www.loire-gourmande.fr\/de\/Produkt\/aop-cotes-dauvergne-puy-de-corent-desprat-saint-verny\/#primaryimage"},"image":{"@id":"https:\/\/www.loire-gourmande.fr\/de\/Produkt\/aop-cotes-dauvergne-puy-de-corent-desprat-saint-verny\/#primaryimage"},"thumbnailUrl":"https:\/\/www.loire-gourmande.fr\/wp-content\/uploads\/2024\/02\/Corent.jpg","datePublished":"2024-02-02T14:09:54+00:00","dateModified":"2025-05-27T15:30:48+00:00","description":"AOP COTES D'AUVERGNE \"Puy de Corent\" DESPRAT SAINT VERNY. Wein aus der Loire. Bestellung im Weinkeller auf der Website von Loire Gourmande. Weinh\u00e4ndler in Turquant (49).","breadcrumb":{"@id":"https:\/\/www.loire-gourmande.fr\/de\/Produkt\/aop-cotes-dauvergne-puy-de-corent-desprat-saint-verny\/#breadcrumb"},"inLanguage":"de","potentialAction":[{"@type":"ReadAction","target":["https:\/\/www.loire-gourmande.fr\/de\/Produkt\/aop-cotes-dauvergne-puy-de-corent-desprat-saint-verny\/"]}]},{"@type":"ImageObject","inLanguage":"de","@id":"https:\/\/www.loire-gourmande.fr\/de\/Produkt\/aop-cotes-dauvergne-puy-de-corent-desprat-saint-verny\/#primaryimage","url":"https:\/\/www.loire-gourmande.fr\/wp-content\/uploads\/2024\/02\/Corent.jpg","contentUrl":"https:\/\/www.loire-gourmande.fr\/wp-content\/uploads\/2024\/02\/Corent.jpg","width":800,"height":800},{"@type":"BreadcrumbList","@id":"https:\/\/www.loire-gourmande.fr\/de\/Produkt\/aop-cotes-dauvergne-puy-de-corent-desprat-saint-verny\/#breadcrumb","itemListElement":[{"@type":"ListItem","position":1,"name":"Startseite","item":"https:\/\/www.loire-gourmande.fr\/de\/"},{"@type":"ListItem","position":2,"name":"Die Boutique de Loire Gourmande: die Weine der Loire","item":"https:\/\/www.loire-gourmande.fr\/de\/woocommerce\/"},{"@type":"ListItem","position":3,"name":"Die Weine","item":"https:\/\/www.loire-gourmande.fr\/de\/Produktkategorie\/die-weine\/"},{"@type":"ListItem","position":4,"name":"AOP COTES D&#8217;AUVERGNE &#8222;Puy de Corent&#8220; DESPRAT SAINT VERNY"}]},{"@type":"WebSite","@id":"https:\/\/www.loire-gourmande.fr\/de\/#website","url":"https:\/\/www.loire-gourmande.fr\/de\/","name":"Loire Gourmande, une \u00e9tape savoureuse","description":"une d\u00e9gustation \u00e0 toute heure et une boutique \u00e0 visiter \u00e0 Turquant (49)","publisher":{"@id":"https:\/\/www.loire-gourmande.fr\/de\/#organization"},"potentialAction":[{"@type":"SearchAction","target":{"@type":"EntryPoint","urlTemplate":"https:\/\/www.loire-gourmande.fr\/de\/?s={search_term_string}"},"query-input":{"@type":"PropertyValueSpecification","valueRequired":true,"valueName":"search_term_string"}}],"inLanguage":"de"},{"@type":"Organization","@id":"https:\/\/www.loire-gourmande.fr\/de\/#organization","name":"Loire Gourmande - Schnellrestaurant und Besuch in Turquant (49)","url":"https:\/\/www.loire-gourmande.fr\/de\/","logo":{"@type":"ImageObject","inLanguage":"de","@id":"https:\/\/www.loire-gourmande.fr\/de\/#\/schema\/logo\/image\/","url":"https:\/\/www.loire-gourmande.fr\/wp-content\/uploads\/2020\/10\/loire-gourmande-logo.jpg","contentUrl":"https:\/\/www.loire-gourmande.fr\/wp-content\/uploads\/2020\/10\/loire-gourmande-logo.jpg","width":800,"height":415,"caption":"Loire Gourmande - Schnellrestaurant und Besuch in Turquant (49)"},"image":{"@id":"https:\/\/www.loire-gourmande.fr\/de\/#\/schema\/logo\/image\/"},"sameAs":["https:\/\/www.facebook.com\/Loire-Gourmande-Turquant-101991328328493\/","https:\/\/www.instagram.com\/jean_yves_auradon\/?igshid=1ta3mfjka326t"]}]}},"_links":{"self":[{"href":"https:\/\/www.loire-gourmande.fr\/de\/wp-json\/wp\/v2\/product\/10953","targetHints":{"allow":["GET"]}}],"collection":[{"href":"https:\/\/www.loire-gourmande.fr\/de\/wp-json\/wp\/v2\/product"}],"about":[{"href":"https:\/\/www.loire-gourmande.fr\/de\/wp-json\/wp\/v2\/types\/product"}],"version-history":[{"count":2,"href":"https:\/\/www.loire-gourmande.fr\/de\/wp-json\/wp\/v2\/product\/10953\/revisions"}],"predecessor-version":[{"id":13183,"href":"https:\/\/www.loire-gourmande.fr\/de\/wp-json\/wp\/v2\/product\/10953\/revisions\/13183"}],"wp:featuredmedia":[{"embeddable":true,"href":"https:\/\/www.loire-gourmande.fr\/de\/wp-json\/wp\/v2\/media\/10960"}],"wp:attachment":[{"href":"https:\/\/www.loire-gourmande.fr\/de\/wp-json\/wp\/v2\/media?parent=10953"}],"wp:term":[{"taxonomy":"product_brand","embeddable":true,"href":"https:\/\/www.loire-gourmande.fr\/de\/wp-json\/wp\/v2\/product_brand?post=10953"},{"taxonomy":"product_cat","embeddable":true,"href":"https:\/\/www.loire-gourmande.fr\/de\/wp-json\/wp\/v2\/product_cat?post=10953"},{"taxonomy":"product_tag","embeddable":true,"href":"https:\/\/www.loire-gourmande.fr\/de\/wp-json\/wp\/v2\/product_tag?post=10953"}],"curies":[{"name":"wp","href":"https:\/\/api.w.org\/{rel}","templated":true}]}}