{"id":10961,"date":"2024-02-24T16:34:36","date_gmt":"2024-02-24T16:34:36","guid":{"rendered":"https:\/\/www.loire-gourmande.fr\/produit\/touraine-chenonceaux-aoc-blanc-domaine-pere-auguste\/"},"modified":"2025-04-04T06:01:04","modified_gmt":"2025-04-04T05:01:04","slug":"touraine-chenonceaux-aoc-blanc-domaine-pere-auguste","status":"publish","type":"product","link":"https:\/\/www.loire-gourmande.fr\/de\/Produkt\/touraine-chenonceaux-aoc-blanc-domaine-pere-auguste\/","title":{"rendered":"TOURAINE CHENONCEAUX AOC BLANC DOMAINE P\u00c8RE AUGUSTE"},"content":{"rendered":"<p>Er wird aus den reifsten Trauben des Sauvignon Blanc gewonnen. Die Reifung auf der Hefe verleiht ihm einen runden Geschmack und verst\u00e4rkt seine Aromen von gelben Fr\u00fcchten und Zitrusfr\u00fcchten. <\/p>\n<div class=\"vc_custom_heading_wrap \">\n<div class=\"heading-text el-text\">\n<p class=\"h1\">Reifung auf der Hefe.<br \/>\n<span style=\"font-size: 16px;\">Nach der alkoholischen G\u00e4rung stirbt die Hefe ab und setzt sich am Boden des Tanks ab, um den sogenannten Bodensatz zu bilden. Nach und nach zerfallen diese abgestorbenen Zellen und setzen Molek\u00fcle im Wein frei, die ihm Volumen und Fett verleihen, um die Fruchtigkeit zu unterst\u00fctzen! <\/span><\/p>\n<\/div>\n<\/div>\n<p>Sch\u00f6ne blasse Farbe mit gr\u00fcnen und goldenen Reflexen.<br \/>\nDie Nase verf\u00fchrt sofort mit ihrer Feinheit, Frische und Komplexit\u00e4t. Die aromatische Dominanz ist fruchtig auf einer Basis von Zitrusfr\u00fcchten und wei\u00dfen Fr\u00fcchten.<br \/>\nDer Geschmack zeichnet sich durch ein Gleichgewicht zwischen Volumen und Frische mit einer allgegenw\u00e4rtigen aromatischen Begleitung aus (Zitrusfr\u00fcchte, dann schwarze Johannisbeeren und kandierte Zitrusfr\u00fcchte im Abgang).<br \/>\n<strong>Rebsorte:<\/strong> Sauvignon Blanc<br \/>\n<strong>Jahrgang:<\/strong> 2022<br \/>\n<strong>Speisenempfehlung:<\/strong> Aperitif, Fisch, Meeresfr\u00fcchte<br \/>\n<strong>Trinktemperatur:<\/strong> 8\u00b0C<br \/>\n<strong>Alterungspotenzial:<\/strong> Sollte zwischen heute und 3 Jahren genossen werden.<br \/>\n<strong>Speisen &amp; Weine: <\/strong>Dieser Wein passt perfekt zu : Aperitif \/ K\u00e4se \/ Fisch.<\/p>\n","protected":false},"excerpt":{"rendered":"<div id=\"row-unique-1\" class=\"vc_row row-container\" data-parent=\"true\" data-section=\"1\">\n<div class=\"row single-top-padding one-bottom-padding single-h-padding limit-width row-parent\" data-imgready=\"true\">\n<div class=\"wpb_row row-inner\">\n<div class=\"wpb_column pos-middle pos-center align_center column_parent col-lg-12 half-internal-gutter\">\n<div class=\"uncol style-light\">\n<div class=\"uncoltable\">\n<div class=\"uncell no-block-padding\">\n<div class=\"uncont\">\n<div class=\"vc_custom_heading_wrap \">\n<div class=\"heading-text el-text\">\n<p class=\"h2\">Die Geschichte der Godeau: eine Winzerfamilie<\/p>\n<\/div>\n<\/div>\n<\/div>\n<\/div>\n<\/div>\n<\/div>\n<\/div>\n<\/div>\n<\/div>\n<\/div>\n<div class=\"row single-top-padding one-bottom-padding single-h-padding limit-width row-parent\" data-imgready=\"true\">\n<div class=\"wpb_row row-inner\">\n<div class=\"wpb_column pos-middle pos-center align_left column_parent col-lg-9 single-internal-gutter\">\n<div class=\"uncol style-light\">\n<div class=\"uncoltable\">\n<div class=\"uncell no-block-padding\">\n<div class=\"uncont\">\n<div class=\"uncode_text_column\">\n<p>Vor 145 Jahren lie\u00df sich unser Vorfahre August hier nieder und begann, den Tuffstein unter dem H\u00fcgel, der seine Weinberge tr\u00e4gt, auszugraben. W\u00e4hrend der gr\u00f6\u00dfte Keller f\u00fcr die Weinproduktion bestimmt war, wurden in den anderen K\u00fche, Pferde und Schweine untergebracht. Die gewonnenen Steine wurden f\u00fcr den Bau des Hauses und des Bauernhofs verwendet.<\/p>\n<p><strong>In diesen Kellern haben sechs Generationen unserer Familie die Leidenschaft f\u00fcr unser Terroir und unsere Weine weitergegeben.<\/strong><\/p>\n<\/div>\n<\/div>\n<\/div>\n<\/div>\n<\/div>\n<\/div>\n<\/div>\n<\/div>\n<div id=\"row-unique-3\" class=\"vc_row row-container\" data-parent=\"true\" data-section=\"3\">\n<div class=\"row single-top-padding one-bottom-padding single-h-padding limit-width row-parent\" data-imgready=\"true\">\n<div class=\"wpb_row row-inner\">\n<div class=\"wpb_column pos-top pos-center align_center column_parent col-lg-8 half-internal-gutter\">\n<div class=\"uncol style-light\">\n<div class=\"uncoltable\">\n<div class=\"uncell no-block-padding\">\n<div class=\"uncont\">\n<div class=\"uncode_text_column\">\n<p>Heute umfasst <strong>das als &#8222;Haute Valeur Environnementale&#8220; klassifizierte Wein<\/strong> gut 45 Hektar Weinberge und erstreckt sich vollst\u00e4ndig \u00fcber die H\u00e4nge, die die D\u00f6rfer Civray-de-Touraine und Chenonceaux miteinander verbinden.<\/p>\n<p>Mit unseren <strong>7 verschiedenen Rebsorten<\/strong> bieten wir Wein f\u00fcr jeden Geschmack. Schon in der N\u00e4he des Schlosses Chenonceau k\u00f6nnen Sie unsere Arbeit beobachten, da <strong>wir die Reben und Weine f\u00fcr unseren ber\u00fchmten Nachbarn bearbeiten<\/strong>.<\/p>\n<\/div>\n<\/div>\n<\/div>\n<\/div>\n<\/div>\n<\/div>\n<\/div>\n<\/div>\n<\/div>\n","protected":false},"featured_media":10967,"template":"","meta":{"inline_featured_image":false},"product_brand":[],"product_cat":[600,609,608],"product_tag":[618,628,605],"class_list":{"0":"post-10961","1":"product","2":"type-product","3":"status-publish","4":"has-post-thumbnail","6":"product_cat-die-weine","7":"product_cat-touraine-de","8":"product_cat-weis","9":"product_tag-aperitif-de","10":"product_tag-fisch","11":"product_tag-kase","12":"product_shipping_class-flasche","14":"first","15":"instock","16":"taxable","17":"shipping-taxable","18":"purchasable","19":"product-type-simple"},"yoast_head":"<!-- This site is optimized with the Yoast SEO plugin v27.6 - https:\/\/yoast.com\/product\/yoast-seo-wordpress\/ -->\n<title>TOURAINE CHENONCEAUX AOC BLANC DOMAINE P\u00c8RE AUGUSTE - Loire Gourmande - une \u00e9tape savoureuse<\/title>\n<meta name=\"description\" content=\"TOURAINE CHENONCEAUX AOC BLANC DOMAINE P\u00c8RE AUGUSTE. Wein aus der Loire. Bestellung im Weinkeller auf der Website von Loire Gourmande. Weinh\u00e4ndler in Turquant (49).\" \/>\n<meta name=\"robots\" content=\"index, follow, max-snippet:-1, max-image-preview:large, max-video-preview:-1\" \/>\n<link rel=\"canonical\" href=\"https:\/\/www.loire-gourmande.fr\/de\/Produkt\/touraine-chenonceaux-aoc-blanc-domaine-pere-auguste\/\" \/>\n<meta property=\"og:locale\" content=\"de_DE\" \/>\n<meta property=\"og:type\" content=\"article\" \/>\n<meta property=\"og:title\" content=\"TOURAINE CHENONCEAUX AOC BLANC DOMAINE P\u00c8RE AUGUSTE - Loire Gourmande - une \u00e9tape savoureuse\" \/>\n<meta property=\"og:description\" content=\"TOURAINE CHENONCEAUX AOC BLANC DOMAINE P\u00c8RE AUGUSTE. Wein aus der Loire. Bestellung im Weinkeller auf der Website von Loire Gourmande. Weinh\u00e4ndler in Turquant (49).\" \/>\n<meta property=\"og:url\" content=\"https:\/\/www.loire-gourmande.fr\/de\/Produkt\/touraine-chenonceaux-aoc-blanc-domaine-pere-auguste\/\" \/>\n<meta property=\"og:site_name\" content=\"Loire Gourmande - une \u00e9tape savoureuse\" \/>\n<meta property=\"article:publisher\" content=\"https:\/\/www.facebook.com\/Loire-Gourmande-Turquant-101991328328493\/\" \/>\n<meta property=\"article:modified_time\" content=\"2025-04-04T05:01:04+00:00\" \/>\n<meta property=\"og:image\" content=\"https:\/\/www.loire-gourmande.fr\/wp-content\/uploads\/2024\/02\/Chenonceaux-blanc.jpg\" \/>\n\t<meta property=\"og:image:width\" content=\"800\" \/>\n\t<meta property=\"og:image:height\" content=\"800\" \/>\n\t<meta property=\"og:image:type\" content=\"image\/jpeg\" \/>\n<meta name=\"twitter:card\" content=\"summary_large_image\" \/>\n<meta name=\"twitter:label1\" content=\"Gesch\u00e4tzte Lesezeit\" \/>\n\t<meta name=\"twitter:data1\" content=\"1\u00a0Minute\" \/>\n<script type=\"application\/ld+json\" class=\"yoast-schema-graph\">{\"@context\":\"https:\\\/\\\/schema.org\",\"@graph\":[{\"@type\":\"WebPage\",\"@id\":\"https:\\\/\\\/www.loire-gourmande.fr\\\/de\\\/Produkt\\\/touraine-chenonceaux-aoc-blanc-domaine-pere-auguste\\\/\",\"url\":\"https:\\\/\\\/www.loire-gourmande.fr\\\/de\\\/Produkt\\\/touraine-chenonceaux-aoc-blanc-domaine-pere-auguste\\\/\",\"name\":\"TOURAINE CHENONCEAUX AOC BLANC DOMAINE P\u00c8RE AUGUSTE - Loire Gourmande - une \u00e9tape savoureuse\",\"isPartOf\":{\"@id\":\"https:\\\/\\\/www.loire-gourmande.fr\\\/de\\\/#website\"},\"primaryImageOfPage\":{\"@id\":\"https:\\\/\\\/www.loire-gourmande.fr\\\/de\\\/Produkt\\\/touraine-chenonceaux-aoc-blanc-domaine-pere-auguste\\\/#primaryimage\"},\"image\":{\"@id\":\"https:\\\/\\\/www.loire-gourmande.fr\\\/de\\\/Produkt\\\/touraine-chenonceaux-aoc-blanc-domaine-pere-auguste\\\/#primaryimage\"},\"thumbnailUrl\":\"https:\\\/\\\/www.loire-gourmande.fr\\\/wp-content\\\/uploads\\\/2024\\\/02\\\/Chenonceaux-blanc.jpg\",\"datePublished\":\"2024-02-24T16:34:36+00:00\",\"dateModified\":\"2025-04-04T05:01:04+00:00\",\"description\":\"TOURAINE CHENONCEAUX AOC BLANC DOMAINE P\u00c8RE AUGUSTE. Wein aus der Loire. Bestellung im Weinkeller auf der Website von Loire Gourmande. Weinh\u00e4ndler in Turquant (49).\",\"breadcrumb\":{\"@id\":\"https:\\\/\\\/www.loire-gourmande.fr\\\/de\\\/Produkt\\\/touraine-chenonceaux-aoc-blanc-domaine-pere-auguste\\\/#breadcrumb\"},\"inLanguage\":\"de\",\"potentialAction\":[{\"@type\":\"ReadAction\",\"target\":[\"https:\\\/\\\/www.loire-gourmande.fr\\\/de\\\/Produkt\\\/touraine-chenonceaux-aoc-blanc-domaine-pere-auguste\\\/\"]}]},{\"@type\":\"ImageObject\",\"inLanguage\":\"de\",\"@id\":\"https:\\\/\\\/www.loire-gourmande.fr\\\/de\\\/Produkt\\\/touraine-chenonceaux-aoc-blanc-domaine-pere-auguste\\\/#primaryimage\",\"url\":\"https:\\\/\\\/www.loire-gourmande.fr\\\/wp-content\\\/uploads\\\/2024\\\/02\\\/Chenonceaux-blanc.jpg\",\"contentUrl\":\"https:\\\/\\\/www.loire-gourmande.fr\\\/wp-content\\\/uploads\\\/2024\\\/02\\\/Chenonceaux-blanc.jpg\",\"width\":800,\"height\":800},{\"@type\":\"BreadcrumbList\",\"@id\":\"https:\\\/\\\/www.loire-gourmande.fr\\\/de\\\/Produkt\\\/touraine-chenonceaux-aoc-blanc-domaine-pere-auguste\\\/#breadcrumb\",\"itemListElement\":[{\"@type\":\"ListItem\",\"position\":1,\"name\":\"Startseite\",\"item\":\"https:\\\/\\\/www.loire-gourmande.fr\\\/de\\\/\"},{\"@type\":\"ListItem\",\"position\":2,\"name\":\"Die Boutique de Loire Gourmande: die Weine der Loire\",\"item\":\"https:\\\/\\\/www.loire-gourmande.fr\\\/de\\\/woocommerce\\\/\"},{\"@type\":\"ListItem\",\"position\":3,\"name\":\"Die Weine\",\"item\":\"https:\\\/\\\/www.loire-gourmande.fr\\\/de\\\/Produktkategorie\\\/die-weine\\\/\"},{\"@type\":\"ListItem\",\"position\":4,\"name\":\"TOURAINE CHENONCEAUX AOC BLANC DOMAINE P\u00c8RE AUGUSTE\"}]},{\"@type\":\"WebSite\",\"@id\":\"https:\\\/\\\/www.loire-gourmande.fr\\\/de\\\/#website\",\"url\":\"https:\\\/\\\/www.loire-gourmande.fr\\\/de\\\/\",\"name\":\"Loire Gourmande, une \u00e9tape savoureuse\",\"description\":\"une d\u00e9gustation \u00e0 toute heure et une boutique \u00e0 visiter \u00e0 Turquant (49)\",\"publisher\":{\"@id\":\"https:\\\/\\\/www.loire-gourmande.fr\\\/de\\\/#organization\"},\"potentialAction\":[{\"@type\":\"SearchAction\",\"target\":{\"@type\":\"EntryPoint\",\"urlTemplate\":\"https:\\\/\\\/www.loire-gourmande.fr\\\/de\\\/?s={search_term_string}\"},\"query-input\":{\"@type\":\"PropertyValueSpecification\",\"valueRequired\":true,\"valueName\":\"search_term_string\"}}],\"inLanguage\":\"de\"},{\"@type\":\"Organization\",\"@id\":\"https:\\\/\\\/www.loire-gourmande.fr\\\/de\\\/#organization\",\"name\":\"Loire Gourmande - Schnellrestaurant und Besuch in Turquant (49)\",\"url\":\"https:\\\/\\\/www.loire-gourmande.fr\\\/de\\\/\",\"logo\":{\"@type\":\"ImageObject\",\"inLanguage\":\"de\",\"@id\":\"https:\\\/\\\/www.loire-gourmande.fr\\\/de\\\/#\\\/schema\\\/logo\\\/image\\\/\",\"url\":\"https:\\\/\\\/www.loire-gourmande.fr\\\/wp-content\\\/uploads\\\/2020\\\/10\\\/loire-gourmande-logo.jpg\",\"contentUrl\":\"https:\\\/\\\/www.loire-gourmande.fr\\\/wp-content\\\/uploads\\\/2020\\\/10\\\/loire-gourmande-logo.jpg\",\"width\":800,\"height\":415,\"caption\":\"Loire Gourmande - Schnellrestaurant und Besuch in Turquant (49)\"},\"image\":{\"@id\":\"https:\\\/\\\/www.loire-gourmande.fr\\\/de\\\/#\\\/schema\\\/logo\\\/image\\\/\"},\"sameAs\":[\"https:\\\/\\\/www.facebook.com\\\/Loire-Gourmande-Turquant-101991328328493\\\/\",\"https:\\\/\\\/www.instagram.com\\\/jean_yves_auradon\\\/?igshid=1ta3mfjka326t\"]}]}<\/script>\n<!-- \/ Yoast SEO plugin. -->","yoast_head_json":{"title":"TOURAINE CHENONCEAUX AOC BLANC DOMAINE P\u00c8RE AUGUSTE - Loire Gourmande - une \u00e9tape savoureuse","description":"TOURAINE CHENONCEAUX AOC BLANC DOMAINE P\u00c8RE AUGUSTE. Wein aus der Loire. Bestellung im Weinkeller auf der Website von Loire Gourmande. Weinh\u00e4ndler in Turquant (49).","robots":{"index":"index","follow":"follow","max-snippet":"max-snippet:-1","max-image-preview":"max-image-preview:large","max-video-preview":"max-video-preview:-1"},"canonical":"https:\/\/www.loire-gourmande.fr\/de\/Produkt\/touraine-chenonceaux-aoc-blanc-domaine-pere-auguste\/","og_locale":"de_DE","og_type":"article","og_title":"TOURAINE CHENONCEAUX AOC BLANC DOMAINE P\u00c8RE AUGUSTE - Loire Gourmande - une \u00e9tape savoureuse","og_description":"TOURAINE CHENONCEAUX AOC BLANC DOMAINE P\u00c8RE AUGUSTE. Wein aus der Loire. Bestellung im Weinkeller auf der Website von Loire Gourmande. Weinh\u00e4ndler in Turquant (49).","og_url":"https:\/\/www.loire-gourmande.fr\/de\/Produkt\/touraine-chenonceaux-aoc-blanc-domaine-pere-auguste\/","og_site_name":"Loire Gourmande - une \u00e9tape savoureuse","article_publisher":"https:\/\/www.facebook.com\/Loire-Gourmande-Turquant-101991328328493\/","article_modified_time":"2025-04-04T05:01:04+00:00","og_image":[{"width":800,"height":800,"url":"https:\/\/www.loire-gourmande.fr\/wp-content\/uploads\/2024\/02\/Chenonceaux-blanc.jpg","type":"image\/jpeg"}],"twitter_card":"summary_large_image","twitter_misc":{"Gesch\u00e4tzte Lesezeit":"1\u00a0Minute"},"schema":{"@context":"https:\/\/schema.org","@graph":[{"@type":"WebPage","@id":"https:\/\/www.loire-gourmande.fr\/de\/Produkt\/touraine-chenonceaux-aoc-blanc-domaine-pere-auguste\/","url":"https:\/\/www.loire-gourmande.fr\/de\/Produkt\/touraine-chenonceaux-aoc-blanc-domaine-pere-auguste\/","name":"TOURAINE CHENONCEAUX AOC BLANC DOMAINE P\u00c8RE AUGUSTE - Loire Gourmande - une \u00e9tape savoureuse","isPartOf":{"@id":"https:\/\/www.loire-gourmande.fr\/de\/#website"},"primaryImageOfPage":{"@id":"https:\/\/www.loire-gourmande.fr\/de\/Produkt\/touraine-chenonceaux-aoc-blanc-domaine-pere-auguste\/#primaryimage"},"image":{"@id":"https:\/\/www.loire-gourmande.fr\/de\/Produkt\/touraine-chenonceaux-aoc-blanc-domaine-pere-auguste\/#primaryimage"},"thumbnailUrl":"https:\/\/www.loire-gourmande.fr\/wp-content\/uploads\/2024\/02\/Chenonceaux-blanc.jpg","datePublished":"2024-02-24T16:34:36+00:00","dateModified":"2025-04-04T05:01:04+00:00","description":"TOURAINE CHENONCEAUX AOC BLANC DOMAINE P\u00c8RE AUGUSTE. Wein aus der Loire. Bestellung im Weinkeller auf der Website von Loire Gourmande. Weinh\u00e4ndler in Turquant (49).","breadcrumb":{"@id":"https:\/\/www.loire-gourmande.fr\/de\/Produkt\/touraine-chenonceaux-aoc-blanc-domaine-pere-auguste\/#breadcrumb"},"inLanguage":"de","potentialAction":[{"@type":"ReadAction","target":["https:\/\/www.loire-gourmande.fr\/de\/Produkt\/touraine-chenonceaux-aoc-blanc-domaine-pere-auguste\/"]}]},{"@type":"ImageObject","inLanguage":"de","@id":"https:\/\/www.loire-gourmande.fr\/de\/Produkt\/touraine-chenonceaux-aoc-blanc-domaine-pere-auguste\/#primaryimage","url":"https:\/\/www.loire-gourmande.fr\/wp-content\/uploads\/2024\/02\/Chenonceaux-blanc.jpg","contentUrl":"https:\/\/www.loire-gourmande.fr\/wp-content\/uploads\/2024\/02\/Chenonceaux-blanc.jpg","width":800,"height":800},{"@type":"BreadcrumbList","@id":"https:\/\/www.loire-gourmande.fr\/de\/Produkt\/touraine-chenonceaux-aoc-blanc-domaine-pere-auguste\/#breadcrumb","itemListElement":[{"@type":"ListItem","position":1,"name":"Startseite","item":"https:\/\/www.loire-gourmande.fr\/de\/"},{"@type":"ListItem","position":2,"name":"Die Boutique de Loire Gourmande: die Weine der Loire","item":"https:\/\/www.loire-gourmande.fr\/de\/woocommerce\/"},{"@type":"ListItem","position":3,"name":"Die Weine","item":"https:\/\/www.loire-gourmande.fr\/de\/Produktkategorie\/die-weine\/"},{"@type":"ListItem","position":4,"name":"TOURAINE CHENONCEAUX AOC BLANC DOMAINE P\u00c8RE AUGUSTE"}]},{"@type":"WebSite","@id":"https:\/\/www.loire-gourmande.fr\/de\/#website","url":"https:\/\/www.loire-gourmande.fr\/de\/","name":"Loire Gourmande, une \u00e9tape savoureuse","description":"une d\u00e9gustation \u00e0 toute heure et une boutique \u00e0 visiter \u00e0 Turquant (49)","publisher":{"@id":"https:\/\/www.loire-gourmande.fr\/de\/#organization"},"potentialAction":[{"@type":"SearchAction","target":{"@type":"EntryPoint","urlTemplate":"https:\/\/www.loire-gourmande.fr\/de\/?s={search_term_string}"},"query-input":{"@type":"PropertyValueSpecification","valueRequired":true,"valueName":"search_term_string"}}],"inLanguage":"de"},{"@type":"Organization","@id":"https:\/\/www.loire-gourmande.fr\/de\/#organization","name":"Loire Gourmande - Schnellrestaurant und Besuch in Turquant (49)","url":"https:\/\/www.loire-gourmande.fr\/de\/","logo":{"@type":"ImageObject","inLanguage":"de","@id":"https:\/\/www.loire-gourmande.fr\/de\/#\/schema\/logo\/image\/","url":"https:\/\/www.loire-gourmande.fr\/wp-content\/uploads\/2020\/10\/loire-gourmande-logo.jpg","contentUrl":"https:\/\/www.loire-gourmande.fr\/wp-content\/uploads\/2020\/10\/loire-gourmande-logo.jpg","width":800,"height":415,"caption":"Loire Gourmande - Schnellrestaurant und Besuch in Turquant (49)"},"image":{"@id":"https:\/\/www.loire-gourmande.fr\/de\/#\/schema\/logo\/image\/"},"sameAs":["https:\/\/www.facebook.com\/Loire-Gourmande-Turquant-101991328328493\/","https:\/\/www.instagram.com\/jean_yves_auradon\/?igshid=1ta3mfjka326t"]}]}},"_links":{"self":[{"href":"https:\/\/www.loire-gourmande.fr\/de\/wp-json\/wp\/v2\/product\/10961","targetHints":{"allow":["GET"]}}],"collection":[{"href":"https:\/\/www.loire-gourmande.fr\/de\/wp-json\/wp\/v2\/product"}],"about":[{"href":"https:\/\/www.loire-gourmande.fr\/de\/wp-json\/wp\/v2\/types\/product"}],"version-history":[{"count":2,"href":"https:\/\/www.loire-gourmande.fr\/de\/wp-json\/wp\/v2\/product\/10961\/revisions"}],"predecessor-version":[{"id":12828,"href":"https:\/\/www.loire-gourmande.fr\/de\/wp-json\/wp\/v2\/product\/10961\/revisions\/12828"}],"wp:featuredmedia":[{"embeddable":true,"href":"https:\/\/www.loire-gourmande.fr\/de\/wp-json\/wp\/v2\/media\/10967"}],"wp:attachment":[{"href":"https:\/\/www.loire-gourmande.fr\/de\/wp-json\/wp\/v2\/media?parent=10961"}],"wp:term":[{"taxonomy":"product_brand","embeddable":true,"href":"https:\/\/www.loire-gourmande.fr\/de\/wp-json\/wp\/v2\/product_brand?post=10961"},{"taxonomy":"product_cat","embeddable":true,"href":"https:\/\/www.loire-gourmande.fr\/de\/wp-json\/wp\/v2\/product_cat?post=10961"},{"taxonomy":"product_tag","embeddable":true,"href":"https:\/\/www.loire-gourmande.fr\/de\/wp-json\/wp\/v2\/product_tag?post=10961"}],"curies":[{"name":"wp","href":"https:\/\/api.w.org\/{rel}","templated":true}]}}