{"id":10980,"date":"2024-02-24T16:48:39","date_gmt":"2024-02-24T16:48:39","guid":{"rendered":"https:\/\/www.loire-gourmande.fr\/produit\/touraine-sauvignon-blanc-domaine-pere-auguste\/"},"modified":"2025-05-27T16:30:37","modified_gmt":"2025-05-27T15:30:37","slug":"touraine-sauvignon-blanc-domaine-pere-auguste","status":"publish","type":"product","link":"https:\/\/www.loire-gourmande.fr\/de\/Produkt\/touraine-sauvignon-blanc-domaine-pere-auguste\/","title":{"rendered":"TOURAINE SAUVIGNON BLANC DOMAINE P\u00c8RE AUGUSTE"},"content":{"rendered":"<div class=\"vc_custom_heading_wrap \">\n<div class=\"heading-text el-text\">\n<div class=\"vc_custom_heading_wrap \">\n<div class=\"heading-text el-text\">\n<p class=\"h1\">Manuelle oder mechanische Weinlese?<br \/>\n<span style=\"font-size: 16px;\">Beides hat seine Vor- und Nachteile&#8230; Bei der Handlese haben wir nat\u00fcrlich den gro\u00dfen Vorteil, dass wir die Trauben am Weinberg ausw\u00e4hlen und sie mit Sorgfalt in den Weinkeller bringen k\u00f6nnen: Kein einziges Blatt, keine unreife Traube wird im Wein landen!<br \/>\n<\/span>Andererseits variiert die endg\u00fcltige Qualit\u00e4t des Weins stark in Abh\u00e4ngigkeit vom Zeitpunkt der Ernte und auch von der Erntezeit! Dank der Maschine k\u00f6nnen Sie die Sauvignons schnell ernten, wenn sie perfekt reif sind, und auch in der Nacht, um bestimmte Aromen einzufangen, die verschwinden, sobald die Sonne aufgeht&#8230;<br \/>\nEs ist ein trockener Wei\u00dfwein, der eine sch\u00f6ne Lebendigkeit und viele Aromen zeigt. Ideal als Aperitif, aber auch zu Fisch und Schalentieren entfaltet er seinen vollen Geschmack.<\/p>\n<\/div>\n<\/div>\n<p class=\"h1\"><strong>Rebsorte: <\/strong>Sauvignon Blanc<br \/>\n<strong>Jahrgang:<\/strong> 2022<br \/>\n<strong>Empfohlene Gerichte:<\/strong> Gegrillter Fisch, Krustentiere, Meeresfr\u00fcchte, Aperitif<br \/>\n<strong>Serviertemperatur:<\/strong> 7\u00b0C<br \/>\n<strong>Lagerf\u00e4higkeit:<\/strong> &lt; 3 Jahre<\/p>\n<\/div>\n<\/div>\n<p><strong>Speisen &amp; Weine: <\/strong>Dieser Wein passt perfekt zu : Aperitif, Austern, Meeresfr\u00fcchte, Schalentiere, Salate, Fisch<\/p>\n","protected":false},"excerpt":{"rendered":"<div id=\"row-unique-1\" class=\"vc_row row-container\" data-parent=\"true\" data-section=\"1\">\n<div class=\"row single-top-padding one-bottom-padding single-h-padding limit-width row-parent\" data-imgready=\"true\">\n<div class=\"wpb_row row-inner\">\n<div class=\"wpb_column pos-middle pos-center align_center column_parent col-lg-12 half-internal-gutter\">\n<div class=\"uncol style-light\">\n<div class=\"uncoltable\">\n<div class=\"uncell no-block-padding\">\n<div class=\"uncont\">\n<div class=\"vc_custom_heading_wrap \">\n<div class=\"heading-text el-text\">\n<p class=\"h2\">Die Geschichte der Godeau: eine Winzerfamilie<\/p>\n<\/div>\n<\/div>\n<\/div>\n<\/div>\n<\/div>\n<\/div>\n<\/div>\n<\/div>\n<\/div>\n<\/div>\n<div class=\"row single-top-padding one-bottom-padding single-h-padding limit-width row-parent\" data-imgready=\"true\">\n<div class=\"wpb_row row-inner\">\n<div class=\"wpb_column pos-middle pos-center align_left column_parent col-lg-9 single-internal-gutter\">\n<div class=\"uncol style-light\">\n<div class=\"uncoltable\">\n<div class=\"uncell no-block-padding\">\n<div class=\"uncont\">\n<div class=\"uncode_text_column\">\n<p>Vor 145 Jahren lie\u00df sich unser Vorfahre August hier nieder und begann, den Tuffstein unter dem H\u00fcgel, der seine Weinberge tr\u00e4gt, auszugraben. W\u00e4hrend der gr\u00f6\u00dfte Keller f\u00fcr die Weinproduktion bestimmt war, wurden in den anderen K\u00fche, Pferde und Schweine untergebracht. Die gewonnenen Steine wurden f\u00fcr den Bau des Hauses und des Bauernhofs verwendet.<\/p>\n<p><strong>In diesen Kellern haben sechs Generationen unserer Familie die Leidenschaft f\u00fcr unser Terroir und unsere Weine weitergegeben.<\/strong><\/p>\n<\/div>\n<\/div>\n<\/div>\n<\/div>\n<\/div>\n<\/div>\n<\/div>\n<\/div>\n<div id=\"row-unique-3\" class=\"vc_row row-container\" data-parent=\"true\" data-section=\"3\">\n<div class=\"row single-top-padding one-bottom-padding single-h-padding limit-width row-parent\" data-imgready=\"true\">\n<div class=\"wpb_row row-inner\">\n<div class=\"wpb_column pos-top pos-center align_center column_parent col-lg-8 half-internal-gutter\">\n<div class=\"uncol style-light\">\n<div class=\"uncoltable\">\n<div class=\"uncell no-block-padding\">\n<div class=\"uncont\">\n<div class=\"uncode_text_column\">\n<p>Heute umfasst <strong>das als &#8222;Haute Valeur Environnementale&#8220; klassifizierte Wein<\/strong> gut 45 Hektar Weinberge und erstreckt sich vollst\u00e4ndig \u00fcber die H\u00e4nge, die die D\u00f6rfer Civray-de-Touraine und Chenonceaux miteinander verbinden.<\/p>\n<p>Mit unseren <strong>7 verschiedenen Rebsorten<\/strong> bieten wir Wein f\u00fcr jeden Geschmack. Schon in der N\u00e4he des Schlosses Chenonceau k\u00f6nnen Sie unsere Arbeit beobachten, da <strong>wir die Reben und Weine f\u00fcr unseren ber\u00fchmten Nachbarn bearbeiten<\/strong>.<\/p>\n<\/div>\n<\/div>\n<\/div>\n<\/div>\n<\/div>\n<\/div>\n<\/div>\n<\/div>\n<\/div>\n","protected":false},"featured_media":10981,"template":"","meta":{"inline_featured_image":false},"product_brand":[],"product_cat":[600,609,608],"product_tag":[618,636,628,637,635,634],"class_list":{"0":"post-10980","1":"product","2":"type-product","3":"status-publish","4":"has-post-thumbnail","6":"product_cat-die-weine","7":"product_cat-touraine-de","8":"product_cat-weis","9":"product_tag-aperitif-de","10":"product_tag-austern","11":"product_tag-fisch","12":"product_tag-krustentiere","13":"product_tag-meeresfruchte","14":"product_tag-salate","15":"product_shipping_class-flasche","17":"first","18":"instock","19":"taxable","20":"shipping-taxable","21":"purchasable","22":"product-type-simple"},"yoast_head":"<!-- This site is optimized with the Yoast SEO plugin v27.6 - https:\/\/yoast.com\/product\/yoast-seo-wordpress\/ -->\n<title>TOURAINE SAUVIGNON BLANC DOMAINE P\u00c8RE AUGUSTE - Loire Gourmande - une \u00e9tape savoureuse<\/title>\n<meta name=\"description\" content=\"TOURAINE SAUVIGNON BLANC DOMAINE P\u00c8RE AUGUSTE. Wein aus der Loire. Bestellung im Weinkeller auf der Website von Loire Gourmande. Weinh\u00e4ndler in Turquant (49).\" \/>\n<meta name=\"robots\" content=\"index, follow, max-snippet:-1, max-image-preview:large, max-video-preview:-1\" \/>\n<link rel=\"canonical\" href=\"https:\/\/www.loire-gourmande.fr\/de\/Produkt\/touraine-sauvignon-blanc-domaine-pere-auguste\/\" \/>\n<meta property=\"og:locale\" content=\"de_DE\" \/>\n<meta property=\"og:type\" content=\"article\" \/>\n<meta property=\"og:title\" content=\"TOURAINE SAUVIGNON BLANC DOMAINE P\u00c8RE AUGUSTE - Loire Gourmande - une \u00e9tape savoureuse\" \/>\n<meta property=\"og:description\" content=\"TOURAINE SAUVIGNON BLANC DOMAINE P\u00c8RE AUGUSTE. Wein aus der Loire. Bestellung im Weinkeller auf der Website von Loire Gourmande. Weinh\u00e4ndler in Turquant (49).\" \/>\n<meta property=\"og:url\" content=\"https:\/\/www.loire-gourmande.fr\/de\/Produkt\/touraine-sauvignon-blanc-domaine-pere-auguste\/\" \/>\n<meta property=\"og:site_name\" content=\"Loire Gourmande - une \u00e9tape savoureuse\" \/>\n<meta property=\"article:publisher\" content=\"https:\/\/www.facebook.com\/Loire-Gourmande-Turquant-101991328328493\/\" \/>\n<meta property=\"article:modified_time\" content=\"2025-05-27T15:30:37+00:00\" \/>\n<meta property=\"og:image\" content=\"https:\/\/www.loire-gourmande.fr\/wp-content\/uploads\/2024\/02\/Sauvignon.jpg\" \/>\n\t<meta property=\"og:image:width\" content=\"800\" \/>\n\t<meta property=\"og:image:height\" content=\"800\" \/>\n\t<meta property=\"og:image:type\" content=\"image\/jpeg\" \/>\n<meta name=\"twitter:card\" content=\"summary_large_image\" \/>\n<meta name=\"twitter:label1\" content=\"Gesch\u00e4tzte Lesezeit\" \/>\n\t<meta name=\"twitter:data1\" content=\"1\u00a0Minute\" \/>\n<script type=\"application\/ld+json\" class=\"yoast-schema-graph\">{\"@context\":\"https:\\\/\\\/schema.org\",\"@graph\":[{\"@type\":\"WebPage\",\"@id\":\"https:\\\/\\\/www.loire-gourmande.fr\\\/de\\\/Produkt\\\/touraine-sauvignon-blanc-domaine-pere-auguste\\\/\",\"url\":\"https:\\\/\\\/www.loire-gourmande.fr\\\/de\\\/Produkt\\\/touraine-sauvignon-blanc-domaine-pere-auguste\\\/\",\"name\":\"TOURAINE SAUVIGNON BLANC DOMAINE P\u00c8RE AUGUSTE - Loire Gourmande - une \u00e9tape savoureuse\",\"isPartOf\":{\"@id\":\"https:\\\/\\\/www.loire-gourmande.fr\\\/de\\\/#website\"},\"primaryImageOfPage\":{\"@id\":\"https:\\\/\\\/www.loire-gourmande.fr\\\/de\\\/Produkt\\\/touraine-sauvignon-blanc-domaine-pere-auguste\\\/#primaryimage\"},\"image\":{\"@id\":\"https:\\\/\\\/www.loire-gourmande.fr\\\/de\\\/Produkt\\\/touraine-sauvignon-blanc-domaine-pere-auguste\\\/#primaryimage\"},\"thumbnailUrl\":\"https:\\\/\\\/www.loire-gourmande.fr\\\/wp-content\\\/uploads\\\/2024\\\/02\\\/Sauvignon.jpg\",\"datePublished\":\"2024-02-24T16:48:39+00:00\",\"dateModified\":\"2025-05-27T15:30:37+00:00\",\"description\":\"TOURAINE SAUVIGNON BLANC DOMAINE P\u00c8RE AUGUSTE. Wein aus der Loire. Bestellung im Weinkeller auf der Website von Loire Gourmande. Weinh\u00e4ndler in Turquant (49).\",\"breadcrumb\":{\"@id\":\"https:\\\/\\\/www.loire-gourmande.fr\\\/de\\\/Produkt\\\/touraine-sauvignon-blanc-domaine-pere-auguste\\\/#breadcrumb\"},\"inLanguage\":\"de\",\"potentialAction\":[{\"@type\":\"ReadAction\",\"target\":[\"https:\\\/\\\/www.loire-gourmande.fr\\\/de\\\/Produkt\\\/touraine-sauvignon-blanc-domaine-pere-auguste\\\/\"]}]},{\"@type\":\"ImageObject\",\"inLanguage\":\"de\",\"@id\":\"https:\\\/\\\/www.loire-gourmande.fr\\\/de\\\/Produkt\\\/touraine-sauvignon-blanc-domaine-pere-auguste\\\/#primaryimage\",\"url\":\"https:\\\/\\\/www.loire-gourmande.fr\\\/wp-content\\\/uploads\\\/2024\\\/02\\\/Sauvignon.jpg\",\"contentUrl\":\"https:\\\/\\\/www.loire-gourmande.fr\\\/wp-content\\\/uploads\\\/2024\\\/02\\\/Sauvignon.jpg\",\"width\":800,\"height\":800},{\"@type\":\"BreadcrumbList\",\"@id\":\"https:\\\/\\\/www.loire-gourmande.fr\\\/de\\\/Produkt\\\/touraine-sauvignon-blanc-domaine-pere-auguste\\\/#breadcrumb\",\"itemListElement\":[{\"@type\":\"ListItem\",\"position\":1,\"name\":\"Startseite\",\"item\":\"https:\\\/\\\/www.loire-gourmande.fr\\\/de\\\/\"},{\"@type\":\"ListItem\",\"position\":2,\"name\":\"Die Boutique de Loire Gourmande: die Weine der Loire\",\"item\":\"https:\\\/\\\/www.loire-gourmande.fr\\\/de\\\/woocommerce\\\/\"},{\"@type\":\"ListItem\",\"position\":3,\"name\":\"Die Weine\",\"item\":\"https:\\\/\\\/www.loire-gourmande.fr\\\/de\\\/Produktkategorie\\\/die-weine\\\/\"},{\"@type\":\"ListItem\",\"position\":4,\"name\":\"TOURAINE SAUVIGNON BLANC DOMAINE P\u00c8RE AUGUSTE\"}]},{\"@type\":\"WebSite\",\"@id\":\"https:\\\/\\\/www.loire-gourmande.fr\\\/de\\\/#website\",\"url\":\"https:\\\/\\\/www.loire-gourmande.fr\\\/de\\\/\",\"name\":\"Loire Gourmande, une \u00e9tape savoureuse\",\"description\":\"une d\u00e9gustation \u00e0 toute heure et une boutique \u00e0 visiter \u00e0 Turquant (49)\",\"publisher\":{\"@id\":\"https:\\\/\\\/www.loire-gourmande.fr\\\/de\\\/#organization\"},\"potentialAction\":[{\"@type\":\"SearchAction\",\"target\":{\"@type\":\"EntryPoint\",\"urlTemplate\":\"https:\\\/\\\/www.loire-gourmande.fr\\\/de\\\/?s={search_term_string}\"},\"query-input\":{\"@type\":\"PropertyValueSpecification\",\"valueRequired\":true,\"valueName\":\"search_term_string\"}}],\"inLanguage\":\"de\"},{\"@type\":\"Organization\",\"@id\":\"https:\\\/\\\/www.loire-gourmande.fr\\\/de\\\/#organization\",\"name\":\"Loire Gourmande - Schnellrestaurant und Besuch in Turquant (49)\",\"url\":\"https:\\\/\\\/www.loire-gourmande.fr\\\/de\\\/\",\"logo\":{\"@type\":\"ImageObject\",\"inLanguage\":\"de\",\"@id\":\"https:\\\/\\\/www.loire-gourmande.fr\\\/de\\\/#\\\/schema\\\/logo\\\/image\\\/\",\"url\":\"https:\\\/\\\/www.loire-gourmande.fr\\\/wp-content\\\/uploads\\\/2020\\\/10\\\/loire-gourmande-logo.jpg\",\"contentUrl\":\"https:\\\/\\\/www.loire-gourmande.fr\\\/wp-content\\\/uploads\\\/2020\\\/10\\\/loire-gourmande-logo.jpg\",\"width\":800,\"height\":415,\"caption\":\"Loire Gourmande - Schnellrestaurant und Besuch in Turquant (49)\"},\"image\":{\"@id\":\"https:\\\/\\\/www.loire-gourmande.fr\\\/de\\\/#\\\/schema\\\/logo\\\/image\\\/\"},\"sameAs\":[\"https:\\\/\\\/www.facebook.com\\\/Loire-Gourmande-Turquant-101991328328493\\\/\",\"https:\\\/\\\/www.instagram.com\\\/jean_yves_auradon\\\/?igshid=1ta3mfjka326t\"]}]}<\/script>\n<!-- \/ Yoast SEO plugin. -->","yoast_head_json":{"title":"TOURAINE SAUVIGNON BLANC DOMAINE P\u00c8RE AUGUSTE - Loire Gourmande - une \u00e9tape savoureuse","description":"TOURAINE SAUVIGNON BLANC DOMAINE P\u00c8RE AUGUSTE. Wein aus der Loire. Bestellung im Weinkeller auf der Website von Loire Gourmande. Weinh\u00e4ndler in Turquant (49).","robots":{"index":"index","follow":"follow","max-snippet":"max-snippet:-1","max-image-preview":"max-image-preview:large","max-video-preview":"max-video-preview:-1"},"canonical":"https:\/\/www.loire-gourmande.fr\/de\/Produkt\/touraine-sauvignon-blanc-domaine-pere-auguste\/","og_locale":"de_DE","og_type":"article","og_title":"TOURAINE SAUVIGNON BLANC DOMAINE P\u00c8RE AUGUSTE - Loire Gourmande - une \u00e9tape savoureuse","og_description":"TOURAINE SAUVIGNON BLANC DOMAINE P\u00c8RE AUGUSTE. Wein aus der Loire. Bestellung im Weinkeller auf der Website von Loire Gourmande. Weinh\u00e4ndler in Turquant (49).","og_url":"https:\/\/www.loire-gourmande.fr\/de\/Produkt\/touraine-sauvignon-blanc-domaine-pere-auguste\/","og_site_name":"Loire Gourmande - une \u00e9tape savoureuse","article_publisher":"https:\/\/www.facebook.com\/Loire-Gourmande-Turquant-101991328328493\/","article_modified_time":"2025-05-27T15:30:37+00:00","og_image":[{"width":800,"height":800,"url":"https:\/\/www.loire-gourmande.fr\/wp-content\/uploads\/2024\/02\/Sauvignon.jpg","type":"image\/jpeg"}],"twitter_card":"summary_large_image","twitter_misc":{"Gesch\u00e4tzte Lesezeit":"1\u00a0Minute"},"schema":{"@context":"https:\/\/schema.org","@graph":[{"@type":"WebPage","@id":"https:\/\/www.loire-gourmande.fr\/de\/Produkt\/touraine-sauvignon-blanc-domaine-pere-auguste\/","url":"https:\/\/www.loire-gourmande.fr\/de\/Produkt\/touraine-sauvignon-blanc-domaine-pere-auguste\/","name":"TOURAINE SAUVIGNON BLANC DOMAINE P\u00c8RE AUGUSTE - Loire Gourmande - une \u00e9tape savoureuse","isPartOf":{"@id":"https:\/\/www.loire-gourmande.fr\/de\/#website"},"primaryImageOfPage":{"@id":"https:\/\/www.loire-gourmande.fr\/de\/Produkt\/touraine-sauvignon-blanc-domaine-pere-auguste\/#primaryimage"},"image":{"@id":"https:\/\/www.loire-gourmande.fr\/de\/Produkt\/touraine-sauvignon-blanc-domaine-pere-auguste\/#primaryimage"},"thumbnailUrl":"https:\/\/www.loire-gourmande.fr\/wp-content\/uploads\/2024\/02\/Sauvignon.jpg","datePublished":"2024-02-24T16:48:39+00:00","dateModified":"2025-05-27T15:30:37+00:00","description":"TOURAINE SAUVIGNON BLANC DOMAINE P\u00c8RE AUGUSTE. Wein aus der Loire. Bestellung im Weinkeller auf der Website von Loire Gourmande. Weinh\u00e4ndler in Turquant (49).","breadcrumb":{"@id":"https:\/\/www.loire-gourmande.fr\/de\/Produkt\/touraine-sauvignon-blanc-domaine-pere-auguste\/#breadcrumb"},"inLanguage":"de","potentialAction":[{"@type":"ReadAction","target":["https:\/\/www.loire-gourmande.fr\/de\/Produkt\/touraine-sauvignon-blanc-domaine-pere-auguste\/"]}]},{"@type":"ImageObject","inLanguage":"de","@id":"https:\/\/www.loire-gourmande.fr\/de\/Produkt\/touraine-sauvignon-blanc-domaine-pere-auguste\/#primaryimage","url":"https:\/\/www.loire-gourmande.fr\/wp-content\/uploads\/2024\/02\/Sauvignon.jpg","contentUrl":"https:\/\/www.loire-gourmande.fr\/wp-content\/uploads\/2024\/02\/Sauvignon.jpg","width":800,"height":800},{"@type":"BreadcrumbList","@id":"https:\/\/www.loire-gourmande.fr\/de\/Produkt\/touraine-sauvignon-blanc-domaine-pere-auguste\/#breadcrumb","itemListElement":[{"@type":"ListItem","position":1,"name":"Startseite","item":"https:\/\/www.loire-gourmande.fr\/de\/"},{"@type":"ListItem","position":2,"name":"Die Boutique de Loire Gourmande: die Weine der Loire","item":"https:\/\/www.loire-gourmande.fr\/de\/woocommerce\/"},{"@type":"ListItem","position":3,"name":"Die Weine","item":"https:\/\/www.loire-gourmande.fr\/de\/Produktkategorie\/die-weine\/"},{"@type":"ListItem","position":4,"name":"TOURAINE SAUVIGNON BLANC DOMAINE P\u00c8RE AUGUSTE"}]},{"@type":"WebSite","@id":"https:\/\/www.loire-gourmande.fr\/de\/#website","url":"https:\/\/www.loire-gourmande.fr\/de\/","name":"Loire Gourmande, une \u00e9tape savoureuse","description":"une d\u00e9gustation \u00e0 toute heure et une boutique \u00e0 visiter \u00e0 Turquant (49)","publisher":{"@id":"https:\/\/www.loire-gourmande.fr\/de\/#organization"},"potentialAction":[{"@type":"SearchAction","target":{"@type":"EntryPoint","urlTemplate":"https:\/\/www.loire-gourmande.fr\/de\/?s={search_term_string}"},"query-input":{"@type":"PropertyValueSpecification","valueRequired":true,"valueName":"search_term_string"}}],"inLanguage":"de"},{"@type":"Organization","@id":"https:\/\/www.loire-gourmande.fr\/de\/#organization","name":"Loire Gourmande - Schnellrestaurant und Besuch in Turquant (49)","url":"https:\/\/www.loire-gourmande.fr\/de\/","logo":{"@type":"ImageObject","inLanguage":"de","@id":"https:\/\/www.loire-gourmande.fr\/de\/#\/schema\/logo\/image\/","url":"https:\/\/www.loire-gourmande.fr\/wp-content\/uploads\/2020\/10\/loire-gourmande-logo.jpg","contentUrl":"https:\/\/www.loire-gourmande.fr\/wp-content\/uploads\/2020\/10\/loire-gourmande-logo.jpg","width":800,"height":415,"caption":"Loire Gourmande - Schnellrestaurant und Besuch in Turquant (49)"},"image":{"@id":"https:\/\/www.loire-gourmande.fr\/de\/#\/schema\/logo\/image\/"},"sameAs":["https:\/\/www.facebook.com\/Loire-Gourmande-Turquant-101991328328493\/","https:\/\/www.instagram.com\/jean_yves_auradon\/?igshid=1ta3mfjka326t"]}]}},"_links":{"self":[{"href":"https:\/\/www.loire-gourmande.fr\/de\/wp-json\/wp\/v2\/product\/10980","targetHints":{"allow":["GET"]}}],"collection":[{"href":"https:\/\/www.loire-gourmande.fr\/de\/wp-json\/wp\/v2\/product"}],"about":[{"href":"https:\/\/www.loire-gourmande.fr\/de\/wp-json\/wp\/v2\/types\/product"}],"version-history":[{"count":2,"href":"https:\/\/www.loire-gourmande.fr\/de\/wp-json\/wp\/v2\/product\/10980\/revisions"}],"predecessor-version":[{"id":13171,"href":"https:\/\/www.loire-gourmande.fr\/de\/wp-json\/wp\/v2\/product\/10980\/revisions\/13171"}],"wp:featuredmedia":[{"embeddable":true,"href":"https:\/\/www.loire-gourmande.fr\/de\/wp-json\/wp\/v2\/media\/10981"}],"wp:attachment":[{"href":"https:\/\/www.loire-gourmande.fr\/de\/wp-json\/wp\/v2\/media?parent=10980"}],"wp:term":[{"taxonomy":"product_brand","embeddable":true,"href":"https:\/\/www.loire-gourmande.fr\/de\/wp-json\/wp\/v2\/product_brand?post=10980"},{"taxonomy":"product_cat","embeddable":true,"href":"https:\/\/www.loire-gourmande.fr\/de\/wp-json\/wp\/v2\/product_cat?post=10980"},{"taxonomy":"product_tag","embeddable":true,"href":"https:\/\/www.loire-gourmande.fr\/de\/wp-json\/wp\/v2\/product_tag?post=10980"}],"curies":[{"name":"wp","href":"https:\/\/api.w.org\/{rel}","templated":true}]}}