{"id":10986,"date":"2023-06-17T05:35:31","date_gmt":"2023-06-17T05:35:31","guid":{"rendered":"https:\/\/www.loire-gourmande.fr\/produit\/aop-saint-nicolas-de-bourgueil-domaine-des-galuches\/"},"modified":"2025-05-27T16:19:22","modified_gmt":"2025-05-27T15:19:22","slug":"aop-saint-nicolas-de-bourgueil-domaine-des-galuches","status":"publish","type":"product","link":"https:\/\/www.loire-gourmande.fr\/de\/Produkt\/aop-saint-nicolas-de-bourgueil-domaine-des-galuches\/","title":{"rendered":"AOP SAINT NICOLAS DE BOURGUEIL DOMAINE DES GALUCHES"},"content":{"rendered":"<p>Familienbetrieb von 1,83 Hektar mit AOP St Nicolas de Bourgueil, der biologisch bewirtschaftet wird und am Zusammenfluss von Loire und Vienne liegt. Die Domaine des Galuches hat ihren Namen von dem lokalen Stein, auf dem unsere Reben Kraft und Wohlstand gefunden haben. Wir arbeiten als Familie, mit meiner Frau und meinem Sohn. Wir sind seit langem von der Legitimit\u00e4t der biologischen Landwirtschaft \u00fcberzeugt und tragen die Farben BIO und HVE (High Environmental Value). In St Nicolas de Bourgueil ist der Boden etwas reicher, Kies an der Oberfl\u00e4che und Lehm im Unterboden. Ein k\u00e4lterer und feuchterer Boden, der den Weinen Geschmeidigkeit und S\u00fcffigkeit verleihen wird. Auf dem w\u00e4rmeren Sandboden unserer Chinon-Weine werden Sie mehr Charakter und Aromen entdecken. In diesem Bem\u00fchen, die Natur zu verstehen, gen\u00fcgt uns das Produkt der Rebe allein. Wir stellen unsere Weine ohne zus\u00e4tzliche Hefen her. Die Kaltmazeration beginnt mit einer maximalen Extraktion der Frucht, gefolgt von einer kontrollierten Erh\u00f6hung der Temperatur f\u00fcr eine sieben- bis zehnt\u00e4gige G\u00e4rung. Die Verwendung von Schwefel in sehr geringen Mengen erm\u00f6glicht es uns, den Wein zu sch\u00fctzen, so dass er besser reifen kann.<br \/>\n<strong>Bezeichnung:<\/strong> Chinon<br \/>\n<strong>Rebsorte:<\/strong> Cabernet Franc<br \/>\nVerkostung<strong>:<\/strong> Himbeeraromen, eine s\u00e4uerliche Note, ein geschmeidiger und fruchtiger Cuv\u00e9e.<br \/>\n<strong>Speisenempfehlung: <\/strong>Ein runder und leichter Wein, der zu Loire-Fisch, Gefl\u00fcgel und gegrilltem Fleisch passt.<strong><br \/>\n<\/strong><strong>Lagerung:<\/strong> Genie\u00dfen Sie ihn in seiner Jugend oder lassen Sie ihn ein bis mehrere Jahre reifen. Servieren Sie den Wein bei 13\u00b0 bis 14\u00b0.<\/p>\n<p>&nbsp;<\/p>\n<p>&nbsp;<\/p>\n","protected":false},"excerpt":{"rendered":"<div class=\"xdj266r x11i5rnm xat24cr x1mh8g0r x1vvkbs x126k92a\">\n<div dir=\"auto\">Tauchen Sie ein in die zeitlose Eleganz des Weins von Saint-Nicolas de Bourgueil<\/div>\n<\/div>\n<div class=\"x11i5rnm xat24cr x1mh8g0r x1vvkbs xtlvy1s x126k92a\">\n<div dir=\"auto\">Dieser Rotwein stammt von einem Weinberg, der im sanften Licht des Loiretals liegt und Aromen von roten Fr\u00fcchten und zarten Gew\u00fcrznoten aufweist.<\/div>\n<\/div>\n<div class=\"x11i5rnm xat24cr x1mh8g0r x1vvkbs xtlvy1s x126k92a\">\n<div dir=\"auto\">Jeder Schluck ist eine Einladung, den Reichtum des Terroirs zu erforschen.<\/div>\n<\/div>\n<div class=\"x11i5rnm xat24cr x1mh8g0r x1vvkbs xtlvy1s x126k92a\">\n<div dir=\"auto\">Ob Sie einen besonderen Moment feiern oder einfach nur den Augenblick genie\u00dfen m\u00f6chten, die Weine von Saint-Nicolas de Bourgueil werden Ihre Sinne auf eine unvergleichliche Sinnesreise entf\u00fchren.<\/div>\n<\/div>\n","protected":false},"featured_media":12371,"template":"","meta":{"inline_featured_image":false},"product_brand":[],"product_cat":[603,601,609],"product_tag":[607,641],"class_list":{"0":"post-10986","1":"product","2":"type-product","3":"status-publish","4":"has-post-thumbnail","6":"product_cat-bio-wein","7":"product_cat-rot","8":"product_cat-touraine-de","9":"product_tag-geflugel-und-gegrilltes-fleisch","10":"product_tag-ihre-fische-aus-der-loire","11":"product_shipping_class-flasche","13":"first","14":"instock","15":"featured","16":"taxable","17":"shipping-taxable","18":"purchasable","19":"product-type-simple"},"yoast_head":"<!-- This site is optimized with the Yoast SEO plugin v27.6 - https:\/\/yoast.com\/product\/yoast-seo-wordpress\/ -->\n<title>AOP SAINT NICOLAS DE BOURGUEIL DOMAINE DES GALUCHES - Loire Gourmande - une \u00e9tape savoureuse<\/title>\n<meta name=\"description\" content=\"DOMAINE DES GALUCHES TRADITION - Rotwein - Cabernet Franc. Weine von der Loire. Bestellung im Weinkeller auf der Website von Loire Gourmande. Weinh\u00e4ndler in Turquant (49).\" \/>\n<meta name=\"robots\" content=\"index, follow, max-snippet:-1, max-image-preview:large, max-video-preview:-1\" \/>\n<link rel=\"canonical\" href=\"https:\/\/www.loire-gourmande.fr\/de\/Produkt\/aop-saint-nicolas-de-bourgueil-domaine-des-galuches\/\" \/>\n<meta property=\"og:locale\" content=\"de_DE\" \/>\n<meta property=\"og:type\" content=\"article\" \/>\n<meta property=\"og:title\" content=\"AOP SAINT NICOLAS DE BOURGUEIL DOMAINE DES GALUCHES - Loire Gourmande - une \u00e9tape savoureuse\" \/>\n<meta property=\"og:description\" content=\"DOMAINE DES GALUCHES TRADITION - Rotwein - Cabernet Franc. Weine von der Loire. Bestellung im Weinkeller auf der Website von Loire Gourmande. Weinh\u00e4ndler in Turquant (49).\" \/>\n<meta property=\"og:url\" content=\"https:\/\/www.loire-gourmande.fr\/de\/Produkt\/aop-saint-nicolas-de-bourgueil-domaine-des-galuches\/\" \/>\n<meta property=\"og:site_name\" content=\"Loire Gourmande - une \u00e9tape savoureuse\" \/>\n<meta property=\"article:publisher\" content=\"https:\/\/www.facebook.com\/Loire-Gourmande-Turquant-101991328328493\/\" \/>\n<meta property=\"article:modified_time\" content=\"2025-05-27T15:19:22+00:00\" \/>\n<meta property=\"og:image\" content=\"https:\/\/www.loire-gourmande.fr\/wp-content\/uploads\/2023\/06\/AOP-SAINT-NICOLAS-DE-BOURGUEIL-1.jpg\" \/>\n\t<meta property=\"og:image:width\" content=\"800\" \/>\n\t<meta property=\"og:image:height\" content=\"800\" \/>\n\t<meta property=\"og:image:type\" content=\"image\/jpeg\" \/>\n<meta name=\"twitter:card\" content=\"summary_large_image\" \/>\n<meta name=\"twitter:label1\" content=\"Gesch\u00e4tzte Lesezeit\" \/>\n\t<meta name=\"twitter:data1\" content=\"1\u00a0Minute\" \/>\n<script type=\"application\/ld+json\" class=\"yoast-schema-graph\">{\"@context\":\"https:\\\/\\\/schema.org\",\"@graph\":[{\"@type\":\"WebPage\",\"@id\":\"https:\\\/\\\/www.loire-gourmande.fr\\\/de\\\/Produkt\\\/aop-saint-nicolas-de-bourgueil-domaine-des-galuches\\\/\",\"url\":\"https:\\\/\\\/www.loire-gourmande.fr\\\/de\\\/Produkt\\\/aop-saint-nicolas-de-bourgueil-domaine-des-galuches\\\/\",\"name\":\"AOP SAINT NICOLAS DE BOURGUEIL DOMAINE DES GALUCHES - Loire Gourmande - une \u00e9tape savoureuse\",\"isPartOf\":{\"@id\":\"https:\\\/\\\/www.loire-gourmande.fr\\\/de\\\/#website\"},\"primaryImageOfPage\":{\"@id\":\"https:\\\/\\\/www.loire-gourmande.fr\\\/de\\\/Produkt\\\/aop-saint-nicolas-de-bourgueil-domaine-des-galuches\\\/#primaryimage\"},\"image\":{\"@id\":\"https:\\\/\\\/www.loire-gourmande.fr\\\/de\\\/Produkt\\\/aop-saint-nicolas-de-bourgueil-domaine-des-galuches\\\/#primaryimage\"},\"thumbnailUrl\":\"https:\\\/\\\/www.loire-gourmande.fr\\\/wp-content\\\/uploads\\\/2023\\\/06\\\/AOP-SAINT-NICOLAS-DE-BOURGUEIL-1.jpg\",\"datePublished\":\"2023-06-17T05:35:31+00:00\",\"dateModified\":\"2025-05-27T15:19:22+00:00\",\"description\":\"DOMAINE DES GALUCHES TRADITION - Rotwein - Cabernet Franc. Weine von der Loire. Bestellung im Weinkeller auf der Website von Loire Gourmande. Weinh\u00e4ndler in Turquant (49).\",\"breadcrumb\":{\"@id\":\"https:\\\/\\\/www.loire-gourmande.fr\\\/de\\\/Produkt\\\/aop-saint-nicolas-de-bourgueil-domaine-des-galuches\\\/#breadcrumb\"},\"inLanguage\":\"de\",\"potentialAction\":[{\"@type\":\"ReadAction\",\"target\":[\"https:\\\/\\\/www.loire-gourmande.fr\\\/de\\\/Produkt\\\/aop-saint-nicolas-de-bourgueil-domaine-des-galuches\\\/\"]}]},{\"@type\":\"ImageObject\",\"inLanguage\":\"de\",\"@id\":\"https:\\\/\\\/www.loire-gourmande.fr\\\/de\\\/Produkt\\\/aop-saint-nicolas-de-bourgueil-domaine-des-galuches\\\/#primaryimage\",\"url\":\"https:\\\/\\\/www.loire-gourmande.fr\\\/wp-content\\\/uploads\\\/2023\\\/06\\\/AOP-SAINT-NICOLAS-DE-BOURGUEIL-1.jpg\",\"contentUrl\":\"https:\\\/\\\/www.loire-gourmande.fr\\\/wp-content\\\/uploads\\\/2023\\\/06\\\/AOP-SAINT-NICOLAS-DE-BOURGUEIL-1.jpg\",\"width\":800,\"height\":800},{\"@type\":\"BreadcrumbList\",\"@id\":\"https:\\\/\\\/www.loire-gourmande.fr\\\/de\\\/Produkt\\\/aop-saint-nicolas-de-bourgueil-domaine-des-galuches\\\/#breadcrumb\",\"itemListElement\":[{\"@type\":\"ListItem\",\"position\":1,\"name\":\"Startseite\",\"item\":\"https:\\\/\\\/www.loire-gourmande.fr\\\/de\\\/\"},{\"@type\":\"ListItem\",\"position\":2,\"name\":\"Die Boutique de Loire Gourmande: die Weine der Loire\",\"item\":\"https:\\\/\\\/www.loire-gourmande.fr\\\/de\\\/woocommerce\\\/\"},{\"@type\":\"ListItem\",\"position\":3,\"name\":\"Die Weine\",\"item\":\"https:\\\/\\\/www.loire-gourmande.fr\\\/de\\\/Produktkategorie\\\/die-weine\\\/\"},{\"@type\":\"ListItem\",\"position\":4,\"name\":\"Bio Wein\",\"item\":\"https:\\\/\\\/www.loire-gourmande.fr\\\/de\\\/Produktkategorie\\\/die-weine\\\/bio-wein\\\/\"},{\"@type\":\"ListItem\",\"position\":5,\"name\":\"AOP SAINT NICOLAS DE BOURGUEIL DOMAINE DES GALUCHES\"}]},{\"@type\":\"WebSite\",\"@id\":\"https:\\\/\\\/www.loire-gourmande.fr\\\/de\\\/#website\",\"url\":\"https:\\\/\\\/www.loire-gourmande.fr\\\/de\\\/\",\"name\":\"Loire Gourmande, une \u00e9tape savoureuse\",\"description\":\"une d\u00e9gustation \u00e0 toute heure et une boutique \u00e0 visiter \u00e0 Turquant (49)\",\"publisher\":{\"@id\":\"https:\\\/\\\/www.loire-gourmande.fr\\\/de\\\/#organization\"},\"potentialAction\":[{\"@type\":\"SearchAction\",\"target\":{\"@type\":\"EntryPoint\",\"urlTemplate\":\"https:\\\/\\\/www.loire-gourmande.fr\\\/de\\\/?s={search_term_string}\"},\"query-input\":{\"@type\":\"PropertyValueSpecification\",\"valueRequired\":true,\"valueName\":\"search_term_string\"}}],\"inLanguage\":\"de\"},{\"@type\":\"Organization\",\"@id\":\"https:\\\/\\\/www.loire-gourmande.fr\\\/de\\\/#organization\",\"name\":\"Loire Gourmande - Schnellrestaurant und Besuch in Turquant (49)\",\"url\":\"https:\\\/\\\/www.loire-gourmande.fr\\\/de\\\/\",\"logo\":{\"@type\":\"ImageObject\",\"inLanguage\":\"de\",\"@id\":\"https:\\\/\\\/www.loire-gourmande.fr\\\/de\\\/#\\\/schema\\\/logo\\\/image\\\/\",\"url\":\"https:\\\/\\\/www.loire-gourmande.fr\\\/wp-content\\\/uploads\\\/2020\\\/10\\\/loire-gourmande-logo.jpg\",\"contentUrl\":\"https:\\\/\\\/www.loire-gourmande.fr\\\/wp-content\\\/uploads\\\/2020\\\/10\\\/loire-gourmande-logo.jpg\",\"width\":800,\"height\":415,\"caption\":\"Loire Gourmande - Schnellrestaurant und Besuch in Turquant (49)\"},\"image\":{\"@id\":\"https:\\\/\\\/www.loire-gourmande.fr\\\/de\\\/#\\\/schema\\\/logo\\\/image\\\/\"},\"sameAs\":[\"https:\\\/\\\/www.facebook.com\\\/Loire-Gourmande-Turquant-101991328328493\\\/\",\"https:\\\/\\\/www.instagram.com\\\/jean_yves_auradon\\\/?igshid=1ta3mfjka326t\"]}]}<\/script>\n<!-- \/ Yoast SEO plugin. -->","yoast_head_json":{"title":"AOP SAINT NICOLAS DE BOURGUEIL DOMAINE DES GALUCHES - Loire Gourmande - une \u00e9tape savoureuse","description":"DOMAINE DES GALUCHES TRADITION - Rotwein - Cabernet Franc. Weine von der Loire. Bestellung im Weinkeller auf der Website von Loire Gourmande. Weinh\u00e4ndler in Turquant (49).","robots":{"index":"index","follow":"follow","max-snippet":"max-snippet:-1","max-image-preview":"max-image-preview:large","max-video-preview":"max-video-preview:-1"},"canonical":"https:\/\/www.loire-gourmande.fr\/de\/Produkt\/aop-saint-nicolas-de-bourgueil-domaine-des-galuches\/","og_locale":"de_DE","og_type":"article","og_title":"AOP SAINT NICOLAS DE BOURGUEIL DOMAINE DES GALUCHES - Loire Gourmande - une \u00e9tape savoureuse","og_description":"DOMAINE DES GALUCHES TRADITION - Rotwein - Cabernet Franc. Weine von der Loire. Bestellung im Weinkeller auf der Website von Loire Gourmande. Weinh\u00e4ndler in Turquant (49).","og_url":"https:\/\/www.loire-gourmande.fr\/de\/Produkt\/aop-saint-nicolas-de-bourgueil-domaine-des-galuches\/","og_site_name":"Loire Gourmande - une \u00e9tape savoureuse","article_publisher":"https:\/\/www.facebook.com\/Loire-Gourmande-Turquant-101991328328493\/","article_modified_time":"2025-05-27T15:19:22+00:00","og_image":[{"width":800,"height":800,"url":"https:\/\/www.loire-gourmande.fr\/wp-content\/uploads\/2023\/06\/AOP-SAINT-NICOLAS-DE-BOURGUEIL-1.jpg","type":"image\/jpeg"}],"twitter_card":"summary_large_image","twitter_misc":{"Gesch\u00e4tzte Lesezeit":"1\u00a0Minute"},"schema":{"@context":"https:\/\/schema.org","@graph":[{"@type":"WebPage","@id":"https:\/\/www.loire-gourmande.fr\/de\/Produkt\/aop-saint-nicolas-de-bourgueil-domaine-des-galuches\/","url":"https:\/\/www.loire-gourmande.fr\/de\/Produkt\/aop-saint-nicolas-de-bourgueil-domaine-des-galuches\/","name":"AOP SAINT NICOLAS DE BOURGUEIL DOMAINE DES GALUCHES - Loire Gourmande - une \u00e9tape savoureuse","isPartOf":{"@id":"https:\/\/www.loire-gourmande.fr\/de\/#website"},"primaryImageOfPage":{"@id":"https:\/\/www.loire-gourmande.fr\/de\/Produkt\/aop-saint-nicolas-de-bourgueil-domaine-des-galuches\/#primaryimage"},"image":{"@id":"https:\/\/www.loire-gourmande.fr\/de\/Produkt\/aop-saint-nicolas-de-bourgueil-domaine-des-galuches\/#primaryimage"},"thumbnailUrl":"https:\/\/www.loire-gourmande.fr\/wp-content\/uploads\/2023\/06\/AOP-SAINT-NICOLAS-DE-BOURGUEIL-1.jpg","datePublished":"2023-06-17T05:35:31+00:00","dateModified":"2025-05-27T15:19:22+00:00","description":"DOMAINE DES GALUCHES TRADITION - Rotwein - Cabernet Franc. Weine von der Loire. Bestellung im Weinkeller auf der Website von Loire Gourmande. Weinh\u00e4ndler in Turquant (49).","breadcrumb":{"@id":"https:\/\/www.loire-gourmande.fr\/de\/Produkt\/aop-saint-nicolas-de-bourgueil-domaine-des-galuches\/#breadcrumb"},"inLanguage":"de","potentialAction":[{"@type":"ReadAction","target":["https:\/\/www.loire-gourmande.fr\/de\/Produkt\/aop-saint-nicolas-de-bourgueil-domaine-des-galuches\/"]}]},{"@type":"ImageObject","inLanguage":"de","@id":"https:\/\/www.loire-gourmande.fr\/de\/Produkt\/aop-saint-nicolas-de-bourgueil-domaine-des-galuches\/#primaryimage","url":"https:\/\/www.loire-gourmande.fr\/wp-content\/uploads\/2023\/06\/AOP-SAINT-NICOLAS-DE-BOURGUEIL-1.jpg","contentUrl":"https:\/\/www.loire-gourmande.fr\/wp-content\/uploads\/2023\/06\/AOP-SAINT-NICOLAS-DE-BOURGUEIL-1.jpg","width":800,"height":800},{"@type":"BreadcrumbList","@id":"https:\/\/www.loire-gourmande.fr\/de\/Produkt\/aop-saint-nicolas-de-bourgueil-domaine-des-galuches\/#breadcrumb","itemListElement":[{"@type":"ListItem","position":1,"name":"Startseite","item":"https:\/\/www.loire-gourmande.fr\/de\/"},{"@type":"ListItem","position":2,"name":"Die Boutique de Loire Gourmande: die Weine der Loire","item":"https:\/\/www.loire-gourmande.fr\/de\/woocommerce\/"},{"@type":"ListItem","position":3,"name":"Die Weine","item":"https:\/\/www.loire-gourmande.fr\/de\/Produktkategorie\/die-weine\/"},{"@type":"ListItem","position":4,"name":"Bio Wein","item":"https:\/\/www.loire-gourmande.fr\/de\/Produktkategorie\/die-weine\/bio-wein\/"},{"@type":"ListItem","position":5,"name":"AOP SAINT NICOLAS DE BOURGUEIL DOMAINE DES GALUCHES"}]},{"@type":"WebSite","@id":"https:\/\/www.loire-gourmande.fr\/de\/#website","url":"https:\/\/www.loire-gourmande.fr\/de\/","name":"Loire Gourmande, une \u00e9tape savoureuse","description":"une d\u00e9gustation \u00e0 toute heure et une boutique \u00e0 visiter \u00e0 Turquant (49)","publisher":{"@id":"https:\/\/www.loire-gourmande.fr\/de\/#organization"},"potentialAction":[{"@type":"SearchAction","target":{"@type":"EntryPoint","urlTemplate":"https:\/\/www.loire-gourmande.fr\/de\/?s={search_term_string}"},"query-input":{"@type":"PropertyValueSpecification","valueRequired":true,"valueName":"search_term_string"}}],"inLanguage":"de"},{"@type":"Organization","@id":"https:\/\/www.loire-gourmande.fr\/de\/#organization","name":"Loire Gourmande - Schnellrestaurant und Besuch in Turquant (49)","url":"https:\/\/www.loire-gourmande.fr\/de\/","logo":{"@type":"ImageObject","inLanguage":"de","@id":"https:\/\/www.loire-gourmande.fr\/de\/#\/schema\/logo\/image\/","url":"https:\/\/www.loire-gourmande.fr\/wp-content\/uploads\/2020\/10\/loire-gourmande-logo.jpg","contentUrl":"https:\/\/www.loire-gourmande.fr\/wp-content\/uploads\/2020\/10\/loire-gourmande-logo.jpg","width":800,"height":415,"caption":"Loire Gourmande - Schnellrestaurant und Besuch in Turquant (49)"},"image":{"@id":"https:\/\/www.loire-gourmande.fr\/de\/#\/schema\/logo\/image\/"},"sameAs":["https:\/\/www.facebook.com\/Loire-Gourmande-Turquant-101991328328493\/","https:\/\/www.instagram.com\/jean_yves_auradon\/?igshid=1ta3mfjka326t"]}]}},"_links":{"self":[{"href":"https:\/\/www.loire-gourmande.fr\/de\/wp-json\/wp\/v2\/product\/10986","targetHints":{"allow":["GET"]}}],"collection":[{"href":"https:\/\/www.loire-gourmande.fr\/de\/wp-json\/wp\/v2\/product"}],"about":[{"href":"https:\/\/www.loire-gourmande.fr\/de\/wp-json\/wp\/v2\/types\/product"}],"version-history":[{"count":1,"href":"https:\/\/www.loire-gourmande.fr\/de\/wp-json\/wp\/v2\/product\/10986\/revisions"}],"predecessor-version":[{"id":10992,"href":"https:\/\/www.loire-gourmande.fr\/de\/wp-json\/wp\/v2\/product\/10986\/revisions\/10992"}],"wp:featuredmedia":[{"embeddable":true,"href":"https:\/\/www.loire-gourmande.fr\/de\/wp-json\/wp\/v2\/media\/12371"}],"wp:attachment":[{"href":"https:\/\/www.loire-gourmande.fr\/de\/wp-json\/wp\/v2\/media?parent=10986"}],"wp:term":[{"taxonomy":"product_brand","embeddable":true,"href":"https:\/\/www.loire-gourmande.fr\/de\/wp-json\/wp\/v2\/product_brand?post=10986"},{"taxonomy":"product_cat","embeddable":true,"href":"https:\/\/www.loire-gourmande.fr\/de\/wp-json\/wp\/v2\/product_cat?post=10986"},{"taxonomy":"product_tag","embeddable":true,"href":"https:\/\/www.loire-gourmande.fr\/de\/wp-json\/wp\/v2\/product_tag?post=10986"}],"curies":[{"name":"wp","href":"https:\/\/api.w.org\/{rel}","templated":true}]}}