{"id":10993,"date":"2023-02-19T14:29:36","date_gmt":"2023-02-19T14:29:36","guid":{"rendered":"https:\/\/www.loire-gourmande.fr\/produit\/aoc-saumur-champigny-veilles-vignes-domaine-des-champs-fleuris\/"},"modified":"2025-05-27T16:19:38","modified_gmt":"2025-05-27T15:19:38","slug":"aoc-saumur-champigny-veilles-vignes-domaine-des-champs-fleuris","status":"publish","type":"product","link":"https:\/\/www.loire-gourmande.fr\/de\/Produkt\/aoc-saumur-champigny-veilles-vignes-domaine-des-champs-fleuris\/","title":{"rendered":"AOC SAUMUR CHAMPIGNY VEILLES VIGNES DOMAINE DES CHAMPS FLEURIS"},"content":{"rendered":"<p><strong>Rebsorten: <\/strong>Cabernet Franc 100%.<br \/>\n<strong>Alter: <\/strong>40 Jahre und \u00e4lter (85 Jahre f\u00fcr die \u00e4lteste Person)<br \/>\n<strong>Erziehungsform: <\/strong>einfacher Guyotschnitt, die St\u00e4rke wird nat\u00fcrlich durch das Alter der Reben kontrolliert.<br \/>\n<strong>Ertrag<\/strong>: ca. 40 hl\/ha<br \/>\n<strong>Ernte: <\/strong>Manuell. Vollst\u00e4ndig ausgereift. Das Datum der Ernte h\u00e4ngt vom S\u00e4uregrad, dem S\u00e4uregehalt und<br \/>\nder Gesundheit der verschiedenen Parzellen ab. (im Durchschnitt Anfang Oktober). Erntegrad von 12 bis 13,5%vol)<br \/>\n<strong>Weinherstellung: <\/strong>Die gesamte Ernte wird auf einem Tisch im Keller sortiert und dann nur sehr reife Trauben in den Bottich entrappt.<br \/>\nDie Mazeration dauert 18 bis 24 Tage bei 20\u00b0 Temperatur.<br \/>\nAusbau<strong>: <\/strong>Nur im Tank. Ein Jahr lang arbeiten wir an der Vollmundigkeit und Geschmeidigkeit der Tannine.<br \/>\n<strong>Verkostung: <\/strong>Dunkles Rubinrot, Aromen von schwarzen Fr\u00fcchten dominieren. Einige Noten von Gew\u00fcrzen. Der Auftakt ist vollmundig und fleischig. Er wird von einer gro\u00dfen Tanninstruktur unterst\u00fctzt.<br \/>\n<strong>Wein\/Speiseempfehlung: <\/strong>Servieren Sie den Wein bei 15 bis 16 Grad zu Braten oder Kleinwild.<\/p>\n","protected":false},"excerpt":{"rendered":"<p>Diese bemerkenswert gut entwickelte Cuv\u00e9e stammt von Weinbergen, die nach S\u00fcden ausgerichtet sind und bei maximaler Reife geerntet werden. Nach dem Ausbau in normalen Tanks zeigt er eine sehr ausdrucksvolle Nase, die auf schwarze Fr\u00fcchte ausgerichtet ist. Die gleiche intensive Fruchtigkeit offenbart sich in einem geschmeidigen Fleisch mit gut eingebundenen Tanninen. Der Abgang verl\u00e4ngert den Genuss.<\/p>\n","protected":false},"featured_media":10999,"template":"","meta":{"inline_featured_image":false},"product_brand":[],"product_cat":[602,601],"product_tag":[632],"class_list":{"0":"post-10993","1":"product","2":"type-product","3":"status-publish","4":"has-post-thumbnail","6":"product_cat-anjou-de","7":"product_cat-rot","8":"product_tag-kleines-wild","9":"product_shipping_class-flasche","11":"first","12":"instock","13":"featured","14":"taxable","15":"shipping-taxable","16":"purchasable","17":"product-type-simple"},"yoast_head":"<!-- This site is optimized with the Yoast SEO plugin v27.6 - https:\/\/yoast.com\/product\/yoast-seo-wordpress\/ -->\n<title>AOC SAUMUR CHAMPIGNY VEILLES VIGNES DOMAINE DES CHAMPS FLEURIS - Loire Gourmande - une \u00e9tape savoureuse<\/title>\n<meta name=\"description\" content=\"Rebsorten: Cabernet Franc 100%, Alter: 40 Jahre und \u00e4lter. Weine von der Loire. Bestellung im Weinkeller auf der Website von Loire Gourmande. Weinh\u00e4ndler in Turquant (49).\" \/>\n<meta name=\"robots\" content=\"index, follow, max-snippet:-1, max-image-preview:large, max-video-preview:-1\" \/>\n<link rel=\"canonical\" href=\"https:\/\/www.loire-gourmande.fr\/de\/Produkt\/aoc-saumur-champigny-veilles-vignes-domaine-des-champs-fleuris\/\" \/>\n<meta property=\"og:locale\" content=\"de_DE\" \/>\n<meta property=\"og:type\" content=\"article\" \/>\n<meta property=\"og:title\" content=\"AOC SAUMUR CHAMPIGNY VEILLES VIGNES DOMAINE DES CHAMPS FLEURIS - Loire Gourmande - une \u00e9tape savoureuse\" \/>\n<meta property=\"og:description\" content=\"Rebsorten: Cabernet Franc 100%, Alter: 40 Jahre und \u00e4lter. Weine von der Loire. Bestellung im Weinkeller auf der Website von Loire Gourmande. Weinh\u00e4ndler in Turquant (49).\" \/>\n<meta property=\"og:url\" content=\"https:\/\/www.loire-gourmande.fr\/de\/Produkt\/aoc-saumur-champigny-veilles-vignes-domaine-des-champs-fleuris\/\" \/>\n<meta property=\"og:site_name\" content=\"Loire Gourmande - une \u00e9tape savoureuse\" \/>\n<meta property=\"article:publisher\" content=\"https:\/\/www.facebook.com\/Loire-Gourmande-Turquant-101991328328493\/\" \/>\n<meta property=\"article:modified_time\" content=\"2025-05-27T15:19:38+00:00\" \/>\n<meta property=\"og:image\" content=\"https:\/\/www.loire-gourmande.fr\/wp-content\/uploads\/2023\/02\/AOC-SAUMUR-CHAMPIGNY-VEILLES-VIGNES-DOMAINE-DES-CHAMPS-FLEURIS.png\" \/>\n\t<meta property=\"og:image:width\" content=\"632\" \/>\n\t<meta property=\"og:image:height\" content=\"702\" \/>\n\t<meta property=\"og:image:type\" content=\"image\/png\" \/>\n<meta name=\"twitter:card\" content=\"summary_large_image\" \/>\n<meta name=\"twitter:label1\" content=\"Gesch\u00e4tzte Lesezeit\" \/>\n\t<meta name=\"twitter:data1\" content=\"1\u00a0Minute\" \/>\n<script type=\"application\/ld+json\" class=\"yoast-schema-graph\">{\"@context\":\"https:\\\/\\\/schema.org\",\"@graph\":[{\"@type\":\"WebPage\",\"@id\":\"https:\\\/\\\/www.loire-gourmande.fr\\\/de\\\/Produkt\\\/aoc-saumur-champigny-veilles-vignes-domaine-des-champs-fleuris\\\/\",\"url\":\"https:\\\/\\\/www.loire-gourmande.fr\\\/de\\\/Produkt\\\/aoc-saumur-champigny-veilles-vignes-domaine-des-champs-fleuris\\\/\",\"name\":\"AOC SAUMUR CHAMPIGNY VEILLES VIGNES DOMAINE DES CHAMPS FLEURIS - Loire Gourmande - une \u00e9tape savoureuse\",\"isPartOf\":{\"@id\":\"https:\\\/\\\/www.loire-gourmande.fr\\\/de\\\/#website\"},\"primaryImageOfPage\":{\"@id\":\"https:\\\/\\\/www.loire-gourmande.fr\\\/de\\\/Produkt\\\/aoc-saumur-champigny-veilles-vignes-domaine-des-champs-fleuris\\\/#primaryimage\"},\"image\":{\"@id\":\"https:\\\/\\\/www.loire-gourmande.fr\\\/de\\\/Produkt\\\/aoc-saumur-champigny-veilles-vignes-domaine-des-champs-fleuris\\\/#primaryimage\"},\"thumbnailUrl\":\"https:\\\/\\\/www.loire-gourmande.fr\\\/wp-content\\\/uploads\\\/2023\\\/02\\\/AOC-SAUMUR-CHAMPIGNY-VEILLES-VIGNES-DOMAINE-DES-CHAMPS-FLEURIS.png\",\"datePublished\":\"2023-02-19T14:29:36+00:00\",\"dateModified\":\"2025-05-27T15:19:38+00:00\",\"description\":\"Rebsorten: Cabernet Franc 100%, Alter: 40 Jahre und \u00e4lter. Weine von der Loire. Bestellung im Weinkeller auf der Website von Loire Gourmande. Weinh\u00e4ndler in Turquant (49).\",\"breadcrumb\":{\"@id\":\"https:\\\/\\\/www.loire-gourmande.fr\\\/de\\\/Produkt\\\/aoc-saumur-champigny-veilles-vignes-domaine-des-champs-fleuris\\\/#breadcrumb\"},\"inLanguage\":\"de\",\"potentialAction\":[{\"@type\":\"ReadAction\",\"target\":[\"https:\\\/\\\/www.loire-gourmande.fr\\\/de\\\/Produkt\\\/aoc-saumur-champigny-veilles-vignes-domaine-des-champs-fleuris\\\/\"]}]},{\"@type\":\"ImageObject\",\"inLanguage\":\"de\",\"@id\":\"https:\\\/\\\/www.loire-gourmande.fr\\\/de\\\/Produkt\\\/aoc-saumur-champigny-veilles-vignes-domaine-des-champs-fleuris\\\/#primaryimage\",\"url\":\"https:\\\/\\\/www.loire-gourmande.fr\\\/wp-content\\\/uploads\\\/2023\\\/02\\\/AOC-SAUMUR-CHAMPIGNY-VEILLES-VIGNES-DOMAINE-DES-CHAMPS-FLEURIS.png\",\"contentUrl\":\"https:\\\/\\\/www.loire-gourmande.fr\\\/wp-content\\\/uploads\\\/2023\\\/02\\\/AOC-SAUMUR-CHAMPIGNY-VEILLES-VIGNES-DOMAINE-DES-CHAMPS-FLEURIS.png\",\"width\":632,\"height\":702},{\"@type\":\"BreadcrumbList\",\"@id\":\"https:\\\/\\\/www.loire-gourmande.fr\\\/de\\\/Produkt\\\/aoc-saumur-champigny-veilles-vignes-domaine-des-champs-fleuris\\\/#breadcrumb\",\"itemListElement\":[{\"@type\":\"ListItem\",\"position\":1,\"name\":\"Startseite\",\"item\":\"https:\\\/\\\/www.loire-gourmande.fr\\\/de\\\/\"},{\"@type\":\"ListItem\",\"position\":2,\"name\":\"Die Boutique de Loire Gourmande: die Weine der Loire\",\"item\":\"https:\\\/\\\/www.loire-gourmande.fr\\\/de\\\/woocommerce\\\/\"},{\"@type\":\"ListItem\",\"position\":3,\"name\":\"Die Weine\",\"item\":\"https:\\\/\\\/www.loire-gourmande.fr\\\/de\\\/Produktkategorie\\\/die-weine\\\/\"},{\"@type\":\"ListItem\",\"position\":4,\"name\":\"Anjou\",\"item\":\"https:\\\/\\\/www.loire-gourmande.fr\\\/de\\\/Produktkategorie\\\/die-weine\\\/anjou-de\\\/\"},{\"@type\":\"ListItem\",\"position\":5,\"name\":\"AOC SAUMUR CHAMPIGNY VEILLES VIGNES DOMAINE DES CHAMPS FLEURIS\"}]},{\"@type\":\"WebSite\",\"@id\":\"https:\\\/\\\/www.loire-gourmande.fr\\\/de\\\/#website\",\"url\":\"https:\\\/\\\/www.loire-gourmande.fr\\\/de\\\/\",\"name\":\"Loire Gourmande, une \u00e9tape savoureuse\",\"description\":\"une d\u00e9gustation \u00e0 toute heure et une boutique \u00e0 visiter \u00e0 Turquant (49)\",\"publisher\":{\"@id\":\"https:\\\/\\\/www.loire-gourmande.fr\\\/de\\\/#organization\"},\"potentialAction\":[{\"@type\":\"SearchAction\",\"target\":{\"@type\":\"EntryPoint\",\"urlTemplate\":\"https:\\\/\\\/www.loire-gourmande.fr\\\/de\\\/?s={search_term_string}\"},\"query-input\":{\"@type\":\"PropertyValueSpecification\",\"valueRequired\":true,\"valueName\":\"search_term_string\"}}],\"inLanguage\":\"de\"},{\"@type\":\"Organization\",\"@id\":\"https:\\\/\\\/www.loire-gourmande.fr\\\/de\\\/#organization\",\"name\":\"Loire Gourmande - Schnellrestaurant und Besuch in Turquant (49)\",\"url\":\"https:\\\/\\\/www.loire-gourmande.fr\\\/de\\\/\",\"logo\":{\"@type\":\"ImageObject\",\"inLanguage\":\"de\",\"@id\":\"https:\\\/\\\/www.loire-gourmande.fr\\\/de\\\/#\\\/schema\\\/logo\\\/image\\\/\",\"url\":\"https:\\\/\\\/www.loire-gourmande.fr\\\/wp-content\\\/uploads\\\/2020\\\/10\\\/loire-gourmande-logo.jpg\",\"contentUrl\":\"https:\\\/\\\/www.loire-gourmande.fr\\\/wp-content\\\/uploads\\\/2020\\\/10\\\/loire-gourmande-logo.jpg\",\"width\":800,\"height\":415,\"caption\":\"Loire Gourmande - Schnellrestaurant und Besuch in Turquant (49)\"},\"image\":{\"@id\":\"https:\\\/\\\/www.loire-gourmande.fr\\\/de\\\/#\\\/schema\\\/logo\\\/image\\\/\"},\"sameAs\":[\"https:\\\/\\\/www.facebook.com\\\/Loire-Gourmande-Turquant-101991328328493\\\/\",\"https:\\\/\\\/www.instagram.com\\\/jean_yves_auradon\\\/?igshid=1ta3mfjka326t\"]}]}<\/script>\n<!-- \/ Yoast SEO plugin. -->","yoast_head_json":{"title":"AOC SAUMUR CHAMPIGNY VEILLES VIGNES DOMAINE DES CHAMPS FLEURIS - Loire Gourmande - une \u00e9tape savoureuse","description":"Rebsorten: Cabernet Franc 100%, Alter: 40 Jahre und \u00e4lter. Weine von der Loire. Bestellung im Weinkeller auf der Website von Loire Gourmande. Weinh\u00e4ndler in Turquant (49).","robots":{"index":"index","follow":"follow","max-snippet":"max-snippet:-1","max-image-preview":"max-image-preview:large","max-video-preview":"max-video-preview:-1"},"canonical":"https:\/\/www.loire-gourmande.fr\/de\/Produkt\/aoc-saumur-champigny-veilles-vignes-domaine-des-champs-fleuris\/","og_locale":"de_DE","og_type":"article","og_title":"AOC SAUMUR CHAMPIGNY VEILLES VIGNES DOMAINE DES CHAMPS FLEURIS - Loire Gourmande - une \u00e9tape savoureuse","og_description":"Rebsorten: Cabernet Franc 100%, Alter: 40 Jahre und \u00e4lter. Weine von der Loire. Bestellung im Weinkeller auf der Website von Loire Gourmande. Weinh\u00e4ndler in Turquant (49).","og_url":"https:\/\/www.loire-gourmande.fr\/de\/Produkt\/aoc-saumur-champigny-veilles-vignes-domaine-des-champs-fleuris\/","og_site_name":"Loire Gourmande - une \u00e9tape savoureuse","article_publisher":"https:\/\/www.facebook.com\/Loire-Gourmande-Turquant-101991328328493\/","article_modified_time":"2025-05-27T15:19:38+00:00","og_image":[{"width":632,"height":702,"url":"https:\/\/www.loire-gourmande.fr\/wp-content\/uploads\/2023\/02\/AOC-SAUMUR-CHAMPIGNY-VEILLES-VIGNES-DOMAINE-DES-CHAMPS-FLEURIS.png","type":"image\/png"}],"twitter_card":"summary_large_image","twitter_misc":{"Gesch\u00e4tzte Lesezeit":"1\u00a0Minute"},"schema":{"@context":"https:\/\/schema.org","@graph":[{"@type":"WebPage","@id":"https:\/\/www.loire-gourmande.fr\/de\/Produkt\/aoc-saumur-champigny-veilles-vignes-domaine-des-champs-fleuris\/","url":"https:\/\/www.loire-gourmande.fr\/de\/Produkt\/aoc-saumur-champigny-veilles-vignes-domaine-des-champs-fleuris\/","name":"AOC SAUMUR CHAMPIGNY VEILLES VIGNES DOMAINE DES CHAMPS FLEURIS - Loire Gourmande - une \u00e9tape savoureuse","isPartOf":{"@id":"https:\/\/www.loire-gourmande.fr\/de\/#website"},"primaryImageOfPage":{"@id":"https:\/\/www.loire-gourmande.fr\/de\/Produkt\/aoc-saumur-champigny-veilles-vignes-domaine-des-champs-fleuris\/#primaryimage"},"image":{"@id":"https:\/\/www.loire-gourmande.fr\/de\/Produkt\/aoc-saumur-champigny-veilles-vignes-domaine-des-champs-fleuris\/#primaryimage"},"thumbnailUrl":"https:\/\/www.loire-gourmande.fr\/wp-content\/uploads\/2023\/02\/AOC-SAUMUR-CHAMPIGNY-VEILLES-VIGNES-DOMAINE-DES-CHAMPS-FLEURIS.png","datePublished":"2023-02-19T14:29:36+00:00","dateModified":"2025-05-27T15:19:38+00:00","description":"Rebsorten: Cabernet Franc 100%, Alter: 40 Jahre und \u00e4lter. Weine von der Loire. Bestellung im Weinkeller auf der Website von Loire Gourmande. Weinh\u00e4ndler in Turquant (49).","breadcrumb":{"@id":"https:\/\/www.loire-gourmande.fr\/de\/Produkt\/aoc-saumur-champigny-veilles-vignes-domaine-des-champs-fleuris\/#breadcrumb"},"inLanguage":"de","potentialAction":[{"@type":"ReadAction","target":["https:\/\/www.loire-gourmande.fr\/de\/Produkt\/aoc-saumur-champigny-veilles-vignes-domaine-des-champs-fleuris\/"]}]},{"@type":"ImageObject","inLanguage":"de","@id":"https:\/\/www.loire-gourmande.fr\/de\/Produkt\/aoc-saumur-champigny-veilles-vignes-domaine-des-champs-fleuris\/#primaryimage","url":"https:\/\/www.loire-gourmande.fr\/wp-content\/uploads\/2023\/02\/AOC-SAUMUR-CHAMPIGNY-VEILLES-VIGNES-DOMAINE-DES-CHAMPS-FLEURIS.png","contentUrl":"https:\/\/www.loire-gourmande.fr\/wp-content\/uploads\/2023\/02\/AOC-SAUMUR-CHAMPIGNY-VEILLES-VIGNES-DOMAINE-DES-CHAMPS-FLEURIS.png","width":632,"height":702},{"@type":"BreadcrumbList","@id":"https:\/\/www.loire-gourmande.fr\/de\/Produkt\/aoc-saumur-champigny-veilles-vignes-domaine-des-champs-fleuris\/#breadcrumb","itemListElement":[{"@type":"ListItem","position":1,"name":"Startseite","item":"https:\/\/www.loire-gourmande.fr\/de\/"},{"@type":"ListItem","position":2,"name":"Die Boutique de Loire Gourmande: die Weine der Loire","item":"https:\/\/www.loire-gourmande.fr\/de\/woocommerce\/"},{"@type":"ListItem","position":3,"name":"Die Weine","item":"https:\/\/www.loire-gourmande.fr\/de\/Produktkategorie\/die-weine\/"},{"@type":"ListItem","position":4,"name":"Anjou","item":"https:\/\/www.loire-gourmande.fr\/de\/Produktkategorie\/die-weine\/anjou-de\/"},{"@type":"ListItem","position":5,"name":"AOC SAUMUR CHAMPIGNY VEILLES VIGNES DOMAINE DES CHAMPS FLEURIS"}]},{"@type":"WebSite","@id":"https:\/\/www.loire-gourmande.fr\/de\/#website","url":"https:\/\/www.loire-gourmande.fr\/de\/","name":"Loire Gourmande, une \u00e9tape savoureuse","description":"une d\u00e9gustation \u00e0 toute heure et une boutique \u00e0 visiter \u00e0 Turquant (49)","publisher":{"@id":"https:\/\/www.loire-gourmande.fr\/de\/#organization"},"potentialAction":[{"@type":"SearchAction","target":{"@type":"EntryPoint","urlTemplate":"https:\/\/www.loire-gourmande.fr\/de\/?s={search_term_string}"},"query-input":{"@type":"PropertyValueSpecification","valueRequired":true,"valueName":"search_term_string"}}],"inLanguage":"de"},{"@type":"Organization","@id":"https:\/\/www.loire-gourmande.fr\/de\/#organization","name":"Loire Gourmande - Schnellrestaurant und Besuch in Turquant (49)","url":"https:\/\/www.loire-gourmande.fr\/de\/","logo":{"@type":"ImageObject","inLanguage":"de","@id":"https:\/\/www.loire-gourmande.fr\/de\/#\/schema\/logo\/image\/","url":"https:\/\/www.loire-gourmande.fr\/wp-content\/uploads\/2020\/10\/loire-gourmande-logo.jpg","contentUrl":"https:\/\/www.loire-gourmande.fr\/wp-content\/uploads\/2020\/10\/loire-gourmande-logo.jpg","width":800,"height":415,"caption":"Loire Gourmande - Schnellrestaurant und Besuch in Turquant (49)"},"image":{"@id":"https:\/\/www.loire-gourmande.fr\/de\/#\/schema\/logo\/image\/"},"sameAs":["https:\/\/www.facebook.com\/Loire-Gourmande-Turquant-101991328328493\/","https:\/\/www.instagram.com\/jean_yves_auradon\/?igshid=1ta3mfjka326t"]}]}},"_links":{"self":[{"href":"https:\/\/www.loire-gourmande.fr\/de\/wp-json\/wp\/v2\/product\/10993","targetHints":{"allow":["GET"]}}],"collection":[{"href":"https:\/\/www.loire-gourmande.fr\/de\/wp-json\/wp\/v2\/product"}],"about":[{"href":"https:\/\/www.loire-gourmande.fr\/de\/wp-json\/wp\/v2\/types\/product"}],"version-history":[{"count":2,"href":"https:\/\/www.loire-gourmande.fr\/de\/wp-json\/wp\/v2\/product\/10993\/revisions"}],"predecessor-version":[{"id":13052,"href":"https:\/\/www.loire-gourmande.fr\/de\/wp-json\/wp\/v2\/product\/10993\/revisions\/13052"}],"wp:featuredmedia":[{"embeddable":true,"href":"https:\/\/www.loire-gourmande.fr\/de\/wp-json\/wp\/v2\/media\/10999"}],"wp:attachment":[{"href":"https:\/\/www.loire-gourmande.fr\/de\/wp-json\/wp\/v2\/media?parent=10993"}],"wp:term":[{"taxonomy":"product_brand","embeddable":true,"href":"https:\/\/www.loire-gourmande.fr\/de\/wp-json\/wp\/v2\/product_brand?post=10993"},{"taxonomy":"product_cat","embeddable":true,"href":"https:\/\/www.loire-gourmande.fr\/de\/wp-json\/wp\/v2\/product_cat?post=10993"},{"taxonomy":"product_tag","embeddable":true,"href":"https:\/\/www.loire-gourmande.fr\/de\/wp-json\/wp\/v2\/product_tag?post=10993"}],"curies":[{"name":"wp","href":"https:\/\/api.w.org\/{rel}","templated":true}]}}