{"id":10998,"date":"2023-02-19T14:18:28","date_gmt":"2023-02-19T13:18:28","guid":{"rendered":"https:\/\/www.loire-gourmande.fr\/produit\/saumur-champigny-le-clos-chatains-domaine-de-nerleux-2020\/"},"modified":"2025-05-27T16:19:35","modified_gmt":"2025-05-27T15:19:35","slug":"saumur-champigny-le-clos-chatains-domaine-de-nerleux-2020","status":"publish","type":"product","link":"https:\/\/www.loire-gourmande.fr\/de\/Produkt\/saumur-champigny-le-clos-chatains-domaine-de-nerleux-2020\/","title":{"rendered":"SAUMUR CHAMPIGNY LE CLOS CHATAINS DOMAINE DE NERLEUX 2020"},"content":{"rendered":"<section class=\"elementor-section elementor-inner-section elementor-element elementor-element-3dde1a4 elementor-section-boxed elementor-section-height-default elementor-section-height-default\" data-id=\"3dde1a4\" data-element_type=\"section\" data-settings=\"{\"_ha_eqh_enable\":false}\">\n<div class=\"elementor-container elementor-column-gap-default\">\n<div class=\"elementor-row\">\n<div class=\"elementor-column elementor-col-50 elementor-inner-column elementor-element elementor-element-c010052\" data-id=\"c010052\" data-element_type=\"column\">\n<div class=\"elementor-column-wrap elementor-element-populated\">\n<div class=\"elementor-widget-wrap\">\n<div class=\"elementor-element elementor-element-d731b2a elementor-widget elementor-widget-text-editor\" data-id=\"d731b2a\" data-element_type=\"widget\" data-widget_type=\"text-editor.default\">\n<div class=\"elementor-widget-container\">\n<div class=\"elementor-text-editor elementor-clearfix\">\n<p><span style=\"font-family: arial, helvetica, sans-serif; font-size: 12pt;\">&#8220; <em>Der Clos des Ch\u00e2tains<\/em> ist ein Wein von guter Zusammensetzung. Er ist leicht zu trinken, leicht und begleitet gro\u00dfz\u00fcgig die einfachsten Gerichte: gegrilltes Fleisch, Koteletts, Entrec\u00f4tes&#8230; Er ist daher ein unumg\u00e4nglicher Partner f\u00fcr die Anh\u00e4nger des gehobenen Barbecues. Dieser Saumur Champigny stammt von alten Cabernet Franc Rebst\u00f6cken, die seit fast 60 Jahren auf einem ton- und kalkhaltigen Boden wachsen. Er ist sofort zu genie\u00dfen und wird alle am Tisch in Einklang bringen.<br \/>\n<\/span><\/p>\n<div>\n<p><b>Produktion  <\/b><br \/>\n<b>Bodenbeschaffenheit : <\/b> Lehm-Kalkstein<br \/>\n<b>Rebsorte <\/b>: Cabernet Franc<br \/>\n<b>Fl\u00e4che <\/b>: 5 Hektar<br \/>\n<b>Ertrag <\/b>: 40 hl\/ha<br \/>\nAn H\u00e4ngen und in mittlerer Hanglage gelegen, zwischen 1933 und 1950 gepflanzt. <b>ORGANISCHE UMSTELLUNG IM GANGE <\/b><br \/>\n<b>Weinherstellung <\/b><br \/>\nErnte am 14. und 15. Oktober 2021.<br \/>\nVollst\u00e4ndiges Abbeeren der Trauben.<br \/>\nLange und schonende Mazeration: von 19 bis 21 Tagen, Temperaturkontrolle (23-28\u00b0C), sanftes Umpumpen mit einem 20-hl-Kolben, der in den Bottich eingesetzt wird und t\u00e4glich entleert wird.<br \/>\nAlkoholgehalt : 13.7\u00b0 &#8211; S\u00e4uregehalt : 3.5<br \/>\n<b>Z\u00fcchtung <\/b><br \/>\nAm Ende der malolaktischen G\u00e4rung wird der Wein bel\u00fcftet und dann \u00fcber die n\u00e4chsten 15 Monate sparsam abgef\u00fcllt, um die aromatische Komplexit\u00e4t zu erhalten. Vormontage der verschiedenen Tanks im November 2022, dann Ende der Reifung bis zur Abf\u00fcllung im Dezember 2022.<br \/>\n<b>Servieren: 18-20\u00b0C <\/b><br \/>\nPerfekt f\u00fcr den sofortigen Verzehr, kann sich aber 3 bis 8 Jahre lang ohne Sorgen entwickeln.<br \/>\n<b>Verkostung  <\/b><br \/>\n<b>Die <\/b>granatrote Farbe ist von sch\u00f6ner Tiefe und Klarheit.<br \/>\n<b>Der Duft beginnt <\/b>mit Aromen von roten Fr\u00fcchten, vor allem Kirschen, einem Hauch von Farn und blauen Blumen.<br \/>\n<b>Am G <\/b>aumen ist er weich und rund. Die Aromen, die Sie in der Nase wahrgenommen haben, finden sich wieder: kleine rote Fr\u00fcchte mit einem Hauch von schwarzen Fr\u00fcchten und Lakritz. Die Tannine sind seidig mit ihren kleinen K\u00f6rnern, die so charakteristisch f\u00fcr den Tuffsteinboden des Saumurois sind.<br \/>\nKombinationen <b>von Speisen und Weinen <\/b><br \/>\nZartes rotes Fleisch (Tournedos Rossini, Rindertatar, Lammkoteletts&#8230;)<br \/>\nSchmackhaftes gebratenes oder gegrilltes Fleisch: gegrilltes Metzgerst\u00fcck, Lammschulter mit Knoblauch<br \/>\n&#8230;Kleinwild und Pelzwild und ihre Pendants auf dem Hof: Haseneintopf in Rotwein&#8230;<br \/>\nK\u00e4se, egal ob er eine blumige Rinde (Brie, Saint-Marcellin) oder eine gewaschene Rinde hat.<\/p>\n<\/div>\n<p>&nbsp;<\/p>\n<\/div>\n<\/div>\n<\/div>\n<\/div>\n<\/div>\n<\/div>\n<\/div>\n<\/div>\n<\/section>\n","protected":false},"excerpt":{"rendered":"<p>Die Domaine de Nerleux ist ein Familienweingut im Loire-Tal. Die Nerleux, \u201eSchwarze W\u00f6lfe\u201c auf Altfranz\u00f6sisch, sind l\u00e4ngst der Rebe gewichen und seit 2010 steht Am\u00e9lie Neau, Winzer in der 9. Generation, an der Spitze.<br \/>\nDie j\u00fcngste Generation wird von Am\u00e9lie Neau repr\u00e4sentiert, die 2010 nach zehn Jahren Berufserfahrung im Bankensektor dem Ruf des Landes, ihres Landes, gefolgt ist. Nach einer Ausbildung in Weinbau und Weinbereitung arbeitet sie mit ihren Eltern, Elisabeth und R\u00e9gis, auf dem Weingut. Die \u00dcbergabe war von kurzer Dauer und Am\u00e9lie \u00fcbernahm schnell den Betrieb ihrer Eltern, die nun ihren wohlverdienten Ruhestand genie\u00dfen.<\/p>\n","protected":false},"featured_media":11003,"template":"","meta":{"inline_featured_image":false},"product_brand":[],"product_cat":[602,603,600,601],"product_tag":[627,644,639],"class_list":{"0":"post-10998","1":"product","2":"type-product","3":"status-publish","4":"has-post-thumbnail","6":"product_cat-anjou-de","7":"product_cat-bio-wein","8":"product_cat-die-weine","9":"product_cat-rot","10":"product_tag-fleisch-wurstwaren","11":"product_tag-kase-de","12":"product_tag-wild","13":"product_shipping_class-flasche","15":"first","16":"instock","17":"featured","18":"taxable","19":"shipping-taxable","20":"purchasable","21":"product-type-simple"},"yoast_head":"<!-- This site is optimized with the Yoast SEO plugin v27.6 - https:\/\/yoast.com\/product\/yoast-seo-wordpress\/ -->\n<title>SAUMUR CHAMPIGNY LE CLOS CHATAINS DOMAINE DE NERLEUX 2020 - Loire Gourmande - une \u00e9tape savoureuse<\/title>\n<meta name=\"description\" content=\"SAUMUR CHAMPIGNY LE CLOS CHATAINS DOMAINE DE NERLEUX 2020. Weine von der Loire. Bestellung im Weinkeller auf der Website von Loire Gourmande. Weinh\u00e4ndler in Turquant (49).\" \/>\n<meta name=\"robots\" content=\"index, follow, max-snippet:-1, max-image-preview:large, max-video-preview:-1\" \/>\n<link rel=\"canonical\" href=\"https:\/\/www.loire-gourmande.fr\/de\/Produkt\/saumur-champigny-le-clos-chatains-domaine-de-nerleux-2020\/\" \/>\n<meta property=\"og:locale\" content=\"de_DE\" \/>\n<meta property=\"og:type\" content=\"article\" \/>\n<meta property=\"og:title\" content=\"SAUMUR CHAMPIGNY LE CLOS CHATAINS DOMAINE DE NERLEUX 2020 - Loire Gourmande - une \u00e9tape savoureuse\" \/>\n<meta property=\"og:description\" content=\"SAUMUR CHAMPIGNY LE CLOS CHATAINS DOMAINE DE NERLEUX 2020. Weine von der Loire. Bestellung im Weinkeller auf der Website von Loire Gourmande. Weinh\u00e4ndler in Turquant (49).\" \/>\n<meta property=\"og:url\" content=\"https:\/\/www.loire-gourmande.fr\/de\/Produkt\/saumur-champigny-le-clos-chatains-domaine-de-nerleux-2020\/\" \/>\n<meta property=\"og:site_name\" content=\"Loire Gourmande - une \u00e9tape savoureuse\" \/>\n<meta property=\"article:publisher\" content=\"https:\/\/www.facebook.com\/Loire-Gourmande-Turquant-101991328328493\/\" \/>\n<meta property=\"article:modified_time\" content=\"2025-05-27T15:19:35+00:00\" \/>\n<meta property=\"og:image\" content=\"https:\/\/www.loire-gourmande.fr\/wp-content\/uploads\/2023\/02\/SAUMUR-CHAMPIGNY-LE-CLOS-CHATAINS-DOMAINE-DE-NERLEUX-2020.png\" \/>\n\t<meta property=\"og:image:width\" content=\"1190\" \/>\n\t<meta property=\"og:image:height\" content=\"1190\" \/>\n\t<meta property=\"og:image:type\" content=\"image\/png\" \/>\n<meta name=\"twitter:card\" content=\"summary_large_image\" \/>\n<meta name=\"twitter:label1\" content=\"Gesch\u00e4tzte Lesezeit\" \/>\n\t<meta name=\"twitter:data1\" content=\"2\u00a0Minuten\" \/>\n<script type=\"application\/ld+json\" class=\"yoast-schema-graph\">{\"@context\":\"https:\\\/\\\/schema.org\",\"@graph\":[{\"@type\":\"WebPage\",\"@id\":\"https:\\\/\\\/www.loire-gourmande.fr\\\/de\\\/Produkt\\\/saumur-champigny-le-clos-chatains-domaine-de-nerleux-2020\\\/\",\"url\":\"https:\\\/\\\/www.loire-gourmande.fr\\\/de\\\/Produkt\\\/saumur-champigny-le-clos-chatains-domaine-de-nerleux-2020\\\/\",\"name\":\"SAUMUR CHAMPIGNY LE CLOS CHATAINS DOMAINE DE NERLEUX 2020 - Loire Gourmande - une \u00e9tape savoureuse\",\"isPartOf\":{\"@id\":\"https:\\\/\\\/www.loire-gourmande.fr\\\/de\\\/#website\"},\"primaryImageOfPage\":{\"@id\":\"https:\\\/\\\/www.loire-gourmande.fr\\\/de\\\/Produkt\\\/saumur-champigny-le-clos-chatains-domaine-de-nerleux-2020\\\/#primaryimage\"},\"image\":{\"@id\":\"https:\\\/\\\/www.loire-gourmande.fr\\\/de\\\/Produkt\\\/saumur-champigny-le-clos-chatains-domaine-de-nerleux-2020\\\/#primaryimage\"},\"thumbnailUrl\":\"https:\\\/\\\/www.loire-gourmande.fr\\\/wp-content\\\/uploads\\\/2023\\\/02\\\/SAUMUR-CHAMPIGNY-LE-CLOS-CHATAINS-DOMAINE-DE-NERLEUX-2020.png\",\"datePublished\":\"2023-02-19T13:18:28+00:00\",\"dateModified\":\"2025-05-27T15:19:35+00:00\",\"description\":\"SAUMUR CHAMPIGNY LE CLOS CHATAINS DOMAINE DE NERLEUX 2020. Weine von der Loire. Bestellung im Weinkeller auf der Website von Loire Gourmande. Weinh\u00e4ndler in Turquant (49).\",\"breadcrumb\":{\"@id\":\"https:\\\/\\\/www.loire-gourmande.fr\\\/de\\\/Produkt\\\/saumur-champigny-le-clos-chatains-domaine-de-nerleux-2020\\\/#breadcrumb\"},\"inLanguage\":\"de\",\"potentialAction\":[{\"@type\":\"ReadAction\",\"target\":[\"https:\\\/\\\/www.loire-gourmande.fr\\\/de\\\/Produkt\\\/saumur-champigny-le-clos-chatains-domaine-de-nerleux-2020\\\/\"]}]},{\"@type\":\"ImageObject\",\"inLanguage\":\"de\",\"@id\":\"https:\\\/\\\/www.loire-gourmande.fr\\\/de\\\/Produkt\\\/saumur-champigny-le-clos-chatains-domaine-de-nerleux-2020\\\/#primaryimage\",\"url\":\"https:\\\/\\\/www.loire-gourmande.fr\\\/wp-content\\\/uploads\\\/2023\\\/02\\\/SAUMUR-CHAMPIGNY-LE-CLOS-CHATAINS-DOMAINE-DE-NERLEUX-2020.png\",\"contentUrl\":\"https:\\\/\\\/www.loire-gourmande.fr\\\/wp-content\\\/uploads\\\/2023\\\/02\\\/SAUMUR-CHAMPIGNY-LE-CLOS-CHATAINS-DOMAINE-DE-NERLEUX-2020.png\",\"width\":1190,\"height\":1190},{\"@type\":\"BreadcrumbList\",\"@id\":\"https:\\\/\\\/www.loire-gourmande.fr\\\/de\\\/Produkt\\\/saumur-champigny-le-clos-chatains-domaine-de-nerleux-2020\\\/#breadcrumb\",\"itemListElement\":[{\"@type\":\"ListItem\",\"position\":1,\"name\":\"Startseite\",\"item\":\"https:\\\/\\\/www.loire-gourmande.fr\\\/de\\\/\"},{\"@type\":\"ListItem\",\"position\":2,\"name\":\"Die Boutique de Loire Gourmande: die Weine der Loire\",\"item\":\"https:\\\/\\\/www.loire-gourmande.fr\\\/de\\\/woocommerce\\\/\"},{\"@type\":\"ListItem\",\"position\":3,\"name\":\"Die Weine\",\"item\":\"https:\\\/\\\/www.loire-gourmande.fr\\\/de\\\/Produktkategorie\\\/die-weine\\\/\"},{\"@type\":\"ListItem\",\"position\":4,\"name\":\"Anjou\",\"item\":\"https:\\\/\\\/www.loire-gourmande.fr\\\/de\\\/Produktkategorie\\\/die-weine\\\/anjou-de\\\/\"},{\"@type\":\"ListItem\",\"position\":5,\"name\":\"SAUMUR CHAMPIGNY LE CLOS CHATAINS DOMAINE DE NERLEUX 2020\"}]},{\"@type\":\"WebSite\",\"@id\":\"https:\\\/\\\/www.loire-gourmande.fr\\\/de\\\/#website\",\"url\":\"https:\\\/\\\/www.loire-gourmande.fr\\\/de\\\/\",\"name\":\"Loire Gourmande, une \u00e9tape savoureuse\",\"description\":\"une d\u00e9gustation \u00e0 toute heure et une boutique \u00e0 visiter \u00e0 Turquant (49)\",\"publisher\":{\"@id\":\"https:\\\/\\\/www.loire-gourmande.fr\\\/de\\\/#organization\"},\"potentialAction\":[{\"@type\":\"SearchAction\",\"target\":{\"@type\":\"EntryPoint\",\"urlTemplate\":\"https:\\\/\\\/www.loire-gourmande.fr\\\/de\\\/?s={search_term_string}\"},\"query-input\":{\"@type\":\"PropertyValueSpecification\",\"valueRequired\":true,\"valueName\":\"search_term_string\"}}],\"inLanguage\":\"de\"},{\"@type\":\"Organization\",\"@id\":\"https:\\\/\\\/www.loire-gourmande.fr\\\/de\\\/#organization\",\"name\":\"Loire Gourmande - Schnellrestaurant und Besuch in Turquant (49)\",\"url\":\"https:\\\/\\\/www.loire-gourmande.fr\\\/de\\\/\",\"logo\":{\"@type\":\"ImageObject\",\"inLanguage\":\"de\",\"@id\":\"https:\\\/\\\/www.loire-gourmande.fr\\\/de\\\/#\\\/schema\\\/logo\\\/image\\\/\",\"url\":\"https:\\\/\\\/www.loire-gourmande.fr\\\/wp-content\\\/uploads\\\/2020\\\/10\\\/loire-gourmande-logo.jpg\",\"contentUrl\":\"https:\\\/\\\/www.loire-gourmande.fr\\\/wp-content\\\/uploads\\\/2020\\\/10\\\/loire-gourmande-logo.jpg\",\"width\":800,\"height\":415,\"caption\":\"Loire Gourmande - Schnellrestaurant und Besuch in Turquant (49)\"},\"image\":{\"@id\":\"https:\\\/\\\/www.loire-gourmande.fr\\\/de\\\/#\\\/schema\\\/logo\\\/image\\\/\"},\"sameAs\":[\"https:\\\/\\\/www.facebook.com\\\/Loire-Gourmande-Turquant-101991328328493\\\/\",\"https:\\\/\\\/www.instagram.com\\\/jean_yves_auradon\\\/?igshid=1ta3mfjka326t\"]}]}<\/script>\n<!-- \/ Yoast SEO plugin. -->","yoast_head_json":{"title":"SAUMUR CHAMPIGNY LE CLOS CHATAINS DOMAINE DE NERLEUX 2020 - Loire Gourmande - une \u00e9tape savoureuse","description":"SAUMUR CHAMPIGNY LE CLOS CHATAINS DOMAINE DE NERLEUX 2020. Weine von der Loire. Bestellung im Weinkeller auf der Website von Loire Gourmande. Weinh\u00e4ndler in Turquant (49).","robots":{"index":"index","follow":"follow","max-snippet":"max-snippet:-1","max-image-preview":"max-image-preview:large","max-video-preview":"max-video-preview:-1"},"canonical":"https:\/\/www.loire-gourmande.fr\/de\/Produkt\/saumur-champigny-le-clos-chatains-domaine-de-nerleux-2020\/","og_locale":"de_DE","og_type":"article","og_title":"SAUMUR CHAMPIGNY LE CLOS CHATAINS DOMAINE DE NERLEUX 2020 - Loire Gourmande - une \u00e9tape savoureuse","og_description":"SAUMUR CHAMPIGNY LE CLOS CHATAINS DOMAINE DE NERLEUX 2020. Weine von der Loire. Bestellung im Weinkeller auf der Website von Loire Gourmande. Weinh\u00e4ndler in Turquant (49).","og_url":"https:\/\/www.loire-gourmande.fr\/de\/Produkt\/saumur-champigny-le-clos-chatains-domaine-de-nerleux-2020\/","og_site_name":"Loire Gourmande - une \u00e9tape savoureuse","article_publisher":"https:\/\/www.facebook.com\/Loire-Gourmande-Turquant-101991328328493\/","article_modified_time":"2025-05-27T15:19:35+00:00","og_image":[{"width":1190,"height":1190,"url":"https:\/\/www.loire-gourmande.fr\/wp-content\/uploads\/2023\/02\/SAUMUR-CHAMPIGNY-LE-CLOS-CHATAINS-DOMAINE-DE-NERLEUX-2020.png","type":"image\/png"}],"twitter_card":"summary_large_image","twitter_misc":{"Gesch\u00e4tzte Lesezeit":"2\u00a0Minuten"},"schema":{"@context":"https:\/\/schema.org","@graph":[{"@type":"WebPage","@id":"https:\/\/www.loire-gourmande.fr\/de\/Produkt\/saumur-champigny-le-clos-chatains-domaine-de-nerleux-2020\/","url":"https:\/\/www.loire-gourmande.fr\/de\/Produkt\/saumur-champigny-le-clos-chatains-domaine-de-nerleux-2020\/","name":"SAUMUR CHAMPIGNY LE CLOS CHATAINS DOMAINE DE NERLEUX 2020 - Loire Gourmande - une \u00e9tape savoureuse","isPartOf":{"@id":"https:\/\/www.loire-gourmande.fr\/de\/#website"},"primaryImageOfPage":{"@id":"https:\/\/www.loire-gourmande.fr\/de\/Produkt\/saumur-champigny-le-clos-chatains-domaine-de-nerleux-2020\/#primaryimage"},"image":{"@id":"https:\/\/www.loire-gourmande.fr\/de\/Produkt\/saumur-champigny-le-clos-chatains-domaine-de-nerleux-2020\/#primaryimage"},"thumbnailUrl":"https:\/\/www.loire-gourmande.fr\/wp-content\/uploads\/2023\/02\/SAUMUR-CHAMPIGNY-LE-CLOS-CHATAINS-DOMAINE-DE-NERLEUX-2020.png","datePublished":"2023-02-19T13:18:28+00:00","dateModified":"2025-05-27T15:19:35+00:00","description":"SAUMUR CHAMPIGNY LE CLOS CHATAINS DOMAINE DE NERLEUX 2020. Weine von der Loire. Bestellung im Weinkeller auf der Website von Loire Gourmande. Weinh\u00e4ndler in Turquant (49).","breadcrumb":{"@id":"https:\/\/www.loire-gourmande.fr\/de\/Produkt\/saumur-champigny-le-clos-chatains-domaine-de-nerleux-2020\/#breadcrumb"},"inLanguage":"de","potentialAction":[{"@type":"ReadAction","target":["https:\/\/www.loire-gourmande.fr\/de\/Produkt\/saumur-champigny-le-clos-chatains-domaine-de-nerleux-2020\/"]}]},{"@type":"ImageObject","inLanguage":"de","@id":"https:\/\/www.loire-gourmande.fr\/de\/Produkt\/saumur-champigny-le-clos-chatains-domaine-de-nerleux-2020\/#primaryimage","url":"https:\/\/www.loire-gourmande.fr\/wp-content\/uploads\/2023\/02\/SAUMUR-CHAMPIGNY-LE-CLOS-CHATAINS-DOMAINE-DE-NERLEUX-2020.png","contentUrl":"https:\/\/www.loire-gourmande.fr\/wp-content\/uploads\/2023\/02\/SAUMUR-CHAMPIGNY-LE-CLOS-CHATAINS-DOMAINE-DE-NERLEUX-2020.png","width":1190,"height":1190},{"@type":"BreadcrumbList","@id":"https:\/\/www.loire-gourmande.fr\/de\/Produkt\/saumur-champigny-le-clos-chatains-domaine-de-nerleux-2020\/#breadcrumb","itemListElement":[{"@type":"ListItem","position":1,"name":"Startseite","item":"https:\/\/www.loire-gourmande.fr\/de\/"},{"@type":"ListItem","position":2,"name":"Die Boutique de Loire Gourmande: die Weine der Loire","item":"https:\/\/www.loire-gourmande.fr\/de\/woocommerce\/"},{"@type":"ListItem","position":3,"name":"Die Weine","item":"https:\/\/www.loire-gourmande.fr\/de\/Produktkategorie\/die-weine\/"},{"@type":"ListItem","position":4,"name":"Anjou","item":"https:\/\/www.loire-gourmande.fr\/de\/Produktkategorie\/die-weine\/anjou-de\/"},{"@type":"ListItem","position":5,"name":"SAUMUR CHAMPIGNY LE CLOS CHATAINS DOMAINE DE NERLEUX 2020"}]},{"@type":"WebSite","@id":"https:\/\/www.loire-gourmande.fr\/de\/#website","url":"https:\/\/www.loire-gourmande.fr\/de\/","name":"Loire Gourmande, une \u00e9tape savoureuse","description":"une d\u00e9gustation \u00e0 toute heure et une boutique \u00e0 visiter \u00e0 Turquant (49)","publisher":{"@id":"https:\/\/www.loire-gourmande.fr\/de\/#organization"},"potentialAction":[{"@type":"SearchAction","target":{"@type":"EntryPoint","urlTemplate":"https:\/\/www.loire-gourmande.fr\/de\/?s={search_term_string}"},"query-input":{"@type":"PropertyValueSpecification","valueRequired":true,"valueName":"search_term_string"}}],"inLanguage":"de"},{"@type":"Organization","@id":"https:\/\/www.loire-gourmande.fr\/de\/#organization","name":"Loire Gourmande - Schnellrestaurant und Besuch in Turquant (49)","url":"https:\/\/www.loire-gourmande.fr\/de\/","logo":{"@type":"ImageObject","inLanguage":"de","@id":"https:\/\/www.loire-gourmande.fr\/de\/#\/schema\/logo\/image\/","url":"https:\/\/www.loire-gourmande.fr\/wp-content\/uploads\/2020\/10\/loire-gourmande-logo.jpg","contentUrl":"https:\/\/www.loire-gourmande.fr\/wp-content\/uploads\/2020\/10\/loire-gourmande-logo.jpg","width":800,"height":415,"caption":"Loire Gourmande - Schnellrestaurant und Besuch in Turquant (49)"},"image":{"@id":"https:\/\/www.loire-gourmande.fr\/de\/#\/schema\/logo\/image\/"},"sameAs":["https:\/\/www.facebook.com\/Loire-Gourmande-Turquant-101991328328493\/","https:\/\/www.instagram.com\/jean_yves_auradon\/?igshid=1ta3mfjka326t"]}]}},"_links":{"self":[{"href":"https:\/\/www.loire-gourmande.fr\/de\/wp-json\/wp\/v2\/product\/10998","targetHints":{"allow":["GET"]}}],"collection":[{"href":"https:\/\/www.loire-gourmande.fr\/de\/wp-json\/wp\/v2\/product"}],"about":[{"href":"https:\/\/www.loire-gourmande.fr\/de\/wp-json\/wp\/v2\/types\/product"}],"version-history":[{"count":2,"href":"https:\/\/www.loire-gourmande.fr\/de\/wp-json\/wp\/v2\/product\/10998\/revisions"}],"predecessor-version":[{"id":13048,"href":"https:\/\/www.loire-gourmande.fr\/de\/wp-json\/wp\/v2\/product\/10998\/revisions\/13048"}],"wp:featuredmedia":[{"embeddable":true,"href":"https:\/\/www.loire-gourmande.fr\/de\/wp-json\/wp\/v2\/media\/11003"}],"wp:attachment":[{"href":"https:\/\/www.loire-gourmande.fr\/de\/wp-json\/wp\/v2\/media?parent=10998"}],"wp:term":[{"taxonomy":"product_brand","embeddable":true,"href":"https:\/\/www.loire-gourmande.fr\/de\/wp-json\/wp\/v2\/product_brand?post=10998"},{"taxonomy":"product_cat","embeddable":true,"href":"https:\/\/www.loire-gourmande.fr\/de\/wp-json\/wp\/v2\/product_cat?post=10998"},{"taxonomy":"product_tag","embeddable":true,"href":"https:\/\/www.loire-gourmande.fr\/de\/wp-json\/wp\/v2\/product_tag?post=10998"}],"curies":[{"name":"wp","href":"https:\/\/api.w.org\/{rel}","templated":true}]}}