{"id":11005,"date":"2023-02-19T13:23:19","date_gmt":"2023-02-19T12:23:19","guid":{"rendered":"https:\/\/www.loire-gourmande.fr\/produit\/aop-anjou-villages-brissac-marne-a-ostracees-domaine-la-belle-etoile-2017\/"},"modified":"2025-05-27T16:19:29","modified_gmt":"2025-05-27T15:19:29","slug":"aop-anjou-villages-brissac-marne-a-ostracees-domaine-la-belle-etoile-2017","status":"publish","type":"product","link":"https:\/\/www.loire-gourmande.fr\/de\/Produkt\/aop-anjou-villages-brissac-marne-a-ostracees-domaine-la-belle-etoile-2017\/","title":{"rendered":"AOP ANJOU VILLAGES BRISSAC MARNE A OSTRACEES DOMAINE LA BELLE ETOILE 2017"},"content":{"rendered":"<p><strong>Millesime: <\/strong>2017<\/p>\n<p><strong>Rebsorte: <\/strong>Cabernet Franc.<\/p>\n<p><strong>Das Terroir : <\/strong>Ostracea-Mergel (Austern) auf Lehm-Kalkstein.<\/p>\n<p><strong>Vinifizierung und Ausbau: <\/strong>Die Trauben wurden bei sehr guter Reife geerntet und zu 100% entrappt. Die Mazeration dauert einen Monat, um die Extraktion der Farbe zu f\u00f6rdern und eine komplexe Struktur zu schaffen. Der Wein reifte 12 Monate in Eichenf\u00e4ssern.<\/p>\n<p><strong>Bezeichnung:<\/strong> AOP Anjou Villages Brissac<\/p>\n<p>Verkostung<strong>:<\/strong> Intensive rote Farbe. Sch\u00f6ner aromatischer Ausdruck von roten und schwarzen Fr\u00fcchten. Am Gaumen \u00fcppig und komplex mit schwarzen Johannisbeeren, Veilchen und Holznoten.<\/p>\n<p><strong>Passt zu: <\/strong>Wurstwaren, schmackhaftem Fleisch, Wild, Schmorgerichten und K\u00e4se.<\/p>\n<p><strong>Servieren: <\/strong>17\u00b0C.<\/p>\n","protected":false},"excerpt":{"rendered":"<p>Die Domaine de la belle Etoile in Anjou Brissac und diese herrliche Cuv\u00e9e, die an das Terroir von Marne und Ostrac\u00e9es erinnert, liegt im Loire-Tal und Vincent Esnou vinifiziert Weine mit gro\u00dfer Komplexit\u00e4t.<\/p>\n","protected":false},"featured_media":11006,"template":"","meta":{"inline_featured_image":false},"product_brand":[],"product_cat":[602,600,601],"product_tag":[645,646,647,639,643,606],"class_list":{"0":"post-11005","1":"product","2":"type-product","3":"status-publish","4":"has-post-thumbnail","6":"product_cat-anjou-de","7":"product_cat-die-weine","8":"product_cat-rot","9":"product_tag-kase-sommer","10":"product_tag-lammkarree","11":"product_tag-rindfleisch-bourguignon","12":"product_tag-wild","13":"product_tag-wurstwaren","14":"product_tag-ziegenkase","15":"product_shipping_class-flasche","17":"first","18":"instock","19":"featured","20":"taxable","21":"shipping-taxable","22":"purchasable","23":"product-type-simple"},"yoast_head":"<!-- This site is optimized with the Yoast SEO plugin v27.6 - https:\/\/yoast.com\/product\/yoast-seo-wordpress\/ -->\n<title>AOP ANJOU VILLAGES BRISSAC MARNE A OSTRACEES DOMAINE LA BELLE ETOILE 2017 - Loire Gourmande - une \u00e9tape savoureuse<\/title>\n<meta name=\"description\" content=\"Anjou Villages Brissac Cabernet Franc Argilo-Kalkstein. Weine von der Loire. Bestellung im Weinkeller auf der Website von Loire Gourmande. Weinh\u00e4ndler in Turquant (49).\" \/>\n<meta name=\"robots\" content=\"index, follow, max-snippet:-1, max-image-preview:large, max-video-preview:-1\" \/>\n<link rel=\"canonical\" href=\"https:\/\/www.loire-gourmande.fr\/de\/Produkt\/aop-anjou-villages-brissac-marne-a-ostracees-domaine-la-belle-etoile-2017\/\" \/>\n<meta property=\"og:locale\" content=\"de_DE\" \/>\n<meta property=\"og:type\" content=\"article\" \/>\n<meta property=\"og:title\" content=\"AOP ANJOU VILLAGES BRISSAC MARNE A OSTRACEES DOMAINE LA BELLE ETOILE 2017 - Loire Gourmande - une \u00e9tape savoureuse\" \/>\n<meta property=\"og:description\" content=\"Anjou Villages Brissac Cabernet Franc Argilo-Kalkstein. Weine von der Loire. Bestellung im Weinkeller auf der Website von Loire Gourmande. Weinh\u00e4ndler in Turquant (49).\" \/>\n<meta property=\"og:url\" content=\"https:\/\/www.loire-gourmande.fr\/de\/Produkt\/aop-anjou-villages-brissac-marne-a-ostracees-domaine-la-belle-etoile-2017\/\" \/>\n<meta property=\"og:site_name\" content=\"Loire Gourmande - une \u00e9tape savoureuse\" \/>\n<meta property=\"article:publisher\" content=\"https:\/\/www.facebook.com\/Loire-Gourmande-Turquant-101991328328493\/\" \/>\n<meta property=\"article:modified_time\" content=\"2025-05-27T15:19:29+00:00\" \/>\n<meta property=\"og:image\" content=\"https:\/\/www.loire-gourmande.fr\/wp-content\/uploads\/2023\/02\/AOP-ANJOU-VILLAGES-BRISSAC-MARNE-A-OSTRACEES..png\" \/>\n\t<meta property=\"og:image:width\" content=\"1192\" \/>\n\t<meta property=\"og:image:height\" content=\"1300\" \/>\n\t<meta property=\"og:image:type\" content=\"image\/png\" \/>\n<meta name=\"twitter:card\" content=\"summary_large_image\" \/>\n<script type=\"application\/ld+json\" class=\"yoast-schema-graph\">{\"@context\":\"https:\\\/\\\/schema.org\",\"@graph\":[{\"@type\":\"WebPage\",\"@id\":\"https:\\\/\\\/www.loire-gourmande.fr\\\/de\\\/Produkt\\\/aop-anjou-villages-brissac-marne-a-ostracees-domaine-la-belle-etoile-2017\\\/\",\"url\":\"https:\\\/\\\/www.loire-gourmande.fr\\\/de\\\/Produkt\\\/aop-anjou-villages-brissac-marne-a-ostracees-domaine-la-belle-etoile-2017\\\/\",\"name\":\"AOP ANJOU VILLAGES BRISSAC MARNE A OSTRACEES DOMAINE LA BELLE ETOILE 2017 - Loire Gourmande - une \u00e9tape savoureuse\",\"isPartOf\":{\"@id\":\"https:\\\/\\\/www.loire-gourmande.fr\\\/de\\\/#website\"},\"primaryImageOfPage\":{\"@id\":\"https:\\\/\\\/www.loire-gourmande.fr\\\/de\\\/Produkt\\\/aop-anjou-villages-brissac-marne-a-ostracees-domaine-la-belle-etoile-2017\\\/#primaryimage\"},\"image\":{\"@id\":\"https:\\\/\\\/www.loire-gourmande.fr\\\/de\\\/Produkt\\\/aop-anjou-villages-brissac-marne-a-ostracees-domaine-la-belle-etoile-2017\\\/#primaryimage\"},\"thumbnailUrl\":\"https:\\\/\\\/www.loire-gourmande.fr\\\/wp-content\\\/uploads\\\/2023\\\/02\\\/AOP-ANJOU-VILLAGES-BRISSAC-MARNE-A-OSTRACEES..png\",\"datePublished\":\"2023-02-19T12:23:19+00:00\",\"dateModified\":\"2025-05-27T15:19:29+00:00\",\"description\":\"Anjou Villages Brissac Cabernet Franc Argilo-Kalkstein. Weine von der Loire. Bestellung im Weinkeller auf der Website von Loire Gourmande. Weinh\u00e4ndler in Turquant (49).\",\"breadcrumb\":{\"@id\":\"https:\\\/\\\/www.loire-gourmande.fr\\\/de\\\/Produkt\\\/aop-anjou-villages-brissac-marne-a-ostracees-domaine-la-belle-etoile-2017\\\/#breadcrumb\"},\"inLanguage\":\"de\",\"potentialAction\":[{\"@type\":\"ReadAction\",\"target\":[\"https:\\\/\\\/www.loire-gourmande.fr\\\/de\\\/Produkt\\\/aop-anjou-villages-brissac-marne-a-ostracees-domaine-la-belle-etoile-2017\\\/\"]}]},{\"@type\":\"ImageObject\",\"inLanguage\":\"de\",\"@id\":\"https:\\\/\\\/www.loire-gourmande.fr\\\/de\\\/Produkt\\\/aop-anjou-villages-brissac-marne-a-ostracees-domaine-la-belle-etoile-2017\\\/#primaryimage\",\"url\":\"https:\\\/\\\/www.loire-gourmande.fr\\\/wp-content\\\/uploads\\\/2023\\\/02\\\/AOP-ANJOU-VILLAGES-BRISSAC-MARNE-A-OSTRACEES..png\",\"contentUrl\":\"https:\\\/\\\/www.loire-gourmande.fr\\\/wp-content\\\/uploads\\\/2023\\\/02\\\/AOP-ANJOU-VILLAGES-BRISSAC-MARNE-A-OSTRACEES..png\",\"width\":1192,\"height\":1300},{\"@type\":\"BreadcrumbList\",\"@id\":\"https:\\\/\\\/www.loire-gourmande.fr\\\/de\\\/Produkt\\\/aop-anjou-villages-brissac-marne-a-ostracees-domaine-la-belle-etoile-2017\\\/#breadcrumb\",\"itemListElement\":[{\"@type\":\"ListItem\",\"position\":1,\"name\":\"Startseite\",\"item\":\"https:\\\/\\\/www.loire-gourmande.fr\\\/de\\\/\"},{\"@type\":\"ListItem\",\"position\":2,\"name\":\"Die Boutique de Loire Gourmande: die Weine der Loire\",\"item\":\"https:\\\/\\\/www.loire-gourmande.fr\\\/de\\\/woocommerce\\\/\"},{\"@type\":\"ListItem\",\"position\":3,\"name\":\"Die Weine\",\"item\":\"https:\\\/\\\/www.loire-gourmande.fr\\\/de\\\/Produktkategorie\\\/die-weine\\\/\"},{\"@type\":\"ListItem\",\"position\":4,\"name\":\"Anjou\",\"item\":\"https:\\\/\\\/www.loire-gourmande.fr\\\/de\\\/Produktkategorie\\\/die-weine\\\/anjou-de\\\/\"},{\"@type\":\"ListItem\",\"position\":5,\"name\":\"AOP ANJOU VILLAGES BRISSAC MARNE A OSTRACEES DOMAINE LA BELLE ETOILE 2017\"}]},{\"@type\":\"WebSite\",\"@id\":\"https:\\\/\\\/www.loire-gourmande.fr\\\/de\\\/#website\",\"url\":\"https:\\\/\\\/www.loire-gourmande.fr\\\/de\\\/\",\"name\":\"Loire Gourmande, une \u00e9tape savoureuse\",\"description\":\"une d\u00e9gustation \u00e0 toute heure et une boutique \u00e0 visiter \u00e0 Turquant (49)\",\"publisher\":{\"@id\":\"https:\\\/\\\/www.loire-gourmande.fr\\\/de\\\/#organization\"},\"potentialAction\":[{\"@type\":\"SearchAction\",\"target\":{\"@type\":\"EntryPoint\",\"urlTemplate\":\"https:\\\/\\\/www.loire-gourmande.fr\\\/de\\\/?s={search_term_string}\"},\"query-input\":{\"@type\":\"PropertyValueSpecification\",\"valueRequired\":true,\"valueName\":\"search_term_string\"}}],\"inLanguage\":\"de\"},{\"@type\":\"Organization\",\"@id\":\"https:\\\/\\\/www.loire-gourmande.fr\\\/de\\\/#organization\",\"name\":\"Loire Gourmande - Schnellrestaurant und Besuch in Turquant (49)\",\"url\":\"https:\\\/\\\/www.loire-gourmande.fr\\\/de\\\/\",\"logo\":{\"@type\":\"ImageObject\",\"inLanguage\":\"de\",\"@id\":\"https:\\\/\\\/www.loire-gourmande.fr\\\/de\\\/#\\\/schema\\\/logo\\\/image\\\/\",\"url\":\"https:\\\/\\\/www.loire-gourmande.fr\\\/wp-content\\\/uploads\\\/2020\\\/10\\\/loire-gourmande-logo.jpg\",\"contentUrl\":\"https:\\\/\\\/www.loire-gourmande.fr\\\/wp-content\\\/uploads\\\/2020\\\/10\\\/loire-gourmande-logo.jpg\",\"width\":800,\"height\":415,\"caption\":\"Loire Gourmande - Schnellrestaurant und Besuch in Turquant (49)\"},\"image\":{\"@id\":\"https:\\\/\\\/www.loire-gourmande.fr\\\/de\\\/#\\\/schema\\\/logo\\\/image\\\/\"},\"sameAs\":[\"https:\\\/\\\/www.facebook.com\\\/Loire-Gourmande-Turquant-101991328328493\\\/\",\"https:\\\/\\\/www.instagram.com\\\/jean_yves_auradon\\\/?igshid=1ta3mfjka326t\"]}]}<\/script>\n<!-- \/ Yoast SEO plugin. -->","yoast_head_json":{"title":"AOP ANJOU VILLAGES BRISSAC MARNE A OSTRACEES DOMAINE LA BELLE ETOILE 2017 - Loire Gourmande - une \u00e9tape savoureuse","description":"Anjou Villages Brissac Cabernet Franc Argilo-Kalkstein. Weine von der Loire. Bestellung im Weinkeller auf der Website von Loire Gourmande. Weinh\u00e4ndler in Turquant (49).","robots":{"index":"index","follow":"follow","max-snippet":"max-snippet:-1","max-image-preview":"max-image-preview:large","max-video-preview":"max-video-preview:-1"},"canonical":"https:\/\/www.loire-gourmande.fr\/de\/Produkt\/aop-anjou-villages-brissac-marne-a-ostracees-domaine-la-belle-etoile-2017\/","og_locale":"de_DE","og_type":"article","og_title":"AOP ANJOU VILLAGES BRISSAC MARNE A OSTRACEES DOMAINE LA BELLE ETOILE 2017 - Loire Gourmande - une \u00e9tape savoureuse","og_description":"Anjou Villages Brissac Cabernet Franc Argilo-Kalkstein. Weine von der Loire. Bestellung im Weinkeller auf der Website von Loire Gourmande. Weinh\u00e4ndler in Turquant (49).","og_url":"https:\/\/www.loire-gourmande.fr\/de\/Produkt\/aop-anjou-villages-brissac-marne-a-ostracees-domaine-la-belle-etoile-2017\/","og_site_name":"Loire Gourmande - une \u00e9tape savoureuse","article_publisher":"https:\/\/www.facebook.com\/Loire-Gourmande-Turquant-101991328328493\/","article_modified_time":"2025-05-27T15:19:29+00:00","og_image":[{"width":1192,"height":1300,"url":"https:\/\/www.loire-gourmande.fr\/wp-content\/uploads\/2023\/02\/AOP-ANJOU-VILLAGES-BRISSAC-MARNE-A-OSTRACEES..png","type":"image\/png"}],"twitter_card":"summary_large_image","schema":{"@context":"https:\/\/schema.org","@graph":[{"@type":"WebPage","@id":"https:\/\/www.loire-gourmande.fr\/de\/Produkt\/aop-anjou-villages-brissac-marne-a-ostracees-domaine-la-belle-etoile-2017\/","url":"https:\/\/www.loire-gourmande.fr\/de\/Produkt\/aop-anjou-villages-brissac-marne-a-ostracees-domaine-la-belle-etoile-2017\/","name":"AOP ANJOU VILLAGES BRISSAC MARNE A OSTRACEES DOMAINE LA BELLE ETOILE 2017 - Loire Gourmande - une \u00e9tape savoureuse","isPartOf":{"@id":"https:\/\/www.loire-gourmande.fr\/de\/#website"},"primaryImageOfPage":{"@id":"https:\/\/www.loire-gourmande.fr\/de\/Produkt\/aop-anjou-villages-brissac-marne-a-ostracees-domaine-la-belle-etoile-2017\/#primaryimage"},"image":{"@id":"https:\/\/www.loire-gourmande.fr\/de\/Produkt\/aop-anjou-villages-brissac-marne-a-ostracees-domaine-la-belle-etoile-2017\/#primaryimage"},"thumbnailUrl":"https:\/\/www.loire-gourmande.fr\/wp-content\/uploads\/2023\/02\/AOP-ANJOU-VILLAGES-BRISSAC-MARNE-A-OSTRACEES..png","datePublished":"2023-02-19T12:23:19+00:00","dateModified":"2025-05-27T15:19:29+00:00","description":"Anjou Villages Brissac Cabernet Franc Argilo-Kalkstein. Weine von der Loire. Bestellung im Weinkeller auf der Website von Loire Gourmande. Weinh\u00e4ndler in Turquant (49).","breadcrumb":{"@id":"https:\/\/www.loire-gourmande.fr\/de\/Produkt\/aop-anjou-villages-brissac-marne-a-ostracees-domaine-la-belle-etoile-2017\/#breadcrumb"},"inLanguage":"de","potentialAction":[{"@type":"ReadAction","target":["https:\/\/www.loire-gourmande.fr\/de\/Produkt\/aop-anjou-villages-brissac-marne-a-ostracees-domaine-la-belle-etoile-2017\/"]}]},{"@type":"ImageObject","inLanguage":"de","@id":"https:\/\/www.loire-gourmande.fr\/de\/Produkt\/aop-anjou-villages-brissac-marne-a-ostracees-domaine-la-belle-etoile-2017\/#primaryimage","url":"https:\/\/www.loire-gourmande.fr\/wp-content\/uploads\/2023\/02\/AOP-ANJOU-VILLAGES-BRISSAC-MARNE-A-OSTRACEES..png","contentUrl":"https:\/\/www.loire-gourmande.fr\/wp-content\/uploads\/2023\/02\/AOP-ANJOU-VILLAGES-BRISSAC-MARNE-A-OSTRACEES..png","width":1192,"height":1300},{"@type":"BreadcrumbList","@id":"https:\/\/www.loire-gourmande.fr\/de\/Produkt\/aop-anjou-villages-brissac-marne-a-ostracees-domaine-la-belle-etoile-2017\/#breadcrumb","itemListElement":[{"@type":"ListItem","position":1,"name":"Startseite","item":"https:\/\/www.loire-gourmande.fr\/de\/"},{"@type":"ListItem","position":2,"name":"Die Boutique de Loire Gourmande: die Weine der Loire","item":"https:\/\/www.loire-gourmande.fr\/de\/woocommerce\/"},{"@type":"ListItem","position":3,"name":"Die Weine","item":"https:\/\/www.loire-gourmande.fr\/de\/Produktkategorie\/die-weine\/"},{"@type":"ListItem","position":4,"name":"Anjou","item":"https:\/\/www.loire-gourmande.fr\/de\/Produktkategorie\/die-weine\/anjou-de\/"},{"@type":"ListItem","position":5,"name":"AOP ANJOU VILLAGES BRISSAC MARNE A OSTRACEES DOMAINE LA BELLE ETOILE 2017"}]},{"@type":"WebSite","@id":"https:\/\/www.loire-gourmande.fr\/de\/#website","url":"https:\/\/www.loire-gourmande.fr\/de\/","name":"Loire Gourmande, une \u00e9tape savoureuse","description":"une d\u00e9gustation \u00e0 toute heure et une boutique \u00e0 visiter \u00e0 Turquant (49)","publisher":{"@id":"https:\/\/www.loire-gourmande.fr\/de\/#organization"},"potentialAction":[{"@type":"SearchAction","target":{"@type":"EntryPoint","urlTemplate":"https:\/\/www.loire-gourmande.fr\/de\/?s={search_term_string}"},"query-input":{"@type":"PropertyValueSpecification","valueRequired":true,"valueName":"search_term_string"}}],"inLanguage":"de"},{"@type":"Organization","@id":"https:\/\/www.loire-gourmande.fr\/de\/#organization","name":"Loire Gourmande - Schnellrestaurant und Besuch in Turquant (49)","url":"https:\/\/www.loire-gourmande.fr\/de\/","logo":{"@type":"ImageObject","inLanguage":"de","@id":"https:\/\/www.loire-gourmande.fr\/de\/#\/schema\/logo\/image\/","url":"https:\/\/www.loire-gourmande.fr\/wp-content\/uploads\/2020\/10\/loire-gourmande-logo.jpg","contentUrl":"https:\/\/www.loire-gourmande.fr\/wp-content\/uploads\/2020\/10\/loire-gourmande-logo.jpg","width":800,"height":415,"caption":"Loire Gourmande - Schnellrestaurant und Besuch in Turquant (49)"},"image":{"@id":"https:\/\/www.loire-gourmande.fr\/de\/#\/schema\/logo\/image\/"},"sameAs":["https:\/\/www.facebook.com\/Loire-Gourmande-Turquant-101991328328493\/","https:\/\/www.instagram.com\/jean_yves_auradon\/?igshid=1ta3mfjka326t"]}]}},"_links":{"self":[{"href":"https:\/\/www.loire-gourmande.fr\/de\/wp-json\/wp\/v2\/product\/11005","targetHints":{"allow":["GET"]}}],"collection":[{"href":"https:\/\/www.loire-gourmande.fr\/de\/wp-json\/wp\/v2\/product"}],"about":[{"href":"https:\/\/www.loire-gourmande.fr\/de\/wp-json\/wp\/v2\/types\/product"}],"version-history":[{"count":1,"href":"https:\/\/www.loire-gourmande.fr\/de\/wp-json\/wp\/v2\/product\/11005\/revisions"}],"predecessor-version":[{"id":11007,"href":"https:\/\/www.loire-gourmande.fr\/de\/wp-json\/wp\/v2\/product\/11005\/revisions\/11007"}],"wp:featuredmedia":[{"embeddable":true,"href":"https:\/\/www.loire-gourmande.fr\/de\/wp-json\/wp\/v2\/media\/11006"}],"wp:attachment":[{"href":"https:\/\/www.loire-gourmande.fr\/de\/wp-json\/wp\/v2\/media?parent=11005"}],"wp:term":[{"taxonomy":"product_brand","embeddable":true,"href":"https:\/\/www.loire-gourmande.fr\/de\/wp-json\/wp\/v2\/product_brand?post=11005"},{"taxonomy":"product_cat","embeddable":true,"href":"https:\/\/www.loire-gourmande.fr\/de\/wp-json\/wp\/v2\/product_cat?post=11005"},{"taxonomy":"product_tag","embeddable":true,"href":"https:\/\/www.loire-gourmande.fr\/de\/wp-json\/wp\/v2\/product_tag?post=11005"}],"curies":[{"name":"wp","href":"https:\/\/api.w.org\/{rel}","templated":true}]}}