{"id":11009,"date":"2023-02-19T12:51:50","date_gmt":"2023-02-19T12:51:50","guid":{"rendered":"https:\/\/www.loire-gourmande.fr\/produit\/coteau-du-layon-arpege-domaine-leduc-frouin-2020\/"},"modified":"2025-05-27T16:19:40","modified_gmt":"2025-05-27T15:19:40","slug":"coteau-du-layon-arpege-domaine-leduc-frouin-2020","status":"publish","type":"product","link":"https:\/\/www.loire-gourmande.fr\/de\/Produkt\/coteau-du-layon-arpege-domaine-leduc-frouin-2020\/","title":{"rendered":"COTEAU DU LAYON &#8222;ARPEGE&#8220; DOMAINE LEDUC FROUIN 2020"},"content":{"rendered":"<div class=\"page\" title=\"Seite 1\">\n<div class=\"section\">\n<div class=\"layoutArea\">\n<div class=\"column\">\n<p><strong>Verkostung<\/strong>: Dieser verf\u00fchrerische Coteaux du Layon mit fruchtigen Noten wird aus einer manuellen Ernte von goldenen und eingetrockneten Chenin-Trauben hergestellt.<br \/>\nGenie\u00dfen Sie die exotischen Aromen: Ananas, Mangos, Quitten.<br \/>\nEs kann zu gew\u00fcrzten Garnelen oder einer Aprikosentorte<br \/>\nin Betracht gezogen werden, die vom Aperitif bis zum Dessert genossen werden kann. Wir empfehlen, diesen Wein bei einer Temperatur zwischen 10\u00b0C und 12\u00b0C zu servieren.<br \/>\nBoden<strong>: <\/strong>&#8222;Le Grand Clos&#8220;, Dorf Sousign\u00e9, Boden und Unterboden: Talkschiefer und Kies auf Phtanit. <strong>Rebsorte<\/strong>: Chenin<br \/>\n<strong>Ernte: <\/strong>Die manuelle Weinlese fand Mitte November 2015 statt. Die in den verschiedenen Durchg\u00e4ngen ausgew\u00e4hlten Trauben sind goldgelb, botrytisiert und \u00fcberreif.<br \/>\n<strong>Weinbereitung: <\/strong>Die Trauben werden in kleinen Beh\u00e4ltern transportiert und gelangen unversehrt in die Kellerei, wo sie in eine pneumatische Presse gef\u00fcllt werden. Eine lange (ca. 10 Stunden) und schonende Pressung beginnt. Danach erfolgt eine statische Vorkl\u00e4rung, gefolgt von der alkoholischen G\u00e4rung in Edelstahltanks und dem Ausbau. Die Abf\u00fcllung fand schlie\u00dflich im M\u00e4rz 2016 auf der Domaine statt.<br \/>\nDieser sch\u00f6ne Layon ist frisch und ausgewogen, mit wei\u00dfen Fr\u00fcchten und Zitrusfr\u00fcchten, in einem geschmeidigen und angenehmen Register. Er passt zu gew\u00fcrzten Gambas oder einem Aprikosenkuchen.<\/p>\n<\/div>\n<\/div>\n<\/div>\n<\/div>\n","protected":false},"excerpt":{"rendered":"<p>Der \u00d6nologe Antoine Leduc und seine Schwester Nathalie haben sich in dem H\u00f6hlendorf Martign\u00e9-Briand niedergelassen und f\u00fchren seit 1990 das Familienweingut (30 ha in nachhaltiger Landwirtschaft). Die Weine lagern in k\u00fchlen, unterirdischen Kellern, die in den Falun gegraben wurden. Ein sicherer Wert im Weinbaugebiet Anjou.<\/p>\n","protected":false},"featured_media":14297,"template":"","meta":{"inline_featured_image":false},"product_brand":[],"product_cat":[602,649],"product_tag":[618,650,652],"class_list":{"0":"post-11009","1":"product","2":"type-product","3":"status-publish","4":"has-post-thumbnail","6":"product_cat-anjou-de","7":"product_cat-suesswein","8":"product_tag-aperitif-de","9":"product_tag-blumiger-und-fruchtiger-wein","10":"product_tag-nachtisch","11":"product_shipping_class-flasche","13":"first","14":"instock","15":"featured","16":"taxable","17":"shipping-taxable","18":"purchasable","19":"product-type-simple"},"yoast_head":"<!-- This site is optimized with the Yoast SEO plugin v27.6 - https:\/\/yoast.com\/product\/yoast-seo-wordpress\/ -->\n<title>COTEAU DU LAYON &quot;ARPEGE&quot; DOMAINE LEDUC FROUIN 2020 - Loire Gourmande - une \u00e9tape savoureuse<\/title>\n<meta name=\"description\" content=\"Leduc-frouin La Seigneurie Arp\u00e8ge 2013 wei\u00df. Weine von der Loire. Bestellung im Weinkeller auf der Website von Loire Gourmande. Weinh\u00e4ndler in Turquant (49).\" \/>\n<meta name=\"robots\" content=\"index, follow, max-snippet:-1, max-image-preview:large, max-video-preview:-1\" \/>\n<link rel=\"canonical\" href=\"https:\/\/www.loire-gourmande.fr\/de\/Produkt\/coteau-du-layon-arpege-domaine-leduc-frouin-2020\/\" \/>\n<meta property=\"og:locale\" content=\"de_DE\" \/>\n<meta property=\"og:type\" content=\"article\" \/>\n<meta property=\"og:title\" content=\"COTEAU DU LAYON &quot;ARPEGE&quot; DOMAINE LEDUC FROUIN 2020 - Loire Gourmande - une \u00e9tape savoureuse\" \/>\n<meta property=\"og:description\" content=\"Leduc-frouin La Seigneurie Arp\u00e8ge 2013 wei\u00df. Weine von der Loire. Bestellung im Weinkeller auf der Website von Loire Gourmande. Weinh\u00e4ndler in Turquant (49).\" \/>\n<meta property=\"og:url\" content=\"https:\/\/www.loire-gourmande.fr\/de\/Produkt\/coteau-du-layon-arpege-domaine-leduc-frouin-2020\/\" \/>\n<meta property=\"og:site_name\" content=\"Loire Gourmande - une \u00e9tape savoureuse\" \/>\n<meta property=\"article:publisher\" content=\"https:\/\/www.facebook.com\/Loire-Gourmande-Turquant-101991328328493\/\" \/>\n<meta property=\"article:modified_time\" content=\"2025-05-27T15:19:40+00:00\" \/>\n<meta property=\"og:image\" content=\"https:\/\/www.loire-gourmande.fr\/wp-content\/uploads\/2023\/11\/Coteaux-du-Layon-Arpege.jpg\" \/>\n\t<meta property=\"og:image:width\" content=\"800\" \/>\n\t<meta property=\"og:image:height\" content=\"1024\" \/>\n\t<meta property=\"og:image:type\" content=\"image\/jpeg\" \/>\n<meta name=\"twitter:card\" content=\"summary_large_image\" \/>\n<meta name=\"twitter:label1\" content=\"Gesch\u00e4tzte Lesezeit\" \/>\n\t<meta name=\"twitter:data1\" content=\"1\u00a0Minute\" \/>\n<script type=\"application\/ld+json\" class=\"yoast-schema-graph\">{\"@context\":\"https:\\\/\\\/schema.org\",\"@graph\":[{\"@type\":\"WebPage\",\"@id\":\"https:\\\/\\\/www.loire-gourmande.fr\\\/de\\\/Produkt\\\/coteau-du-layon-arpege-domaine-leduc-frouin-2020\\\/\",\"url\":\"https:\\\/\\\/www.loire-gourmande.fr\\\/de\\\/Produkt\\\/coteau-du-layon-arpege-domaine-leduc-frouin-2020\\\/\",\"name\":\"COTEAU DU LAYON \\\"ARPEGE\\\" DOMAINE LEDUC FROUIN 2020 - Loire Gourmande - une \u00e9tape savoureuse\",\"isPartOf\":{\"@id\":\"https:\\\/\\\/www.loire-gourmande.fr\\\/de\\\/#website\"},\"primaryImageOfPage\":{\"@id\":\"https:\\\/\\\/www.loire-gourmande.fr\\\/de\\\/Produkt\\\/coteau-du-layon-arpege-domaine-leduc-frouin-2020\\\/#primaryimage\"},\"image\":{\"@id\":\"https:\\\/\\\/www.loire-gourmande.fr\\\/de\\\/Produkt\\\/coteau-du-layon-arpege-domaine-leduc-frouin-2020\\\/#primaryimage\"},\"thumbnailUrl\":\"https:\\\/\\\/www.loire-gourmande.fr\\\/wp-content\\\/uploads\\\/2023\\\/02\\\/COTEAU-DU-LAYON-22-ARPEGE-22-DOMAINE-LEDUC-FROUIN-2020.jpg\",\"datePublished\":\"2023-02-19T12:51:50+00:00\",\"dateModified\":\"2025-05-27T15:19:40+00:00\",\"description\":\"Leduc-frouin La Seigneurie Arp\u00e8ge 2013 wei\u00df. Weine von der Loire. Bestellung im Weinkeller auf der Website von Loire Gourmande. Weinh\u00e4ndler in Turquant (49).\",\"breadcrumb\":{\"@id\":\"https:\\\/\\\/www.loire-gourmande.fr\\\/de\\\/Produkt\\\/coteau-du-layon-arpege-domaine-leduc-frouin-2020\\\/#breadcrumb\"},\"inLanguage\":\"de\",\"potentialAction\":[{\"@type\":\"ReadAction\",\"target\":[\"https:\\\/\\\/www.loire-gourmande.fr\\\/de\\\/Produkt\\\/coteau-du-layon-arpege-domaine-leduc-frouin-2020\\\/\"]}]},{\"@type\":\"ImageObject\",\"inLanguage\":\"de\",\"@id\":\"https:\\\/\\\/www.loire-gourmande.fr\\\/de\\\/Produkt\\\/coteau-du-layon-arpege-domaine-leduc-frouin-2020\\\/#primaryimage\",\"url\":\"https:\\\/\\\/www.loire-gourmande.fr\\\/wp-content\\\/uploads\\\/2023\\\/02\\\/COTEAU-DU-LAYON-22-ARPEGE-22-DOMAINE-LEDUC-FROUIN-2020.jpg\",\"contentUrl\":\"https:\\\/\\\/www.loire-gourmande.fr\\\/wp-content\\\/uploads\\\/2023\\\/02\\\/COTEAU-DU-LAYON-22-ARPEGE-22-DOMAINE-LEDUC-FROUIN-2020.jpg\",\"width\":800,\"height\":800},{\"@type\":\"BreadcrumbList\",\"@id\":\"https:\\\/\\\/www.loire-gourmande.fr\\\/de\\\/Produkt\\\/coteau-du-layon-arpege-domaine-leduc-frouin-2020\\\/#breadcrumb\",\"itemListElement\":[{\"@type\":\"ListItem\",\"position\":1,\"name\":\"Startseite\",\"item\":\"https:\\\/\\\/www.loire-gourmande.fr\\\/de\\\/\"},{\"@type\":\"ListItem\",\"position\":2,\"name\":\"Die Boutique de Loire Gourmande: die Weine der Loire\",\"item\":\"https:\\\/\\\/www.loire-gourmande.fr\\\/de\\\/woocommerce\\\/\"},{\"@type\":\"ListItem\",\"position\":3,\"name\":\"Die Weine\",\"item\":\"https:\\\/\\\/www.loire-gourmande.fr\\\/de\\\/Produktkategorie\\\/die-weine\\\/\"},{\"@type\":\"ListItem\",\"position\":4,\"name\":\"S\u00fc\u00dfwein\",\"item\":\"https:\\\/\\\/www.loire-gourmande.fr\\\/de\\\/Produktkategorie\\\/die-weine\\\/suesswein\\\/\"},{\"@type\":\"ListItem\",\"position\":5,\"name\":\"COTEAU DU LAYON &#8222;ARPEGE&#8220; DOMAINE LEDUC FROUIN 2020\"}]},{\"@type\":\"WebSite\",\"@id\":\"https:\\\/\\\/www.loire-gourmande.fr\\\/de\\\/#website\",\"url\":\"https:\\\/\\\/www.loire-gourmande.fr\\\/de\\\/\",\"name\":\"Loire Gourmande, une \u00e9tape savoureuse\",\"description\":\"une d\u00e9gustation \u00e0 toute heure et une boutique \u00e0 visiter \u00e0 Turquant (49)\",\"publisher\":{\"@id\":\"https:\\\/\\\/www.loire-gourmande.fr\\\/de\\\/#organization\"},\"potentialAction\":[{\"@type\":\"SearchAction\",\"target\":{\"@type\":\"EntryPoint\",\"urlTemplate\":\"https:\\\/\\\/www.loire-gourmande.fr\\\/de\\\/?s={search_term_string}\"},\"query-input\":{\"@type\":\"PropertyValueSpecification\",\"valueRequired\":true,\"valueName\":\"search_term_string\"}}],\"inLanguage\":\"de\"},{\"@type\":\"Organization\",\"@id\":\"https:\\\/\\\/www.loire-gourmande.fr\\\/de\\\/#organization\",\"name\":\"Loire Gourmande - Schnellrestaurant und Besuch in Turquant (49)\",\"url\":\"https:\\\/\\\/www.loire-gourmande.fr\\\/de\\\/\",\"logo\":{\"@type\":\"ImageObject\",\"inLanguage\":\"de\",\"@id\":\"https:\\\/\\\/www.loire-gourmande.fr\\\/de\\\/#\\\/schema\\\/logo\\\/image\\\/\",\"url\":\"https:\\\/\\\/www.loire-gourmande.fr\\\/wp-content\\\/uploads\\\/2020\\\/10\\\/loire-gourmande-logo.jpg\",\"contentUrl\":\"https:\\\/\\\/www.loire-gourmande.fr\\\/wp-content\\\/uploads\\\/2020\\\/10\\\/loire-gourmande-logo.jpg\",\"width\":800,\"height\":415,\"caption\":\"Loire Gourmande - Schnellrestaurant und Besuch in Turquant (49)\"},\"image\":{\"@id\":\"https:\\\/\\\/www.loire-gourmande.fr\\\/de\\\/#\\\/schema\\\/logo\\\/image\\\/\"},\"sameAs\":[\"https:\\\/\\\/www.facebook.com\\\/Loire-Gourmande-Turquant-101991328328493\\\/\",\"https:\\\/\\\/www.instagram.com\\\/jean_yves_auradon\\\/?igshid=1ta3mfjka326t\"]}]}<\/script>\n<!-- \/ Yoast SEO plugin. -->","yoast_head_json":{"title":"COTEAU DU LAYON \"ARPEGE\" DOMAINE LEDUC FROUIN 2020 - Loire Gourmande - une \u00e9tape savoureuse","description":"Leduc-frouin La Seigneurie Arp\u00e8ge 2013 wei\u00df. Weine von der Loire. Bestellung im Weinkeller auf der Website von Loire Gourmande. Weinh\u00e4ndler in Turquant (49).","robots":{"index":"index","follow":"follow","max-snippet":"max-snippet:-1","max-image-preview":"max-image-preview:large","max-video-preview":"max-video-preview:-1"},"canonical":"https:\/\/www.loire-gourmande.fr\/de\/Produkt\/coteau-du-layon-arpege-domaine-leduc-frouin-2020\/","og_locale":"de_DE","og_type":"article","og_title":"COTEAU DU LAYON \"ARPEGE\" DOMAINE LEDUC FROUIN 2020 - Loire Gourmande - une \u00e9tape savoureuse","og_description":"Leduc-frouin La Seigneurie Arp\u00e8ge 2013 wei\u00df. Weine von der Loire. Bestellung im Weinkeller auf der Website von Loire Gourmande. Weinh\u00e4ndler in Turquant (49).","og_url":"https:\/\/www.loire-gourmande.fr\/de\/Produkt\/coteau-du-layon-arpege-domaine-leduc-frouin-2020\/","og_site_name":"Loire Gourmande - une \u00e9tape savoureuse","article_publisher":"https:\/\/www.facebook.com\/Loire-Gourmande-Turquant-101991328328493\/","article_modified_time":"2025-05-27T15:19:40+00:00","og_image":[{"width":800,"height":1024,"url":"https:\/\/www.loire-gourmande.fr\/wp-content\/uploads\/2023\/11\/Coteaux-du-Layon-Arpege.jpg","type":"image\/jpeg"}],"twitter_card":"summary_large_image","twitter_misc":{"Gesch\u00e4tzte Lesezeit":"1\u00a0Minute"},"schema":{"@context":"https:\/\/schema.org","@graph":[{"@type":"WebPage","@id":"https:\/\/www.loire-gourmande.fr\/de\/Produkt\/coteau-du-layon-arpege-domaine-leduc-frouin-2020\/","url":"https:\/\/www.loire-gourmande.fr\/de\/Produkt\/coteau-du-layon-arpege-domaine-leduc-frouin-2020\/","name":"COTEAU DU LAYON \"ARPEGE\" DOMAINE LEDUC FROUIN 2020 - Loire Gourmande - une \u00e9tape savoureuse","isPartOf":{"@id":"https:\/\/www.loire-gourmande.fr\/de\/#website"},"primaryImageOfPage":{"@id":"https:\/\/www.loire-gourmande.fr\/de\/Produkt\/coteau-du-layon-arpege-domaine-leduc-frouin-2020\/#primaryimage"},"image":{"@id":"https:\/\/www.loire-gourmande.fr\/de\/Produkt\/coteau-du-layon-arpege-domaine-leduc-frouin-2020\/#primaryimage"},"thumbnailUrl":"https:\/\/www.loire-gourmande.fr\/wp-content\/uploads\/2023\/02\/COTEAU-DU-LAYON-22-ARPEGE-22-DOMAINE-LEDUC-FROUIN-2020.jpg","datePublished":"2023-02-19T12:51:50+00:00","dateModified":"2025-05-27T15:19:40+00:00","description":"Leduc-frouin La Seigneurie Arp\u00e8ge 2013 wei\u00df. Weine von der Loire. Bestellung im Weinkeller auf der Website von Loire Gourmande. Weinh\u00e4ndler in Turquant (49).","breadcrumb":{"@id":"https:\/\/www.loire-gourmande.fr\/de\/Produkt\/coteau-du-layon-arpege-domaine-leduc-frouin-2020\/#breadcrumb"},"inLanguage":"de","potentialAction":[{"@type":"ReadAction","target":["https:\/\/www.loire-gourmande.fr\/de\/Produkt\/coteau-du-layon-arpege-domaine-leduc-frouin-2020\/"]}]},{"@type":"ImageObject","inLanguage":"de","@id":"https:\/\/www.loire-gourmande.fr\/de\/Produkt\/coteau-du-layon-arpege-domaine-leduc-frouin-2020\/#primaryimage","url":"https:\/\/www.loire-gourmande.fr\/wp-content\/uploads\/2023\/02\/COTEAU-DU-LAYON-22-ARPEGE-22-DOMAINE-LEDUC-FROUIN-2020.jpg","contentUrl":"https:\/\/www.loire-gourmande.fr\/wp-content\/uploads\/2023\/02\/COTEAU-DU-LAYON-22-ARPEGE-22-DOMAINE-LEDUC-FROUIN-2020.jpg","width":800,"height":800},{"@type":"BreadcrumbList","@id":"https:\/\/www.loire-gourmande.fr\/de\/Produkt\/coteau-du-layon-arpege-domaine-leduc-frouin-2020\/#breadcrumb","itemListElement":[{"@type":"ListItem","position":1,"name":"Startseite","item":"https:\/\/www.loire-gourmande.fr\/de\/"},{"@type":"ListItem","position":2,"name":"Die Boutique de Loire Gourmande: die Weine der Loire","item":"https:\/\/www.loire-gourmande.fr\/de\/woocommerce\/"},{"@type":"ListItem","position":3,"name":"Die Weine","item":"https:\/\/www.loire-gourmande.fr\/de\/Produktkategorie\/die-weine\/"},{"@type":"ListItem","position":4,"name":"S\u00fc\u00dfwein","item":"https:\/\/www.loire-gourmande.fr\/de\/Produktkategorie\/die-weine\/suesswein\/"},{"@type":"ListItem","position":5,"name":"COTEAU DU LAYON &#8222;ARPEGE&#8220; DOMAINE LEDUC FROUIN 2020"}]},{"@type":"WebSite","@id":"https:\/\/www.loire-gourmande.fr\/de\/#website","url":"https:\/\/www.loire-gourmande.fr\/de\/","name":"Loire Gourmande, une \u00e9tape savoureuse","description":"une d\u00e9gustation \u00e0 toute heure et une boutique \u00e0 visiter \u00e0 Turquant (49)","publisher":{"@id":"https:\/\/www.loire-gourmande.fr\/de\/#organization"},"potentialAction":[{"@type":"SearchAction","target":{"@type":"EntryPoint","urlTemplate":"https:\/\/www.loire-gourmande.fr\/de\/?s={search_term_string}"},"query-input":{"@type":"PropertyValueSpecification","valueRequired":true,"valueName":"search_term_string"}}],"inLanguage":"de"},{"@type":"Organization","@id":"https:\/\/www.loire-gourmande.fr\/de\/#organization","name":"Loire Gourmande - Schnellrestaurant und Besuch in Turquant (49)","url":"https:\/\/www.loire-gourmande.fr\/de\/","logo":{"@type":"ImageObject","inLanguage":"de","@id":"https:\/\/www.loire-gourmande.fr\/de\/#\/schema\/logo\/image\/","url":"https:\/\/www.loire-gourmande.fr\/wp-content\/uploads\/2020\/10\/loire-gourmande-logo.jpg","contentUrl":"https:\/\/www.loire-gourmande.fr\/wp-content\/uploads\/2020\/10\/loire-gourmande-logo.jpg","width":800,"height":415,"caption":"Loire Gourmande - Schnellrestaurant und Besuch in Turquant (49)"},"image":{"@id":"https:\/\/www.loire-gourmande.fr\/de\/#\/schema\/logo\/image\/"},"sameAs":["https:\/\/www.facebook.com\/Loire-Gourmande-Turquant-101991328328493\/","https:\/\/www.instagram.com\/jean_yves_auradon\/?igshid=1ta3mfjka326t"]}]}},"_links":{"self":[{"href":"https:\/\/www.loire-gourmande.fr\/de\/wp-json\/wp\/v2\/product\/11009","targetHints":{"allow":["GET"]}}],"collection":[{"href":"https:\/\/www.loire-gourmande.fr\/de\/wp-json\/wp\/v2\/product"}],"about":[{"href":"https:\/\/www.loire-gourmande.fr\/de\/wp-json\/wp\/v2\/types\/product"}],"version-history":[{"count":2,"href":"https:\/\/www.loire-gourmande.fr\/de\/wp-json\/wp\/v2\/product\/11009\/revisions"}],"predecessor-version":[{"id":13056,"href":"https:\/\/www.loire-gourmande.fr\/de\/wp-json\/wp\/v2\/product\/11009\/revisions\/13056"}],"wp:featuredmedia":[{"embeddable":true,"href":"https:\/\/www.loire-gourmande.fr\/de\/wp-json\/wp\/v2\/media\/14297"}],"wp:attachment":[{"href":"https:\/\/www.loire-gourmande.fr\/de\/wp-json\/wp\/v2\/media?parent=11009"}],"wp:term":[{"taxonomy":"product_brand","embeddable":true,"href":"https:\/\/www.loire-gourmande.fr\/de\/wp-json\/wp\/v2\/product_brand?post=11009"},{"taxonomy":"product_cat","embeddable":true,"href":"https:\/\/www.loire-gourmande.fr\/de\/wp-json\/wp\/v2\/product_cat?post=11009"},{"taxonomy":"product_tag","embeddable":true,"href":"https:\/\/www.loire-gourmande.fr\/de\/wp-json\/wp\/v2\/product_tag?post=11009"}],"curies":[{"name":"wp","href":"https:\/\/api.w.org\/{rel}","templated":true}]}}