{"id":11023,"date":"2024-02-01T16:00:45","date_gmt":"2024-02-01T16:00:45","guid":{"rendered":"https:\/\/www.loire-gourmande.fr\/produit\/aoc-cote-roannaise-boutheran-grume\/"},"modified":"2025-05-27T16:30:52","modified_gmt":"2025-05-27T15:30:52","slug":"aoc-cote-roannaise-boutheran-grume","status":"publish","type":"product","link":"https:\/\/www.loire-gourmande.fr\/de\/Produkt\/aoc-cote-roannaise-boutheran-grume\/","title":{"rendered":"AOC COTE ROANNAISE BOUTHERAN GRUME"},"content":{"rendered":"<p>Domaine Vial ist in erster Linie ein liebenswertes und begeisterndes Familienunternehmen. Ihr Angebot an Weinen aus der C\u00f4te Roannaise spiegelt ihr Know-how und ihre Seriosit\u00e4t wider und gef\u00e4llt uns besonders gut. Sie befinden sich in der Gemeinde St Andr\u00e9 d&#8217;Apchon (42). Seit der Er\u00f6ffnung des Ladens bieten wir alle ihre Produkte an, die in einer sch\u00f6nen Vielfalt von Geschmacksrichtungen &#8211; subtil und harmonisch &#8211; und Farben f\u00fcr immer neue Geschmackserlebnisse sorgen!<\/p>\n<p><strong>Rebsorte<\/strong> &#8211; Gamay<br \/>\n<strong>Terroir<\/strong> &#8211; Eine Parzelle, die auf dem Hang von Boutheran bepflanzt ist, mit einer sehr speziellen Leptinik-Variet\u00e4t als mineralogische Zusammensetzung.<br \/>\n<strong>Weinbereitung<\/strong> &#8211; Die Trauben wurden zu 100% abgebeert und auf einem R\u00fctteltisch sortiert. Die Trauben oder St\u00e4mme werden in 600-Liter-F\u00e4sser gef\u00fcllt, um die 20-t\u00e4gige G\u00e4rung zu beginnen. Der Wein reifte 6 Monate lang in F\u00e4ssern.<br \/>\n<strong>Land:<\/strong> Frankreich<br \/>\n<strong>Region:<\/strong> Subregion Pays de Loire<br \/>\n\/Appellation C\u00f4te Roannaise AC<br \/>\n<strong>Produzent:<\/strong> Domaine Vial<br \/>\n<strong>Rebsorte:<\/strong> Gamay<br \/>\nGeschmack W\u00fcrze, Ausgewogenheit, mittlerer K\u00f6rper, raffiniert, schmackhaft<br \/>\nVinifikation Die \u00fcber 50 Jahre alten Reben wachsen auf einer H\u00f6he von 125 m am Hang des Bouth\u00e9ran, auf einem Boden aus verwitterten Felsen und Granit, der auf einem Bett aus Kieselsteinen ruht. Bouth\u00e9ran wird als der &#8222;sch\u00f6nste&#8220; Ort angesehen, da er Steigungen von 40% und eine rein s\u00fcdliche Ausrichtung aufweist. Die Kieselsteine halten nachts die W\u00e4rme zur\u00fcck, so dass die Trauben perfekt reifen k\u00f6nnen. Da der Boden &#8222;arm&#8220; an N\u00e4hrstoffen ist, f\u00fchrt das Beschneiden und die gr\u00fcne Weinlese zu einer Konzentration der Trauben und zu geringeren Ertr\u00e4gen. Die Trauben werden von Hand geerntet, abgebeert und nur die besten Trauben werden f\u00fcr diese Cuv\u00e9e durch eine erneute Selektion verwendet. Danach erfolgt die &#8211; sehr ungew\u00f6hnliche &#8211; Fermentation in F\u00e4ssern, die mindestens drei Wochen dauert. Nach der G\u00e4rung erfolgt die Pressung und der Saft kehrt in das gleiche Fass zur\u00fcck, wo er eine Reifung von etwa 9 Monaten sowie eine malolaktische G\u00e4rung durchl\u00e4uft.<br \/>\nReifung in Holz Ja, erste G\u00e4rung im Fass, gefolgt von 9 Monaten Reifung im selben Fass.<br \/>\nHaltbarkeit: bis zu 5 Jahre nach der Ernte<\/p>\n<p><b>Speisen- und Weinbegleitung: <\/b>Entdecken Sie diesen Wein zu Charolais-Rindersteaks, Fleisch in So\u00dfe oder Wild.<\/p>\n","protected":false},"excerpt":{"rendered":"<h2 class=\"wp-block-heading\"><span style=\"font-size: 12pt;\">DER WEINBERG ALS ERBE<\/span><\/h2>\n<p>Philippe und Jean-Marie Vial haben das Weingut in den 90er Jahren \u00fcbernommen, mit der Kultur der Reben und der Freude am Wein, die sie vererbt bekommen haben.<br \/>\nDie beiden Br\u00fcder bewirtschaften heute 10 Hektar Weinberge im Herzen des Weinbaugebiets der C\u00f4te Roannaise: 8 Hektar Gamay und 2 Hektar Chardonnay und Viognier.<\/p>\n<p>Philippe und Jean-Marie haben sich im Laufe der Jahre der Umstrukturierung und Modernisierung ihres Weinguts verschrieben, insbesondere mit der Neuanpflanzung von Reben auf dem prestigetr\u00e4chtigen H\u00fcgel von Bouth\u00e9ran mit seiner au\u00dfergew\u00f6hnlichen Lage und seinem Terroir in den 2000er Jahren.<br \/>\nIm Jahr 2003 werteten sie ihren Hof erneut mit dem Bau einer Kellerei f\u00fcr die Vinifikation und Reifung der Weine auf. Ein Ort, der es ihnen auch erm\u00f6glicht, die \u00d6ffentlichkeit bei wichtigen Ereignissen im Jahr zu empfangen.<\/p>\n","protected":false},"featured_media":11029,"template":"","meta":{"inline_featured_image":false},"product_brand":[],"product_cat":[614,600,660,601],"product_tag":[620,646,647,661,639],"class_list":{"0":"post-11023","1":"product","2":"type-product","3":"status-publish","4":"has-post-thumbnail","6":"product_cat-auvergne-de","7":"product_cat-die-weine","8":"product_cat-land-der-loire","9":"product_cat-rot","10":"product_tag-fleisch","11":"product_tag-lammkarree","12":"product_tag-rindfleisch-bourguignon","13":"product_tag-st-nectaire-de","14":"product_tag-wild","15":"product_shipping_class-flasche","17":"first","18":"instock","19":"taxable","20":"shipping-taxable","21":"purchasable","22":"product-type-simple"},"yoast_head":"<!-- This site is optimized with the Yoast SEO plugin v27.6 - https:\/\/yoast.com\/product\/yoast-seo-wordpress\/ -->\n<title>AOC COTE ROANNAISE BOUTHERAN GRUME - Loire Gourmande - une \u00e9tape savoureuse<\/title>\n<meta name=\"robots\" content=\"index, follow, max-snippet:-1, max-image-preview:large, max-video-preview:-1\" \/>\n<link rel=\"canonical\" href=\"https:\/\/www.loire-gourmande.fr\/de\/Produkt\/aoc-cote-roannaise-boutheran-grume\/\" \/>\n<meta property=\"og:locale\" content=\"de_DE\" \/>\n<meta property=\"og:type\" content=\"article\" \/>\n<meta property=\"og:title\" content=\"AOC COTE ROANNAISE BOUTHERAN GRUME - Loire Gourmande - une \u00e9tape savoureuse\" \/>\n<meta property=\"og:description\" content=\"DER WEINBERG ALS ERBE Philippe und Jean-Marie Vial haben das Weingut in den 90er Jahren \u00fcbernommen, mit der Kultur der Reben und der Freude am Wein, die sie vererbt bekommen haben. Die beiden Br\u00fcder bewirtschaften heute 10 Hektar Weinberge im Herzen des Weinbaugebiets der C\u00f4te Roannaise: 8 Hektar Gamay und 2 Hektar Chardonnay und Viognier. Philippe und Jean-Marie haben sich im Laufe der Jahre der Umstrukturierung und Modernisierung ihres Weinguts verschrieben, insbesondere mit der Neuanpflanzung von Reben auf dem prestigetr\u00e4chtigen H\u00fcgel von Bouth\u00e9ran mit seiner au\u00dfergew\u00f6hnlichen Lage und seinem Terroir in den 2000er Jahren. Im Jahr 2003 werteten sie ihren Hof erneut mit dem Bau einer Kellerei f\u00fcr die Vinifikation und Reifung der Weine auf. Ein Ort, der es ihnen auch erm\u00f6glicht, die \u00d6ffentlichkeit bei wichtigen Ereignissen im Jahr zu empfangen.\" \/>\n<meta property=\"og:url\" content=\"https:\/\/www.loire-gourmande.fr\/de\/Produkt\/aoc-cote-roannaise-boutheran-grume\/\" \/>\n<meta property=\"og:site_name\" content=\"Loire Gourmande - une \u00e9tape savoureuse\" \/>\n<meta property=\"article:publisher\" content=\"https:\/\/www.facebook.com\/Loire-Gourmande-Turquant-101991328328493\/\" \/>\n<meta property=\"article:modified_time\" content=\"2025-05-27T15:30:52+00:00\" \/>\n<meta property=\"og:image\" content=\"https:\/\/www.loire-gourmande.fr\/wp-content\/uploads\/2024\/02\/Grume.jpg\" \/>\n\t<meta property=\"og:image:width\" content=\"800\" \/>\n\t<meta property=\"og:image:height\" content=\"800\" \/>\n\t<meta property=\"og:image:type\" content=\"image\/jpeg\" \/>\n<meta name=\"twitter:card\" content=\"summary_large_image\" \/>\n<meta name=\"twitter:label1\" content=\"Gesch\u00e4tzte Lesezeit\" \/>\n\t<meta name=\"twitter:data1\" content=\"2\u00a0Minuten\" \/>\n<script type=\"application\/ld+json\" class=\"yoast-schema-graph\">{\"@context\":\"https:\\\/\\\/schema.org\",\"@graph\":[{\"@type\":\"WebPage\",\"@id\":\"https:\\\/\\\/www.loire-gourmande.fr\\\/de\\\/Produkt\\\/aoc-cote-roannaise-boutheran-grume\\\/\",\"url\":\"https:\\\/\\\/www.loire-gourmande.fr\\\/de\\\/Produkt\\\/aoc-cote-roannaise-boutheran-grume\\\/\",\"name\":\"AOC COTE ROANNAISE BOUTHERAN GRUME - Loire Gourmande - une \u00e9tape savoureuse\",\"isPartOf\":{\"@id\":\"https:\\\/\\\/www.loire-gourmande.fr\\\/de\\\/#website\"},\"primaryImageOfPage\":{\"@id\":\"https:\\\/\\\/www.loire-gourmande.fr\\\/de\\\/Produkt\\\/aoc-cote-roannaise-boutheran-grume\\\/#primaryimage\"},\"image\":{\"@id\":\"https:\\\/\\\/www.loire-gourmande.fr\\\/de\\\/Produkt\\\/aoc-cote-roannaise-boutheran-grume\\\/#primaryimage\"},\"thumbnailUrl\":\"https:\\\/\\\/www.loire-gourmande.fr\\\/wp-content\\\/uploads\\\/2024\\\/02\\\/Grume.jpg\",\"datePublished\":\"2024-02-01T16:00:45+00:00\",\"dateModified\":\"2025-05-27T15:30:52+00:00\",\"breadcrumb\":{\"@id\":\"https:\\\/\\\/www.loire-gourmande.fr\\\/de\\\/Produkt\\\/aoc-cote-roannaise-boutheran-grume\\\/#breadcrumb\"},\"inLanguage\":\"de\",\"potentialAction\":[{\"@type\":\"ReadAction\",\"target\":[\"https:\\\/\\\/www.loire-gourmande.fr\\\/de\\\/Produkt\\\/aoc-cote-roannaise-boutheran-grume\\\/\"]}]},{\"@type\":\"ImageObject\",\"inLanguage\":\"de\",\"@id\":\"https:\\\/\\\/www.loire-gourmande.fr\\\/de\\\/Produkt\\\/aoc-cote-roannaise-boutheran-grume\\\/#primaryimage\",\"url\":\"https:\\\/\\\/www.loire-gourmande.fr\\\/wp-content\\\/uploads\\\/2024\\\/02\\\/Grume.jpg\",\"contentUrl\":\"https:\\\/\\\/www.loire-gourmande.fr\\\/wp-content\\\/uploads\\\/2024\\\/02\\\/Grume.jpg\",\"width\":800,\"height\":800},{\"@type\":\"BreadcrumbList\",\"@id\":\"https:\\\/\\\/www.loire-gourmande.fr\\\/de\\\/Produkt\\\/aoc-cote-roannaise-boutheran-grume\\\/#breadcrumb\",\"itemListElement\":[{\"@type\":\"ListItem\",\"position\":1,\"name\":\"Startseite\",\"item\":\"https:\\\/\\\/www.loire-gourmande.fr\\\/de\\\/\"},{\"@type\":\"ListItem\",\"position\":2,\"name\":\"Die Boutique de Loire Gourmande: die Weine der Loire\",\"item\":\"https:\\\/\\\/www.loire-gourmande.fr\\\/de\\\/woocommerce\\\/\"},{\"@type\":\"ListItem\",\"position\":3,\"name\":\"Die Weine\",\"item\":\"https:\\\/\\\/www.loire-gourmande.fr\\\/de\\\/Produktkategorie\\\/die-weine\\\/\"},{\"@type\":\"ListItem\",\"position\":4,\"name\":\"Auvergne\",\"item\":\"https:\\\/\\\/www.loire-gourmande.fr\\\/de\\\/Produktkategorie\\\/die-weine\\\/auvergne-de\\\/\"},{\"@type\":\"ListItem\",\"position\":5,\"name\":\"AOC COTE ROANNAISE BOUTHERAN GRUME\"}]},{\"@type\":\"WebSite\",\"@id\":\"https:\\\/\\\/www.loire-gourmande.fr\\\/de\\\/#website\",\"url\":\"https:\\\/\\\/www.loire-gourmande.fr\\\/de\\\/\",\"name\":\"Loire Gourmande, une \u00e9tape savoureuse\",\"description\":\"une d\u00e9gustation \u00e0 toute heure et une boutique \u00e0 visiter \u00e0 Turquant (49)\",\"publisher\":{\"@id\":\"https:\\\/\\\/www.loire-gourmande.fr\\\/de\\\/#organization\"},\"potentialAction\":[{\"@type\":\"SearchAction\",\"target\":{\"@type\":\"EntryPoint\",\"urlTemplate\":\"https:\\\/\\\/www.loire-gourmande.fr\\\/de\\\/?s={search_term_string}\"},\"query-input\":{\"@type\":\"PropertyValueSpecification\",\"valueRequired\":true,\"valueName\":\"search_term_string\"}}],\"inLanguage\":\"de\"},{\"@type\":\"Organization\",\"@id\":\"https:\\\/\\\/www.loire-gourmande.fr\\\/de\\\/#organization\",\"name\":\"Loire Gourmande - Schnellrestaurant und Besuch in Turquant (49)\",\"url\":\"https:\\\/\\\/www.loire-gourmande.fr\\\/de\\\/\",\"logo\":{\"@type\":\"ImageObject\",\"inLanguage\":\"de\",\"@id\":\"https:\\\/\\\/www.loire-gourmande.fr\\\/de\\\/#\\\/schema\\\/logo\\\/image\\\/\",\"url\":\"https:\\\/\\\/www.loire-gourmande.fr\\\/wp-content\\\/uploads\\\/2020\\\/10\\\/loire-gourmande-logo.jpg\",\"contentUrl\":\"https:\\\/\\\/www.loire-gourmande.fr\\\/wp-content\\\/uploads\\\/2020\\\/10\\\/loire-gourmande-logo.jpg\",\"width\":800,\"height\":415,\"caption\":\"Loire Gourmande - Schnellrestaurant und Besuch in Turquant (49)\"},\"image\":{\"@id\":\"https:\\\/\\\/www.loire-gourmande.fr\\\/de\\\/#\\\/schema\\\/logo\\\/image\\\/\"},\"sameAs\":[\"https:\\\/\\\/www.facebook.com\\\/Loire-Gourmande-Turquant-101991328328493\\\/\",\"https:\\\/\\\/www.instagram.com\\\/jean_yves_auradon\\\/?igshid=1ta3mfjka326t\"]}]}<\/script>\n<!-- \/ Yoast SEO plugin. -->","yoast_head_json":{"title":"AOC COTE ROANNAISE BOUTHERAN GRUME - Loire Gourmande - une \u00e9tape savoureuse","robots":{"index":"index","follow":"follow","max-snippet":"max-snippet:-1","max-image-preview":"max-image-preview:large","max-video-preview":"max-video-preview:-1"},"canonical":"https:\/\/www.loire-gourmande.fr\/de\/Produkt\/aoc-cote-roannaise-boutheran-grume\/","og_locale":"de_DE","og_type":"article","og_title":"AOC COTE ROANNAISE BOUTHERAN GRUME - Loire Gourmande - une \u00e9tape savoureuse","og_description":"DER WEINBERG ALS ERBE Philippe und Jean-Marie Vial haben das Weingut in den 90er Jahren \u00fcbernommen, mit der Kultur der Reben und der Freude am Wein, die sie vererbt bekommen haben. Die beiden Br\u00fcder bewirtschaften heute 10 Hektar Weinberge im Herzen des Weinbaugebiets der C\u00f4te Roannaise: 8 Hektar Gamay und 2 Hektar Chardonnay und Viognier. Philippe und Jean-Marie haben sich im Laufe der Jahre der Umstrukturierung und Modernisierung ihres Weinguts verschrieben, insbesondere mit der Neuanpflanzung von Reben auf dem prestigetr\u00e4chtigen H\u00fcgel von Bouth\u00e9ran mit seiner au\u00dfergew\u00f6hnlichen Lage und seinem Terroir in den 2000er Jahren. Im Jahr 2003 werteten sie ihren Hof erneut mit dem Bau einer Kellerei f\u00fcr die Vinifikation und Reifung der Weine auf. Ein Ort, der es ihnen auch erm\u00f6glicht, die \u00d6ffentlichkeit bei wichtigen Ereignissen im Jahr zu empfangen.","og_url":"https:\/\/www.loire-gourmande.fr\/de\/Produkt\/aoc-cote-roannaise-boutheran-grume\/","og_site_name":"Loire Gourmande - une \u00e9tape savoureuse","article_publisher":"https:\/\/www.facebook.com\/Loire-Gourmande-Turquant-101991328328493\/","article_modified_time":"2025-05-27T15:30:52+00:00","og_image":[{"width":800,"height":800,"url":"https:\/\/www.loire-gourmande.fr\/wp-content\/uploads\/2024\/02\/Grume.jpg","type":"image\/jpeg"}],"twitter_card":"summary_large_image","twitter_misc":{"Gesch\u00e4tzte Lesezeit":"2\u00a0Minuten"},"schema":{"@context":"https:\/\/schema.org","@graph":[{"@type":"WebPage","@id":"https:\/\/www.loire-gourmande.fr\/de\/Produkt\/aoc-cote-roannaise-boutheran-grume\/","url":"https:\/\/www.loire-gourmande.fr\/de\/Produkt\/aoc-cote-roannaise-boutheran-grume\/","name":"AOC COTE ROANNAISE BOUTHERAN GRUME - Loire Gourmande - une \u00e9tape savoureuse","isPartOf":{"@id":"https:\/\/www.loire-gourmande.fr\/de\/#website"},"primaryImageOfPage":{"@id":"https:\/\/www.loire-gourmande.fr\/de\/Produkt\/aoc-cote-roannaise-boutheran-grume\/#primaryimage"},"image":{"@id":"https:\/\/www.loire-gourmande.fr\/de\/Produkt\/aoc-cote-roannaise-boutheran-grume\/#primaryimage"},"thumbnailUrl":"https:\/\/www.loire-gourmande.fr\/wp-content\/uploads\/2024\/02\/Grume.jpg","datePublished":"2024-02-01T16:00:45+00:00","dateModified":"2025-05-27T15:30:52+00:00","breadcrumb":{"@id":"https:\/\/www.loire-gourmande.fr\/de\/Produkt\/aoc-cote-roannaise-boutheran-grume\/#breadcrumb"},"inLanguage":"de","potentialAction":[{"@type":"ReadAction","target":["https:\/\/www.loire-gourmande.fr\/de\/Produkt\/aoc-cote-roannaise-boutheran-grume\/"]}]},{"@type":"ImageObject","inLanguage":"de","@id":"https:\/\/www.loire-gourmande.fr\/de\/Produkt\/aoc-cote-roannaise-boutheran-grume\/#primaryimage","url":"https:\/\/www.loire-gourmande.fr\/wp-content\/uploads\/2024\/02\/Grume.jpg","contentUrl":"https:\/\/www.loire-gourmande.fr\/wp-content\/uploads\/2024\/02\/Grume.jpg","width":800,"height":800},{"@type":"BreadcrumbList","@id":"https:\/\/www.loire-gourmande.fr\/de\/Produkt\/aoc-cote-roannaise-boutheran-grume\/#breadcrumb","itemListElement":[{"@type":"ListItem","position":1,"name":"Startseite","item":"https:\/\/www.loire-gourmande.fr\/de\/"},{"@type":"ListItem","position":2,"name":"Die Boutique de Loire Gourmande: die Weine der Loire","item":"https:\/\/www.loire-gourmande.fr\/de\/woocommerce\/"},{"@type":"ListItem","position":3,"name":"Die Weine","item":"https:\/\/www.loire-gourmande.fr\/de\/Produktkategorie\/die-weine\/"},{"@type":"ListItem","position":4,"name":"Auvergne","item":"https:\/\/www.loire-gourmande.fr\/de\/Produktkategorie\/die-weine\/auvergne-de\/"},{"@type":"ListItem","position":5,"name":"AOC COTE ROANNAISE BOUTHERAN GRUME"}]},{"@type":"WebSite","@id":"https:\/\/www.loire-gourmande.fr\/de\/#website","url":"https:\/\/www.loire-gourmande.fr\/de\/","name":"Loire Gourmande, une \u00e9tape savoureuse","description":"une d\u00e9gustation \u00e0 toute heure et une boutique \u00e0 visiter \u00e0 Turquant (49)","publisher":{"@id":"https:\/\/www.loire-gourmande.fr\/de\/#organization"},"potentialAction":[{"@type":"SearchAction","target":{"@type":"EntryPoint","urlTemplate":"https:\/\/www.loire-gourmande.fr\/de\/?s={search_term_string}"},"query-input":{"@type":"PropertyValueSpecification","valueRequired":true,"valueName":"search_term_string"}}],"inLanguage":"de"},{"@type":"Organization","@id":"https:\/\/www.loire-gourmande.fr\/de\/#organization","name":"Loire Gourmande - Schnellrestaurant und Besuch in Turquant (49)","url":"https:\/\/www.loire-gourmande.fr\/de\/","logo":{"@type":"ImageObject","inLanguage":"de","@id":"https:\/\/www.loire-gourmande.fr\/de\/#\/schema\/logo\/image\/","url":"https:\/\/www.loire-gourmande.fr\/wp-content\/uploads\/2020\/10\/loire-gourmande-logo.jpg","contentUrl":"https:\/\/www.loire-gourmande.fr\/wp-content\/uploads\/2020\/10\/loire-gourmande-logo.jpg","width":800,"height":415,"caption":"Loire Gourmande - Schnellrestaurant und Besuch in Turquant (49)"},"image":{"@id":"https:\/\/www.loire-gourmande.fr\/de\/#\/schema\/logo\/image\/"},"sameAs":["https:\/\/www.facebook.com\/Loire-Gourmande-Turquant-101991328328493\/","https:\/\/www.instagram.com\/jean_yves_auradon\/?igshid=1ta3mfjka326t"]}]}},"_links":{"self":[{"href":"https:\/\/www.loire-gourmande.fr\/de\/wp-json\/wp\/v2\/product\/11023","targetHints":{"allow":["GET"]}}],"collection":[{"href":"https:\/\/www.loire-gourmande.fr\/de\/wp-json\/wp\/v2\/product"}],"about":[{"href":"https:\/\/www.loire-gourmande.fr\/de\/wp-json\/wp\/v2\/types\/product"}],"version-history":[{"count":2,"href":"https:\/\/www.loire-gourmande.fr\/de\/wp-json\/wp\/v2\/product\/11023\/revisions"}],"predecessor-version":[{"id":13188,"href":"https:\/\/www.loire-gourmande.fr\/de\/wp-json\/wp\/v2\/product\/11023\/revisions\/13188"}],"wp:featuredmedia":[{"embeddable":true,"href":"https:\/\/www.loire-gourmande.fr\/de\/wp-json\/wp\/v2\/media\/11029"}],"wp:attachment":[{"href":"https:\/\/www.loire-gourmande.fr\/de\/wp-json\/wp\/v2\/media?parent=11023"}],"wp:term":[{"taxonomy":"product_brand","embeddable":true,"href":"https:\/\/www.loire-gourmande.fr\/de\/wp-json\/wp\/v2\/product_brand?post=11023"},{"taxonomy":"product_cat","embeddable":true,"href":"https:\/\/www.loire-gourmande.fr\/de\/wp-json\/wp\/v2\/product_cat?post=11023"},{"taxonomy":"product_tag","embeddable":true,"href":"https:\/\/www.loire-gourmande.fr\/de\/wp-json\/wp\/v2\/product_tag?post=11023"}],"curies":[{"name":"wp","href":"https:\/\/api.w.org\/{rel}","templated":true}]}}