{"id":11025,"date":"2023-02-19T11:53:29","date_gmt":"2023-02-19T10:53:29","guid":{"rendered":"https:\/\/www.loire-gourmande.fr\/produit\/anjou-village-cuvee-gabin-domaine-des-fontaines-2021\/"},"modified":"2025-04-03T08:22:54","modified_gmt":"2025-04-03T07:22:54","slug":"anjou-village-cuvee-gabin-domaine-des-fontaines-2021","status":"publish","type":"product","link":"https:\/\/www.loire-gourmande.fr\/de\/Produkt\/anjou-village-cuvee-gabin-domaine-des-fontaines-2021\/","title":{"rendered":"ANJOU VILLAGE CUV\u00c9E GABIN DOMAINE DES FONTAINES 2022"},"content":{"rendered":"<p><strong>PR\u00c4SENTATION :<\/strong><\/p>\n<ul>\n<li><strong>Bezeichnung: <\/strong>Anjou Village A.O.P. (Appellation d&#8217;Origine Prot\u00e9g\u00e9e, gesch\u00fctzte Ursprungsbezeichnung)<\/li>\n<li>Cuv\u00e9e<strong>: <\/strong>&#8222;Cuv\u00e9e Gabin&#8220;.<\/li>\n<li><strong>Inhalt:<\/strong> 75c<\/li>\n<li><strong>Der Anjou Villages<\/strong> ist ein strukturierter Rotwein, der aus zwei Rebsorten hergestellt wird: Cabernet Franc und Cabernet Sauvignon. Die Weinberge sind auf einem Schiefer- und Kieselterroir begr\u00fcnt, wodurch die Kraft der Reben kontrolliert wird. Der Wein wird in Eichenf\u00e4ssern ausgebaut, was dem Wein einen vollmundigen Geschmack mit Noten von schwarzen Fr\u00fcchten verleiht.<\/li>\n<li>Es handelt sich um einen lagerf\u00e4higen Wein, der gut zu Wild und rotem Fleisch passt.<\/li>\n<li><strong>Jahrgang:<\/strong> 2021<\/li>\n<li><strong>Rebsorte:<\/strong> Cabernet Franc \u00a7 Cabernet Sauvignon<\/li>\n<li>AlcoolPlus von 13,5%.<\/li>\n<li>Verkostung<strong>:<\/strong> Strukturierter Wein, Volumen im Mund mit Noten von schwarzen Fr\u00fcchten<\/li>\n<li><strong>Passt zu:<\/strong> Wild oder rotem Fleisch oder Gefl\u00fcgel<\/li>\n<li>Allergene Sulfite<\/li>\n<\/ul>\n<p>&nbsp;<\/p>\n","protected":false},"excerpt":{"rendered":"<p>Die Domaine des Fontaines ist ein <strong>Familienbetrieb<\/strong> mit einer Fl\u00e4che von etwa 30 Hektar. Die Arbeit im Weinberg wird mit einer Kombination aus <strong>Modernit\u00e4t, Tradition und Respekt f\u00fcr das \u00d6kosystem<\/strong> dieses Terroirs durchgef\u00fchrt. Durch diese Arbeit ist das Weingut seit 2016 als <strong>&#8222;High Environmental Value&#8220; zertifiziert<\/strong>.<\/p>\n<p>Dieser AOP Anjou-Villages wurde aus den <strong>Rebsorten Cabernet Franc und Sauvignon<\/strong> hergestellt. Diese Cuv\u00e9e <em>Gabin<\/em> wurde <strong>in franz\u00f6sischen Eichenf\u00e4ssern gereift<\/strong>, was ihr eine <strong>sch\u00f6ne Dichte im Mund<\/strong> verleiht.<\/p>\n","protected":false},"featured_media":12374,"template":"","meta":{"inline_featured_image":false},"product_brand":[],"product_cat":[602,600,601],"product_tag":[644,664,647,663],"class_list":{"0":"post-11025","1":"product","2":"type-product","3":"status-publish","4":"has-post-thumbnail","6":"product_cat-anjou-de","7":"product_cat-die-weine","8":"product_cat-rot","9":"product_tag-kase-de","10":"product_tag-lagerwein","11":"product_tag-rindfleisch-bourguignon","12":"product_tag-weises-fleisch","13":"product_shipping_class-flasche","15":"first","16":"instock","17":"featured","18":"taxable","19":"shipping-taxable","20":"purchasable","21":"product-type-simple"},"yoast_head":"<!-- This site is optimized with the Yoast SEO plugin v27.6 - https:\/\/yoast.com\/product\/yoast-seo-wordpress\/ -->\n<title>ANJOU VILLAGE CUV\u00c9E GABIN DOMAINE DES FONTAINES 2022 - Loire Gourmande - une \u00e9tape savoureuse<\/title>\n<meta name=\"description\" content=\"Anjou Villages Cabernet Franc und Cabernet Sauvignon. Weine von der Loire. Bestellung im Weinkeller auf der Website von Loire Gourmande. Weinh\u00e4ndler in Turquant (49).\" \/>\n<meta name=\"robots\" content=\"index, follow, max-snippet:-1, max-image-preview:large, max-video-preview:-1\" \/>\n<link rel=\"canonical\" href=\"https:\/\/www.loire-gourmande.fr\/de\/Produkt\/anjou-village-cuvee-gabin-domaine-des-fontaines-2021\/\" \/>\n<meta property=\"og:locale\" content=\"de_DE\" \/>\n<meta property=\"og:type\" content=\"article\" \/>\n<meta property=\"og:title\" content=\"ANJOU VILLAGE CUV\u00c9E GABIN DOMAINE DES FONTAINES 2022 - Loire Gourmande - une \u00e9tape savoureuse\" \/>\n<meta property=\"og:description\" content=\"Anjou Villages Cabernet Franc und Cabernet Sauvignon. Weine von der Loire. Bestellung im Weinkeller auf der Website von Loire Gourmande. Weinh\u00e4ndler in Turquant (49).\" \/>\n<meta property=\"og:url\" content=\"https:\/\/www.loire-gourmande.fr\/de\/Produkt\/anjou-village-cuvee-gabin-domaine-des-fontaines-2021\/\" \/>\n<meta property=\"og:site_name\" content=\"Loire Gourmande - une \u00e9tape savoureuse\" \/>\n<meta property=\"article:publisher\" content=\"https:\/\/www.facebook.com\/Loire-Gourmande-Turquant-101991328328493\/\" \/>\n<meta property=\"article:modified_time\" content=\"2025-04-03T07:22:54+00:00\" \/>\n<meta property=\"og:image\" content=\"https:\/\/www.loire-gourmande.fr\/wp-content\/uploads\/2023\/02\/Anjou-Village-Cuvee-Gabin-2022.jpg\" \/>\n\t<meta property=\"og:image:width\" content=\"800\" \/>\n\t<meta property=\"og:image:height\" content=\"800\" \/>\n\t<meta property=\"og:image:type\" content=\"image\/jpeg\" \/>\n<meta name=\"twitter:card\" content=\"summary_large_image\" \/>\n<meta name=\"twitter:label1\" content=\"Gesch\u00e4tzte Lesezeit\" \/>\n\t<meta name=\"twitter:data1\" content=\"1\u00a0Minute\" \/>\n<script type=\"application\/ld+json\" class=\"yoast-schema-graph\">{\"@context\":\"https:\\\/\\\/schema.org\",\"@graph\":[{\"@type\":\"WebPage\",\"@id\":\"https:\\\/\\\/www.loire-gourmande.fr\\\/de\\\/Produkt\\\/anjou-village-cuvee-gabin-domaine-des-fontaines-2021\\\/\",\"url\":\"https:\\\/\\\/www.loire-gourmande.fr\\\/de\\\/Produkt\\\/anjou-village-cuvee-gabin-domaine-des-fontaines-2021\\\/\",\"name\":\"ANJOU VILLAGE CUV\u00c9E GABIN DOMAINE DES FONTAINES 2022 - Loire Gourmande - une \u00e9tape savoureuse\",\"isPartOf\":{\"@id\":\"https:\\\/\\\/www.loire-gourmande.fr\\\/de\\\/#website\"},\"primaryImageOfPage\":{\"@id\":\"https:\\\/\\\/www.loire-gourmande.fr\\\/de\\\/Produkt\\\/anjou-village-cuvee-gabin-domaine-des-fontaines-2021\\\/#primaryimage\"},\"image\":{\"@id\":\"https:\\\/\\\/www.loire-gourmande.fr\\\/de\\\/Produkt\\\/anjou-village-cuvee-gabin-domaine-des-fontaines-2021\\\/#primaryimage\"},\"thumbnailUrl\":\"https:\\\/\\\/www.loire-gourmande.fr\\\/wp-content\\\/uploads\\\/2023\\\/02\\\/Anjou-Village-Cuvee-Gabin-2022.jpg\",\"datePublished\":\"2023-02-19T10:53:29+00:00\",\"dateModified\":\"2025-04-03T07:22:54+00:00\",\"description\":\"Anjou Villages Cabernet Franc und Cabernet Sauvignon. Weine von der Loire. Bestellung im Weinkeller auf der Website von Loire Gourmande. Weinh\u00e4ndler in Turquant (49).\",\"breadcrumb\":{\"@id\":\"https:\\\/\\\/www.loire-gourmande.fr\\\/de\\\/Produkt\\\/anjou-village-cuvee-gabin-domaine-des-fontaines-2021\\\/#breadcrumb\"},\"inLanguage\":\"de\",\"potentialAction\":[{\"@type\":\"ReadAction\",\"target\":[\"https:\\\/\\\/www.loire-gourmande.fr\\\/de\\\/Produkt\\\/anjou-village-cuvee-gabin-domaine-des-fontaines-2021\\\/\"]}]},{\"@type\":\"ImageObject\",\"inLanguage\":\"de\",\"@id\":\"https:\\\/\\\/www.loire-gourmande.fr\\\/de\\\/Produkt\\\/anjou-village-cuvee-gabin-domaine-des-fontaines-2021\\\/#primaryimage\",\"url\":\"https:\\\/\\\/www.loire-gourmande.fr\\\/wp-content\\\/uploads\\\/2023\\\/02\\\/Anjou-Village-Cuvee-Gabin-2022.jpg\",\"contentUrl\":\"https:\\\/\\\/www.loire-gourmande.fr\\\/wp-content\\\/uploads\\\/2023\\\/02\\\/Anjou-Village-Cuvee-Gabin-2022.jpg\",\"width\":800,\"height\":800},{\"@type\":\"BreadcrumbList\",\"@id\":\"https:\\\/\\\/www.loire-gourmande.fr\\\/de\\\/Produkt\\\/anjou-village-cuvee-gabin-domaine-des-fontaines-2021\\\/#breadcrumb\",\"itemListElement\":[{\"@type\":\"ListItem\",\"position\":1,\"name\":\"Startseite\",\"item\":\"https:\\\/\\\/www.loire-gourmande.fr\\\/de\\\/\"},{\"@type\":\"ListItem\",\"position\":2,\"name\":\"Die Boutique de Loire Gourmande: die Weine der Loire\",\"item\":\"https:\\\/\\\/www.loire-gourmande.fr\\\/de\\\/woocommerce\\\/\"},{\"@type\":\"ListItem\",\"position\":3,\"name\":\"Die Weine\",\"item\":\"https:\\\/\\\/www.loire-gourmande.fr\\\/de\\\/Produktkategorie\\\/die-weine\\\/\"},{\"@type\":\"ListItem\",\"position\":4,\"name\":\"ANJOU VILLAGE CUV\u00c9E GABIN DOMAINE DES FONTAINES 2022\"}]},{\"@type\":\"WebSite\",\"@id\":\"https:\\\/\\\/www.loire-gourmande.fr\\\/de\\\/#website\",\"url\":\"https:\\\/\\\/www.loire-gourmande.fr\\\/de\\\/\",\"name\":\"Loire Gourmande, une \u00e9tape savoureuse\",\"description\":\"une d\u00e9gustation \u00e0 toute heure et une boutique \u00e0 visiter \u00e0 Turquant (49)\",\"publisher\":{\"@id\":\"https:\\\/\\\/www.loire-gourmande.fr\\\/de\\\/#organization\"},\"potentialAction\":[{\"@type\":\"SearchAction\",\"target\":{\"@type\":\"EntryPoint\",\"urlTemplate\":\"https:\\\/\\\/www.loire-gourmande.fr\\\/de\\\/?s={search_term_string}\"},\"query-input\":{\"@type\":\"PropertyValueSpecification\",\"valueRequired\":true,\"valueName\":\"search_term_string\"}}],\"inLanguage\":\"de\"},{\"@type\":\"Organization\",\"@id\":\"https:\\\/\\\/www.loire-gourmande.fr\\\/de\\\/#organization\",\"name\":\"Loire Gourmande - Schnellrestaurant und Besuch in Turquant (49)\",\"url\":\"https:\\\/\\\/www.loire-gourmande.fr\\\/de\\\/\",\"logo\":{\"@type\":\"ImageObject\",\"inLanguage\":\"de\",\"@id\":\"https:\\\/\\\/www.loire-gourmande.fr\\\/de\\\/#\\\/schema\\\/logo\\\/image\\\/\",\"url\":\"https:\\\/\\\/www.loire-gourmande.fr\\\/wp-content\\\/uploads\\\/2020\\\/10\\\/loire-gourmande-logo.jpg\",\"contentUrl\":\"https:\\\/\\\/www.loire-gourmande.fr\\\/wp-content\\\/uploads\\\/2020\\\/10\\\/loire-gourmande-logo.jpg\",\"width\":800,\"height\":415,\"caption\":\"Loire Gourmande - Schnellrestaurant und Besuch in Turquant (49)\"},\"image\":{\"@id\":\"https:\\\/\\\/www.loire-gourmande.fr\\\/de\\\/#\\\/schema\\\/logo\\\/image\\\/\"},\"sameAs\":[\"https:\\\/\\\/www.facebook.com\\\/Loire-Gourmande-Turquant-101991328328493\\\/\",\"https:\\\/\\\/www.instagram.com\\\/jean_yves_auradon\\\/?igshid=1ta3mfjka326t\"]}]}<\/script>\n<!-- \/ Yoast SEO plugin. -->","yoast_head_json":{"title":"ANJOU VILLAGE CUV\u00c9E GABIN DOMAINE DES FONTAINES 2022 - Loire Gourmande - une \u00e9tape savoureuse","description":"Anjou Villages Cabernet Franc und Cabernet Sauvignon. Weine von der Loire. Bestellung im Weinkeller auf der Website von Loire Gourmande. Weinh\u00e4ndler in Turquant (49).","robots":{"index":"index","follow":"follow","max-snippet":"max-snippet:-1","max-image-preview":"max-image-preview:large","max-video-preview":"max-video-preview:-1"},"canonical":"https:\/\/www.loire-gourmande.fr\/de\/Produkt\/anjou-village-cuvee-gabin-domaine-des-fontaines-2021\/","og_locale":"de_DE","og_type":"article","og_title":"ANJOU VILLAGE CUV\u00c9E GABIN DOMAINE DES FONTAINES 2022 - Loire Gourmande - une \u00e9tape savoureuse","og_description":"Anjou Villages Cabernet Franc und Cabernet Sauvignon. Weine von der Loire. Bestellung im Weinkeller auf der Website von Loire Gourmande. Weinh\u00e4ndler in Turquant (49).","og_url":"https:\/\/www.loire-gourmande.fr\/de\/Produkt\/anjou-village-cuvee-gabin-domaine-des-fontaines-2021\/","og_site_name":"Loire Gourmande - une \u00e9tape savoureuse","article_publisher":"https:\/\/www.facebook.com\/Loire-Gourmande-Turquant-101991328328493\/","article_modified_time":"2025-04-03T07:22:54+00:00","og_image":[{"width":800,"height":800,"url":"https:\/\/www.loire-gourmande.fr\/wp-content\/uploads\/2023\/02\/Anjou-Village-Cuvee-Gabin-2022.jpg","type":"image\/jpeg"}],"twitter_card":"summary_large_image","twitter_misc":{"Gesch\u00e4tzte Lesezeit":"1\u00a0Minute"},"schema":{"@context":"https:\/\/schema.org","@graph":[{"@type":"WebPage","@id":"https:\/\/www.loire-gourmande.fr\/de\/Produkt\/anjou-village-cuvee-gabin-domaine-des-fontaines-2021\/","url":"https:\/\/www.loire-gourmande.fr\/de\/Produkt\/anjou-village-cuvee-gabin-domaine-des-fontaines-2021\/","name":"ANJOU VILLAGE CUV\u00c9E GABIN DOMAINE DES FONTAINES 2022 - Loire Gourmande - une \u00e9tape savoureuse","isPartOf":{"@id":"https:\/\/www.loire-gourmande.fr\/de\/#website"},"primaryImageOfPage":{"@id":"https:\/\/www.loire-gourmande.fr\/de\/Produkt\/anjou-village-cuvee-gabin-domaine-des-fontaines-2021\/#primaryimage"},"image":{"@id":"https:\/\/www.loire-gourmande.fr\/de\/Produkt\/anjou-village-cuvee-gabin-domaine-des-fontaines-2021\/#primaryimage"},"thumbnailUrl":"https:\/\/www.loire-gourmande.fr\/wp-content\/uploads\/2023\/02\/Anjou-Village-Cuvee-Gabin-2022.jpg","datePublished":"2023-02-19T10:53:29+00:00","dateModified":"2025-04-03T07:22:54+00:00","description":"Anjou Villages Cabernet Franc und Cabernet Sauvignon. Weine von der Loire. Bestellung im Weinkeller auf der Website von Loire Gourmande. Weinh\u00e4ndler in Turquant (49).","breadcrumb":{"@id":"https:\/\/www.loire-gourmande.fr\/de\/Produkt\/anjou-village-cuvee-gabin-domaine-des-fontaines-2021\/#breadcrumb"},"inLanguage":"de","potentialAction":[{"@type":"ReadAction","target":["https:\/\/www.loire-gourmande.fr\/de\/Produkt\/anjou-village-cuvee-gabin-domaine-des-fontaines-2021\/"]}]},{"@type":"ImageObject","inLanguage":"de","@id":"https:\/\/www.loire-gourmande.fr\/de\/Produkt\/anjou-village-cuvee-gabin-domaine-des-fontaines-2021\/#primaryimage","url":"https:\/\/www.loire-gourmande.fr\/wp-content\/uploads\/2023\/02\/Anjou-Village-Cuvee-Gabin-2022.jpg","contentUrl":"https:\/\/www.loire-gourmande.fr\/wp-content\/uploads\/2023\/02\/Anjou-Village-Cuvee-Gabin-2022.jpg","width":800,"height":800},{"@type":"BreadcrumbList","@id":"https:\/\/www.loire-gourmande.fr\/de\/Produkt\/anjou-village-cuvee-gabin-domaine-des-fontaines-2021\/#breadcrumb","itemListElement":[{"@type":"ListItem","position":1,"name":"Startseite","item":"https:\/\/www.loire-gourmande.fr\/de\/"},{"@type":"ListItem","position":2,"name":"Die Boutique de Loire Gourmande: die Weine der Loire","item":"https:\/\/www.loire-gourmande.fr\/de\/woocommerce\/"},{"@type":"ListItem","position":3,"name":"Die Weine","item":"https:\/\/www.loire-gourmande.fr\/de\/Produktkategorie\/die-weine\/"},{"@type":"ListItem","position":4,"name":"ANJOU VILLAGE CUV\u00c9E GABIN DOMAINE DES FONTAINES 2022"}]},{"@type":"WebSite","@id":"https:\/\/www.loire-gourmande.fr\/de\/#website","url":"https:\/\/www.loire-gourmande.fr\/de\/","name":"Loire Gourmande, une \u00e9tape savoureuse","description":"une d\u00e9gustation \u00e0 toute heure et une boutique \u00e0 visiter \u00e0 Turquant (49)","publisher":{"@id":"https:\/\/www.loire-gourmande.fr\/de\/#organization"},"potentialAction":[{"@type":"SearchAction","target":{"@type":"EntryPoint","urlTemplate":"https:\/\/www.loire-gourmande.fr\/de\/?s={search_term_string}"},"query-input":{"@type":"PropertyValueSpecification","valueRequired":true,"valueName":"search_term_string"}}],"inLanguage":"de"},{"@type":"Organization","@id":"https:\/\/www.loire-gourmande.fr\/de\/#organization","name":"Loire Gourmande - Schnellrestaurant und Besuch in Turquant (49)","url":"https:\/\/www.loire-gourmande.fr\/de\/","logo":{"@type":"ImageObject","inLanguage":"de","@id":"https:\/\/www.loire-gourmande.fr\/de\/#\/schema\/logo\/image\/","url":"https:\/\/www.loire-gourmande.fr\/wp-content\/uploads\/2020\/10\/loire-gourmande-logo.jpg","contentUrl":"https:\/\/www.loire-gourmande.fr\/wp-content\/uploads\/2020\/10\/loire-gourmande-logo.jpg","width":800,"height":415,"caption":"Loire Gourmande - Schnellrestaurant und Besuch in Turquant (49)"},"image":{"@id":"https:\/\/www.loire-gourmande.fr\/de\/#\/schema\/logo\/image\/"},"sameAs":["https:\/\/www.facebook.com\/Loire-Gourmande-Turquant-101991328328493\/","https:\/\/www.instagram.com\/jean_yves_auradon\/?igshid=1ta3mfjka326t"]}]}},"_links":{"self":[{"href":"https:\/\/www.loire-gourmande.fr\/de\/wp-json\/wp\/v2\/product\/11025","targetHints":{"allow":["GET"]}}],"collection":[{"href":"https:\/\/www.loire-gourmande.fr\/de\/wp-json\/wp\/v2\/product"}],"about":[{"href":"https:\/\/www.loire-gourmande.fr\/de\/wp-json\/wp\/v2\/types\/product"}],"version-history":[{"count":2,"href":"https:\/\/www.loire-gourmande.fr\/de\/wp-json\/wp\/v2\/product\/11025\/revisions"}],"predecessor-version":[{"id":12819,"href":"https:\/\/www.loire-gourmande.fr\/de\/wp-json\/wp\/v2\/product\/11025\/revisions\/12819"}],"wp:featuredmedia":[{"embeddable":true,"href":"https:\/\/www.loire-gourmande.fr\/de\/wp-json\/wp\/v2\/media\/12374"}],"wp:attachment":[{"href":"https:\/\/www.loire-gourmande.fr\/de\/wp-json\/wp\/v2\/media?parent=11025"}],"wp:term":[{"taxonomy":"product_brand","embeddable":true,"href":"https:\/\/www.loire-gourmande.fr\/de\/wp-json\/wp\/v2\/product_brand?post=11025"},{"taxonomy":"product_cat","embeddable":true,"href":"https:\/\/www.loire-gourmande.fr\/de\/wp-json\/wp\/v2\/product_cat?post=11025"},{"taxonomy":"product_tag","embeddable":true,"href":"https:\/\/www.loire-gourmande.fr\/de\/wp-json\/wp\/v2\/product_tag?post=11025"}],"curies":[{"name":"wp","href":"https:\/\/api.w.org\/{rel}","templated":true}]}}