{"id":11037,"date":"2024-01-30T16:18:43","date_gmt":"2024-01-30T16:18:43","guid":{"rendered":"https:\/\/www.loire-gourmande.fr\/produit\/chateaugay-cotes-dauvergne-blanc-domaine-rougeyron\/"},"modified":"2025-05-27T16:30:50","modified_gmt":"2025-05-27T15:30:50","slug":"chateaugay-cotes-dauvergne-blanc-domaine-rougeyron","status":"publish","type":"product","link":"https:\/\/www.loire-gourmande.fr\/de\/Produkt\/chateaugay-cotes-dauvergne-blanc-domaine-rougeyron\/","title":{"rendered":"CHATEAUGAY COTES D&#8217;AUVERGNE BLANC &#8211; DOMAINE ROUGEYRON"},"content":{"rendered":"<p style=\"font-weight: 400;\"><strong>Weinkellerei:<\/strong> Domaine Rougeyron<br \/>\n<strong>Rebsorten:<\/strong> Chardonnay<br \/>\n<strong>Region:<\/strong> Loiretal, Puy de D\u00f4me<br \/>\n<span style=\"font-weight: 400;\"><strong>Allergene Enth\u00e4lt:<\/strong> Sulfite<\/span><br \/>\n<strong>Alkohol<\/strong>: 13,5%<br \/>\n<strong>Serviertemperatur:<\/strong> 16\u00b0<br \/>\n<strong>Lagerlagerung:<\/strong> 14\/16\u00b0<\/p>\n<p style=\"font-weight: 400;\"><strong>Die Rebsorte:<\/strong> Chardonnay wird f\u00fcr den Wei\u00dfwein gekeltert und ergibt einen hellgelben Wein mit gr\u00fcnen Reflexen, der sehr aromatisch ist und nach Anis, Birne und exotischen Fr\u00fcchten duftet. Es ist ein fruchtiger, fetter Wein mit einem langen Abgang. Ch\u00e2teaugay Wein ist ein Wei\u00dfwein aus der Auvergne, der gek\u00fchlt als Aperitif getrunken wird&#8230; <strong>Der Wei\u00dfwein<br \/>\n Ch\u00e2teaugay<\/strong>, dessen nat\u00fcrliche St\u00e4rke 13 oder 14\u00b0C erreichen kann, wird gek\u00fchlt (10\u00b0C) als Aperitif oder als Beilage zu raffinierten Vorspeisen serviert: G\u00e4nseleberpastete, Fischfilets, ger\u00e4ucherter Lachs.<br \/>\nEstragon hebt diesen hervorragenden Wein hervor.<br \/>\nEr passt besser zu Quiches und herzhaften Pasteten, Fisch in So\u00dfe, ger\u00e4uchertem und gegrilltem Fisch.<br \/>\nEs ist ein Wein, der jung getrunken wird.<\/p>\n<p>&nbsp;<\/p>\n","protected":false},"excerpt":{"rendered":"<p>Die Domaine Rougeyron liegt in der Auvergne, 10 km von Clermont-Ferrand entfernt, am Rande des Dorfes Ch\u00e2teaugay in der N\u00e4he von Volvic. Die Familie Rougeyron ist ein Teil des Erbes von Ch\u00e2teaugay. In einem in den Fels gehauenen Keller unter dem Hang von La Crouzette stellt Roland Rougeyron seine Weine der C\u00f4tes d&#8217;Auvergne Ch\u00e2teaugay her.<br \/>\n20 Hektar Reben, die nach S\u00fcden und Osten ausgerichtet sind und in einer H\u00f6he von 400 Metern auf B\u00f6den aus Ger\u00f6ll und Vulkanasche auf einem Kalksteinfelsen gepflanzt sind. Einige sind zwischen 50 und 80 Jahre alt.<br \/>\nDie Weinlese erfolgt manuell.  Die Weine werden in Edelstahltanks oder f\u00fcr einige Cuv\u00e9es in Eichenf\u00e4ssern ausgebaut.<\/p>\n","protected":false},"featured_media":14388,"template":"","meta":{"inline_featured_image":false},"product_brand":[],"product_cat":[614,600,601],"product_tag":[620,605,619,615],"class_list":{"0":"post-11037","1":"product","2":"type-product","3":"status-publish","4":"has-post-thumbnail","6":"product_cat-auvergne-de","7":"product_cat-die-weine","8":"product_cat-rot","9":"product_tag-fleisch","10":"product_tag-kase","11":"product_tag-sommer","12":"product_tag-wein","13":"product_shipping_class-flasche","15":"first","16":"instock","17":"featured","18":"taxable","19":"shipping-taxable","20":"purchasable","21":"product-type-simple"},"yoast_head":"<!-- This site is optimized with the Yoast SEO plugin v27.6 - https:\/\/yoast.com\/product\/yoast-seo-wordpress\/ -->\n<title>CHATEAUGAY COTES D&#039;AUVERGNE BLANC - DOMAINE ROUGEYRON - Loire Gourmande - une \u00e9tape savoureuse<\/title>\n<meta name=\"description\" content=\"AOP COTES D&#039;AUVERGNE ROUGE - DOMAINE ROUGEYRON. Wein aus der Loire. Bestellung im Weinkeller auf der Website von Loire Gourmande. Weinh\u00e4ndler in Turquant (49).\" \/>\n<meta name=\"robots\" content=\"index, follow, max-snippet:-1, max-image-preview:large, max-video-preview:-1\" \/>\n<link rel=\"canonical\" href=\"https:\/\/www.loire-gourmande.fr\/de\/Produkt\/chateaugay-cotes-dauvergne-blanc-domaine-rougeyron\/\" \/>\n<meta property=\"og:locale\" content=\"de_DE\" \/>\n<meta property=\"og:type\" content=\"article\" \/>\n<meta property=\"og:title\" content=\"CHATEAUGAY COTES D&#039;AUVERGNE BLANC - DOMAINE ROUGEYRON - Loire Gourmande - une \u00e9tape savoureuse\" \/>\n<meta property=\"og:description\" content=\"AOP COTES D&#039;AUVERGNE ROUGE - DOMAINE ROUGEYRON. Wein aus der Loire. Bestellung im Weinkeller auf der Website von Loire Gourmande. Weinh\u00e4ndler in Turquant (49).\" \/>\n<meta property=\"og:url\" content=\"https:\/\/www.loire-gourmande.fr\/de\/Produkt\/chateaugay-cotes-dauvergne-blanc-domaine-rougeyron\/\" \/>\n<meta property=\"og:site_name\" content=\"Loire Gourmande - une \u00e9tape savoureuse\" \/>\n<meta property=\"article:publisher\" content=\"https:\/\/www.facebook.com\/Loire-Gourmande-Turquant-101991328328493\/\" \/>\n<meta property=\"article:modified_time\" content=\"2025-05-27T15:30:50+00:00\" \/>\n<meta property=\"og:image\" content=\"https:\/\/www.loire-gourmande.fr\/wp-content\/uploads\/2024\/01\/Chardonnay.jpg\" \/>\n\t<meta property=\"og:image:width\" content=\"800\" \/>\n\t<meta property=\"og:image:height\" content=\"800\" \/>\n\t<meta property=\"og:image:type\" content=\"image\/jpeg\" \/>\n<meta name=\"twitter:card\" content=\"summary_large_image\" \/>\n<meta name=\"twitter:label1\" content=\"Gesch\u00e4tzte Lesezeit\" \/>\n\t<meta name=\"twitter:data1\" content=\"1\u00a0Minute\" \/>\n<script type=\"application\/ld+json\" class=\"yoast-schema-graph\">{\"@context\":\"https:\\\/\\\/schema.org\",\"@graph\":[{\"@type\":\"WebPage\",\"@id\":\"https:\\\/\\\/www.loire-gourmande.fr\\\/de\\\/Produkt\\\/chateaugay-cotes-dauvergne-blanc-domaine-rougeyron\\\/\",\"url\":\"https:\\\/\\\/www.loire-gourmande.fr\\\/de\\\/Produkt\\\/chateaugay-cotes-dauvergne-blanc-domaine-rougeyron\\\/\",\"name\":\"CHATEAUGAY COTES D'AUVERGNE BLANC - DOMAINE ROUGEYRON - Loire Gourmande - une \u00e9tape savoureuse\",\"isPartOf\":{\"@id\":\"https:\\\/\\\/www.loire-gourmande.fr\\\/de\\\/#website\"},\"primaryImageOfPage\":{\"@id\":\"https:\\\/\\\/www.loire-gourmande.fr\\\/de\\\/Produkt\\\/chateaugay-cotes-dauvergne-blanc-domaine-rougeyron\\\/#primaryimage\"},\"image\":{\"@id\":\"https:\\\/\\\/www.loire-gourmande.fr\\\/de\\\/Produkt\\\/chateaugay-cotes-dauvergne-blanc-domaine-rougeyron\\\/#primaryimage\"},\"thumbnailUrl\":\"https:\\\/\\\/www.loire-gourmande.fr\\\/wp-content\\\/uploads\\\/2024\\\/01\\\/CHATEAUGAY-COTES-DAUVERGNE-BLANC-DOMAINE-ROUGEYRON.jpg\",\"datePublished\":\"2024-01-30T16:18:43+00:00\",\"dateModified\":\"2025-05-27T15:30:50+00:00\",\"description\":\"AOP COTES D'AUVERGNE ROUGE - DOMAINE ROUGEYRON. Wein aus der Loire. Bestellung im Weinkeller auf der Website von Loire Gourmande. Weinh\u00e4ndler in Turquant (49).\",\"breadcrumb\":{\"@id\":\"https:\\\/\\\/www.loire-gourmande.fr\\\/de\\\/Produkt\\\/chateaugay-cotes-dauvergne-blanc-domaine-rougeyron\\\/#breadcrumb\"},\"inLanguage\":\"de\",\"potentialAction\":[{\"@type\":\"ReadAction\",\"target\":[\"https:\\\/\\\/www.loire-gourmande.fr\\\/de\\\/Produkt\\\/chateaugay-cotes-dauvergne-blanc-domaine-rougeyron\\\/\"]}]},{\"@type\":\"ImageObject\",\"inLanguage\":\"de\",\"@id\":\"https:\\\/\\\/www.loire-gourmande.fr\\\/de\\\/Produkt\\\/chateaugay-cotes-dauvergne-blanc-domaine-rougeyron\\\/#primaryimage\",\"url\":\"https:\\\/\\\/www.loire-gourmande.fr\\\/wp-content\\\/uploads\\\/2024\\\/01\\\/CHATEAUGAY-COTES-DAUVERGNE-BLANC-DOMAINE-ROUGEYRON.jpg\",\"contentUrl\":\"https:\\\/\\\/www.loire-gourmande.fr\\\/wp-content\\\/uploads\\\/2024\\\/01\\\/CHATEAUGAY-COTES-DAUVERGNE-BLANC-DOMAINE-ROUGEYRON.jpg\",\"width\":800,\"height\":800},{\"@type\":\"BreadcrumbList\",\"@id\":\"https:\\\/\\\/www.loire-gourmande.fr\\\/de\\\/Produkt\\\/chateaugay-cotes-dauvergne-blanc-domaine-rougeyron\\\/#breadcrumb\",\"itemListElement\":[{\"@type\":\"ListItem\",\"position\":1,\"name\":\"Startseite\",\"item\":\"https:\\\/\\\/www.loire-gourmande.fr\\\/de\\\/\"},{\"@type\":\"ListItem\",\"position\":2,\"name\":\"Die Boutique de Loire Gourmande: die Weine der Loire\",\"item\":\"https:\\\/\\\/www.loire-gourmande.fr\\\/de\\\/woocommerce\\\/\"},{\"@type\":\"ListItem\",\"position\":3,\"name\":\"Die Weine\",\"item\":\"https:\\\/\\\/www.loire-gourmande.fr\\\/de\\\/Produktkategorie\\\/die-weine\\\/\"},{\"@type\":\"ListItem\",\"position\":4,\"name\":\"Auvergne\",\"item\":\"https:\\\/\\\/www.loire-gourmande.fr\\\/de\\\/Produktkategorie\\\/die-weine\\\/auvergne-de\\\/\"},{\"@type\":\"ListItem\",\"position\":5,\"name\":\"CHATEAUGAY COTES D&#8217;AUVERGNE BLANC &#8211; DOMAINE ROUGEYRON\"}]},{\"@type\":\"WebSite\",\"@id\":\"https:\\\/\\\/www.loire-gourmande.fr\\\/de\\\/#website\",\"url\":\"https:\\\/\\\/www.loire-gourmande.fr\\\/de\\\/\",\"name\":\"Loire Gourmande, une \u00e9tape savoureuse\",\"description\":\"une d\u00e9gustation \u00e0 toute heure et une boutique \u00e0 visiter \u00e0 Turquant (49)\",\"publisher\":{\"@id\":\"https:\\\/\\\/www.loire-gourmande.fr\\\/de\\\/#organization\"},\"potentialAction\":[{\"@type\":\"SearchAction\",\"target\":{\"@type\":\"EntryPoint\",\"urlTemplate\":\"https:\\\/\\\/www.loire-gourmande.fr\\\/de\\\/?s={search_term_string}\"},\"query-input\":{\"@type\":\"PropertyValueSpecification\",\"valueRequired\":true,\"valueName\":\"search_term_string\"}}],\"inLanguage\":\"de\"},{\"@type\":\"Organization\",\"@id\":\"https:\\\/\\\/www.loire-gourmande.fr\\\/de\\\/#organization\",\"name\":\"Loire Gourmande - Schnellrestaurant und Besuch in Turquant (49)\",\"url\":\"https:\\\/\\\/www.loire-gourmande.fr\\\/de\\\/\",\"logo\":{\"@type\":\"ImageObject\",\"inLanguage\":\"de\",\"@id\":\"https:\\\/\\\/www.loire-gourmande.fr\\\/de\\\/#\\\/schema\\\/logo\\\/image\\\/\",\"url\":\"https:\\\/\\\/www.loire-gourmande.fr\\\/wp-content\\\/uploads\\\/2020\\\/10\\\/loire-gourmande-logo.jpg\",\"contentUrl\":\"https:\\\/\\\/www.loire-gourmande.fr\\\/wp-content\\\/uploads\\\/2020\\\/10\\\/loire-gourmande-logo.jpg\",\"width\":800,\"height\":415,\"caption\":\"Loire Gourmande - Schnellrestaurant und Besuch in Turquant (49)\"},\"image\":{\"@id\":\"https:\\\/\\\/www.loire-gourmande.fr\\\/de\\\/#\\\/schema\\\/logo\\\/image\\\/\"},\"sameAs\":[\"https:\\\/\\\/www.facebook.com\\\/Loire-Gourmande-Turquant-101991328328493\\\/\",\"https:\\\/\\\/www.instagram.com\\\/jean_yves_auradon\\\/?igshid=1ta3mfjka326t\"]}]}<\/script>\n<!-- \/ Yoast SEO plugin. -->","yoast_head_json":{"title":"CHATEAUGAY COTES D'AUVERGNE BLANC - DOMAINE ROUGEYRON - Loire Gourmande - une \u00e9tape savoureuse","description":"AOP COTES D'AUVERGNE ROUGE - DOMAINE ROUGEYRON. Wein aus der Loire. Bestellung im Weinkeller auf der Website von Loire Gourmande. Weinh\u00e4ndler in Turquant (49).","robots":{"index":"index","follow":"follow","max-snippet":"max-snippet:-1","max-image-preview":"max-image-preview:large","max-video-preview":"max-video-preview:-1"},"canonical":"https:\/\/www.loire-gourmande.fr\/de\/Produkt\/chateaugay-cotes-dauvergne-blanc-domaine-rougeyron\/","og_locale":"de_DE","og_type":"article","og_title":"CHATEAUGAY COTES D'AUVERGNE BLANC - DOMAINE ROUGEYRON - Loire Gourmande - une \u00e9tape savoureuse","og_description":"AOP COTES D'AUVERGNE ROUGE - DOMAINE ROUGEYRON. Wein aus der Loire. Bestellung im Weinkeller auf der Website von Loire Gourmande. Weinh\u00e4ndler in Turquant (49).","og_url":"https:\/\/www.loire-gourmande.fr\/de\/Produkt\/chateaugay-cotes-dauvergne-blanc-domaine-rougeyron\/","og_site_name":"Loire Gourmande - une \u00e9tape savoureuse","article_publisher":"https:\/\/www.facebook.com\/Loire-Gourmande-Turquant-101991328328493\/","article_modified_time":"2025-05-27T15:30:50+00:00","og_image":[{"width":800,"height":800,"url":"https:\/\/www.loire-gourmande.fr\/wp-content\/uploads\/2024\/01\/Chardonnay.jpg","type":"image\/jpeg"}],"twitter_card":"summary_large_image","twitter_misc":{"Gesch\u00e4tzte Lesezeit":"1\u00a0Minute"},"schema":{"@context":"https:\/\/schema.org","@graph":[{"@type":"WebPage","@id":"https:\/\/www.loire-gourmande.fr\/de\/Produkt\/chateaugay-cotes-dauvergne-blanc-domaine-rougeyron\/","url":"https:\/\/www.loire-gourmande.fr\/de\/Produkt\/chateaugay-cotes-dauvergne-blanc-domaine-rougeyron\/","name":"CHATEAUGAY COTES D'AUVERGNE BLANC - DOMAINE ROUGEYRON - Loire Gourmande - une \u00e9tape savoureuse","isPartOf":{"@id":"https:\/\/www.loire-gourmande.fr\/de\/#website"},"primaryImageOfPage":{"@id":"https:\/\/www.loire-gourmande.fr\/de\/Produkt\/chateaugay-cotes-dauvergne-blanc-domaine-rougeyron\/#primaryimage"},"image":{"@id":"https:\/\/www.loire-gourmande.fr\/de\/Produkt\/chateaugay-cotes-dauvergne-blanc-domaine-rougeyron\/#primaryimage"},"thumbnailUrl":"https:\/\/www.loire-gourmande.fr\/wp-content\/uploads\/2024\/01\/CHATEAUGAY-COTES-DAUVERGNE-BLANC-DOMAINE-ROUGEYRON.jpg","datePublished":"2024-01-30T16:18:43+00:00","dateModified":"2025-05-27T15:30:50+00:00","description":"AOP COTES D'AUVERGNE ROUGE - DOMAINE ROUGEYRON. Wein aus der Loire. Bestellung im Weinkeller auf der Website von Loire Gourmande. Weinh\u00e4ndler in Turquant (49).","breadcrumb":{"@id":"https:\/\/www.loire-gourmande.fr\/de\/Produkt\/chateaugay-cotes-dauvergne-blanc-domaine-rougeyron\/#breadcrumb"},"inLanguage":"de","potentialAction":[{"@type":"ReadAction","target":["https:\/\/www.loire-gourmande.fr\/de\/Produkt\/chateaugay-cotes-dauvergne-blanc-domaine-rougeyron\/"]}]},{"@type":"ImageObject","inLanguage":"de","@id":"https:\/\/www.loire-gourmande.fr\/de\/Produkt\/chateaugay-cotes-dauvergne-blanc-domaine-rougeyron\/#primaryimage","url":"https:\/\/www.loire-gourmande.fr\/wp-content\/uploads\/2024\/01\/CHATEAUGAY-COTES-DAUVERGNE-BLANC-DOMAINE-ROUGEYRON.jpg","contentUrl":"https:\/\/www.loire-gourmande.fr\/wp-content\/uploads\/2024\/01\/CHATEAUGAY-COTES-DAUVERGNE-BLANC-DOMAINE-ROUGEYRON.jpg","width":800,"height":800},{"@type":"BreadcrumbList","@id":"https:\/\/www.loire-gourmande.fr\/de\/Produkt\/chateaugay-cotes-dauvergne-blanc-domaine-rougeyron\/#breadcrumb","itemListElement":[{"@type":"ListItem","position":1,"name":"Startseite","item":"https:\/\/www.loire-gourmande.fr\/de\/"},{"@type":"ListItem","position":2,"name":"Die Boutique de Loire Gourmande: die Weine der Loire","item":"https:\/\/www.loire-gourmande.fr\/de\/woocommerce\/"},{"@type":"ListItem","position":3,"name":"Die Weine","item":"https:\/\/www.loire-gourmande.fr\/de\/Produktkategorie\/die-weine\/"},{"@type":"ListItem","position":4,"name":"Auvergne","item":"https:\/\/www.loire-gourmande.fr\/de\/Produktkategorie\/die-weine\/auvergne-de\/"},{"@type":"ListItem","position":5,"name":"CHATEAUGAY COTES D&#8217;AUVERGNE BLANC &#8211; DOMAINE ROUGEYRON"}]},{"@type":"WebSite","@id":"https:\/\/www.loire-gourmande.fr\/de\/#website","url":"https:\/\/www.loire-gourmande.fr\/de\/","name":"Loire Gourmande, une \u00e9tape savoureuse","description":"une d\u00e9gustation \u00e0 toute heure et une boutique \u00e0 visiter \u00e0 Turquant (49)","publisher":{"@id":"https:\/\/www.loire-gourmande.fr\/de\/#organization"},"potentialAction":[{"@type":"SearchAction","target":{"@type":"EntryPoint","urlTemplate":"https:\/\/www.loire-gourmande.fr\/de\/?s={search_term_string}"},"query-input":{"@type":"PropertyValueSpecification","valueRequired":true,"valueName":"search_term_string"}}],"inLanguage":"de"},{"@type":"Organization","@id":"https:\/\/www.loire-gourmande.fr\/de\/#organization","name":"Loire Gourmande - Schnellrestaurant und Besuch in Turquant (49)","url":"https:\/\/www.loire-gourmande.fr\/de\/","logo":{"@type":"ImageObject","inLanguage":"de","@id":"https:\/\/www.loire-gourmande.fr\/de\/#\/schema\/logo\/image\/","url":"https:\/\/www.loire-gourmande.fr\/wp-content\/uploads\/2020\/10\/loire-gourmande-logo.jpg","contentUrl":"https:\/\/www.loire-gourmande.fr\/wp-content\/uploads\/2020\/10\/loire-gourmande-logo.jpg","width":800,"height":415,"caption":"Loire Gourmande - Schnellrestaurant und Besuch in Turquant (49)"},"image":{"@id":"https:\/\/www.loire-gourmande.fr\/de\/#\/schema\/logo\/image\/"},"sameAs":["https:\/\/www.facebook.com\/Loire-Gourmande-Turquant-101991328328493\/","https:\/\/www.instagram.com\/jean_yves_auradon\/?igshid=1ta3mfjka326t"]}]}},"_links":{"self":[{"href":"https:\/\/www.loire-gourmande.fr\/de\/wp-json\/wp\/v2\/product\/11037","targetHints":{"allow":["GET"]}}],"collection":[{"href":"https:\/\/www.loire-gourmande.fr\/de\/wp-json\/wp\/v2\/product"}],"about":[{"href":"https:\/\/www.loire-gourmande.fr\/de\/wp-json\/wp\/v2\/types\/product"}],"version-history":[{"count":2,"href":"https:\/\/www.loire-gourmande.fr\/de\/wp-json\/wp\/v2\/product\/11037\/revisions"}],"predecessor-version":[{"id":13187,"href":"https:\/\/www.loire-gourmande.fr\/de\/wp-json\/wp\/v2\/product\/11037\/revisions\/13187"}],"wp:featuredmedia":[{"embeddable":true,"href":"https:\/\/www.loire-gourmande.fr\/de\/wp-json\/wp\/v2\/media\/14388"}],"wp:attachment":[{"href":"https:\/\/www.loire-gourmande.fr\/de\/wp-json\/wp\/v2\/media?parent=11037"}],"wp:term":[{"taxonomy":"product_brand","embeddable":true,"href":"https:\/\/www.loire-gourmande.fr\/de\/wp-json\/wp\/v2\/product_brand?post=11037"},{"taxonomy":"product_cat","embeddable":true,"href":"https:\/\/www.loire-gourmande.fr\/de\/wp-json\/wp\/v2\/product_cat?post=11037"},{"taxonomy":"product_tag","embeddable":true,"href":"https:\/\/www.loire-gourmande.fr\/de\/wp-json\/wp\/v2\/product_tag?post=11037"}],"curies":[{"name":"wp","href":"https:\/\/api.w.org\/{rel}","templated":true}]}}