{"id":11040,"date":"2023-02-18T16:06:34","date_gmt":"2023-02-18T16:06:34","guid":{"rendered":"https:\/\/www.loire-gourmande.fr\/produit\/touraine-azay-le-rideau-ptit-berton-domaine-badiller-20\/"},"modified":"2025-05-27T16:19:48","modified_gmt":"2025-05-27T15:19:48","slug":"touraine-azay-le-rideau-ptit-berton-domaine-badiller-20","status":"publish","type":"product","link":"https:\/\/www.loire-gourmande.fr\/de\/Produkt\/touraine-azay-le-rideau-ptit-berton-domaine-badiller-20\/","title":{"rendered":"TOURAINE AZAY LE RIDEAU P&#8217;TIT BERTON DOMAINE BADILLER 20"},"content":{"rendered":"<p>Marc Badiller, Erbe einer Winzerlinie, die bis 1789 zur\u00fcckreicht, lie\u00df sich 1984 auf dem Familienweingut nieder, das zwischen der Loire und dem Wald von Chinon liegt: 13 ha auf den H\u00e4ngen von Cheill\u00e9, auf denen eine breite Palette von Touraine-Weinen angebaut wird. Im Jahr 2015 \u00fcbernahm die letzte Generation (Pierre und Vincent) die Leitung.<br \/>\nDer P \u201etit Berton 2019 ist ein leichter und harmonischer Rotwein, den Sie unter allen Umst\u00e4nden genie\u00dfen werden. Sicherlich finden Sie leicht w\u00fcrzige und lakritzige Noten.<br \/>\nP\u201c tit Berton ist der Spitzname, den unsere Gro\u00dfmutter dem Cabernet Franc gab, der in unserer Region \u201eBreton\u201c genannt wird. Diese unpr\u00e4tenti\u00f6se, leichte und leicht zu trinkende Cuv\u00e9e passt zu allem, ganz besonders zu Oma H\u00e9l\u00e8nes sonnt\u00e4glichem Brath\u00e4hnchen.<br \/>\nEleganz und Diskretion zeichnen diese vertrauliche Cuv\u00e9e aus.  Die Nase ist typisch f\u00fcr Cabernet Franc und \u00f6ffnet sich mit roten Fr\u00fcchten, Marmelade und den unvermeidlichen Noten von Paprika. Der Geschmack ist entsprechend, mit einer angenehmen Vollmundigkeit und schmelzenden Tanninen.<\/p>\n<p class=\"Text2446266173__root Text2446266173---typography-11-runningText Text2446266173---priority-7-primary s8gg2 _2UIKs InfoSectionTitle3095652555__root\" aria-hidden=\"false\" data-hook=\"info-section-title\"><span style=\"font-size: 12pt;\">Merkmale<br \/>\n<\/span><span style=\"font-size: 16px;\"><strong>Rebsorte:<\/strong> Cabernet Franc<br \/>\n<\/span><span style=\"font-size: 16px;\">g.<strong>U<\/strong>.: Touraine<br \/>\n<\/span><span style=\"font-size: 16px;\"><strong>Methode: <\/strong>Die Weinlese erfolgt von Hand und der Ausbau in Edelstahltanks.<strong><br \/>\n<\/strong><\/span><span style=\"font-size: 12pt;\"><strong>Schutzpotenzial:<\/strong> Betriebstemperatur  <\/span><span style=\"font-size: 16px;\">15-16 \u00b0 und wir empfehlen, ihn innerhalb von 10 Jahren zu genie\u00dfen.<br \/>\n<\/span><span style=\"font-size: 12pt;\"><strong>Verkostung<\/strong><br \/>\n<\/span><span style=\"font-size: 16px;\"><strong>Auge:<\/strong> Purpurrote Farbe mit gl\u00e4nzenden Reflexen<br \/>\n<\/span><span style=\"font-size: 16px;\"><strong>Nase:<\/strong> Fruchtig und intensiv mit w\u00fcrzigen Aromen von roten Fr\u00fcchten<br \/>\n<\/span><span style=\"font-size: 16px;\"><strong>Geschmack<\/strong>: Fleischiger Auftakt mit Frische, harmonisch und authentisch. Ein leichter Wein mit regliss\u00e9eartigen und w\u00fcrzigen Noten. Er passt hervorragend zu Fleischgerichten mit Sauce.<\/span><\/p>\n<div class=\"rah-static rah-static--height-auto\" aria-hidden=\"false\">\n<div class=\"_1yvxJ fggS- cell\">\n<div class=\"WncCi\" data-hook=\"info-section-description\">\n<p>&nbsp;<\/p>\n<\/div>\n<\/div>\n<\/div>\n","protected":false},"excerpt":{"rendered":"<p>Marc Badiller, Erbe einer Winzerlinie, die bis 1789 zur\u00fcckreicht, lie\u00df sich 1984 auf dem Familienweingut nieder, das zwischen der Loire und dem Wald von Chinon liegt: 13 ha auf den H\u00e4ngen von Cheill\u00e9, auf denen eine breite Palette von Touraine-Weinen angebaut wird. Im Jahr 2015 \u00fcbernahm die letzte Generation (Pierre und Vincent) die Leitung.<br \/>\nLe P&#8217;tit Berton ist eine <strong>Cabernet Franc<\/strong> Cuv\u00e9e aus dem Hause <strong>Touraine.<\/strong> Es hat eine violette Farbe mit brillanten Reflexen. Die Nase \u00f6ffnet sich mit einer intensiven Fusion von Fr\u00fcchten mit Aromen von <strong>Grille<\/strong> und s\u00fc\u00dfen Gew\u00fcrzen. Am Gaumen dominiert Frische mit <strong>geschmeidigen und leichten Tanninen<\/strong> . Er dr\u00fcckt sich in Noten von <strong>Lakritze <\/strong>und Gew\u00fcrzen aus.<br \/>\nIn seiner Jugend zu genie\u00dfen. <\/p>\n","protected":false},"featured_media":11046,"template":"","meta":{"inline_featured_image":false},"product_brand":[],"product_cat":[601,609],"product_tag":[626,671],"class_list":{"0":"post-11040","1":"product","2":"type-product","3":"status-publish","4":"has-post-thumbnail","6":"product_cat-rot","7":"product_cat-touraine-de","8":"product_tag-aperitif-kase-aufschnitt-de","9":"product_tag-im-mund-leicht-zerdruckte-rote-fruchte-mit-einem-hauch-von-gewurzen","10":"product_shipping_class-flasche","12":"first","13":"instock","14":"featured","15":"taxable","16":"shipping-taxable","17":"purchasable","18":"product-type-simple"},"yoast_head":"<!-- This site is optimized with the Yoast SEO plugin v27.6 - https:\/\/yoast.com\/product\/yoast-seo-wordpress\/ -->\n<title>TOURAINE AZAY LE RIDEAU P&#039;TIT BERTON DOMAINE BADILLER 20 - Loire Gourmande - une \u00e9tape savoureuse<\/title>\n<meta name=\"description\" content=\"TOURAINE AZAY LE RIDEAU P&#039;TIT BERTON DOMAINE BADILLER 20. Weine von der Loire. Bestellung im Weinkeller auf der Website von Loire Gourmande. Weinh\u00e4ndler in Turquant (49).\" \/>\n<meta name=\"robots\" content=\"index, follow, max-snippet:-1, max-image-preview:large, max-video-preview:-1\" \/>\n<link rel=\"canonical\" href=\"https:\/\/www.loire-gourmande.fr\/de\/Produkt\/touraine-azay-le-rideau-ptit-berton-domaine-badiller-20\/\" \/>\n<meta property=\"og:locale\" content=\"de_DE\" \/>\n<meta property=\"og:type\" content=\"article\" \/>\n<meta property=\"og:title\" content=\"TOURAINE AZAY LE RIDEAU P&#039;TIT BERTON DOMAINE BADILLER 20 - Loire Gourmande - une \u00e9tape savoureuse\" \/>\n<meta property=\"og:description\" content=\"TOURAINE AZAY LE RIDEAU P&#039;TIT BERTON DOMAINE BADILLER 20. Weine von der Loire. Bestellung im Weinkeller auf der Website von Loire Gourmande. Weinh\u00e4ndler in Turquant (49).\" \/>\n<meta property=\"og:url\" content=\"https:\/\/www.loire-gourmande.fr\/de\/Produkt\/touraine-azay-le-rideau-ptit-berton-domaine-badiller-20\/\" \/>\n<meta property=\"og:site_name\" content=\"Loire Gourmande - une \u00e9tape savoureuse\" \/>\n<meta property=\"article:publisher\" content=\"https:\/\/www.facebook.com\/Loire-Gourmande-Turquant-101991328328493\/\" \/>\n<meta property=\"article:modified_time\" content=\"2025-05-27T15:19:48+00:00\" \/>\n<meta property=\"og:image\" content=\"https:\/\/www.loire-gourmande.fr\/wp-content\/uploads\/2023\/02\/Ptit-Berton-Badiller..png\" \/>\n\t<meta property=\"og:image:width\" content=\"800\" \/>\n\t<meta property=\"og:image:height\" content=\"800\" \/>\n\t<meta property=\"og:image:type\" content=\"image\/png\" \/>\n<meta name=\"twitter:card\" content=\"summary_large_image\" \/>\n<meta name=\"twitter:label1\" content=\"Gesch\u00e4tzte Lesezeit\" \/>\n\t<meta name=\"twitter:data1\" content=\"1\u00a0Minute\" \/>\n<script type=\"application\/ld+json\" class=\"yoast-schema-graph\">{\"@context\":\"https:\\\/\\\/schema.org\",\"@graph\":[{\"@type\":\"WebPage\",\"@id\":\"https:\\\/\\\/www.loire-gourmande.fr\\\/de\\\/Produkt\\\/touraine-azay-le-rideau-ptit-berton-domaine-badiller-20\\\/\",\"url\":\"https:\\\/\\\/www.loire-gourmande.fr\\\/de\\\/Produkt\\\/touraine-azay-le-rideau-ptit-berton-domaine-badiller-20\\\/\",\"name\":\"TOURAINE AZAY LE RIDEAU P'TIT BERTON DOMAINE BADILLER 20 - Loire Gourmande - une \u00e9tape savoureuse\",\"isPartOf\":{\"@id\":\"https:\\\/\\\/www.loire-gourmande.fr\\\/de\\\/#website\"},\"primaryImageOfPage\":{\"@id\":\"https:\\\/\\\/www.loire-gourmande.fr\\\/de\\\/Produkt\\\/touraine-azay-le-rideau-ptit-berton-domaine-badiller-20\\\/#primaryimage\"},\"image\":{\"@id\":\"https:\\\/\\\/www.loire-gourmande.fr\\\/de\\\/Produkt\\\/touraine-azay-le-rideau-ptit-berton-domaine-badiller-20\\\/#primaryimage\"},\"thumbnailUrl\":\"https:\\\/\\\/www.loire-gourmande.fr\\\/wp-content\\\/uploads\\\/2023\\\/02\\\/Ptit-Berton-Badiller..png\",\"datePublished\":\"2023-02-18T16:06:34+00:00\",\"dateModified\":\"2025-05-27T15:19:48+00:00\",\"description\":\"TOURAINE AZAY LE RIDEAU P'TIT BERTON DOMAINE BADILLER 20. Weine von der Loire. Bestellung im Weinkeller auf der Website von Loire Gourmande. Weinh\u00e4ndler in Turquant (49).\",\"breadcrumb\":{\"@id\":\"https:\\\/\\\/www.loire-gourmande.fr\\\/de\\\/Produkt\\\/touraine-azay-le-rideau-ptit-berton-domaine-badiller-20\\\/#breadcrumb\"},\"inLanguage\":\"de\",\"potentialAction\":[{\"@type\":\"ReadAction\",\"target\":[\"https:\\\/\\\/www.loire-gourmande.fr\\\/de\\\/Produkt\\\/touraine-azay-le-rideau-ptit-berton-domaine-badiller-20\\\/\"]}]},{\"@type\":\"ImageObject\",\"inLanguage\":\"de\",\"@id\":\"https:\\\/\\\/www.loire-gourmande.fr\\\/de\\\/Produkt\\\/touraine-azay-le-rideau-ptit-berton-domaine-badiller-20\\\/#primaryimage\",\"url\":\"https:\\\/\\\/www.loire-gourmande.fr\\\/wp-content\\\/uploads\\\/2023\\\/02\\\/Ptit-Berton-Badiller..png\",\"contentUrl\":\"https:\\\/\\\/www.loire-gourmande.fr\\\/wp-content\\\/uploads\\\/2023\\\/02\\\/Ptit-Berton-Badiller..png\",\"width\":800,\"height\":800},{\"@type\":\"BreadcrumbList\",\"@id\":\"https:\\\/\\\/www.loire-gourmande.fr\\\/de\\\/Produkt\\\/touraine-azay-le-rideau-ptit-berton-domaine-badiller-20\\\/#breadcrumb\",\"itemListElement\":[{\"@type\":\"ListItem\",\"position\":1,\"name\":\"Startseite\",\"item\":\"https:\\\/\\\/www.loire-gourmande.fr\\\/de\\\/\"},{\"@type\":\"ListItem\",\"position\":2,\"name\":\"Die Boutique de Loire Gourmande: die Weine der Loire\",\"item\":\"https:\\\/\\\/www.loire-gourmande.fr\\\/de\\\/woocommerce\\\/\"},{\"@type\":\"ListItem\",\"position\":3,\"name\":\"Die Weine\",\"item\":\"https:\\\/\\\/www.loire-gourmande.fr\\\/de\\\/Produktkategorie\\\/die-weine\\\/\"},{\"@type\":\"ListItem\",\"position\":4,\"name\":\"Rot\",\"item\":\"https:\\\/\\\/www.loire-gourmande.fr\\\/de\\\/Produktkategorie\\\/die-weine\\\/rot\\\/\"},{\"@type\":\"ListItem\",\"position\":5,\"name\":\"TOURAINE AZAY LE RIDEAU P&#8217;TIT BERTON DOMAINE BADILLER 20\"}]},{\"@type\":\"WebSite\",\"@id\":\"https:\\\/\\\/www.loire-gourmande.fr\\\/de\\\/#website\",\"url\":\"https:\\\/\\\/www.loire-gourmande.fr\\\/de\\\/\",\"name\":\"Loire Gourmande, une \u00e9tape savoureuse\",\"description\":\"une d\u00e9gustation \u00e0 toute heure et une boutique \u00e0 visiter \u00e0 Turquant (49)\",\"publisher\":{\"@id\":\"https:\\\/\\\/www.loire-gourmande.fr\\\/de\\\/#organization\"},\"potentialAction\":[{\"@type\":\"SearchAction\",\"target\":{\"@type\":\"EntryPoint\",\"urlTemplate\":\"https:\\\/\\\/www.loire-gourmande.fr\\\/de\\\/?s={search_term_string}\"},\"query-input\":{\"@type\":\"PropertyValueSpecification\",\"valueRequired\":true,\"valueName\":\"search_term_string\"}}],\"inLanguage\":\"de\"},{\"@type\":\"Organization\",\"@id\":\"https:\\\/\\\/www.loire-gourmande.fr\\\/de\\\/#organization\",\"name\":\"Loire Gourmande - Schnellrestaurant und Besuch in Turquant (49)\",\"url\":\"https:\\\/\\\/www.loire-gourmande.fr\\\/de\\\/\",\"logo\":{\"@type\":\"ImageObject\",\"inLanguage\":\"de\",\"@id\":\"https:\\\/\\\/www.loire-gourmande.fr\\\/de\\\/#\\\/schema\\\/logo\\\/image\\\/\",\"url\":\"https:\\\/\\\/www.loire-gourmande.fr\\\/wp-content\\\/uploads\\\/2020\\\/10\\\/loire-gourmande-logo.jpg\",\"contentUrl\":\"https:\\\/\\\/www.loire-gourmande.fr\\\/wp-content\\\/uploads\\\/2020\\\/10\\\/loire-gourmande-logo.jpg\",\"width\":800,\"height\":415,\"caption\":\"Loire Gourmande - Schnellrestaurant und Besuch in Turquant (49)\"},\"image\":{\"@id\":\"https:\\\/\\\/www.loire-gourmande.fr\\\/de\\\/#\\\/schema\\\/logo\\\/image\\\/\"},\"sameAs\":[\"https:\\\/\\\/www.facebook.com\\\/Loire-Gourmande-Turquant-101991328328493\\\/\",\"https:\\\/\\\/www.instagram.com\\\/jean_yves_auradon\\\/?igshid=1ta3mfjka326t\"]}]}<\/script>\n<!-- \/ Yoast SEO plugin. -->","yoast_head_json":{"title":"TOURAINE AZAY LE RIDEAU P'TIT BERTON DOMAINE BADILLER 20 - Loire Gourmande - une \u00e9tape savoureuse","description":"TOURAINE AZAY LE RIDEAU P'TIT BERTON DOMAINE BADILLER 20. Weine von der Loire. Bestellung im Weinkeller auf der Website von Loire Gourmande. Weinh\u00e4ndler in Turquant (49).","robots":{"index":"index","follow":"follow","max-snippet":"max-snippet:-1","max-image-preview":"max-image-preview:large","max-video-preview":"max-video-preview:-1"},"canonical":"https:\/\/www.loire-gourmande.fr\/de\/Produkt\/touraine-azay-le-rideau-ptit-berton-domaine-badiller-20\/","og_locale":"de_DE","og_type":"article","og_title":"TOURAINE AZAY LE RIDEAU P'TIT BERTON DOMAINE BADILLER 20 - Loire Gourmande - une \u00e9tape savoureuse","og_description":"TOURAINE AZAY LE RIDEAU P'TIT BERTON DOMAINE BADILLER 20. Weine von der Loire. Bestellung im Weinkeller auf der Website von Loire Gourmande. Weinh\u00e4ndler in Turquant (49).","og_url":"https:\/\/www.loire-gourmande.fr\/de\/Produkt\/touraine-azay-le-rideau-ptit-berton-domaine-badiller-20\/","og_site_name":"Loire Gourmande - une \u00e9tape savoureuse","article_publisher":"https:\/\/www.facebook.com\/Loire-Gourmande-Turquant-101991328328493\/","article_modified_time":"2025-05-27T15:19:48+00:00","og_image":[{"width":800,"height":800,"url":"https:\/\/www.loire-gourmande.fr\/wp-content\/uploads\/2023\/02\/Ptit-Berton-Badiller..png","type":"image\/png"}],"twitter_card":"summary_large_image","twitter_misc":{"Gesch\u00e4tzte Lesezeit":"1\u00a0Minute"},"schema":{"@context":"https:\/\/schema.org","@graph":[{"@type":"WebPage","@id":"https:\/\/www.loire-gourmande.fr\/de\/Produkt\/touraine-azay-le-rideau-ptit-berton-domaine-badiller-20\/","url":"https:\/\/www.loire-gourmande.fr\/de\/Produkt\/touraine-azay-le-rideau-ptit-berton-domaine-badiller-20\/","name":"TOURAINE AZAY LE RIDEAU P'TIT BERTON DOMAINE BADILLER 20 - Loire Gourmande - une \u00e9tape savoureuse","isPartOf":{"@id":"https:\/\/www.loire-gourmande.fr\/de\/#website"},"primaryImageOfPage":{"@id":"https:\/\/www.loire-gourmande.fr\/de\/Produkt\/touraine-azay-le-rideau-ptit-berton-domaine-badiller-20\/#primaryimage"},"image":{"@id":"https:\/\/www.loire-gourmande.fr\/de\/Produkt\/touraine-azay-le-rideau-ptit-berton-domaine-badiller-20\/#primaryimage"},"thumbnailUrl":"https:\/\/www.loire-gourmande.fr\/wp-content\/uploads\/2023\/02\/Ptit-Berton-Badiller..png","datePublished":"2023-02-18T16:06:34+00:00","dateModified":"2025-05-27T15:19:48+00:00","description":"TOURAINE AZAY LE RIDEAU P'TIT BERTON DOMAINE BADILLER 20. Weine von der Loire. Bestellung im Weinkeller auf der Website von Loire Gourmande. Weinh\u00e4ndler in Turquant (49).","breadcrumb":{"@id":"https:\/\/www.loire-gourmande.fr\/de\/Produkt\/touraine-azay-le-rideau-ptit-berton-domaine-badiller-20\/#breadcrumb"},"inLanguage":"de","potentialAction":[{"@type":"ReadAction","target":["https:\/\/www.loire-gourmande.fr\/de\/Produkt\/touraine-azay-le-rideau-ptit-berton-domaine-badiller-20\/"]}]},{"@type":"ImageObject","inLanguage":"de","@id":"https:\/\/www.loire-gourmande.fr\/de\/Produkt\/touraine-azay-le-rideau-ptit-berton-domaine-badiller-20\/#primaryimage","url":"https:\/\/www.loire-gourmande.fr\/wp-content\/uploads\/2023\/02\/Ptit-Berton-Badiller..png","contentUrl":"https:\/\/www.loire-gourmande.fr\/wp-content\/uploads\/2023\/02\/Ptit-Berton-Badiller..png","width":800,"height":800},{"@type":"BreadcrumbList","@id":"https:\/\/www.loire-gourmande.fr\/de\/Produkt\/touraine-azay-le-rideau-ptit-berton-domaine-badiller-20\/#breadcrumb","itemListElement":[{"@type":"ListItem","position":1,"name":"Startseite","item":"https:\/\/www.loire-gourmande.fr\/de\/"},{"@type":"ListItem","position":2,"name":"Die Boutique de Loire Gourmande: die Weine der Loire","item":"https:\/\/www.loire-gourmande.fr\/de\/woocommerce\/"},{"@type":"ListItem","position":3,"name":"Die Weine","item":"https:\/\/www.loire-gourmande.fr\/de\/Produktkategorie\/die-weine\/"},{"@type":"ListItem","position":4,"name":"Rot","item":"https:\/\/www.loire-gourmande.fr\/de\/Produktkategorie\/die-weine\/rot\/"},{"@type":"ListItem","position":5,"name":"TOURAINE AZAY LE RIDEAU P&#8217;TIT BERTON DOMAINE BADILLER 20"}]},{"@type":"WebSite","@id":"https:\/\/www.loire-gourmande.fr\/de\/#website","url":"https:\/\/www.loire-gourmande.fr\/de\/","name":"Loire Gourmande, une \u00e9tape savoureuse","description":"une d\u00e9gustation \u00e0 toute heure et une boutique \u00e0 visiter \u00e0 Turquant (49)","publisher":{"@id":"https:\/\/www.loire-gourmande.fr\/de\/#organization"},"potentialAction":[{"@type":"SearchAction","target":{"@type":"EntryPoint","urlTemplate":"https:\/\/www.loire-gourmande.fr\/de\/?s={search_term_string}"},"query-input":{"@type":"PropertyValueSpecification","valueRequired":true,"valueName":"search_term_string"}}],"inLanguage":"de"},{"@type":"Organization","@id":"https:\/\/www.loire-gourmande.fr\/de\/#organization","name":"Loire Gourmande - Schnellrestaurant und Besuch in Turquant (49)","url":"https:\/\/www.loire-gourmande.fr\/de\/","logo":{"@type":"ImageObject","inLanguage":"de","@id":"https:\/\/www.loire-gourmande.fr\/de\/#\/schema\/logo\/image\/","url":"https:\/\/www.loire-gourmande.fr\/wp-content\/uploads\/2020\/10\/loire-gourmande-logo.jpg","contentUrl":"https:\/\/www.loire-gourmande.fr\/wp-content\/uploads\/2020\/10\/loire-gourmande-logo.jpg","width":800,"height":415,"caption":"Loire Gourmande - Schnellrestaurant und Besuch in Turquant (49)"},"image":{"@id":"https:\/\/www.loire-gourmande.fr\/de\/#\/schema\/logo\/image\/"},"sameAs":["https:\/\/www.facebook.com\/Loire-Gourmande-Turquant-101991328328493\/","https:\/\/www.instagram.com\/jean_yves_auradon\/?igshid=1ta3mfjka326t"]}]}},"_links":{"self":[{"href":"https:\/\/www.loire-gourmande.fr\/de\/wp-json\/wp\/v2\/product\/11040","targetHints":{"allow":["GET"]}}],"collection":[{"href":"https:\/\/www.loire-gourmande.fr\/de\/wp-json\/wp\/v2\/product"}],"about":[{"href":"https:\/\/www.loire-gourmande.fr\/de\/wp-json\/wp\/v2\/types\/product"}],"version-history":[{"count":2,"href":"https:\/\/www.loire-gourmande.fr\/de\/wp-json\/wp\/v2\/product\/11040\/revisions"}],"predecessor-version":[{"id":13066,"href":"https:\/\/www.loire-gourmande.fr\/de\/wp-json\/wp\/v2\/product\/11040\/revisions\/13066"}],"wp:featuredmedia":[{"embeddable":true,"href":"https:\/\/www.loire-gourmande.fr\/de\/wp-json\/wp\/v2\/media\/11046"}],"wp:attachment":[{"href":"https:\/\/www.loire-gourmande.fr\/de\/wp-json\/wp\/v2\/media?parent=11040"}],"wp:term":[{"taxonomy":"product_brand","embeddable":true,"href":"https:\/\/www.loire-gourmande.fr\/de\/wp-json\/wp\/v2\/product_brand?post=11040"},{"taxonomy":"product_cat","embeddable":true,"href":"https:\/\/www.loire-gourmande.fr\/de\/wp-json\/wp\/v2\/product_cat?post=11040"},{"taxonomy":"product_tag","embeddable":true,"href":"https:\/\/www.loire-gourmande.fr\/de\/wp-json\/wp\/v2\/product_tag?post=11040"}],"curies":[{"name":"wp","href":"https:\/\/api.w.org\/{rel}","templated":true}]}}