{"id":11041,"date":"2023-11-24T13:39:53","date_gmt":"2023-11-24T13:39:53","guid":{"rendered":"https:\/\/www.loire-gourmande.fr\/produit\/letincelles-saumur-aop-blc-2019-domaine-des-coutures\/"},"modified":"2025-05-27T16:19:22","modified_gmt":"2025-05-27T15:19:22","slug":"letincelles-saumur-aop-blc-2019-domaine-des-coutures","status":"publish","type":"product","link":"https:\/\/www.loire-gourmande.fr\/de\/Produkt\/letincelles-saumur-aop-blc-2019-domaine-des-coutures\/","title":{"rendered":"L&#8217;ETINCELLES SAUMUR AOP BLC 2019 DOMAINE DES COUTURES"},"content":{"rendered":"<div class=\"page\" title=\"Seite 1\">\n<div class=\"section\">\n<div class=\"layoutArea\">\n<div class=\"column\">\n<p>L&#8217;Etincelle<\/p>\n<p>Saumur Wei\u00df 2019<\/p>\n<\/div>\n<\/div>\n<div class=\"layoutArea\">\n<div class=\"column\">\n<p><strong>Region:<\/strong> Loire, <strong>Appellation<\/strong>: Saumur L \u201eEtincelle Blanc 2019, <strong>Cuv\u00e9e<\/strong> : L\u201c Etincelle, <strong>Farbe<\/strong> : Wei\u00df, <strong>Jahrgang<\/strong> : 2019<\/p>\n<p>Chenin-Rebsorten (100%)<\/p>\n<p><strong>Alkohol<\/strong> : 13%<\/p>\n<p><strong>Allergene<\/strong> : Keine Allergene identifiziert<\/p>\n<\/div>\n<\/div>\n<div class=\"section\">\n<div class=\"layoutArea\">\n<div class=\"column\">\n<p><strong>Schmeckend:<\/strong><\/p>\n<p>AUGE: Gr\u00fcngoldene Farbe, klare, gr\u00fcngoldene Reflexe.<br \/>\nNASE: Dezent, Aromen von Akazie, Aromen von Aprikose, Aromen von Litschi.<br \/>\nGESCHMACK: Aromatisch, gro\u00dfz\u00fcgig, geschmeidig, runde Tannine, geschmeidige Tannine, strukturierter K\u00f6rper, gute Nachhaltigkeit.<\/p>\n<p><strong>Speisen- und Weinkombinationen<\/strong> : Warme Vorspeisen, Hummer, Jakobsmuschel-Carpaccio, Fisch in wei\u00dfer So\u00dfe, gebratene G\u00e4nseleberpastete.<\/p>\n<\/div>\n<\/div>\n<\/div>\n<\/div>\n<\/div>\n","protected":false},"excerpt":{"rendered":"<p>Auge<br \/>\nGoldgr\u00fcne, klare, gr\u00fcngoldene Highlights.<\/p>\n<p>Dezente Nase<br \/>\n, Aromen von Akazie, Aprikose, Litschi.<\/p>\n<p>Gaumen<br \/>\nAromatisch, gro\u00dfz\u00fcgig, geschmeidig, runde Tannine, geschmeidige Tannine, strukturierter K\u00f6rper, gute L\u00e4nge<\/p>\n<p>Speisen- und Weinbegleitung<br \/>\nWarme Vorspeisen, Hummer, Jakobsmuschel-Carpaccio, Fisch mit wei\u00dfer So\u00dfe, Gebratene G\u00e4nseleberpastete<\/p>\n<p>&nbsp;<\/p>\n","protected":false},"featured_media":11052,"template":"","meta":{"inline_featured_image":false},"product_brand":[],"product_cat":[602,608],"product_tag":[674,675,676,673,672],"class_list":{"0":"post-11041","1":"product","2":"type-product","3":"status-publish","4":"has-post-thumbnail","6":"product_cat-anjou-de","7":"product_cat-weis","8":"product_tag-carpaccio-von-jakobsmuscheln","9":"product_tag-fisch-in-weiser-sose","10":"product_tag-gebratene-stopfleber","11":"product_tag-hummer","12":"product_tag-warme-vorspeisen","13":"product_shipping_class-flasche","15":"first","16":"instock","17":"taxable","18":"shipping-taxable","19":"purchasable","20":"product-type-simple"},"yoast_head":"<!-- This site is optimized with the Yoast SEO plugin v27.6 - https:\/\/yoast.com\/product\/yoast-seo-wordpress\/ -->\n<title>L&#039;ETINCELLES SAUMUR AOP BLC 2019 DOMAINE DES COUTURES - Loire Gourmande - une \u00e9tape savoureuse<\/title>\n<meta name=\"description\" content=\"L&#039;Etincelle Saumur Blanc 2019, 100% Chenin. Wein aus der Loire. Bestellung im Weinkeller auf der Website von Loire Gourmande. Weinh\u00e4ndler in Turquant (49).\" \/>\n<meta name=\"robots\" content=\"index, follow, max-snippet:-1, max-image-preview:large, max-video-preview:-1\" \/>\n<link rel=\"canonical\" href=\"https:\/\/www.loire-gourmande.fr\/de\/Produkt\/letincelles-saumur-aop-blc-2019-domaine-des-coutures\/\" \/>\n<meta property=\"og:locale\" content=\"de_DE\" \/>\n<meta property=\"og:type\" content=\"article\" \/>\n<meta property=\"og:title\" content=\"L&#039;ETINCELLES SAUMUR AOP BLC 2019 DOMAINE DES COUTURES - Loire Gourmande - une \u00e9tape savoureuse\" \/>\n<meta property=\"og:description\" content=\"L&#039;Etincelle Saumur Blanc 2019, 100% Chenin. Wein aus der Loire. Bestellung im Weinkeller auf der Website von Loire Gourmande. Weinh\u00e4ndler in Turquant (49).\" \/>\n<meta property=\"og:url\" content=\"https:\/\/www.loire-gourmande.fr\/de\/Produkt\/letincelles-saumur-aop-blc-2019-domaine-des-coutures\/\" \/>\n<meta property=\"og:site_name\" content=\"Loire Gourmande - une \u00e9tape savoureuse\" \/>\n<meta property=\"article:publisher\" content=\"https:\/\/www.facebook.com\/Loire-Gourmande-Turquant-101991328328493\/\" \/>\n<meta property=\"article:modified_time\" content=\"2025-05-27T15:19:22+00:00\" \/>\n<meta property=\"og:image\" content=\"https:\/\/www.loire-gourmande.fr\/wp-content\/uploads\/2023\/11\/Letincelle.jpg\" \/>\n\t<meta property=\"og:image:width\" content=\"800\" \/>\n\t<meta property=\"og:image:height\" content=\"800\" \/>\n\t<meta property=\"og:image:type\" content=\"image\/jpeg\" \/>\n<meta name=\"twitter:card\" content=\"summary_large_image\" \/>\n<script type=\"application\/ld+json\" class=\"yoast-schema-graph\">{\"@context\":\"https:\\\/\\\/schema.org\",\"@graph\":[{\"@type\":\"WebPage\",\"@id\":\"https:\\\/\\\/www.loire-gourmande.fr\\\/de\\\/Produkt\\\/letincelles-saumur-aop-blc-2019-domaine-des-coutures\\\/\",\"url\":\"https:\\\/\\\/www.loire-gourmande.fr\\\/de\\\/Produkt\\\/letincelles-saumur-aop-blc-2019-domaine-des-coutures\\\/\",\"name\":\"L'ETINCELLES SAUMUR AOP BLC 2019 DOMAINE DES COUTURES - Loire Gourmande - une \u00e9tape savoureuse\",\"isPartOf\":{\"@id\":\"https:\\\/\\\/www.loire-gourmande.fr\\\/de\\\/#website\"},\"primaryImageOfPage\":{\"@id\":\"https:\\\/\\\/www.loire-gourmande.fr\\\/de\\\/Produkt\\\/letincelles-saumur-aop-blc-2019-domaine-des-coutures\\\/#primaryimage\"},\"image\":{\"@id\":\"https:\\\/\\\/www.loire-gourmande.fr\\\/de\\\/Produkt\\\/letincelles-saumur-aop-blc-2019-domaine-des-coutures\\\/#primaryimage\"},\"thumbnailUrl\":\"https:\\\/\\\/www.loire-gourmande.fr\\\/wp-content\\\/uploads\\\/2023\\\/11\\\/Letincelle.jpg\",\"datePublished\":\"2023-11-24T13:39:53+00:00\",\"dateModified\":\"2025-05-27T15:19:22+00:00\",\"description\":\"L'Etincelle Saumur Blanc 2019, 100% Chenin. Wein aus der Loire. Bestellung im Weinkeller auf der Website von Loire Gourmande. Weinh\u00e4ndler in Turquant (49).\",\"breadcrumb\":{\"@id\":\"https:\\\/\\\/www.loire-gourmande.fr\\\/de\\\/Produkt\\\/letincelles-saumur-aop-blc-2019-domaine-des-coutures\\\/#breadcrumb\"},\"inLanguage\":\"de\",\"potentialAction\":[{\"@type\":\"ReadAction\",\"target\":[\"https:\\\/\\\/www.loire-gourmande.fr\\\/de\\\/Produkt\\\/letincelles-saumur-aop-blc-2019-domaine-des-coutures\\\/\"]}]},{\"@type\":\"ImageObject\",\"inLanguage\":\"de\",\"@id\":\"https:\\\/\\\/www.loire-gourmande.fr\\\/de\\\/Produkt\\\/letincelles-saumur-aop-blc-2019-domaine-des-coutures\\\/#primaryimage\",\"url\":\"https:\\\/\\\/www.loire-gourmande.fr\\\/wp-content\\\/uploads\\\/2023\\\/11\\\/Letincelle.jpg\",\"contentUrl\":\"https:\\\/\\\/www.loire-gourmande.fr\\\/wp-content\\\/uploads\\\/2023\\\/11\\\/Letincelle.jpg\",\"width\":800,\"height\":800},{\"@type\":\"BreadcrumbList\",\"@id\":\"https:\\\/\\\/www.loire-gourmande.fr\\\/de\\\/Produkt\\\/letincelles-saumur-aop-blc-2019-domaine-des-coutures\\\/#breadcrumb\",\"itemListElement\":[{\"@type\":\"ListItem\",\"position\":1,\"name\":\"Startseite\",\"item\":\"https:\\\/\\\/www.loire-gourmande.fr\\\/de\\\/\"},{\"@type\":\"ListItem\",\"position\":2,\"name\":\"Die Boutique de Loire Gourmande: die Weine der Loire\",\"item\":\"https:\\\/\\\/www.loire-gourmande.fr\\\/de\\\/woocommerce\\\/\"},{\"@type\":\"ListItem\",\"position\":3,\"name\":\"Die Weine\",\"item\":\"https:\\\/\\\/www.loire-gourmande.fr\\\/de\\\/Produktkategorie\\\/die-weine\\\/\"},{\"@type\":\"ListItem\",\"position\":4,\"name\":\"Wei\u00df\",\"item\":\"https:\\\/\\\/www.loire-gourmande.fr\\\/de\\\/Produktkategorie\\\/die-weine\\\/weis\\\/\"},{\"@type\":\"ListItem\",\"position\":5,\"name\":\"L&#8217;ETINCELLES SAUMUR AOP BLC 2019 DOMAINE DES COUTURES\"}]},{\"@type\":\"WebSite\",\"@id\":\"https:\\\/\\\/www.loire-gourmande.fr\\\/de\\\/#website\",\"url\":\"https:\\\/\\\/www.loire-gourmande.fr\\\/de\\\/\",\"name\":\"Loire Gourmande, une \u00e9tape savoureuse\",\"description\":\"une d\u00e9gustation \u00e0 toute heure et une boutique \u00e0 visiter \u00e0 Turquant (49)\",\"publisher\":{\"@id\":\"https:\\\/\\\/www.loire-gourmande.fr\\\/de\\\/#organization\"},\"potentialAction\":[{\"@type\":\"SearchAction\",\"target\":{\"@type\":\"EntryPoint\",\"urlTemplate\":\"https:\\\/\\\/www.loire-gourmande.fr\\\/de\\\/?s={search_term_string}\"},\"query-input\":{\"@type\":\"PropertyValueSpecification\",\"valueRequired\":true,\"valueName\":\"search_term_string\"}}],\"inLanguage\":\"de\"},{\"@type\":\"Organization\",\"@id\":\"https:\\\/\\\/www.loire-gourmande.fr\\\/de\\\/#organization\",\"name\":\"Loire Gourmande - Schnellrestaurant und Besuch in Turquant (49)\",\"url\":\"https:\\\/\\\/www.loire-gourmande.fr\\\/de\\\/\",\"logo\":{\"@type\":\"ImageObject\",\"inLanguage\":\"de\",\"@id\":\"https:\\\/\\\/www.loire-gourmande.fr\\\/de\\\/#\\\/schema\\\/logo\\\/image\\\/\",\"url\":\"https:\\\/\\\/www.loire-gourmande.fr\\\/wp-content\\\/uploads\\\/2020\\\/10\\\/loire-gourmande-logo.jpg\",\"contentUrl\":\"https:\\\/\\\/www.loire-gourmande.fr\\\/wp-content\\\/uploads\\\/2020\\\/10\\\/loire-gourmande-logo.jpg\",\"width\":800,\"height\":415,\"caption\":\"Loire Gourmande - Schnellrestaurant und Besuch in Turquant (49)\"},\"image\":{\"@id\":\"https:\\\/\\\/www.loire-gourmande.fr\\\/de\\\/#\\\/schema\\\/logo\\\/image\\\/\"},\"sameAs\":[\"https:\\\/\\\/www.facebook.com\\\/Loire-Gourmande-Turquant-101991328328493\\\/\",\"https:\\\/\\\/www.instagram.com\\\/jean_yves_auradon\\\/?igshid=1ta3mfjka326t\"]}]}<\/script>\n<!-- \/ Yoast SEO plugin. -->","yoast_head_json":{"title":"L'ETINCELLES SAUMUR AOP BLC 2019 DOMAINE DES COUTURES - Loire Gourmande - une \u00e9tape savoureuse","description":"L'Etincelle Saumur Blanc 2019, 100% Chenin. Wein aus der Loire. Bestellung im Weinkeller auf der Website von Loire Gourmande. Weinh\u00e4ndler in Turquant (49).","robots":{"index":"index","follow":"follow","max-snippet":"max-snippet:-1","max-image-preview":"max-image-preview:large","max-video-preview":"max-video-preview:-1"},"canonical":"https:\/\/www.loire-gourmande.fr\/de\/Produkt\/letincelles-saumur-aop-blc-2019-domaine-des-coutures\/","og_locale":"de_DE","og_type":"article","og_title":"L'ETINCELLES SAUMUR AOP BLC 2019 DOMAINE DES COUTURES - Loire Gourmande - une \u00e9tape savoureuse","og_description":"L'Etincelle Saumur Blanc 2019, 100% Chenin. Wein aus der Loire. Bestellung im Weinkeller auf der Website von Loire Gourmande. Weinh\u00e4ndler in Turquant (49).","og_url":"https:\/\/www.loire-gourmande.fr\/de\/Produkt\/letincelles-saumur-aop-blc-2019-domaine-des-coutures\/","og_site_name":"Loire Gourmande - une \u00e9tape savoureuse","article_publisher":"https:\/\/www.facebook.com\/Loire-Gourmande-Turquant-101991328328493\/","article_modified_time":"2025-05-27T15:19:22+00:00","og_image":[{"width":800,"height":800,"url":"https:\/\/www.loire-gourmande.fr\/wp-content\/uploads\/2023\/11\/Letincelle.jpg","type":"image\/jpeg"}],"twitter_card":"summary_large_image","schema":{"@context":"https:\/\/schema.org","@graph":[{"@type":"WebPage","@id":"https:\/\/www.loire-gourmande.fr\/de\/Produkt\/letincelles-saumur-aop-blc-2019-domaine-des-coutures\/","url":"https:\/\/www.loire-gourmande.fr\/de\/Produkt\/letincelles-saumur-aop-blc-2019-domaine-des-coutures\/","name":"L'ETINCELLES SAUMUR AOP BLC 2019 DOMAINE DES COUTURES - Loire Gourmande - une \u00e9tape savoureuse","isPartOf":{"@id":"https:\/\/www.loire-gourmande.fr\/de\/#website"},"primaryImageOfPage":{"@id":"https:\/\/www.loire-gourmande.fr\/de\/Produkt\/letincelles-saumur-aop-blc-2019-domaine-des-coutures\/#primaryimage"},"image":{"@id":"https:\/\/www.loire-gourmande.fr\/de\/Produkt\/letincelles-saumur-aop-blc-2019-domaine-des-coutures\/#primaryimage"},"thumbnailUrl":"https:\/\/www.loire-gourmande.fr\/wp-content\/uploads\/2023\/11\/Letincelle.jpg","datePublished":"2023-11-24T13:39:53+00:00","dateModified":"2025-05-27T15:19:22+00:00","description":"L'Etincelle Saumur Blanc 2019, 100% Chenin. Wein aus der Loire. Bestellung im Weinkeller auf der Website von Loire Gourmande. Weinh\u00e4ndler in Turquant (49).","breadcrumb":{"@id":"https:\/\/www.loire-gourmande.fr\/de\/Produkt\/letincelles-saumur-aop-blc-2019-domaine-des-coutures\/#breadcrumb"},"inLanguage":"de","potentialAction":[{"@type":"ReadAction","target":["https:\/\/www.loire-gourmande.fr\/de\/Produkt\/letincelles-saumur-aop-blc-2019-domaine-des-coutures\/"]}]},{"@type":"ImageObject","inLanguage":"de","@id":"https:\/\/www.loire-gourmande.fr\/de\/Produkt\/letincelles-saumur-aop-blc-2019-domaine-des-coutures\/#primaryimage","url":"https:\/\/www.loire-gourmande.fr\/wp-content\/uploads\/2023\/11\/Letincelle.jpg","contentUrl":"https:\/\/www.loire-gourmande.fr\/wp-content\/uploads\/2023\/11\/Letincelle.jpg","width":800,"height":800},{"@type":"BreadcrumbList","@id":"https:\/\/www.loire-gourmande.fr\/de\/Produkt\/letincelles-saumur-aop-blc-2019-domaine-des-coutures\/#breadcrumb","itemListElement":[{"@type":"ListItem","position":1,"name":"Startseite","item":"https:\/\/www.loire-gourmande.fr\/de\/"},{"@type":"ListItem","position":2,"name":"Die Boutique de Loire Gourmande: die Weine der Loire","item":"https:\/\/www.loire-gourmande.fr\/de\/woocommerce\/"},{"@type":"ListItem","position":3,"name":"Die Weine","item":"https:\/\/www.loire-gourmande.fr\/de\/Produktkategorie\/die-weine\/"},{"@type":"ListItem","position":4,"name":"Wei\u00df","item":"https:\/\/www.loire-gourmande.fr\/de\/Produktkategorie\/die-weine\/weis\/"},{"@type":"ListItem","position":5,"name":"L&#8217;ETINCELLES SAUMUR AOP BLC 2019 DOMAINE DES COUTURES"}]},{"@type":"WebSite","@id":"https:\/\/www.loire-gourmande.fr\/de\/#website","url":"https:\/\/www.loire-gourmande.fr\/de\/","name":"Loire Gourmande, une \u00e9tape savoureuse","description":"une d\u00e9gustation \u00e0 toute heure et une boutique \u00e0 visiter \u00e0 Turquant (49)","publisher":{"@id":"https:\/\/www.loire-gourmande.fr\/de\/#organization"},"potentialAction":[{"@type":"SearchAction","target":{"@type":"EntryPoint","urlTemplate":"https:\/\/www.loire-gourmande.fr\/de\/?s={search_term_string}"},"query-input":{"@type":"PropertyValueSpecification","valueRequired":true,"valueName":"search_term_string"}}],"inLanguage":"de"},{"@type":"Organization","@id":"https:\/\/www.loire-gourmande.fr\/de\/#organization","name":"Loire Gourmande - Schnellrestaurant und Besuch in Turquant (49)","url":"https:\/\/www.loire-gourmande.fr\/de\/","logo":{"@type":"ImageObject","inLanguage":"de","@id":"https:\/\/www.loire-gourmande.fr\/de\/#\/schema\/logo\/image\/","url":"https:\/\/www.loire-gourmande.fr\/wp-content\/uploads\/2020\/10\/loire-gourmande-logo.jpg","contentUrl":"https:\/\/www.loire-gourmande.fr\/wp-content\/uploads\/2020\/10\/loire-gourmande-logo.jpg","width":800,"height":415,"caption":"Loire Gourmande - Schnellrestaurant und Besuch in Turquant (49)"},"image":{"@id":"https:\/\/www.loire-gourmande.fr\/de\/#\/schema\/logo\/image\/"},"sameAs":["https:\/\/www.facebook.com\/Loire-Gourmande-Turquant-101991328328493\/","https:\/\/www.instagram.com\/jean_yves_auradon\/?igshid=1ta3mfjka326t"]}]}},"_links":{"self":[{"href":"https:\/\/www.loire-gourmande.fr\/de\/wp-json\/wp\/v2\/product\/11041","targetHints":{"allow":["GET"]}}],"collection":[{"href":"https:\/\/www.loire-gourmande.fr\/de\/wp-json\/wp\/v2\/product"}],"about":[{"href":"https:\/\/www.loire-gourmande.fr\/de\/wp-json\/wp\/v2\/types\/product"}],"version-history":[{"count":2,"href":"https:\/\/www.loire-gourmande.fr\/de\/wp-json\/wp\/v2\/product\/11041\/revisions"}],"predecessor-version":[{"id":13035,"href":"https:\/\/www.loire-gourmande.fr\/de\/wp-json\/wp\/v2\/product\/11041\/revisions\/13035"}],"wp:featuredmedia":[{"embeddable":true,"href":"https:\/\/www.loire-gourmande.fr\/de\/wp-json\/wp\/v2\/media\/11052"}],"wp:attachment":[{"href":"https:\/\/www.loire-gourmande.fr\/de\/wp-json\/wp\/v2\/media?parent=11041"}],"wp:term":[{"taxonomy":"product_brand","embeddable":true,"href":"https:\/\/www.loire-gourmande.fr\/de\/wp-json\/wp\/v2\/product_brand?post=11041"},{"taxonomy":"product_cat","embeddable":true,"href":"https:\/\/www.loire-gourmande.fr\/de\/wp-json\/wp\/v2\/product_cat?post=11041"},{"taxonomy":"product_tag","embeddable":true,"href":"https:\/\/www.loire-gourmande.fr\/de\/wp-json\/wp\/v2\/product_tag?post=11041"}],"curies":[{"name":"wp","href":"https:\/\/api.w.org\/{rel}","templated":true}]}}