{"id":11050,"date":"2023-02-19T14:30:58","date_gmt":"2023-02-19T13:30:58","guid":{"rendered":"https:\/\/www.loire-gourmande.fr\/produit\/aoc-saumur-champigny-les-rotissants-domaine-des-champs-fleuris\/"},"modified":"2025-05-27T16:19:33","modified_gmt":"2025-05-27T15:19:33","slug":"aoc-saumur-champigny-les-rotissants-domaine-des-champs-fleuris","status":"publish","type":"product","link":"https:\/\/www.loire-gourmande.fr\/de\/Produkt\/aoc-saumur-champigny-les-rotissants-domaine-des-champs-fleuris\/","title":{"rendered":"AOC SAUMUR CHAMPIGNY LES ROTISSANTS DOMAINE DES CHAMPS FLEURIS"},"content":{"rendered":"<div><\/div>\n<div>\n<p><strong>Rebsorten<\/strong>: Cabernet Franc 100%.<br \/>\n<strong>Erziehungsform<\/strong>: Einfacher Guyotschnitt, die Kraft wird nat\u00fcrlich durch das Alter der Reben kontrolliert.<br \/>\n<strong>Ertrag<\/strong>: ca. 30 hl\/ha<br \/>\n<strong>Ernte <\/strong>: Manuell. Bei voller Reife h\u00e4ngt der Zeitpunkt der Weinlese vom Grad, dem S\u00e4uregehalt und dem Gesundheitszustand der verschiedenen Parzellen ab. (im Durchschnitt Anfang Oktober). (Erntegrad von 12,5 bis 13,5 % Vol.)<br \/>\n<strong>Weinbereitung<\/strong>: Die gesamte Weinlese wird im Weinkeller auf dem Tisch sortiert und dann entrappt, um nur reife Trauben zu erhalten. Die Mazeration dauert 21 bis 30 Tage.<br \/>\n<strong>Ausbau<\/strong>: Der Wein reift etwa 1 Jahr in F\u00e4ssern, die F\u00e4sser werden einzeln verkostet, um nur die besten Weine zu erhalten.<br \/>\n<strong>Verkostung<\/strong>: Dunkles Rubinrot, Aromen von schwarzen Fr\u00fcchten dominieren mit Noten von Gew\u00fcrzen und Vanille. Der Auftakt ist voll und fleischig und wird von einer gro\u00dfen Tanninstruktur unterst\u00fctzt. Der Wein sollte 2 bis 3 Jahre gelagert werden, um eine gr\u00f6\u00dfere Harmonie zu erreichen.<br \/>\n<strong>Passt<\/strong> zu: Braten, Wild oder K\u00e4se.<br \/>\n<strong>Servieren<\/strong> Sie bei 15\u00b0-16\u00b0.<\/p>\n<\/div>\n<div>\n<p>&nbsp;<\/p>\n<\/div>\n<p style=\"font-weight: 400;\">\n","protected":false},"excerpt":{"rendered":"<p>Das Weingut liegt in der Gemeinde Turquant, 10 km von Saumur entfernt, auf den H\u00fcgeln \u00fcber der Loire. Die Weinberge erstrecken sich \u00fcber 26 Hektar. Die Reben befinden sich auf Lehm-Kalkstein-B\u00f6den mit einer d\u00fcnnen Schicht Mutterboden<br \/>\n. Auf den 26 Hektar des Weinguts produziert der Cabernet Franc 5 Jahrg\u00e4nge Saumur-Champigny pro Jahr, sowie den Ros\u00e9 Attitude. 2 Hektar Chenin ergeben 2 Jahrg\u00e4nge Saumur Blanc und 1 Jahrgang Cr\u00e9mant de Loire.<br \/>\nDieses Weingut befindet sich auf dem Gipfel der H\u00fcgel der Loire, wo die robustesten Weine hergestellt werden. Das liegt daran, dass sich die Wurzeln tiefer in den Boden \u201egraben\u201c m\u00fcssen, was den Trauben mehr Mineralien und N\u00e4hrstoffe gibt.<br \/>\nAlle Weine der Domaine de Champs Fleuris haben ein hohes Konservierungspotenzial.<\/p>\n<p>&nbsp;<\/p>\n","protected":false},"featured_media":11056,"template":"","meta":{"inline_featured_image":false},"product_brand":[],"product_cat":[602,600,601],"product_tag":[665,605,632],"class_list":{"0":"post-11050","1":"product","2":"type-product","3":"status-publish","4":"has-post-thumbnail","6":"product_cat-anjou-de","7":"product_cat-die-weine","8":"product_cat-rot","9":"product_tag-kalbs-oder-perlhuhnbraten","10":"product_tag-kase","11":"product_tag-kleines-wild","12":"product_shipping_class-flasche","14":"first","15":"instock","16":"featured","17":"taxable","18":"shipping-taxable","19":"purchasable","20":"product-type-simple"},"yoast_head":"<!-- This site is optimized with the Yoast SEO plugin v27.6 - https:\/\/yoast.com\/product\/yoast-seo-wordpress\/ -->\n<title>AOC SAUMUR CHAMPIGNY LES ROTISSANTS DOMAINE DES CHAMPS FLEURIS - Loire Gourmande - une \u00e9tape savoureuse<\/title>\n<meta name=\"description\" content=\"Rebsorten Cabernet Franc 100% Rouge des Champs Fleuris Loirewein. Weine von der Loire. Bestellung im Weinkeller auf der Website von Loire Gourmande. Weinh\u00e4ndler in Turquant (49).\" \/>\n<meta name=\"robots\" content=\"index, follow, max-snippet:-1, max-image-preview:large, max-video-preview:-1\" \/>\n<link rel=\"canonical\" href=\"https:\/\/www.loire-gourmande.fr\/de\/Produkt\/aoc-saumur-champigny-les-rotissants-domaine-des-champs-fleuris\/\" \/>\n<meta property=\"og:locale\" content=\"de_DE\" \/>\n<meta property=\"og:type\" content=\"article\" \/>\n<meta property=\"og:title\" content=\"AOC SAUMUR CHAMPIGNY LES ROTISSANTS DOMAINE DES CHAMPS FLEURIS - Loire Gourmande - une \u00e9tape savoureuse\" \/>\n<meta property=\"og:description\" content=\"Rebsorten Cabernet Franc 100% Rouge des Champs Fleuris Loirewein. Weine von der Loire. Bestellung im Weinkeller auf der Website von Loire Gourmande. Weinh\u00e4ndler in Turquant (49).\" \/>\n<meta property=\"og:url\" content=\"https:\/\/www.loire-gourmande.fr\/de\/Produkt\/aoc-saumur-champigny-les-rotissants-domaine-des-champs-fleuris\/\" \/>\n<meta property=\"og:site_name\" content=\"Loire Gourmande - une \u00e9tape savoureuse\" \/>\n<meta property=\"article:publisher\" content=\"https:\/\/www.facebook.com\/Loire-Gourmande-Turquant-101991328328493\/\" \/>\n<meta property=\"article:modified_time\" content=\"2025-05-27T15:19:33+00:00\" \/>\n<meta property=\"og:image\" content=\"https:\/\/www.loire-gourmande.fr\/wp-content\/uploads\/2023\/02\/AOC-SAUMUR-CHAMPIGNY-LES-ROTISSANTS-DOMAINE-DES-CHAMPS-FLEURIS..png\" \/>\n\t<meta property=\"og:image:width\" content=\"610\" \/>\n\t<meta property=\"og:image:height\" content=\"726\" \/>\n\t<meta property=\"og:image:type\" content=\"image\/png\" \/>\n<meta name=\"twitter:card\" content=\"summary_large_image\" \/>\n<meta name=\"twitter:label1\" content=\"Gesch\u00e4tzte Lesezeit\" \/>\n\t<meta name=\"twitter:data1\" content=\"1\u00a0Minute\" \/>\n<script type=\"application\/ld+json\" class=\"yoast-schema-graph\">{\"@context\":\"https:\\\/\\\/schema.org\",\"@graph\":[{\"@type\":\"WebPage\",\"@id\":\"https:\\\/\\\/www.loire-gourmande.fr\\\/de\\\/Produkt\\\/aoc-saumur-champigny-les-rotissants-domaine-des-champs-fleuris\\\/\",\"url\":\"https:\\\/\\\/www.loire-gourmande.fr\\\/de\\\/Produkt\\\/aoc-saumur-champigny-les-rotissants-domaine-des-champs-fleuris\\\/\",\"name\":\"AOC SAUMUR CHAMPIGNY LES ROTISSANTS DOMAINE DES CHAMPS FLEURIS - Loire Gourmande - une \u00e9tape savoureuse\",\"isPartOf\":{\"@id\":\"https:\\\/\\\/www.loire-gourmande.fr\\\/de\\\/#website\"},\"primaryImageOfPage\":{\"@id\":\"https:\\\/\\\/www.loire-gourmande.fr\\\/de\\\/Produkt\\\/aoc-saumur-champigny-les-rotissants-domaine-des-champs-fleuris\\\/#primaryimage\"},\"image\":{\"@id\":\"https:\\\/\\\/www.loire-gourmande.fr\\\/de\\\/Produkt\\\/aoc-saumur-champigny-les-rotissants-domaine-des-champs-fleuris\\\/#primaryimage\"},\"thumbnailUrl\":\"https:\\\/\\\/www.loire-gourmande.fr\\\/wp-content\\\/uploads\\\/2023\\\/02\\\/AOC-SAUMUR-CHAMPIGNY-LES-ROTISSANTS-DOMAINE-DES-CHAMPS-FLEURIS..png\",\"datePublished\":\"2023-02-19T13:30:58+00:00\",\"dateModified\":\"2025-05-27T15:19:33+00:00\",\"description\":\"Rebsorten Cabernet Franc 100% Rouge des Champs Fleuris Loirewein. Weine von der Loire. Bestellung im Weinkeller auf der Website von Loire Gourmande. Weinh\u00e4ndler in Turquant (49).\",\"breadcrumb\":{\"@id\":\"https:\\\/\\\/www.loire-gourmande.fr\\\/de\\\/Produkt\\\/aoc-saumur-champigny-les-rotissants-domaine-des-champs-fleuris\\\/#breadcrumb\"},\"inLanguage\":\"de\",\"potentialAction\":[{\"@type\":\"ReadAction\",\"target\":[\"https:\\\/\\\/www.loire-gourmande.fr\\\/de\\\/Produkt\\\/aoc-saumur-champigny-les-rotissants-domaine-des-champs-fleuris\\\/\"]}]},{\"@type\":\"ImageObject\",\"inLanguage\":\"de\",\"@id\":\"https:\\\/\\\/www.loire-gourmande.fr\\\/de\\\/Produkt\\\/aoc-saumur-champigny-les-rotissants-domaine-des-champs-fleuris\\\/#primaryimage\",\"url\":\"https:\\\/\\\/www.loire-gourmande.fr\\\/wp-content\\\/uploads\\\/2023\\\/02\\\/AOC-SAUMUR-CHAMPIGNY-LES-ROTISSANTS-DOMAINE-DES-CHAMPS-FLEURIS..png\",\"contentUrl\":\"https:\\\/\\\/www.loire-gourmande.fr\\\/wp-content\\\/uploads\\\/2023\\\/02\\\/AOC-SAUMUR-CHAMPIGNY-LES-ROTISSANTS-DOMAINE-DES-CHAMPS-FLEURIS..png\",\"width\":610,\"height\":726},{\"@type\":\"BreadcrumbList\",\"@id\":\"https:\\\/\\\/www.loire-gourmande.fr\\\/de\\\/Produkt\\\/aoc-saumur-champigny-les-rotissants-domaine-des-champs-fleuris\\\/#breadcrumb\",\"itemListElement\":[{\"@type\":\"ListItem\",\"position\":1,\"name\":\"Startseite\",\"item\":\"https:\\\/\\\/www.loire-gourmande.fr\\\/de\\\/\"},{\"@type\":\"ListItem\",\"position\":2,\"name\":\"Die Boutique de Loire Gourmande: die Weine der Loire\",\"item\":\"https:\\\/\\\/www.loire-gourmande.fr\\\/de\\\/woocommerce\\\/\"},{\"@type\":\"ListItem\",\"position\":3,\"name\":\"Die Weine\",\"item\":\"https:\\\/\\\/www.loire-gourmande.fr\\\/de\\\/Produktkategorie\\\/die-weine\\\/\"},{\"@type\":\"ListItem\",\"position\":4,\"name\":\"Anjou\",\"item\":\"https:\\\/\\\/www.loire-gourmande.fr\\\/de\\\/Produktkategorie\\\/die-weine\\\/anjou-de\\\/\"},{\"@type\":\"ListItem\",\"position\":5,\"name\":\"AOC SAUMUR CHAMPIGNY LES ROTISSANTS DOMAINE DES CHAMPS FLEURIS\"}]},{\"@type\":\"WebSite\",\"@id\":\"https:\\\/\\\/www.loire-gourmande.fr\\\/de\\\/#website\",\"url\":\"https:\\\/\\\/www.loire-gourmande.fr\\\/de\\\/\",\"name\":\"Loire Gourmande, une \u00e9tape savoureuse\",\"description\":\"une d\u00e9gustation \u00e0 toute heure et une boutique \u00e0 visiter \u00e0 Turquant (49)\",\"publisher\":{\"@id\":\"https:\\\/\\\/www.loire-gourmande.fr\\\/de\\\/#organization\"},\"potentialAction\":[{\"@type\":\"SearchAction\",\"target\":{\"@type\":\"EntryPoint\",\"urlTemplate\":\"https:\\\/\\\/www.loire-gourmande.fr\\\/de\\\/?s={search_term_string}\"},\"query-input\":{\"@type\":\"PropertyValueSpecification\",\"valueRequired\":true,\"valueName\":\"search_term_string\"}}],\"inLanguage\":\"de\"},{\"@type\":\"Organization\",\"@id\":\"https:\\\/\\\/www.loire-gourmande.fr\\\/de\\\/#organization\",\"name\":\"Loire Gourmande - Schnellrestaurant und Besuch in Turquant (49)\",\"url\":\"https:\\\/\\\/www.loire-gourmande.fr\\\/de\\\/\",\"logo\":{\"@type\":\"ImageObject\",\"inLanguage\":\"de\",\"@id\":\"https:\\\/\\\/www.loire-gourmande.fr\\\/de\\\/#\\\/schema\\\/logo\\\/image\\\/\",\"url\":\"https:\\\/\\\/www.loire-gourmande.fr\\\/wp-content\\\/uploads\\\/2020\\\/10\\\/loire-gourmande-logo.jpg\",\"contentUrl\":\"https:\\\/\\\/www.loire-gourmande.fr\\\/wp-content\\\/uploads\\\/2020\\\/10\\\/loire-gourmande-logo.jpg\",\"width\":800,\"height\":415,\"caption\":\"Loire Gourmande - Schnellrestaurant und Besuch in Turquant (49)\"},\"image\":{\"@id\":\"https:\\\/\\\/www.loire-gourmande.fr\\\/de\\\/#\\\/schema\\\/logo\\\/image\\\/\"},\"sameAs\":[\"https:\\\/\\\/www.facebook.com\\\/Loire-Gourmande-Turquant-101991328328493\\\/\",\"https:\\\/\\\/www.instagram.com\\\/jean_yves_auradon\\\/?igshid=1ta3mfjka326t\"]}]}<\/script>\n<!-- \/ Yoast SEO plugin. -->","yoast_head_json":{"title":"AOC SAUMUR CHAMPIGNY LES ROTISSANTS DOMAINE DES CHAMPS FLEURIS - Loire Gourmande - une \u00e9tape savoureuse","description":"Rebsorten Cabernet Franc 100% Rouge des Champs Fleuris Loirewein. Weine von der Loire. Bestellung im Weinkeller auf der Website von Loire Gourmande. Weinh\u00e4ndler in Turquant (49).","robots":{"index":"index","follow":"follow","max-snippet":"max-snippet:-1","max-image-preview":"max-image-preview:large","max-video-preview":"max-video-preview:-1"},"canonical":"https:\/\/www.loire-gourmande.fr\/de\/Produkt\/aoc-saumur-champigny-les-rotissants-domaine-des-champs-fleuris\/","og_locale":"de_DE","og_type":"article","og_title":"AOC SAUMUR CHAMPIGNY LES ROTISSANTS DOMAINE DES CHAMPS FLEURIS - Loire Gourmande - une \u00e9tape savoureuse","og_description":"Rebsorten Cabernet Franc 100% Rouge des Champs Fleuris Loirewein. Weine von der Loire. Bestellung im Weinkeller auf der Website von Loire Gourmande. Weinh\u00e4ndler in Turquant (49).","og_url":"https:\/\/www.loire-gourmande.fr\/de\/Produkt\/aoc-saumur-champigny-les-rotissants-domaine-des-champs-fleuris\/","og_site_name":"Loire Gourmande - une \u00e9tape savoureuse","article_publisher":"https:\/\/www.facebook.com\/Loire-Gourmande-Turquant-101991328328493\/","article_modified_time":"2025-05-27T15:19:33+00:00","og_image":[{"width":610,"height":726,"url":"https:\/\/www.loire-gourmande.fr\/wp-content\/uploads\/2023\/02\/AOC-SAUMUR-CHAMPIGNY-LES-ROTISSANTS-DOMAINE-DES-CHAMPS-FLEURIS..png","type":"image\/png"}],"twitter_card":"summary_large_image","twitter_misc":{"Gesch\u00e4tzte Lesezeit":"1\u00a0Minute"},"schema":{"@context":"https:\/\/schema.org","@graph":[{"@type":"WebPage","@id":"https:\/\/www.loire-gourmande.fr\/de\/Produkt\/aoc-saumur-champigny-les-rotissants-domaine-des-champs-fleuris\/","url":"https:\/\/www.loire-gourmande.fr\/de\/Produkt\/aoc-saumur-champigny-les-rotissants-domaine-des-champs-fleuris\/","name":"AOC SAUMUR CHAMPIGNY LES ROTISSANTS DOMAINE DES CHAMPS FLEURIS - Loire Gourmande - une \u00e9tape savoureuse","isPartOf":{"@id":"https:\/\/www.loire-gourmande.fr\/de\/#website"},"primaryImageOfPage":{"@id":"https:\/\/www.loire-gourmande.fr\/de\/Produkt\/aoc-saumur-champigny-les-rotissants-domaine-des-champs-fleuris\/#primaryimage"},"image":{"@id":"https:\/\/www.loire-gourmande.fr\/de\/Produkt\/aoc-saumur-champigny-les-rotissants-domaine-des-champs-fleuris\/#primaryimage"},"thumbnailUrl":"https:\/\/www.loire-gourmande.fr\/wp-content\/uploads\/2023\/02\/AOC-SAUMUR-CHAMPIGNY-LES-ROTISSANTS-DOMAINE-DES-CHAMPS-FLEURIS..png","datePublished":"2023-02-19T13:30:58+00:00","dateModified":"2025-05-27T15:19:33+00:00","description":"Rebsorten Cabernet Franc 100% Rouge des Champs Fleuris Loirewein. Weine von der Loire. Bestellung im Weinkeller auf der Website von Loire Gourmande. Weinh\u00e4ndler in Turquant (49).","breadcrumb":{"@id":"https:\/\/www.loire-gourmande.fr\/de\/Produkt\/aoc-saumur-champigny-les-rotissants-domaine-des-champs-fleuris\/#breadcrumb"},"inLanguage":"de","potentialAction":[{"@type":"ReadAction","target":["https:\/\/www.loire-gourmande.fr\/de\/Produkt\/aoc-saumur-champigny-les-rotissants-domaine-des-champs-fleuris\/"]}]},{"@type":"ImageObject","inLanguage":"de","@id":"https:\/\/www.loire-gourmande.fr\/de\/Produkt\/aoc-saumur-champigny-les-rotissants-domaine-des-champs-fleuris\/#primaryimage","url":"https:\/\/www.loire-gourmande.fr\/wp-content\/uploads\/2023\/02\/AOC-SAUMUR-CHAMPIGNY-LES-ROTISSANTS-DOMAINE-DES-CHAMPS-FLEURIS..png","contentUrl":"https:\/\/www.loire-gourmande.fr\/wp-content\/uploads\/2023\/02\/AOC-SAUMUR-CHAMPIGNY-LES-ROTISSANTS-DOMAINE-DES-CHAMPS-FLEURIS..png","width":610,"height":726},{"@type":"BreadcrumbList","@id":"https:\/\/www.loire-gourmande.fr\/de\/Produkt\/aoc-saumur-champigny-les-rotissants-domaine-des-champs-fleuris\/#breadcrumb","itemListElement":[{"@type":"ListItem","position":1,"name":"Startseite","item":"https:\/\/www.loire-gourmande.fr\/de\/"},{"@type":"ListItem","position":2,"name":"Die Boutique de Loire Gourmande: die Weine der Loire","item":"https:\/\/www.loire-gourmande.fr\/de\/woocommerce\/"},{"@type":"ListItem","position":3,"name":"Die Weine","item":"https:\/\/www.loire-gourmande.fr\/de\/Produktkategorie\/die-weine\/"},{"@type":"ListItem","position":4,"name":"Anjou","item":"https:\/\/www.loire-gourmande.fr\/de\/Produktkategorie\/die-weine\/anjou-de\/"},{"@type":"ListItem","position":5,"name":"AOC SAUMUR CHAMPIGNY LES ROTISSANTS DOMAINE DES CHAMPS FLEURIS"}]},{"@type":"WebSite","@id":"https:\/\/www.loire-gourmande.fr\/de\/#website","url":"https:\/\/www.loire-gourmande.fr\/de\/","name":"Loire Gourmande, une \u00e9tape savoureuse","description":"une d\u00e9gustation \u00e0 toute heure et une boutique \u00e0 visiter \u00e0 Turquant (49)","publisher":{"@id":"https:\/\/www.loire-gourmande.fr\/de\/#organization"},"potentialAction":[{"@type":"SearchAction","target":{"@type":"EntryPoint","urlTemplate":"https:\/\/www.loire-gourmande.fr\/de\/?s={search_term_string}"},"query-input":{"@type":"PropertyValueSpecification","valueRequired":true,"valueName":"search_term_string"}}],"inLanguage":"de"},{"@type":"Organization","@id":"https:\/\/www.loire-gourmande.fr\/de\/#organization","name":"Loire Gourmande - Schnellrestaurant und Besuch in Turquant (49)","url":"https:\/\/www.loire-gourmande.fr\/de\/","logo":{"@type":"ImageObject","inLanguage":"de","@id":"https:\/\/www.loire-gourmande.fr\/de\/#\/schema\/logo\/image\/","url":"https:\/\/www.loire-gourmande.fr\/wp-content\/uploads\/2020\/10\/loire-gourmande-logo.jpg","contentUrl":"https:\/\/www.loire-gourmande.fr\/wp-content\/uploads\/2020\/10\/loire-gourmande-logo.jpg","width":800,"height":415,"caption":"Loire Gourmande - Schnellrestaurant und Besuch in Turquant (49)"},"image":{"@id":"https:\/\/www.loire-gourmande.fr\/de\/#\/schema\/logo\/image\/"},"sameAs":["https:\/\/www.facebook.com\/Loire-Gourmande-Turquant-101991328328493\/","https:\/\/www.instagram.com\/jean_yves_auradon\/?igshid=1ta3mfjka326t"]}]}},"_links":{"self":[{"href":"https:\/\/www.loire-gourmande.fr\/de\/wp-json\/wp\/v2\/product\/11050","targetHints":{"allow":["GET"]}}],"collection":[{"href":"https:\/\/www.loire-gourmande.fr\/de\/wp-json\/wp\/v2\/product"}],"about":[{"href":"https:\/\/www.loire-gourmande.fr\/de\/wp-json\/wp\/v2\/types\/product"}],"version-history":[{"count":2,"href":"https:\/\/www.loire-gourmande.fr\/de\/wp-json\/wp\/v2\/product\/11050\/revisions"}],"predecessor-version":[{"id":13046,"href":"https:\/\/www.loire-gourmande.fr\/de\/wp-json\/wp\/v2\/product\/11050\/revisions\/13046"}],"wp:featuredmedia":[{"embeddable":true,"href":"https:\/\/www.loire-gourmande.fr\/de\/wp-json\/wp\/v2\/media\/11056"}],"wp:attachment":[{"href":"https:\/\/www.loire-gourmande.fr\/de\/wp-json\/wp\/v2\/media?parent=11050"}],"wp:term":[{"taxonomy":"product_brand","embeddable":true,"href":"https:\/\/www.loire-gourmande.fr\/de\/wp-json\/wp\/v2\/product_brand?post=11050"},{"taxonomy":"product_cat","embeddable":true,"href":"https:\/\/www.loire-gourmande.fr\/de\/wp-json\/wp\/v2\/product_cat?post=11050"},{"taxonomy":"product_tag","embeddable":true,"href":"https:\/\/www.loire-gourmande.fr\/de\/wp-json\/wp\/v2\/product_tag?post=11050"}],"curies":[{"name":"wp","href":"https:\/\/api.w.org\/{rel}","templated":true}]}}