{"id":11051,"date":"2024-01-29T13:52:05","date_gmt":"2024-01-29T13:52:05","guid":{"rendered":"https:\/\/www.loire-gourmande.fr\/produit\/coteaux-du-loir-rouge-janus-domaine-de-cezin\/"},"modified":"2025-04-08T10:17:57","modified_gmt":"2025-04-08T09:17:57","slug":"coteaux-du-loir-rouge-janus-domaine-de-cezin","status":"publish","type":"product","link":"https:\/\/www.loire-gourmande.fr\/de\/Produkt\/coteaux-du-loir-rouge-janus-domaine-de-cezin\/","title":{"rendered":"COTEAUX DU LOIR ROUGE &#8222;JANUS&#8220; DOMAINE DE CEZIN"},"content":{"rendered":"<p data-reader-unique-id=\"titleElement\">Fran\u00e7ois Fresneau, der in den Weinbergen von Jasni\u00e8res und den Coteaux du Loir nicht wegzudenken ist, hat dieser Appellationszone, aus der die Winzer verschwunden waren, neuen Schwung verliehen. Sein Rotwein ist gut in der Art. <a><br \/>\n  <strong>&#8230;<\/strong><br \/>\n<\/a><\/p>\n<p class=\"title\" data-reader-unique-id=\"titleElement\"><strong>Beschreibung<\/strong><\/p>\n<p data-reader-unique-id=\"1\">Das Weinbaugebiet Coteaux du Loir liegt in 16 Gemeinden des Departements Sarthe und 6 Gemeinden des Departements Indre-et-Loire auf Lehm- und Kieselb\u00f6den sowie auf Tuffstein-Kreide. Seine Fl\u00e4che betr\u00e4gt 78 ha.<br data-reader-unique-id=\"2\">Es herrscht ein gem\u00e4\u00dfigtes Klima mit degradiertem ozeanischem Einfluss.<br \/>\n<strong>Visuelle und geschmackliche Eigenschaften: <\/strong>Helles Rubinrot, elegantes Bouquet, entwickelt einen fruchtigen und blumigen Charakter mit w\u00fcrzigen Noten.<\/p>\n<p>Ein leichter und eleganter Rotwein mit einem fruchtigen und blumigen Charakter, der sich zu w\u00fcrzigen Noten entwickelt.<\/p>\n<p style=\"font-weight: 400;\"><strong>Terroir Bezeichnung:<\/strong> Coteaux du Loir<br \/>\n<strong>Farbe:<\/strong> Rot<br \/>\n<strong>Rebsorte:<\/strong> Pineau d&#8217;Aunis, Gamay, Cabernet Franc, C\u00f4t<br \/>\n<strong>Nase:<\/strong> Gew\u00fcrze und Fr\u00fcchte<br \/>\nAm <strong>Gaumen:<\/strong> Leichte und fruchtige Struktur<br \/>\n<strong>Aufbewahrung:<\/strong> 5 Jahre<br \/>\n<strong>Zu trinken: <\/strong>zwischen 13 und 15\u00b0C<strong><br \/>\nJahr:<\/strong><span style=\"font-weight: 400;\"> 2022<\/span><\/p>\n<p>&nbsp;<\/p>\n<p>Passt zu<strong>:<\/strong> Gegrilltem vom Holzkohlengrill und Brath\u00e4hnchen.<\/p>\n","protected":false},"excerpt":{"rendered":"<p>Unser Weingut befindet sich in der Gemeinde Mar\u00e7on, im Herzen der Weinberge des Vall\u00e9e du Loir, 45 km von Le Mans und 40 km von Tours entfernt. Seit 1925 hat sich die Familie Fresneau ein Know-how angeeignet, das heute \u00fcber vier Generationen weitergegeben wird. Diese lange Tradition erm\u00f6glicht es uns, Ihnen eine Reihe von Weinen anzubieten, die die besten Ausdrucksformen unseres Terroirs bieten.<\/p>\n","protected":false},"featured_media":11057,"template":"","meta":{"inline_featured_image":false},"product_brand":[],"product_cat":[600,660,601],"product_tag":[677,665,644],"class_list":{"0":"post-11051","1":"product","2":"type-product","3":"status-publish","4":"has-post-thumbnail","6":"product_cat-die-weine","7":"product_cat-land-der-loire","8":"product_cat-rot","9":"product_tag-gebratenes-huhn","10":"product_tag-kalbs-oder-perlhuhnbraten","11":"product_tag-kase-de","12":"product_shipping_class-flasche","14":"first","15":"instock","16":"taxable","17":"shipping-taxable","18":"purchasable","19":"product-type-simple"},"yoast_head":"<!-- This site is optimized with the Yoast SEO plugin v27.6 - https:\/\/yoast.com\/product\/yoast-seo-wordpress\/ -->\n<title>COTEAUX DU LOIR ROUGE &quot;JANUS&quot; DOMAINE DE CEZIN - Loire Gourmande - une \u00e9tape savoureuse<\/title>\n<meta name=\"description\" content=\"COTEAUX DU LOIR ROUGE &quot;JANUS&quot; DOMAINE DE CEZIN. Wein aus der Loire. Bestellung im Weinkeller auf der Website von Loire Gourmande. Weinh\u00e4ndler in Turquant (49).\" \/>\n<meta name=\"robots\" content=\"index, follow, max-snippet:-1, max-image-preview:large, max-video-preview:-1\" \/>\n<link rel=\"canonical\" href=\"https:\/\/www.loire-gourmande.fr\/de\/Produkt\/coteaux-du-loir-rouge-janus-domaine-de-cezin\/\" \/>\n<meta property=\"og:locale\" content=\"de_DE\" \/>\n<meta property=\"og:type\" content=\"article\" \/>\n<meta property=\"og:title\" content=\"COTEAUX DU LOIR ROUGE &quot;JANUS&quot; DOMAINE DE CEZIN - Loire Gourmande - une \u00e9tape savoureuse\" \/>\n<meta property=\"og:description\" content=\"COTEAUX DU LOIR ROUGE &quot;JANUS&quot; DOMAINE DE CEZIN. Wein aus der Loire. Bestellung im Weinkeller auf der Website von Loire Gourmande. Weinh\u00e4ndler in Turquant (49).\" \/>\n<meta property=\"og:url\" content=\"https:\/\/www.loire-gourmande.fr\/de\/Produkt\/coteaux-du-loir-rouge-janus-domaine-de-cezin\/\" \/>\n<meta property=\"og:site_name\" content=\"Loire Gourmande - une \u00e9tape savoureuse\" \/>\n<meta property=\"article:publisher\" content=\"https:\/\/www.facebook.com\/Loire-Gourmande-Turquant-101991328328493\/\" \/>\n<meta property=\"article:modified_time\" content=\"2025-04-08T09:17:57+00:00\" \/>\n<meta property=\"og:image\" content=\"https:\/\/www.loire-gourmande.fr\/wp-content\/uploads\/2024\/01\/Janus-domaine-de-Cezin.jpg\" \/>\n\t<meta property=\"og:image:width\" content=\"800\" \/>\n\t<meta property=\"og:image:height\" content=\"800\" \/>\n\t<meta property=\"og:image:type\" content=\"image\/jpeg\" \/>\n<meta name=\"twitter:card\" content=\"summary_large_image\" \/>\n<meta name=\"twitter:label1\" content=\"Gesch\u00e4tzte Lesezeit\" \/>\n\t<meta name=\"twitter:data1\" content=\"1\u00a0Minute\" \/>\n<script type=\"application\/ld+json\" class=\"yoast-schema-graph\">{\"@context\":\"https:\\\/\\\/schema.org\",\"@graph\":[{\"@type\":\"WebPage\",\"@id\":\"https:\\\/\\\/www.loire-gourmande.fr\\\/de\\\/Produkt\\\/coteaux-du-loir-rouge-janus-domaine-de-cezin\\\/\",\"url\":\"https:\\\/\\\/www.loire-gourmande.fr\\\/de\\\/Produkt\\\/coteaux-du-loir-rouge-janus-domaine-de-cezin\\\/\",\"name\":\"COTEAUX DU LOIR ROUGE \\\"JANUS\\\" DOMAINE DE CEZIN - Loire Gourmande - une \u00e9tape savoureuse\",\"isPartOf\":{\"@id\":\"https:\\\/\\\/www.loire-gourmande.fr\\\/de\\\/#website\"},\"primaryImageOfPage\":{\"@id\":\"https:\\\/\\\/www.loire-gourmande.fr\\\/de\\\/Produkt\\\/coteaux-du-loir-rouge-janus-domaine-de-cezin\\\/#primaryimage\"},\"image\":{\"@id\":\"https:\\\/\\\/www.loire-gourmande.fr\\\/de\\\/Produkt\\\/coteaux-du-loir-rouge-janus-domaine-de-cezin\\\/#primaryimage\"},\"thumbnailUrl\":\"https:\\\/\\\/www.loire-gourmande.fr\\\/wp-content\\\/uploads\\\/2024\\\/01\\\/Janus-domaine-de-Cezin.jpg\",\"datePublished\":\"2024-01-29T13:52:05+00:00\",\"dateModified\":\"2025-04-08T09:17:57+00:00\",\"description\":\"COTEAUX DU LOIR ROUGE \\\"JANUS\\\" DOMAINE DE CEZIN. Wein aus der Loire. Bestellung im Weinkeller auf der Website von Loire Gourmande. Weinh\u00e4ndler in Turquant (49).\",\"breadcrumb\":{\"@id\":\"https:\\\/\\\/www.loire-gourmande.fr\\\/de\\\/Produkt\\\/coteaux-du-loir-rouge-janus-domaine-de-cezin\\\/#breadcrumb\"},\"inLanguage\":\"de\",\"potentialAction\":[{\"@type\":\"ReadAction\",\"target\":[\"https:\\\/\\\/www.loire-gourmande.fr\\\/de\\\/Produkt\\\/coteaux-du-loir-rouge-janus-domaine-de-cezin\\\/\"]}]},{\"@type\":\"ImageObject\",\"inLanguage\":\"de\",\"@id\":\"https:\\\/\\\/www.loire-gourmande.fr\\\/de\\\/Produkt\\\/coteaux-du-loir-rouge-janus-domaine-de-cezin\\\/#primaryimage\",\"url\":\"https:\\\/\\\/www.loire-gourmande.fr\\\/wp-content\\\/uploads\\\/2024\\\/01\\\/Janus-domaine-de-Cezin.jpg\",\"contentUrl\":\"https:\\\/\\\/www.loire-gourmande.fr\\\/wp-content\\\/uploads\\\/2024\\\/01\\\/Janus-domaine-de-Cezin.jpg\",\"width\":800,\"height\":800},{\"@type\":\"BreadcrumbList\",\"@id\":\"https:\\\/\\\/www.loire-gourmande.fr\\\/de\\\/Produkt\\\/coteaux-du-loir-rouge-janus-domaine-de-cezin\\\/#breadcrumb\",\"itemListElement\":[{\"@type\":\"ListItem\",\"position\":1,\"name\":\"Startseite\",\"item\":\"https:\\\/\\\/www.loire-gourmande.fr\\\/de\\\/\"},{\"@type\":\"ListItem\",\"position\":2,\"name\":\"Die Boutique de Loire Gourmande: die Weine der Loire\",\"item\":\"https:\\\/\\\/www.loire-gourmande.fr\\\/de\\\/woocommerce\\\/\"},{\"@type\":\"ListItem\",\"position\":3,\"name\":\"Die Weine\",\"item\":\"https:\\\/\\\/www.loire-gourmande.fr\\\/de\\\/Produktkategorie\\\/die-weine\\\/\"},{\"@type\":\"ListItem\",\"position\":4,\"name\":\"COTEAUX DU LOIR ROUGE &#8222;JANUS&#8220; DOMAINE DE CEZIN\"}]},{\"@type\":\"WebSite\",\"@id\":\"https:\\\/\\\/www.loire-gourmande.fr\\\/de\\\/#website\",\"url\":\"https:\\\/\\\/www.loire-gourmande.fr\\\/de\\\/\",\"name\":\"Loire Gourmande, une \u00e9tape savoureuse\",\"description\":\"une d\u00e9gustation \u00e0 toute heure et une boutique \u00e0 visiter \u00e0 Turquant (49)\",\"publisher\":{\"@id\":\"https:\\\/\\\/www.loire-gourmande.fr\\\/de\\\/#organization\"},\"potentialAction\":[{\"@type\":\"SearchAction\",\"target\":{\"@type\":\"EntryPoint\",\"urlTemplate\":\"https:\\\/\\\/www.loire-gourmande.fr\\\/de\\\/?s={search_term_string}\"},\"query-input\":{\"@type\":\"PropertyValueSpecification\",\"valueRequired\":true,\"valueName\":\"search_term_string\"}}],\"inLanguage\":\"de\"},{\"@type\":\"Organization\",\"@id\":\"https:\\\/\\\/www.loire-gourmande.fr\\\/de\\\/#organization\",\"name\":\"Loire Gourmande - Schnellrestaurant und Besuch in Turquant (49)\",\"url\":\"https:\\\/\\\/www.loire-gourmande.fr\\\/de\\\/\",\"logo\":{\"@type\":\"ImageObject\",\"inLanguage\":\"de\",\"@id\":\"https:\\\/\\\/www.loire-gourmande.fr\\\/de\\\/#\\\/schema\\\/logo\\\/image\\\/\",\"url\":\"https:\\\/\\\/www.loire-gourmande.fr\\\/wp-content\\\/uploads\\\/2020\\\/10\\\/loire-gourmande-logo.jpg\",\"contentUrl\":\"https:\\\/\\\/www.loire-gourmande.fr\\\/wp-content\\\/uploads\\\/2020\\\/10\\\/loire-gourmande-logo.jpg\",\"width\":800,\"height\":415,\"caption\":\"Loire Gourmande - Schnellrestaurant und Besuch in Turquant (49)\"},\"image\":{\"@id\":\"https:\\\/\\\/www.loire-gourmande.fr\\\/de\\\/#\\\/schema\\\/logo\\\/image\\\/\"},\"sameAs\":[\"https:\\\/\\\/www.facebook.com\\\/Loire-Gourmande-Turquant-101991328328493\\\/\",\"https:\\\/\\\/www.instagram.com\\\/jean_yves_auradon\\\/?igshid=1ta3mfjka326t\"]}]}<\/script>\n<!-- \/ Yoast SEO plugin. -->","yoast_head_json":{"title":"COTEAUX DU LOIR ROUGE \"JANUS\" DOMAINE DE CEZIN - Loire Gourmande - une \u00e9tape savoureuse","description":"COTEAUX DU LOIR ROUGE \"JANUS\" DOMAINE DE CEZIN. Wein aus der Loire. Bestellung im Weinkeller auf der Website von Loire Gourmande. Weinh\u00e4ndler in Turquant (49).","robots":{"index":"index","follow":"follow","max-snippet":"max-snippet:-1","max-image-preview":"max-image-preview:large","max-video-preview":"max-video-preview:-1"},"canonical":"https:\/\/www.loire-gourmande.fr\/de\/Produkt\/coteaux-du-loir-rouge-janus-domaine-de-cezin\/","og_locale":"de_DE","og_type":"article","og_title":"COTEAUX DU LOIR ROUGE \"JANUS\" DOMAINE DE CEZIN - Loire Gourmande - une \u00e9tape savoureuse","og_description":"COTEAUX DU LOIR ROUGE \"JANUS\" DOMAINE DE CEZIN. Wein aus der Loire. Bestellung im Weinkeller auf der Website von Loire Gourmande. Weinh\u00e4ndler in Turquant (49).","og_url":"https:\/\/www.loire-gourmande.fr\/de\/Produkt\/coteaux-du-loir-rouge-janus-domaine-de-cezin\/","og_site_name":"Loire Gourmande - une \u00e9tape savoureuse","article_publisher":"https:\/\/www.facebook.com\/Loire-Gourmande-Turquant-101991328328493\/","article_modified_time":"2025-04-08T09:17:57+00:00","og_image":[{"width":800,"height":800,"url":"https:\/\/www.loire-gourmande.fr\/wp-content\/uploads\/2024\/01\/Janus-domaine-de-Cezin.jpg","type":"image\/jpeg"}],"twitter_card":"summary_large_image","twitter_misc":{"Gesch\u00e4tzte Lesezeit":"1\u00a0Minute"},"schema":{"@context":"https:\/\/schema.org","@graph":[{"@type":"WebPage","@id":"https:\/\/www.loire-gourmande.fr\/de\/Produkt\/coteaux-du-loir-rouge-janus-domaine-de-cezin\/","url":"https:\/\/www.loire-gourmande.fr\/de\/Produkt\/coteaux-du-loir-rouge-janus-domaine-de-cezin\/","name":"COTEAUX DU LOIR ROUGE \"JANUS\" DOMAINE DE CEZIN - Loire Gourmande - une \u00e9tape savoureuse","isPartOf":{"@id":"https:\/\/www.loire-gourmande.fr\/de\/#website"},"primaryImageOfPage":{"@id":"https:\/\/www.loire-gourmande.fr\/de\/Produkt\/coteaux-du-loir-rouge-janus-domaine-de-cezin\/#primaryimage"},"image":{"@id":"https:\/\/www.loire-gourmande.fr\/de\/Produkt\/coteaux-du-loir-rouge-janus-domaine-de-cezin\/#primaryimage"},"thumbnailUrl":"https:\/\/www.loire-gourmande.fr\/wp-content\/uploads\/2024\/01\/Janus-domaine-de-Cezin.jpg","datePublished":"2024-01-29T13:52:05+00:00","dateModified":"2025-04-08T09:17:57+00:00","description":"COTEAUX DU LOIR ROUGE \"JANUS\" DOMAINE DE CEZIN. Wein aus der Loire. Bestellung im Weinkeller auf der Website von Loire Gourmande. Weinh\u00e4ndler in Turquant (49).","breadcrumb":{"@id":"https:\/\/www.loire-gourmande.fr\/de\/Produkt\/coteaux-du-loir-rouge-janus-domaine-de-cezin\/#breadcrumb"},"inLanguage":"de","potentialAction":[{"@type":"ReadAction","target":["https:\/\/www.loire-gourmande.fr\/de\/Produkt\/coteaux-du-loir-rouge-janus-domaine-de-cezin\/"]}]},{"@type":"ImageObject","inLanguage":"de","@id":"https:\/\/www.loire-gourmande.fr\/de\/Produkt\/coteaux-du-loir-rouge-janus-domaine-de-cezin\/#primaryimage","url":"https:\/\/www.loire-gourmande.fr\/wp-content\/uploads\/2024\/01\/Janus-domaine-de-Cezin.jpg","contentUrl":"https:\/\/www.loire-gourmande.fr\/wp-content\/uploads\/2024\/01\/Janus-domaine-de-Cezin.jpg","width":800,"height":800},{"@type":"BreadcrumbList","@id":"https:\/\/www.loire-gourmande.fr\/de\/Produkt\/coteaux-du-loir-rouge-janus-domaine-de-cezin\/#breadcrumb","itemListElement":[{"@type":"ListItem","position":1,"name":"Startseite","item":"https:\/\/www.loire-gourmande.fr\/de\/"},{"@type":"ListItem","position":2,"name":"Die Boutique de Loire Gourmande: die Weine der Loire","item":"https:\/\/www.loire-gourmande.fr\/de\/woocommerce\/"},{"@type":"ListItem","position":3,"name":"Die Weine","item":"https:\/\/www.loire-gourmande.fr\/de\/Produktkategorie\/die-weine\/"},{"@type":"ListItem","position":4,"name":"COTEAUX DU LOIR ROUGE &#8222;JANUS&#8220; DOMAINE DE CEZIN"}]},{"@type":"WebSite","@id":"https:\/\/www.loire-gourmande.fr\/de\/#website","url":"https:\/\/www.loire-gourmande.fr\/de\/","name":"Loire Gourmande, une \u00e9tape savoureuse","description":"une d\u00e9gustation \u00e0 toute heure et une boutique \u00e0 visiter \u00e0 Turquant (49)","publisher":{"@id":"https:\/\/www.loire-gourmande.fr\/de\/#organization"},"potentialAction":[{"@type":"SearchAction","target":{"@type":"EntryPoint","urlTemplate":"https:\/\/www.loire-gourmande.fr\/de\/?s={search_term_string}"},"query-input":{"@type":"PropertyValueSpecification","valueRequired":true,"valueName":"search_term_string"}}],"inLanguage":"de"},{"@type":"Organization","@id":"https:\/\/www.loire-gourmande.fr\/de\/#organization","name":"Loire Gourmande - Schnellrestaurant und Besuch in Turquant (49)","url":"https:\/\/www.loire-gourmande.fr\/de\/","logo":{"@type":"ImageObject","inLanguage":"de","@id":"https:\/\/www.loire-gourmande.fr\/de\/#\/schema\/logo\/image\/","url":"https:\/\/www.loire-gourmande.fr\/wp-content\/uploads\/2020\/10\/loire-gourmande-logo.jpg","contentUrl":"https:\/\/www.loire-gourmande.fr\/wp-content\/uploads\/2020\/10\/loire-gourmande-logo.jpg","width":800,"height":415,"caption":"Loire Gourmande - Schnellrestaurant und Besuch in Turquant (49)"},"image":{"@id":"https:\/\/www.loire-gourmande.fr\/de\/#\/schema\/logo\/image\/"},"sameAs":["https:\/\/www.facebook.com\/Loire-Gourmande-Turquant-101991328328493\/","https:\/\/www.instagram.com\/jean_yves_auradon\/?igshid=1ta3mfjka326t"]}]}},"_links":{"self":[{"href":"https:\/\/www.loire-gourmande.fr\/de\/wp-json\/wp\/v2\/product\/11051","targetHints":{"allow":["GET"]}}],"collection":[{"href":"https:\/\/www.loire-gourmande.fr\/de\/wp-json\/wp\/v2\/product"}],"about":[{"href":"https:\/\/www.loire-gourmande.fr\/de\/wp-json\/wp\/v2\/types\/product"}],"version-history":[{"count":2,"href":"https:\/\/www.loire-gourmande.fr\/de\/wp-json\/wp\/v2\/product\/11051\/revisions"}],"predecessor-version":[{"id":12854,"href":"https:\/\/www.loire-gourmande.fr\/de\/wp-json\/wp\/v2\/product\/11051\/revisions\/12854"}],"wp:featuredmedia":[{"embeddable":true,"href":"https:\/\/www.loire-gourmande.fr\/de\/wp-json\/wp\/v2\/media\/11057"}],"wp:attachment":[{"href":"https:\/\/www.loire-gourmande.fr\/de\/wp-json\/wp\/v2\/media?parent=11051"}],"wp:term":[{"taxonomy":"product_brand","embeddable":true,"href":"https:\/\/www.loire-gourmande.fr\/de\/wp-json\/wp\/v2\/product_brand?post=11051"},{"taxonomy":"product_cat","embeddable":true,"href":"https:\/\/www.loire-gourmande.fr\/de\/wp-json\/wp\/v2\/product_cat?post=11051"},{"taxonomy":"product_tag","embeddable":true,"href":"https:\/\/www.loire-gourmande.fr\/de\/wp-json\/wp\/v2\/product_tag?post=11051"}],"curies":[{"name":"wp","href":"https:\/\/api.w.org\/{rel}","templated":true}]}}