{"id":11054,"date":"2023-02-18T15:59:36","date_gmt":"2023-02-18T15:59:36","guid":{"rendered":"https:\/\/www.loire-gourmande.fr\/produit\/pinot-beurot-domaine-rousseau-2022\/"},"modified":"2025-05-27T16:17:12","modified_gmt":"2025-05-27T15:17:12","slug":"pinot-beurot-domaine-rousseau-2022","status":"publish","type":"product","link":"https:\/\/www.loire-gourmande.fr\/de\/Produkt\/pinot-beurot-domaine-rousseau-2022\/","title":{"rendered":"PINOT BEUROT DOMAINE ROUSSEAU 2022"},"content":{"rendered":"<p><b>Beschreibung: <\/b>Pinot Beurot ist der alte Name des Pinot Gris in Burgund wegen der grauen Farbe der Trauben, die der M\u00f6nchskutte \u00e4hnelt, daher der Name Beurot.<br \/>\n<strong>Boden<\/strong>: Siliziumhaltiger Lehm.<br \/>\n<strong>Parzellen:<\/strong> Les Beauregards.<br \/>\n<strong>Rebsorte:<\/strong> Pinot Gris<br \/>\n<strong>Weinherstellung: <\/strong>Der Traubensaft wird direkt gepresst und in F\u00e4sser im Keller abgef\u00fcllt, wo er 11 Monate lang verbleibt, die Zeit der alkoholischen G\u00e4rung, dann der malolaktischen G\u00e4rung.<br \/>\nJede Woche umr\u00fchren, Ausbau ohne Zusatz von Schwefel.<br \/>\nF\u00e4sser mit 2 Weinen, um die Aromatik dieser Rebsorte nicht zu beeinflussen.<br \/>\nAbgef\u00fcllt im September, 1 Jahr nach der Ernte mit einer sehr geringen Dosis Schwefel zur Konservierung.<br \/>\nVerkostung<strong>: <\/strong>Ein kr\u00e4ftiger, aromatischer und runder Wein.<br \/>\n<strong>Speisen- und Weinkombinationen:<\/strong> Runde und kr\u00e4ftige Wei\u00dfweine aus dem Burgund: G\u00e4nseleberpastete, Fisch mit cremiger So\u00dfe, gegrillter Seefisch, Hummer, Hummer, H\u00fchnchen in Sahne, Gefl\u00fcgel in Zibet, Epoisse, Roquefort, Bleu de Bresse<\/p>\n","protected":false},"excerpt":{"rendered":"<p>Bernard und Michel Rousseau bewirtschaften 19 ha Weinberge in Esvres in der Touraine, haupts\u00e4chlich mit der Appellation Touraine Noble Jou\u00e9. Die Weinberge werden nach dem Prinzip des integrierten Anbaus bewirtschaftet. Die ton- und kalkhaltigen oder sand- und kieselhaltigen B\u00f6den machen das Terroir ideal f\u00fcr die Ausgewogenheit und den Ausdruck des Pinot.<\/p>\n","protected":false},"featured_media":11062,"template":"","meta":{"inline_featured_image":false},"product_brand":[],"product_cat":[603,609,624,608],"product_tag":[629,606],"class_list":{"0":"post-11054","1":"product","2":"type-product","3":"status-publish","4":"has-post-thumbnail","6":"product_cat-bio-wein","7":"product_cat-touraine-de","8":"product_cat-vergessene-rebsorten","9":"product_cat-weis","10":"product_tag-fische","11":"product_tag-ziegenkase","12":"product_shipping_class-flasche","14":"first","15":"instock","16":"featured","17":"taxable","18":"shipping-taxable","19":"purchasable","20":"product-type-simple"},"yoast_head":"<!-- This site is optimized with the Yoast SEO plugin v27.6 - https:\/\/yoast.com\/product\/yoast-seo-wordpress\/ -->\n<title>PINOT BEUROT DOMAINE ROUSSEAU 2022 - Loire Gourmande - une \u00e9tape savoureuse<\/title>\n<meta name=\"description\" content=\"Der Pinot Beurot ist ein trockener Wei\u00dfwein aus Pinot Gris. Weine von der Loire. Bestellung im Weinkeller auf der Website von Loire Gourmande. Weinh\u00e4ndler in Turquant (49).\" \/>\n<meta name=\"robots\" content=\"index, follow, max-snippet:-1, max-image-preview:large, max-video-preview:-1\" \/>\n<link rel=\"canonical\" href=\"https:\/\/www.loire-gourmande.fr\/de\/Produkt\/pinot-beurot-domaine-rousseau-2022\/\" \/>\n<meta property=\"og:locale\" content=\"de_DE\" \/>\n<meta property=\"og:type\" content=\"article\" \/>\n<meta property=\"og:title\" content=\"PINOT BEUROT DOMAINE ROUSSEAU 2022 - Loire Gourmande - une \u00e9tape savoureuse\" \/>\n<meta property=\"og:description\" content=\"Der Pinot Beurot ist ein trockener Wei\u00dfwein aus Pinot Gris. Weine von der Loire. Bestellung im Weinkeller auf der Website von Loire Gourmande. Weinh\u00e4ndler in Turquant (49).\" \/>\n<meta property=\"og:url\" content=\"https:\/\/www.loire-gourmande.fr\/de\/Produkt\/pinot-beurot-domaine-rousseau-2022\/\" \/>\n<meta property=\"og:site_name\" content=\"Loire Gourmande - une \u00e9tape savoureuse\" \/>\n<meta property=\"article:publisher\" content=\"https:\/\/www.facebook.com\/Loire-Gourmande-Turquant-101991328328493\/\" \/>\n<meta property=\"article:modified_time\" content=\"2025-05-27T15:17:12+00:00\" \/>\n<meta property=\"og:image\" content=\"https:\/\/www.loire-gourmande.fr\/wp-content\/uploads\/2023\/02\/3CPINGRIBEUROU17BLC-Blanc-Pinot-Beuret-Pinot-Gris-Rousseau-2017..png\" \/>\n\t<meta property=\"og:image:width\" content=\"800\" \/>\n\t<meta property=\"og:image:height\" content=\"800\" \/>\n\t<meta property=\"og:image:type\" content=\"image\/png\" \/>\n<meta name=\"twitter:card\" content=\"summary_large_image\" \/>\n<meta name=\"twitter:label1\" content=\"Gesch\u00e4tzte Lesezeit\" \/>\n\t<meta name=\"twitter:data1\" content=\"1\u00a0Minute\" \/>\n<script type=\"application\/ld+json\" class=\"yoast-schema-graph\">{\"@context\":\"https:\\\/\\\/schema.org\",\"@graph\":[{\"@type\":\"WebPage\",\"@id\":\"https:\\\/\\\/www.loire-gourmande.fr\\\/de\\\/Produkt\\\/pinot-beurot-domaine-rousseau-2022\\\/\",\"url\":\"https:\\\/\\\/www.loire-gourmande.fr\\\/de\\\/Produkt\\\/pinot-beurot-domaine-rousseau-2022\\\/\",\"name\":\"PINOT BEUROT DOMAINE ROUSSEAU 2022 - Loire Gourmande - une \u00e9tape savoureuse\",\"isPartOf\":{\"@id\":\"https:\\\/\\\/www.loire-gourmande.fr\\\/de\\\/#website\"},\"primaryImageOfPage\":{\"@id\":\"https:\\\/\\\/www.loire-gourmande.fr\\\/de\\\/Produkt\\\/pinot-beurot-domaine-rousseau-2022\\\/#primaryimage\"},\"image\":{\"@id\":\"https:\\\/\\\/www.loire-gourmande.fr\\\/de\\\/Produkt\\\/pinot-beurot-domaine-rousseau-2022\\\/#primaryimage\"},\"thumbnailUrl\":\"https:\\\/\\\/www.loire-gourmande.fr\\\/wp-content\\\/uploads\\\/2023\\\/02\\\/3CPINGRIBEUROU17BLC-Blanc-Pinot-Beuret-Pinot-Gris-Rousseau-2017..png\",\"datePublished\":\"2023-02-18T15:59:36+00:00\",\"dateModified\":\"2025-05-27T15:17:12+00:00\",\"description\":\"Der Pinot Beurot ist ein trockener Wei\u00dfwein aus Pinot Gris. Weine von der Loire. Bestellung im Weinkeller auf der Website von Loire Gourmande. Weinh\u00e4ndler in Turquant (49).\",\"breadcrumb\":{\"@id\":\"https:\\\/\\\/www.loire-gourmande.fr\\\/de\\\/Produkt\\\/pinot-beurot-domaine-rousseau-2022\\\/#breadcrumb\"},\"inLanguage\":\"de\",\"potentialAction\":[{\"@type\":\"ReadAction\",\"target\":[\"https:\\\/\\\/www.loire-gourmande.fr\\\/de\\\/Produkt\\\/pinot-beurot-domaine-rousseau-2022\\\/\"]}]},{\"@type\":\"ImageObject\",\"inLanguage\":\"de\",\"@id\":\"https:\\\/\\\/www.loire-gourmande.fr\\\/de\\\/Produkt\\\/pinot-beurot-domaine-rousseau-2022\\\/#primaryimage\",\"url\":\"https:\\\/\\\/www.loire-gourmande.fr\\\/wp-content\\\/uploads\\\/2023\\\/02\\\/3CPINGRIBEUROU17BLC-Blanc-Pinot-Beuret-Pinot-Gris-Rousseau-2017..png\",\"contentUrl\":\"https:\\\/\\\/www.loire-gourmande.fr\\\/wp-content\\\/uploads\\\/2023\\\/02\\\/3CPINGRIBEUROU17BLC-Blanc-Pinot-Beuret-Pinot-Gris-Rousseau-2017..png\",\"width\":800,\"height\":800},{\"@type\":\"BreadcrumbList\",\"@id\":\"https:\\\/\\\/www.loire-gourmande.fr\\\/de\\\/Produkt\\\/pinot-beurot-domaine-rousseau-2022\\\/#breadcrumb\",\"itemListElement\":[{\"@type\":\"ListItem\",\"position\":1,\"name\":\"Startseite\",\"item\":\"https:\\\/\\\/www.loire-gourmande.fr\\\/de\\\/\"},{\"@type\":\"ListItem\",\"position\":2,\"name\":\"Die Boutique de Loire Gourmande: die Weine der Loire\",\"item\":\"https:\\\/\\\/www.loire-gourmande.fr\\\/de\\\/woocommerce\\\/\"},{\"@type\":\"ListItem\",\"position\":3,\"name\":\"Die Weine\",\"item\":\"https:\\\/\\\/www.loire-gourmande.fr\\\/de\\\/Produktkategorie\\\/die-weine\\\/\"},{\"@type\":\"ListItem\",\"position\":4,\"name\":\"Wei\u00df\",\"item\":\"https:\\\/\\\/www.loire-gourmande.fr\\\/de\\\/Produktkategorie\\\/die-weine\\\/weis\\\/\"},{\"@type\":\"ListItem\",\"position\":5,\"name\":\"PINOT BEUROT DOMAINE ROUSSEAU 2022\"}]},{\"@type\":\"WebSite\",\"@id\":\"https:\\\/\\\/www.loire-gourmande.fr\\\/de\\\/#website\",\"url\":\"https:\\\/\\\/www.loire-gourmande.fr\\\/de\\\/\",\"name\":\"Loire Gourmande, une \u00e9tape savoureuse\",\"description\":\"une d\u00e9gustation \u00e0 toute heure et une boutique \u00e0 visiter \u00e0 Turquant (49)\",\"publisher\":{\"@id\":\"https:\\\/\\\/www.loire-gourmande.fr\\\/de\\\/#organization\"},\"potentialAction\":[{\"@type\":\"SearchAction\",\"target\":{\"@type\":\"EntryPoint\",\"urlTemplate\":\"https:\\\/\\\/www.loire-gourmande.fr\\\/de\\\/?s={search_term_string}\"},\"query-input\":{\"@type\":\"PropertyValueSpecification\",\"valueRequired\":true,\"valueName\":\"search_term_string\"}}],\"inLanguage\":\"de\"},{\"@type\":\"Organization\",\"@id\":\"https:\\\/\\\/www.loire-gourmande.fr\\\/de\\\/#organization\",\"name\":\"Loire Gourmande - Schnellrestaurant und Besuch in Turquant (49)\",\"url\":\"https:\\\/\\\/www.loire-gourmande.fr\\\/de\\\/\",\"logo\":{\"@type\":\"ImageObject\",\"inLanguage\":\"de\",\"@id\":\"https:\\\/\\\/www.loire-gourmande.fr\\\/de\\\/#\\\/schema\\\/logo\\\/image\\\/\",\"url\":\"https:\\\/\\\/www.loire-gourmande.fr\\\/wp-content\\\/uploads\\\/2020\\\/10\\\/loire-gourmande-logo.jpg\",\"contentUrl\":\"https:\\\/\\\/www.loire-gourmande.fr\\\/wp-content\\\/uploads\\\/2020\\\/10\\\/loire-gourmande-logo.jpg\",\"width\":800,\"height\":415,\"caption\":\"Loire Gourmande - Schnellrestaurant und Besuch in Turquant (49)\"},\"image\":{\"@id\":\"https:\\\/\\\/www.loire-gourmande.fr\\\/de\\\/#\\\/schema\\\/logo\\\/image\\\/\"},\"sameAs\":[\"https:\\\/\\\/www.facebook.com\\\/Loire-Gourmande-Turquant-101991328328493\\\/\",\"https:\\\/\\\/www.instagram.com\\\/jean_yves_auradon\\\/?igshid=1ta3mfjka326t\"]}]}<\/script>\n<!-- \/ Yoast SEO plugin. -->","yoast_head_json":{"title":"PINOT BEUROT DOMAINE ROUSSEAU 2022 - Loire Gourmande - une \u00e9tape savoureuse","description":"Der Pinot Beurot ist ein trockener Wei\u00dfwein aus Pinot Gris. Weine von der Loire. Bestellung im Weinkeller auf der Website von Loire Gourmande. Weinh\u00e4ndler in Turquant (49).","robots":{"index":"index","follow":"follow","max-snippet":"max-snippet:-1","max-image-preview":"max-image-preview:large","max-video-preview":"max-video-preview:-1"},"canonical":"https:\/\/www.loire-gourmande.fr\/de\/Produkt\/pinot-beurot-domaine-rousseau-2022\/","og_locale":"de_DE","og_type":"article","og_title":"PINOT BEUROT DOMAINE ROUSSEAU 2022 - Loire Gourmande - une \u00e9tape savoureuse","og_description":"Der Pinot Beurot ist ein trockener Wei\u00dfwein aus Pinot Gris. Weine von der Loire. Bestellung im Weinkeller auf der Website von Loire Gourmande. Weinh\u00e4ndler in Turquant (49).","og_url":"https:\/\/www.loire-gourmande.fr\/de\/Produkt\/pinot-beurot-domaine-rousseau-2022\/","og_site_name":"Loire Gourmande - une \u00e9tape savoureuse","article_publisher":"https:\/\/www.facebook.com\/Loire-Gourmande-Turquant-101991328328493\/","article_modified_time":"2025-05-27T15:17:12+00:00","og_image":[{"width":800,"height":800,"url":"https:\/\/www.loire-gourmande.fr\/wp-content\/uploads\/2023\/02\/3CPINGRIBEUROU17BLC-Blanc-Pinot-Beuret-Pinot-Gris-Rousseau-2017..png","type":"image\/png"}],"twitter_card":"summary_large_image","twitter_misc":{"Gesch\u00e4tzte Lesezeit":"1\u00a0Minute"},"schema":{"@context":"https:\/\/schema.org","@graph":[{"@type":"WebPage","@id":"https:\/\/www.loire-gourmande.fr\/de\/Produkt\/pinot-beurot-domaine-rousseau-2022\/","url":"https:\/\/www.loire-gourmande.fr\/de\/Produkt\/pinot-beurot-domaine-rousseau-2022\/","name":"PINOT BEUROT DOMAINE ROUSSEAU 2022 - Loire Gourmande - une \u00e9tape savoureuse","isPartOf":{"@id":"https:\/\/www.loire-gourmande.fr\/de\/#website"},"primaryImageOfPage":{"@id":"https:\/\/www.loire-gourmande.fr\/de\/Produkt\/pinot-beurot-domaine-rousseau-2022\/#primaryimage"},"image":{"@id":"https:\/\/www.loire-gourmande.fr\/de\/Produkt\/pinot-beurot-domaine-rousseau-2022\/#primaryimage"},"thumbnailUrl":"https:\/\/www.loire-gourmande.fr\/wp-content\/uploads\/2023\/02\/3CPINGRIBEUROU17BLC-Blanc-Pinot-Beuret-Pinot-Gris-Rousseau-2017..png","datePublished":"2023-02-18T15:59:36+00:00","dateModified":"2025-05-27T15:17:12+00:00","description":"Der Pinot Beurot ist ein trockener Wei\u00dfwein aus Pinot Gris. Weine von der Loire. Bestellung im Weinkeller auf der Website von Loire Gourmande. Weinh\u00e4ndler in Turquant (49).","breadcrumb":{"@id":"https:\/\/www.loire-gourmande.fr\/de\/Produkt\/pinot-beurot-domaine-rousseau-2022\/#breadcrumb"},"inLanguage":"de","potentialAction":[{"@type":"ReadAction","target":["https:\/\/www.loire-gourmande.fr\/de\/Produkt\/pinot-beurot-domaine-rousseau-2022\/"]}]},{"@type":"ImageObject","inLanguage":"de","@id":"https:\/\/www.loire-gourmande.fr\/de\/Produkt\/pinot-beurot-domaine-rousseau-2022\/#primaryimage","url":"https:\/\/www.loire-gourmande.fr\/wp-content\/uploads\/2023\/02\/3CPINGRIBEUROU17BLC-Blanc-Pinot-Beuret-Pinot-Gris-Rousseau-2017..png","contentUrl":"https:\/\/www.loire-gourmande.fr\/wp-content\/uploads\/2023\/02\/3CPINGRIBEUROU17BLC-Blanc-Pinot-Beuret-Pinot-Gris-Rousseau-2017..png","width":800,"height":800},{"@type":"BreadcrumbList","@id":"https:\/\/www.loire-gourmande.fr\/de\/Produkt\/pinot-beurot-domaine-rousseau-2022\/#breadcrumb","itemListElement":[{"@type":"ListItem","position":1,"name":"Startseite","item":"https:\/\/www.loire-gourmande.fr\/de\/"},{"@type":"ListItem","position":2,"name":"Die Boutique de Loire Gourmande: die Weine der Loire","item":"https:\/\/www.loire-gourmande.fr\/de\/woocommerce\/"},{"@type":"ListItem","position":3,"name":"Die Weine","item":"https:\/\/www.loire-gourmande.fr\/de\/Produktkategorie\/die-weine\/"},{"@type":"ListItem","position":4,"name":"Wei\u00df","item":"https:\/\/www.loire-gourmande.fr\/de\/Produktkategorie\/die-weine\/weis\/"},{"@type":"ListItem","position":5,"name":"PINOT BEUROT DOMAINE ROUSSEAU 2022"}]},{"@type":"WebSite","@id":"https:\/\/www.loire-gourmande.fr\/de\/#website","url":"https:\/\/www.loire-gourmande.fr\/de\/","name":"Loire Gourmande, une \u00e9tape savoureuse","description":"une d\u00e9gustation \u00e0 toute heure et une boutique \u00e0 visiter \u00e0 Turquant (49)","publisher":{"@id":"https:\/\/www.loire-gourmande.fr\/de\/#organization"},"potentialAction":[{"@type":"SearchAction","target":{"@type":"EntryPoint","urlTemplate":"https:\/\/www.loire-gourmande.fr\/de\/?s={search_term_string}"},"query-input":{"@type":"PropertyValueSpecification","valueRequired":true,"valueName":"search_term_string"}}],"inLanguage":"de"},{"@type":"Organization","@id":"https:\/\/www.loire-gourmande.fr\/de\/#organization","name":"Loire Gourmande - Schnellrestaurant und Besuch in Turquant (49)","url":"https:\/\/www.loire-gourmande.fr\/de\/","logo":{"@type":"ImageObject","inLanguage":"de","@id":"https:\/\/www.loire-gourmande.fr\/de\/#\/schema\/logo\/image\/","url":"https:\/\/www.loire-gourmande.fr\/wp-content\/uploads\/2020\/10\/loire-gourmande-logo.jpg","contentUrl":"https:\/\/www.loire-gourmande.fr\/wp-content\/uploads\/2020\/10\/loire-gourmande-logo.jpg","width":800,"height":415,"caption":"Loire Gourmande - Schnellrestaurant und Besuch in Turquant (49)"},"image":{"@id":"https:\/\/www.loire-gourmande.fr\/de\/#\/schema\/logo\/image\/"},"sameAs":["https:\/\/www.facebook.com\/Loire-Gourmande-Turquant-101991328328493\/","https:\/\/www.instagram.com\/jean_yves_auradon\/?igshid=1ta3mfjka326t"]}]}},"_links":{"self":[{"href":"https:\/\/www.loire-gourmande.fr\/de\/wp-json\/wp\/v2\/product\/11054","targetHints":{"allow":["GET"]}}],"collection":[{"href":"https:\/\/www.loire-gourmande.fr\/de\/wp-json\/wp\/v2\/product"}],"about":[{"href":"https:\/\/www.loire-gourmande.fr\/de\/wp-json\/wp\/v2\/types\/product"}],"version-history":[{"count":2,"href":"https:\/\/www.loire-gourmande.fr\/de\/wp-json\/wp\/v2\/product\/11054\/revisions"}],"predecessor-version":[{"id":13020,"href":"https:\/\/www.loire-gourmande.fr\/de\/wp-json\/wp\/v2\/product\/11054\/revisions\/13020"}],"wp:featuredmedia":[{"embeddable":true,"href":"https:\/\/www.loire-gourmande.fr\/de\/wp-json\/wp\/v2\/media\/11062"}],"wp:attachment":[{"href":"https:\/\/www.loire-gourmande.fr\/de\/wp-json\/wp\/v2\/media?parent=11054"}],"wp:term":[{"taxonomy":"product_brand","embeddable":true,"href":"https:\/\/www.loire-gourmande.fr\/de\/wp-json\/wp\/v2\/product_brand?post=11054"},{"taxonomy":"product_cat","embeddable":true,"href":"https:\/\/www.loire-gourmande.fr\/de\/wp-json\/wp\/v2\/product_cat?post=11054"},{"taxonomy":"product_tag","embeddable":true,"href":"https:\/\/www.loire-gourmande.fr\/de\/wp-json\/wp\/v2\/product_tag?post=11054"}],"curies":[{"name":"wp","href":"https:\/\/api.w.org\/{rel}","templated":true}]}}