{"id":11065,"date":"2023-02-19T13:45:48","date_gmt":"2023-02-19T13:45:48","guid":{"rendered":"https:\/\/www.loire-gourmande.fr\/produit\/gamay-rouge-les-hauts-du-buisson-chateau-buisson\/"},"modified":"2025-05-27T16:19:38","modified_gmt":"2025-05-27T15:19:38","slug":"gamay-rouge-les-hauts-du-buisson-chateau-buisson","status":"publish","type":"product","link":"https:\/\/www.loire-gourmande.fr\/de\/Produkt\/gamay-rouge-les-hauts-du-buisson-chateau-buisson\/","title":{"rendered":"GAMAY ROUGE LES HAUTS DU BUISSON CHATEAU BUISSON"},"content":{"rendered":"<p class=\"font_7\"><strong>Bezeichnung<\/strong>: Vin de France<br \/>\n<strong>Rebsorte<\/strong>: Gamay Beaujolais<br \/>\n<strong>Boden<\/strong>: Lehm-Kalkstein<br \/>\n<strong>Weintyp<\/strong>: Rund<br \/>\n<strong>Alkoholgehalt<\/strong>: 12,5 %.<br \/>\n<strong>Robe<\/strong>: Kirschrot<br \/>\n<strong>Verkostung<\/strong>: Rote Fr\u00fcchte, feine W\u00fcrze<br \/>\n<strong>Serviertemperatur<\/strong>: 14 bis 16\u00b0C<br \/>\n<strong>Lagertemperatur<\/strong>: 14 bis 16\u00b0C<br \/>\n<strong>Verweildauer<\/strong>: 2 bis 5 Jahre<br \/>\n<strong>Passt zu<\/strong>: Wurstwaren, rotem Fleisch, Wild, Gefl\u00fcgel und K\u00e4se.<\/p>\n<p class=\"font_7\"><span class=\"wixGuard\">\u200b<\/span><\/p>\n","protected":false},"excerpt":{"rendered":"<p class=\"font_7 wixui-rich-text__text\"><span class=\"wixui-rich-text__text\">Die &#8222;Domaine du Buisson&#8220; ist seit mehreren Generationen eine Winzerfamilie und eines der gr\u00f6\u00dften Weing\u00fcter in ihrer Region.<br \/>\n<\/span><span class=\"wixui-rich-text__text\"><br \/>\n  <span class=\"wixGuard wixui-rich-text__text\"><br \/>\n<\/span><span class=\"wixui-rich-text__text\">Die Domaine du Buisson liegt in La Chapelle-Saint-Florent, im Departement Maine-et-Loire (49), etwa 45 km von Angers und Nantes entfernt, und befindet sich auch auf der Route des Vins et Villages de l&#8217;Anjou.<br \/>\n<\/span><\/span><span class=\"wixui-rich-text__text\">Die &#8222;Domaine du Buisson&#8220; verf\u00fcgt vor allem \u00fcber einen Weinberg, der im Hinblick auf Qualit\u00e4t neu gestaltet wurde.<br \/>\n<\/span><span class=\"wixui-rich-text__text\">Das Weingut verf\u00fcgt \u00fcber einen Weinkeller mit temperaturgesteuerten Tanks, die eine optimale Arbeit bei der Weinbereitung erm\u00f6glichen und eine thermische Tr\u00e4gheit, die den Ausbau erleichtert.<br \/>\n<\/span><span class=\"wixui-rich-text__text\">Die &#8222;Domaine du Buisson&#8220; betreibt 4 weitere Weing\u00fcter in den Gemeinden La Chapelle-Saint-Florent, Bouzill\u00e9 und Lir\u00e9: Die &#8222;Domaine<a class=\"wixui-rich-text__text\" href=\"https:\/\/www.domaine-du-buisson.com\/domaine-des-couronnieres\" target=\"_blank\" rel=\"noreferrer noopener\">des Couronni\u00e8res<\/a>&#8222;, das &#8222;<a class=\"wixui-rich-text__text\" href=\"https:\/\/www.domaine-du-buisson.com\/chateau-de-la-baronniere\" target=\"_blank\" rel=\"noreferrer noopener\">Ch\u00e2teau de la Baronni\u00e8re<\/a>&#8222;, die &#8222;Domaine<a class=\"wixui-rich-text__text\" href=\"https:\/\/www.domaine-du-buisson.com\/domaine-arcis\" target=\"_blank\" rel=\"noreferrer noopener\">d&#8217;Arcis<\/a>&#8220; und die &#8222;Domaine de<a class=\"wixui-rich-text__text\" href=\"https:\/\/www.domaine-du-buisson.com\/domaine-de-viaud\" target=\"_blank\" rel=\"noreferrer noopener\">Viaud<\/a>&#8222;.<\/span><\/p>\n<p class=\"font_7 wixui-rich-text__text\"><span class=\"wixui-rich-text__text\"> <\/span><\/p>\n","protected":false},"featured_media":11070,"template":"","meta":{"inline_featured_image":false},"product_brand":[],"product_cat":[600,601,611],"product_tag":[659,644,679,643],"class_list":{"0":"post-11065","1":"product","2":"type-product","3":"status-publish","4":"has-post-thumbnail","6":"product_cat-die-weine","7":"product_cat-rot","8":"product_cat-weinberge-nantes","9":"product_tag-geflugel","10":"product_tag-kase-de","11":"product_tag-rotes-fleisch","12":"product_tag-wurstwaren","13":"product_shipping_class-flasche","15":"first","16":"instock","17":"featured","18":"taxable","19":"shipping-taxable","20":"purchasable","21":"product-type-simple"},"yoast_head":"<!-- This site is optimized with the Yoast SEO plugin v27.6 - https:\/\/yoast.com\/product\/yoast-seo-wordpress\/ -->\n<title>GAMAY ROUGE LES HAUTS DU BUISSON CHATEAU BUISSON - Loire Gourmande - une \u00e9tape savoureuse<\/title>\n<meta name=\"description\" content=\"Domaine du Buisson Gamay Rouge. Weine von der Loire. Bestellung im Weinkeller auf der Website von Loire Gourmande. Weinh\u00e4ndler in Turquant (49).\" \/>\n<meta name=\"robots\" content=\"index, follow, max-snippet:-1, max-image-preview:large, max-video-preview:-1\" \/>\n<link rel=\"canonical\" href=\"https:\/\/www.loire-gourmande.fr\/de\/Produkt\/gamay-rouge-les-hauts-du-buisson-chateau-buisson\/\" \/>\n<meta property=\"og:locale\" content=\"de_DE\" \/>\n<meta property=\"og:type\" content=\"article\" \/>\n<meta property=\"og:title\" content=\"GAMAY ROUGE LES HAUTS DU BUISSON CHATEAU BUISSON - Loire Gourmande - une \u00e9tape savoureuse\" \/>\n<meta property=\"og:description\" content=\"Domaine du Buisson Gamay Rouge. Weine von der Loire. Bestellung im Weinkeller auf der Website von Loire Gourmande. Weinh\u00e4ndler in Turquant (49).\" \/>\n<meta property=\"og:url\" content=\"https:\/\/www.loire-gourmande.fr\/de\/Produkt\/gamay-rouge-les-hauts-du-buisson-chateau-buisson\/\" \/>\n<meta property=\"og:site_name\" content=\"Loire Gourmande - une \u00e9tape savoureuse\" \/>\n<meta property=\"article:publisher\" content=\"https:\/\/www.facebook.com\/Loire-Gourmande-Turquant-101991328328493\/\" \/>\n<meta property=\"article:modified_time\" content=\"2025-05-27T15:19:38+00:00\" \/>\n<meta property=\"og:image\" content=\"https:\/\/www.loire-gourmande.fr\/wp-content\/uploads\/2023\/02\/Gamay-Rouge-22Les-Hauts-du-Buisson22.png\" \/>\n\t<meta property=\"og:image:width\" content=\"1388\" \/>\n\t<meta property=\"og:image:height\" content=\"1550\" \/>\n\t<meta property=\"og:image:type\" content=\"image\/png\" \/>\n<meta name=\"twitter:card\" content=\"summary_large_image\" \/>\n<script type=\"application\/ld+json\" class=\"yoast-schema-graph\">{\"@context\":\"https:\\\/\\\/schema.org\",\"@graph\":[{\"@type\":\"WebPage\",\"@id\":\"https:\\\/\\\/www.loire-gourmande.fr\\\/de\\\/Produkt\\\/gamay-rouge-les-hauts-du-buisson-chateau-buisson\\\/\",\"url\":\"https:\\\/\\\/www.loire-gourmande.fr\\\/de\\\/Produkt\\\/gamay-rouge-les-hauts-du-buisson-chateau-buisson\\\/\",\"name\":\"GAMAY ROUGE LES HAUTS DU BUISSON CHATEAU BUISSON - Loire Gourmande - une \u00e9tape savoureuse\",\"isPartOf\":{\"@id\":\"https:\\\/\\\/www.loire-gourmande.fr\\\/de\\\/#website\"},\"primaryImageOfPage\":{\"@id\":\"https:\\\/\\\/www.loire-gourmande.fr\\\/de\\\/Produkt\\\/gamay-rouge-les-hauts-du-buisson-chateau-buisson\\\/#primaryimage\"},\"image\":{\"@id\":\"https:\\\/\\\/www.loire-gourmande.fr\\\/de\\\/Produkt\\\/gamay-rouge-les-hauts-du-buisson-chateau-buisson\\\/#primaryimage\"},\"thumbnailUrl\":\"https:\\\/\\\/www.loire-gourmande.fr\\\/wp-content\\\/uploads\\\/2023\\\/02\\\/Gamay-Rouge-22Les-Hauts-du-Buisson22.png\",\"datePublished\":\"2023-02-19T13:45:48+00:00\",\"dateModified\":\"2025-05-27T15:19:38+00:00\",\"description\":\"Domaine du Buisson Gamay Rouge. Weine von der Loire. Bestellung im Weinkeller auf der Website von Loire Gourmande. Weinh\u00e4ndler in Turquant (49).\",\"breadcrumb\":{\"@id\":\"https:\\\/\\\/www.loire-gourmande.fr\\\/de\\\/Produkt\\\/gamay-rouge-les-hauts-du-buisson-chateau-buisson\\\/#breadcrumb\"},\"inLanguage\":\"de\",\"potentialAction\":[{\"@type\":\"ReadAction\",\"target\":[\"https:\\\/\\\/www.loire-gourmande.fr\\\/de\\\/Produkt\\\/gamay-rouge-les-hauts-du-buisson-chateau-buisson\\\/\"]}]},{\"@type\":\"ImageObject\",\"inLanguage\":\"de\",\"@id\":\"https:\\\/\\\/www.loire-gourmande.fr\\\/de\\\/Produkt\\\/gamay-rouge-les-hauts-du-buisson-chateau-buisson\\\/#primaryimage\",\"url\":\"https:\\\/\\\/www.loire-gourmande.fr\\\/wp-content\\\/uploads\\\/2023\\\/02\\\/Gamay-Rouge-22Les-Hauts-du-Buisson22.png\",\"contentUrl\":\"https:\\\/\\\/www.loire-gourmande.fr\\\/wp-content\\\/uploads\\\/2023\\\/02\\\/Gamay-Rouge-22Les-Hauts-du-Buisson22.png\",\"width\":1388,\"height\":1550},{\"@type\":\"BreadcrumbList\",\"@id\":\"https:\\\/\\\/www.loire-gourmande.fr\\\/de\\\/Produkt\\\/gamay-rouge-les-hauts-du-buisson-chateau-buisson\\\/#breadcrumb\",\"itemListElement\":[{\"@type\":\"ListItem\",\"position\":1,\"name\":\"Startseite\",\"item\":\"https:\\\/\\\/www.loire-gourmande.fr\\\/de\\\/\"},{\"@type\":\"ListItem\",\"position\":2,\"name\":\"Die Boutique de Loire Gourmande: die Weine der Loire\",\"item\":\"https:\\\/\\\/www.loire-gourmande.fr\\\/de\\\/woocommerce\\\/\"},{\"@type\":\"ListItem\",\"position\":3,\"name\":\"Die Weine\",\"item\":\"https:\\\/\\\/www.loire-gourmande.fr\\\/de\\\/Produktkategorie\\\/die-weine\\\/\"},{\"@type\":\"ListItem\",\"position\":4,\"name\":\"GAMAY ROUGE LES HAUTS DU BUISSON CHATEAU BUISSON\"}]},{\"@type\":\"WebSite\",\"@id\":\"https:\\\/\\\/www.loire-gourmande.fr\\\/de\\\/#website\",\"url\":\"https:\\\/\\\/www.loire-gourmande.fr\\\/de\\\/\",\"name\":\"Loire Gourmande, une \u00e9tape savoureuse\",\"description\":\"une d\u00e9gustation \u00e0 toute heure et une boutique \u00e0 visiter \u00e0 Turquant (49)\",\"publisher\":{\"@id\":\"https:\\\/\\\/www.loire-gourmande.fr\\\/de\\\/#organization\"},\"potentialAction\":[{\"@type\":\"SearchAction\",\"target\":{\"@type\":\"EntryPoint\",\"urlTemplate\":\"https:\\\/\\\/www.loire-gourmande.fr\\\/de\\\/?s={search_term_string}\"},\"query-input\":{\"@type\":\"PropertyValueSpecification\",\"valueRequired\":true,\"valueName\":\"search_term_string\"}}],\"inLanguage\":\"de\"},{\"@type\":\"Organization\",\"@id\":\"https:\\\/\\\/www.loire-gourmande.fr\\\/de\\\/#organization\",\"name\":\"Loire Gourmande - Schnellrestaurant und Besuch in Turquant (49)\",\"url\":\"https:\\\/\\\/www.loire-gourmande.fr\\\/de\\\/\",\"logo\":{\"@type\":\"ImageObject\",\"inLanguage\":\"de\",\"@id\":\"https:\\\/\\\/www.loire-gourmande.fr\\\/de\\\/#\\\/schema\\\/logo\\\/image\\\/\",\"url\":\"https:\\\/\\\/www.loire-gourmande.fr\\\/wp-content\\\/uploads\\\/2020\\\/10\\\/loire-gourmande-logo.jpg\",\"contentUrl\":\"https:\\\/\\\/www.loire-gourmande.fr\\\/wp-content\\\/uploads\\\/2020\\\/10\\\/loire-gourmande-logo.jpg\",\"width\":800,\"height\":415,\"caption\":\"Loire Gourmande - Schnellrestaurant und Besuch in Turquant (49)\"},\"image\":{\"@id\":\"https:\\\/\\\/www.loire-gourmande.fr\\\/de\\\/#\\\/schema\\\/logo\\\/image\\\/\"},\"sameAs\":[\"https:\\\/\\\/www.facebook.com\\\/Loire-Gourmande-Turquant-101991328328493\\\/\",\"https:\\\/\\\/www.instagram.com\\\/jean_yves_auradon\\\/?igshid=1ta3mfjka326t\"]}]}<\/script>\n<!-- \/ Yoast SEO plugin. -->","yoast_head_json":{"title":"GAMAY ROUGE LES HAUTS DU BUISSON CHATEAU BUISSON - Loire Gourmande - une \u00e9tape savoureuse","description":"Domaine du Buisson Gamay Rouge. Weine von der Loire. Bestellung im Weinkeller auf der Website von Loire Gourmande. Weinh\u00e4ndler in Turquant (49).","robots":{"index":"index","follow":"follow","max-snippet":"max-snippet:-1","max-image-preview":"max-image-preview:large","max-video-preview":"max-video-preview:-1"},"canonical":"https:\/\/www.loire-gourmande.fr\/de\/Produkt\/gamay-rouge-les-hauts-du-buisson-chateau-buisson\/","og_locale":"de_DE","og_type":"article","og_title":"GAMAY ROUGE LES HAUTS DU BUISSON CHATEAU BUISSON - Loire Gourmande - une \u00e9tape savoureuse","og_description":"Domaine du Buisson Gamay Rouge. Weine von der Loire. Bestellung im Weinkeller auf der Website von Loire Gourmande. Weinh\u00e4ndler in Turquant (49).","og_url":"https:\/\/www.loire-gourmande.fr\/de\/Produkt\/gamay-rouge-les-hauts-du-buisson-chateau-buisson\/","og_site_name":"Loire Gourmande - une \u00e9tape savoureuse","article_publisher":"https:\/\/www.facebook.com\/Loire-Gourmande-Turquant-101991328328493\/","article_modified_time":"2025-05-27T15:19:38+00:00","og_image":[{"width":1388,"height":1550,"url":"https:\/\/www.loire-gourmande.fr\/wp-content\/uploads\/2023\/02\/Gamay-Rouge-22Les-Hauts-du-Buisson22.png","type":"image\/png"}],"twitter_card":"summary_large_image","schema":{"@context":"https:\/\/schema.org","@graph":[{"@type":"WebPage","@id":"https:\/\/www.loire-gourmande.fr\/de\/Produkt\/gamay-rouge-les-hauts-du-buisson-chateau-buisson\/","url":"https:\/\/www.loire-gourmande.fr\/de\/Produkt\/gamay-rouge-les-hauts-du-buisson-chateau-buisson\/","name":"GAMAY ROUGE LES HAUTS DU BUISSON CHATEAU BUISSON - Loire Gourmande - une \u00e9tape savoureuse","isPartOf":{"@id":"https:\/\/www.loire-gourmande.fr\/de\/#website"},"primaryImageOfPage":{"@id":"https:\/\/www.loire-gourmande.fr\/de\/Produkt\/gamay-rouge-les-hauts-du-buisson-chateau-buisson\/#primaryimage"},"image":{"@id":"https:\/\/www.loire-gourmande.fr\/de\/Produkt\/gamay-rouge-les-hauts-du-buisson-chateau-buisson\/#primaryimage"},"thumbnailUrl":"https:\/\/www.loire-gourmande.fr\/wp-content\/uploads\/2023\/02\/Gamay-Rouge-22Les-Hauts-du-Buisson22.png","datePublished":"2023-02-19T13:45:48+00:00","dateModified":"2025-05-27T15:19:38+00:00","description":"Domaine du Buisson Gamay Rouge. Weine von der Loire. Bestellung im Weinkeller auf der Website von Loire Gourmande. Weinh\u00e4ndler in Turquant (49).","breadcrumb":{"@id":"https:\/\/www.loire-gourmande.fr\/de\/Produkt\/gamay-rouge-les-hauts-du-buisson-chateau-buisson\/#breadcrumb"},"inLanguage":"de","potentialAction":[{"@type":"ReadAction","target":["https:\/\/www.loire-gourmande.fr\/de\/Produkt\/gamay-rouge-les-hauts-du-buisson-chateau-buisson\/"]}]},{"@type":"ImageObject","inLanguage":"de","@id":"https:\/\/www.loire-gourmande.fr\/de\/Produkt\/gamay-rouge-les-hauts-du-buisson-chateau-buisson\/#primaryimage","url":"https:\/\/www.loire-gourmande.fr\/wp-content\/uploads\/2023\/02\/Gamay-Rouge-22Les-Hauts-du-Buisson22.png","contentUrl":"https:\/\/www.loire-gourmande.fr\/wp-content\/uploads\/2023\/02\/Gamay-Rouge-22Les-Hauts-du-Buisson22.png","width":1388,"height":1550},{"@type":"BreadcrumbList","@id":"https:\/\/www.loire-gourmande.fr\/de\/Produkt\/gamay-rouge-les-hauts-du-buisson-chateau-buisson\/#breadcrumb","itemListElement":[{"@type":"ListItem","position":1,"name":"Startseite","item":"https:\/\/www.loire-gourmande.fr\/de\/"},{"@type":"ListItem","position":2,"name":"Die Boutique de Loire Gourmande: die Weine der Loire","item":"https:\/\/www.loire-gourmande.fr\/de\/woocommerce\/"},{"@type":"ListItem","position":3,"name":"Die Weine","item":"https:\/\/www.loire-gourmande.fr\/de\/Produktkategorie\/die-weine\/"},{"@type":"ListItem","position":4,"name":"GAMAY ROUGE LES HAUTS DU BUISSON CHATEAU BUISSON"}]},{"@type":"WebSite","@id":"https:\/\/www.loire-gourmande.fr\/de\/#website","url":"https:\/\/www.loire-gourmande.fr\/de\/","name":"Loire Gourmande, une \u00e9tape savoureuse","description":"une d\u00e9gustation \u00e0 toute heure et une boutique \u00e0 visiter \u00e0 Turquant (49)","publisher":{"@id":"https:\/\/www.loire-gourmande.fr\/de\/#organization"},"potentialAction":[{"@type":"SearchAction","target":{"@type":"EntryPoint","urlTemplate":"https:\/\/www.loire-gourmande.fr\/de\/?s={search_term_string}"},"query-input":{"@type":"PropertyValueSpecification","valueRequired":true,"valueName":"search_term_string"}}],"inLanguage":"de"},{"@type":"Organization","@id":"https:\/\/www.loire-gourmande.fr\/de\/#organization","name":"Loire Gourmande - Schnellrestaurant und Besuch in Turquant (49)","url":"https:\/\/www.loire-gourmande.fr\/de\/","logo":{"@type":"ImageObject","inLanguage":"de","@id":"https:\/\/www.loire-gourmande.fr\/de\/#\/schema\/logo\/image\/","url":"https:\/\/www.loire-gourmande.fr\/wp-content\/uploads\/2020\/10\/loire-gourmande-logo.jpg","contentUrl":"https:\/\/www.loire-gourmande.fr\/wp-content\/uploads\/2020\/10\/loire-gourmande-logo.jpg","width":800,"height":415,"caption":"Loire Gourmande - Schnellrestaurant und Besuch in Turquant (49)"},"image":{"@id":"https:\/\/www.loire-gourmande.fr\/de\/#\/schema\/logo\/image\/"},"sameAs":["https:\/\/www.facebook.com\/Loire-Gourmande-Turquant-101991328328493\/","https:\/\/www.instagram.com\/jean_yves_auradon\/?igshid=1ta3mfjka326t"]}]}},"_links":{"self":[{"href":"https:\/\/www.loire-gourmande.fr\/de\/wp-json\/wp\/v2\/product\/11065","targetHints":{"allow":["GET"]}}],"collection":[{"href":"https:\/\/www.loire-gourmande.fr\/de\/wp-json\/wp\/v2\/product"}],"about":[{"href":"https:\/\/www.loire-gourmande.fr\/de\/wp-json\/wp\/v2\/types\/product"}],"version-history":[{"count":2,"href":"https:\/\/www.loire-gourmande.fr\/de\/wp-json\/wp\/v2\/product\/11065\/revisions"}],"predecessor-version":[{"id":13050,"href":"https:\/\/www.loire-gourmande.fr\/de\/wp-json\/wp\/v2\/product\/11065\/revisions\/13050"}],"wp:featuredmedia":[{"embeddable":true,"href":"https:\/\/www.loire-gourmande.fr\/de\/wp-json\/wp\/v2\/media\/11070"}],"wp:attachment":[{"href":"https:\/\/www.loire-gourmande.fr\/de\/wp-json\/wp\/v2\/media?parent=11065"}],"wp:term":[{"taxonomy":"product_brand","embeddable":true,"href":"https:\/\/www.loire-gourmande.fr\/de\/wp-json\/wp\/v2\/product_brand?post=11065"},{"taxonomy":"product_cat","embeddable":true,"href":"https:\/\/www.loire-gourmande.fr\/de\/wp-json\/wp\/v2\/product_cat?post=11065"},{"taxonomy":"product_tag","embeddable":true,"href":"https:\/\/www.loire-gourmande.fr\/de\/wp-json\/wp\/v2\/product_tag?post=11065"}],"curies":[{"name":"wp","href":"https:\/\/api.w.org\/{rel}","templated":true}]}}