{"id":11066,"date":"2023-12-24T15:51:00","date_gmt":"2023-12-24T15:51:00","guid":{"rendered":"https:\/\/www.loire-gourmande.fr\/produit\/cremant-de-loire-domaine-leduc-fouin\/"},"modified":"2025-04-08T10:15:28","modified_gmt":"2025-04-08T09:15:28","slug":"cremant-de-loire-domaine-leduc-fouin","status":"publish","type":"product","link":"https:\/\/www.loire-gourmande.fr\/de\/Produkt\/cremant-de-loire-domaine-leduc-fouin\/","title":{"rendered":"CREMANT DE LOIRE DOMAINE LEDUC FOUIN"},"content":{"rendered":"<div class=\"page\" title=\"Seite 1\">\n<div class=\"section\">\n<div class=\"layoutArea\">\n<div class=\"column\">\n<p>DEGUSTATION<\/p>\n<p>Unser wei\u00dfer Cr\u00e9mant de Loire wird aus den Rebsorten Chardonnay, Chenin und Cabernet Franc hergestellt. Seine Nase ist fein und blumig.<br \/>\nDer ausgewogene Mund ist lebhaft, knackig und endet mit einem sch\u00f6nen Gef\u00fchl von Frische!<br \/>\nEine elegante Flasche, die eine ganze Mahlzeit begleiten kann, vom Aperitif bis zum Dessert.<\/p>\n<p><strong>TERROIR<\/strong><\/p>\n<ul style=\"list-style-type: square;\">\n<li>&#8211; Les Champs Horreau&#8220; und &#8222;Les Ruaux&#8220; Dorf Sousign\u00e9<\/li>\n<li>&#8211; Boden und Untergrund: Lehm und Kies, Lehmuntergrund mit wei\u00dfem Lehm<\/li>\n<li>&#8211; Rebsorten: Chardonnay 80%, Chenin 10%, Cabernet Franc 10%.<br \/>\n<strong>ERNTE<br \/>\n<\/strong>Manuelle Ernte in 15-kg-Kisten. Auswahl von Trauben mit perfekter Reife.<br \/>\n<strong>VINIFIKATION <\/strong>Die Kisten werden in eine pneumatische Presse gef\u00fcllt, um eine lange und schonende Pressung durchzuf\u00fchren. Die Herstellung erfolgt dann nach der traditionellen Methode mit einer Schaumbildung im Fr\u00fchjahr und einer zweiten G\u00e4rung in der Flasche vor dem Degorgieren. Die durchschnittliche Reifezeit auf Latten betr\u00e4gt 24 Monate.<br \/>\n<strong>WEIN- UND S<\/strong> PEISEPASSUNGEN gegrillt, zu wei\u00dfem Fleisch, Obstspeisen, Obstdesserts, Apfel- und Birnensorbet &#8230; Viel Spa\u00df beim Genie\u00dfen.<\/li>\n<\/ul>\n<\/div>\n<\/div>\n<\/div>\n<\/div>\n","protected":false},"excerpt":{"rendered":"<p>In einer gl\u00e4nzenden, kristallklaren, blassgelben Farbe mit goldenen Reflexen bildet sich ein sch\u00f6ner Strang aus feinen, lang anhaltenden Bl\u00e4schen. Die zarte und attraktive Nase verbindet den Duft von Zitrusfr\u00fcchten und Honig mit Nuancen von getrockneten und ger\u00f6steten Fr\u00fcchten. Im Mund ist der Wein lebhaft, geschmeidig, intensiv, mit einer sch\u00f6nen Ausgewogenheit und Frische, sowie blumigen und fruchtigen Aromen (Zitrone), die in einem luftigen und langen Abgang anhalten. Sehr sch\u00f6ner Cr\u00e9mant de Loire.<\/p>\n","protected":false},"featured_media":14294,"template":"","meta":{"inline_featured_image":false},"product_brand":[],"product_cat":[602,621,608],"product_tag":[680,652,662,663],"class_list":{"0":"post-11066","1":"product","2":"type-product","3":"status-publish","4":"has-post-thumbnail","6":"product_cat-anjou-de","7":"product_cat-schaumwein","8":"product_cat-weis","9":"product_tag-gegrillter-fisch","10":"product_tag-nachtisch","11":"product_tag-sorbet-de","12":"product_tag-weises-fleisch","13":"product_shipping_class-flasche","15":"first","16":"instock","17":"taxable","18":"shipping-taxable","19":"purchasable","20":"product-type-simple"},"yoast_head":"<!-- This site is optimized with the Yoast SEO plugin v27.6 - https:\/\/yoast.com\/product\/yoast-seo-wordpress\/ -->\n<title>CREMANT DE LOIRE DOMAINE LEDUC FOUIN - Loire Gourmande - une \u00e9tape savoureuse<\/title>\n<meta name=\"description\" content=\"Wei\u00dfer Cr\u00e9mant de Loire aus Chardonnay, Chenin und Cabernet Franc. Bestellung im Weinkeller auf der Website von Loire Gourmande. Weinh\u00e4ndler in Turquant (49).\" \/>\n<meta name=\"robots\" content=\"index, follow, max-snippet:-1, max-image-preview:large, max-video-preview:-1\" \/>\n<link rel=\"canonical\" href=\"https:\/\/www.loire-gourmande.fr\/de\/Produkt\/cremant-de-loire-domaine-leduc-fouin\/\" \/>\n<meta property=\"og:locale\" content=\"de_DE\" \/>\n<meta property=\"og:type\" content=\"article\" \/>\n<meta property=\"og:title\" content=\"CREMANT DE LOIRE DOMAINE LEDUC FOUIN - Loire Gourmande - une \u00e9tape savoureuse\" \/>\n<meta property=\"og:description\" content=\"Wei\u00dfer Cr\u00e9mant de Loire aus Chardonnay, Chenin und Cabernet Franc. Bestellung im Weinkeller auf der Website von Loire Gourmande. Weinh\u00e4ndler in Turquant (49).\" \/>\n<meta property=\"og:url\" content=\"https:\/\/www.loire-gourmande.fr\/de\/Produkt\/cremant-de-loire-domaine-leduc-fouin\/\" \/>\n<meta property=\"og:site_name\" content=\"Loire Gourmande - une \u00e9tape savoureuse\" \/>\n<meta property=\"article:publisher\" content=\"https:\/\/www.facebook.com\/Loire-Gourmande-Turquant-101991328328493\/\" \/>\n<meta property=\"article:modified_time\" content=\"2025-04-08T09:15:28+00:00\" \/>\n<meta property=\"og:image\" content=\"https:\/\/www.loire-gourmande.fr\/wp-content\/uploads\/2023\/12\/CREMANT-DE-LOIRE-DOMAINE-LEDUC-FOUIN-1.jpg\" \/>\n\t<meta property=\"og:image:width\" content=\"455\" \/>\n\t<meta property=\"og:image:height\" content=\"600\" \/>\n\t<meta property=\"og:image:type\" content=\"image\/jpeg\" \/>\n<meta name=\"twitter:card\" content=\"summary_large_image\" \/>\n<meta name=\"twitter:label1\" content=\"Gesch\u00e4tzte Lesezeit\" \/>\n\t<meta name=\"twitter:data1\" content=\"1\u00a0Minute\" \/>\n<script type=\"application\/ld+json\" class=\"yoast-schema-graph\">{\"@context\":\"https:\\\/\\\/schema.org\",\"@graph\":[{\"@type\":\"WebPage\",\"@id\":\"https:\\\/\\\/www.loire-gourmande.fr\\\/de\\\/Produkt\\\/cremant-de-loire-domaine-leduc-fouin\\\/\",\"url\":\"https:\\\/\\\/www.loire-gourmande.fr\\\/de\\\/Produkt\\\/cremant-de-loire-domaine-leduc-fouin\\\/\",\"name\":\"CREMANT DE LOIRE DOMAINE LEDUC FOUIN - Loire Gourmande - une \u00e9tape savoureuse\",\"isPartOf\":{\"@id\":\"https:\\\/\\\/www.loire-gourmande.fr\\\/de\\\/#website\"},\"primaryImageOfPage\":{\"@id\":\"https:\\\/\\\/www.loire-gourmande.fr\\\/de\\\/Produkt\\\/cremant-de-loire-domaine-leduc-fouin\\\/#primaryimage\"},\"image\":{\"@id\":\"https:\\\/\\\/www.loire-gourmande.fr\\\/de\\\/Produkt\\\/cremant-de-loire-domaine-leduc-fouin\\\/#primaryimage\"},\"thumbnailUrl\":\"https:\\\/\\\/www.loire-gourmande.fr\\\/wp-content\\\/uploads\\\/2023\\\/12\\\/CREMANT-DE-LOIRE-DOMAINE-LEDUC-FOUIN-2.jpg\",\"datePublished\":\"2023-12-24T15:51:00+00:00\",\"dateModified\":\"2025-04-08T09:15:28+00:00\",\"description\":\"Wei\u00dfer Cr\u00e9mant de Loire aus Chardonnay, Chenin und Cabernet Franc. Bestellung im Weinkeller auf der Website von Loire Gourmande. Weinh\u00e4ndler in Turquant (49).\",\"breadcrumb\":{\"@id\":\"https:\\\/\\\/www.loire-gourmande.fr\\\/de\\\/Produkt\\\/cremant-de-loire-domaine-leduc-fouin\\\/#breadcrumb\"},\"inLanguage\":\"de\",\"potentialAction\":[{\"@type\":\"ReadAction\",\"target\":[\"https:\\\/\\\/www.loire-gourmande.fr\\\/de\\\/Produkt\\\/cremant-de-loire-domaine-leduc-fouin\\\/\"]}]},{\"@type\":\"ImageObject\",\"inLanguage\":\"de\",\"@id\":\"https:\\\/\\\/www.loire-gourmande.fr\\\/de\\\/Produkt\\\/cremant-de-loire-domaine-leduc-fouin\\\/#primaryimage\",\"url\":\"https:\\\/\\\/www.loire-gourmande.fr\\\/wp-content\\\/uploads\\\/2023\\\/12\\\/CREMANT-DE-LOIRE-DOMAINE-LEDUC-FOUIN-2.jpg\",\"contentUrl\":\"https:\\\/\\\/www.loire-gourmande.fr\\\/wp-content\\\/uploads\\\/2023\\\/12\\\/CREMANT-DE-LOIRE-DOMAINE-LEDUC-FOUIN-2.jpg\",\"width\":800,\"height\":800},{\"@type\":\"BreadcrumbList\",\"@id\":\"https:\\\/\\\/www.loire-gourmande.fr\\\/de\\\/Produkt\\\/cremant-de-loire-domaine-leduc-fouin\\\/#breadcrumb\",\"itemListElement\":[{\"@type\":\"ListItem\",\"position\":1,\"name\":\"Startseite\",\"item\":\"https:\\\/\\\/www.loire-gourmande.fr\\\/de\\\/\"},{\"@type\":\"ListItem\",\"position\":2,\"name\":\"Die Boutique de Loire Gourmande: die Weine der Loire\",\"item\":\"https:\\\/\\\/www.loire-gourmande.fr\\\/de\\\/woocommerce\\\/\"},{\"@type\":\"ListItem\",\"position\":3,\"name\":\"Die Weine\",\"item\":\"https:\\\/\\\/www.loire-gourmande.fr\\\/de\\\/Produktkategorie\\\/die-weine\\\/\"},{\"@type\":\"ListItem\",\"position\":4,\"name\":\"Anjou\",\"item\":\"https:\\\/\\\/www.loire-gourmande.fr\\\/de\\\/Produktkategorie\\\/die-weine\\\/anjou-de\\\/\"},{\"@type\":\"ListItem\",\"position\":5,\"name\":\"CREMANT DE LOIRE DOMAINE LEDUC FOUIN\"}]},{\"@type\":\"WebSite\",\"@id\":\"https:\\\/\\\/www.loire-gourmande.fr\\\/de\\\/#website\",\"url\":\"https:\\\/\\\/www.loire-gourmande.fr\\\/de\\\/\",\"name\":\"Loire Gourmande, une \u00e9tape savoureuse\",\"description\":\"une d\u00e9gustation \u00e0 toute heure et une boutique \u00e0 visiter \u00e0 Turquant (49)\",\"publisher\":{\"@id\":\"https:\\\/\\\/www.loire-gourmande.fr\\\/de\\\/#organization\"},\"potentialAction\":[{\"@type\":\"SearchAction\",\"target\":{\"@type\":\"EntryPoint\",\"urlTemplate\":\"https:\\\/\\\/www.loire-gourmande.fr\\\/de\\\/?s={search_term_string}\"},\"query-input\":{\"@type\":\"PropertyValueSpecification\",\"valueRequired\":true,\"valueName\":\"search_term_string\"}}],\"inLanguage\":\"de\"},{\"@type\":\"Organization\",\"@id\":\"https:\\\/\\\/www.loire-gourmande.fr\\\/de\\\/#organization\",\"name\":\"Loire Gourmande - Schnellrestaurant und Besuch in Turquant (49)\",\"url\":\"https:\\\/\\\/www.loire-gourmande.fr\\\/de\\\/\",\"logo\":{\"@type\":\"ImageObject\",\"inLanguage\":\"de\",\"@id\":\"https:\\\/\\\/www.loire-gourmande.fr\\\/de\\\/#\\\/schema\\\/logo\\\/image\\\/\",\"url\":\"https:\\\/\\\/www.loire-gourmande.fr\\\/wp-content\\\/uploads\\\/2020\\\/10\\\/loire-gourmande-logo.jpg\",\"contentUrl\":\"https:\\\/\\\/www.loire-gourmande.fr\\\/wp-content\\\/uploads\\\/2020\\\/10\\\/loire-gourmande-logo.jpg\",\"width\":800,\"height\":415,\"caption\":\"Loire Gourmande - Schnellrestaurant und Besuch in Turquant (49)\"},\"image\":{\"@id\":\"https:\\\/\\\/www.loire-gourmande.fr\\\/de\\\/#\\\/schema\\\/logo\\\/image\\\/\"},\"sameAs\":[\"https:\\\/\\\/www.facebook.com\\\/Loire-Gourmande-Turquant-101991328328493\\\/\",\"https:\\\/\\\/www.instagram.com\\\/jean_yves_auradon\\\/?igshid=1ta3mfjka326t\"]}]}<\/script>\n<!-- \/ Yoast SEO plugin. -->","yoast_head_json":{"title":"CREMANT DE LOIRE DOMAINE LEDUC FOUIN - Loire Gourmande - une \u00e9tape savoureuse","description":"Wei\u00dfer Cr\u00e9mant de Loire aus Chardonnay, Chenin und Cabernet Franc. Bestellung im Weinkeller auf der Website von Loire Gourmande. Weinh\u00e4ndler in Turquant (49).","robots":{"index":"index","follow":"follow","max-snippet":"max-snippet:-1","max-image-preview":"max-image-preview:large","max-video-preview":"max-video-preview:-1"},"canonical":"https:\/\/www.loire-gourmande.fr\/de\/Produkt\/cremant-de-loire-domaine-leduc-fouin\/","og_locale":"de_DE","og_type":"article","og_title":"CREMANT DE LOIRE DOMAINE LEDUC FOUIN - Loire Gourmande - une \u00e9tape savoureuse","og_description":"Wei\u00dfer Cr\u00e9mant de Loire aus Chardonnay, Chenin und Cabernet Franc. Bestellung im Weinkeller auf der Website von Loire Gourmande. Weinh\u00e4ndler in Turquant (49).","og_url":"https:\/\/www.loire-gourmande.fr\/de\/Produkt\/cremant-de-loire-domaine-leduc-fouin\/","og_site_name":"Loire Gourmande - une \u00e9tape savoureuse","article_publisher":"https:\/\/www.facebook.com\/Loire-Gourmande-Turquant-101991328328493\/","article_modified_time":"2025-04-08T09:15:28+00:00","og_image":[{"width":455,"height":600,"url":"https:\/\/www.loire-gourmande.fr\/wp-content\/uploads\/2023\/12\/CREMANT-DE-LOIRE-DOMAINE-LEDUC-FOUIN-1.jpg","type":"image\/jpeg"}],"twitter_card":"summary_large_image","twitter_misc":{"Gesch\u00e4tzte Lesezeit":"1\u00a0Minute"},"schema":{"@context":"https:\/\/schema.org","@graph":[{"@type":"WebPage","@id":"https:\/\/www.loire-gourmande.fr\/de\/Produkt\/cremant-de-loire-domaine-leduc-fouin\/","url":"https:\/\/www.loire-gourmande.fr\/de\/Produkt\/cremant-de-loire-domaine-leduc-fouin\/","name":"CREMANT DE LOIRE DOMAINE LEDUC FOUIN - Loire Gourmande - une \u00e9tape savoureuse","isPartOf":{"@id":"https:\/\/www.loire-gourmande.fr\/de\/#website"},"primaryImageOfPage":{"@id":"https:\/\/www.loire-gourmande.fr\/de\/Produkt\/cremant-de-loire-domaine-leduc-fouin\/#primaryimage"},"image":{"@id":"https:\/\/www.loire-gourmande.fr\/de\/Produkt\/cremant-de-loire-domaine-leduc-fouin\/#primaryimage"},"thumbnailUrl":"https:\/\/www.loire-gourmande.fr\/wp-content\/uploads\/2023\/12\/CREMANT-DE-LOIRE-DOMAINE-LEDUC-FOUIN-2.jpg","datePublished":"2023-12-24T15:51:00+00:00","dateModified":"2025-04-08T09:15:28+00:00","description":"Wei\u00dfer Cr\u00e9mant de Loire aus Chardonnay, Chenin und Cabernet Franc. Bestellung im Weinkeller auf der Website von Loire Gourmande. Weinh\u00e4ndler in Turquant (49).","breadcrumb":{"@id":"https:\/\/www.loire-gourmande.fr\/de\/Produkt\/cremant-de-loire-domaine-leduc-fouin\/#breadcrumb"},"inLanguage":"de","potentialAction":[{"@type":"ReadAction","target":["https:\/\/www.loire-gourmande.fr\/de\/Produkt\/cremant-de-loire-domaine-leduc-fouin\/"]}]},{"@type":"ImageObject","inLanguage":"de","@id":"https:\/\/www.loire-gourmande.fr\/de\/Produkt\/cremant-de-loire-domaine-leduc-fouin\/#primaryimage","url":"https:\/\/www.loire-gourmande.fr\/wp-content\/uploads\/2023\/12\/CREMANT-DE-LOIRE-DOMAINE-LEDUC-FOUIN-2.jpg","contentUrl":"https:\/\/www.loire-gourmande.fr\/wp-content\/uploads\/2023\/12\/CREMANT-DE-LOIRE-DOMAINE-LEDUC-FOUIN-2.jpg","width":800,"height":800},{"@type":"BreadcrumbList","@id":"https:\/\/www.loire-gourmande.fr\/de\/Produkt\/cremant-de-loire-domaine-leduc-fouin\/#breadcrumb","itemListElement":[{"@type":"ListItem","position":1,"name":"Startseite","item":"https:\/\/www.loire-gourmande.fr\/de\/"},{"@type":"ListItem","position":2,"name":"Die Boutique de Loire Gourmande: die Weine der Loire","item":"https:\/\/www.loire-gourmande.fr\/de\/woocommerce\/"},{"@type":"ListItem","position":3,"name":"Die Weine","item":"https:\/\/www.loire-gourmande.fr\/de\/Produktkategorie\/die-weine\/"},{"@type":"ListItem","position":4,"name":"Anjou","item":"https:\/\/www.loire-gourmande.fr\/de\/Produktkategorie\/die-weine\/anjou-de\/"},{"@type":"ListItem","position":5,"name":"CREMANT DE LOIRE DOMAINE LEDUC FOUIN"}]},{"@type":"WebSite","@id":"https:\/\/www.loire-gourmande.fr\/de\/#website","url":"https:\/\/www.loire-gourmande.fr\/de\/","name":"Loire Gourmande, une \u00e9tape savoureuse","description":"une d\u00e9gustation \u00e0 toute heure et une boutique \u00e0 visiter \u00e0 Turquant (49)","publisher":{"@id":"https:\/\/www.loire-gourmande.fr\/de\/#organization"},"potentialAction":[{"@type":"SearchAction","target":{"@type":"EntryPoint","urlTemplate":"https:\/\/www.loire-gourmande.fr\/de\/?s={search_term_string}"},"query-input":{"@type":"PropertyValueSpecification","valueRequired":true,"valueName":"search_term_string"}}],"inLanguage":"de"},{"@type":"Organization","@id":"https:\/\/www.loire-gourmande.fr\/de\/#organization","name":"Loire Gourmande - Schnellrestaurant und Besuch in Turquant (49)","url":"https:\/\/www.loire-gourmande.fr\/de\/","logo":{"@type":"ImageObject","inLanguage":"de","@id":"https:\/\/www.loire-gourmande.fr\/de\/#\/schema\/logo\/image\/","url":"https:\/\/www.loire-gourmande.fr\/wp-content\/uploads\/2020\/10\/loire-gourmande-logo.jpg","contentUrl":"https:\/\/www.loire-gourmande.fr\/wp-content\/uploads\/2020\/10\/loire-gourmande-logo.jpg","width":800,"height":415,"caption":"Loire Gourmande - Schnellrestaurant und Besuch in Turquant (49)"},"image":{"@id":"https:\/\/www.loire-gourmande.fr\/de\/#\/schema\/logo\/image\/"},"sameAs":["https:\/\/www.facebook.com\/Loire-Gourmande-Turquant-101991328328493\/","https:\/\/www.instagram.com\/jean_yves_auradon\/?igshid=1ta3mfjka326t"]}]}},"_links":{"self":[{"href":"https:\/\/www.loire-gourmande.fr\/de\/wp-json\/wp\/v2\/product\/11066","targetHints":{"allow":["GET"]}}],"collection":[{"href":"https:\/\/www.loire-gourmande.fr\/de\/wp-json\/wp\/v2\/product"}],"about":[{"href":"https:\/\/www.loire-gourmande.fr\/de\/wp-json\/wp\/v2\/types\/product"}],"version-history":[{"count":2,"href":"https:\/\/www.loire-gourmande.fr\/de\/wp-json\/wp\/v2\/product\/11066\/revisions"}],"predecessor-version":[{"id":12852,"href":"https:\/\/www.loire-gourmande.fr\/de\/wp-json\/wp\/v2\/product\/11066\/revisions\/12852"}],"wp:featuredmedia":[{"embeddable":true,"href":"https:\/\/www.loire-gourmande.fr\/de\/wp-json\/wp\/v2\/media\/14294"}],"wp:attachment":[{"href":"https:\/\/www.loire-gourmande.fr\/de\/wp-json\/wp\/v2\/media?parent=11066"}],"wp:term":[{"taxonomy":"product_brand","embeddable":true,"href":"https:\/\/www.loire-gourmande.fr\/de\/wp-json\/wp\/v2\/product_brand?post=11066"},{"taxonomy":"product_cat","embeddable":true,"href":"https:\/\/www.loire-gourmande.fr\/de\/wp-json\/wp\/v2\/product_cat?post=11066"},{"taxonomy":"product_tag","embeddable":true,"href":"https:\/\/www.loire-gourmande.fr\/de\/wp-json\/wp\/v2\/product_tag?post=11066"}],"curies":[{"name":"wp","href":"https:\/\/api.w.org\/{rel}","templated":true}]}}