{"id":11079,"date":"2024-01-30T15:45:23","date_gmt":"2024-01-30T15:45:23","guid":{"rendered":"https:\/\/www.loire-gourmande.fr\/produit\/roter-traubensaft-petillant-domaine-viaud\/"},"modified":"2025-04-08T10:35:52","modified_gmt":"2025-04-08T09:35:52","slug":"roter-traubensaft-petillant-domaine-viaud","status":"publish","type":"product","link":"https:\/\/www.loire-gourmande.fr\/de\/Produkt\/roter-traubensaft-petillant-domaine-viaud\/","title":{"rendered":"ROTER TRAUBENSAFT PETILLANT DOMAINE VIAUD"},"content":{"rendered":"<div class=\"page\" title=\"Seite 1\">\n<div class=\"layoutArea\">\n<div class=\"column\">\n<p>Die Produktreihe unserer Traubens\u00e4fte verdankt ihre Entstehung und ihren Namen unseren beiden Kindern: Antoine und Marius &#8222;die kleinen Piraten&#8220;. Es ist f\u00fcr Kinder und Erwachsene gedacht, die nach alkoholfreien Getr\u00e4nken suchen.<br \/>\n<strong>Rebsorte: <\/strong>Abouriou<br \/>\nEr zeigt sich in einer rubinroten Farbe. Er entwickelt Aromen von roten und schwarzen Fr\u00fcchten. Er verf\u00fcgt \u00fcber ein sch\u00f6nes Gleichgewicht zwischen Frische und S\u00fc\u00dfe.<br \/>\nDer prickelnde Traubensaft wird mit feinblasigen Kettchen verziert.<br \/>\n<strong>Terroir :<\/strong> H\u00e4nge und sandiger Boden auf Glimmerschiefer<br \/>\nMechanische Ernte Kl\u00e4rung f\u00fcr den Glanz der Robe (12 bis 18 Stunden Vorkl\u00e4rung, dann Filtration) \uf0c4Pasteurisation und Kohlens\u00e4ure f\u00fcr die beiden prickelnden S\u00e4fte<br \/>\nDiese Traubens\u00e4fte werden in ihrer Jugend getrunken und k\u00f6nnen ihren Charakter bis zu 2 Jahre lang behalten.<br \/>\nSie werden Feinschmecker mit Bottereaux*, Cr\u00eapes und anderen Desserts erfreuen.<br \/>\nSie sind auch als Basis f\u00fcr Ihre \u201eFruchtsuppen\u201c bemerkenswert: Probieren Sie es aus!<\/p>\n<\/div>\n<\/div>\n<\/div>\n","protected":false},"excerpt":{"rendered":"<div align=\"justify\">Das Weingut Jean-Luc VIAUD befindet sich in der Gemeinde Le Landreau im Dorf La Renou\u00e8re. Jean Luc ist die vierte Generation von Weinbauern in seiner Familie. Seine drei Vorg\u00e4nger hie\u00dfen alle Pierre. Sie vererbten ihm nicht ihren Vornamen, sondern ihre Leidenschaft f\u00fcr den Beruf des Winzers.<\/div>\n<div>  Ein kostbares Terroir &#8230;<\/div>\n<div align=\"left\">Wir verdanken den Charakter unserer Weine dem Terroir des Weinguts. Das Gebiet besteht haupts\u00e4chlich aus kleinen H\u00fcgeln, die nach S\u00fcden oder S\u00fcdwesten ausgerichtet sind. Er besteht aus sandig-lehmigen B\u00f6den auf Glimmerschiefer.<\/div>\n","protected":false},"featured_media":11081,"template":"","meta":{"inline_featured_image":false},"product_brand":[],"product_cat":[621,611,608],"product_tag":[751],"class_list":{"0":"post-11079","1":"product","2":"type-product","3":"status-publish","4":"has-post-thumbnail","6":"product_cat-schaumwein","7":"product_cat-weinberge-nantes","8":"product_cat-weis","9":"product_tag-zu-jeder-tageszeit","10":"product_shipping_class-flasche","12":"first","13":"instock","14":"taxable","15":"shipping-taxable","16":"purchasable","17":"product-type-simple"},"yoast_head":"<!-- This site is optimized with the Yoast SEO plugin v27.5 - https:\/\/yoast.com\/product\/yoast-seo-wordpress\/ -->\n<title>ROTER TRAUBENSAFT PETILLANT DOMAINE VIAUD - Loire Gourmande - une \u00e9tape savoureuse<\/title>\n<meta name=\"description\" content=\"PETILLANT WEISSER TRAUBENSAFT DOMAINE VIAUD. Wein aus der Loire. Bestellung im Weinkeller auf der Website von Loire Gourmande. Weinh\u00e4ndler in Turquant (49).\" \/>\n<meta name=\"robots\" content=\"index, follow, max-snippet:-1, max-image-preview:large, max-video-preview:-1\" \/>\n<link rel=\"canonical\" href=\"https:\/\/www.loire-gourmande.fr\/de\/Produkt\/roter-traubensaft-petillant-domaine-viaud\/\" \/>\n<meta property=\"og:locale\" content=\"de_DE\" \/>\n<meta property=\"og:type\" content=\"article\" \/>\n<meta property=\"og:title\" content=\"ROTER TRAUBENSAFT PETILLANT DOMAINE VIAUD - Loire Gourmande - une \u00e9tape savoureuse\" \/>\n<meta property=\"og:description\" content=\"PETILLANT WEISSER TRAUBENSAFT DOMAINE VIAUD. Wein aus der Loire. Bestellung im Weinkeller auf der Website von Loire Gourmande. Weinh\u00e4ndler in Turquant (49).\" \/>\n<meta property=\"og:url\" content=\"https:\/\/www.loire-gourmande.fr\/de\/Produkt\/roter-traubensaft-petillant-domaine-viaud\/\" \/>\n<meta property=\"og:site_name\" content=\"Loire Gourmande - une \u00e9tape savoureuse\" \/>\n<meta property=\"article:publisher\" content=\"https:\/\/www.facebook.com\/Loire-Gourmande-Turquant-101991328328493\/\" \/>\n<meta property=\"article:modified_time\" content=\"2025-04-08T09:35:52+00:00\" \/>\n<meta property=\"og:image\" content=\"https:\/\/www.loire-gourmande.fr\/wp-content\/uploads\/2024\/01\/Petillant-Rouge.jpg\" \/>\n\t<meta property=\"og:image:width\" content=\"800\" \/>\n\t<meta property=\"og:image:height\" content=\"800\" \/>\n\t<meta property=\"og:image:type\" content=\"image\/jpeg\" \/>\n<meta name=\"twitter:card\" content=\"summary_large_image\" \/>\n<meta name=\"twitter:label1\" content=\"Gesch\u00e4tzte Lesezeit\" \/>\n\t<meta name=\"twitter:data1\" content=\"1\u00a0Minute\" \/>\n<script type=\"application\/ld+json\" class=\"yoast-schema-graph\">{\"@context\":\"https:\\\/\\\/schema.org\",\"@graph\":[{\"@type\":\"WebPage\",\"@id\":\"https:\\\/\\\/www.loire-gourmande.fr\\\/de\\\/Produkt\\\/roter-traubensaft-petillant-domaine-viaud\\\/\",\"url\":\"https:\\\/\\\/www.loire-gourmande.fr\\\/de\\\/Produkt\\\/roter-traubensaft-petillant-domaine-viaud\\\/\",\"name\":\"ROTER TRAUBENSAFT PETILLANT DOMAINE VIAUD - Loire Gourmande - une \u00e9tape savoureuse\",\"isPartOf\":{\"@id\":\"https:\\\/\\\/www.loire-gourmande.fr\\\/de\\\/#website\"},\"primaryImageOfPage\":{\"@id\":\"https:\\\/\\\/www.loire-gourmande.fr\\\/de\\\/Produkt\\\/roter-traubensaft-petillant-domaine-viaud\\\/#primaryimage\"},\"image\":{\"@id\":\"https:\\\/\\\/www.loire-gourmande.fr\\\/de\\\/Produkt\\\/roter-traubensaft-petillant-domaine-viaud\\\/#primaryimage\"},\"thumbnailUrl\":\"https:\\\/\\\/www.loire-gourmande.fr\\\/wp-content\\\/uploads\\\/2024\\\/01\\\/Petillant-Rouge.jpg\",\"datePublished\":\"2024-01-30T15:45:23+00:00\",\"dateModified\":\"2025-04-08T09:35:52+00:00\",\"description\":\"PETILLANT WEISSER TRAUBENSAFT DOMAINE VIAUD. Wein aus der Loire. Bestellung im Weinkeller auf der Website von Loire Gourmande. Weinh\u00e4ndler in Turquant (49).\",\"breadcrumb\":{\"@id\":\"https:\\\/\\\/www.loire-gourmande.fr\\\/de\\\/Produkt\\\/roter-traubensaft-petillant-domaine-viaud\\\/#breadcrumb\"},\"inLanguage\":\"de\",\"potentialAction\":[{\"@type\":\"ReadAction\",\"target\":[\"https:\\\/\\\/www.loire-gourmande.fr\\\/de\\\/Produkt\\\/roter-traubensaft-petillant-domaine-viaud\\\/\"]}]},{\"@type\":\"ImageObject\",\"inLanguage\":\"de\",\"@id\":\"https:\\\/\\\/www.loire-gourmande.fr\\\/de\\\/Produkt\\\/roter-traubensaft-petillant-domaine-viaud\\\/#primaryimage\",\"url\":\"https:\\\/\\\/www.loire-gourmande.fr\\\/wp-content\\\/uploads\\\/2024\\\/01\\\/Petillant-Rouge.jpg\",\"contentUrl\":\"https:\\\/\\\/www.loire-gourmande.fr\\\/wp-content\\\/uploads\\\/2024\\\/01\\\/Petillant-Rouge.jpg\",\"width\":800,\"height\":800},{\"@type\":\"BreadcrumbList\",\"@id\":\"https:\\\/\\\/www.loire-gourmande.fr\\\/de\\\/Produkt\\\/roter-traubensaft-petillant-domaine-viaud\\\/#breadcrumb\",\"itemListElement\":[{\"@type\":\"ListItem\",\"position\":1,\"name\":\"Startseite\",\"item\":\"https:\\\/\\\/www.loire-gourmande.fr\\\/de\\\/\"},{\"@type\":\"ListItem\",\"position\":2,\"name\":\"Die Boutique de Loire Gourmande: die Weine der Loire\",\"item\":\"https:\\\/\\\/www.loire-gourmande.fr\\\/de\\\/woocommerce\\\/\"},{\"@type\":\"ListItem\",\"position\":3,\"name\":\"Die Weine\",\"item\":\"https:\\\/\\\/www.loire-gourmande.fr\\\/de\\\/Produktkategorie\\\/die-weine\\\/\"},{\"@type\":\"ListItem\",\"position\":4,\"name\":\"Weinberge Nantes\",\"item\":\"https:\\\/\\\/www.loire-gourmande.fr\\\/de\\\/Produktkategorie\\\/die-weine\\\/weinberge-nantes\\\/\"},{\"@type\":\"ListItem\",\"position\":5,\"name\":\"ROTER TRAUBENSAFT PETILLANT DOMAINE VIAUD\"}]},{\"@type\":\"WebSite\",\"@id\":\"https:\\\/\\\/www.loire-gourmande.fr\\\/de\\\/#website\",\"url\":\"https:\\\/\\\/www.loire-gourmande.fr\\\/de\\\/\",\"name\":\"Loire Gourmande, une \u00e9tape savoureuse\",\"description\":\"une d\u00e9gustation \u00e0 toute heure et une boutique \u00e0 visiter \u00e0 Turquant (49)\",\"publisher\":{\"@id\":\"https:\\\/\\\/www.loire-gourmande.fr\\\/de\\\/#organization\"},\"potentialAction\":[{\"@type\":\"SearchAction\",\"target\":{\"@type\":\"EntryPoint\",\"urlTemplate\":\"https:\\\/\\\/www.loire-gourmande.fr\\\/de\\\/?s={search_term_string}\"},\"query-input\":{\"@type\":\"PropertyValueSpecification\",\"valueRequired\":true,\"valueName\":\"search_term_string\"}}],\"inLanguage\":\"de\"},{\"@type\":\"Organization\",\"@id\":\"https:\\\/\\\/www.loire-gourmande.fr\\\/de\\\/#organization\",\"name\":\"Loire Gourmande - Schnellrestaurant und Besuch in Turquant (49)\",\"url\":\"https:\\\/\\\/www.loire-gourmande.fr\\\/de\\\/\",\"logo\":{\"@type\":\"ImageObject\",\"inLanguage\":\"de\",\"@id\":\"https:\\\/\\\/www.loire-gourmande.fr\\\/de\\\/#\\\/schema\\\/logo\\\/image\\\/\",\"url\":\"https:\\\/\\\/www.loire-gourmande.fr\\\/wp-content\\\/uploads\\\/2020\\\/10\\\/loire-gourmande-logo.jpg\",\"contentUrl\":\"https:\\\/\\\/www.loire-gourmande.fr\\\/wp-content\\\/uploads\\\/2020\\\/10\\\/loire-gourmande-logo.jpg\",\"width\":800,\"height\":415,\"caption\":\"Loire Gourmande - Schnellrestaurant und Besuch in Turquant (49)\"},\"image\":{\"@id\":\"https:\\\/\\\/www.loire-gourmande.fr\\\/de\\\/#\\\/schema\\\/logo\\\/image\\\/\"},\"sameAs\":[\"https:\\\/\\\/www.facebook.com\\\/Loire-Gourmande-Turquant-101991328328493\\\/\",\"https:\\\/\\\/www.instagram.com\\\/jean_yves_auradon\\\/?igshid=1ta3mfjka326t\"]}]}<\/script>\n<!-- \/ Yoast SEO plugin. -->","yoast_head_json":{"title":"ROTER TRAUBENSAFT PETILLANT DOMAINE VIAUD - Loire Gourmande - une \u00e9tape savoureuse","description":"PETILLANT WEISSER TRAUBENSAFT DOMAINE VIAUD. Wein aus der Loire. Bestellung im Weinkeller auf der Website von Loire Gourmande. Weinh\u00e4ndler in Turquant (49).","robots":{"index":"index","follow":"follow","max-snippet":"max-snippet:-1","max-image-preview":"max-image-preview:large","max-video-preview":"max-video-preview:-1"},"canonical":"https:\/\/www.loire-gourmande.fr\/de\/Produkt\/roter-traubensaft-petillant-domaine-viaud\/","og_locale":"de_DE","og_type":"article","og_title":"ROTER TRAUBENSAFT PETILLANT DOMAINE VIAUD - Loire Gourmande - une \u00e9tape savoureuse","og_description":"PETILLANT WEISSER TRAUBENSAFT DOMAINE VIAUD. Wein aus der Loire. Bestellung im Weinkeller auf der Website von Loire Gourmande. Weinh\u00e4ndler in Turquant (49).","og_url":"https:\/\/www.loire-gourmande.fr\/de\/Produkt\/roter-traubensaft-petillant-domaine-viaud\/","og_site_name":"Loire Gourmande - une \u00e9tape savoureuse","article_publisher":"https:\/\/www.facebook.com\/Loire-Gourmande-Turquant-101991328328493\/","article_modified_time":"2025-04-08T09:35:52+00:00","og_image":[{"width":800,"height":800,"url":"https:\/\/www.loire-gourmande.fr\/wp-content\/uploads\/2024\/01\/Petillant-Rouge.jpg","type":"image\/jpeg"}],"twitter_card":"summary_large_image","twitter_misc":{"Gesch\u00e4tzte Lesezeit":"1\u00a0Minute"},"schema":{"@context":"https:\/\/schema.org","@graph":[{"@type":"WebPage","@id":"https:\/\/www.loire-gourmande.fr\/de\/Produkt\/roter-traubensaft-petillant-domaine-viaud\/","url":"https:\/\/www.loire-gourmande.fr\/de\/Produkt\/roter-traubensaft-petillant-domaine-viaud\/","name":"ROTER TRAUBENSAFT PETILLANT DOMAINE VIAUD - Loire Gourmande - une \u00e9tape savoureuse","isPartOf":{"@id":"https:\/\/www.loire-gourmande.fr\/de\/#website"},"primaryImageOfPage":{"@id":"https:\/\/www.loire-gourmande.fr\/de\/Produkt\/roter-traubensaft-petillant-domaine-viaud\/#primaryimage"},"image":{"@id":"https:\/\/www.loire-gourmande.fr\/de\/Produkt\/roter-traubensaft-petillant-domaine-viaud\/#primaryimage"},"thumbnailUrl":"https:\/\/www.loire-gourmande.fr\/wp-content\/uploads\/2024\/01\/Petillant-Rouge.jpg","datePublished":"2024-01-30T15:45:23+00:00","dateModified":"2025-04-08T09:35:52+00:00","description":"PETILLANT WEISSER TRAUBENSAFT DOMAINE VIAUD. Wein aus der Loire. Bestellung im Weinkeller auf der Website von Loire Gourmande. Weinh\u00e4ndler in Turquant (49).","breadcrumb":{"@id":"https:\/\/www.loire-gourmande.fr\/de\/Produkt\/roter-traubensaft-petillant-domaine-viaud\/#breadcrumb"},"inLanguage":"de","potentialAction":[{"@type":"ReadAction","target":["https:\/\/www.loire-gourmande.fr\/de\/Produkt\/roter-traubensaft-petillant-domaine-viaud\/"]}]},{"@type":"ImageObject","inLanguage":"de","@id":"https:\/\/www.loire-gourmande.fr\/de\/Produkt\/roter-traubensaft-petillant-domaine-viaud\/#primaryimage","url":"https:\/\/www.loire-gourmande.fr\/wp-content\/uploads\/2024\/01\/Petillant-Rouge.jpg","contentUrl":"https:\/\/www.loire-gourmande.fr\/wp-content\/uploads\/2024\/01\/Petillant-Rouge.jpg","width":800,"height":800},{"@type":"BreadcrumbList","@id":"https:\/\/www.loire-gourmande.fr\/de\/Produkt\/roter-traubensaft-petillant-domaine-viaud\/#breadcrumb","itemListElement":[{"@type":"ListItem","position":1,"name":"Startseite","item":"https:\/\/www.loire-gourmande.fr\/de\/"},{"@type":"ListItem","position":2,"name":"Die Boutique de Loire Gourmande: die Weine der Loire","item":"https:\/\/www.loire-gourmande.fr\/de\/woocommerce\/"},{"@type":"ListItem","position":3,"name":"Die Weine","item":"https:\/\/www.loire-gourmande.fr\/de\/Produktkategorie\/die-weine\/"},{"@type":"ListItem","position":4,"name":"Weinberge Nantes","item":"https:\/\/www.loire-gourmande.fr\/de\/Produktkategorie\/die-weine\/weinberge-nantes\/"},{"@type":"ListItem","position":5,"name":"ROTER TRAUBENSAFT PETILLANT DOMAINE VIAUD"}]},{"@type":"WebSite","@id":"https:\/\/www.loire-gourmande.fr\/de\/#website","url":"https:\/\/www.loire-gourmande.fr\/de\/","name":"Loire Gourmande, une \u00e9tape savoureuse","description":"une d\u00e9gustation \u00e0 toute heure et une boutique \u00e0 visiter \u00e0 Turquant (49)","publisher":{"@id":"https:\/\/www.loire-gourmande.fr\/de\/#organization"},"potentialAction":[{"@type":"SearchAction","target":{"@type":"EntryPoint","urlTemplate":"https:\/\/www.loire-gourmande.fr\/de\/?s={search_term_string}"},"query-input":{"@type":"PropertyValueSpecification","valueRequired":true,"valueName":"search_term_string"}}],"inLanguage":"de"},{"@type":"Organization","@id":"https:\/\/www.loire-gourmande.fr\/de\/#organization","name":"Loire Gourmande - Schnellrestaurant und Besuch in Turquant (49)","url":"https:\/\/www.loire-gourmande.fr\/de\/","logo":{"@type":"ImageObject","inLanguage":"de","@id":"https:\/\/www.loire-gourmande.fr\/de\/#\/schema\/logo\/image\/","url":"https:\/\/www.loire-gourmande.fr\/wp-content\/uploads\/2020\/10\/loire-gourmande-logo.jpg","contentUrl":"https:\/\/www.loire-gourmande.fr\/wp-content\/uploads\/2020\/10\/loire-gourmande-logo.jpg","width":800,"height":415,"caption":"Loire Gourmande - Schnellrestaurant und Besuch in Turquant (49)"},"image":{"@id":"https:\/\/www.loire-gourmande.fr\/de\/#\/schema\/logo\/image\/"},"sameAs":["https:\/\/www.facebook.com\/Loire-Gourmande-Turquant-101991328328493\/","https:\/\/www.instagram.com\/jean_yves_auradon\/?igshid=1ta3mfjka326t"]}]}},"_links":{"self":[{"href":"https:\/\/www.loire-gourmande.fr\/de\/wp-json\/wp\/v2\/product\/11079","targetHints":{"allow":["GET"]}}],"collection":[{"href":"https:\/\/www.loire-gourmande.fr\/de\/wp-json\/wp\/v2\/product"}],"about":[{"href":"https:\/\/www.loire-gourmande.fr\/de\/wp-json\/wp\/v2\/types\/product"}],"version-history":[{"count":2,"href":"https:\/\/www.loire-gourmande.fr\/de\/wp-json\/wp\/v2\/product\/11079\/revisions"}],"predecessor-version":[{"id":12858,"href":"https:\/\/www.loire-gourmande.fr\/de\/wp-json\/wp\/v2\/product\/11079\/revisions\/12858"}],"wp:featuredmedia":[{"embeddable":true,"href":"https:\/\/www.loire-gourmande.fr\/de\/wp-json\/wp\/v2\/media\/11081"}],"wp:attachment":[{"href":"https:\/\/www.loire-gourmande.fr\/de\/wp-json\/wp\/v2\/media?parent=11079"}],"wp:term":[{"taxonomy":"product_brand","embeddable":true,"href":"https:\/\/www.loire-gourmande.fr\/de\/wp-json\/wp\/v2\/product_brand?post=11079"},{"taxonomy":"product_cat","embeddable":true,"href":"https:\/\/www.loire-gourmande.fr\/de\/wp-json\/wp\/v2\/product_cat?post=11079"},{"taxonomy":"product_tag","embeddable":true,"href":"https:\/\/www.loire-gourmande.fr\/de\/wp-json\/wp\/v2\/product_tag?post=11079"}],"curies":[{"name":"wp","href":"https:\/\/api.w.org\/{rel}","templated":true}]}}