{"id":11095,"date":"2023-12-13T16:43:01","date_gmt":"2023-12-13T16:43:01","guid":{"rendered":"https:\/\/www.loire-gourmande.fr\/produit\/pissotte-larbre-aux-fees-blanc-domaine-coirier\/"},"modified":"2025-05-27T16:19:16","modified_gmt":"2025-05-27T15:19:16","slug":"pissotte-larbre-aux-fees-blanc-domaine-coirier","status":"publish","type":"product","link":"https:\/\/www.loire-gourmande.fr\/de\/Produkt\/pissotte-larbre-aux-fees-blanc-domaine-coirier\/","title":{"rendered":"PISSOTTE L&#8217;ARBRE AUX FEES BLANC DOMAINE COIRIER"},"content":{"rendered":"<p>Dieser zertifizierte Bio-Wei\u00dfwein ist eine Hommage an die hundertj\u00e4hrige Zeder, die im Zentrum des Hofes des Anwesens sitzt und uns seit mehr als 150 Jahren besch\u00fctzt.<br \/>\nEs handelt sich um eine typische Cuv\u00e9e aus AOC Fiefs Vend\u00e9ens mit 80% Chenin und 20% Chardonnay.<\/p>\n<div class=\"page\" title=\"Seite 1\">\n<div class=\"section\">\n<div class=\"layoutArea\">\n<div class=\"column\">\n<div class=\"page\" title=\"Seite 1\">\n<div class=\"section\">\n<div class=\"layoutArea\">\n<div class=\"column\">\n<p><strong>GEW\u00e4chshaus:<br \/>\n<\/strong>60% Chenin 40% Chardonnay<br \/>\n<strong>BODENART:<\/strong><br \/>\nRoter Schiefer, senkrecht.<br \/>\n<strong>ARBEIT IM WEINBERG:<\/strong><br \/>\nVollst\u00e4ndige Begr\u00fcnung, ggf. leichtes Hacken. Doppelter Guyotschnitt.<br \/>\n<strong>WEINHERSTELLUNG:<\/strong><br \/>\nDirektpressen, Kaltabsetzen.<br \/>\n<strong>Z\u00dcCHTUNG:<\/strong><br \/>\n3 Monate auf Feinhefe in Betonbottichen.<\/p>\n<\/div>\n<\/div>\n<\/div>\n<\/div>\n<p><strong>Passt<\/strong> zu: Dieser trockene, aromatische, mineralische und vollmundige Wei\u00dfwein ist ein perfekter Begleiter zum Aperitif, zu Meeresfr\u00fcchten und Fisch in Sauce.<\/p>\n<\/div>\n<\/div>\n<\/div>\n<\/div>\n","protected":false},"excerpt":{"rendered":"<p><span class=\"\">Aus biologischem Anbau machen die Ros\u00e9weine 50 % der gesamten Jahresproduktion aus, die Rotweine 30 % und die Wei\u00dfweine 20 %.<\/span><\/p>\n<p><span class=\"\">Bei den Wei\u00dfweinen, die seit 2019 biozertifiziert sind, wird der Gro\u00dfteil des Chenins mit Chardonnay verschnitten.<\/span><\/p>\n<p><span class=\"\">Pinot Noir macht ein Drittel der gesamten Rebsorten und die H\u00e4lfte der Mischung f\u00fcr die Rotweine, Cabernet Franc und Sauvignon (40%) und N\u00e9grette 10% aus.<\/span><\/p>\n<p>Gamay ist der Gro\u00dfteil f\u00fcr Ros\u00e9, Cabernet Franc und Pinot Noir vervollst\u00e4ndigen diese Mischung f\u00fcr den AOC.<\/p>\n","protected":false},"featured_media":11096,"template":"","meta":{"inline_featured_image":false},"product_brand":[],"product_cat":[603,600,611,608],"product_tag":[610,675,629,666],"class_list":{"0":"post-11095","1":"product","2":"type-product","3":"status-publish","4":"has-post-thumbnail","6":"product_cat-bio-wein","7":"product_cat-die-weine","8":"product_cat-weinberge-nantes","9":"product_cat-weis","10":"product_tag-austern-und-schalentiere","11":"product_tag-fisch-in-weiser-sose","12":"product_tag-fische","13":"product_tag-ziegenkase-de","14":"product_shipping_class-flasche","16":"first","17":"instock","18":"taxable","19":"shipping-taxable","20":"purchasable","21":"product-type-simple"},"yoast_head":"<!-- This site is optimized with the Yoast SEO plugin v27.6 - https:\/\/yoast.com\/product\/yoast-seo-wordpress\/ -->\n<title>PISSOTTE L&#039;ARBRE AUX FEES BLANC DOMAINE COIRIER - Loire Gourmande - une \u00e9tape savoureuse<\/title>\n<meta name=\"description\" content=\"PISSOTTE L&#039;ARBRE AUX FEES BLANC DOMAINE COIRIER. Wein aus der Loire. Bestellung im Weinkeller auf der Website von Loire Gourmande. Weinh\u00e4ndler in Turquant (49).\" \/>\n<meta name=\"robots\" content=\"index, follow, max-snippet:-1, max-image-preview:large, max-video-preview:-1\" \/>\n<link rel=\"canonical\" href=\"https:\/\/www.loire-gourmande.fr\/de\/Produkt\/pissotte-larbre-aux-fees-blanc-domaine-coirier\/\" \/>\n<meta property=\"og:locale\" content=\"de_DE\" \/>\n<meta property=\"og:type\" content=\"article\" \/>\n<meta property=\"og:title\" content=\"PISSOTTE L&#039;ARBRE AUX FEES BLANC DOMAINE COIRIER - Loire Gourmande - une \u00e9tape savoureuse\" \/>\n<meta property=\"og:description\" content=\"PISSOTTE L&#039;ARBRE AUX FEES BLANC DOMAINE COIRIER. Wein aus der Loire. Bestellung im Weinkeller auf der Website von Loire Gourmande. Weinh\u00e4ndler in Turquant (49).\" \/>\n<meta property=\"og:url\" content=\"https:\/\/www.loire-gourmande.fr\/de\/Produkt\/pissotte-larbre-aux-fees-blanc-domaine-coirier\/\" \/>\n<meta property=\"og:site_name\" content=\"Loire Gourmande - une \u00e9tape savoureuse\" \/>\n<meta property=\"article:publisher\" content=\"https:\/\/www.facebook.com\/Loire-Gourmande-Turquant-101991328328493\/\" \/>\n<meta property=\"article:modified_time\" content=\"2025-05-27T15:19:16+00:00\" \/>\n<meta property=\"og:image\" content=\"https:\/\/www.loire-gourmande.fr\/wp-content\/uploads\/2023\/12\/PISSOTTE-BLANC-AOP-BIO-LA-PETITE-GROIE.jpg\" \/>\n\t<meta property=\"og:image:width\" content=\"800\" \/>\n\t<meta property=\"og:image:height\" content=\"800\" \/>\n\t<meta property=\"og:image:type\" content=\"image\/jpeg\" \/>\n<meta name=\"twitter:card\" content=\"summary_large_image\" \/>\n<script type=\"application\/ld+json\" class=\"yoast-schema-graph\">{\"@context\":\"https:\\\/\\\/schema.org\",\"@graph\":[{\"@type\":\"WebPage\",\"@id\":\"https:\\\/\\\/www.loire-gourmande.fr\\\/de\\\/Produkt\\\/pissotte-larbre-aux-fees-blanc-domaine-coirier\\\/\",\"url\":\"https:\\\/\\\/www.loire-gourmande.fr\\\/de\\\/Produkt\\\/pissotte-larbre-aux-fees-blanc-domaine-coirier\\\/\",\"name\":\"PISSOTTE L'ARBRE AUX FEES BLANC DOMAINE COIRIER - Loire Gourmande - une \u00e9tape savoureuse\",\"isPartOf\":{\"@id\":\"https:\\\/\\\/www.loire-gourmande.fr\\\/de\\\/#website\"},\"primaryImageOfPage\":{\"@id\":\"https:\\\/\\\/www.loire-gourmande.fr\\\/de\\\/Produkt\\\/pissotte-larbre-aux-fees-blanc-domaine-coirier\\\/#primaryimage\"},\"image\":{\"@id\":\"https:\\\/\\\/www.loire-gourmande.fr\\\/de\\\/Produkt\\\/pissotte-larbre-aux-fees-blanc-domaine-coirier\\\/#primaryimage\"},\"thumbnailUrl\":\"https:\\\/\\\/www.loire-gourmande.fr\\\/wp-content\\\/uploads\\\/2023\\\/12\\\/PISSOTTE-BLANC-AOP-BIO-LA-PETITE-GROIE.jpg\",\"datePublished\":\"2023-12-13T16:43:01+00:00\",\"dateModified\":\"2025-05-27T15:19:16+00:00\",\"description\":\"PISSOTTE L'ARBRE AUX FEES BLANC DOMAINE COIRIER. Wein aus der Loire. Bestellung im Weinkeller auf der Website von Loire Gourmande. Weinh\u00e4ndler in Turquant (49).\",\"breadcrumb\":{\"@id\":\"https:\\\/\\\/www.loire-gourmande.fr\\\/de\\\/Produkt\\\/pissotte-larbre-aux-fees-blanc-domaine-coirier\\\/#breadcrumb\"},\"inLanguage\":\"de\",\"potentialAction\":[{\"@type\":\"ReadAction\",\"target\":[\"https:\\\/\\\/www.loire-gourmande.fr\\\/de\\\/Produkt\\\/pissotte-larbre-aux-fees-blanc-domaine-coirier\\\/\"]}]},{\"@type\":\"ImageObject\",\"inLanguage\":\"de\",\"@id\":\"https:\\\/\\\/www.loire-gourmande.fr\\\/de\\\/Produkt\\\/pissotte-larbre-aux-fees-blanc-domaine-coirier\\\/#primaryimage\",\"url\":\"https:\\\/\\\/www.loire-gourmande.fr\\\/wp-content\\\/uploads\\\/2023\\\/12\\\/PISSOTTE-BLANC-AOP-BIO-LA-PETITE-GROIE.jpg\",\"contentUrl\":\"https:\\\/\\\/www.loire-gourmande.fr\\\/wp-content\\\/uploads\\\/2023\\\/12\\\/PISSOTTE-BLANC-AOP-BIO-LA-PETITE-GROIE.jpg\",\"width\":800,\"height\":800},{\"@type\":\"BreadcrumbList\",\"@id\":\"https:\\\/\\\/www.loire-gourmande.fr\\\/de\\\/Produkt\\\/pissotte-larbre-aux-fees-blanc-domaine-coirier\\\/#breadcrumb\",\"itemListElement\":[{\"@type\":\"ListItem\",\"position\":1,\"name\":\"Startseite\",\"item\":\"https:\\\/\\\/www.loire-gourmande.fr\\\/de\\\/\"},{\"@type\":\"ListItem\",\"position\":2,\"name\":\"Die Boutique de Loire Gourmande: die Weine der Loire\",\"item\":\"https:\\\/\\\/www.loire-gourmande.fr\\\/de\\\/woocommerce\\\/\"},{\"@type\":\"ListItem\",\"position\":3,\"name\":\"Die Weine\",\"item\":\"https:\\\/\\\/www.loire-gourmande.fr\\\/de\\\/Produktkategorie\\\/die-weine\\\/\"},{\"@type\":\"ListItem\",\"position\":4,\"name\":\"PISSOTTE L&#8217;ARBRE AUX FEES BLANC DOMAINE COIRIER\"}]},{\"@type\":\"WebSite\",\"@id\":\"https:\\\/\\\/www.loire-gourmande.fr\\\/de\\\/#website\",\"url\":\"https:\\\/\\\/www.loire-gourmande.fr\\\/de\\\/\",\"name\":\"Loire Gourmande, une \u00e9tape savoureuse\",\"description\":\"une d\u00e9gustation \u00e0 toute heure et une boutique \u00e0 visiter \u00e0 Turquant (49)\",\"publisher\":{\"@id\":\"https:\\\/\\\/www.loire-gourmande.fr\\\/de\\\/#organization\"},\"potentialAction\":[{\"@type\":\"SearchAction\",\"target\":{\"@type\":\"EntryPoint\",\"urlTemplate\":\"https:\\\/\\\/www.loire-gourmande.fr\\\/de\\\/?s={search_term_string}\"},\"query-input\":{\"@type\":\"PropertyValueSpecification\",\"valueRequired\":true,\"valueName\":\"search_term_string\"}}],\"inLanguage\":\"de\"},{\"@type\":\"Organization\",\"@id\":\"https:\\\/\\\/www.loire-gourmande.fr\\\/de\\\/#organization\",\"name\":\"Loire Gourmande - Schnellrestaurant und Besuch in Turquant (49)\",\"url\":\"https:\\\/\\\/www.loire-gourmande.fr\\\/de\\\/\",\"logo\":{\"@type\":\"ImageObject\",\"inLanguage\":\"de\",\"@id\":\"https:\\\/\\\/www.loire-gourmande.fr\\\/de\\\/#\\\/schema\\\/logo\\\/image\\\/\",\"url\":\"https:\\\/\\\/www.loire-gourmande.fr\\\/wp-content\\\/uploads\\\/2020\\\/10\\\/loire-gourmande-logo.jpg\",\"contentUrl\":\"https:\\\/\\\/www.loire-gourmande.fr\\\/wp-content\\\/uploads\\\/2020\\\/10\\\/loire-gourmande-logo.jpg\",\"width\":800,\"height\":415,\"caption\":\"Loire Gourmande - Schnellrestaurant und Besuch in Turquant (49)\"},\"image\":{\"@id\":\"https:\\\/\\\/www.loire-gourmande.fr\\\/de\\\/#\\\/schema\\\/logo\\\/image\\\/\"},\"sameAs\":[\"https:\\\/\\\/www.facebook.com\\\/Loire-Gourmande-Turquant-101991328328493\\\/\",\"https:\\\/\\\/www.instagram.com\\\/jean_yves_auradon\\\/?igshid=1ta3mfjka326t\"]}]}<\/script>\n<!-- \/ Yoast SEO plugin. -->","yoast_head_json":{"title":"PISSOTTE L'ARBRE AUX FEES BLANC DOMAINE COIRIER - Loire Gourmande - une \u00e9tape savoureuse","description":"PISSOTTE L'ARBRE AUX FEES BLANC DOMAINE COIRIER. Wein aus der Loire. Bestellung im Weinkeller auf der Website von Loire Gourmande. Weinh\u00e4ndler in Turquant (49).","robots":{"index":"index","follow":"follow","max-snippet":"max-snippet:-1","max-image-preview":"max-image-preview:large","max-video-preview":"max-video-preview:-1"},"canonical":"https:\/\/www.loire-gourmande.fr\/de\/Produkt\/pissotte-larbre-aux-fees-blanc-domaine-coirier\/","og_locale":"de_DE","og_type":"article","og_title":"PISSOTTE L'ARBRE AUX FEES BLANC DOMAINE COIRIER - Loire Gourmande - une \u00e9tape savoureuse","og_description":"PISSOTTE L'ARBRE AUX FEES BLANC DOMAINE COIRIER. Wein aus der Loire. Bestellung im Weinkeller auf der Website von Loire Gourmande. Weinh\u00e4ndler in Turquant (49).","og_url":"https:\/\/www.loire-gourmande.fr\/de\/Produkt\/pissotte-larbre-aux-fees-blanc-domaine-coirier\/","og_site_name":"Loire Gourmande - une \u00e9tape savoureuse","article_publisher":"https:\/\/www.facebook.com\/Loire-Gourmande-Turquant-101991328328493\/","article_modified_time":"2025-05-27T15:19:16+00:00","og_image":[{"width":800,"height":800,"url":"https:\/\/www.loire-gourmande.fr\/wp-content\/uploads\/2023\/12\/PISSOTTE-BLANC-AOP-BIO-LA-PETITE-GROIE.jpg","type":"image\/jpeg"}],"twitter_card":"summary_large_image","schema":{"@context":"https:\/\/schema.org","@graph":[{"@type":"WebPage","@id":"https:\/\/www.loire-gourmande.fr\/de\/Produkt\/pissotte-larbre-aux-fees-blanc-domaine-coirier\/","url":"https:\/\/www.loire-gourmande.fr\/de\/Produkt\/pissotte-larbre-aux-fees-blanc-domaine-coirier\/","name":"PISSOTTE L'ARBRE AUX FEES BLANC DOMAINE COIRIER - Loire Gourmande - une \u00e9tape savoureuse","isPartOf":{"@id":"https:\/\/www.loire-gourmande.fr\/de\/#website"},"primaryImageOfPage":{"@id":"https:\/\/www.loire-gourmande.fr\/de\/Produkt\/pissotte-larbre-aux-fees-blanc-domaine-coirier\/#primaryimage"},"image":{"@id":"https:\/\/www.loire-gourmande.fr\/de\/Produkt\/pissotte-larbre-aux-fees-blanc-domaine-coirier\/#primaryimage"},"thumbnailUrl":"https:\/\/www.loire-gourmande.fr\/wp-content\/uploads\/2023\/12\/PISSOTTE-BLANC-AOP-BIO-LA-PETITE-GROIE.jpg","datePublished":"2023-12-13T16:43:01+00:00","dateModified":"2025-05-27T15:19:16+00:00","description":"PISSOTTE L'ARBRE AUX FEES BLANC DOMAINE COIRIER. Wein aus der Loire. Bestellung im Weinkeller auf der Website von Loire Gourmande. Weinh\u00e4ndler in Turquant (49).","breadcrumb":{"@id":"https:\/\/www.loire-gourmande.fr\/de\/Produkt\/pissotte-larbre-aux-fees-blanc-domaine-coirier\/#breadcrumb"},"inLanguage":"de","potentialAction":[{"@type":"ReadAction","target":["https:\/\/www.loire-gourmande.fr\/de\/Produkt\/pissotte-larbre-aux-fees-blanc-domaine-coirier\/"]}]},{"@type":"ImageObject","inLanguage":"de","@id":"https:\/\/www.loire-gourmande.fr\/de\/Produkt\/pissotte-larbre-aux-fees-blanc-domaine-coirier\/#primaryimage","url":"https:\/\/www.loire-gourmande.fr\/wp-content\/uploads\/2023\/12\/PISSOTTE-BLANC-AOP-BIO-LA-PETITE-GROIE.jpg","contentUrl":"https:\/\/www.loire-gourmande.fr\/wp-content\/uploads\/2023\/12\/PISSOTTE-BLANC-AOP-BIO-LA-PETITE-GROIE.jpg","width":800,"height":800},{"@type":"BreadcrumbList","@id":"https:\/\/www.loire-gourmande.fr\/de\/Produkt\/pissotte-larbre-aux-fees-blanc-domaine-coirier\/#breadcrumb","itemListElement":[{"@type":"ListItem","position":1,"name":"Startseite","item":"https:\/\/www.loire-gourmande.fr\/de\/"},{"@type":"ListItem","position":2,"name":"Die Boutique de Loire Gourmande: die Weine der Loire","item":"https:\/\/www.loire-gourmande.fr\/de\/woocommerce\/"},{"@type":"ListItem","position":3,"name":"Die Weine","item":"https:\/\/www.loire-gourmande.fr\/de\/Produktkategorie\/die-weine\/"},{"@type":"ListItem","position":4,"name":"PISSOTTE L&#8217;ARBRE AUX FEES BLANC DOMAINE COIRIER"}]},{"@type":"WebSite","@id":"https:\/\/www.loire-gourmande.fr\/de\/#website","url":"https:\/\/www.loire-gourmande.fr\/de\/","name":"Loire Gourmande, une \u00e9tape savoureuse","description":"une d\u00e9gustation \u00e0 toute heure et une boutique \u00e0 visiter \u00e0 Turquant (49)","publisher":{"@id":"https:\/\/www.loire-gourmande.fr\/de\/#organization"},"potentialAction":[{"@type":"SearchAction","target":{"@type":"EntryPoint","urlTemplate":"https:\/\/www.loire-gourmande.fr\/de\/?s={search_term_string}"},"query-input":{"@type":"PropertyValueSpecification","valueRequired":true,"valueName":"search_term_string"}}],"inLanguage":"de"},{"@type":"Organization","@id":"https:\/\/www.loire-gourmande.fr\/de\/#organization","name":"Loire Gourmande - Schnellrestaurant und Besuch in Turquant (49)","url":"https:\/\/www.loire-gourmande.fr\/de\/","logo":{"@type":"ImageObject","inLanguage":"de","@id":"https:\/\/www.loire-gourmande.fr\/de\/#\/schema\/logo\/image\/","url":"https:\/\/www.loire-gourmande.fr\/wp-content\/uploads\/2020\/10\/loire-gourmande-logo.jpg","contentUrl":"https:\/\/www.loire-gourmande.fr\/wp-content\/uploads\/2020\/10\/loire-gourmande-logo.jpg","width":800,"height":415,"caption":"Loire Gourmande - Schnellrestaurant und Besuch in Turquant (49)"},"image":{"@id":"https:\/\/www.loire-gourmande.fr\/de\/#\/schema\/logo\/image\/"},"sameAs":["https:\/\/www.facebook.com\/Loire-Gourmande-Turquant-101991328328493\/","https:\/\/www.instagram.com\/jean_yves_auradon\/?igshid=1ta3mfjka326t"]}]}},"_links":{"self":[{"href":"https:\/\/www.loire-gourmande.fr\/de\/wp-json\/wp\/v2\/product\/11095","targetHints":{"allow":["GET"]}}],"collection":[{"href":"https:\/\/www.loire-gourmande.fr\/de\/wp-json\/wp\/v2\/product"}],"about":[{"href":"https:\/\/www.loire-gourmande.fr\/de\/wp-json\/wp\/v2\/types\/product"}],"version-history":[{"count":2,"href":"https:\/\/www.loire-gourmande.fr\/de\/wp-json\/wp\/v2\/product\/11095\/revisions"}],"predecessor-version":[{"id":13027,"href":"https:\/\/www.loire-gourmande.fr\/de\/wp-json\/wp\/v2\/product\/11095\/revisions\/13027"}],"wp:featuredmedia":[{"embeddable":true,"href":"https:\/\/www.loire-gourmande.fr\/de\/wp-json\/wp\/v2\/media\/11096"}],"wp:attachment":[{"href":"https:\/\/www.loire-gourmande.fr\/de\/wp-json\/wp\/v2\/media?parent=11095"}],"wp:term":[{"taxonomy":"product_brand","embeddable":true,"href":"https:\/\/www.loire-gourmande.fr\/de\/wp-json\/wp\/v2\/product_brand?post=11095"},{"taxonomy":"product_cat","embeddable":true,"href":"https:\/\/www.loire-gourmande.fr\/de\/wp-json\/wp\/v2\/product_cat?post=11095"},{"taxonomy":"product_tag","embeddable":true,"href":"https:\/\/www.loire-gourmande.fr\/de\/wp-json\/wp\/v2\/product_tag?post=11095"}],"curies":[{"name":"wp","href":"https:\/\/api.w.org\/{rel}","templated":true}]}}