{"id":11102,"date":"2023-02-16T15:21:38","date_gmt":"2023-02-16T15:21:38","guid":{"rendered":"https:\/\/www.loire-gourmande.fr\/produit\/vouvray-sec-les-perruches-jean-marc-gilet-domaines-de-la-rouletiere-2021\/"},"modified":"2025-05-27T16:19:51","modified_gmt":"2025-05-27T15:19:51","slug":"vouvray-sec-les-perruches-jean-marc-gilet-domaines-de-la-rouletiere-2021","status":"publish","type":"product","link":"https:\/\/www.loire-gourmande.fr\/de\/Produkt\/vouvray-sec-les-perruches-jean-marc-gilet-domaines-de-la-rouletiere-2021\/","title":{"rendered":"VOUVRAY SEC LES PERRUCHES JEAN-MARC GILET DOMAINES DE LA ROULETIERE 2021"},"content":{"rendered":"<div class=\"page\" title=\"Seite 1\">\n<div class=\"section\">\n<div class=\"layoutArea\">\n<div class=\"column\">\n<p><strong>Weinbereitung<\/strong> :<br \/>\n Diese Cuv\u00e9e wurde an den sch\u00f6nsten steinigen H\u00e4ngen auf einem Tuffeausubstrat (wei\u00dfe Kreide aus dem Turon) ausgew\u00e4hlt. Bei der Weinlese werden die Trauben mit ausgezeichneter Reife geerntet und mit gr\u00f6\u00dfter Sorgfalt in den Keller gebracht. Dann erfolgt die Pressung, die sehr langsam durchgef\u00fchrt wird, um den besten Saft aus dem Fruchtfleisch zu gewinnen. Danach folgt die kalte Vorkl\u00e4rung (nat\u00fcrliche Kl\u00e4rung des Mostes). Ein Teil dieses Weins g\u00e4rte in temperaturkontrollierten Edelstahltanks und der andere Teil (20%) in Eichenf\u00e4ssern, wo er auf seinen feinen Hefen der G\u00e4rung 6 Monate lang regelm\u00e4\u00dfig zum Aufr\u00fchren gelagert wurde.<br \/>\n<strong>Speisenempfehlung:<\/strong><br \/>\nGebratener Spargel in Butter mit Mousseline-Sauce oder gebratenes H\u00e4hnchen mit Zitronengrasjus.<br \/>\n<strong>Verkostung :<\/strong><br \/>\nFarbe: Intensives Gelb mit leicht silbrigen Reflexen.<br \/>\nNase: ausdrucksstark mit einer Dominanz von wei\u00dfen Fr\u00fcchten (Weinpfirsiche), unterst\u00fctzt von Noten von frischen Mandeln und Akazienbl\u00fcten.<br \/>\nGeschmack: zart und lang mit Aromen von Zitrusfr\u00fcchten und ger\u00f6steten Haseln\u00fcssen.<\/p>\n<\/div>\n<\/div>\n<\/div>\n<\/div>\n","protected":false},"excerpt":{"rendered":"<p>Weinbereitung : Diese Cuv\u00e9e wurde an den sch\u00f6nsten steinigen H\u00e4ngen auf einem Tuffeausubstrat (wei\u00dfe Kreide [&hellip;]<\/p>\n","protected":false},"featured_media":11106,"template":"","meta":{"inline_featured_image":false},"product_brand":[],"product_cat":[603,609,608],"product_tag":[689,690],"class_list":{"0":"post-11102","1":"product","2":"type-product","3":"status-publish","4":"has-post-thumbnail","6":"product_cat-bio-wein","7":"product_cat-touraine-de","8":"product_cat-weis","9":"product_tag-in-butter-gebratener-spargel","10":"product_tag-poularde-braten","11":"product_shipping_class-flasche","13":"first","14":"instock","15":"featured","16":"taxable","17":"shipping-taxable","18":"purchasable","19":"product-type-simple"},"yoast_head":"<!-- This site is optimized with the Yoast SEO plugin v27.6 - https:\/\/yoast.com\/product\/yoast-seo-wordpress\/ -->\n<title>VOUVRAY SEC LES PERRUCHES JEAN-MARC GILET DOMAINES DE LA ROULETIERE 2021 - Loire Gourmande - une \u00e9tape savoureuse<\/title>\n<meta name=\"description\" content=\"Vouvray trocken Les P\u00e9rruches Jean Marc Gilet. Weine von der Loire. Bestellung im Weinkeller auf der Website von Loire Gourmande. Weinh\u00e4ndler in Turquant (49).\" \/>\n<meta name=\"robots\" content=\"index, follow, max-snippet:-1, max-image-preview:large, max-video-preview:-1\" \/>\n<link rel=\"canonical\" href=\"https:\/\/www.loire-gourmande.fr\/de\/Produkt\/vouvray-sec-les-perruches-jean-marc-gilet-domaines-de-la-rouletiere-2021\/\" \/>\n<meta property=\"og:locale\" content=\"de_DE\" \/>\n<meta property=\"og:type\" content=\"article\" \/>\n<meta property=\"og:title\" content=\"VOUVRAY SEC LES PERRUCHES JEAN-MARC GILET DOMAINES DE LA ROULETIERE 2021 - Loire Gourmande - une \u00e9tape savoureuse\" \/>\n<meta property=\"og:description\" content=\"Vouvray trocken Les P\u00e9rruches Jean Marc Gilet. Weine von der Loire. Bestellung im Weinkeller auf der Website von Loire Gourmande. Weinh\u00e4ndler in Turquant (49).\" \/>\n<meta property=\"og:url\" content=\"https:\/\/www.loire-gourmande.fr\/de\/Produkt\/vouvray-sec-les-perruches-jean-marc-gilet-domaines-de-la-rouletiere-2021\/\" \/>\n<meta property=\"og:site_name\" content=\"Loire Gourmande - une \u00e9tape savoureuse\" \/>\n<meta property=\"article:publisher\" content=\"https:\/\/www.facebook.com\/Loire-Gourmande-Turquant-101991328328493\/\" \/>\n<meta property=\"article:modified_time\" content=\"2025-05-27T15:19:51+00:00\" \/>\n<meta property=\"og:image\" content=\"https:\/\/www.loire-gourmande.fr\/wp-content\/uploads\/2023\/02\/VOUVRAY-DOMAINE-ROULETIERESEC.png\" \/>\n\t<meta property=\"og:image:width\" content=\"800\" \/>\n\t<meta property=\"og:image:height\" content=\"825\" \/>\n\t<meta property=\"og:image:type\" content=\"image\/png\" \/>\n<meta name=\"twitter:card\" content=\"summary_large_image\" \/>\n<meta name=\"twitter:label1\" content=\"Gesch\u00e4tzte Lesezeit\" \/>\n\t<meta name=\"twitter:data1\" content=\"1\u00a0Minute\" \/>\n<script type=\"application\/ld+json\" class=\"yoast-schema-graph\">{\"@context\":\"https:\\\/\\\/schema.org\",\"@graph\":[{\"@type\":\"WebPage\",\"@id\":\"https:\\\/\\\/www.loire-gourmande.fr\\\/de\\\/Produkt\\\/vouvray-sec-les-perruches-jean-marc-gilet-domaines-de-la-rouletiere-2021\\\/\",\"url\":\"https:\\\/\\\/www.loire-gourmande.fr\\\/de\\\/Produkt\\\/vouvray-sec-les-perruches-jean-marc-gilet-domaines-de-la-rouletiere-2021\\\/\",\"name\":\"VOUVRAY SEC LES PERRUCHES JEAN-MARC GILET DOMAINES DE LA ROULETIERE 2021 - Loire Gourmande - une \u00e9tape savoureuse\",\"isPartOf\":{\"@id\":\"https:\\\/\\\/www.loire-gourmande.fr\\\/de\\\/#website\"},\"primaryImageOfPage\":{\"@id\":\"https:\\\/\\\/www.loire-gourmande.fr\\\/de\\\/Produkt\\\/vouvray-sec-les-perruches-jean-marc-gilet-domaines-de-la-rouletiere-2021\\\/#primaryimage\"},\"image\":{\"@id\":\"https:\\\/\\\/www.loire-gourmande.fr\\\/de\\\/Produkt\\\/vouvray-sec-les-perruches-jean-marc-gilet-domaines-de-la-rouletiere-2021\\\/#primaryimage\"},\"thumbnailUrl\":\"https:\\\/\\\/www.loire-gourmande.fr\\\/wp-content\\\/uploads\\\/2023\\\/02\\\/VOUVRAY-DOMAINE-ROULETIERESEC.png\",\"datePublished\":\"2023-02-16T15:21:38+00:00\",\"dateModified\":\"2025-05-27T15:19:51+00:00\",\"description\":\"Vouvray trocken Les P\u00e9rruches Jean Marc Gilet. Weine von der Loire. Bestellung im Weinkeller auf der Website von Loire Gourmande. Weinh\u00e4ndler in Turquant (49).\",\"breadcrumb\":{\"@id\":\"https:\\\/\\\/www.loire-gourmande.fr\\\/de\\\/Produkt\\\/vouvray-sec-les-perruches-jean-marc-gilet-domaines-de-la-rouletiere-2021\\\/#breadcrumb\"},\"inLanguage\":\"de\",\"potentialAction\":[{\"@type\":\"ReadAction\",\"target\":[\"https:\\\/\\\/www.loire-gourmande.fr\\\/de\\\/Produkt\\\/vouvray-sec-les-perruches-jean-marc-gilet-domaines-de-la-rouletiere-2021\\\/\"]}]},{\"@type\":\"ImageObject\",\"inLanguage\":\"de\",\"@id\":\"https:\\\/\\\/www.loire-gourmande.fr\\\/de\\\/Produkt\\\/vouvray-sec-les-perruches-jean-marc-gilet-domaines-de-la-rouletiere-2021\\\/#primaryimage\",\"url\":\"https:\\\/\\\/www.loire-gourmande.fr\\\/wp-content\\\/uploads\\\/2023\\\/02\\\/VOUVRAY-DOMAINE-ROULETIERESEC.png\",\"contentUrl\":\"https:\\\/\\\/www.loire-gourmande.fr\\\/wp-content\\\/uploads\\\/2023\\\/02\\\/VOUVRAY-DOMAINE-ROULETIERESEC.png\",\"width\":800,\"height\":825},{\"@type\":\"BreadcrumbList\",\"@id\":\"https:\\\/\\\/www.loire-gourmande.fr\\\/de\\\/Produkt\\\/vouvray-sec-les-perruches-jean-marc-gilet-domaines-de-la-rouletiere-2021\\\/#breadcrumb\",\"itemListElement\":[{\"@type\":\"ListItem\",\"position\":1,\"name\":\"Startseite\",\"item\":\"https:\\\/\\\/www.loire-gourmande.fr\\\/de\\\/\"},{\"@type\":\"ListItem\",\"position\":2,\"name\":\"Die Boutique de Loire Gourmande: die Weine der Loire\",\"item\":\"https:\\\/\\\/www.loire-gourmande.fr\\\/de\\\/woocommerce\\\/\"},{\"@type\":\"ListItem\",\"position\":3,\"name\":\"Die Weine\",\"item\":\"https:\\\/\\\/www.loire-gourmande.fr\\\/de\\\/Produktkategorie\\\/die-weine\\\/\"},{\"@type\":\"ListItem\",\"position\":4,\"name\":\"Bio Wein\",\"item\":\"https:\\\/\\\/www.loire-gourmande.fr\\\/de\\\/Produktkategorie\\\/die-weine\\\/bio-wein\\\/\"},{\"@type\":\"ListItem\",\"position\":5,\"name\":\"VOUVRAY SEC LES PERRUCHES JEAN-MARC GILET DOMAINES DE LA ROULETIERE 2021\"}]},{\"@type\":\"WebSite\",\"@id\":\"https:\\\/\\\/www.loire-gourmande.fr\\\/de\\\/#website\",\"url\":\"https:\\\/\\\/www.loire-gourmande.fr\\\/de\\\/\",\"name\":\"Loire Gourmande, une \u00e9tape savoureuse\",\"description\":\"une d\u00e9gustation \u00e0 toute heure et une boutique \u00e0 visiter \u00e0 Turquant (49)\",\"publisher\":{\"@id\":\"https:\\\/\\\/www.loire-gourmande.fr\\\/de\\\/#organization\"},\"potentialAction\":[{\"@type\":\"SearchAction\",\"target\":{\"@type\":\"EntryPoint\",\"urlTemplate\":\"https:\\\/\\\/www.loire-gourmande.fr\\\/de\\\/?s={search_term_string}\"},\"query-input\":{\"@type\":\"PropertyValueSpecification\",\"valueRequired\":true,\"valueName\":\"search_term_string\"}}],\"inLanguage\":\"de\"},{\"@type\":\"Organization\",\"@id\":\"https:\\\/\\\/www.loire-gourmande.fr\\\/de\\\/#organization\",\"name\":\"Loire Gourmande - Schnellrestaurant und Besuch in Turquant (49)\",\"url\":\"https:\\\/\\\/www.loire-gourmande.fr\\\/de\\\/\",\"logo\":{\"@type\":\"ImageObject\",\"inLanguage\":\"de\",\"@id\":\"https:\\\/\\\/www.loire-gourmande.fr\\\/de\\\/#\\\/schema\\\/logo\\\/image\\\/\",\"url\":\"https:\\\/\\\/www.loire-gourmande.fr\\\/wp-content\\\/uploads\\\/2020\\\/10\\\/loire-gourmande-logo.jpg\",\"contentUrl\":\"https:\\\/\\\/www.loire-gourmande.fr\\\/wp-content\\\/uploads\\\/2020\\\/10\\\/loire-gourmande-logo.jpg\",\"width\":800,\"height\":415,\"caption\":\"Loire Gourmande - Schnellrestaurant und Besuch in Turquant (49)\"},\"image\":{\"@id\":\"https:\\\/\\\/www.loire-gourmande.fr\\\/de\\\/#\\\/schema\\\/logo\\\/image\\\/\"},\"sameAs\":[\"https:\\\/\\\/www.facebook.com\\\/Loire-Gourmande-Turquant-101991328328493\\\/\",\"https:\\\/\\\/www.instagram.com\\\/jean_yves_auradon\\\/?igshid=1ta3mfjka326t\"]}]}<\/script>\n<!-- \/ Yoast SEO plugin. -->","yoast_head_json":{"title":"VOUVRAY SEC LES PERRUCHES JEAN-MARC GILET DOMAINES DE LA ROULETIERE 2021 - Loire Gourmande - une \u00e9tape savoureuse","description":"Vouvray trocken Les P\u00e9rruches Jean Marc Gilet. Weine von der Loire. Bestellung im Weinkeller auf der Website von Loire Gourmande. Weinh\u00e4ndler in Turquant (49).","robots":{"index":"index","follow":"follow","max-snippet":"max-snippet:-1","max-image-preview":"max-image-preview:large","max-video-preview":"max-video-preview:-1"},"canonical":"https:\/\/www.loire-gourmande.fr\/de\/Produkt\/vouvray-sec-les-perruches-jean-marc-gilet-domaines-de-la-rouletiere-2021\/","og_locale":"de_DE","og_type":"article","og_title":"VOUVRAY SEC LES PERRUCHES JEAN-MARC GILET DOMAINES DE LA ROULETIERE 2021 - Loire Gourmande - une \u00e9tape savoureuse","og_description":"Vouvray trocken Les P\u00e9rruches Jean Marc Gilet. Weine von der Loire. Bestellung im Weinkeller auf der Website von Loire Gourmande. Weinh\u00e4ndler in Turquant (49).","og_url":"https:\/\/www.loire-gourmande.fr\/de\/Produkt\/vouvray-sec-les-perruches-jean-marc-gilet-domaines-de-la-rouletiere-2021\/","og_site_name":"Loire Gourmande - une \u00e9tape savoureuse","article_publisher":"https:\/\/www.facebook.com\/Loire-Gourmande-Turquant-101991328328493\/","article_modified_time":"2025-05-27T15:19:51+00:00","og_image":[{"width":800,"height":825,"url":"https:\/\/www.loire-gourmande.fr\/wp-content\/uploads\/2023\/02\/VOUVRAY-DOMAINE-ROULETIERESEC.png","type":"image\/png"}],"twitter_card":"summary_large_image","twitter_misc":{"Gesch\u00e4tzte Lesezeit":"1\u00a0Minute"},"schema":{"@context":"https:\/\/schema.org","@graph":[{"@type":"WebPage","@id":"https:\/\/www.loire-gourmande.fr\/de\/Produkt\/vouvray-sec-les-perruches-jean-marc-gilet-domaines-de-la-rouletiere-2021\/","url":"https:\/\/www.loire-gourmande.fr\/de\/Produkt\/vouvray-sec-les-perruches-jean-marc-gilet-domaines-de-la-rouletiere-2021\/","name":"VOUVRAY SEC LES PERRUCHES JEAN-MARC GILET DOMAINES DE LA ROULETIERE 2021 - Loire Gourmande - une \u00e9tape savoureuse","isPartOf":{"@id":"https:\/\/www.loire-gourmande.fr\/de\/#website"},"primaryImageOfPage":{"@id":"https:\/\/www.loire-gourmande.fr\/de\/Produkt\/vouvray-sec-les-perruches-jean-marc-gilet-domaines-de-la-rouletiere-2021\/#primaryimage"},"image":{"@id":"https:\/\/www.loire-gourmande.fr\/de\/Produkt\/vouvray-sec-les-perruches-jean-marc-gilet-domaines-de-la-rouletiere-2021\/#primaryimage"},"thumbnailUrl":"https:\/\/www.loire-gourmande.fr\/wp-content\/uploads\/2023\/02\/VOUVRAY-DOMAINE-ROULETIERESEC.png","datePublished":"2023-02-16T15:21:38+00:00","dateModified":"2025-05-27T15:19:51+00:00","description":"Vouvray trocken Les P\u00e9rruches Jean Marc Gilet. Weine von der Loire. Bestellung im Weinkeller auf der Website von Loire Gourmande. Weinh\u00e4ndler in Turquant (49).","breadcrumb":{"@id":"https:\/\/www.loire-gourmande.fr\/de\/Produkt\/vouvray-sec-les-perruches-jean-marc-gilet-domaines-de-la-rouletiere-2021\/#breadcrumb"},"inLanguage":"de","potentialAction":[{"@type":"ReadAction","target":["https:\/\/www.loire-gourmande.fr\/de\/Produkt\/vouvray-sec-les-perruches-jean-marc-gilet-domaines-de-la-rouletiere-2021\/"]}]},{"@type":"ImageObject","inLanguage":"de","@id":"https:\/\/www.loire-gourmande.fr\/de\/Produkt\/vouvray-sec-les-perruches-jean-marc-gilet-domaines-de-la-rouletiere-2021\/#primaryimage","url":"https:\/\/www.loire-gourmande.fr\/wp-content\/uploads\/2023\/02\/VOUVRAY-DOMAINE-ROULETIERESEC.png","contentUrl":"https:\/\/www.loire-gourmande.fr\/wp-content\/uploads\/2023\/02\/VOUVRAY-DOMAINE-ROULETIERESEC.png","width":800,"height":825},{"@type":"BreadcrumbList","@id":"https:\/\/www.loire-gourmande.fr\/de\/Produkt\/vouvray-sec-les-perruches-jean-marc-gilet-domaines-de-la-rouletiere-2021\/#breadcrumb","itemListElement":[{"@type":"ListItem","position":1,"name":"Startseite","item":"https:\/\/www.loire-gourmande.fr\/de\/"},{"@type":"ListItem","position":2,"name":"Die Boutique de Loire Gourmande: die Weine der Loire","item":"https:\/\/www.loire-gourmande.fr\/de\/woocommerce\/"},{"@type":"ListItem","position":3,"name":"Die Weine","item":"https:\/\/www.loire-gourmande.fr\/de\/Produktkategorie\/die-weine\/"},{"@type":"ListItem","position":4,"name":"Bio Wein","item":"https:\/\/www.loire-gourmande.fr\/de\/Produktkategorie\/die-weine\/bio-wein\/"},{"@type":"ListItem","position":5,"name":"VOUVRAY SEC LES PERRUCHES JEAN-MARC GILET DOMAINES DE LA ROULETIERE 2021"}]},{"@type":"WebSite","@id":"https:\/\/www.loire-gourmande.fr\/de\/#website","url":"https:\/\/www.loire-gourmande.fr\/de\/","name":"Loire Gourmande, une \u00e9tape savoureuse","description":"une d\u00e9gustation \u00e0 toute heure et une boutique \u00e0 visiter \u00e0 Turquant (49)","publisher":{"@id":"https:\/\/www.loire-gourmande.fr\/de\/#organization"},"potentialAction":[{"@type":"SearchAction","target":{"@type":"EntryPoint","urlTemplate":"https:\/\/www.loire-gourmande.fr\/de\/?s={search_term_string}"},"query-input":{"@type":"PropertyValueSpecification","valueRequired":true,"valueName":"search_term_string"}}],"inLanguage":"de"},{"@type":"Organization","@id":"https:\/\/www.loire-gourmande.fr\/de\/#organization","name":"Loire Gourmande - Schnellrestaurant und Besuch in Turquant (49)","url":"https:\/\/www.loire-gourmande.fr\/de\/","logo":{"@type":"ImageObject","inLanguage":"de","@id":"https:\/\/www.loire-gourmande.fr\/de\/#\/schema\/logo\/image\/","url":"https:\/\/www.loire-gourmande.fr\/wp-content\/uploads\/2020\/10\/loire-gourmande-logo.jpg","contentUrl":"https:\/\/www.loire-gourmande.fr\/wp-content\/uploads\/2020\/10\/loire-gourmande-logo.jpg","width":800,"height":415,"caption":"Loire Gourmande - Schnellrestaurant und Besuch in Turquant (49)"},"image":{"@id":"https:\/\/www.loire-gourmande.fr\/de\/#\/schema\/logo\/image\/"},"sameAs":["https:\/\/www.facebook.com\/Loire-Gourmande-Turquant-101991328328493\/","https:\/\/www.instagram.com\/jean_yves_auradon\/?igshid=1ta3mfjka326t"]}]}},"_links":{"self":[{"href":"https:\/\/www.loire-gourmande.fr\/de\/wp-json\/wp\/v2\/product\/11102","targetHints":{"allow":["GET"]}}],"collection":[{"href":"https:\/\/www.loire-gourmande.fr\/de\/wp-json\/wp\/v2\/product"}],"about":[{"href":"https:\/\/www.loire-gourmande.fr\/de\/wp-json\/wp\/v2\/types\/product"}],"version-history":[{"count":2,"href":"https:\/\/www.loire-gourmande.fr\/de\/wp-json\/wp\/v2\/product\/11102\/revisions"}],"predecessor-version":[{"id":13068,"href":"https:\/\/www.loire-gourmande.fr\/de\/wp-json\/wp\/v2\/product\/11102\/revisions\/13068"}],"wp:featuredmedia":[{"embeddable":true,"href":"https:\/\/www.loire-gourmande.fr\/de\/wp-json\/wp\/v2\/media\/11106"}],"wp:attachment":[{"href":"https:\/\/www.loire-gourmande.fr\/de\/wp-json\/wp\/v2\/media?parent=11102"}],"wp:term":[{"taxonomy":"product_brand","embeddable":true,"href":"https:\/\/www.loire-gourmande.fr\/de\/wp-json\/wp\/v2\/product_brand?post=11102"},{"taxonomy":"product_cat","embeddable":true,"href":"https:\/\/www.loire-gourmande.fr\/de\/wp-json\/wp\/v2\/product_cat?post=11102"},{"taxonomy":"product_tag","embeddable":true,"href":"https:\/\/www.loire-gourmande.fr\/de\/wp-json\/wp\/v2\/product_tag?post=11102"}],"curies":[{"name":"wp","href":"https:\/\/api.w.org\/{rel}","templated":true}]}}