{"id":11109,"date":"2023-02-18T15:31:19","date_gmt":"2023-02-18T15:31:19","guid":{"rendered":"https:\/\/www.loire-gourmande.fr\/produit\/muscadet-jubilation-sevre-et-maine-le-pallet-chateau-de-la-galissonnieres-aop\/"},"modified":"2025-05-27T16:12:15","modified_gmt":"2025-05-27T15:12:15","slug":"muscadet-jubilation-sevre-et-maine-le-pallet-chateau-de-la-galissonnieres-aop","status":"publish","type":"product","link":"https:\/\/www.loire-gourmande.fr\/de\/Produkt\/muscadet-jubilation-sevre-et-maine-le-pallet-chateau-de-la-galissonnieres-aop\/","title":{"rendered":"MUSCADET JUBILATION SEVRE ET MAINE LE PALLET CHATEAU DE LA GALISSONNIERES AOP"},"content":{"rendered":"<p><span style=\"font-size: 12pt;\"><strong>Geschichte<\/strong><br \/>\n<\/span><span style=\"font-size: 12pt;\">Der Cru Le Pallet Jubilation entstand aus dem Wunsch der &#8222;Vignerons du Pallet&#8220;, das Au\u00dfergew\u00f6hnliche und Einzigartige dieses Terroirs auf die komplexeste und vollendetste Weise zum Ausdruck zu bringen. Im Weinberg wird alles getan, um die Trauben f\u00fcr eine gro\u00dfe wei\u00dfe Lagercuv\u00e9e zu ernten.<br \/>\n<\/span><span style=\"font-size: 12pt;\">Sch\u00f6ne blassgoldene Farbe. Intensive und komplexe Nase, die von Aromen wei\u00dfer Fr\u00fcchte, Zitrusfr\u00fcchten, Mandeln und Biskuit dominiert wird. Am Gaumen ein sch\u00f6nes Gleichgewicht zwischen Lebendigkeit, Reichtum und Eleganz. Der klare Auftakt geht einer reichen und vollen Entwicklung voraus. Sehr lang anhaltender, mineralischer Abgang.<br \/>\n<\/span><strong>Speisenempfehlung: <\/strong>Jubilation ist ein gastronomischer Wein. Er verleiht Ihren Aperitifs eine qualitative Note, begleitet Meeresfr\u00fcchte, passt zu Gefl\u00fcgel und anderen exotischen Gerichten (Tajines mit Meeresfr\u00fcchten oder Kokos-Curry-H\u00e4hnchen) und wertet bestimmte Schimmelk\u00e4se auf.<span style=\"font-size: 12pt;\">Gekochte Meeresgerichte passen sehr gut zu dieser Cuv\u00e9e. Ein Filet vom St. Pierre &#8222;Retour des Indes&#8220;, ger\u00e4ucherter Aal, Jakobsmuscheln in Pellets oder als Tartar, warme Austern. Passt auch zu wei\u00dfem Fleisch in Sauce oder zu einer sch\u00f6nen K\u00e4seplatte.<\/span><\/p>\n<p>Jubilation ist ein Lagerwein, den Sie viele Jahre lang genie\u00dfen k\u00f6nnen. Fragen Sie nach den verf\u00fcgbaren Jahrg\u00e4ngen.<\/p>\n<p>&nbsp;<\/p>\n","protected":false},"excerpt":{"rendered":"<p><strong>Appellation cru communal Le Pallet<\/strong><br \/>\nDie Vielfalt der B\u00f6den und die Qualit\u00e4t der Parzellen in unserer Gemeinde Le Pallet bilden ein Terroir der Exzellenz. Eine Auswahl dieser besten Parzellen beschert uns diese Cuv\u00e9e &#8222;Jubilation&#8220;. Es sind einzigartige Weine: Weine von gro\u00dfem Reichtum. Dieser Cru wird \u00fcber einen l\u00e4ngeren Zeitraum auf der Feinhefe gelagert, um eine optimale Freisetzung des aromatischen und geschmacklichen Kapitals zu erm\u00f6glichen. Dieser gro\u00dfe Loire-Wein wird dann in Ihrem &#8222;Pallet&#8220; zur Ekstase gelangen. Die goldfarbenen Cuv\u00e9es &#8222;Jubilation&#8220; liefern eine intensive Nase von Mandeln und gelben Pfirsichen, erg\u00e4nzt durch balsamische Noten (Wachs, Honig). Am Gaumen ist er reich und seidig, mit Honig und Gew\u00fcrzen, unterstrichen von einer feinen Mineralit\u00e4t.<\/p>\n","protected":false},"featured_media":11111,"template":"","meta":{"inline_featured_image":false},"product_brand":[],"product_cat":[611,608],"product_tag":[635,691,692,663],"class_list":{"0":"post-11109","1":"product","2":"type-product","3":"status-publish","4":"has-post-thumbnail","6":"product_cat-weinberge-nantes","7":"product_cat-weis","8":"product_tag-meeresfruchte","9":"product_tag-st-jacques-de","10":"product_tag-tartar","11":"product_tag-weises-fleisch","12":"product_shipping_class-flasche","14":"first","15":"instock","16":"taxable","17":"shipping-taxable","18":"purchasable","19":"product-type-simple"},"yoast_head":"<!-- This site is optimized with the Yoast SEO plugin v27.6 - https:\/\/yoast.com\/product\/yoast-seo-wordpress\/ -->\n<title>MUSCADET JUBILATION SEVRE ET MAINE LE PALLET CHATEAU DE LA GALISSONNIERES AOP - Loire Gourmande - une \u00e9tape savoureuse<\/title>\n<meta name=\"description\" content=\"Kommunale Appellation Le Pallet. Jubel in Le Pallet . Weine von der Loire. Bestellung im Weinkeller auf der Website von Loire Gourmande. Weinh\u00e4ndler in Turquant (49).\" \/>\n<meta name=\"robots\" content=\"index, follow, max-snippet:-1, max-image-preview:large, max-video-preview:-1\" \/>\n<link rel=\"canonical\" href=\"https:\/\/www.loire-gourmande.fr\/de\/Produkt\/muscadet-jubilation-sevre-et-maine-le-pallet-chateau-de-la-galissonnieres-aop\/\" \/>\n<meta property=\"og:locale\" content=\"de_DE\" \/>\n<meta property=\"og:type\" content=\"article\" \/>\n<meta property=\"og:title\" content=\"MUSCADET JUBILATION SEVRE ET MAINE LE PALLET CHATEAU DE LA GALISSONNIERES AOP - Loire Gourmande - une \u00e9tape savoureuse\" \/>\n<meta property=\"og:description\" content=\"Kommunale Appellation Le Pallet. Jubel in Le Pallet . Weine von der Loire. Bestellung im Weinkeller auf der Website von Loire Gourmande. Weinh\u00e4ndler in Turquant (49).\" \/>\n<meta property=\"og:url\" content=\"https:\/\/www.loire-gourmande.fr\/de\/Produkt\/muscadet-jubilation-sevre-et-maine-le-pallet-chateau-de-la-galissonnieres-aop\/\" \/>\n<meta property=\"og:site_name\" content=\"Loire Gourmande - une \u00e9tape savoureuse\" \/>\n<meta property=\"article:publisher\" content=\"https:\/\/www.facebook.com\/Loire-Gourmande-Turquant-101991328328493\/\" \/>\n<meta property=\"article:modified_time\" content=\"2025-05-27T15:12:15+00:00\" \/>\n<meta property=\"og:image\" content=\"https:\/\/www.loire-gourmande.fr\/wp-content\/uploads\/2023\/02\/1MUSCOMPAL15BLC-Blanc-Muscadet-Sevre-Maine-Cru-Communal-Jubilation-Le-Pallet-2015..png\" \/>\n\t<meta property=\"og:image:width\" content=\"1112\" \/>\n\t<meta property=\"og:image:height\" content=\"1256\" \/>\n\t<meta property=\"og:image:type\" content=\"image\/png\" \/>\n<meta name=\"twitter:card\" content=\"summary_large_image\" \/>\n<meta name=\"twitter:label1\" content=\"Gesch\u00e4tzte Lesezeit\" \/>\n\t<meta name=\"twitter:data1\" content=\"1\u00a0Minute\" \/>\n<script type=\"application\/ld+json\" class=\"yoast-schema-graph\">{\"@context\":\"https:\\\/\\\/schema.org\",\"@graph\":[{\"@type\":\"WebPage\",\"@id\":\"https:\\\/\\\/www.loire-gourmande.fr\\\/de\\\/Produkt\\\/muscadet-jubilation-sevre-et-maine-le-pallet-chateau-de-la-galissonnieres-aop\\\/\",\"url\":\"https:\\\/\\\/www.loire-gourmande.fr\\\/de\\\/Produkt\\\/muscadet-jubilation-sevre-et-maine-le-pallet-chateau-de-la-galissonnieres-aop\\\/\",\"name\":\"MUSCADET JUBILATION SEVRE ET MAINE LE PALLET CHATEAU DE LA GALISSONNIERES AOP - Loire Gourmande - une \u00e9tape savoureuse\",\"isPartOf\":{\"@id\":\"https:\\\/\\\/www.loire-gourmande.fr\\\/de\\\/#website\"},\"primaryImageOfPage\":{\"@id\":\"https:\\\/\\\/www.loire-gourmande.fr\\\/de\\\/Produkt\\\/muscadet-jubilation-sevre-et-maine-le-pallet-chateau-de-la-galissonnieres-aop\\\/#primaryimage\"},\"image\":{\"@id\":\"https:\\\/\\\/www.loire-gourmande.fr\\\/de\\\/Produkt\\\/muscadet-jubilation-sevre-et-maine-le-pallet-chateau-de-la-galissonnieres-aop\\\/#primaryimage\"},\"thumbnailUrl\":\"https:\\\/\\\/www.loire-gourmande.fr\\\/wp-content\\\/uploads\\\/2023\\\/02\\\/1MUSCOMPAL15BLC-Blanc-Muscadet-Sevre-Maine-Cru-Communal-Jubilation-Le-Pallet-2015..png\",\"datePublished\":\"2023-02-18T15:31:19+00:00\",\"dateModified\":\"2025-05-27T15:12:15+00:00\",\"description\":\"Kommunale Appellation Le Pallet. Jubel in Le Pallet . Weine von der Loire. Bestellung im Weinkeller auf der Website von Loire Gourmande. Weinh\u00e4ndler in Turquant (49).\",\"breadcrumb\":{\"@id\":\"https:\\\/\\\/www.loire-gourmande.fr\\\/de\\\/Produkt\\\/muscadet-jubilation-sevre-et-maine-le-pallet-chateau-de-la-galissonnieres-aop\\\/#breadcrumb\"},\"inLanguage\":\"de\",\"potentialAction\":[{\"@type\":\"ReadAction\",\"target\":[\"https:\\\/\\\/www.loire-gourmande.fr\\\/de\\\/Produkt\\\/muscadet-jubilation-sevre-et-maine-le-pallet-chateau-de-la-galissonnieres-aop\\\/\"]}]},{\"@type\":\"ImageObject\",\"inLanguage\":\"de\",\"@id\":\"https:\\\/\\\/www.loire-gourmande.fr\\\/de\\\/Produkt\\\/muscadet-jubilation-sevre-et-maine-le-pallet-chateau-de-la-galissonnieres-aop\\\/#primaryimage\",\"url\":\"https:\\\/\\\/www.loire-gourmande.fr\\\/wp-content\\\/uploads\\\/2023\\\/02\\\/1MUSCOMPAL15BLC-Blanc-Muscadet-Sevre-Maine-Cru-Communal-Jubilation-Le-Pallet-2015..png\",\"contentUrl\":\"https:\\\/\\\/www.loire-gourmande.fr\\\/wp-content\\\/uploads\\\/2023\\\/02\\\/1MUSCOMPAL15BLC-Blanc-Muscadet-Sevre-Maine-Cru-Communal-Jubilation-Le-Pallet-2015..png\",\"width\":1112,\"height\":1256},{\"@type\":\"BreadcrumbList\",\"@id\":\"https:\\\/\\\/www.loire-gourmande.fr\\\/de\\\/Produkt\\\/muscadet-jubilation-sevre-et-maine-le-pallet-chateau-de-la-galissonnieres-aop\\\/#breadcrumb\",\"itemListElement\":[{\"@type\":\"ListItem\",\"position\":1,\"name\":\"Startseite\",\"item\":\"https:\\\/\\\/www.loire-gourmande.fr\\\/de\\\/\"},{\"@type\":\"ListItem\",\"position\":2,\"name\":\"Die Boutique de Loire Gourmande: die Weine der Loire\",\"item\":\"https:\\\/\\\/www.loire-gourmande.fr\\\/de\\\/woocommerce\\\/\"},{\"@type\":\"ListItem\",\"position\":3,\"name\":\"Die Weine\",\"item\":\"https:\\\/\\\/www.loire-gourmande.fr\\\/de\\\/Produktkategorie\\\/die-weine\\\/\"},{\"@type\":\"ListItem\",\"position\":4,\"name\":\"Wei\u00df\",\"item\":\"https:\\\/\\\/www.loire-gourmande.fr\\\/de\\\/Produktkategorie\\\/die-weine\\\/weis\\\/\"},{\"@type\":\"ListItem\",\"position\":5,\"name\":\"MUSCADET JUBILATION SEVRE ET MAINE LE PALLET CHATEAU DE LA GALISSONNIERES AOP\"}]},{\"@type\":\"WebSite\",\"@id\":\"https:\\\/\\\/www.loire-gourmande.fr\\\/de\\\/#website\",\"url\":\"https:\\\/\\\/www.loire-gourmande.fr\\\/de\\\/\",\"name\":\"Loire Gourmande, une \u00e9tape savoureuse\",\"description\":\"une d\u00e9gustation \u00e0 toute heure et une boutique \u00e0 visiter \u00e0 Turquant (49)\",\"publisher\":{\"@id\":\"https:\\\/\\\/www.loire-gourmande.fr\\\/de\\\/#organization\"},\"potentialAction\":[{\"@type\":\"SearchAction\",\"target\":{\"@type\":\"EntryPoint\",\"urlTemplate\":\"https:\\\/\\\/www.loire-gourmande.fr\\\/de\\\/?s={search_term_string}\"},\"query-input\":{\"@type\":\"PropertyValueSpecification\",\"valueRequired\":true,\"valueName\":\"search_term_string\"}}],\"inLanguage\":\"de\"},{\"@type\":\"Organization\",\"@id\":\"https:\\\/\\\/www.loire-gourmande.fr\\\/de\\\/#organization\",\"name\":\"Loire Gourmande - Schnellrestaurant und Besuch in Turquant (49)\",\"url\":\"https:\\\/\\\/www.loire-gourmande.fr\\\/de\\\/\",\"logo\":{\"@type\":\"ImageObject\",\"inLanguage\":\"de\",\"@id\":\"https:\\\/\\\/www.loire-gourmande.fr\\\/de\\\/#\\\/schema\\\/logo\\\/image\\\/\",\"url\":\"https:\\\/\\\/www.loire-gourmande.fr\\\/wp-content\\\/uploads\\\/2020\\\/10\\\/loire-gourmande-logo.jpg\",\"contentUrl\":\"https:\\\/\\\/www.loire-gourmande.fr\\\/wp-content\\\/uploads\\\/2020\\\/10\\\/loire-gourmande-logo.jpg\",\"width\":800,\"height\":415,\"caption\":\"Loire Gourmande - Schnellrestaurant und Besuch in Turquant (49)\"},\"image\":{\"@id\":\"https:\\\/\\\/www.loire-gourmande.fr\\\/de\\\/#\\\/schema\\\/logo\\\/image\\\/\"},\"sameAs\":[\"https:\\\/\\\/www.facebook.com\\\/Loire-Gourmande-Turquant-101991328328493\\\/\",\"https:\\\/\\\/www.instagram.com\\\/jean_yves_auradon\\\/?igshid=1ta3mfjka326t\"]}]}<\/script>\n<!-- \/ Yoast SEO plugin. -->","yoast_head_json":{"title":"MUSCADET JUBILATION SEVRE ET MAINE LE PALLET CHATEAU DE LA GALISSONNIERES AOP - Loire Gourmande - une \u00e9tape savoureuse","description":"Kommunale Appellation Le Pallet. Jubel in Le Pallet . Weine von der Loire. Bestellung im Weinkeller auf der Website von Loire Gourmande. Weinh\u00e4ndler in Turquant (49).","robots":{"index":"index","follow":"follow","max-snippet":"max-snippet:-1","max-image-preview":"max-image-preview:large","max-video-preview":"max-video-preview:-1"},"canonical":"https:\/\/www.loire-gourmande.fr\/de\/Produkt\/muscadet-jubilation-sevre-et-maine-le-pallet-chateau-de-la-galissonnieres-aop\/","og_locale":"de_DE","og_type":"article","og_title":"MUSCADET JUBILATION SEVRE ET MAINE LE PALLET CHATEAU DE LA GALISSONNIERES AOP - Loire Gourmande - une \u00e9tape savoureuse","og_description":"Kommunale Appellation Le Pallet. Jubel in Le Pallet . Weine von der Loire. Bestellung im Weinkeller auf der Website von Loire Gourmande. Weinh\u00e4ndler in Turquant (49).","og_url":"https:\/\/www.loire-gourmande.fr\/de\/Produkt\/muscadet-jubilation-sevre-et-maine-le-pallet-chateau-de-la-galissonnieres-aop\/","og_site_name":"Loire Gourmande - une \u00e9tape savoureuse","article_publisher":"https:\/\/www.facebook.com\/Loire-Gourmande-Turquant-101991328328493\/","article_modified_time":"2025-05-27T15:12:15+00:00","og_image":[{"width":1112,"height":1256,"url":"https:\/\/www.loire-gourmande.fr\/wp-content\/uploads\/2023\/02\/1MUSCOMPAL15BLC-Blanc-Muscadet-Sevre-Maine-Cru-Communal-Jubilation-Le-Pallet-2015..png","type":"image\/png"}],"twitter_card":"summary_large_image","twitter_misc":{"Gesch\u00e4tzte Lesezeit":"1\u00a0Minute"},"schema":{"@context":"https:\/\/schema.org","@graph":[{"@type":"WebPage","@id":"https:\/\/www.loire-gourmande.fr\/de\/Produkt\/muscadet-jubilation-sevre-et-maine-le-pallet-chateau-de-la-galissonnieres-aop\/","url":"https:\/\/www.loire-gourmande.fr\/de\/Produkt\/muscadet-jubilation-sevre-et-maine-le-pallet-chateau-de-la-galissonnieres-aop\/","name":"MUSCADET JUBILATION SEVRE ET MAINE LE PALLET CHATEAU DE LA GALISSONNIERES AOP - Loire Gourmande - une \u00e9tape savoureuse","isPartOf":{"@id":"https:\/\/www.loire-gourmande.fr\/de\/#website"},"primaryImageOfPage":{"@id":"https:\/\/www.loire-gourmande.fr\/de\/Produkt\/muscadet-jubilation-sevre-et-maine-le-pallet-chateau-de-la-galissonnieres-aop\/#primaryimage"},"image":{"@id":"https:\/\/www.loire-gourmande.fr\/de\/Produkt\/muscadet-jubilation-sevre-et-maine-le-pallet-chateau-de-la-galissonnieres-aop\/#primaryimage"},"thumbnailUrl":"https:\/\/www.loire-gourmande.fr\/wp-content\/uploads\/2023\/02\/1MUSCOMPAL15BLC-Blanc-Muscadet-Sevre-Maine-Cru-Communal-Jubilation-Le-Pallet-2015..png","datePublished":"2023-02-18T15:31:19+00:00","dateModified":"2025-05-27T15:12:15+00:00","description":"Kommunale Appellation Le Pallet. Jubel in Le Pallet . Weine von der Loire. Bestellung im Weinkeller auf der Website von Loire Gourmande. Weinh\u00e4ndler in Turquant (49).","breadcrumb":{"@id":"https:\/\/www.loire-gourmande.fr\/de\/Produkt\/muscadet-jubilation-sevre-et-maine-le-pallet-chateau-de-la-galissonnieres-aop\/#breadcrumb"},"inLanguage":"de","potentialAction":[{"@type":"ReadAction","target":["https:\/\/www.loire-gourmande.fr\/de\/Produkt\/muscadet-jubilation-sevre-et-maine-le-pallet-chateau-de-la-galissonnieres-aop\/"]}]},{"@type":"ImageObject","inLanguage":"de","@id":"https:\/\/www.loire-gourmande.fr\/de\/Produkt\/muscadet-jubilation-sevre-et-maine-le-pallet-chateau-de-la-galissonnieres-aop\/#primaryimage","url":"https:\/\/www.loire-gourmande.fr\/wp-content\/uploads\/2023\/02\/1MUSCOMPAL15BLC-Blanc-Muscadet-Sevre-Maine-Cru-Communal-Jubilation-Le-Pallet-2015..png","contentUrl":"https:\/\/www.loire-gourmande.fr\/wp-content\/uploads\/2023\/02\/1MUSCOMPAL15BLC-Blanc-Muscadet-Sevre-Maine-Cru-Communal-Jubilation-Le-Pallet-2015..png","width":1112,"height":1256},{"@type":"BreadcrumbList","@id":"https:\/\/www.loire-gourmande.fr\/de\/Produkt\/muscadet-jubilation-sevre-et-maine-le-pallet-chateau-de-la-galissonnieres-aop\/#breadcrumb","itemListElement":[{"@type":"ListItem","position":1,"name":"Startseite","item":"https:\/\/www.loire-gourmande.fr\/de\/"},{"@type":"ListItem","position":2,"name":"Die Boutique de Loire Gourmande: die Weine der Loire","item":"https:\/\/www.loire-gourmande.fr\/de\/woocommerce\/"},{"@type":"ListItem","position":3,"name":"Die Weine","item":"https:\/\/www.loire-gourmande.fr\/de\/Produktkategorie\/die-weine\/"},{"@type":"ListItem","position":4,"name":"Wei\u00df","item":"https:\/\/www.loire-gourmande.fr\/de\/Produktkategorie\/die-weine\/weis\/"},{"@type":"ListItem","position":5,"name":"MUSCADET JUBILATION SEVRE ET MAINE LE PALLET CHATEAU DE LA GALISSONNIERES AOP"}]},{"@type":"WebSite","@id":"https:\/\/www.loire-gourmande.fr\/de\/#website","url":"https:\/\/www.loire-gourmande.fr\/de\/","name":"Loire Gourmande, une \u00e9tape savoureuse","description":"une d\u00e9gustation \u00e0 toute heure et une boutique \u00e0 visiter \u00e0 Turquant (49)","publisher":{"@id":"https:\/\/www.loire-gourmande.fr\/de\/#organization"},"potentialAction":[{"@type":"SearchAction","target":{"@type":"EntryPoint","urlTemplate":"https:\/\/www.loire-gourmande.fr\/de\/?s={search_term_string}"},"query-input":{"@type":"PropertyValueSpecification","valueRequired":true,"valueName":"search_term_string"}}],"inLanguage":"de"},{"@type":"Organization","@id":"https:\/\/www.loire-gourmande.fr\/de\/#organization","name":"Loire Gourmande - Schnellrestaurant und Besuch in Turquant (49)","url":"https:\/\/www.loire-gourmande.fr\/de\/","logo":{"@type":"ImageObject","inLanguage":"de","@id":"https:\/\/www.loire-gourmande.fr\/de\/#\/schema\/logo\/image\/","url":"https:\/\/www.loire-gourmande.fr\/wp-content\/uploads\/2020\/10\/loire-gourmande-logo.jpg","contentUrl":"https:\/\/www.loire-gourmande.fr\/wp-content\/uploads\/2020\/10\/loire-gourmande-logo.jpg","width":800,"height":415,"caption":"Loire Gourmande - Schnellrestaurant und Besuch in Turquant (49)"},"image":{"@id":"https:\/\/www.loire-gourmande.fr\/de\/#\/schema\/logo\/image\/"},"sameAs":["https:\/\/www.facebook.com\/Loire-Gourmande-Turquant-101991328328493\/","https:\/\/www.instagram.com\/jean_yves_auradon\/?igshid=1ta3mfjka326t"]}]}},"_links":{"self":[{"href":"https:\/\/www.loire-gourmande.fr\/de\/wp-json\/wp\/v2\/product\/11109","targetHints":{"allow":["GET"]}}],"collection":[{"href":"https:\/\/www.loire-gourmande.fr\/de\/wp-json\/wp\/v2\/product"}],"about":[{"href":"https:\/\/www.loire-gourmande.fr\/de\/wp-json\/wp\/v2\/types\/product"}],"version-history":[{"count":2,"href":"https:\/\/www.loire-gourmande.fr\/de\/wp-json\/wp\/v2\/product\/11109\/revisions"}],"predecessor-version":[{"id":13017,"href":"https:\/\/www.loire-gourmande.fr\/de\/wp-json\/wp\/v2\/product\/11109\/revisions\/13017"}],"wp:featuredmedia":[{"embeddable":true,"href":"https:\/\/www.loire-gourmande.fr\/de\/wp-json\/wp\/v2\/media\/11111"}],"wp:attachment":[{"href":"https:\/\/www.loire-gourmande.fr\/de\/wp-json\/wp\/v2\/media?parent=11109"}],"wp:term":[{"taxonomy":"product_brand","embeddable":true,"href":"https:\/\/www.loire-gourmande.fr\/de\/wp-json\/wp\/v2\/product_brand?post=11109"},{"taxonomy":"product_cat","embeddable":true,"href":"https:\/\/www.loire-gourmande.fr\/de\/wp-json\/wp\/v2\/product_cat?post=11109"},{"taxonomy":"product_tag","embeddable":true,"href":"https:\/\/www.loire-gourmande.fr\/de\/wp-json\/wp\/v2\/product_tag?post=11109"}],"curies":[{"name":"wp","href":"https:\/\/api.w.org\/{rel}","templated":true}]}}