{"id":11110,"date":"2023-02-16T16:02:55","date_gmt":"2023-02-16T16:02:55","guid":{"rendered":"https:\/\/www.loire-gourmande.fr\/produit\/vouvray-traditionelle-methode-rose-jean-marc-gilet-domaine-de-la-routeliere\/"},"modified":"2025-05-27T16:19:46","modified_gmt":"2025-05-27T15:19:46","slug":"vouvray-traditionelle-methode-rose-jean-marc-gilet-domaine-de-la-routeliere","status":"publish","type":"product","link":"https:\/\/www.loire-gourmande.fr\/de\/Produkt\/vouvray-traditionelle-methode-rose-jean-marc-gilet-domaine-de-la-routeliere\/","title":{"rendered":"VOUVRAY TRADITIONELLE METHODE ROS\u00c9 JEAN-MARC GILET DOMAINE DE LA ROUTELI\u00c8RE"},"content":{"rendered":"<div class=\"page\" title=\"Seite 1\">\n<div class=\"section\">\n<div class=\"layoutArea\">\n<div class=\"column\">\n<p><strong>Weinherstellung:<br \/>\n<\/strong>Die Trauben stammen aus Kalkstein-Terroirs.<br \/>\nDieser Wein g\u00e4rt zwischen 15 und 18\u00b0C in thermoregulierten Bottichen und reift 5 Monate lang auf der G\u00e4rhefe, um das Bouquet zu fixieren. Nach der ersten G\u00e4rung f\u00fchren wir eine zweite G\u00e4rung durch, die zu feinen Bl\u00e4schen f\u00fchrt. Diese Cuv\u00e9e wird 12 Monate lang auf Latten gelagert, um die Bl\u00e4schen zu verfeinern und Eleganz und Frucht zu verleihen. Nach einem sanften Umr\u00fchren der Flaschen beginnen wir mit dem Degorgieren. Nach diesen Vorg\u00e4ngen lassen wir sie drei Monate im Keller, damit das Terroir und alle G\u00e4rungsaromen zur Geltung kommen.<br \/>\n<strong>Verkostung:<br \/>\n<\/strong>Robe: Sch\u00f6nes Rosa mit silbernen Reflexen. Lange und anhaltende Bl\u00e4schen (sehr fein). Nase: subtil mit fruchtigen Aromen, unterst\u00fctzt von Noten von Sauerkirsche.<br \/>\nGaumen: Am Gaumen ist er zart im Auftakt, mit w\u00fcrzigen Aromen. Der Abgang ist ziemlich lang mit einer weichen Struktur; nach der Sauerstoffzufuhr erscheinen Noten von kleinen roten Fr\u00fcchten.<br \/>\nStimmige <strong>Begleiter:<br \/>\n<\/strong>T\u00f6rtchen mit roten Fr\u00fcchten.<\/p>\n<\/div>\n<\/div>\n<\/div>\n<\/div>\n","protected":false},"excerpt":{"rendered":"<p>Die Domaine de la Rouleti\u00e8re befindet sich in der Appellation Vouvray. Das Weinbaugebiet liegt in der N\u00e4he von Tours und den Loire-Schl\u00f6ssern. Die Appellation Vouvray d&#8217;origine contr\u00f4l\u00e9e liegt am rechten Ufer des Loiretals (UNESCO Weltkulturerbe). Die Appellation Vouvray geh\u00f6rt zur Region des Loiretals in Frankreich, aus der Domaine de la Rouleti\u00e8re &#8211; Jean-Marc Gilet stammt. mit seinen 0 Cuv\u00e9es. Verteilt auf 70.000 ha produziert diese Region 4 Mio. Hektoliter\/Jahr.<\/p>\n","protected":false},"featured_media":11114,"template":"","meta":{"inline_featured_image":false},"product_brand":[],"product_cat":[603,600,642,621,609],"product_tag":[671,652],"class_list":{"0":"post-11110","1":"product","2":"type-product","3":"status-publish","4":"has-post-thumbnail","6":"product_cat-bio-wein","7":"product_cat-die-weine","8":"product_cat-rose-de","9":"product_cat-schaumwein","10":"product_cat-touraine-de","11":"product_tag-im-mund-leicht-zerdruckte-rote-fruchte-mit-einem-hauch-von-gewurzen","12":"product_tag-nachtisch","13":"product_shipping_class-flasche","15":"first","16":"outofstock","17":"featured","18":"taxable","19":"shipping-taxable","20":"purchasable","21":"product-type-simple"},"yoast_head":"<!-- This site is optimized with the Yoast SEO plugin v27.6 - https:\/\/yoast.com\/product\/yoast-seo-wordpress\/ -->\n<title>VOUVRAY TRADITIONELLE METHODE ROS\u00c9 JEAN-MARC GILET DOMAINE DE LA ROUTELI\u00c8RE - Loire Gourmande - une \u00e9tape savoureuse<\/title>\n<meta name=\"description\" content=\"Vouvray hat ein zartes, aber lang anhaltendes Sprudeln. Weine von der Loire. Bestellung im Weinkeller auf der Website von Loire Gourmande. Weinh\u00e4ndler in Turquant (49).\" \/>\n<meta name=\"robots\" content=\"index, follow, max-snippet:-1, max-image-preview:large, max-video-preview:-1\" \/>\n<link rel=\"canonical\" href=\"https:\/\/www.loire-gourmande.fr\/de\/Produkt\/vouvray-traditionelle-methode-rose-jean-marc-gilet-domaine-de-la-routeliere\/\" \/>\n<meta property=\"og:locale\" content=\"de_DE\" \/>\n<meta property=\"og:type\" content=\"article\" \/>\n<meta property=\"og:title\" content=\"VOUVRAY TRADITIONELLE METHODE ROS\u00c9 JEAN-MARC GILET DOMAINE DE LA ROUTELI\u00c8RE - Loire Gourmande - une \u00e9tape savoureuse\" \/>\n<meta property=\"og:description\" content=\"Vouvray hat ein zartes, aber lang anhaltendes Sprudeln. Weine von der Loire. Bestellung im Weinkeller auf der Website von Loire Gourmande. Weinh\u00e4ndler in Turquant (49).\" \/>\n<meta property=\"og:url\" content=\"https:\/\/www.loire-gourmande.fr\/de\/Produkt\/vouvray-traditionelle-methode-rose-jean-marc-gilet-domaine-de-la-routeliere\/\" \/>\n<meta property=\"og:site_name\" content=\"Loire Gourmande - une \u00e9tape savoureuse\" \/>\n<meta property=\"article:publisher\" content=\"https:\/\/www.facebook.com\/Loire-Gourmande-Turquant-101991328328493\/\" \/>\n<meta property=\"article:modified_time\" content=\"2025-05-27T15:19:46+00:00\" \/>\n<meta property=\"og:image\" content=\"https:\/\/www.loire-gourmande.fr\/wp-content\/uploads\/2023\/02\/VOUVRAY-METHODE-TRADITIONNELLE-ROSE-DOMAINE-DE-LA-ROUTELIERE.png\" \/>\n\t<meta property=\"og:image:width\" content=\"1500\" \/>\n\t<meta property=\"og:image:height\" content=\"1600\" \/>\n\t<meta property=\"og:image:type\" content=\"image\/png\" \/>\n<meta name=\"twitter:card\" content=\"summary_large_image\" \/>\n<meta name=\"twitter:label1\" content=\"Gesch\u00e4tzte Lesezeit\" \/>\n\t<meta name=\"twitter:data1\" content=\"1\u00a0Minute\" \/>\n<script type=\"application\/ld+json\" class=\"yoast-schema-graph\">{\"@context\":\"https:\\\/\\\/schema.org\",\"@graph\":[{\"@type\":\"WebPage\",\"@id\":\"https:\\\/\\\/www.loire-gourmande.fr\\\/de\\\/Produkt\\\/vouvray-traditionelle-methode-rose-jean-marc-gilet-domaine-de-la-routeliere\\\/\",\"url\":\"https:\\\/\\\/www.loire-gourmande.fr\\\/de\\\/Produkt\\\/vouvray-traditionelle-methode-rose-jean-marc-gilet-domaine-de-la-routeliere\\\/\",\"name\":\"VOUVRAY TRADITIONELLE METHODE ROS\u00c9 JEAN-MARC GILET DOMAINE DE LA ROUTELI\u00c8RE - Loire Gourmande - une \u00e9tape savoureuse\",\"isPartOf\":{\"@id\":\"https:\\\/\\\/www.loire-gourmande.fr\\\/de\\\/#website\"},\"primaryImageOfPage\":{\"@id\":\"https:\\\/\\\/www.loire-gourmande.fr\\\/de\\\/Produkt\\\/vouvray-traditionelle-methode-rose-jean-marc-gilet-domaine-de-la-routeliere\\\/#primaryimage\"},\"image\":{\"@id\":\"https:\\\/\\\/www.loire-gourmande.fr\\\/de\\\/Produkt\\\/vouvray-traditionelle-methode-rose-jean-marc-gilet-domaine-de-la-routeliere\\\/#primaryimage\"},\"thumbnailUrl\":\"https:\\\/\\\/www.loire-gourmande.fr\\\/wp-content\\\/uploads\\\/2023\\\/02\\\/VOUVRAY-METHODE-TRADITIONNELLE-ROSE-DOMAINE-DE-LA-ROUTELIERE.png\",\"datePublished\":\"2023-02-16T16:02:55+00:00\",\"dateModified\":\"2025-05-27T15:19:46+00:00\",\"description\":\"Vouvray hat ein zartes, aber lang anhaltendes Sprudeln. Weine von der Loire. Bestellung im Weinkeller auf der Website von Loire Gourmande. Weinh\u00e4ndler in Turquant (49).\",\"breadcrumb\":{\"@id\":\"https:\\\/\\\/www.loire-gourmande.fr\\\/de\\\/Produkt\\\/vouvray-traditionelle-methode-rose-jean-marc-gilet-domaine-de-la-routeliere\\\/#breadcrumb\"},\"inLanguage\":\"de\",\"potentialAction\":[{\"@type\":\"ReadAction\",\"target\":[\"https:\\\/\\\/www.loire-gourmande.fr\\\/de\\\/Produkt\\\/vouvray-traditionelle-methode-rose-jean-marc-gilet-domaine-de-la-routeliere\\\/\"]}]},{\"@type\":\"ImageObject\",\"inLanguage\":\"de\",\"@id\":\"https:\\\/\\\/www.loire-gourmande.fr\\\/de\\\/Produkt\\\/vouvray-traditionelle-methode-rose-jean-marc-gilet-domaine-de-la-routeliere\\\/#primaryimage\",\"url\":\"https:\\\/\\\/www.loire-gourmande.fr\\\/wp-content\\\/uploads\\\/2023\\\/02\\\/VOUVRAY-METHODE-TRADITIONNELLE-ROSE-DOMAINE-DE-LA-ROUTELIERE.png\",\"contentUrl\":\"https:\\\/\\\/www.loire-gourmande.fr\\\/wp-content\\\/uploads\\\/2023\\\/02\\\/VOUVRAY-METHODE-TRADITIONNELLE-ROSE-DOMAINE-DE-LA-ROUTELIERE.png\",\"width\":1500,\"height\":1600},{\"@type\":\"BreadcrumbList\",\"@id\":\"https:\\\/\\\/www.loire-gourmande.fr\\\/de\\\/Produkt\\\/vouvray-traditionelle-methode-rose-jean-marc-gilet-domaine-de-la-routeliere\\\/#breadcrumb\",\"itemListElement\":[{\"@type\":\"ListItem\",\"position\":1,\"name\":\"Startseite\",\"item\":\"https:\\\/\\\/www.loire-gourmande.fr\\\/de\\\/\"},{\"@type\":\"ListItem\",\"position\":2,\"name\":\"Die Boutique de Loire Gourmande: die Weine der Loire\",\"item\":\"https:\\\/\\\/www.loire-gourmande.fr\\\/de\\\/woocommerce\\\/\"},{\"@type\":\"ListItem\",\"position\":3,\"name\":\"Die Weine\",\"item\":\"https:\\\/\\\/www.loire-gourmande.fr\\\/de\\\/Produktkategorie\\\/die-weine\\\/\"},{\"@type\":\"ListItem\",\"position\":4,\"name\":\"VOUVRAY TRADITIONELLE METHODE ROS\u00c9 JEAN-MARC GILET DOMAINE DE LA ROUTELI\u00c8RE\"}]},{\"@type\":\"WebSite\",\"@id\":\"https:\\\/\\\/www.loire-gourmande.fr\\\/de\\\/#website\",\"url\":\"https:\\\/\\\/www.loire-gourmande.fr\\\/de\\\/\",\"name\":\"Loire Gourmande, une \u00e9tape savoureuse\",\"description\":\"une d\u00e9gustation \u00e0 toute heure et une boutique \u00e0 visiter \u00e0 Turquant (49)\",\"publisher\":{\"@id\":\"https:\\\/\\\/www.loire-gourmande.fr\\\/de\\\/#organization\"},\"potentialAction\":[{\"@type\":\"SearchAction\",\"target\":{\"@type\":\"EntryPoint\",\"urlTemplate\":\"https:\\\/\\\/www.loire-gourmande.fr\\\/de\\\/?s={search_term_string}\"},\"query-input\":{\"@type\":\"PropertyValueSpecification\",\"valueRequired\":true,\"valueName\":\"search_term_string\"}}],\"inLanguage\":\"de\"},{\"@type\":\"Organization\",\"@id\":\"https:\\\/\\\/www.loire-gourmande.fr\\\/de\\\/#organization\",\"name\":\"Loire Gourmande - Schnellrestaurant und Besuch in Turquant (49)\",\"url\":\"https:\\\/\\\/www.loire-gourmande.fr\\\/de\\\/\",\"logo\":{\"@type\":\"ImageObject\",\"inLanguage\":\"de\",\"@id\":\"https:\\\/\\\/www.loire-gourmande.fr\\\/de\\\/#\\\/schema\\\/logo\\\/image\\\/\",\"url\":\"https:\\\/\\\/www.loire-gourmande.fr\\\/wp-content\\\/uploads\\\/2020\\\/10\\\/loire-gourmande-logo.jpg\",\"contentUrl\":\"https:\\\/\\\/www.loire-gourmande.fr\\\/wp-content\\\/uploads\\\/2020\\\/10\\\/loire-gourmande-logo.jpg\",\"width\":800,\"height\":415,\"caption\":\"Loire Gourmande - Schnellrestaurant und Besuch in Turquant (49)\"},\"image\":{\"@id\":\"https:\\\/\\\/www.loire-gourmande.fr\\\/de\\\/#\\\/schema\\\/logo\\\/image\\\/\"},\"sameAs\":[\"https:\\\/\\\/www.facebook.com\\\/Loire-Gourmande-Turquant-101991328328493\\\/\",\"https:\\\/\\\/www.instagram.com\\\/jean_yves_auradon\\\/?igshid=1ta3mfjka326t\"]}]}<\/script>\n<!-- \/ Yoast SEO plugin. -->","yoast_head_json":{"title":"VOUVRAY TRADITIONELLE METHODE ROS\u00c9 JEAN-MARC GILET DOMAINE DE LA ROUTELI\u00c8RE - Loire Gourmande - une \u00e9tape savoureuse","description":"Vouvray hat ein zartes, aber lang anhaltendes Sprudeln. Weine von der Loire. Bestellung im Weinkeller auf der Website von Loire Gourmande. Weinh\u00e4ndler in Turquant (49).","robots":{"index":"index","follow":"follow","max-snippet":"max-snippet:-1","max-image-preview":"max-image-preview:large","max-video-preview":"max-video-preview:-1"},"canonical":"https:\/\/www.loire-gourmande.fr\/de\/Produkt\/vouvray-traditionelle-methode-rose-jean-marc-gilet-domaine-de-la-routeliere\/","og_locale":"de_DE","og_type":"article","og_title":"VOUVRAY TRADITIONELLE METHODE ROS\u00c9 JEAN-MARC GILET DOMAINE DE LA ROUTELI\u00c8RE - Loire Gourmande - une \u00e9tape savoureuse","og_description":"Vouvray hat ein zartes, aber lang anhaltendes Sprudeln. Weine von der Loire. Bestellung im Weinkeller auf der Website von Loire Gourmande. Weinh\u00e4ndler in Turquant (49).","og_url":"https:\/\/www.loire-gourmande.fr\/de\/Produkt\/vouvray-traditionelle-methode-rose-jean-marc-gilet-domaine-de-la-routeliere\/","og_site_name":"Loire Gourmande - une \u00e9tape savoureuse","article_publisher":"https:\/\/www.facebook.com\/Loire-Gourmande-Turquant-101991328328493\/","article_modified_time":"2025-05-27T15:19:46+00:00","og_image":[{"width":1500,"height":1600,"url":"https:\/\/www.loire-gourmande.fr\/wp-content\/uploads\/2023\/02\/VOUVRAY-METHODE-TRADITIONNELLE-ROSE-DOMAINE-DE-LA-ROUTELIERE.png","type":"image\/png"}],"twitter_card":"summary_large_image","twitter_misc":{"Gesch\u00e4tzte Lesezeit":"1\u00a0Minute"},"schema":{"@context":"https:\/\/schema.org","@graph":[{"@type":"WebPage","@id":"https:\/\/www.loire-gourmande.fr\/de\/Produkt\/vouvray-traditionelle-methode-rose-jean-marc-gilet-domaine-de-la-routeliere\/","url":"https:\/\/www.loire-gourmande.fr\/de\/Produkt\/vouvray-traditionelle-methode-rose-jean-marc-gilet-domaine-de-la-routeliere\/","name":"VOUVRAY TRADITIONELLE METHODE ROS\u00c9 JEAN-MARC GILET DOMAINE DE LA ROUTELI\u00c8RE - Loire Gourmande - une \u00e9tape savoureuse","isPartOf":{"@id":"https:\/\/www.loire-gourmande.fr\/de\/#website"},"primaryImageOfPage":{"@id":"https:\/\/www.loire-gourmande.fr\/de\/Produkt\/vouvray-traditionelle-methode-rose-jean-marc-gilet-domaine-de-la-routeliere\/#primaryimage"},"image":{"@id":"https:\/\/www.loire-gourmande.fr\/de\/Produkt\/vouvray-traditionelle-methode-rose-jean-marc-gilet-domaine-de-la-routeliere\/#primaryimage"},"thumbnailUrl":"https:\/\/www.loire-gourmande.fr\/wp-content\/uploads\/2023\/02\/VOUVRAY-METHODE-TRADITIONNELLE-ROSE-DOMAINE-DE-LA-ROUTELIERE.png","datePublished":"2023-02-16T16:02:55+00:00","dateModified":"2025-05-27T15:19:46+00:00","description":"Vouvray hat ein zartes, aber lang anhaltendes Sprudeln. Weine von der Loire. Bestellung im Weinkeller auf der Website von Loire Gourmande. Weinh\u00e4ndler in Turquant (49).","breadcrumb":{"@id":"https:\/\/www.loire-gourmande.fr\/de\/Produkt\/vouvray-traditionelle-methode-rose-jean-marc-gilet-domaine-de-la-routeliere\/#breadcrumb"},"inLanguage":"de","potentialAction":[{"@type":"ReadAction","target":["https:\/\/www.loire-gourmande.fr\/de\/Produkt\/vouvray-traditionelle-methode-rose-jean-marc-gilet-domaine-de-la-routeliere\/"]}]},{"@type":"ImageObject","inLanguage":"de","@id":"https:\/\/www.loire-gourmande.fr\/de\/Produkt\/vouvray-traditionelle-methode-rose-jean-marc-gilet-domaine-de-la-routeliere\/#primaryimage","url":"https:\/\/www.loire-gourmande.fr\/wp-content\/uploads\/2023\/02\/VOUVRAY-METHODE-TRADITIONNELLE-ROSE-DOMAINE-DE-LA-ROUTELIERE.png","contentUrl":"https:\/\/www.loire-gourmande.fr\/wp-content\/uploads\/2023\/02\/VOUVRAY-METHODE-TRADITIONNELLE-ROSE-DOMAINE-DE-LA-ROUTELIERE.png","width":1500,"height":1600},{"@type":"BreadcrumbList","@id":"https:\/\/www.loire-gourmande.fr\/de\/Produkt\/vouvray-traditionelle-methode-rose-jean-marc-gilet-domaine-de-la-routeliere\/#breadcrumb","itemListElement":[{"@type":"ListItem","position":1,"name":"Startseite","item":"https:\/\/www.loire-gourmande.fr\/de\/"},{"@type":"ListItem","position":2,"name":"Die Boutique de Loire Gourmande: die Weine der Loire","item":"https:\/\/www.loire-gourmande.fr\/de\/woocommerce\/"},{"@type":"ListItem","position":3,"name":"Die Weine","item":"https:\/\/www.loire-gourmande.fr\/de\/Produktkategorie\/die-weine\/"},{"@type":"ListItem","position":4,"name":"VOUVRAY TRADITIONELLE METHODE ROS\u00c9 JEAN-MARC GILET DOMAINE DE LA ROUTELI\u00c8RE"}]},{"@type":"WebSite","@id":"https:\/\/www.loire-gourmande.fr\/de\/#website","url":"https:\/\/www.loire-gourmande.fr\/de\/","name":"Loire Gourmande, une \u00e9tape savoureuse","description":"une d\u00e9gustation \u00e0 toute heure et une boutique \u00e0 visiter \u00e0 Turquant (49)","publisher":{"@id":"https:\/\/www.loire-gourmande.fr\/de\/#organization"},"potentialAction":[{"@type":"SearchAction","target":{"@type":"EntryPoint","urlTemplate":"https:\/\/www.loire-gourmande.fr\/de\/?s={search_term_string}"},"query-input":{"@type":"PropertyValueSpecification","valueRequired":true,"valueName":"search_term_string"}}],"inLanguage":"de"},{"@type":"Organization","@id":"https:\/\/www.loire-gourmande.fr\/de\/#organization","name":"Loire Gourmande - Schnellrestaurant und Besuch in Turquant (49)","url":"https:\/\/www.loire-gourmande.fr\/de\/","logo":{"@type":"ImageObject","inLanguage":"de","@id":"https:\/\/www.loire-gourmande.fr\/de\/#\/schema\/logo\/image\/","url":"https:\/\/www.loire-gourmande.fr\/wp-content\/uploads\/2020\/10\/loire-gourmande-logo.jpg","contentUrl":"https:\/\/www.loire-gourmande.fr\/wp-content\/uploads\/2020\/10\/loire-gourmande-logo.jpg","width":800,"height":415,"caption":"Loire Gourmande - Schnellrestaurant und Besuch in Turquant (49)"},"image":{"@id":"https:\/\/www.loire-gourmande.fr\/de\/#\/schema\/logo\/image\/"},"sameAs":["https:\/\/www.facebook.com\/Loire-Gourmande-Turquant-101991328328493\/","https:\/\/www.instagram.com\/jean_yves_auradon\/?igshid=1ta3mfjka326t"]}]}},"_links":{"self":[{"href":"https:\/\/www.loire-gourmande.fr\/de\/wp-json\/wp\/v2\/product\/11110","targetHints":{"allow":["GET"]}}],"collection":[{"href":"https:\/\/www.loire-gourmande.fr\/de\/wp-json\/wp\/v2\/product"}],"about":[{"href":"https:\/\/www.loire-gourmande.fr\/de\/wp-json\/wp\/v2\/types\/product"}],"version-history":[{"count":2,"href":"https:\/\/www.loire-gourmande.fr\/de\/wp-json\/wp\/v2\/product\/11110\/revisions"}],"predecessor-version":[{"id":13064,"href":"https:\/\/www.loire-gourmande.fr\/de\/wp-json\/wp\/v2\/product\/11110\/revisions\/13064"}],"wp:featuredmedia":[{"embeddable":true,"href":"https:\/\/www.loire-gourmande.fr\/de\/wp-json\/wp\/v2\/media\/11114"}],"wp:attachment":[{"href":"https:\/\/www.loire-gourmande.fr\/de\/wp-json\/wp\/v2\/media?parent=11110"}],"wp:term":[{"taxonomy":"product_brand","embeddable":true,"href":"https:\/\/www.loire-gourmande.fr\/de\/wp-json\/wp\/v2\/product_brand?post=11110"},{"taxonomy":"product_cat","embeddable":true,"href":"https:\/\/www.loire-gourmande.fr\/de\/wp-json\/wp\/v2\/product_cat?post=11110"},{"taxonomy":"product_tag","embeddable":true,"href":"https:\/\/www.loire-gourmande.fr\/de\/wp-json\/wp\/v2\/product_tag?post=11110"}],"curies":[{"name":"wp","href":"https:\/\/api.w.org\/{rel}","templated":true}]}}