{"id":11112,"date":"2023-02-16T13:47:03","date_gmt":"2023-02-16T13:47:03","guid":{"rendered":"https:\/\/www.loire-gourmande.fr\/produit\/cour-cheverny-vieilles-vignes-domaine-daridan\/"},"modified":"2026-02-09T13:45:42","modified_gmt":"2026-02-09T12:45:42","slug":"cour-cheverny-vieilles-vignes-domaine-daridan","status":"publish","type":"product","link":"https:\/\/www.loire-gourmande.fr\/de\/Produkt\/cour-cheverny-vieilles-vignes-domaine-daridan\/","title":{"rendered":"COUR CHEVERNY VIEILLES VIGNES DOMAINE DARIDAN"},"content":{"rendered":"<div class=\"page\" title=\"Seite 1\">\n<div class=\"section\">\n<div class=\"layoutArea\">\n<div class=\"column\">\n<p>Trockener Wei\u00dfwein mit Honignoten und wei\u00dfen Bl\u00fcten Jahrgang: 2023<br \/>\n<strong>Region:<\/strong> Loiretal<br \/>\nAlkoholgehalt: 14 % Vol<br \/>\n<strong>Rebsorten:<\/strong> 100 % Romorantin<br \/>\nReifungspotenzial: 10 Jahre<br \/>\nTemperatur: 8 bis 10 \u00b0C<br \/>\n<strong>Vinifizierung:<\/strong> Die Trauben werden gepresst.<br \/>\nDie S\u00e4fte werden dann kalt abgesetzt und in einen thermoregulierten Edelstahltank gegeben.<br \/>\nDie alkoholische G\u00e4rung wird von einheimischen Hefen bei 14\u00b0C f\u00fcr 20 Tage nat\u00fcrlich eingeleitet. Die malolalctische G\u00e4rung findet je nach Jahrgang nat\u00fcrlich statt, teilweise oder vollst\u00e4ndig. In F\u00e4ssern f\u00fcr 2 Monate gereift<br \/>\n<strong>Verkostung:<\/strong> Ein klarer und brillanter Wein mit blassem Gelb, der Strau\u00df verstr\u00f6mt Noten von Schie\u00dfflint und entwickelt dann marmeladenartige Noten wie Quittenpaste.<br \/>\nDer Angriff auf den Gaumen ist sauber und offenbart ein wundersch\u00f6nes Gleichgewicht zwischen Cremigkeit und Finesse.<br \/>\nEin origineller, eleganter und feiner Wein.<br \/>\n<strong>Speise- und Weinkombination:<\/strong> Aperitif, in der Pfanne gebratene gr\u00fcne Spargel, Jakobsmuscheln mit Beurre-Blanc-So\u00dfe, mageres Filet Meuni\u00e8re, Huhn mit Sahne, Thunfischtartar mit Sesam, Foie Gras, Hummer, K\u00e4se&#8230;<\/p>\n<\/div>\n<\/div>\n<\/div>\n<\/div>\n","protected":false},"excerpt":{"rendered":"<p>Ein klarer und brillanter Wein mit blassem Gelb, der Strau\u00df verstr\u00f6mt Noten von Schie\u00dfflint und entwickelt dann marmeladenartige Noten wie Quittenpaste. Der Angriff auf den Gaumen ist sauber und offenbart ein wundersch\u00f6nes Gleichgewicht zwischen Cremigkeit und Finesse. Ein origineller, eleganter und feiner Wein. Das Anwesen Daridan befindet sich in Cour Cheverny, zwischen Loire und Sologne, in der N\u00e4he der Schl\u00f6sser Cheverny und Chambord. Das 21 Hektar gro\u00dfe Anwesen wird nachhaltig betrieben.<\/p>\n<p>&nbsp;<\/p>\n","protected":false},"featured_media":11119,"template":"","meta":{"inline_featured_image":false},"product_brand":[],"product_cat":[603,609,624,608],"product_tag":[618,699,695,693,694,644,696,697],"class_list":{"0":"post-11112","1":"product","2":"type-product","3":"status-publish","4":"has-post-thumbnail","6":"product_cat-bio-wein","7":"product_cat-touraine-de","8":"product_cat-vergessene-rebsorten","9":"product_cat-weis","10":"product_tag-aperitif-de","11":"product_tag-fettige-leber","12":"product_tag-filet-vom-muskelfleisch","13":"product_tag-gruner-spargel","14":"product_tag-heiliger-jakobus","15":"product_tag-kase-de","16":"product_tag-poularde-de","17":"product_tag-thunfischtartar","18":"product_shipping_class-flasche","20":"first","21":"instock","22":"featured","23":"taxable","24":"shipping-taxable","25":"purchasable","26":"product-type-simple"},"yoast_head":"<!-- This site is optimized with the Yoast SEO plugin v27.5 - https:\/\/yoast.com\/product\/yoast-seo-wordpress\/ -->\n<title>COUR CHEVERNY VIEILLES VIGNES DOMAINE DARIDAN - Loire Gourmande - une \u00e9tape savoureuse<\/title>\n<meta name=\"description\" content=\"Cour Cheverny Vielles Vignes Jahrgang 2021 Loiretal-Weine. Bestellung im Weinkeller auf der Website von Loire Gourmande. Weinh\u00e4ndler in Turquant (49).\" \/>\n<meta name=\"robots\" content=\"index, follow, max-snippet:-1, max-image-preview:large, max-video-preview:-1\" \/>\n<link rel=\"canonical\" href=\"https:\/\/www.loire-gourmande.fr\/de\/Produkt\/cour-cheverny-vieilles-vignes-domaine-daridan\/\" \/>\n<meta property=\"og:locale\" content=\"de_DE\" \/>\n<meta property=\"og:type\" content=\"article\" \/>\n<meta property=\"og:title\" content=\"COUR CHEVERNY VIEILLES VIGNES DOMAINE DARIDAN - Loire Gourmande - une \u00e9tape savoureuse\" \/>\n<meta property=\"og:description\" content=\"Cour Cheverny Vielles Vignes Jahrgang 2021 Loiretal-Weine. Bestellung im Weinkeller auf der Website von Loire Gourmande. Weinh\u00e4ndler in Turquant (49).\" \/>\n<meta property=\"og:url\" content=\"https:\/\/www.loire-gourmande.fr\/de\/Produkt\/cour-cheverny-vieilles-vignes-domaine-daridan\/\" \/>\n<meta property=\"og:site_name\" content=\"Loire Gourmande - une \u00e9tape savoureuse\" \/>\n<meta property=\"article:publisher\" content=\"https:\/\/www.facebook.com\/Loire-Gourmande-Turquant-101991328328493\/\" \/>\n<meta property=\"article:modified_time\" content=\"2026-02-09T12:45:42+00:00\" \/>\n<meta property=\"og:image\" content=\"https:\/\/www.loire-gourmande.fr\/wp-content\/uploads\/2023\/02\/COUR-CHEVERNY-VIEILLES-VIGNES..png\" \/>\n\t<meta property=\"og:image:width\" content=\"800\" \/>\n\t<meta property=\"og:image:height\" content=\"813\" \/>\n\t<meta property=\"og:image:type\" content=\"image\/png\" \/>\n<meta name=\"twitter:card\" content=\"summary_large_image\" \/>\n<meta name=\"twitter:label1\" content=\"Gesch\u00e4tzte Lesezeit\" \/>\n\t<meta name=\"twitter:data1\" content=\"1\u00a0Minute\" \/>\n<script type=\"application\/ld+json\" class=\"yoast-schema-graph\">{\"@context\":\"https:\\\/\\\/schema.org\",\"@graph\":[{\"@type\":\"WebPage\",\"@id\":\"https:\\\/\\\/www.loire-gourmande.fr\\\/de\\\/Produkt\\\/cour-cheverny-vieilles-vignes-domaine-daridan\\\/\",\"url\":\"https:\\\/\\\/www.loire-gourmande.fr\\\/de\\\/Produkt\\\/cour-cheverny-vieilles-vignes-domaine-daridan\\\/\",\"name\":\"COUR CHEVERNY VIEILLES VIGNES DOMAINE DARIDAN - Loire Gourmande - une \u00e9tape savoureuse\",\"isPartOf\":{\"@id\":\"https:\\\/\\\/www.loire-gourmande.fr\\\/de\\\/#website\"},\"primaryImageOfPage\":{\"@id\":\"https:\\\/\\\/www.loire-gourmande.fr\\\/de\\\/Produkt\\\/cour-cheverny-vieilles-vignes-domaine-daridan\\\/#primaryimage\"},\"image\":{\"@id\":\"https:\\\/\\\/www.loire-gourmande.fr\\\/de\\\/Produkt\\\/cour-cheverny-vieilles-vignes-domaine-daridan\\\/#primaryimage\"},\"thumbnailUrl\":\"https:\\\/\\\/www.loire-gourmande.fr\\\/wp-content\\\/uploads\\\/2023\\\/02\\\/COUR-CHEVERNY-VIEILLES-VIGNES..png\",\"datePublished\":\"2023-02-16T13:47:03+00:00\",\"dateModified\":\"2026-02-09T12:45:42+00:00\",\"description\":\"Cour Cheverny Vielles Vignes Jahrgang 2021 Loiretal-Weine. Bestellung im Weinkeller auf der Website von Loire Gourmande. Weinh\u00e4ndler in Turquant (49).\",\"breadcrumb\":{\"@id\":\"https:\\\/\\\/www.loire-gourmande.fr\\\/de\\\/Produkt\\\/cour-cheverny-vieilles-vignes-domaine-daridan\\\/#breadcrumb\"},\"inLanguage\":\"de\",\"potentialAction\":[{\"@type\":\"ReadAction\",\"target\":[\"https:\\\/\\\/www.loire-gourmande.fr\\\/de\\\/Produkt\\\/cour-cheverny-vieilles-vignes-domaine-daridan\\\/\"]}]},{\"@type\":\"ImageObject\",\"inLanguage\":\"de\",\"@id\":\"https:\\\/\\\/www.loire-gourmande.fr\\\/de\\\/Produkt\\\/cour-cheverny-vieilles-vignes-domaine-daridan\\\/#primaryimage\",\"url\":\"https:\\\/\\\/www.loire-gourmande.fr\\\/wp-content\\\/uploads\\\/2023\\\/02\\\/COUR-CHEVERNY-VIEILLES-VIGNES..png\",\"contentUrl\":\"https:\\\/\\\/www.loire-gourmande.fr\\\/wp-content\\\/uploads\\\/2023\\\/02\\\/COUR-CHEVERNY-VIEILLES-VIGNES..png\",\"width\":800,\"height\":813},{\"@type\":\"BreadcrumbList\",\"@id\":\"https:\\\/\\\/www.loire-gourmande.fr\\\/de\\\/Produkt\\\/cour-cheverny-vieilles-vignes-domaine-daridan\\\/#breadcrumb\",\"itemListElement\":[{\"@type\":\"ListItem\",\"position\":1,\"name\":\"Startseite\",\"item\":\"https:\\\/\\\/www.loire-gourmande.fr\\\/de\\\/\"},{\"@type\":\"ListItem\",\"position\":2,\"name\":\"Die Boutique de Loire Gourmande: die Weine der Loire\",\"item\":\"https:\\\/\\\/www.loire-gourmande.fr\\\/de\\\/woocommerce\\\/\"},{\"@type\":\"ListItem\",\"position\":3,\"name\":\"Die Weine\",\"item\":\"https:\\\/\\\/www.loire-gourmande.fr\\\/de\\\/Produktkategorie\\\/die-weine\\\/\"},{\"@type\":\"ListItem\",\"position\":4,\"name\":\"Bio Wein\",\"item\":\"https:\\\/\\\/www.loire-gourmande.fr\\\/de\\\/Produktkategorie\\\/die-weine\\\/bio-wein\\\/\"},{\"@type\":\"ListItem\",\"position\":5,\"name\":\"COUR CHEVERNY VIEILLES VIGNES DOMAINE DARIDAN\"}]},{\"@type\":\"WebSite\",\"@id\":\"https:\\\/\\\/www.loire-gourmande.fr\\\/de\\\/#website\",\"url\":\"https:\\\/\\\/www.loire-gourmande.fr\\\/de\\\/\",\"name\":\"Loire Gourmande, une \u00e9tape savoureuse\",\"description\":\"une d\u00e9gustation \u00e0 toute heure et une boutique \u00e0 visiter \u00e0 Turquant (49)\",\"publisher\":{\"@id\":\"https:\\\/\\\/www.loire-gourmande.fr\\\/de\\\/#organization\"},\"potentialAction\":[{\"@type\":\"SearchAction\",\"target\":{\"@type\":\"EntryPoint\",\"urlTemplate\":\"https:\\\/\\\/www.loire-gourmande.fr\\\/de\\\/?s={search_term_string}\"},\"query-input\":{\"@type\":\"PropertyValueSpecification\",\"valueRequired\":true,\"valueName\":\"search_term_string\"}}],\"inLanguage\":\"de\"},{\"@type\":\"Organization\",\"@id\":\"https:\\\/\\\/www.loire-gourmande.fr\\\/de\\\/#organization\",\"name\":\"Loire Gourmande - Schnellrestaurant und Besuch in Turquant (49)\",\"url\":\"https:\\\/\\\/www.loire-gourmande.fr\\\/de\\\/\",\"logo\":{\"@type\":\"ImageObject\",\"inLanguage\":\"de\",\"@id\":\"https:\\\/\\\/www.loire-gourmande.fr\\\/de\\\/#\\\/schema\\\/logo\\\/image\\\/\",\"url\":\"https:\\\/\\\/www.loire-gourmande.fr\\\/wp-content\\\/uploads\\\/2020\\\/10\\\/loire-gourmande-logo.jpg\",\"contentUrl\":\"https:\\\/\\\/www.loire-gourmande.fr\\\/wp-content\\\/uploads\\\/2020\\\/10\\\/loire-gourmande-logo.jpg\",\"width\":800,\"height\":415,\"caption\":\"Loire Gourmande - Schnellrestaurant und Besuch in Turquant (49)\"},\"image\":{\"@id\":\"https:\\\/\\\/www.loire-gourmande.fr\\\/de\\\/#\\\/schema\\\/logo\\\/image\\\/\"},\"sameAs\":[\"https:\\\/\\\/www.facebook.com\\\/Loire-Gourmande-Turquant-101991328328493\\\/\",\"https:\\\/\\\/www.instagram.com\\\/jean_yves_auradon\\\/?igshid=1ta3mfjka326t\"]}]}<\/script>\n<!-- \/ Yoast SEO plugin. -->","yoast_head_json":{"title":"COUR CHEVERNY VIEILLES VIGNES DOMAINE DARIDAN - Loire Gourmande - une \u00e9tape savoureuse","description":"Cour Cheverny Vielles Vignes Jahrgang 2021 Loiretal-Weine. Bestellung im Weinkeller auf der Website von Loire Gourmande. Weinh\u00e4ndler in Turquant (49).","robots":{"index":"index","follow":"follow","max-snippet":"max-snippet:-1","max-image-preview":"max-image-preview:large","max-video-preview":"max-video-preview:-1"},"canonical":"https:\/\/www.loire-gourmande.fr\/de\/Produkt\/cour-cheverny-vieilles-vignes-domaine-daridan\/","og_locale":"de_DE","og_type":"article","og_title":"COUR CHEVERNY VIEILLES VIGNES DOMAINE DARIDAN - Loire Gourmande - une \u00e9tape savoureuse","og_description":"Cour Cheverny Vielles Vignes Jahrgang 2021 Loiretal-Weine. Bestellung im Weinkeller auf der Website von Loire Gourmande. Weinh\u00e4ndler in Turquant (49).","og_url":"https:\/\/www.loire-gourmande.fr\/de\/Produkt\/cour-cheverny-vieilles-vignes-domaine-daridan\/","og_site_name":"Loire Gourmande - une \u00e9tape savoureuse","article_publisher":"https:\/\/www.facebook.com\/Loire-Gourmande-Turquant-101991328328493\/","article_modified_time":"2026-02-09T12:45:42+00:00","og_image":[{"width":800,"height":813,"url":"https:\/\/www.loire-gourmande.fr\/wp-content\/uploads\/2023\/02\/COUR-CHEVERNY-VIEILLES-VIGNES..png","type":"image\/png"}],"twitter_card":"summary_large_image","twitter_misc":{"Gesch\u00e4tzte Lesezeit":"1\u00a0Minute"},"schema":{"@context":"https:\/\/schema.org","@graph":[{"@type":"WebPage","@id":"https:\/\/www.loire-gourmande.fr\/de\/Produkt\/cour-cheverny-vieilles-vignes-domaine-daridan\/","url":"https:\/\/www.loire-gourmande.fr\/de\/Produkt\/cour-cheverny-vieilles-vignes-domaine-daridan\/","name":"COUR CHEVERNY VIEILLES VIGNES DOMAINE DARIDAN - Loire Gourmande - une \u00e9tape savoureuse","isPartOf":{"@id":"https:\/\/www.loire-gourmande.fr\/de\/#website"},"primaryImageOfPage":{"@id":"https:\/\/www.loire-gourmande.fr\/de\/Produkt\/cour-cheverny-vieilles-vignes-domaine-daridan\/#primaryimage"},"image":{"@id":"https:\/\/www.loire-gourmande.fr\/de\/Produkt\/cour-cheverny-vieilles-vignes-domaine-daridan\/#primaryimage"},"thumbnailUrl":"https:\/\/www.loire-gourmande.fr\/wp-content\/uploads\/2023\/02\/COUR-CHEVERNY-VIEILLES-VIGNES..png","datePublished":"2023-02-16T13:47:03+00:00","dateModified":"2026-02-09T12:45:42+00:00","description":"Cour Cheverny Vielles Vignes Jahrgang 2021 Loiretal-Weine. Bestellung im Weinkeller auf der Website von Loire Gourmande. Weinh\u00e4ndler in Turquant (49).","breadcrumb":{"@id":"https:\/\/www.loire-gourmande.fr\/de\/Produkt\/cour-cheverny-vieilles-vignes-domaine-daridan\/#breadcrumb"},"inLanguage":"de","potentialAction":[{"@type":"ReadAction","target":["https:\/\/www.loire-gourmande.fr\/de\/Produkt\/cour-cheverny-vieilles-vignes-domaine-daridan\/"]}]},{"@type":"ImageObject","inLanguage":"de","@id":"https:\/\/www.loire-gourmande.fr\/de\/Produkt\/cour-cheverny-vieilles-vignes-domaine-daridan\/#primaryimage","url":"https:\/\/www.loire-gourmande.fr\/wp-content\/uploads\/2023\/02\/COUR-CHEVERNY-VIEILLES-VIGNES..png","contentUrl":"https:\/\/www.loire-gourmande.fr\/wp-content\/uploads\/2023\/02\/COUR-CHEVERNY-VIEILLES-VIGNES..png","width":800,"height":813},{"@type":"BreadcrumbList","@id":"https:\/\/www.loire-gourmande.fr\/de\/Produkt\/cour-cheverny-vieilles-vignes-domaine-daridan\/#breadcrumb","itemListElement":[{"@type":"ListItem","position":1,"name":"Startseite","item":"https:\/\/www.loire-gourmande.fr\/de\/"},{"@type":"ListItem","position":2,"name":"Die Boutique de Loire Gourmande: die Weine der Loire","item":"https:\/\/www.loire-gourmande.fr\/de\/woocommerce\/"},{"@type":"ListItem","position":3,"name":"Die Weine","item":"https:\/\/www.loire-gourmande.fr\/de\/Produktkategorie\/die-weine\/"},{"@type":"ListItem","position":4,"name":"Bio Wein","item":"https:\/\/www.loire-gourmande.fr\/de\/Produktkategorie\/die-weine\/bio-wein\/"},{"@type":"ListItem","position":5,"name":"COUR CHEVERNY VIEILLES VIGNES DOMAINE DARIDAN"}]},{"@type":"WebSite","@id":"https:\/\/www.loire-gourmande.fr\/de\/#website","url":"https:\/\/www.loire-gourmande.fr\/de\/","name":"Loire Gourmande, une \u00e9tape savoureuse","description":"une d\u00e9gustation \u00e0 toute heure et une boutique \u00e0 visiter \u00e0 Turquant (49)","publisher":{"@id":"https:\/\/www.loire-gourmande.fr\/de\/#organization"},"potentialAction":[{"@type":"SearchAction","target":{"@type":"EntryPoint","urlTemplate":"https:\/\/www.loire-gourmande.fr\/de\/?s={search_term_string}"},"query-input":{"@type":"PropertyValueSpecification","valueRequired":true,"valueName":"search_term_string"}}],"inLanguage":"de"},{"@type":"Organization","@id":"https:\/\/www.loire-gourmande.fr\/de\/#organization","name":"Loire Gourmande - Schnellrestaurant und Besuch in Turquant (49)","url":"https:\/\/www.loire-gourmande.fr\/de\/","logo":{"@type":"ImageObject","inLanguage":"de","@id":"https:\/\/www.loire-gourmande.fr\/de\/#\/schema\/logo\/image\/","url":"https:\/\/www.loire-gourmande.fr\/wp-content\/uploads\/2020\/10\/loire-gourmande-logo.jpg","contentUrl":"https:\/\/www.loire-gourmande.fr\/wp-content\/uploads\/2020\/10\/loire-gourmande-logo.jpg","width":800,"height":415,"caption":"Loire Gourmande - Schnellrestaurant und Besuch in Turquant (49)"},"image":{"@id":"https:\/\/www.loire-gourmande.fr\/de\/#\/schema\/logo\/image\/"},"sameAs":["https:\/\/www.facebook.com\/Loire-Gourmande-Turquant-101991328328493\/","https:\/\/www.instagram.com\/jean_yves_auradon\/?igshid=1ta3mfjka326t"]}]}},"_links":{"self":[{"href":"https:\/\/www.loire-gourmande.fr\/de\/wp-json\/wp\/v2\/product\/11112","targetHints":{"allow":["GET"]}}],"collection":[{"href":"https:\/\/www.loire-gourmande.fr\/de\/wp-json\/wp\/v2\/product"}],"about":[{"href":"https:\/\/www.loire-gourmande.fr\/de\/wp-json\/wp\/v2\/types\/product"}],"version-history":[{"count":3,"href":"https:\/\/www.loire-gourmande.fr\/de\/wp-json\/wp\/v2\/product\/11112\/revisions"}],"predecessor-version":[{"id":14405,"href":"https:\/\/www.loire-gourmande.fr\/de\/wp-json\/wp\/v2\/product\/11112\/revisions\/14405"}],"wp:featuredmedia":[{"embeddable":true,"href":"https:\/\/www.loire-gourmande.fr\/de\/wp-json\/wp\/v2\/media\/11119"}],"wp:attachment":[{"href":"https:\/\/www.loire-gourmande.fr\/de\/wp-json\/wp\/v2\/media?parent=11112"}],"wp:term":[{"taxonomy":"product_brand","embeddable":true,"href":"https:\/\/www.loire-gourmande.fr\/de\/wp-json\/wp\/v2\/product_brand?post=11112"},{"taxonomy":"product_cat","embeddable":true,"href":"https:\/\/www.loire-gourmande.fr\/de\/wp-json\/wp\/v2\/product_cat?post=11112"},{"taxonomy":"product_tag","embeddable":true,"href":"https:\/\/www.loire-gourmande.fr\/de\/wp-json\/wp\/v2\/product_tag?post=11112"}],"curies":[{"name":"wp","href":"https:\/\/api.w.org\/{rel}","templated":true}]}}