{"id":11115,"date":"2023-02-18T14:57:43","date_gmt":"2023-02-18T14:57:43","guid":{"rendered":"https:\/\/www.loire-gourmande.fr\/produit\/muscadet-coteaux-de-la-loire-sur-lie-chateau-de-la-baronniere\/"},"modified":"2025-05-27T16:02:22","modified_gmt":"2025-05-27T15:02:22","slug":"muscadet-coteaux-de-la-loire-sur-lie-chateau-de-la-baronniere","status":"publish","type":"product","link":"https:\/\/www.loire-gourmande.fr\/de\/Produkt\/muscadet-coteaux-de-la-loire-sur-lie-chateau-de-la-baronniere\/","title":{"rendered":"MUSCADET COTEAUX DE LA LOIRE SUR LIE CHATEAU DE LA BARONNIERE"},"content":{"rendered":"<p>La Baronni\u00e8re ist ein Familienbesitz in einer gr\u00fcnen Umgebung im Herzen von Mauges. Jahrhundert, das in der N\u00e4he der Ruinen des Schlosses des Vend\u00e9e-Generals Bonchamps errichtet wurde, ist von einem wundersch\u00f6nen romantischen Park, einem Gem\u00fcsegarten, in dem die Artenvielfalt gro\u00dfgeschrieben wird, Nebengeb\u00e4uden und einer Kapelle umgeben, in der die Nachfahren der Arnous Rivi\u00e8re noch immer Familienereignisse feiern.<br \/>\nDas Schloss La Baronni\u00e8re ist ein privilegierter Ort f\u00fcr Feste, aber auch ein gesch\u00fctzter Ort, an dem Ruhe und Gelassenheit herrschen; hier werden Sie wieder in einen tiefen und ruhigen Schlaf fallen.<\/p>\n<p class=\"font_7\"><strong>Bezeichnungen<\/strong>: AOC\/AOP<br \/>\n<strong>Rebsorte<\/strong>: Melon de Bourgogne<br \/>\n<strong>Boden<\/strong>: Lehm-Kalkstein<br \/>\n<strong>Weintyp<\/strong>: Trocken<br \/>\n<strong>Alkoholgehalt<\/strong>: 12 %.<br \/>\n<strong>Robe<\/strong>: Blasses Gold mit gr\u00fcnen Reflexen<br \/>\n<strong>Verkostung:<\/strong> Wei\u00dfe Bl\u00fcten, Zitrusfr\u00fcchte und mineralische Noten<span class=\"wixGuard\">.<\/span><br \/>\n<strong>Serviertemperatur:<\/strong> 8 bis 10\u00b0C<br \/>\n<strong>Lagerungstemperatur<\/strong>: <span class=\"wixGuard\">11-13\u00b0C<br \/>\n<\/span><strong>Lagerungszeit <\/strong>: 1-3 Jahre<br \/>\n<strong>Passt zu<\/strong>: Fisch, gegrillter Fisch, Schalentiere<\/p>\n","protected":false},"excerpt":{"rendered":"<p>Die gl\u00e4nzende, blassgelbe Robe mit wei\u00dfen Reflexen \u00f6ffnet sich zu einem ausdrucksvollen und komplexen Bouquet, das den Duft von exotischen Fr\u00fcchten (Mango, Passionsfrucht) mit dem von Harlekin-Bonbons (Banane) verbindet. Am Gaumen mit einem perlenden und geschmeidigen Auftakt bietet er eine fleischige und cremige Materie, eine sch\u00f6ne Ausgewogenheit sowie fruchtige (Birne) und leicht r\u00f6stige Aromen, die in einem langen und zart mineralischen Abgang anhalten. Sehr sch\u00f6ner Muscadet Coteaux de la Loire auf Hefe.<\/p>\n","protected":false},"featured_media":11118,"template":"","meta":{"inline_featured_image":false},"product_brand":[],"product_cat":[611,608],"product_tag":[610,629,698],"class_list":{"0":"post-11115","1":"product","2":"type-product","3":"status-publish","4":"has-post-thumbnail","6":"product_cat-weinberge-nantes","7":"product_cat-weis","8":"product_tag-austern-und-schalentiere","9":"product_tag-fische","10":"product_tag-gegrillter-fisch-de","11":"product_shipping_class-flasche","13":"first","14":"instock","15":"featured","16":"taxable","17":"shipping-taxable","18":"purchasable","19":"product-type-simple"},"yoast_head":"<!-- This site is optimized with the Yoast SEO plugin v27.6 - https:\/\/yoast.com\/product\/yoast-seo-wordpress\/ -->\n<title>MUSCADET COTEAUX DE LA LOIRE SUR LIE CHATEAU DE LA BARONNIERE - Loire Gourmande - une \u00e9tape savoureuse<\/title>\n<meta name=\"description\" content=\"Der Muscadet Coteaux de la Loire Sur Lie. Weine von der Loire. Bestellung im Weinkeller auf der Website von Loire Gourmande. Weinh\u00e4ndler in Turquant (49).\" \/>\n<meta name=\"robots\" content=\"index, follow, max-snippet:-1, max-image-preview:large, max-video-preview:-1\" \/>\n<link rel=\"canonical\" href=\"https:\/\/www.loire-gourmande.fr\/de\/Produkt\/muscadet-coteaux-de-la-loire-sur-lie-chateau-de-la-baronniere\/\" \/>\n<meta property=\"og:locale\" content=\"de_DE\" \/>\n<meta property=\"og:type\" content=\"article\" \/>\n<meta property=\"og:title\" content=\"MUSCADET COTEAUX DE LA LOIRE SUR LIE CHATEAU DE LA BARONNIERE - Loire Gourmande - une \u00e9tape savoureuse\" \/>\n<meta property=\"og:description\" content=\"Der Muscadet Coteaux de la Loire Sur Lie. Weine von der Loire. Bestellung im Weinkeller auf der Website von Loire Gourmande. Weinh\u00e4ndler in Turquant (49).\" \/>\n<meta property=\"og:url\" content=\"https:\/\/www.loire-gourmande.fr\/de\/Produkt\/muscadet-coteaux-de-la-loire-sur-lie-chateau-de-la-baronniere\/\" \/>\n<meta property=\"og:site_name\" content=\"Loire Gourmande - une \u00e9tape savoureuse\" \/>\n<meta property=\"article:publisher\" content=\"https:\/\/www.facebook.com\/Loire-Gourmande-Turquant-101991328328493\/\" \/>\n<meta property=\"article:modified_time\" content=\"2025-05-27T15:02:22+00:00\" \/>\n<meta property=\"og:image\" content=\"https:\/\/www.loire-gourmande.fr\/wp-content\/uploads\/2023\/02\/AOC-Muscadet-Coteaux-de-la-Loire-sur-Lie-22Chateau-de-la-Baronniere22.png\" \/>\n\t<meta property=\"og:image:width\" content=\"1468\" \/>\n\t<meta property=\"og:image:height\" content=\"1800\" \/>\n\t<meta property=\"og:image:type\" content=\"image\/png\" \/>\n<meta name=\"twitter:card\" content=\"summary_large_image\" \/>\n<meta name=\"twitter:label1\" content=\"Gesch\u00e4tzte Lesezeit\" \/>\n\t<meta name=\"twitter:data1\" content=\"1\u00a0Minute\" \/>\n<script type=\"application\/ld+json\" class=\"yoast-schema-graph\">{\"@context\":\"https:\\\/\\\/schema.org\",\"@graph\":[{\"@type\":\"WebPage\",\"@id\":\"https:\\\/\\\/www.loire-gourmande.fr\\\/de\\\/Produkt\\\/muscadet-coteaux-de-la-loire-sur-lie-chateau-de-la-baronniere\\\/\",\"url\":\"https:\\\/\\\/www.loire-gourmande.fr\\\/de\\\/Produkt\\\/muscadet-coteaux-de-la-loire-sur-lie-chateau-de-la-baronniere\\\/\",\"name\":\"MUSCADET COTEAUX DE LA LOIRE SUR LIE CHATEAU DE LA BARONNIERE - Loire Gourmande - une \u00e9tape savoureuse\",\"isPartOf\":{\"@id\":\"https:\\\/\\\/www.loire-gourmande.fr\\\/de\\\/#website\"},\"primaryImageOfPage\":{\"@id\":\"https:\\\/\\\/www.loire-gourmande.fr\\\/de\\\/Produkt\\\/muscadet-coteaux-de-la-loire-sur-lie-chateau-de-la-baronniere\\\/#primaryimage\"},\"image\":{\"@id\":\"https:\\\/\\\/www.loire-gourmande.fr\\\/de\\\/Produkt\\\/muscadet-coteaux-de-la-loire-sur-lie-chateau-de-la-baronniere\\\/#primaryimage\"},\"thumbnailUrl\":\"https:\\\/\\\/www.loire-gourmande.fr\\\/wp-content\\\/uploads\\\/2023\\\/02\\\/AOC-Muscadet-Coteaux-de-la-Loire-sur-Lie-22Chateau-de-la-Baronniere22.png\",\"datePublished\":\"2023-02-18T14:57:43+00:00\",\"dateModified\":\"2025-05-27T15:02:22+00:00\",\"description\":\"Der Muscadet Coteaux de la Loire Sur Lie. Weine von der Loire. Bestellung im Weinkeller auf der Website von Loire Gourmande. Weinh\u00e4ndler in Turquant (49).\",\"breadcrumb\":{\"@id\":\"https:\\\/\\\/www.loire-gourmande.fr\\\/de\\\/Produkt\\\/muscadet-coteaux-de-la-loire-sur-lie-chateau-de-la-baronniere\\\/#breadcrumb\"},\"inLanguage\":\"de\",\"potentialAction\":[{\"@type\":\"ReadAction\",\"target\":[\"https:\\\/\\\/www.loire-gourmande.fr\\\/de\\\/Produkt\\\/muscadet-coteaux-de-la-loire-sur-lie-chateau-de-la-baronniere\\\/\"]}]},{\"@type\":\"ImageObject\",\"inLanguage\":\"de\",\"@id\":\"https:\\\/\\\/www.loire-gourmande.fr\\\/de\\\/Produkt\\\/muscadet-coteaux-de-la-loire-sur-lie-chateau-de-la-baronniere\\\/#primaryimage\",\"url\":\"https:\\\/\\\/www.loire-gourmande.fr\\\/wp-content\\\/uploads\\\/2023\\\/02\\\/AOC-Muscadet-Coteaux-de-la-Loire-sur-Lie-22Chateau-de-la-Baronniere22.png\",\"contentUrl\":\"https:\\\/\\\/www.loire-gourmande.fr\\\/wp-content\\\/uploads\\\/2023\\\/02\\\/AOC-Muscadet-Coteaux-de-la-Loire-sur-Lie-22Chateau-de-la-Baronniere22.png\",\"width\":1468,\"height\":1800},{\"@type\":\"BreadcrumbList\",\"@id\":\"https:\\\/\\\/www.loire-gourmande.fr\\\/de\\\/Produkt\\\/muscadet-coteaux-de-la-loire-sur-lie-chateau-de-la-baronniere\\\/#breadcrumb\",\"itemListElement\":[{\"@type\":\"ListItem\",\"position\":1,\"name\":\"Startseite\",\"item\":\"https:\\\/\\\/www.loire-gourmande.fr\\\/de\\\/\"},{\"@type\":\"ListItem\",\"position\":2,\"name\":\"Die Boutique de Loire Gourmande: die Weine der Loire\",\"item\":\"https:\\\/\\\/www.loire-gourmande.fr\\\/de\\\/woocommerce\\\/\"},{\"@type\":\"ListItem\",\"position\":3,\"name\":\"Die Weine\",\"item\":\"https:\\\/\\\/www.loire-gourmande.fr\\\/de\\\/Produktkategorie\\\/die-weine\\\/\"},{\"@type\":\"ListItem\",\"position\":4,\"name\":\"Wei\u00df\",\"item\":\"https:\\\/\\\/www.loire-gourmande.fr\\\/de\\\/Produktkategorie\\\/die-weine\\\/weis\\\/\"},{\"@type\":\"ListItem\",\"position\":5,\"name\":\"MUSCADET COTEAUX DE LA LOIRE SUR LIE CHATEAU DE LA BARONNIERE\"}]},{\"@type\":\"WebSite\",\"@id\":\"https:\\\/\\\/www.loire-gourmande.fr\\\/de\\\/#website\",\"url\":\"https:\\\/\\\/www.loire-gourmande.fr\\\/de\\\/\",\"name\":\"Loire Gourmande, une \u00e9tape savoureuse\",\"description\":\"une d\u00e9gustation \u00e0 toute heure et une boutique \u00e0 visiter \u00e0 Turquant (49)\",\"publisher\":{\"@id\":\"https:\\\/\\\/www.loire-gourmande.fr\\\/de\\\/#organization\"},\"potentialAction\":[{\"@type\":\"SearchAction\",\"target\":{\"@type\":\"EntryPoint\",\"urlTemplate\":\"https:\\\/\\\/www.loire-gourmande.fr\\\/de\\\/?s={search_term_string}\"},\"query-input\":{\"@type\":\"PropertyValueSpecification\",\"valueRequired\":true,\"valueName\":\"search_term_string\"}}],\"inLanguage\":\"de\"},{\"@type\":\"Organization\",\"@id\":\"https:\\\/\\\/www.loire-gourmande.fr\\\/de\\\/#organization\",\"name\":\"Loire Gourmande - Schnellrestaurant und Besuch in Turquant (49)\",\"url\":\"https:\\\/\\\/www.loire-gourmande.fr\\\/de\\\/\",\"logo\":{\"@type\":\"ImageObject\",\"inLanguage\":\"de\",\"@id\":\"https:\\\/\\\/www.loire-gourmande.fr\\\/de\\\/#\\\/schema\\\/logo\\\/image\\\/\",\"url\":\"https:\\\/\\\/www.loire-gourmande.fr\\\/wp-content\\\/uploads\\\/2020\\\/10\\\/loire-gourmande-logo.jpg\",\"contentUrl\":\"https:\\\/\\\/www.loire-gourmande.fr\\\/wp-content\\\/uploads\\\/2020\\\/10\\\/loire-gourmande-logo.jpg\",\"width\":800,\"height\":415,\"caption\":\"Loire Gourmande - Schnellrestaurant und Besuch in Turquant (49)\"},\"image\":{\"@id\":\"https:\\\/\\\/www.loire-gourmande.fr\\\/de\\\/#\\\/schema\\\/logo\\\/image\\\/\"},\"sameAs\":[\"https:\\\/\\\/www.facebook.com\\\/Loire-Gourmande-Turquant-101991328328493\\\/\",\"https:\\\/\\\/www.instagram.com\\\/jean_yves_auradon\\\/?igshid=1ta3mfjka326t\"]}]}<\/script>\n<!-- \/ Yoast SEO plugin. -->","yoast_head_json":{"title":"MUSCADET COTEAUX DE LA LOIRE SUR LIE CHATEAU DE LA BARONNIERE - Loire Gourmande - une \u00e9tape savoureuse","description":"Der Muscadet Coteaux de la Loire Sur Lie. Weine von der Loire. Bestellung im Weinkeller auf der Website von Loire Gourmande. Weinh\u00e4ndler in Turquant (49).","robots":{"index":"index","follow":"follow","max-snippet":"max-snippet:-1","max-image-preview":"max-image-preview:large","max-video-preview":"max-video-preview:-1"},"canonical":"https:\/\/www.loire-gourmande.fr\/de\/Produkt\/muscadet-coteaux-de-la-loire-sur-lie-chateau-de-la-baronniere\/","og_locale":"de_DE","og_type":"article","og_title":"MUSCADET COTEAUX DE LA LOIRE SUR LIE CHATEAU DE LA BARONNIERE - Loire Gourmande - une \u00e9tape savoureuse","og_description":"Der Muscadet Coteaux de la Loire Sur Lie. Weine von der Loire. Bestellung im Weinkeller auf der Website von Loire Gourmande. Weinh\u00e4ndler in Turquant (49).","og_url":"https:\/\/www.loire-gourmande.fr\/de\/Produkt\/muscadet-coteaux-de-la-loire-sur-lie-chateau-de-la-baronniere\/","og_site_name":"Loire Gourmande - une \u00e9tape savoureuse","article_publisher":"https:\/\/www.facebook.com\/Loire-Gourmande-Turquant-101991328328493\/","article_modified_time":"2025-05-27T15:02:22+00:00","og_image":[{"width":1468,"height":1800,"url":"https:\/\/www.loire-gourmande.fr\/wp-content\/uploads\/2023\/02\/AOC-Muscadet-Coteaux-de-la-Loire-sur-Lie-22Chateau-de-la-Baronniere22.png","type":"image\/png"}],"twitter_card":"summary_large_image","twitter_misc":{"Gesch\u00e4tzte Lesezeit":"1\u00a0Minute"},"schema":{"@context":"https:\/\/schema.org","@graph":[{"@type":"WebPage","@id":"https:\/\/www.loire-gourmande.fr\/de\/Produkt\/muscadet-coteaux-de-la-loire-sur-lie-chateau-de-la-baronniere\/","url":"https:\/\/www.loire-gourmande.fr\/de\/Produkt\/muscadet-coteaux-de-la-loire-sur-lie-chateau-de-la-baronniere\/","name":"MUSCADET COTEAUX DE LA LOIRE SUR LIE CHATEAU DE LA BARONNIERE - Loire Gourmande - une \u00e9tape savoureuse","isPartOf":{"@id":"https:\/\/www.loire-gourmande.fr\/de\/#website"},"primaryImageOfPage":{"@id":"https:\/\/www.loire-gourmande.fr\/de\/Produkt\/muscadet-coteaux-de-la-loire-sur-lie-chateau-de-la-baronniere\/#primaryimage"},"image":{"@id":"https:\/\/www.loire-gourmande.fr\/de\/Produkt\/muscadet-coteaux-de-la-loire-sur-lie-chateau-de-la-baronniere\/#primaryimage"},"thumbnailUrl":"https:\/\/www.loire-gourmande.fr\/wp-content\/uploads\/2023\/02\/AOC-Muscadet-Coteaux-de-la-Loire-sur-Lie-22Chateau-de-la-Baronniere22.png","datePublished":"2023-02-18T14:57:43+00:00","dateModified":"2025-05-27T15:02:22+00:00","description":"Der Muscadet Coteaux de la Loire Sur Lie. Weine von der Loire. Bestellung im Weinkeller auf der Website von Loire Gourmande. Weinh\u00e4ndler in Turquant (49).","breadcrumb":{"@id":"https:\/\/www.loire-gourmande.fr\/de\/Produkt\/muscadet-coteaux-de-la-loire-sur-lie-chateau-de-la-baronniere\/#breadcrumb"},"inLanguage":"de","potentialAction":[{"@type":"ReadAction","target":["https:\/\/www.loire-gourmande.fr\/de\/Produkt\/muscadet-coteaux-de-la-loire-sur-lie-chateau-de-la-baronniere\/"]}]},{"@type":"ImageObject","inLanguage":"de","@id":"https:\/\/www.loire-gourmande.fr\/de\/Produkt\/muscadet-coteaux-de-la-loire-sur-lie-chateau-de-la-baronniere\/#primaryimage","url":"https:\/\/www.loire-gourmande.fr\/wp-content\/uploads\/2023\/02\/AOC-Muscadet-Coteaux-de-la-Loire-sur-Lie-22Chateau-de-la-Baronniere22.png","contentUrl":"https:\/\/www.loire-gourmande.fr\/wp-content\/uploads\/2023\/02\/AOC-Muscadet-Coteaux-de-la-Loire-sur-Lie-22Chateau-de-la-Baronniere22.png","width":1468,"height":1800},{"@type":"BreadcrumbList","@id":"https:\/\/www.loire-gourmande.fr\/de\/Produkt\/muscadet-coteaux-de-la-loire-sur-lie-chateau-de-la-baronniere\/#breadcrumb","itemListElement":[{"@type":"ListItem","position":1,"name":"Startseite","item":"https:\/\/www.loire-gourmande.fr\/de\/"},{"@type":"ListItem","position":2,"name":"Die Boutique de Loire Gourmande: die Weine der Loire","item":"https:\/\/www.loire-gourmande.fr\/de\/woocommerce\/"},{"@type":"ListItem","position":3,"name":"Die Weine","item":"https:\/\/www.loire-gourmande.fr\/de\/Produktkategorie\/die-weine\/"},{"@type":"ListItem","position":4,"name":"Wei\u00df","item":"https:\/\/www.loire-gourmande.fr\/de\/Produktkategorie\/die-weine\/weis\/"},{"@type":"ListItem","position":5,"name":"MUSCADET COTEAUX DE LA LOIRE SUR LIE CHATEAU DE LA BARONNIERE"}]},{"@type":"WebSite","@id":"https:\/\/www.loire-gourmande.fr\/de\/#website","url":"https:\/\/www.loire-gourmande.fr\/de\/","name":"Loire Gourmande, une \u00e9tape savoureuse","description":"une d\u00e9gustation \u00e0 toute heure et une boutique \u00e0 visiter \u00e0 Turquant (49)","publisher":{"@id":"https:\/\/www.loire-gourmande.fr\/de\/#organization"},"potentialAction":[{"@type":"SearchAction","target":{"@type":"EntryPoint","urlTemplate":"https:\/\/www.loire-gourmande.fr\/de\/?s={search_term_string}"},"query-input":{"@type":"PropertyValueSpecification","valueRequired":true,"valueName":"search_term_string"}}],"inLanguage":"de"},{"@type":"Organization","@id":"https:\/\/www.loire-gourmande.fr\/de\/#organization","name":"Loire Gourmande - Schnellrestaurant und Besuch in Turquant (49)","url":"https:\/\/www.loire-gourmande.fr\/de\/","logo":{"@type":"ImageObject","inLanguage":"de","@id":"https:\/\/www.loire-gourmande.fr\/de\/#\/schema\/logo\/image\/","url":"https:\/\/www.loire-gourmande.fr\/wp-content\/uploads\/2020\/10\/loire-gourmande-logo.jpg","contentUrl":"https:\/\/www.loire-gourmande.fr\/wp-content\/uploads\/2020\/10\/loire-gourmande-logo.jpg","width":800,"height":415,"caption":"Loire Gourmande - Schnellrestaurant und Besuch in Turquant (49)"},"image":{"@id":"https:\/\/www.loire-gourmande.fr\/de\/#\/schema\/logo\/image\/"},"sameAs":["https:\/\/www.facebook.com\/Loire-Gourmande-Turquant-101991328328493\/","https:\/\/www.instagram.com\/jean_yves_auradon\/?igshid=1ta3mfjka326t"]}]}},"_links":{"self":[{"href":"https:\/\/www.loire-gourmande.fr\/de\/wp-json\/wp\/v2\/product\/11115","targetHints":{"allow":["GET"]}}],"collection":[{"href":"https:\/\/www.loire-gourmande.fr\/de\/wp-json\/wp\/v2\/product"}],"about":[{"href":"https:\/\/www.loire-gourmande.fr\/de\/wp-json\/wp\/v2\/types\/product"}],"version-history":[{"count":2,"href":"https:\/\/www.loire-gourmande.fr\/de\/wp-json\/wp\/v2\/product\/11115\/revisions"}],"predecessor-version":[{"id":13016,"href":"https:\/\/www.loire-gourmande.fr\/de\/wp-json\/wp\/v2\/product\/11115\/revisions\/13016"}],"wp:featuredmedia":[{"embeddable":true,"href":"https:\/\/www.loire-gourmande.fr\/de\/wp-json\/wp\/v2\/media\/11118"}],"wp:attachment":[{"href":"https:\/\/www.loire-gourmande.fr\/de\/wp-json\/wp\/v2\/media?parent=11115"}],"wp:term":[{"taxonomy":"product_brand","embeddable":true,"href":"https:\/\/www.loire-gourmande.fr\/de\/wp-json\/wp\/v2\/product_brand?post=11115"},{"taxonomy":"product_cat","embeddable":true,"href":"https:\/\/www.loire-gourmande.fr\/de\/wp-json\/wp\/v2\/product_cat?post=11115"},{"taxonomy":"product_tag","embeddable":true,"href":"https:\/\/www.loire-gourmande.fr\/de\/wp-json\/wp\/v2\/product_tag?post=11115"}],"curies":[{"name":"wp","href":"https:\/\/api.w.org\/{rel}","templated":true}]}}