{"id":11117,"date":"2023-02-16T15:58:00","date_gmt":"2023-02-16T15:58:00","guid":{"rendered":"https:\/\/www.loire-gourmande.fr\/produit\/vouvray-brut-jean-marc-gilet-domaine-de-la-rouletiere\/"},"modified":"2025-05-27T16:19:44","modified_gmt":"2025-05-27T15:19:44","slug":"vouvray-brut-jean-marc-gilet-domaine-de-la-rouletiere","status":"publish","type":"product","link":"https:\/\/www.loire-gourmande.fr\/de\/Produkt\/vouvray-brut-jean-marc-gilet-domaine-de-la-rouletiere\/","title":{"rendered":"VOUVRAY BRUT JEAN-MARC GILET DOMAINE DE LA ROULETIERE"},"content":{"rendered":"<div class=\"page\" title=\"Seite 1\">\n<div class=\"section\">\n<div class=\"layoutArea\">\n<div class=\"column\">\n<p><strong>Weinbereitung:<br \/>\n<\/strong>Die Trauben stammen von kalkhaltigen B\u00f6den, die als &#8222;Sittich&#8220; bezeichnet werden (Lehm mit Feuerstein, der den mineralischen Charakter verleiht). Dieser Wein g\u00e4rt bei 15-18\u00b0C in temperaturkontrollierten Tanks und reift 5 Monate lang auf dem Bodensatz der G\u00e4rung, um das Bouquet zu fixieren. Nach der ersten G\u00e4rung f\u00fchren wir eine zweite G\u00e4rung durch, die zu feinen Bl\u00e4schen f\u00fchrt. Diese Cuv\u00e9e wird 18 Monate lang auf Latten gelagert, um die Bl\u00e4schen zu verfeinern und Eleganz und Frucht zu verleihen. Nach einem sanften Umr\u00fchren der Flaschen beginnen wir mit dem Degorgieren. Nach diesen Vorg\u00e4ngen lassen wir sie drei Monate im Keller, damit das Terroir und alle G\u00e4rungsaromen zur Geltung kommen.<br \/>\n<strong>Verkostung:<br \/>\n<\/strong>Robe: Sch\u00f6nes helles Gelb mit leicht gr\u00e4ulichen Reflexen. Schnur aus (sehr feinen) Blasen lang und ausdauernd.<br \/>\nNase: Mineralisch mit Feuersteinaromen, unterst\u00fctzt von Noten von gebrannten Mandeln. Mit der Bel\u00fcftung entwickelt sich die Nase mit buttrigen und zitronigen Noten.<br \/>\nGaumen: Am Gaumen ist er zart im Auftakt, mit w\u00fcrzigen Aromen (grauer Pfeffer).  Der Abgang ist ziemlich lang mit einer weichen Struktur; nach der Sauerstoffzufuhr erscheinen Noten von Zitrusfr\u00fcchten.<br \/>\n<strong>Servierempfehlungen:<br \/>\n<\/strong>Bl\u00e4tterteig mit gebratenem Loire-Spargel und Mousseline-Sauce, aber auch einfach als Aperitif oder zu einem Dessert wie einem karamellisierten Bl\u00e4tterteig mit exotischen Fr\u00fcchten.<\/p>\n<\/div>\n<\/div>\n<\/div>\n<\/div>\n","protected":false},"excerpt":{"rendered":"<p>Der Vouvray der Domaine de la Rouleti\u00e8re, der nach der traditionellen Methode hergestellt wird, ist ein Schaumwein mit zarten und fruchtigen Aromen. Nach der Verkostung hinterl\u00e4sst dieser Wein ein lang anhaltendes Aroma und kann gek\u00fchlt genossen werden. Vouvray hat ein zartes, aber lang anhaltendes Sprudeln. Im Mund bietet er ein lang anhaltendes Aroma von Akazien, frischen Fr\u00fcchten (Apfel, Birne) und Trockenfr\u00fcchten. Seine Lebendigkeit und Frische machen ihn zu einem gro\u00dfartigen Aperitif und er wird auch gerne zum Dessert mit Charlotte oder Fruchtmousse serviert.<\/p>\n","protected":false},"featured_media":11125,"template":"","meta":{"inline_featured_image":false},"product_brand":[],"product_cat":[603,621,609,608],"product_tag":[618,700,652],"class_list":{"0":"post-11117","1":"product","2":"type-product","3":"status-publish","4":"has-post-thumbnail","6":"product_cat-bio-wein","7":"product_cat-schaumwein","8":"product_cat-touraine-de","9":"product_cat-weis","10":"product_tag-aperitif-de","11":"product_tag-gebratenes-gemuse","12":"product_tag-nachtisch","13":"product_shipping_class-flasche","15":"first","16":"instock","17":"featured","18":"taxable","19":"shipping-taxable","20":"purchasable","21":"product-type-simple"},"yoast_head":"<!-- This site is optimized with the Yoast SEO plugin v27.6 - https:\/\/yoast.com\/product\/yoast-seo-wordpress\/ -->\n<title>VOUVRAY BRUT JEAN-MARC GILET DOMAINE DE LA ROULETIERE - Loire Gourmande - une \u00e9tape savoureuse<\/title>\n<meta name=\"description\" content=\"Jean-Marc GILET-Vouvray Blanc Brut. Weine von der Loire. Bestellung im Weinkeller auf der Website von Loire Gourmande. Weinh\u00e4ndler in Turquant (49).\" \/>\n<meta name=\"robots\" content=\"index, follow, max-snippet:-1, max-image-preview:large, max-video-preview:-1\" \/>\n<link rel=\"canonical\" href=\"https:\/\/www.loire-gourmande.fr\/de\/Produkt\/vouvray-brut-jean-marc-gilet-domaine-de-la-rouletiere\/\" \/>\n<meta property=\"og:locale\" content=\"de_DE\" \/>\n<meta property=\"og:type\" content=\"article\" \/>\n<meta property=\"og:title\" content=\"VOUVRAY BRUT JEAN-MARC GILET DOMAINE DE LA ROULETIERE - Loire Gourmande - une \u00e9tape savoureuse\" \/>\n<meta property=\"og:description\" content=\"Jean-Marc GILET-Vouvray Blanc Brut. Weine von der Loire. Bestellung im Weinkeller auf der Website von Loire Gourmande. Weinh\u00e4ndler in Turquant (49).\" \/>\n<meta property=\"og:url\" content=\"https:\/\/www.loire-gourmande.fr\/de\/Produkt\/vouvray-brut-jean-marc-gilet-domaine-de-la-rouletiere\/\" \/>\n<meta property=\"og:site_name\" content=\"Loire Gourmande - une \u00e9tape savoureuse\" \/>\n<meta property=\"article:publisher\" content=\"https:\/\/www.facebook.com\/Loire-Gourmande-Turquant-101991328328493\/\" \/>\n<meta property=\"article:modified_time\" content=\"2025-05-27T15:19:44+00:00\" \/>\n<meta property=\"og:image\" content=\"https:\/\/www.loire-gourmande.fr\/wp-content\/uploads\/2023\/02\/VOUVRAY-METHODE-TRADIONNELLE-BRUT-DOMAINE-DE-LA-ROUTELIERE.png\" \/>\n\t<meta property=\"og:image:width\" content=\"1500\" \/>\n\t<meta property=\"og:image:height\" content=\"1500\" \/>\n\t<meta property=\"og:image:type\" content=\"image\/png\" \/>\n<meta name=\"twitter:card\" content=\"summary_large_image\" \/>\n<meta name=\"twitter:label1\" content=\"Gesch\u00e4tzte Lesezeit\" \/>\n\t<meta name=\"twitter:data1\" content=\"1\u00a0Minute\" \/>\n<script type=\"application\/ld+json\" class=\"yoast-schema-graph\">{\"@context\":\"https:\\\/\\\/schema.org\",\"@graph\":[{\"@type\":\"WebPage\",\"@id\":\"https:\\\/\\\/www.loire-gourmande.fr\\\/de\\\/Produkt\\\/vouvray-brut-jean-marc-gilet-domaine-de-la-rouletiere\\\/\",\"url\":\"https:\\\/\\\/www.loire-gourmande.fr\\\/de\\\/Produkt\\\/vouvray-brut-jean-marc-gilet-domaine-de-la-rouletiere\\\/\",\"name\":\"VOUVRAY BRUT JEAN-MARC GILET DOMAINE DE LA ROULETIERE - Loire Gourmande - une \u00e9tape savoureuse\",\"isPartOf\":{\"@id\":\"https:\\\/\\\/www.loire-gourmande.fr\\\/de\\\/#website\"},\"primaryImageOfPage\":{\"@id\":\"https:\\\/\\\/www.loire-gourmande.fr\\\/de\\\/Produkt\\\/vouvray-brut-jean-marc-gilet-domaine-de-la-rouletiere\\\/#primaryimage\"},\"image\":{\"@id\":\"https:\\\/\\\/www.loire-gourmande.fr\\\/de\\\/Produkt\\\/vouvray-brut-jean-marc-gilet-domaine-de-la-rouletiere\\\/#primaryimage\"},\"thumbnailUrl\":\"https:\\\/\\\/www.loire-gourmande.fr\\\/wp-content\\\/uploads\\\/2023\\\/02\\\/VOUVRAY-METHODE-TRADIONNELLE-BRUT-DOMAINE-DE-LA-ROUTELIERE.png\",\"datePublished\":\"2023-02-16T15:58:00+00:00\",\"dateModified\":\"2025-05-27T15:19:44+00:00\",\"description\":\"Jean-Marc GILET-Vouvray Blanc Brut. Weine von der Loire. Bestellung im Weinkeller auf der Website von Loire Gourmande. Weinh\u00e4ndler in Turquant (49).\",\"breadcrumb\":{\"@id\":\"https:\\\/\\\/www.loire-gourmande.fr\\\/de\\\/Produkt\\\/vouvray-brut-jean-marc-gilet-domaine-de-la-rouletiere\\\/#breadcrumb\"},\"inLanguage\":\"de\",\"potentialAction\":[{\"@type\":\"ReadAction\",\"target\":[\"https:\\\/\\\/www.loire-gourmande.fr\\\/de\\\/Produkt\\\/vouvray-brut-jean-marc-gilet-domaine-de-la-rouletiere\\\/\"]}]},{\"@type\":\"ImageObject\",\"inLanguage\":\"de\",\"@id\":\"https:\\\/\\\/www.loire-gourmande.fr\\\/de\\\/Produkt\\\/vouvray-brut-jean-marc-gilet-domaine-de-la-rouletiere\\\/#primaryimage\",\"url\":\"https:\\\/\\\/www.loire-gourmande.fr\\\/wp-content\\\/uploads\\\/2023\\\/02\\\/VOUVRAY-METHODE-TRADIONNELLE-BRUT-DOMAINE-DE-LA-ROUTELIERE.png\",\"contentUrl\":\"https:\\\/\\\/www.loire-gourmande.fr\\\/wp-content\\\/uploads\\\/2023\\\/02\\\/VOUVRAY-METHODE-TRADIONNELLE-BRUT-DOMAINE-DE-LA-ROUTELIERE.png\",\"width\":1500,\"height\":1500},{\"@type\":\"BreadcrumbList\",\"@id\":\"https:\\\/\\\/www.loire-gourmande.fr\\\/de\\\/Produkt\\\/vouvray-brut-jean-marc-gilet-domaine-de-la-rouletiere\\\/#breadcrumb\",\"itemListElement\":[{\"@type\":\"ListItem\",\"position\":1,\"name\":\"Startseite\",\"item\":\"https:\\\/\\\/www.loire-gourmande.fr\\\/de\\\/\"},{\"@type\":\"ListItem\",\"position\":2,\"name\":\"Die Boutique de Loire Gourmande: die Weine der Loire\",\"item\":\"https:\\\/\\\/www.loire-gourmande.fr\\\/de\\\/woocommerce\\\/\"},{\"@type\":\"ListItem\",\"position\":3,\"name\":\"Die Weine\",\"item\":\"https:\\\/\\\/www.loire-gourmande.fr\\\/de\\\/Produktkategorie\\\/die-weine\\\/\"},{\"@type\":\"ListItem\",\"position\":4,\"name\":\"Bio Wein\",\"item\":\"https:\\\/\\\/www.loire-gourmande.fr\\\/de\\\/Produktkategorie\\\/die-weine\\\/bio-wein\\\/\"},{\"@type\":\"ListItem\",\"position\":5,\"name\":\"VOUVRAY BRUT JEAN-MARC GILET DOMAINE DE LA ROULETIERE\"}]},{\"@type\":\"WebSite\",\"@id\":\"https:\\\/\\\/www.loire-gourmande.fr\\\/de\\\/#website\",\"url\":\"https:\\\/\\\/www.loire-gourmande.fr\\\/de\\\/\",\"name\":\"Loire Gourmande, une \u00e9tape savoureuse\",\"description\":\"une d\u00e9gustation \u00e0 toute heure et une boutique \u00e0 visiter \u00e0 Turquant (49)\",\"publisher\":{\"@id\":\"https:\\\/\\\/www.loire-gourmande.fr\\\/de\\\/#organization\"},\"potentialAction\":[{\"@type\":\"SearchAction\",\"target\":{\"@type\":\"EntryPoint\",\"urlTemplate\":\"https:\\\/\\\/www.loire-gourmande.fr\\\/de\\\/?s={search_term_string}\"},\"query-input\":{\"@type\":\"PropertyValueSpecification\",\"valueRequired\":true,\"valueName\":\"search_term_string\"}}],\"inLanguage\":\"de\"},{\"@type\":\"Organization\",\"@id\":\"https:\\\/\\\/www.loire-gourmande.fr\\\/de\\\/#organization\",\"name\":\"Loire Gourmande - Schnellrestaurant und Besuch in Turquant (49)\",\"url\":\"https:\\\/\\\/www.loire-gourmande.fr\\\/de\\\/\",\"logo\":{\"@type\":\"ImageObject\",\"inLanguage\":\"de\",\"@id\":\"https:\\\/\\\/www.loire-gourmande.fr\\\/de\\\/#\\\/schema\\\/logo\\\/image\\\/\",\"url\":\"https:\\\/\\\/www.loire-gourmande.fr\\\/wp-content\\\/uploads\\\/2020\\\/10\\\/loire-gourmande-logo.jpg\",\"contentUrl\":\"https:\\\/\\\/www.loire-gourmande.fr\\\/wp-content\\\/uploads\\\/2020\\\/10\\\/loire-gourmande-logo.jpg\",\"width\":800,\"height\":415,\"caption\":\"Loire Gourmande - Schnellrestaurant und Besuch in Turquant (49)\"},\"image\":{\"@id\":\"https:\\\/\\\/www.loire-gourmande.fr\\\/de\\\/#\\\/schema\\\/logo\\\/image\\\/\"},\"sameAs\":[\"https:\\\/\\\/www.facebook.com\\\/Loire-Gourmande-Turquant-101991328328493\\\/\",\"https:\\\/\\\/www.instagram.com\\\/jean_yves_auradon\\\/?igshid=1ta3mfjka326t\"]}]}<\/script>\n<!-- \/ Yoast SEO plugin. -->","yoast_head_json":{"title":"VOUVRAY BRUT JEAN-MARC GILET DOMAINE DE LA ROULETIERE - Loire Gourmande - une \u00e9tape savoureuse","description":"Jean-Marc GILET-Vouvray Blanc Brut. Weine von der Loire. Bestellung im Weinkeller auf der Website von Loire Gourmande. Weinh\u00e4ndler in Turquant (49).","robots":{"index":"index","follow":"follow","max-snippet":"max-snippet:-1","max-image-preview":"max-image-preview:large","max-video-preview":"max-video-preview:-1"},"canonical":"https:\/\/www.loire-gourmande.fr\/de\/Produkt\/vouvray-brut-jean-marc-gilet-domaine-de-la-rouletiere\/","og_locale":"de_DE","og_type":"article","og_title":"VOUVRAY BRUT JEAN-MARC GILET DOMAINE DE LA ROULETIERE - Loire Gourmande - une \u00e9tape savoureuse","og_description":"Jean-Marc GILET-Vouvray Blanc Brut. Weine von der Loire. Bestellung im Weinkeller auf der Website von Loire Gourmande. Weinh\u00e4ndler in Turquant (49).","og_url":"https:\/\/www.loire-gourmande.fr\/de\/Produkt\/vouvray-brut-jean-marc-gilet-domaine-de-la-rouletiere\/","og_site_name":"Loire Gourmande - une \u00e9tape savoureuse","article_publisher":"https:\/\/www.facebook.com\/Loire-Gourmande-Turquant-101991328328493\/","article_modified_time":"2025-05-27T15:19:44+00:00","og_image":[{"width":1500,"height":1500,"url":"https:\/\/www.loire-gourmande.fr\/wp-content\/uploads\/2023\/02\/VOUVRAY-METHODE-TRADIONNELLE-BRUT-DOMAINE-DE-LA-ROUTELIERE.png","type":"image\/png"}],"twitter_card":"summary_large_image","twitter_misc":{"Gesch\u00e4tzte Lesezeit":"1\u00a0Minute"},"schema":{"@context":"https:\/\/schema.org","@graph":[{"@type":"WebPage","@id":"https:\/\/www.loire-gourmande.fr\/de\/Produkt\/vouvray-brut-jean-marc-gilet-domaine-de-la-rouletiere\/","url":"https:\/\/www.loire-gourmande.fr\/de\/Produkt\/vouvray-brut-jean-marc-gilet-domaine-de-la-rouletiere\/","name":"VOUVRAY BRUT JEAN-MARC GILET DOMAINE DE LA ROULETIERE - Loire Gourmande - une \u00e9tape savoureuse","isPartOf":{"@id":"https:\/\/www.loire-gourmande.fr\/de\/#website"},"primaryImageOfPage":{"@id":"https:\/\/www.loire-gourmande.fr\/de\/Produkt\/vouvray-brut-jean-marc-gilet-domaine-de-la-rouletiere\/#primaryimage"},"image":{"@id":"https:\/\/www.loire-gourmande.fr\/de\/Produkt\/vouvray-brut-jean-marc-gilet-domaine-de-la-rouletiere\/#primaryimage"},"thumbnailUrl":"https:\/\/www.loire-gourmande.fr\/wp-content\/uploads\/2023\/02\/VOUVRAY-METHODE-TRADIONNELLE-BRUT-DOMAINE-DE-LA-ROUTELIERE.png","datePublished":"2023-02-16T15:58:00+00:00","dateModified":"2025-05-27T15:19:44+00:00","description":"Jean-Marc GILET-Vouvray Blanc Brut. Weine von der Loire. Bestellung im Weinkeller auf der Website von Loire Gourmande. Weinh\u00e4ndler in Turquant (49).","breadcrumb":{"@id":"https:\/\/www.loire-gourmande.fr\/de\/Produkt\/vouvray-brut-jean-marc-gilet-domaine-de-la-rouletiere\/#breadcrumb"},"inLanguage":"de","potentialAction":[{"@type":"ReadAction","target":["https:\/\/www.loire-gourmande.fr\/de\/Produkt\/vouvray-brut-jean-marc-gilet-domaine-de-la-rouletiere\/"]}]},{"@type":"ImageObject","inLanguage":"de","@id":"https:\/\/www.loire-gourmande.fr\/de\/Produkt\/vouvray-brut-jean-marc-gilet-domaine-de-la-rouletiere\/#primaryimage","url":"https:\/\/www.loire-gourmande.fr\/wp-content\/uploads\/2023\/02\/VOUVRAY-METHODE-TRADIONNELLE-BRUT-DOMAINE-DE-LA-ROUTELIERE.png","contentUrl":"https:\/\/www.loire-gourmande.fr\/wp-content\/uploads\/2023\/02\/VOUVRAY-METHODE-TRADIONNELLE-BRUT-DOMAINE-DE-LA-ROUTELIERE.png","width":1500,"height":1500},{"@type":"BreadcrumbList","@id":"https:\/\/www.loire-gourmande.fr\/de\/Produkt\/vouvray-brut-jean-marc-gilet-domaine-de-la-rouletiere\/#breadcrumb","itemListElement":[{"@type":"ListItem","position":1,"name":"Startseite","item":"https:\/\/www.loire-gourmande.fr\/de\/"},{"@type":"ListItem","position":2,"name":"Die Boutique de Loire Gourmande: die Weine der Loire","item":"https:\/\/www.loire-gourmande.fr\/de\/woocommerce\/"},{"@type":"ListItem","position":3,"name":"Die Weine","item":"https:\/\/www.loire-gourmande.fr\/de\/Produktkategorie\/die-weine\/"},{"@type":"ListItem","position":4,"name":"Bio Wein","item":"https:\/\/www.loire-gourmande.fr\/de\/Produktkategorie\/die-weine\/bio-wein\/"},{"@type":"ListItem","position":5,"name":"VOUVRAY BRUT JEAN-MARC GILET DOMAINE DE LA ROULETIERE"}]},{"@type":"WebSite","@id":"https:\/\/www.loire-gourmande.fr\/de\/#website","url":"https:\/\/www.loire-gourmande.fr\/de\/","name":"Loire Gourmande, une \u00e9tape savoureuse","description":"une d\u00e9gustation \u00e0 toute heure et une boutique \u00e0 visiter \u00e0 Turquant (49)","publisher":{"@id":"https:\/\/www.loire-gourmande.fr\/de\/#organization"},"potentialAction":[{"@type":"SearchAction","target":{"@type":"EntryPoint","urlTemplate":"https:\/\/www.loire-gourmande.fr\/de\/?s={search_term_string}"},"query-input":{"@type":"PropertyValueSpecification","valueRequired":true,"valueName":"search_term_string"}}],"inLanguage":"de"},{"@type":"Organization","@id":"https:\/\/www.loire-gourmande.fr\/de\/#organization","name":"Loire Gourmande - Schnellrestaurant und Besuch in Turquant (49)","url":"https:\/\/www.loire-gourmande.fr\/de\/","logo":{"@type":"ImageObject","inLanguage":"de","@id":"https:\/\/www.loire-gourmande.fr\/de\/#\/schema\/logo\/image\/","url":"https:\/\/www.loire-gourmande.fr\/wp-content\/uploads\/2020\/10\/loire-gourmande-logo.jpg","contentUrl":"https:\/\/www.loire-gourmande.fr\/wp-content\/uploads\/2020\/10\/loire-gourmande-logo.jpg","width":800,"height":415,"caption":"Loire Gourmande - Schnellrestaurant und Besuch in Turquant (49)"},"image":{"@id":"https:\/\/www.loire-gourmande.fr\/de\/#\/schema\/logo\/image\/"},"sameAs":["https:\/\/www.facebook.com\/Loire-Gourmande-Turquant-101991328328493\/","https:\/\/www.instagram.com\/jean_yves_auradon\/?igshid=1ta3mfjka326t"]}]}},"_links":{"self":[{"href":"https:\/\/www.loire-gourmande.fr\/de\/wp-json\/wp\/v2\/product\/11117","targetHints":{"allow":["GET"]}}],"collection":[{"href":"https:\/\/www.loire-gourmande.fr\/de\/wp-json\/wp\/v2\/product"}],"about":[{"href":"https:\/\/www.loire-gourmande.fr\/de\/wp-json\/wp\/v2\/types\/product"}],"version-history":[{"count":2,"href":"https:\/\/www.loire-gourmande.fr\/de\/wp-json\/wp\/v2\/product\/11117\/revisions"}],"predecessor-version":[{"id":13061,"href":"https:\/\/www.loire-gourmande.fr\/de\/wp-json\/wp\/v2\/product\/11117\/revisions\/13061"}],"wp:featuredmedia":[{"embeddable":true,"href":"https:\/\/www.loire-gourmande.fr\/de\/wp-json\/wp\/v2\/media\/11125"}],"wp:attachment":[{"href":"https:\/\/www.loire-gourmande.fr\/de\/wp-json\/wp\/v2\/media?parent=11117"}],"wp:term":[{"taxonomy":"product_brand","embeddable":true,"href":"https:\/\/www.loire-gourmande.fr\/de\/wp-json\/wp\/v2\/product_brand?post=11117"},{"taxonomy":"product_cat","embeddable":true,"href":"https:\/\/www.loire-gourmande.fr\/de\/wp-json\/wp\/v2\/product_cat?post=11117"},{"taxonomy":"product_tag","embeddable":true,"href":"https:\/\/www.loire-gourmande.fr\/de\/wp-json\/wp\/v2\/product_tag?post=11117"}],"curies":[{"name":"wp","href":"https:\/\/api.w.org\/{rel}","templated":true}]}}