{"id":11122,"date":"2021-04-29T10:06:02","date_gmt":"2021-04-29T10:06:02","guid":{"rendered":"https:\/\/www.loire-gourmande.fr\/produit\/igp-chardonnay-cuvee-massale-chateau-putille\/"},"modified":"2025-05-27T16:30:59","modified_gmt":"2025-05-27T15:30:59","slug":"igp-chardonnay-cuvee-massale-chateau-putille","status":"publish","type":"product","link":"https:\/\/www.loire-gourmande.fr\/de\/Produkt\/igp-chardonnay-cuvee-massale-chateau-putille\/","title":{"rendered":"IGP CHARDONNAY Cuv\u00e9e Massale CHATEAU PUTILLE"},"content":{"rendered":"<p>Dieser fruchtige Wein der Rebsorte Chardonnay passt zu Vorspeisen und hellem Fleisch. Innerhalb von 2 Jahren zu konsumieren. Servieren Sie den Wein bei 5\/6 \u00b0C. Er vereint Eleganz und Charakter, ein einzigartiges Bouquet mit einer leichten Muskatfrucht.<\/p>\n<p>Perfekt zwischen Aperitif und Vorspeise, vollmundiger Wei\u00dfwein mit weichem Abgang<\/p>\n<p><span style=\"font-size: 12pt;\"><strong>Speisen- und Weinbegleitung: <\/strong><\/span>Aperitif \/ Gourmet-Salat \/ Avocado-Salat \/ Sorten von ger\u00e4ucherten<br \/>\nFischmakrelen auf dem Grill und ideal zu Jakobsmuscheln, in einem Zitrussalat oder hei\u00df in der Schale.<\/p>\n<p>&nbsp;<\/p>\n","protected":false},"excerpt":{"rendered":"<p>Die ersten Weinkeller wurden in den Wassergraben des alten Ch\u00e2teau de Putille gegraben, das heute nicht mehr existiert. Der Betrieb liegt an den H\u00e4ngen der Loire und umfasste 13 ha, als Pascal Delaunay 1984 zu seinem Vater kam, heute sind es 62 ha. Auch seine Bekanntheit ist gewachsen, was sich in mehreren Favoriten des Weinf\u00fchrers in Rot, Wei\u00df und Cr\u00e9mant widerspiegelt.<\/p>\n<p>&nbsp;<\/p>\n<p>Ideal zu Jakobsmuscheln, in einem Salat mit Zitrusfr\u00fcchten oder warm in der Schale.<\/p>\n","protected":false},"featured_media":11131,"template":"","meta":{"inline_featured_image":false},"product_brand":[],"product_cat":[602,600,624,608],"product_tag":[618,701,622,615],"class_list":{"0":"post-11122","1":"product","2":"type-product","3":"status-publish","4":"has-post-thumbnail","6":"product_cat-anjou-de","7":"product_cat-die-weine","8":"product_cat-vergessene-rebsorten","9":"product_cat-weis","10":"product_tag-aperitif-de","11":"product_tag-eintrag","12":"product_tag-entdeckung","13":"product_tag-wein","14":"product_shipping_class-flasche","16":"first","17":"instock","18":"featured","19":"taxable","20":"shipping-taxable","21":"purchasable","22":"product-type-simple"},"yoast_head":"<!-- This site is optimized with the Yoast SEO plugin v27.3 - https:\/\/yoast.com\/product\/yoast-seo-wordpress\/ -->\n<title>IGP CHARDONNAY Cuv\u00e9e Massale CHATEAU PUTILLE - Loire Gourmande - une \u00e9tape savoureuse<\/title>\n<meta name=\"description\" content=\"Perfekt zwischen Aperitif und Vorspeise, Wei\u00dfwein vollmundig und weich im Geschmack Passt zu Wein &amp; Speisen Aperitif\/ Feinschmeckersalat \/ Avocadosalat \/ ger\u00e4uchertes Fischsortiment Makrele vom Grill\" \/>\n<meta name=\"robots\" content=\"index, follow, max-snippet:-1, max-image-preview:large, max-video-preview:-1\" \/>\n<link rel=\"canonical\" href=\"https:\/\/www.loire-gourmande.fr\/de\/Produkt\/igp-chardonnay-cuvee-massale-chateau-putille\/\" \/>\n<meta property=\"og:locale\" content=\"de_DE\" \/>\n<meta property=\"og:type\" content=\"article\" \/>\n<meta property=\"og:title\" content=\"IGP CHARDONNAY Cuv\u00e9e Massale CHATEAU PUTILLE - Loire Gourmande - une \u00e9tape savoureuse\" \/>\n<meta property=\"og:description\" content=\"Perfekt zwischen Aperitif und Vorspeise, Wei\u00dfwein vollmundig und weich im Geschmack Passt zu Wein &amp; Speisen Aperitif\/ Feinschmeckersalat \/ Avocadosalat \/ ger\u00e4uchertes Fischsortiment Makrele vom Grill\" \/>\n<meta property=\"og:url\" content=\"https:\/\/www.loire-gourmande.fr\/de\/Produkt\/igp-chardonnay-cuvee-massale-chateau-putille\/\" \/>\n<meta property=\"og:site_name\" content=\"Loire Gourmande - une \u00e9tape savoureuse\" \/>\n<meta property=\"article:publisher\" content=\"https:\/\/www.facebook.com\/Loire-Gourmande-Turquant-101991328328493\/\" \/>\n<meta property=\"article:modified_time\" content=\"2025-05-27T15:30:59+00:00\" \/>\n<meta property=\"og:image\" content=\"https:\/\/www.loire-gourmande.fr\/wp-content\/uploads\/2021\/04\/CCHARPUTBLC-Blanc-Chardonnay-Selection-Massale-Putille-.png\" \/>\n\t<meta property=\"og:image:width\" content=\"1200\" \/>\n\t<meta property=\"og:image:height\" content=\"1200\" \/>\n\t<meta property=\"og:image:type\" content=\"image\/png\" \/>\n<meta name=\"twitter:card\" content=\"summary_large_image\" \/>\n<script type=\"application\/ld+json\" class=\"yoast-schema-graph\">{\"@context\":\"https:\\\/\\\/schema.org\",\"@graph\":[{\"@type\":\"WebPage\",\"@id\":\"https:\\\/\\\/www.loire-gourmande.fr\\\/de\\\/Produkt\\\/igp-chardonnay-cuvee-massale-chateau-putille\\\/\",\"url\":\"https:\\\/\\\/www.loire-gourmande.fr\\\/de\\\/Produkt\\\/igp-chardonnay-cuvee-massale-chateau-putille\\\/\",\"name\":\"IGP CHARDONNAY Cuv\u00e9e Massale CHATEAU PUTILLE - Loire Gourmande - une \u00e9tape savoureuse\",\"isPartOf\":{\"@id\":\"https:\\\/\\\/www.loire-gourmande.fr\\\/de\\\/#website\"},\"primaryImageOfPage\":{\"@id\":\"https:\\\/\\\/www.loire-gourmande.fr\\\/de\\\/Produkt\\\/igp-chardonnay-cuvee-massale-chateau-putille\\\/#primaryimage\"},\"image\":{\"@id\":\"https:\\\/\\\/www.loire-gourmande.fr\\\/de\\\/Produkt\\\/igp-chardonnay-cuvee-massale-chateau-putille\\\/#primaryimage\"},\"thumbnailUrl\":\"https:\\\/\\\/www.loire-gourmande.fr\\\/wp-content\\\/uploads\\\/2021\\\/04\\\/CCHARPUTBLC-Blanc-Chardonnay-Selection-Massale-Putille-.png\",\"datePublished\":\"2021-04-29T10:06:02+00:00\",\"dateModified\":\"2025-05-27T15:30:59+00:00\",\"description\":\"Perfekt zwischen Aperitif und Vorspeise, Wei\u00dfwein vollmundig und weich im Geschmack Passt zu Wein & Speisen Aperitif\\\/ Feinschmeckersalat \\\/ Avocadosalat \\\/ ger\u00e4uchertes Fischsortiment Makrele vom Grill\",\"breadcrumb\":{\"@id\":\"https:\\\/\\\/www.loire-gourmande.fr\\\/de\\\/Produkt\\\/igp-chardonnay-cuvee-massale-chateau-putille\\\/#breadcrumb\"},\"inLanguage\":\"de\",\"potentialAction\":[{\"@type\":\"ReadAction\",\"target\":[\"https:\\\/\\\/www.loire-gourmande.fr\\\/de\\\/Produkt\\\/igp-chardonnay-cuvee-massale-chateau-putille\\\/\"]}]},{\"@type\":\"ImageObject\",\"inLanguage\":\"de\",\"@id\":\"https:\\\/\\\/www.loire-gourmande.fr\\\/de\\\/Produkt\\\/igp-chardonnay-cuvee-massale-chateau-putille\\\/#primaryimage\",\"url\":\"https:\\\/\\\/www.loire-gourmande.fr\\\/wp-content\\\/uploads\\\/2021\\\/04\\\/CCHARPUTBLC-Blanc-Chardonnay-Selection-Massale-Putille-.png\",\"contentUrl\":\"https:\\\/\\\/www.loire-gourmande.fr\\\/wp-content\\\/uploads\\\/2021\\\/04\\\/CCHARPUTBLC-Blanc-Chardonnay-Selection-Massale-Putille-.png\",\"width\":1200,\"height\":1200},{\"@type\":\"BreadcrumbList\",\"@id\":\"https:\\\/\\\/www.loire-gourmande.fr\\\/de\\\/Produkt\\\/igp-chardonnay-cuvee-massale-chateau-putille\\\/#breadcrumb\",\"itemListElement\":[{\"@type\":\"ListItem\",\"position\":1,\"name\":\"Startseite\",\"item\":\"https:\\\/\\\/www.loire-gourmande.fr\\\/de\\\/\"},{\"@type\":\"ListItem\",\"position\":2,\"name\":\"Die Boutique de Loire Gourmande: die Weine der Loire\",\"item\":\"https:\\\/\\\/www.loire-gourmande.fr\\\/de\\\/woocommerce\\\/\"},{\"@type\":\"ListItem\",\"position\":3,\"name\":\"Die Weine\",\"item\":\"https:\\\/\\\/www.loire-gourmande.fr\\\/de\\\/Produktkategorie\\\/die-weine\\\/\"},{\"@type\":\"ListItem\",\"position\":4,\"name\":\"IGP CHARDONNAY Cuv\u00e9e Massale CHATEAU PUTILLE\"}]},{\"@type\":\"WebSite\",\"@id\":\"https:\\\/\\\/www.loire-gourmande.fr\\\/de\\\/#website\",\"url\":\"https:\\\/\\\/www.loire-gourmande.fr\\\/de\\\/\",\"name\":\"Loire Gourmande, une \u00e9tape savoureuse\",\"description\":\"une d\u00e9gustation \u00e0 toute heure et une boutique \u00e0 visiter \u00e0 Turquant (49)\",\"publisher\":{\"@id\":\"https:\\\/\\\/www.loire-gourmande.fr\\\/de\\\/#organization\"},\"potentialAction\":[{\"@type\":\"SearchAction\",\"target\":{\"@type\":\"EntryPoint\",\"urlTemplate\":\"https:\\\/\\\/www.loire-gourmande.fr\\\/de\\\/?s={search_term_string}\"},\"query-input\":{\"@type\":\"PropertyValueSpecification\",\"valueRequired\":true,\"valueName\":\"search_term_string\"}}],\"inLanguage\":\"de\"},{\"@type\":\"Organization\",\"@id\":\"https:\\\/\\\/www.loire-gourmande.fr\\\/de\\\/#organization\",\"name\":\"Loire Gourmande - Schnellrestaurant und Besuch in Turquant (49)\",\"url\":\"https:\\\/\\\/www.loire-gourmande.fr\\\/de\\\/\",\"logo\":{\"@type\":\"ImageObject\",\"inLanguage\":\"de\",\"@id\":\"https:\\\/\\\/www.loire-gourmande.fr\\\/de\\\/#\\\/schema\\\/logo\\\/image\\\/\",\"url\":\"https:\\\/\\\/www.loire-gourmande.fr\\\/wp-content\\\/uploads\\\/2020\\\/10\\\/loire-gourmande-logo.jpg\",\"contentUrl\":\"https:\\\/\\\/www.loire-gourmande.fr\\\/wp-content\\\/uploads\\\/2020\\\/10\\\/loire-gourmande-logo.jpg\",\"width\":800,\"height\":415,\"caption\":\"Loire Gourmande - Schnellrestaurant und Besuch in Turquant (49)\"},\"image\":{\"@id\":\"https:\\\/\\\/www.loire-gourmande.fr\\\/de\\\/#\\\/schema\\\/logo\\\/image\\\/\"},\"sameAs\":[\"https:\\\/\\\/www.facebook.com\\\/Loire-Gourmande-Turquant-101991328328493\\\/\",\"https:\\\/\\\/www.instagram.com\\\/jean_yves_auradon\\\/?igshid=1ta3mfjka326t\"]}]}<\/script>\n<!-- \/ Yoast SEO plugin. -->","yoast_head_json":{"title":"IGP CHARDONNAY Cuv\u00e9e Massale CHATEAU PUTILLE - Loire Gourmande - une \u00e9tape savoureuse","description":"Perfekt zwischen Aperitif und Vorspeise, Wei\u00dfwein vollmundig und weich im Geschmack Passt zu Wein & Speisen Aperitif\/ Feinschmeckersalat \/ Avocadosalat \/ ger\u00e4uchertes Fischsortiment Makrele vom Grill","robots":{"index":"index","follow":"follow","max-snippet":"max-snippet:-1","max-image-preview":"max-image-preview:large","max-video-preview":"max-video-preview:-1"},"canonical":"https:\/\/www.loire-gourmande.fr\/de\/Produkt\/igp-chardonnay-cuvee-massale-chateau-putille\/","og_locale":"de_DE","og_type":"article","og_title":"IGP CHARDONNAY Cuv\u00e9e Massale CHATEAU PUTILLE - Loire Gourmande - une \u00e9tape savoureuse","og_description":"Perfekt zwischen Aperitif und Vorspeise, Wei\u00dfwein vollmundig und weich im Geschmack Passt zu Wein & Speisen Aperitif\/ Feinschmeckersalat \/ Avocadosalat \/ ger\u00e4uchertes Fischsortiment Makrele vom Grill","og_url":"https:\/\/www.loire-gourmande.fr\/de\/Produkt\/igp-chardonnay-cuvee-massale-chateau-putille\/","og_site_name":"Loire Gourmande - une \u00e9tape savoureuse","article_publisher":"https:\/\/www.facebook.com\/Loire-Gourmande-Turquant-101991328328493\/","article_modified_time":"2025-05-27T15:30:59+00:00","og_image":[{"width":1200,"height":1200,"url":"https:\/\/www.loire-gourmande.fr\/wp-content\/uploads\/2021\/04\/CCHARPUTBLC-Blanc-Chardonnay-Selection-Massale-Putille-.png","type":"image\/png"}],"twitter_card":"summary_large_image","schema":{"@context":"https:\/\/schema.org","@graph":[{"@type":"WebPage","@id":"https:\/\/www.loire-gourmande.fr\/de\/Produkt\/igp-chardonnay-cuvee-massale-chateau-putille\/","url":"https:\/\/www.loire-gourmande.fr\/de\/Produkt\/igp-chardonnay-cuvee-massale-chateau-putille\/","name":"IGP CHARDONNAY Cuv\u00e9e Massale CHATEAU PUTILLE - Loire Gourmande - une \u00e9tape savoureuse","isPartOf":{"@id":"https:\/\/www.loire-gourmande.fr\/de\/#website"},"primaryImageOfPage":{"@id":"https:\/\/www.loire-gourmande.fr\/de\/Produkt\/igp-chardonnay-cuvee-massale-chateau-putille\/#primaryimage"},"image":{"@id":"https:\/\/www.loire-gourmande.fr\/de\/Produkt\/igp-chardonnay-cuvee-massale-chateau-putille\/#primaryimage"},"thumbnailUrl":"https:\/\/www.loire-gourmande.fr\/wp-content\/uploads\/2021\/04\/CCHARPUTBLC-Blanc-Chardonnay-Selection-Massale-Putille-.png","datePublished":"2021-04-29T10:06:02+00:00","dateModified":"2025-05-27T15:30:59+00:00","description":"Perfekt zwischen Aperitif und Vorspeise, Wei\u00dfwein vollmundig und weich im Geschmack Passt zu Wein & Speisen Aperitif\/ Feinschmeckersalat \/ Avocadosalat \/ ger\u00e4uchertes Fischsortiment Makrele vom Grill","breadcrumb":{"@id":"https:\/\/www.loire-gourmande.fr\/de\/Produkt\/igp-chardonnay-cuvee-massale-chateau-putille\/#breadcrumb"},"inLanguage":"de","potentialAction":[{"@type":"ReadAction","target":["https:\/\/www.loire-gourmande.fr\/de\/Produkt\/igp-chardonnay-cuvee-massale-chateau-putille\/"]}]},{"@type":"ImageObject","inLanguage":"de","@id":"https:\/\/www.loire-gourmande.fr\/de\/Produkt\/igp-chardonnay-cuvee-massale-chateau-putille\/#primaryimage","url":"https:\/\/www.loire-gourmande.fr\/wp-content\/uploads\/2021\/04\/CCHARPUTBLC-Blanc-Chardonnay-Selection-Massale-Putille-.png","contentUrl":"https:\/\/www.loire-gourmande.fr\/wp-content\/uploads\/2021\/04\/CCHARPUTBLC-Blanc-Chardonnay-Selection-Massale-Putille-.png","width":1200,"height":1200},{"@type":"BreadcrumbList","@id":"https:\/\/www.loire-gourmande.fr\/de\/Produkt\/igp-chardonnay-cuvee-massale-chateau-putille\/#breadcrumb","itemListElement":[{"@type":"ListItem","position":1,"name":"Startseite","item":"https:\/\/www.loire-gourmande.fr\/de\/"},{"@type":"ListItem","position":2,"name":"Die Boutique de Loire Gourmande: die Weine der Loire","item":"https:\/\/www.loire-gourmande.fr\/de\/woocommerce\/"},{"@type":"ListItem","position":3,"name":"Die Weine","item":"https:\/\/www.loire-gourmande.fr\/de\/Produktkategorie\/die-weine\/"},{"@type":"ListItem","position":4,"name":"IGP CHARDONNAY Cuv\u00e9e Massale CHATEAU PUTILLE"}]},{"@type":"WebSite","@id":"https:\/\/www.loire-gourmande.fr\/de\/#website","url":"https:\/\/www.loire-gourmande.fr\/de\/","name":"Loire Gourmande, une \u00e9tape savoureuse","description":"une d\u00e9gustation \u00e0 toute heure et une boutique \u00e0 visiter \u00e0 Turquant (49)","publisher":{"@id":"https:\/\/www.loire-gourmande.fr\/de\/#organization"},"potentialAction":[{"@type":"SearchAction","target":{"@type":"EntryPoint","urlTemplate":"https:\/\/www.loire-gourmande.fr\/de\/?s={search_term_string}"},"query-input":{"@type":"PropertyValueSpecification","valueRequired":true,"valueName":"search_term_string"}}],"inLanguage":"de"},{"@type":"Organization","@id":"https:\/\/www.loire-gourmande.fr\/de\/#organization","name":"Loire Gourmande - Schnellrestaurant und Besuch in Turquant (49)","url":"https:\/\/www.loire-gourmande.fr\/de\/","logo":{"@type":"ImageObject","inLanguage":"de","@id":"https:\/\/www.loire-gourmande.fr\/de\/#\/schema\/logo\/image\/","url":"https:\/\/www.loire-gourmande.fr\/wp-content\/uploads\/2020\/10\/loire-gourmande-logo.jpg","contentUrl":"https:\/\/www.loire-gourmande.fr\/wp-content\/uploads\/2020\/10\/loire-gourmande-logo.jpg","width":800,"height":415,"caption":"Loire Gourmande - Schnellrestaurant und Besuch in Turquant (49)"},"image":{"@id":"https:\/\/www.loire-gourmande.fr\/de\/#\/schema\/logo\/image\/"},"sameAs":["https:\/\/www.facebook.com\/Loire-Gourmande-Turquant-101991328328493\/","https:\/\/www.instagram.com\/jean_yves_auradon\/?igshid=1ta3mfjka326t"]}]}},"_links":{"self":[{"href":"https:\/\/www.loire-gourmande.fr\/de\/wp-json\/wp\/v2\/product\/11122","targetHints":{"allow":["GET"]}}],"collection":[{"href":"https:\/\/www.loire-gourmande.fr\/de\/wp-json\/wp\/v2\/product"}],"about":[{"href":"https:\/\/www.loire-gourmande.fr\/de\/wp-json\/wp\/v2\/types\/product"}],"version-history":[{"count":2,"href":"https:\/\/www.loire-gourmande.fr\/de\/wp-json\/wp\/v2\/product\/11122\/revisions"}],"predecessor-version":[{"id":13192,"href":"https:\/\/www.loire-gourmande.fr\/de\/wp-json\/wp\/v2\/product\/11122\/revisions\/13192"}],"wp:featuredmedia":[{"embeddable":true,"href":"https:\/\/www.loire-gourmande.fr\/de\/wp-json\/wp\/v2\/media\/11131"}],"wp:attachment":[{"href":"https:\/\/www.loire-gourmande.fr\/de\/wp-json\/wp\/v2\/media?parent=11122"}],"wp:term":[{"taxonomy":"product_brand","embeddable":true,"href":"https:\/\/www.loire-gourmande.fr\/de\/wp-json\/wp\/v2\/product_brand?post=11122"},{"taxonomy":"product_cat","embeddable":true,"href":"https:\/\/www.loire-gourmande.fr\/de\/wp-json\/wp\/v2\/product_cat?post=11122"},{"taxonomy":"product_tag","embeddable":true,"href":"https:\/\/www.loire-gourmande.fr\/de\/wp-json\/wp\/v2\/product_tag?post=11122"}],"curies":[{"name":"wp","href":"https:\/\/api.w.org\/{rel}","templated":true}]}}