{"id":11126,"date":"2023-02-18T14:05:53","date_gmt":"2023-02-18T14:05:53","guid":{"rendered":"https:\/\/www.loire-gourmande.fr\/produit\/muscadet-sevre-et-maine-sur-lie-petit-panloup-aoc\/"},"modified":"2025-05-27T16:19:43","modified_gmt":"2025-05-27T15:19:43","slug":"muscadet-sevre-et-maine-sur-lie-petit-panloup-aoc","status":"publish","type":"product","link":"https:\/\/www.loire-gourmande.fr\/de\/Produkt\/muscadet-sevre-et-maine-sur-lie-petit-panloup-aoc\/","title":{"rendered":"MUSCADET SEVRE ET MAINE SUR LIE &#8222;PETIT PANLOUP&#8220; AOC"},"content":{"rendered":"<div class=\"page\" title=\"Seite 1\">\n<div class=\"layoutArea\">\n<div class=\"column\">\n<p>Diese Cuv\u00e9e wird aus der Ernte einer einzigen Parzelle mit alten Rebst\u00f6cken der Melon de Bourgogne oder Melon Blanc hergestellt. Sein Terroir zeichnet sich aus durch :<\/p>\n<ol>\n<li>&#8211; Sein Muttergestein ist schieferhaltig<\/li>\n<li>&#8211; Entw\u00e4ssernder, flacher Boden<\/li>\n<li>&#8211; Ein nach Westen ausgerichteter HangAll dies sind Vorz\u00fcge, die der Cuv\u00e9e Petit Panloup ihre Finesse, ihre Substanz, ihre Ausgewogenheit und ihr Alterungspotenzial garantieren.<br \/>\nDurch die pr\u00e4zise gesteuerte Erntemaschine k\u00f6nnen die reifen Beeren in kurzer Zeit geerntet werden. Die direkte<br \/>\nPressung, das Absetzen f\u00fcr 12 bis 18 Stunden und das Filtern der Hefe erm\u00f6glichen es, die Substanz dieses Weins zu extrahieren und zu verfeinern.<br \/>\nDie alkoholische G\u00e4rung bei 16-20 \u00b0C offenbart den Wein mit seiner Komplexit\u00e4t der Aromen der Traubenbeere, die je nach Jahrgang variieren.<br \/>\nDie Reifung von einem Jahr auf der Hefe tr\u00e4gt zur Entwicklung ihrer Rundheit und ihres Alterungspotenzials von mindestens 5 Jahren bei.  Mit zunehmendem Alter gewinnt er Terti\u00e4raromen, die seine Aromenpalette bereichern und seine Pers\u00f6nlichkeit verst\u00e4rken.<br \/>\nDie Qualit\u00e4t der Cuv\u00e9e Petit Panloup ist bei Liebhabern von raffinierten trockenen Wei\u00dfweinen anerkannt.<br \/>\nSpeisenempfehlung<strong>: <\/strong>Dieser Wein passt zu einer Vielzahl von Speisen: Meeresfr\u00fcchte, insbesondere Schalentiere. Er passt besonders gut zu Fisch mit einer Sauce aus wei\u00dfer Butter.<\/li>\n<\/ol>\n<\/div>\n<\/div>\n<\/div>\n","protected":false},"excerpt":{"rendered":"<p>Jean-Luc Viaud ist die vierte Generation von Winzern in seiner Familie. Er hat von seinen Vorg\u00e4ngern die Leidenschaft f\u00fcr seinen Beruf geerbt, die er mit seiner Frau Bernadette, einer \u00d6nologin, teilt. Sie sind bestrebt, die Biodiversit\u00e4t auf dem Betrieb zu f\u00f6rdern, da es hier eine Vielzahl von Tieren und Pflanzen gibt. Das Weingut ist die Wiege der Rebsorte Melon Rouge. Er tr\u00e4gt auch zur Wiederbelebung der Rebsorte Berligou bei. Hier finden Sie eine gro\u00dfe Auswahl an . Sie umfasst: Goulaine MSM\/Lie Jahrgangsweine, AOC Muscadet S\u00e8vre et Maine Sur Lie und Gros Plant du Pays Nantais sur lie, IGP du Val de Loire: wei\u00df, rot und ros\u00e9, moelleux, M\u00e9thode Traditionnelle, Mousseux ros\u00e9, prickelnde und stille Traubens\u00e4fte, Produkte aus dem Terroir. Jean-Luc und Bernadette passen sich der Nachfrage an und bieten auch F\u00fchrungen im Weinberg und im Keller an.<br \/>\nDieser Wei\u00dfwein stammt aus einer einzigen Parzelle an einem nach S\u00fcdwesten ausgerichteten Hang. Dieses Terroir verleiht dem Wein einen einzigartigen Charakter, der sowohl in der Nase als auch am Gaumen Frische, Vollmundigkeit und Raffinesse vereint. Ein langer Ausbau von einem Jahr auf der Hefe betont sein Volumen am Gaumen und sein Lagerungspotenzial.<\/p>\n","protected":false},"featured_media":11135,"template":"","meta":{"inline_featured_image":false},"product_brand":[],"product_cat":[611,608],"product_tag":[629,635,691],"class_list":{"0":"post-11126","1":"product","2":"type-product","3":"status-publish","4":"has-post-thumbnail","6":"product_cat-weinberge-nantes","7":"product_cat-weis","8":"product_tag-fische","9":"product_tag-meeresfruchte","10":"product_tag-st-jacques-de","11":"product_shipping_class-flasche","13":"first","14":"instock","15":"featured","16":"taxable","17":"shipping-taxable","18":"purchasable","19":"product-type-simple"},"yoast_head":"<!-- This site is optimized with the Yoast SEO plugin v27.6 - https:\/\/yoast.com\/product\/yoast-seo-wordpress\/ -->\n<title>MUSCADET SEVRE ET MAINE SUR LIE &quot;PETIT PANLOUP&quot; AOC - Loire Gourmande - une \u00e9tape savoureuse<\/title>\n<meta name=\"description\" content=\"MUSCADET SEVRE ET MAINE SUR LIE &quot;PETIT PANLOUP&quot; AOC. Weine von der Loire. Bestellung im Weinkeller auf der Website von Loire Gourmande. Weinh\u00e4ndler in Turquant (49).\" \/>\n<meta name=\"robots\" content=\"index, follow, max-snippet:-1, max-image-preview:large, max-video-preview:-1\" \/>\n<link rel=\"canonical\" href=\"https:\/\/www.loire-gourmande.fr\/de\/Produkt\/muscadet-sevre-et-maine-sur-lie-petit-panloup-aoc\/\" \/>\n<meta property=\"og:locale\" content=\"de_DE\" \/>\n<meta property=\"og:type\" content=\"article\" \/>\n<meta property=\"og:title\" content=\"MUSCADET SEVRE ET MAINE SUR LIE &quot;PETIT PANLOUP&quot; AOC - Loire Gourmande - une \u00e9tape savoureuse\" \/>\n<meta property=\"og:description\" content=\"MUSCADET SEVRE ET MAINE SUR LIE &quot;PETIT PANLOUP&quot; AOC. Weine von der Loire. Bestellung im Weinkeller auf der Website von Loire Gourmande. Weinh\u00e4ndler in Turquant (49).\" \/>\n<meta property=\"og:url\" content=\"https:\/\/www.loire-gourmande.fr\/de\/Produkt\/muscadet-sevre-et-maine-sur-lie-petit-panloup-aoc\/\" \/>\n<meta property=\"og:site_name\" content=\"Loire Gourmande - une \u00e9tape savoureuse\" \/>\n<meta property=\"article:publisher\" content=\"https:\/\/www.facebook.com\/Loire-Gourmande-Turquant-101991328328493\/\" \/>\n<meta property=\"article:modified_time\" content=\"2025-05-27T15:19:43+00:00\" \/>\n<meta property=\"og:image\" content=\"https:\/\/www.loire-gourmande.fr\/wp-content\/uploads\/2023\/02\/Petit-Panloup.jpg\" \/>\n\t<meta property=\"og:image:width\" content=\"800\" \/>\n\t<meta property=\"og:image:height\" content=\"800\" \/>\n\t<meta property=\"og:image:type\" content=\"image\/jpeg\" \/>\n<meta name=\"twitter:card\" content=\"summary_large_image\" \/>\n<meta name=\"twitter:label1\" content=\"Gesch\u00e4tzte Lesezeit\" \/>\n\t<meta name=\"twitter:data1\" content=\"1\u00a0Minute\" \/>\n<script type=\"application\/ld+json\" class=\"yoast-schema-graph\">{\"@context\":\"https:\\\/\\\/schema.org\",\"@graph\":[{\"@type\":\"WebPage\",\"@id\":\"https:\\\/\\\/www.loire-gourmande.fr\\\/de\\\/Produkt\\\/muscadet-sevre-et-maine-sur-lie-petit-panloup-aoc\\\/\",\"url\":\"https:\\\/\\\/www.loire-gourmande.fr\\\/de\\\/Produkt\\\/muscadet-sevre-et-maine-sur-lie-petit-panloup-aoc\\\/\",\"name\":\"MUSCADET SEVRE ET MAINE SUR LIE \\\"PETIT PANLOUP\\\" AOC - Loire Gourmande - une \u00e9tape savoureuse\",\"isPartOf\":{\"@id\":\"https:\\\/\\\/www.loire-gourmande.fr\\\/de\\\/#website\"},\"primaryImageOfPage\":{\"@id\":\"https:\\\/\\\/www.loire-gourmande.fr\\\/de\\\/Produkt\\\/muscadet-sevre-et-maine-sur-lie-petit-panloup-aoc\\\/#primaryimage\"},\"image\":{\"@id\":\"https:\\\/\\\/www.loire-gourmande.fr\\\/de\\\/Produkt\\\/muscadet-sevre-et-maine-sur-lie-petit-panloup-aoc\\\/#primaryimage\"},\"thumbnailUrl\":\"https:\\\/\\\/www.loire-gourmande.fr\\\/wp-content\\\/uploads\\\/2023\\\/02\\\/Petit-Panloup.jpg\",\"datePublished\":\"2023-02-18T14:05:53+00:00\",\"dateModified\":\"2025-05-27T15:19:43+00:00\",\"description\":\"MUSCADET SEVRE ET MAINE SUR LIE \\\"PETIT PANLOUP\\\" AOC. Weine von der Loire. Bestellung im Weinkeller auf der Website von Loire Gourmande. Weinh\u00e4ndler in Turquant (49).\",\"breadcrumb\":{\"@id\":\"https:\\\/\\\/www.loire-gourmande.fr\\\/de\\\/Produkt\\\/muscadet-sevre-et-maine-sur-lie-petit-panloup-aoc\\\/#breadcrumb\"},\"inLanguage\":\"de\",\"potentialAction\":[{\"@type\":\"ReadAction\",\"target\":[\"https:\\\/\\\/www.loire-gourmande.fr\\\/de\\\/Produkt\\\/muscadet-sevre-et-maine-sur-lie-petit-panloup-aoc\\\/\"]}]},{\"@type\":\"ImageObject\",\"inLanguage\":\"de\",\"@id\":\"https:\\\/\\\/www.loire-gourmande.fr\\\/de\\\/Produkt\\\/muscadet-sevre-et-maine-sur-lie-petit-panloup-aoc\\\/#primaryimage\",\"url\":\"https:\\\/\\\/www.loire-gourmande.fr\\\/wp-content\\\/uploads\\\/2023\\\/02\\\/Petit-Panloup.jpg\",\"contentUrl\":\"https:\\\/\\\/www.loire-gourmande.fr\\\/wp-content\\\/uploads\\\/2023\\\/02\\\/Petit-Panloup.jpg\",\"width\":800,\"height\":800},{\"@type\":\"BreadcrumbList\",\"@id\":\"https:\\\/\\\/www.loire-gourmande.fr\\\/de\\\/Produkt\\\/muscadet-sevre-et-maine-sur-lie-petit-panloup-aoc\\\/#breadcrumb\",\"itemListElement\":[{\"@type\":\"ListItem\",\"position\":1,\"name\":\"Startseite\",\"item\":\"https:\\\/\\\/www.loire-gourmande.fr\\\/de\\\/\"},{\"@type\":\"ListItem\",\"position\":2,\"name\":\"Die Boutique de Loire Gourmande: die Weine der Loire\",\"item\":\"https:\\\/\\\/www.loire-gourmande.fr\\\/de\\\/woocommerce\\\/\"},{\"@type\":\"ListItem\",\"position\":3,\"name\":\"Die Weine\",\"item\":\"https:\\\/\\\/www.loire-gourmande.fr\\\/de\\\/Produktkategorie\\\/die-weine\\\/\"},{\"@type\":\"ListItem\",\"position\":4,\"name\":\"Wei\u00df\",\"item\":\"https:\\\/\\\/www.loire-gourmande.fr\\\/de\\\/Produktkategorie\\\/die-weine\\\/weis\\\/\"},{\"@type\":\"ListItem\",\"position\":5,\"name\":\"MUSCADET SEVRE ET MAINE SUR LIE &#8222;PETIT PANLOUP&#8220; AOC\"}]},{\"@type\":\"WebSite\",\"@id\":\"https:\\\/\\\/www.loire-gourmande.fr\\\/de\\\/#website\",\"url\":\"https:\\\/\\\/www.loire-gourmande.fr\\\/de\\\/\",\"name\":\"Loire Gourmande, une \u00e9tape savoureuse\",\"description\":\"une d\u00e9gustation \u00e0 toute heure et une boutique \u00e0 visiter \u00e0 Turquant (49)\",\"publisher\":{\"@id\":\"https:\\\/\\\/www.loire-gourmande.fr\\\/de\\\/#organization\"},\"potentialAction\":[{\"@type\":\"SearchAction\",\"target\":{\"@type\":\"EntryPoint\",\"urlTemplate\":\"https:\\\/\\\/www.loire-gourmande.fr\\\/de\\\/?s={search_term_string}\"},\"query-input\":{\"@type\":\"PropertyValueSpecification\",\"valueRequired\":true,\"valueName\":\"search_term_string\"}}],\"inLanguage\":\"de\"},{\"@type\":\"Organization\",\"@id\":\"https:\\\/\\\/www.loire-gourmande.fr\\\/de\\\/#organization\",\"name\":\"Loire Gourmande - Schnellrestaurant und Besuch in Turquant (49)\",\"url\":\"https:\\\/\\\/www.loire-gourmande.fr\\\/de\\\/\",\"logo\":{\"@type\":\"ImageObject\",\"inLanguage\":\"de\",\"@id\":\"https:\\\/\\\/www.loire-gourmande.fr\\\/de\\\/#\\\/schema\\\/logo\\\/image\\\/\",\"url\":\"https:\\\/\\\/www.loire-gourmande.fr\\\/wp-content\\\/uploads\\\/2020\\\/10\\\/loire-gourmande-logo.jpg\",\"contentUrl\":\"https:\\\/\\\/www.loire-gourmande.fr\\\/wp-content\\\/uploads\\\/2020\\\/10\\\/loire-gourmande-logo.jpg\",\"width\":800,\"height\":415,\"caption\":\"Loire Gourmande - Schnellrestaurant und Besuch in Turquant (49)\"},\"image\":{\"@id\":\"https:\\\/\\\/www.loire-gourmande.fr\\\/de\\\/#\\\/schema\\\/logo\\\/image\\\/\"},\"sameAs\":[\"https:\\\/\\\/www.facebook.com\\\/Loire-Gourmande-Turquant-101991328328493\\\/\",\"https:\\\/\\\/www.instagram.com\\\/jean_yves_auradon\\\/?igshid=1ta3mfjka326t\"]}]}<\/script>\n<!-- \/ Yoast SEO plugin. -->","yoast_head_json":{"title":"MUSCADET SEVRE ET MAINE SUR LIE \"PETIT PANLOUP\" AOC - Loire Gourmande - une \u00e9tape savoureuse","description":"MUSCADET SEVRE ET MAINE SUR LIE \"PETIT PANLOUP\" AOC. Weine von der Loire. Bestellung im Weinkeller auf der Website von Loire Gourmande. Weinh\u00e4ndler in Turquant (49).","robots":{"index":"index","follow":"follow","max-snippet":"max-snippet:-1","max-image-preview":"max-image-preview:large","max-video-preview":"max-video-preview:-1"},"canonical":"https:\/\/www.loire-gourmande.fr\/de\/Produkt\/muscadet-sevre-et-maine-sur-lie-petit-panloup-aoc\/","og_locale":"de_DE","og_type":"article","og_title":"MUSCADET SEVRE ET MAINE SUR LIE \"PETIT PANLOUP\" AOC - Loire Gourmande - une \u00e9tape savoureuse","og_description":"MUSCADET SEVRE ET MAINE SUR LIE \"PETIT PANLOUP\" AOC. Weine von der Loire. Bestellung im Weinkeller auf der Website von Loire Gourmande. Weinh\u00e4ndler in Turquant (49).","og_url":"https:\/\/www.loire-gourmande.fr\/de\/Produkt\/muscadet-sevre-et-maine-sur-lie-petit-panloup-aoc\/","og_site_name":"Loire Gourmande - une \u00e9tape savoureuse","article_publisher":"https:\/\/www.facebook.com\/Loire-Gourmande-Turquant-101991328328493\/","article_modified_time":"2025-05-27T15:19:43+00:00","og_image":[{"width":800,"height":800,"url":"https:\/\/www.loire-gourmande.fr\/wp-content\/uploads\/2023\/02\/Petit-Panloup.jpg","type":"image\/jpeg"}],"twitter_card":"summary_large_image","twitter_misc":{"Gesch\u00e4tzte Lesezeit":"1\u00a0Minute"},"schema":{"@context":"https:\/\/schema.org","@graph":[{"@type":"WebPage","@id":"https:\/\/www.loire-gourmande.fr\/de\/Produkt\/muscadet-sevre-et-maine-sur-lie-petit-panloup-aoc\/","url":"https:\/\/www.loire-gourmande.fr\/de\/Produkt\/muscadet-sevre-et-maine-sur-lie-petit-panloup-aoc\/","name":"MUSCADET SEVRE ET MAINE SUR LIE \"PETIT PANLOUP\" AOC - Loire Gourmande - une \u00e9tape savoureuse","isPartOf":{"@id":"https:\/\/www.loire-gourmande.fr\/de\/#website"},"primaryImageOfPage":{"@id":"https:\/\/www.loire-gourmande.fr\/de\/Produkt\/muscadet-sevre-et-maine-sur-lie-petit-panloup-aoc\/#primaryimage"},"image":{"@id":"https:\/\/www.loire-gourmande.fr\/de\/Produkt\/muscadet-sevre-et-maine-sur-lie-petit-panloup-aoc\/#primaryimage"},"thumbnailUrl":"https:\/\/www.loire-gourmande.fr\/wp-content\/uploads\/2023\/02\/Petit-Panloup.jpg","datePublished":"2023-02-18T14:05:53+00:00","dateModified":"2025-05-27T15:19:43+00:00","description":"MUSCADET SEVRE ET MAINE SUR LIE \"PETIT PANLOUP\" AOC. Weine von der Loire. Bestellung im Weinkeller auf der Website von Loire Gourmande. Weinh\u00e4ndler in Turquant (49).","breadcrumb":{"@id":"https:\/\/www.loire-gourmande.fr\/de\/Produkt\/muscadet-sevre-et-maine-sur-lie-petit-panloup-aoc\/#breadcrumb"},"inLanguage":"de","potentialAction":[{"@type":"ReadAction","target":["https:\/\/www.loire-gourmande.fr\/de\/Produkt\/muscadet-sevre-et-maine-sur-lie-petit-panloup-aoc\/"]}]},{"@type":"ImageObject","inLanguage":"de","@id":"https:\/\/www.loire-gourmande.fr\/de\/Produkt\/muscadet-sevre-et-maine-sur-lie-petit-panloup-aoc\/#primaryimage","url":"https:\/\/www.loire-gourmande.fr\/wp-content\/uploads\/2023\/02\/Petit-Panloup.jpg","contentUrl":"https:\/\/www.loire-gourmande.fr\/wp-content\/uploads\/2023\/02\/Petit-Panloup.jpg","width":800,"height":800},{"@type":"BreadcrumbList","@id":"https:\/\/www.loire-gourmande.fr\/de\/Produkt\/muscadet-sevre-et-maine-sur-lie-petit-panloup-aoc\/#breadcrumb","itemListElement":[{"@type":"ListItem","position":1,"name":"Startseite","item":"https:\/\/www.loire-gourmande.fr\/de\/"},{"@type":"ListItem","position":2,"name":"Die Boutique de Loire Gourmande: die Weine der Loire","item":"https:\/\/www.loire-gourmande.fr\/de\/woocommerce\/"},{"@type":"ListItem","position":3,"name":"Die Weine","item":"https:\/\/www.loire-gourmande.fr\/de\/Produktkategorie\/die-weine\/"},{"@type":"ListItem","position":4,"name":"Wei\u00df","item":"https:\/\/www.loire-gourmande.fr\/de\/Produktkategorie\/die-weine\/weis\/"},{"@type":"ListItem","position":5,"name":"MUSCADET SEVRE ET MAINE SUR LIE &#8222;PETIT PANLOUP&#8220; AOC"}]},{"@type":"WebSite","@id":"https:\/\/www.loire-gourmande.fr\/de\/#website","url":"https:\/\/www.loire-gourmande.fr\/de\/","name":"Loire Gourmande, une \u00e9tape savoureuse","description":"une d\u00e9gustation \u00e0 toute heure et une boutique \u00e0 visiter \u00e0 Turquant (49)","publisher":{"@id":"https:\/\/www.loire-gourmande.fr\/de\/#organization"},"potentialAction":[{"@type":"SearchAction","target":{"@type":"EntryPoint","urlTemplate":"https:\/\/www.loire-gourmande.fr\/de\/?s={search_term_string}"},"query-input":{"@type":"PropertyValueSpecification","valueRequired":true,"valueName":"search_term_string"}}],"inLanguage":"de"},{"@type":"Organization","@id":"https:\/\/www.loire-gourmande.fr\/de\/#organization","name":"Loire Gourmande - Schnellrestaurant und Besuch in Turquant (49)","url":"https:\/\/www.loire-gourmande.fr\/de\/","logo":{"@type":"ImageObject","inLanguage":"de","@id":"https:\/\/www.loire-gourmande.fr\/de\/#\/schema\/logo\/image\/","url":"https:\/\/www.loire-gourmande.fr\/wp-content\/uploads\/2020\/10\/loire-gourmande-logo.jpg","contentUrl":"https:\/\/www.loire-gourmande.fr\/wp-content\/uploads\/2020\/10\/loire-gourmande-logo.jpg","width":800,"height":415,"caption":"Loire Gourmande - Schnellrestaurant und Besuch in Turquant (49)"},"image":{"@id":"https:\/\/www.loire-gourmande.fr\/de\/#\/schema\/logo\/image\/"},"sameAs":["https:\/\/www.facebook.com\/Loire-Gourmande-Turquant-101991328328493\/","https:\/\/www.instagram.com\/jean_yves_auradon\/?igshid=1ta3mfjka326t"]}]}},"_links":{"self":[{"href":"https:\/\/www.loire-gourmande.fr\/de\/wp-json\/wp\/v2\/product\/11126","targetHints":{"allow":["GET"]}}],"collection":[{"href":"https:\/\/www.loire-gourmande.fr\/de\/wp-json\/wp\/v2\/product"}],"about":[{"href":"https:\/\/www.loire-gourmande.fr\/de\/wp-json\/wp\/v2\/types\/product"}],"version-history":[{"count":2,"href":"https:\/\/www.loire-gourmande.fr\/de\/wp-json\/wp\/v2\/product\/11126\/revisions"}],"predecessor-version":[{"id":13060,"href":"https:\/\/www.loire-gourmande.fr\/de\/wp-json\/wp\/v2\/product\/11126\/revisions\/13060"}],"wp:featuredmedia":[{"embeddable":true,"href":"https:\/\/www.loire-gourmande.fr\/de\/wp-json\/wp\/v2\/media\/11135"}],"wp:attachment":[{"href":"https:\/\/www.loire-gourmande.fr\/de\/wp-json\/wp\/v2\/media?parent=11126"}],"wp:term":[{"taxonomy":"product_brand","embeddable":true,"href":"https:\/\/www.loire-gourmande.fr\/de\/wp-json\/wp\/v2\/product_brand?post=11126"},{"taxonomy":"product_cat","embeddable":true,"href":"https:\/\/www.loire-gourmande.fr\/de\/wp-json\/wp\/v2\/product_cat?post=11126"},{"taxonomy":"product_tag","embeddable":true,"href":"https:\/\/www.loire-gourmande.fr\/de\/wp-json\/wp\/v2\/product_tag?post=11126"}],"curies":[{"name":"wp","href":"https:\/\/api.w.org\/{rel}","templated":true}]}}