{"id":11127,"date":"2023-02-16T13:37:02","date_gmt":"2023-02-16T13:37:02","guid":{"rendered":"https:\/\/www.loire-gourmande.fr\/produit\/cheverny-blanc-sauvignon-domaine-daridan\/"},"modified":"2026-02-09T13:45:56","modified_gmt":"2026-02-09T12:45:56","slug":"cheverny-blanc-sauvignon-domaine-daridan","status":"publish","type":"product","link":"https:\/\/www.loire-gourmande.fr\/de\/Produkt\/cheverny-blanc-sauvignon-domaine-daridan\/","title":{"rendered":"CHEVERNY WHITE SAUVIGNON DOMAINE DARIDAN"},"content":{"rendered":"<div class=\"page\" title=\"Seite 1\">\n<div class=\"section\">\n<div class=\"layoutArea\">\n<div class=\"column\">\n<p>Trockener, runder und weicher Wei\u00dfwein mit Zitrusnoten und guter L\u00e4nge im Abgang<br \/>\nJahrgang: 2022<br \/>\n<strong>Region<\/strong> : Loiretal<br \/>\nAlkoholgehalt: 13 % Vol<br \/>\n<strong>Rebsorten<\/strong> : 80 % Sauvignon Blanc 20 % Chardonnay<br \/>\nReifungspotenzial: 4 \u2013 5 Jahre<br \/>\nZu schmecken: 8 \u00b0C<br \/>\n<strong>Vinifizierung:<\/strong> Die Trauben werden gepresst.<br \/>\nDie S\u00e4fte werden dann abgesetzt und in einen thermoregulierten Edelstahltank gelegt.<br \/>\nDie alkoholische G\u00e4rung wird von einheimischen Hefen auf nat\u00fcrliche Weise f\u00fcr 15 Tage eingeleitet, mit einer Temperaturkontrolle von 14 bis 18 \u00b0C. Die malolaktische G\u00e4rung findet nat\u00fcrlich bei 50 % statt.<br \/>\nAlterung in thermoregulierten Bottichen.<br \/>\n<strong>Verkostung:<\/strong> Seine goldgelbe Farbe mit tiefgr\u00fcnen Reflexionen ist klar und strahlend.<br \/>\nDie Nase ist sehr frisch mit Noten von Zitrusfr\u00fcchten wie Grapefruit und wei\u00dffleischigen Fr\u00fcchten.<br \/>\nDer Gaumen ist lebendig, rund, mit einer vorhandenen und gut ausgewogenen Substanz. Ein Wein mit Frische und Mineralit\u00e4t, elegant und fein.<br \/>\n<strong>Speise- und Weinkombination:<\/strong> Aperitif, Fisch mit Beurre-Blanc-So\u00dfe, H\u00e4hnchencurry, gef\u00fcllter Kohl, Lasagne, Ziegenk\u00e4se, Spargel in Saucen, Austern und Schalentieren.<\/p>\n<\/div>\n<\/div>\n<\/div>\n<\/div>\n","protected":false},"excerpt":{"rendered":"<p>Cheverny-Wein ist ein Wei\u00dfwein, der in der Loire-Region in Frankreich von Domaine Benoit Daridan produziert wird. Dieser Jahrgang 2022 stammt aus der Cheverny-Appellation. Sehr ausdrucksstark, er wird der ideale Begleiter f\u00fcr Ihre Meeresfr\u00fcchte und Fische sein. Er ist auch als Aperitif sehr angenehm. F\u00fcr einen geselligen Moment, f\u00fcr einen Aperitif mit Freunden oder zu einer Mahlzeit&#8230; F\u00fcr einen Moment des Vergn\u00fcgens&#8230; Ganz einfach!<\/p>\n","protected":false},"featured_media":11140,"template":"","meta":{"inline_featured_image":false},"product_brand":[],"product_cat":[603,609,608],"product_tag":[618,610,629,703,702,666],"class_list":{"0":"post-11127","1":"product","2":"type-product","3":"status-publish","4":"has-post-thumbnail","6":"product_cat-bio-wein","7":"product_cat-touraine-de","8":"product_cat-weis","9":"product_tag-aperitif-de","10":"product_tag-austern-und-schalentiere","11":"product_tag-fische","12":"product_tag-gefullter-kohl","13":"product_tag-huhnercurry","14":"product_tag-ziegenkase-de","15":"product_shipping_class-flasche","17":"first","18":"instock","19":"featured","20":"taxable","21":"shipping-taxable","22":"purchasable","23":"product-type-simple"},"yoast_head":"<!-- This site is optimized with the Yoast SEO plugin v27.6 - https:\/\/yoast.com\/product\/yoast-seo-wordpress\/ -->\n<title>CHEVERNY WHITE SAUVIGNON DOMAINE DARIDAN - Loire Gourmande - une \u00e9tape savoureuse<\/title>\n<meta name=\"description\" content=\"Domaine Daridan \u2013 Cheverny Blanc. Weine von der Loire. Bestellung im Weinkeller auf der Website von Loire Gourmande. Weinh\u00e4ndler in Turquant (49).\" \/>\n<meta name=\"robots\" content=\"index, follow, max-snippet:-1, max-image-preview:large, max-video-preview:-1\" \/>\n<link rel=\"canonical\" href=\"https:\/\/www.loire-gourmande.fr\/de\/Produkt\/cheverny-blanc-sauvignon-domaine-daridan\/\" \/>\n<meta property=\"og:locale\" content=\"de_DE\" \/>\n<meta property=\"og:type\" content=\"article\" \/>\n<meta property=\"og:title\" content=\"CHEVERNY WHITE SAUVIGNON DOMAINE DARIDAN - Loire Gourmande - une \u00e9tape savoureuse\" \/>\n<meta property=\"og:description\" content=\"Domaine Daridan \u2013 Cheverny Blanc. Weine von der Loire. Bestellung im Weinkeller auf der Website von Loire Gourmande. Weinh\u00e4ndler in Turquant (49).\" \/>\n<meta property=\"og:url\" content=\"https:\/\/www.loire-gourmande.fr\/de\/Produkt\/cheverny-blanc-sauvignon-domaine-daridan\/\" \/>\n<meta property=\"og:site_name\" content=\"Loire Gourmande - une \u00e9tape savoureuse\" \/>\n<meta property=\"article:publisher\" content=\"https:\/\/www.facebook.com\/Loire-Gourmande-Turquant-101991328328493\/\" \/>\n<meta property=\"article:modified_time\" content=\"2026-02-09T12:45:56+00:00\" \/>\n<meta property=\"og:image\" content=\"https:\/\/www.loire-gourmande.fr\/wp-content\/uploads\/2023\/02\/CHERVERNY-BLANC-SAUVIGNON.png\" \/>\n\t<meta property=\"og:image:width\" content=\"800\" \/>\n\t<meta property=\"og:image:height\" content=\"890\" \/>\n\t<meta property=\"og:image:type\" content=\"image\/png\" \/>\n<meta name=\"twitter:card\" content=\"summary_large_image\" \/>\n<meta name=\"twitter:label1\" content=\"Gesch\u00e4tzte Lesezeit\" \/>\n\t<meta name=\"twitter:data1\" content=\"1\u00a0Minute\" \/>\n<script type=\"application\/ld+json\" class=\"yoast-schema-graph\">{\"@context\":\"https:\\\/\\\/schema.org\",\"@graph\":[{\"@type\":\"WebPage\",\"@id\":\"https:\\\/\\\/www.loire-gourmande.fr\\\/de\\\/Produkt\\\/cheverny-blanc-sauvignon-domaine-daridan\\\/\",\"url\":\"https:\\\/\\\/www.loire-gourmande.fr\\\/de\\\/Produkt\\\/cheverny-blanc-sauvignon-domaine-daridan\\\/\",\"name\":\"CHEVERNY WHITE SAUVIGNON DOMAINE DARIDAN - Loire Gourmande - une \u00e9tape savoureuse\",\"isPartOf\":{\"@id\":\"https:\\\/\\\/www.loire-gourmande.fr\\\/de\\\/#website\"},\"primaryImageOfPage\":{\"@id\":\"https:\\\/\\\/www.loire-gourmande.fr\\\/de\\\/Produkt\\\/cheverny-blanc-sauvignon-domaine-daridan\\\/#primaryimage\"},\"image\":{\"@id\":\"https:\\\/\\\/www.loire-gourmande.fr\\\/de\\\/Produkt\\\/cheverny-blanc-sauvignon-domaine-daridan\\\/#primaryimage\"},\"thumbnailUrl\":\"https:\\\/\\\/www.loire-gourmande.fr\\\/wp-content\\\/uploads\\\/2023\\\/02\\\/CHERVERNY-BLANC-SAUVIGNON.png\",\"datePublished\":\"2023-02-16T13:37:02+00:00\",\"dateModified\":\"2026-02-09T12:45:56+00:00\",\"description\":\"Domaine Daridan \u2013 Cheverny Blanc. Weine von der Loire. Bestellung im Weinkeller auf der Website von Loire Gourmande. Weinh\u00e4ndler in Turquant (49).\",\"breadcrumb\":{\"@id\":\"https:\\\/\\\/www.loire-gourmande.fr\\\/de\\\/Produkt\\\/cheverny-blanc-sauvignon-domaine-daridan\\\/#breadcrumb\"},\"inLanguage\":\"de\",\"potentialAction\":[{\"@type\":\"ReadAction\",\"target\":[\"https:\\\/\\\/www.loire-gourmande.fr\\\/de\\\/Produkt\\\/cheverny-blanc-sauvignon-domaine-daridan\\\/\"]}]},{\"@type\":\"ImageObject\",\"inLanguage\":\"de\",\"@id\":\"https:\\\/\\\/www.loire-gourmande.fr\\\/de\\\/Produkt\\\/cheverny-blanc-sauvignon-domaine-daridan\\\/#primaryimage\",\"url\":\"https:\\\/\\\/www.loire-gourmande.fr\\\/wp-content\\\/uploads\\\/2023\\\/02\\\/CHERVERNY-BLANC-SAUVIGNON.png\",\"contentUrl\":\"https:\\\/\\\/www.loire-gourmande.fr\\\/wp-content\\\/uploads\\\/2023\\\/02\\\/CHERVERNY-BLANC-SAUVIGNON.png\",\"width\":800,\"height\":890},{\"@type\":\"BreadcrumbList\",\"@id\":\"https:\\\/\\\/www.loire-gourmande.fr\\\/de\\\/Produkt\\\/cheverny-blanc-sauvignon-domaine-daridan\\\/#breadcrumb\",\"itemListElement\":[{\"@type\":\"ListItem\",\"position\":1,\"name\":\"Startseite\",\"item\":\"https:\\\/\\\/www.loire-gourmande.fr\\\/de\\\/\"},{\"@type\":\"ListItem\",\"position\":2,\"name\":\"Die Boutique de Loire Gourmande: die Weine der Loire\",\"item\":\"https:\\\/\\\/www.loire-gourmande.fr\\\/de\\\/woocommerce\\\/\"},{\"@type\":\"ListItem\",\"position\":3,\"name\":\"Die Weine\",\"item\":\"https:\\\/\\\/www.loire-gourmande.fr\\\/de\\\/Produktkategorie\\\/die-weine\\\/\"},{\"@type\":\"ListItem\",\"position\":4,\"name\":\"Bio Wein\",\"item\":\"https:\\\/\\\/www.loire-gourmande.fr\\\/de\\\/Produktkategorie\\\/die-weine\\\/bio-wein\\\/\"},{\"@type\":\"ListItem\",\"position\":5,\"name\":\"CHEVERNY WHITE SAUVIGNON DOMAINE DARIDAN\"}]},{\"@type\":\"WebSite\",\"@id\":\"https:\\\/\\\/www.loire-gourmande.fr\\\/de\\\/#website\",\"url\":\"https:\\\/\\\/www.loire-gourmande.fr\\\/de\\\/\",\"name\":\"Loire Gourmande, une \u00e9tape savoureuse\",\"description\":\"une d\u00e9gustation \u00e0 toute heure et une boutique \u00e0 visiter \u00e0 Turquant (49)\",\"publisher\":{\"@id\":\"https:\\\/\\\/www.loire-gourmande.fr\\\/de\\\/#organization\"},\"potentialAction\":[{\"@type\":\"SearchAction\",\"target\":{\"@type\":\"EntryPoint\",\"urlTemplate\":\"https:\\\/\\\/www.loire-gourmande.fr\\\/de\\\/?s={search_term_string}\"},\"query-input\":{\"@type\":\"PropertyValueSpecification\",\"valueRequired\":true,\"valueName\":\"search_term_string\"}}],\"inLanguage\":\"de\"},{\"@type\":\"Organization\",\"@id\":\"https:\\\/\\\/www.loire-gourmande.fr\\\/de\\\/#organization\",\"name\":\"Loire Gourmande - Schnellrestaurant und Besuch in Turquant (49)\",\"url\":\"https:\\\/\\\/www.loire-gourmande.fr\\\/de\\\/\",\"logo\":{\"@type\":\"ImageObject\",\"inLanguage\":\"de\",\"@id\":\"https:\\\/\\\/www.loire-gourmande.fr\\\/de\\\/#\\\/schema\\\/logo\\\/image\\\/\",\"url\":\"https:\\\/\\\/www.loire-gourmande.fr\\\/wp-content\\\/uploads\\\/2020\\\/10\\\/loire-gourmande-logo.jpg\",\"contentUrl\":\"https:\\\/\\\/www.loire-gourmande.fr\\\/wp-content\\\/uploads\\\/2020\\\/10\\\/loire-gourmande-logo.jpg\",\"width\":800,\"height\":415,\"caption\":\"Loire Gourmande - Schnellrestaurant und Besuch in Turquant (49)\"},\"image\":{\"@id\":\"https:\\\/\\\/www.loire-gourmande.fr\\\/de\\\/#\\\/schema\\\/logo\\\/image\\\/\"},\"sameAs\":[\"https:\\\/\\\/www.facebook.com\\\/Loire-Gourmande-Turquant-101991328328493\\\/\",\"https:\\\/\\\/www.instagram.com\\\/jean_yves_auradon\\\/?igshid=1ta3mfjka326t\"]}]}<\/script>\n<!-- \/ Yoast SEO plugin. -->","yoast_head_json":{"title":"CHEVERNY WHITE SAUVIGNON DOMAINE DARIDAN - Loire Gourmande - une \u00e9tape savoureuse","description":"Domaine Daridan \u2013 Cheverny Blanc. Weine von der Loire. Bestellung im Weinkeller auf der Website von Loire Gourmande. Weinh\u00e4ndler in Turquant (49).","robots":{"index":"index","follow":"follow","max-snippet":"max-snippet:-1","max-image-preview":"max-image-preview:large","max-video-preview":"max-video-preview:-1"},"canonical":"https:\/\/www.loire-gourmande.fr\/de\/Produkt\/cheverny-blanc-sauvignon-domaine-daridan\/","og_locale":"de_DE","og_type":"article","og_title":"CHEVERNY WHITE SAUVIGNON DOMAINE DARIDAN - Loire Gourmande - une \u00e9tape savoureuse","og_description":"Domaine Daridan \u2013 Cheverny Blanc. Weine von der Loire. Bestellung im Weinkeller auf der Website von Loire Gourmande. Weinh\u00e4ndler in Turquant (49).","og_url":"https:\/\/www.loire-gourmande.fr\/de\/Produkt\/cheverny-blanc-sauvignon-domaine-daridan\/","og_site_name":"Loire Gourmande - une \u00e9tape savoureuse","article_publisher":"https:\/\/www.facebook.com\/Loire-Gourmande-Turquant-101991328328493\/","article_modified_time":"2026-02-09T12:45:56+00:00","og_image":[{"width":800,"height":890,"url":"https:\/\/www.loire-gourmande.fr\/wp-content\/uploads\/2023\/02\/CHERVERNY-BLANC-SAUVIGNON.png","type":"image\/png"}],"twitter_card":"summary_large_image","twitter_misc":{"Gesch\u00e4tzte Lesezeit":"1\u00a0Minute"},"schema":{"@context":"https:\/\/schema.org","@graph":[{"@type":"WebPage","@id":"https:\/\/www.loire-gourmande.fr\/de\/Produkt\/cheverny-blanc-sauvignon-domaine-daridan\/","url":"https:\/\/www.loire-gourmande.fr\/de\/Produkt\/cheverny-blanc-sauvignon-domaine-daridan\/","name":"CHEVERNY WHITE SAUVIGNON DOMAINE DARIDAN - Loire Gourmande - une \u00e9tape savoureuse","isPartOf":{"@id":"https:\/\/www.loire-gourmande.fr\/de\/#website"},"primaryImageOfPage":{"@id":"https:\/\/www.loire-gourmande.fr\/de\/Produkt\/cheverny-blanc-sauvignon-domaine-daridan\/#primaryimage"},"image":{"@id":"https:\/\/www.loire-gourmande.fr\/de\/Produkt\/cheverny-blanc-sauvignon-domaine-daridan\/#primaryimage"},"thumbnailUrl":"https:\/\/www.loire-gourmande.fr\/wp-content\/uploads\/2023\/02\/CHERVERNY-BLANC-SAUVIGNON.png","datePublished":"2023-02-16T13:37:02+00:00","dateModified":"2026-02-09T12:45:56+00:00","description":"Domaine Daridan \u2013 Cheverny Blanc. Weine von der Loire. Bestellung im Weinkeller auf der Website von Loire Gourmande. Weinh\u00e4ndler in Turquant (49).","breadcrumb":{"@id":"https:\/\/www.loire-gourmande.fr\/de\/Produkt\/cheverny-blanc-sauvignon-domaine-daridan\/#breadcrumb"},"inLanguage":"de","potentialAction":[{"@type":"ReadAction","target":["https:\/\/www.loire-gourmande.fr\/de\/Produkt\/cheverny-blanc-sauvignon-domaine-daridan\/"]}]},{"@type":"ImageObject","inLanguage":"de","@id":"https:\/\/www.loire-gourmande.fr\/de\/Produkt\/cheverny-blanc-sauvignon-domaine-daridan\/#primaryimage","url":"https:\/\/www.loire-gourmande.fr\/wp-content\/uploads\/2023\/02\/CHERVERNY-BLANC-SAUVIGNON.png","contentUrl":"https:\/\/www.loire-gourmande.fr\/wp-content\/uploads\/2023\/02\/CHERVERNY-BLANC-SAUVIGNON.png","width":800,"height":890},{"@type":"BreadcrumbList","@id":"https:\/\/www.loire-gourmande.fr\/de\/Produkt\/cheverny-blanc-sauvignon-domaine-daridan\/#breadcrumb","itemListElement":[{"@type":"ListItem","position":1,"name":"Startseite","item":"https:\/\/www.loire-gourmande.fr\/de\/"},{"@type":"ListItem","position":2,"name":"Die Boutique de Loire Gourmande: die Weine der Loire","item":"https:\/\/www.loire-gourmande.fr\/de\/woocommerce\/"},{"@type":"ListItem","position":3,"name":"Die Weine","item":"https:\/\/www.loire-gourmande.fr\/de\/Produktkategorie\/die-weine\/"},{"@type":"ListItem","position":4,"name":"Bio Wein","item":"https:\/\/www.loire-gourmande.fr\/de\/Produktkategorie\/die-weine\/bio-wein\/"},{"@type":"ListItem","position":5,"name":"CHEVERNY WHITE SAUVIGNON DOMAINE DARIDAN"}]},{"@type":"WebSite","@id":"https:\/\/www.loire-gourmande.fr\/de\/#website","url":"https:\/\/www.loire-gourmande.fr\/de\/","name":"Loire Gourmande, une \u00e9tape savoureuse","description":"une d\u00e9gustation \u00e0 toute heure et une boutique \u00e0 visiter \u00e0 Turquant (49)","publisher":{"@id":"https:\/\/www.loire-gourmande.fr\/de\/#organization"},"potentialAction":[{"@type":"SearchAction","target":{"@type":"EntryPoint","urlTemplate":"https:\/\/www.loire-gourmande.fr\/de\/?s={search_term_string}"},"query-input":{"@type":"PropertyValueSpecification","valueRequired":true,"valueName":"search_term_string"}}],"inLanguage":"de"},{"@type":"Organization","@id":"https:\/\/www.loire-gourmande.fr\/de\/#organization","name":"Loire Gourmande - Schnellrestaurant und Besuch in Turquant (49)","url":"https:\/\/www.loire-gourmande.fr\/de\/","logo":{"@type":"ImageObject","inLanguage":"de","@id":"https:\/\/www.loire-gourmande.fr\/de\/#\/schema\/logo\/image\/","url":"https:\/\/www.loire-gourmande.fr\/wp-content\/uploads\/2020\/10\/loire-gourmande-logo.jpg","contentUrl":"https:\/\/www.loire-gourmande.fr\/wp-content\/uploads\/2020\/10\/loire-gourmande-logo.jpg","width":800,"height":415,"caption":"Loire Gourmande - Schnellrestaurant und Besuch in Turquant (49)"},"image":{"@id":"https:\/\/www.loire-gourmande.fr\/de\/#\/schema\/logo\/image\/"},"sameAs":["https:\/\/www.facebook.com\/Loire-Gourmande-Turquant-101991328328493\/","https:\/\/www.instagram.com\/jean_yves_auradon\/?igshid=1ta3mfjka326t"]}]}},"_links":{"self":[{"href":"https:\/\/www.loire-gourmande.fr\/de\/wp-json\/wp\/v2\/product\/11127","targetHints":{"allow":["GET"]}}],"collection":[{"href":"https:\/\/www.loire-gourmande.fr\/de\/wp-json\/wp\/v2\/product"}],"about":[{"href":"https:\/\/www.loire-gourmande.fr\/de\/wp-json\/wp\/v2\/types\/product"}],"version-history":[{"count":3,"href":"https:\/\/www.loire-gourmande.fr\/de\/wp-json\/wp\/v2\/product\/11127\/revisions"}],"predecessor-version":[{"id":14409,"href":"https:\/\/www.loire-gourmande.fr\/de\/wp-json\/wp\/v2\/product\/11127\/revisions\/14409"}],"wp:featuredmedia":[{"embeddable":true,"href":"https:\/\/www.loire-gourmande.fr\/de\/wp-json\/wp\/v2\/media\/11140"}],"wp:attachment":[{"href":"https:\/\/www.loire-gourmande.fr\/de\/wp-json\/wp\/v2\/media?parent=11127"}],"wp:term":[{"taxonomy":"product_brand","embeddable":true,"href":"https:\/\/www.loire-gourmande.fr\/de\/wp-json\/wp\/v2\/product_brand?post=11127"},{"taxonomy":"product_cat","embeddable":true,"href":"https:\/\/www.loire-gourmande.fr\/de\/wp-json\/wp\/v2\/product_cat?post=11127"},{"taxonomy":"product_tag","embeddable":true,"href":"https:\/\/www.loire-gourmande.fr\/de\/wp-json\/wp\/v2\/product_tag?post=11127"}],"curies":[{"name":"wp","href":"https:\/\/api.w.org\/{rel}","templated":true}]}}