{"id":11141,"date":"2022-07-26T05:21:53","date_gmt":"2022-07-26T05:21:53","guid":{"rendered":"https:\/\/www.loire-gourmande.fr\/produit\/saumur-champigny-clos-de-la-matiniere-domaine-du-caillou\/"},"modified":"2026-02-09T13:48:45","modified_gmt":"2026-02-09T12:48:45","slug":"saumur-champigny-clos-de-la-matiniere-domaine-du-caillou","status":"publish","type":"product","link":"https:\/\/www.loire-gourmande.fr\/de\/Produkt\/saumur-champigny-clos-de-la-matiniere-domaine-du-caillou\/","title":{"rendered":"SAUMUR-CHAMPIGNY CLOS DE LA MATINIERE DOMAINE DU CAILLOU"},"content":{"rendered":"<p style=\"font-weight: 400;\">Hier, die letzte Cuv\u00e9e, wir sind auch bei einer 2020er, die im M\u00e4rz 2022 abgef\u00fcllt wurde, wir haben auch eine Cuv\u00e9e, die ein Jahr lang in Gl\u00e4sern gereift wird, also suchen wir nach etwas mehr Struktur, und der Sandstein verfeinert das Produkt ein wenig, also haben wir etwas sehr, sehr, sehr feines und sehr angenehmes zu trinken.<\/p>\n<h4><span class=\"ProductVintageDetailedInformation_detailedCharacteristics__XaD62\">DETAILLIERTE MERKMALE<\/span><\/h4>\n<div class=\"ProductVariantDetailedCharacteristics_container__3qrhV\">\n<p class=\"DetailedCharacteristics_item__K7AGY\"><span class=\"DetailedCharacteristics_characteristic__NlZ4C\">Menge:<\/span> 1 Flasche<\/p>\n<p><span class=\"DetailedCharacteristics_item__K7AGY\"><span class=\"DetailedCharacteristics_characteristic__NlZ4C\">Level:<\/span> 1 Normale<\/span><span class=\"DetailedCharacteristics_item__K7AGY\"><span class=\"DetailedCharacteristics_characteristic__NlZ4C\">Beobachtung:<\/span> 1 Sehr leicht besch\u00e4digtes Etikett<\/span><\/p>\n<p class=\"DetailedCharacteristics_item__K7AGY\"><span class=\"DetailedCharacteristics_characteristic__NlZ4C\">Herkunft:<\/span> privat<\/p>\n<p class=\"DetailedCharacteristics_item__K7AGY\"><span class=\"DetailedCharacteristics_characteristic__NlZ4C\">Art des Kellers:<\/span> nat\u00fcrlicher unterirdischer Keller<\/p>\n<p class=\"DetailedCharacteristics_item__K7AGY\"><span class=\"DetailedCharacteristics_characteristic__NlZ4C\">Erzielbare Mehrwertsteuer:<\/span> nein<\/p>\n<p class=\"DetailedCharacteristics_item__K7AGY\"><span class=\"DetailedCharacteristics_characteristic__NlZ4C\">Holzkiste:<\/span> nein<\/p>\n<p class=\"DetailedCharacteristics_item__K7AGY\"><span class=\"DetailedCharacteristics_characteristic__NlZ4C\">Representative of Rights (CRD)-Kapsel:<\/span> Ja<\/p>\n<p class=\"DetailedCharacteristics_item__K7AGY\"><span class=\"DetailedCharacteristics_characteristic__NlZ4C\">Alkoholgehalt:<\/span> 13 %<\/p>\n<p class=\"DetailedCharacteristics_item__K7AGY\"><span class=\"DetailedCharacteristics_characteristic__NlZ4C\">Region:<\/span> <a href=\"https:\/\/www.idealwine.com\/fr\/acheter-du-vin\/region-vallee-de-la-loire\">Loiretal<\/a><\/p>\n<p class=\"DetailedCharacteristics_item__K7AGY\"><span class=\"DetailedCharacteristics_characteristic__NlZ4C\">Bezeichnung:<\/span> <a href=\"https:\/\/www.idealwine.com\/fr\/acheter-du-vin\/appellation-Saumur_Champigny\">Saumur-Champigny<\/a><\/p>\n<p class=\"DetailedCharacteristics_item__K7AGY\"><span class=\"DetailedCharacteristics_characteristic__NlZ4C\">Jahrgang:<\/span> 2018<\/p>\n<p class=\"DetailedCharacteristics_item__K7AGY\"><span class=\"DetailedCharacteristics_characteristic__NlZ4C\">Farbe:<\/span> rot<\/p>\n<p class=\"DetailedCharacteristics_item__K7AGY\"><span class=\"DetailedCharacteristics_characteristic__NlZ4C\">Serviertemperatur:<\/span> 16\u00b0.<\/p>\n<p class=\"DetailedCharacteristics_item__K7AGY\"><span class=\"DetailedCharacteristics_characteristic__NlZ4C\">Intensit\u00e4t des Weins:<\/span> klassisch<\/p>\n<p class=\"DetailedCharacteristics_item__K7AGY\"><span class=\"DetailedCharacteristics_characteristic__NlZ4C\">Dominierendes Aroma des Weins:<\/span> Rote Fr\u00fcchte<\/p>\n<\/div>\n","protected":false},"excerpt":{"rendered":"<p>Die Tuffsteinkeller der Region Saumurois beherbergen zahlreiche Sch\u00e4tze. Dieses Gestein bildet auch die B\u00f6den der Appellation, die sich in den letzten Jahren ausgedehnt hat und seit dem Aufstieg einiger Winzer wieder an Interesse gewonnen hat. Saumur-Champigny produziert in neun Gemeinden ausschlie\u00dflich rote, fruchtige und im Allgemeinen leichte Weine aus Cabernet Franc (oder Breton). Die Befragung der Produzenten des AOC hat zu wichtigen Ver\u00e4nderungen gef\u00fchrt, darunter einen R\u00fcckgang der Ertr\u00e4ge und eine l\u00e4ngere Reifung, was nun zu konzentrierteren Weinen f\u00fchrt, die f\u00fcr die Reifung geeignet sind.<br \/>\nDie Appellation erstreckt sich \u00f6stlich von Saumur, auf den H\u00fcgeln rund um Champigny. Genauer gesagt innerhalb der Gemeinden Chac\u00e9, Dampierre sur Loire, Montsoreau, Parnay, Saint Cyr en Bourg, Saumur, Souzay-Champigny, Turquant und Varrains, an der M\u00fcndung des Thouet und des linken Ufers der Loire. Neben dem Cabernet Franc, der die Mehrheit darstellt, gibt es auch Cabernet Sauvignon und Pineau d&#8217;Aunis. Die Spezifit\u00e4t von Saumur-Champigny beruht auf dem Ton-Kalkstein-Reichtum seines Terroirs und dem Vorkommen von Tufa im Untergrund. Dieses Kalksteingestein aus der Oberkreidezeit nimmt Winterniederschlag auf und gibt w\u00e4hrend D\u00fcrreperioden sparsam einen Teil dieses Wassers frei. Eine weitere Eigenschaft dieses Terroirs ist seine starke F\u00e4higkeit, Sonnenw\u00e4rme tags\u00fcber zu speichern und sie nachts freizusetzen.     <\/p>\n","protected":false},"featured_media":14350,"template":"","meta":{"inline_featured_image":false},"product_brand":[],"product_cat":[602,603,600,601],"product_tag":[643,606],"class_list":{"0":"post-11141","1":"product","2":"type-product","3":"status-publish","4":"has-post-thumbnail","6":"product_cat-anjou-de","7":"product_cat-bio-wein","8":"product_cat-die-weine","9":"product_cat-rot","10":"product_tag-wurstwaren","11":"product_tag-ziegenkase","12":"product_shipping_class-flasche","14":"first","15":"instock","16":"featured","17":"taxable","18":"shipping-taxable","19":"purchasable","20":"product-type-simple"},"yoast_head":"<!-- This site is optimized with the Yoast SEO plugin v27.6 - https:\/\/yoast.com\/product\/yoast-seo-wordpress\/ -->\n<title>SAUMUR-CHAMPIGNY CLOS DE LA MATINIERE DOMAINE DU CAILLOU - Loire Gourmande - une \u00e9tape savoureuse<\/title>\n<meta name=\"description\" content=\"Roter Saumur-Champigny. Weine von der Loire. Bestellung im Weinkeller auf der Website von Loire Gourmande. Weinh\u00e4ndler in Turquant (49).\" \/>\n<meta name=\"robots\" content=\"index, follow, max-snippet:-1, max-image-preview:large, max-video-preview:-1\" \/>\n<link rel=\"canonical\" href=\"https:\/\/www.loire-gourmande.fr\/de\/Produkt\/saumur-champigny-clos-de-la-matiniere-domaine-du-caillou\/\" \/>\n<meta property=\"og:locale\" content=\"de_DE\" \/>\n<meta property=\"og:type\" content=\"article\" \/>\n<meta property=\"og:title\" content=\"SAUMUR-CHAMPIGNY CLOS DE LA MATINIERE DOMAINE DU CAILLOU - Loire Gourmande - une \u00e9tape savoureuse\" \/>\n<meta property=\"og:description\" content=\"Roter Saumur-Champigny. Weine von der Loire. Bestellung im Weinkeller auf der Website von Loire Gourmande. Weinh\u00e4ndler in Turquant (49).\" \/>\n<meta property=\"og:url\" content=\"https:\/\/www.loire-gourmande.fr\/de\/Produkt\/saumur-champigny-clos-de-la-matiniere-domaine-du-caillou\/\" \/>\n<meta property=\"og:site_name\" content=\"Loire Gourmande - une \u00e9tape savoureuse\" \/>\n<meta property=\"article:publisher\" content=\"https:\/\/www.facebook.com\/Loire-Gourmande-Turquant-101991328328493\/\" \/>\n<meta property=\"article:modified_time\" content=\"2026-02-09T12:48:45+00:00\" \/>\n<meta property=\"og:image\" content=\"https:\/\/www.loire-gourmande.fr\/wp-content\/uploads\/2022\/07\/SAUMUR-CHAMPIGNY-CLOS-DE-LA-MATINIERE-DOMAINE-DU-CAILLOU.jpg\" \/>\n\t<meta property=\"og:image:width\" content=\"800\" \/>\n\t<meta property=\"og:image:height\" content=\"800\" \/>\n\t<meta property=\"og:image:type\" content=\"image\/jpeg\" \/>\n<meta name=\"twitter:card\" content=\"summary_large_image\" \/>\n<meta name=\"twitter:label1\" content=\"Gesch\u00e4tzte Lesezeit\" \/>\n\t<meta name=\"twitter:data1\" content=\"1\u00a0Minute\" \/>\n<script type=\"application\/ld+json\" class=\"yoast-schema-graph\">{\"@context\":\"https:\\\/\\\/schema.org\",\"@graph\":[{\"@type\":\"WebPage\",\"@id\":\"https:\\\/\\\/www.loire-gourmande.fr\\\/de\\\/Produkt\\\/saumur-champigny-clos-de-la-matiniere-domaine-du-caillou\\\/\",\"url\":\"https:\\\/\\\/www.loire-gourmande.fr\\\/de\\\/Produkt\\\/saumur-champigny-clos-de-la-matiniere-domaine-du-caillou\\\/\",\"name\":\"SAUMUR-CHAMPIGNY CLOS DE LA MATINIERE DOMAINE DU CAILLOU - Loire Gourmande - une \u00e9tape savoureuse\",\"isPartOf\":{\"@id\":\"https:\\\/\\\/www.loire-gourmande.fr\\\/de\\\/#website\"},\"primaryImageOfPage\":{\"@id\":\"https:\\\/\\\/www.loire-gourmande.fr\\\/de\\\/Produkt\\\/saumur-champigny-clos-de-la-matiniere-domaine-du-caillou\\\/#primaryimage\"},\"image\":{\"@id\":\"https:\\\/\\\/www.loire-gourmande.fr\\\/de\\\/Produkt\\\/saumur-champigny-clos-de-la-matiniere-domaine-du-caillou\\\/#primaryimage\"},\"thumbnailUrl\":\"https:\\\/\\\/www.loire-gourmande.fr\\\/wp-content\\\/uploads\\\/2022\\\/07\\\/SAUMUR-CHAMPIGNY-CLOS-DE-LA-MATINIERE-DOMAINE-DU-CAILLOU.jpg\",\"datePublished\":\"2022-07-26T05:21:53+00:00\",\"dateModified\":\"2026-02-09T12:48:45+00:00\",\"description\":\"Roter Saumur-Champigny. Weine von der Loire. Bestellung im Weinkeller auf der Website von Loire Gourmande. Weinh\u00e4ndler in Turquant (49).\",\"breadcrumb\":{\"@id\":\"https:\\\/\\\/www.loire-gourmande.fr\\\/de\\\/Produkt\\\/saumur-champigny-clos-de-la-matiniere-domaine-du-caillou\\\/#breadcrumb\"},\"inLanguage\":\"de\",\"potentialAction\":[{\"@type\":\"ReadAction\",\"target\":[\"https:\\\/\\\/www.loire-gourmande.fr\\\/de\\\/Produkt\\\/saumur-champigny-clos-de-la-matiniere-domaine-du-caillou\\\/\"]}]},{\"@type\":\"ImageObject\",\"inLanguage\":\"de\",\"@id\":\"https:\\\/\\\/www.loire-gourmande.fr\\\/de\\\/Produkt\\\/saumur-champigny-clos-de-la-matiniere-domaine-du-caillou\\\/#primaryimage\",\"url\":\"https:\\\/\\\/www.loire-gourmande.fr\\\/wp-content\\\/uploads\\\/2022\\\/07\\\/SAUMUR-CHAMPIGNY-CLOS-DE-LA-MATINIERE-DOMAINE-DU-CAILLOU.jpg\",\"contentUrl\":\"https:\\\/\\\/www.loire-gourmande.fr\\\/wp-content\\\/uploads\\\/2022\\\/07\\\/SAUMUR-CHAMPIGNY-CLOS-DE-LA-MATINIERE-DOMAINE-DU-CAILLOU.jpg\",\"width\":800,\"height\":800},{\"@type\":\"BreadcrumbList\",\"@id\":\"https:\\\/\\\/www.loire-gourmande.fr\\\/de\\\/Produkt\\\/saumur-champigny-clos-de-la-matiniere-domaine-du-caillou\\\/#breadcrumb\",\"itemListElement\":[{\"@type\":\"ListItem\",\"position\":1,\"name\":\"Startseite\",\"item\":\"https:\\\/\\\/www.loire-gourmande.fr\\\/de\\\/\"},{\"@type\":\"ListItem\",\"position\":2,\"name\":\"Die Boutique de Loire Gourmande: die Weine der Loire\",\"item\":\"https:\\\/\\\/www.loire-gourmande.fr\\\/de\\\/woocommerce\\\/\"},{\"@type\":\"ListItem\",\"position\":3,\"name\":\"Die Weine\",\"item\":\"https:\\\/\\\/www.loire-gourmande.fr\\\/de\\\/Produktkategorie\\\/die-weine\\\/\"},{\"@type\":\"ListItem\",\"position\":4,\"name\":\"Anjou\",\"item\":\"https:\\\/\\\/www.loire-gourmande.fr\\\/de\\\/Produktkategorie\\\/die-weine\\\/anjou-de\\\/\"},{\"@type\":\"ListItem\",\"position\":5,\"name\":\"SAUMUR-CHAMPIGNY CLOS DE LA MATINIERE DOMAINE DU CAILLOU\"}]},{\"@type\":\"WebSite\",\"@id\":\"https:\\\/\\\/www.loire-gourmande.fr\\\/de\\\/#website\",\"url\":\"https:\\\/\\\/www.loire-gourmande.fr\\\/de\\\/\",\"name\":\"Loire Gourmande, une \u00e9tape savoureuse\",\"description\":\"une d\u00e9gustation \u00e0 toute heure et une boutique \u00e0 visiter \u00e0 Turquant (49)\",\"publisher\":{\"@id\":\"https:\\\/\\\/www.loire-gourmande.fr\\\/de\\\/#organization\"},\"potentialAction\":[{\"@type\":\"SearchAction\",\"target\":{\"@type\":\"EntryPoint\",\"urlTemplate\":\"https:\\\/\\\/www.loire-gourmande.fr\\\/de\\\/?s={search_term_string}\"},\"query-input\":{\"@type\":\"PropertyValueSpecification\",\"valueRequired\":true,\"valueName\":\"search_term_string\"}}],\"inLanguage\":\"de\"},{\"@type\":\"Organization\",\"@id\":\"https:\\\/\\\/www.loire-gourmande.fr\\\/de\\\/#organization\",\"name\":\"Loire Gourmande - Schnellrestaurant und Besuch in Turquant (49)\",\"url\":\"https:\\\/\\\/www.loire-gourmande.fr\\\/de\\\/\",\"logo\":{\"@type\":\"ImageObject\",\"inLanguage\":\"de\",\"@id\":\"https:\\\/\\\/www.loire-gourmande.fr\\\/de\\\/#\\\/schema\\\/logo\\\/image\\\/\",\"url\":\"https:\\\/\\\/www.loire-gourmande.fr\\\/wp-content\\\/uploads\\\/2020\\\/10\\\/loire-gourmande-logo.jpg\",\"contentUrl\":\"https:\\\/\\\/www.loire-gourmande.fr\\\/wp-content\\\/uploads\\\/2020\\\/10\\\/loire-gourmande-logo.jpg\",\"width\":800,\"height\":415,\"caption\":\"Loire Gourmande - Schnellrestaurant und Besuch in Turquant (49)\"},\"image\":{\"@id\":\"https:\\\/\\\/www.loire-gourmande.fr\\\/de\\\/#\\\/schema\\\/logo\\\/image\\\/\"},\"sameAs\":[\"https:\\\/\\\/www.facebook.com\\\/Loire-Gourmande-Turquant-101991328328493\\\/\",\"https:\\\/\\\/www.instagram.com\\\/jean_yves_auradon\\\/?igshid=1ta3mfjka326t\"]}]}<\/script>\n<!-- \/ Yoast SEO plugin. -->","yoast_head_json":{"title":"SAUMUR-CHAMPIGNY CLOS DE LA MATINIERE DOMAINE DU CAILLOU - Loire Gourmande - une \u00e9tape savoureuse","description":"Roter Saumur-Champigny. Weine von der Loire. Bestellung im Weinkeller auf der Website von Loire Gourmande. Weinh\u00e4ndler in Turquant (49).","robots":{"index":"index","follow":"follow","max-snippet":"max-snippet:-1","max-image-preview":"max-image-preview:large","max-video-preview":"max-video-preview:-1"},"canonical":"https:\/\/www.loire-gourmande.fr\/de\/Produkt\/saumur-champigny-clos-de-la-matiniere-domaine-du-caillou\/","og_locale":"de_DE","og_type":"article","og_title":"SAUMUR-CHAMPIGNY CLOS DE LA MATINIERE DOMAINE DU CAILLOU - Loire Gourmande - une \u00e9tape savoureuse","og_description":"Roter Saumur-Champigny. Weine von der Loire. Bestellung im Weinkeller auf der Website von Loire Gourmande. Weinh\u00e4ndler in Turquant (49).","og_url":"https:\/\/www.loire-gourmande.fr\/de\/Produkt\/saumur-champigny-clos-de-la-matiniere-domaine-du-caillou\/","og_site_name":"Loire Gourmande - une \u00e9tape savoureuse","article_publisher":"https:\/\/www.facebook.com\/Loire-Gourmande-Turquant-101991328328493\/","article_modified_time":"2026-02-09T12:48:45+00:00","og_image":[{"width":800,"height":800,"url":"https:\/\/www.loire-gourmande.fr\/wp-content\/uploads\/2022\/07\/SAUMUR-CHAMPIGNY-CLOS-DE-LA-MATINIERE-DOMAINE-DU-CAILLOU.jpg","type":"image\/jpeg"}],"twitter_card":"summary_large_image","twitter_misc":{"Gesch\u00e4tzte Lesezeit":"1\u00a0Minute"},"schema":{"@context":"https:\/\/schema.org","@graph":[{"@type":"WebPage","@id":"https:\/\/www.loire-gourmande.fr\/de\/Produkt\/saumur-champigny-clos-de-la-matiniere-domaine-du-caillou\/","url":"https:\/\/www.loire-gourmande.fr\/de\/Produkt\/saumur-champigny-clos-de-la-matiniere-domaine-du-caillou\/","name":"SAUMUR-CHAMPIGNY CLOS DE LA MATINIERE DOMAINE DU CAILLOU - Loire Gourmande - une \u00e9tape savoureuse","isPartOf":{"@id":"https:\/\/www.loire-gourmande.fr\/de\/#website"},"primaryImageOfPage":{"@id":"https:\/\/www.loire-gourmande.fr\/de\/Produkt\/saumur-champigny-clos-de-la-matiniere-domaine-du-caillou\/#primaryimage"},"image":{"@id":"https:\/\/www.loire-gourmande.fr\/de\/Produkt\/saumur-champigny-clos-de-la-matiniere-domaine-du-caillou\/#primaryimage"},"thumbnailUrl":"https:\/\/www.loire-gourmande.fr\/wp-content\/uploads\/2022\/07\/SAUMUR-CHAMPIGNY-CLOS-DE-LA-MATINIERE-DOMAINE-DU-CAILLOU.jpg","datePublished":"2022-07-26T05:21:53+00:00","dateModified":"2026-02-09T12:48:45+00:00","description":"Roter Saumur-Champigny. Weine von der Loire. Bestellung im Weinkeller auf der Website von Loire Gourmande. Weinh\u00e4ndler in Turquant (49).","breadcrumb":{"@id":"https:\/\/www.loire-gourmande.fr\/de\/Produkt\/saumur-champigny-clos-de-la-matiniere-domaine-du-caillou\/#breadcrumb"},"inLanguage":"de","potentialAction":[{"@type":"ReadAction","target":["https:\/\/www.loire-gourmande.fr\/de\/Produkt\/saumur-champigny-clos-de-la-matiniere-domaine-du-caillou\/"]}]},{"@type":"ImageObject","inLanguage":"de","@id":"https:\/\/www.loire-gourmande.fr\/de\/Produkt\/saumur-champigny-clos-de-la-matiniere-domaine-du-caillou\/#primaryimage","url":"https:\/\/www.loire-gourmande.fr\/wp-content\/uploads\/2022\/07\/SAUMUR-CHAMPIGNY-CLOS-DE-LA-MATINIERE-DOMAINE-DU-CAILLOU.jpg","contentUrl":"https:\/\/www.loire-gourmande.fr\/wp-content\/uploads\/2022\/07\/SAUMUR-CHAMPIGNY-CLOS-DE-LA-MATINIERE-DOMAINE-DU-CAILLOU.jpg","width":800,"height":800},{"@type":"BreadcrumbList","@id":"https:\/\/www.loire-gourmande.fr\/de\/Produkt\/saumur-champigny-clos-de-la-matiniere-domaine-du-caillou\/#breadcrumb","itemListElement":[{"@type":"ListItem","position":1,"name":"Startseite","item":"https:\/\/www.loire-gourmande.fr\/de\/"},{"@type":"ListItem","position":2,"name":"Die Boutique de Loire Gourmande: die Weine der Loire","item":"https:\/\/www.loire-gourmande.fr\/de\/woocommerce\/"},{"@type":"ListItem","position":3,"name":"Die Weine","item":"https:\/\/www.loire-gourmande.fr\/de\/Produktkategorie\/die-weine\/"},{"@type":"ListItem","position":4,"name":"Anjou","item":"https:\/\/www.loire-gourmande.fr\/de\/Produktkategorie\/die-weine\/anjou-de\/"},{"@type":"ListItem","position":5,"name":"SAUMUR-CHAMPIGNY CLOS DE LA MATINIERE DOMAINE DU CAILLOU"}]},{"@type":"WebSite","@id":"https:\/\/www.loire-gourmande.fr\/de\/#website","url":"https:\/\/www.loire-gourmande.fr\/de\/","name":"Loire Gourmande, une \u00e9tape savoureuse","description":"une d\u00e9gustation \u00e0 toute heure et une boutique \u00e0 visiter \u00e0 Turquant (49)","publisher":{"@id":"https:\/\/www.loire-gourmande.fr\/de\/#organization"},"potentialAction":[{"@type":"SearchAction","target":{"@type":"EntryPoint","urlTemplate":"https:\/\/www.loire-gourmande.fr\/de\/?s={search_term_string}"},"query-input":{"@type":"PropertyValueSpecification","valueRequired":true,"valueName":"search_term_string"}}],"inLanguage":"de"},{"@type":"Organization","@id":"https:\/\/www.loire-gourmande.fr\/de\/#organization","name":"Loire Gourmande - Schnellrestaurant und Besuch in Turquant (49)","url":"https:\/\/www.loire-gourmande.fr\/de\/","logo":{"@type":"ImageObject","inLanguage":"de","@id":"https:\/\/www.loire-gourmande.fr\/de\/#\/schema\/logo\/image\/","url":"https:\/\/www.loire-gourmande.fr\/wp-content\/uploads\/2020\/10\/loire-gourmande-logo.jpg","contentUrl":"https:\/\/www.loire-gourmande.fr\/wp-content\/uploads\/2020\/10\/loire-gourmande-logo.jpg","width":800,"height":415,"caption":"Loire Gourmande - Schnellrestaurant und Besuch in Turquant (49)"},"image":{"@id":"https:\/\/www.loire-gourmande.fr\/de\/#\/schema\/logo\/image\/"},"sameAs":["https:\/\/www.facebook.com\/Loire-Gourmande-Turquant-101991328328493\/","https:\/\/www.instagram.com\/jean_yves_auradon\/?igshid=1ta3mfjka326t"]}]}},"_links":{"self":[{"href":"https:\/\/www.loire-gourmande.fr\/de\/wp-json\/wp\/v2\/product\/11141","targetHints":{"allow":["GET"]}}],"collection":[{"href":"https:\/\/www.loire-gourmande.fr\/de\/wp-json\/wp\/v2\/product"}],"about":[{"href":"https:\/\/www.loire-gourmande.fr\/de\/wp-json\/wp\/v2\/types\/product"}],"version-history":[{"count":2,"href":"https:\/\/www.loire-gourmande.fr\/de\/wp-json\/wp\/v2\/product\/11141\/revisions"}],"predecessor-version":[{"id":14428,"href":"https:\/\/www.loire-gourmande.fr\/de\/wp-json\/wp\/v2\/product\/11141\/revisions\/14428"}],"wp:featuredmedia":[{"embeddable":true,"href":"https:\/\/www.loire-gourmande.fr\/de\/wp-json\/wp\/v2\/media\/14350"}],"wp:attachment":[{"href":"https:\/\/www.loire-gourmande.fr\/de\/wp-json\/wp\/v2\/media?parent=11141"}],"wp:term":[{"taxonomy":"product_brand","embeddable":true,"href":"https:\/\/www.loire-gourmande.fr\/de\/wp-json\/wp\/v2\/product_brand?post=11141"},{"taxonomy":"product_cat","embeddable":true,"href":"https:\/\/www.loire-gourmande.fr\/de\/wp-json\/wp\/v2\/product_cat?post=11141"},{"taxonomy":"product_tag","embeddable":true,"href":"https:\/\/www.loire-gourmande.fr\/de\/wp-json\/wp\/v2\/product_tag?post=11141"}],"curies":[{"name":"wp","href":"https:\/\/api.w.org\/{rel}","templated":true}]}}