{"id":11142,"date":"2022-09-21T10:18:56","date_gmt":"2022-09-21T10:18:56","guid":{"rendered":"https:\/\/www.loire-gourmande.fr\/produit\/sauvignon-igp-du-val-de-loire-domaine-du-buisson\/"},"modified":"2025-05-27T16:20:44","modified_gmt":"2025-05-27T15:20:44","slug":"sauvignon-igp-du-val-de-loire-domaine-du-buisson","status":"publish","type":"product","link":"https:\/\/www.loire-gourmande.fr\/de\/Produkt\/sauvignon-igp-du-val-de-loire-domaine-du-buisson\/","title":{"rendered":"SAUVIGNON IGP DU VAL DE LOIRE DOMAINE DU BUISSON"},"content":{"rendered":"<p>&#8222;Sehr helles Gold mit silbernen Reflexen. Angenehme Nase mit Grapefruit, gem\u00e4htem Gras und einer floralen Note. Geschmeidiger Auftakt, luftiger Mund, der sich mit Pr\u00e4zision und Zartheit ausdr\u00fcckt. Sch\u00f6ne, ausgewogene Frische. Das Ensemble vermittelt ein harmonisches Gef\u00fchl.&#8220;<\/p>\n<p class=\"font_7\"><strong>Bezeichnung:<\/strong> IGP<br \/>\n<strong>Rebsorte:<\/strong> Sauvignon Blanc<br \/>\n<strong>Boden:<\/strong> Ton-Kalkstein<br \/>\n<strong>Weintyp:<\/strong> Leicht trocken<br \/>\n<strong>Alkoholgehalt:<\/strong> 11,5 %.<br \/>\n<strong>Robe:<\/strong> Blassgelb<br \/>\nVerkostung<strong>:<\/strong> Fruchtig, Noten von Zitrusfr\u00fcchten, Brombeeren<br \/>\n<strong>Serviertemperatur:<\/strong> 9 bis 11\u00b0C<br \/>\n<strong>Lagertemperatur:<\/strong> 12 bis 14\u00b0C<br \/>\nVerweildauer<strong>:<\/strong> 1 bis 2 Jahre<br \/>\n<strong>Passt zu:<\/strong> Kir, Salaten, Jakobsmuscheln, Fisch, Ziegenk\u00e4se<\/p>\n<p class=\"font_7\">\n","protected":false},"excerpt":{"rendered":"<p>Hier k\u00f6nnen Sie sich auf eine Menge Spa\u00df freuen! Ein gro\u00dfartiger Sauvignon, der meisterhaft gemeistert wurde. Eine k\u00f6stliche Nase mit wei\u00dfen Fr\u00fcchten und ein geradliniger Mund mit Spannung und einem salzigen und mineralischen Abgang. einfach ein superber Loirewein.<\/p>\n","protected":false},"featured_media":11151,"template":"","meta":{"inline_featured_image":false},"product_brand":[],"product_cat":[611,608],"product_tag":[628,705,634,691,666],"class_list":{"0":"post-11142","1":"product","2":"type-product","3":"status-publish","4":"has-post-thumbnail","6":"product_cat-weinberge-nantes","7":"product_cat-weis","8":"product_tag-fisch","9":"product_tag-kir-de","10":"product_tag-salate","11":"product_tag-st-jacques-de","12":"product_tag-ziegenkase-de","13":"product_shipping_class-flasche","15":"first","16":"instock","17":"featured","18":"taxable","19":"shipping-taxable","20":"purchasable","21":"product-type-simple"},"yoast_head":"<!-- This site is optimized with the Yoast SEO plugin v27.6 - https:\/\/yoast.com\/product\/yoast-seo-wordpress\/ -->\n<title>SAUVIGNON IGP DU VAL DE LOIRE DOMAINE DU BUISSON - Loire Gourmande - une \u00e9tape savoureuse<\/title>\n<meta name=\"description\" content=\"SAUVIGNON IGP DU VAL DE LOIRE DOMAINE DU BUISSON. Weine von der Loire. Bestellung im Weinkeller auf der Website von Loire Gourmande. Weinh\u00e4ndler in Turquant (49).\" \/>\n<meta name=\"robots\" content=\"index, follow, max-snippet:-1, max-image-preview:large, max-video-preview:-1\" \/>\n<link rel=\"canonical\" href=\"https:\/\/www.loire-gourmande.fr\/de\/Produkt\/sauvignon-igp-du-val-de-loire-domaine-du-buisson\/\" \/>\n<meta property=\"og:locale\" content=\"de_DE\" \/>\n<meta property=\"og:type\" content=\"article\" \/>\n<meta property=\"og:title\" content=\"SAUVIGNON IGP DU VAL DE LOIRE DOMAINE DU BUISSON - Loire Gourmande - une \u00e9tape savoureuse\" \/>\n<meta property=\"og:description\" content=\"SAUVIGNON IGP DU VAL DE LOIRE DOMAINE DU BUISSON. Weine von der Loire. Bestellung im Weinkeller auf der Website von Loire Gourmande. Weinh\u00e4ndler in Turquant (49).\" \/>\n<meta property=\"og:url\" content=\"https:\/\/www.loire-gourmande.fr\/de\/Produkt\/sauvignon-igp-du-val-de-loire-domaine-du-buisson\/\" \/>\n<meta property=\"og:site_name\" content=\"Loire Gourmande - une \u00e9tape savoureuse\" \/>\n<meta property=\"article:publisher\" content=\"https:\/\/www.facebook.com\/Loire-Gourmande-Turquant-101991328328493\/\" \/>\n<meta property=\"article:modified_time\" content=\"2025-05-27T15:20:44+00:00\" \/>\n<meta property=\"og:image\" content=\"https:\/\/www.loire-gourmande.fr\/wp-content\/uploads\/2022\/09\/Sauvignon-833x1024.png\" \/>\n\t<meta property=\"og:image:width\" content=\"833\" \/>\n\t<meta property=\"og:image:height\" content=\"1024\" \/>\n\t<meta property=\"og:image:type\" content=\"image\/png\" \/>\n<meta name=\"twitter:card\" content=\"summary_large_image\" \/>\n<script type=\"application\/ld+json\" class=\"yoast-schema-graph\">{\"@context\":\"https:\\\/\\\/schema.org\",\"@graph\":[{\"@type\":\"WebPage\",\"@id\":\"https:\\\/\\\/www.loire-gourmande.fr\\\/de\\\/Produkt\\\/sauvignon-igp-du-val-de-loire-domaine-du-buisson\\\/\",\"url\":\"https:\\\/\\\/www.loire-gourmande.fr\\\/de\\\/Produkt\\\/sauvignon-igp-du-val-de-loire-domaine-du-buisson\\\/\",\"name\":\"SAUVIGNON IGP DU VAL DE LOIRE DOMAINE DU BUISSON - Loire Gourmande - une \u00e9tape savoureuse\",\"isPartOf\":{\"@id\":\"https:\\\/\\\/www.loire-gourmande.fr\\\/de\\\/#website\"},\"primaryImageOfPage\":{\"@id\":\"https:\\\/\\\/www.loire-gourmande.fr\\\/de\\\/Produkt\\\/sauvignon-igp-du-val-de-loire-domaine-du-buisson\\\/#primaryimage\"},\"image\":{\"@id\":\"https:\\\/\\\/www.loire-gourmande.fr\\\/de\\\/Produkt\\\/sauvignon-igp-du-val-de-loire-domaine-du-buisson\\\/#primaryimage\"},\"thumbnailUrl\":\"https:\\\/\\\/www.loire-gourmande.fr\\\/wp-content\\\/uploads\\\/2022\\\/09\\\/Sauvignon.png\",\"datePublished\":\"2022-09-21T10:18:56+00:00\",\"dateModified\":\"2025-05-27T15:20:44+00:00\",\"description\":\"SAUVIGNON IGP DU VAL DE LOIRE DOMAINE DU BUISSON. Weine von der Loire. Bestellung im Weinkeller auf der Website von Loire Gourmande. Weinh\u00e4ndler in Turquant (49).\",\"breadcrumb\":{\"@id\":\"https:\\\/\\\/www.loire-gourmande.fr\\\/de\\\/Produkt\\\/sauvignon-igp-du-val-de-loire-domaine-du-buisson\\\/#breadcrumb\"},\"inLanguage\":\"de\",\"potentialAction\":[{\"@type\":\"ReadAction\",\"target\":[\"https:\\\/\\\/www.loire-gourmande.fr\\\/de\\\/Produkt\\\/sauvignon-igp-du-val-de-loire-domaine-du-buisson\\\/\"]}]},{\"@type\":\"ImageObject\",\"inLanguage\":\"de\",\"@id\":\"https:\\\/\\\/www.loire-gourmande.fr\\\/de\\\/Produkt\\\/sauvignon-igp-du-val-de-loire-domaine-du-buisson\\\/#primaryimage\",\"url\":\"https:\\\/\\\/www.loire-gourmande.fr\\\/wp-content\\\/uploads\\\/2022\\\/09\\\/Sauvignon.png\",\"contentUrl\":\"https:\\\/\\\/www.loire-gourmande.fr\\\/wp-content\\\/uploads\\\/2022\\\/09\\\/Sauvignon.png\",\"width\":2411,\"height\":2964},{\"@type\":\"BreadcrumbList\",\"@id\":\"https:\\\/\\\/www.loire-gourmande.fr\\\/de\\\/Produkt\\\/sauvignon-igp-du-val-de-loire-domaine-du-buisson\\\/#breadcrumb\",\"itemListElement\":[{\"@type\":\"ListItem\",\"position\":1,\"name\":\"Startseite\",\"item\":\"https:\\\/\\\/www.loire-gourmande.fr\\\/de\\\/\"},{\"@type\":\"ListItem\",\"position\":2,\"name\":\"Die Boutique de Loire Gourmande: die Weine der Loire\",\"item\":\"https:\\\/\\\/www.loire-gourmande.fr\\\/de\\\/woocommerce\\\/\"},{\"@type\":\"ListItem\",\"position\":3,\"name\":\"Die Weine\",\"item\":\"https:\\\/\\\/www.loire-gourmande.fr\\\/de\\\/Produktkategorie\\\/die-weine\\\/\"},{\"@type\":\"ListItem\",\"position\":4,\"name\":\"Wei\u00df\",\"item\":\"https:\\\/\\\/www.loire-gourmande.fr\\\/de\\\/Produktkategorie\\\/die-weine\\\/weis\\\/\"},{\"@type\":\"ListItem\",\"position\":5,\"name\":\"SAUVIGNON IGP DU VAL DE LOIRE DOMAINE DU BUISSON\"}]},{\"@type\":\"WebSite\",\"@id\":\"https:\\\/\\\/www.loire-gourmande.fr\\\/de\\\/#website\",\"url\":\"https:\\\/\\\/www.loire-gourmande.fr\\\/de\\\/\",\"name\":\"Loire Gourmande, une \u00e9tape savoureuse\",\"description\":\"une d\u00e9gustation \u00e0 toute heure et une boutique \u00e0 visiter \u00e0 Turquant (49)\",\"publisher\":{\"@id\":\"https:\\\/\\\/www.loire-gourmande.fr\\\/de\\\/#organization\"},\"potentialAction\":[{\"@type\":\"SearchAction\",\"target\":{\"@type\":\"EntryPoint\",\"urlTemplate\":\"https:\\\/\\\/www.loire-gourmande.fr\\\/de\\\/?s={search_term_string}\"},\"query-input\":{\"@type\":\"PropertyValueSpecification\",\"valueRequired\":true,\"valueName\":\"search_term_string\"}}],\"inLanguage\":\"de\"},{\"@type\":\"Organization\",\"@id\":\"https:\\\/\\\/www.loire-gourmande.fr\\\/de\\\/#organization\",\"name\":\"Loire Gourmande - Schnellrestaurant und Besuch in Turquant (49)\",\"url\":\"https:\\\/\\\/www.loire-gourmande.fr\\\/de\\\/\",\"logo\":{\"@type\":\"ImageObject\",\"inLanguage\":\"de\",\"@id\":\"https:\\\/\\\/www.loire-gourmande.fr\\\/de\\\/#\\\/schema\\\/logo\\\/image\\\/\",\"url\":\"https:\\\/\\\/www.loire-gourmande.fr\\\/wp-content\\\/uploads\\\/2020\\\/10\\\/loire-gourmande-logo.jpg\",\"contentUrl\":\"https:\\\/\\\/www.loire-gourmande.fr\\\/wp-content\\\/uploads\\\/2020\\\/10\\\/loire-gourmande-logo.jpg\",\"width\":800,\"height\":415,\"caption\":\"Loire Gourmande - Schnellrestaurant und Besuch in Turquant (49)\"},\"image\":{\"@id\":\"https:\\\/\\\/www.loire-gourmande.fr\\\/de\\\/#\\\/schema\\\/logo\\\/image\\\/\"},\"sameAs\":[\"https:\\\/\\\/www.facebook.com\\\/Loire-Gourmande-Turquant-101991328328493\\\/\",\"https:\\\/\\\/www.instagram.com\\\/jean_yves_auradon\\\/?igshid=1ta3mfjka326t\"]}]}<\/script>\n<!-- \/ Yoast SEO plugin. -->","yoast_head_json":{"title":"SAUVIGNON IGP DU VAL DE LOIRE DOMAINE DU BUISSON - Loire Gourmande - une \u00e9tape savoureuse","description":"SAUVIGNON IGP DU VAL DE LOIRE DOMAINE DU BUISSON. Weine von der Loire. Bestellung im Weinkeller auf der Website von Loire Gourmande. Weinh\u00e4ndler in Turquant (49).","robots":{"index":"index","follow":"follow","max-snippet":"max-snippet:-1","max-image-preview":"max-image-preview:large","max-video-preview":"max-video-preview:-1"},"canonical":"https:\/\/www.loire-gourmande.fr\/de\/Produkt\/sauvignon-igp-du-val-de-loire-domaine-du-buisson\/","og_locale":"de_DE","og_type":"article","og_title":"SAUVIGNON IGP DU VAL DE LOIRE DOMAINE DU BUISSON - Loire Gourmande - une \u00e9tape savoureuse","og_description":"SAUVIGNON IGP DU VAL DE LOIRE DOMAINE DU BUISSON. Weine von der Loire. Bestellung im Weinkeller auf der Website von Loire Gourmande. Weinh\u00e4ndler in Turquant (49).","og_url":"https:\/\/www.loire-gourmande.fr\/de\/Produkt\/sauvignon-igp-du-val-de-loire-domaine-du-buisson\/","og_site_name":"Loire Gourmande - une \u00e9tape savoureuse","article_publisher":"https:\/\/www.facebook.com\/Loire-Gourmande-Turquant-101991328328493\/","article_modified_time":"2025-05-27T15:20:44+00:00","og_image":[{"width":833,"height":1024,"url":"https:\/\/www.loire-gourmande.fr\/wp-content\/uploads\/2022\/09\/Sauvignon-833x1024.png","type":"image\/png"}],"twitter_card":"summary_large_image","schema":{"@context":"https:\/\/schema.org","@graph":[{"@type":"WebPage","@id":"https:\/\/www.loire-gourmande.fr\/de\/Produkt\/sauvignon-igp-du-val-de-loire-domaine-du-buisson\/","url":"https:\/\/www.loire-gourmande.fr\/de\/Produkt\/sauvignon-igp-du-val-de-loire-domaine-du-buisson\/","name":"SAUVIGNON IGP DU VAL DE LOIRE DOMAINE DU BUISSON - Loire Gourmande - une \u00e9tape savoureuse","isPartOf":{"@id":"https:\/\/www.loire-gourmande.fr\/de\/#website"},"primaryImageOfPage":{"@id":"https:\/\/www.loire-gourmande.fr\/de\/Produkt\/sauvignon-igp-du-val-de-loire-domaine-du-buisson\/#primaryimage"},"image":{"@id":"https:\/\/www.loire-gourmande.fr\/de\/Produkt\/sauvignon-igp-du-val-de-loire-domaine-du-buisson\/#primaryimage"},"thumbnailUrl":"https:\/\/www.loire-gourmande.fr\/wp-content\/uploads\/2022\/09\/Sauvignon.png","datePublished":"2022-09-21T10:18:56+00:00","dateModified":"2025-05-27T15:20:44+00:00","description":"SAUVIGNON IGP DU VAL DE LOIRE DOMAINE DU BUISSON. Weine von der Loire. Bestellung im Weinkeller auf der Website von Loire Gourmande. Weinh\u00e4ndler in Turquant (49).","breadcrumb":{"@id":"https:\/\/www.loire-gourmande.fr\/de\/Produkt\/sauvignon-igp-du-val-de-loire-domaine-du-buisson\/#breadcrumb"},"inLanguage":"de","potentialAction":[{"@type":"ReadAction","target":["https:\/\/www.loire-gourmande.fr\/de\/Produkt\/sauvignon-igp-du-val-de-loire-domaine-du-buisson\/"]}]},{"@type":"ImageObject","inLanguage":"de","@id":"https:\/\/www.loire-gourmande.fr\/de\/Produkt\/sauvignon-igp-du-val-de-loire-domaine-du-buisson\/#primaryimage","url":"https:\/\/www.loire-gourmande.fr\/wp-content\/uploads\/2022\/09\/Sauvignon.png","contentUrl":"https:\/\/www.loire-gourmande.fr\/wp-content\/uploads\/2022\/09\/Sauvignon.png","width":2411,"height":2964},{"@type":"BreadcrumbList","@id":"https:\/\/www.loire-gourmande.fr\/de\/Produkt\/sauvignon-igp-du-val-de-loire-domaine-du-buisson\/#breadcrumb","itemListElement":[{"@type":"ListItem","position":1,"name":"Startseite","item":"https:\/\/www.loire-gourmande.fr\/de\/"},{"@type":"ListItem","position":2,"name":"Die Boutique de Loire Gourmande: die Weine der Loire","item":"https:\/\/www.loire-gourmande.fr\/de\/woocommerce\/"},{"@type":"ListItem","position":3,"name":"Die Weine","item":"https:\/\/www.loire-gourmande.fr\/de\/Produktkategorie\/die-weine\/"},{"@type":"ListItem","position":4,"name":"Wei\u00df","item":"https:\/\/www.loire-gourmande.fr\/de\/Produktkategorie\/die-weine\/weis\/"},{"@type":"ListItem","position":5,"name":"SAUVIGNON IGP DU VAL DE LOIRE DOMAINE DU BUISSON"}]},{"@type":"WebSite","@id":"https:\/\/www.loire-gourmande.fr\/de\/#website","url":"https:\/\/www.loire-gourmande.fr\/de\/","name":"Loire Gourmande, une \u00e9tape savoureuse","description":"une d\u00e9gustation \u00e0 toute heure et une boutique \u00e0 visiter \u00e0 Turquant (49)","publisher":{"@id":"https:\/\/www.loire-gourmande.fr\/de\/#organization"},"potentialAction":[{"@type":"SearchAction","target":{"@type":"EntryPoint","urlTemplate":"https:\/\/www.loire-gourmande.fr\/de\/?s={search_term_string}"},"query-input":{"@type":"PropertyValueSpecification","valueRequired":true,"valueName":"search_term_string"}}],"inLanguage":"de"},{"@type":"Organization","@id":"https:\/\/www.loire-gourmande.fr\/de\/#organization","name":"Loire Gourmande - Schnellrestaurant und Besuch in Turquant (49)","url":"https:\/\/www.loire-gourmande.fr\/de\/","logo":{"@type":"ImageObject","inLanguage":"de","@id":"https:\/\/www.loire-gourmande.fr\/de\/#\/schema\/logo\/image\/","url":"https:\/\/www.loire-gourmande.fr\/wp-content\/uploads\/2020\/10\/loire-gourmande-logo.jpg","contentUrl":"https:\/\/www.loire-gourmande.fr\/wp-content\/uploads\/2020\/10\/loire-gourmande-logo.jpg","width":800,"height":415,"caption":"Loire Gourmande - Schnellrestaurant und Besuch in Turquant (49)"},"image":{"@id":"https:\/\/www.loire-gourmande.fr\/de\/#\/schema\/logo\/image\/"},"sameAs":["https:\/\/www.facebook.com\/Loire-Gourmande-Turquant-101991328328493\/","https:\/\/www.instagram.com\/jean_yves_auradon\/?igshid=1ta3mfjka326t"]}]}},"_links":{"self":[{"href":"https:\/\/www.loire-gourmande.fr\/de\/wp-json\/wp\/v2\/product\/11142","targetHints":{"allow":["GET"]}}],"collection":[{"href":"https:\/\/www.loire-gourmande.fr\/de\/wp-json\/wp\/v2\/product"}],"about":[{"href":"https:\/\/www.loire-gourmande.fr\/de\/wp-json\/wp\/v2\/types\/product"}],"version-history":[{"count":2,"href":"https:\/\/www.loire-gourmande.fr\/de\/wp-json\/wp\/v2\/product\/11142\/revisions"}],"predecessor-version":[{"id":13115,"href":"https:\/\/www.loire-gourmande.fr\/de\/wp-json\/wp\/v2\/product\/11142\/revisions\/13115"}],"wp:featuredmedia":[{"embeddable":true,"href":"https:\/\/www.loire-gourmande.fr\/de\/wp-json\/wp\/v2\/media\/11151"}],"wp:attachment":[{"href":"https:\/\/www.loire-gourmande.fr\/de\/wp-json\/wp\/v2\/media?parent=11142"}],"wp:term":[{"taxonomy":"product_brand","embeddable":true,"href":"https:\/\/www.loire-gourmande.fr\/de\/wp-json\/wp\/v2\/product_brand?post=11142"},{"taxonomy":"product_cat","embeddable":true,"href":"https:\/\/www.loire-gourmande.fr\/de\/wp-json\/wp\/v2\/product_cat?post=11142"},{"taxonomy":"product_tag","embeddable":true,"href":"https:\/\/www.loire-gourmande.fr\/de\/wp-json\/wp\/v2\/product_tag?post=11142"}],"curies":[{"name":"wp","href":"https:\/\/api.w.org\/{rel}","templated":true}]}}