{"id":11145,"date":"2023-02-17T12:57:05","date_gmt":"2023-02-17T12:57:05","guid":{"rendered":"https:\/\/www.loire-gourmande.fr\/produit\/cuvee-dadele-le-domaine-du-foux-a-chaux\/"},"modified":"2025-05-27T16:20:38","modified_gmt":"2025-05-27T15:20:38","slug":"cuvee-dadele-le-domaine-du-foux-a-chaux","status":"publish","type":"product","link":"https:\/\/www.loire-gourmande.fr\/de\/Produkt\/cuvee-dadele-le-domaine-du-foux-a-chaux\/","title":{"rendered":"CUVEE D&#8217;ADELE LE DOMAINE DU FOUX A CHAUX"},"content":{"rendered":"<div>\n<p>Entdecken Sie eine seltene Rebsorte mit dem Wei\u00dfwein Cuv\u00e9e d&#8217;Ad\u00e8le, einem Landwein aus dem Loiretal von der Domaine du four \u00e0 Chaux in Thor\u00e9-la-Rochette. Dieser Wein aus der Rebsorte Sauvignon fi\u00e9 mit pflanzlichen Aromen ist originell und wenig verbreitet. Teilen Sie ihn mit Ihren Freunden oder Ihrer Familie und schaffen Sie so eine echte Atmosph\u00e4re der Geselligkeit.<br \/>\nWeinbereitung<strong>:<\/strong> Traditionelle Weinbereitung, G\u00e4rung in Tanks bei einer Temperatur von 18\u00b0C. Nach 15 Tagen G\u00e4rung wird der Wein bis zur Abf\u00fcllung im Fr\u00fchjahr auf der Hefe belassen und mit Luft abgestochen.<\/p>\n<\/div>\n<ul>\n<li><strong>Rebsorte <\/strong>: Sauvignon Fi\u00e9<\/li>\n<li><strong>Jahrgang <\/strong>: 2020<\/li>\n<li><strong>Boden <\/strong>: Lehm und Feuerstein<\/li>\n<li><strong>Durchschnittsertrag<\/strong>: 50 hl \/ Ha<\/li>\n<li><strong>Alkoholgehalt <\/strong>: 14%<\/li>\n<li><strong>Lagerung <\/strong>: 3 bis 5 Jahre<\/li>\n<li><strong>Serviertemperatur<\/strong> : zwischen 8 und 10 \u00b0C<br \/>\n<strong>Verkostung <\/strong>: Die Rebsorte Fi\u00e9 oder Sauvignon Gris aus der Parzellenauswahl verleiht dem Wein leicht rosa Reflexe, intensive Aromen, Dichte und Fettigkeit.<br \/>\n<strong>Kombinationen von Speisen und Weinen<\/strong> : Diese Gro\u00dfz\u00fcgigkeit, gemischt mit Frische, bietet gelungene gastronomische Kombinationen mit Fisch oder wei\u00dfem Fleisch in So\u00dfe und gepresstem K\u00e4se wie Cantal.<\/li>\n<\/ul>\n","protected":false},"excerpt":{"rendered":"<div>\n<p>Die Domaine du Four-Lime Kiln &#8211; Dominique Norguet, Winzer auf der AOC Coteaux du Vend\u00f4mois, ist zweifellos unser n\u00e4chstgelegener Winzer.<br \/>\nAd\u00e8le ist ein Wei\u00dfwein aus <strong>Fi\u00e9 Gris<\/strong> , der die Magie einer <strong>wenig bekannten Rebsorte<\/strong> veranschaulicht. Diese verf\u00fchrerische Cousine, die immer noch <strong>aus der Familie der Sauvignon stammt<\/strong>, bringt jeden Sommer zartrosa Trauben zur Welt.<\/p>\n<\/div>\n<div><\/div>\n","protected":false},"featured_media":11153,"template":"","meta":{"inline_featured_image":false},"product_brand":[],"product_cat":[600,609,624,608],"product_tag":[629,605,663],"class_list":{"0":"post-11145","1":"product","2":"type-product","3":"status-publish","4":"has-post-thumbnail","6":"product_cat-die-weine","7":"product_cat-touraine-de","8":"product_cat-vergessene-rebsorten","9":"product_cat-weis","10":"product_tag-fische","11":"product_tag-kase","12":"product_tag-weises-fleisch","13":"product_shipping_class-flasche","15":"first","16":"instock","17":"featured","18":"taxable","19":"shipping-taxable","20":"purchasable","21":"product-type-simple"},"yoast_head":"<!-- This site is optimized with the Yoast SEO plugin v27.6 - https:\/\/yoast.com\/product\/yoast-seo-wordpress\/ -->\n<title>CUVEE D&#039;ADELE LE DOMAINE DU FOUX A CHAUX - Loire Gourmande - une \u00e9tape savoureuse<\/title>\n<meta name=\"description\" content=\"Cuv\u00e9e d&#039;Ad\u00e8le, Wein aus dem Loiretal in Thor\u00e9-la-Rochette. Bestellung im Weinkeller auf der Website von Loire Gourmande. Weinh\u00e4ndler in Turquant (49).\" \/>\n<meta name=\"robots\" content=\"index, follow, max-snippet:-1, max-image-preview:large, max-video-preview:-1\" \/>\n<link rel=\"canonical\" href=\"https:\/\/www.loire-gourmande.fr\/de\/Produkt\/cuvee-dadele-le-domaine-du-foux-a-chaux\/\" \/>\n<meta property=\"og:locale\" content=\"de_DE\" \/>\n<meta property=\"og:type\" content=\"article\" \/>\n<meta property=\"og:title\" content=\"CUVEE D&#039;ADELE LE DOMAINE DU FOUX A CHAUX - Loire Gourmande - une \u00e9tape savoureuse\" \/>\n<meta property=\"og:description\" content=\"Cuv\u00e9e d&#039;Ad\u00e8le, Wein aus dem Loiretal in Thor\u00e9-la-Rochette. Bestellung im Weinkeller auf der Website von Loire Gourmande. Weinh\u00e4ndler in Turquant (49).\" \/>\n<meta property=\"og:url\" content=\"https:\/\/www.loire-gourmande.fr\/de\/Produkt\/cuvee-dadele-le-domaine-du-foux-a-chaux\/\" \/>\n<meta property=\"og:site_name\" content=\"Loire Gourmande - une \u00e9tape savoureuse\" \/>\n<meta property=\"article:publisher\" content=\"https:\/\/www.facebook.com\/Loire-Gourmande-Turquant-101991328328493\/\" \/>\n<meta property=\"article:modified_time\" content=\"2025-05-27T15:20:38+00:00\" \/>\n<meta property=\"og:image\" content=\"https:\/\/www.loire-gourmande.fr\/wp-content\/uploads\/2023\/02\/CUVEE-DADELE-LE-DOMAINE-DU-FOUX-A-CHAUX.png\" \/>\n\t<meta property=\"og:image:width\" content=\"800\" \/>\n\t<meta property=\"og:image:height\" content=\"804\" \/>\n\t<meta property=\"og:image:type\" content=\"image\/png\" \/>\n<meta name=\"twitter:card\" content=\"summary_large_image\" \/>\n<meta name=\"twitter:label1\" content=\"Gesch\u00e4tzte Lesezeit\" \/>\n\t<meta name=\"twitter:data1\" content=\"1\u00a0Minute\" \/>\n<script type=\"application\/ld+json\" class=\"yoast-schema-graph\">{\"@context\":\"https:\\\/\\\/schema.org\",\"@graph\":[{\"@type\":\"WebPage\",\"@id\":\"https:\\\/\\\/www.loire-gourmande.fr\\\/de\\\/Produkt\\\/cuvee-dadele-le-domaine-du-foux-a-chaux\\\/\",\"url\":\"https:\\\/\\\/www.loire-gourmande.fr\\\/de\\\/Produkt\\\/cuvee-dadele-le-domaine-du-foux-a-chaux\\\/\",\"name\":\"CUVEE D'ADELE LE DOMAINE DU FOUX A CHAUX - Loire Gourmande - une \u00e9tape savoureuse\",\"isPartOf\":{\"@id\":\"https:\\\/\\\/www.loire-gourmande.fr\\\/de\\\/#website\"},\"primaryImageOfPage\":{\"@id\":\"https:\\\/\\\/www.loire-gourmande.fr\\\/de\\\/Produkt\\\/cuvee-dadele-le-domaine-du-foux-a-chaux\\\/#primaryimage\"},\"image\":{\"@id\":\"https:\\\/\\\/www.loire-gourmande.fr\\\/de\\\/Produkt\\\/cuvee-dadele-le-domaine-du-foux-a-chaux\\\/#primaryimage\"},\"thumbnailUrl\":\"https:\\\/\\\/www.loire-gourmande.fr\\\/wp-content\\\/uploads\\\/2023\\\/02\\\/CUVEE-DADELE-LE-DOMAINE-DU-FOUX-A-CHAUX.png\",\"datePublished\":\"2023-02-17T12:57:05+00:00\",\"dateModified\":\"2025-05-27T15:20:38+00:00\",\"description\":\"Cuv\u00e9e d'Ad\u00e8le, Wein aus dem Loiretal in Thor\u00e9-la-Rochette. Bestellung im Weinkeller auf der Website von Loire Gourmande. Weinh\u00e4ndler in Turquant (49).\",\"breadcrumb\":{\"@id\":\"https:\\\/\\\/www.loire-gourmande.fr\\\/de\\\/Produkt\\\/cuvee-dadele-le-domaine-du-foux-a-chaux\\\/#breadcrumb\"},\"inLanguage\":\"de\",\"potentialAction\":[{\"@type\":\"ReadAction\",\"target\":[\"https:\\\/\\\/www.loire-gourmande.fr\\\/de\\\/Produkt\\\/cuvee-dadele-le-domaine-du-foux-a-chaux\\\/\"]}]},{\"@type\":\"ImageObject\",\"inLanguage\":\"de\",\"@id\":\"https:\\\/\\\/www.loire-gourmande.fr\\\/de\\\/Produkt\\\/cuvee-dadele-le-domaine-du-foux-a-chaux\\\/#primaryimage\",\"url\":\"https:\\\/\\\/www.loire-gourmande.fr\\\/wp-content\\\/uploads\\\/2023\\\/02\\\/CUVEE-DADELE-LE-DOMAINE-DU-FOUX-A-CHAUX.png\",\"contentUrl\":\"https:\\\/\\\/www.loire-gourmande.fr\\\/wp-content\\\/uploads\\\/2023\\\/02\\\/CUVEE-DADELE-LE-DOMAINE-DU-FOUX-A-CHAUX.png\",\"width\":800,\"height\":804},{\"@type\":\"BreadcrumbList\",\"@id\":\"https:\\\/\\\/www.loire-gourmande.fr\\\/de\\\/Produkt\\\/cuvee-dadele-le-domaine-du-foux-a-chaux\\\/#breadcrumb\",\"itemListElement\":[{\"@type\":\"ListItem\",\"position\":1,\"name\":\"Startseite\",\"item\":\"https:\\\/\\\/www.loire-gourmande.fr\\\/de\\\/\"},{\"@type\":\"ListItem\",\"position\":2,\"name\":\"Die Boutique de Loire Gourmande: die Weine der Loire\",\"item\":\"https:\\\/\\\/www.loire-gourmande.fr\\\/de\\\/woocommerce\\\/\"},{\"@type\":\"ListItem\",\"position\":3,\"name\":\"Die Weine\",\"item\":\"https:\\\/\\\/www.loire-gourmande.fr\\\/de\\\/Produktkategorie\\\/die-weine\\\/\"},{\"@type\":\"ListItem\",\"position\":4,\"name\":\"CUVEE D&#8217;ADELE LE DOMAINE DU FOUX A CHAUX\"}]},{\"@type\":\"WebSite\",\"@id\":\"https:\\\/\\\/www.loire-gourmande.fr\\\/de\\\/#website\",\"url\":\"https:\\\/\\\/www.loire-gourmande.fr\\\/de\\\/\",\"name\":\"Loire Gourmande, une \u00e9tape savoureuse\",\"description\":\"une d\u00e9gustation \u00e0 toute heure et une boutique \u00e0 visiter \u00e0 Turquant (49)\",\"publisher\":{\"@id\":\"https:\\\/\\\/www.loire-gourmande.fr\\\/de\\\/#organization\"},\"potentialAction\":[{\"@type\":\"SearchAction\",\"target\":{\"@type\":\"EntryPoint\",\"urlTemplate\":\"https:\\\/\\\/www.loire-gourmande.fr\\\/de\\\/?s={search_term_string}\"},\"query-input\":{\"@type\":\"PropertyValueSpecification\",\"valueRequired\":true,\"valueName\":\"search_term_string\"}}],\"inLanguage\":\"de\"},{\"@type\":\"Organization\",\"@id\":\"https:\\\/\\\/www.loire-gourmande.fr\\\/de\\\/#organization\",\"name\":\"Loire Gourmande - Schnellrestaurant und Besuch in Turquant (49)\",\"url\":\"https:\\\/\\\/www.loire-gourmande.fr\\\/de\\\/\",\"logo\":{\"@type\":\"ImageObject\",\"inLanguage\":\"de\",\"@id\":\"https:\\\/\\\/www.loire-gourmande.fr\\\/de\\\/#\\\/schema\\\/logo\\\/image\\\/\",\"url\":\"https:\\\/\\\/www.loire-gourmande.fr\\\/wp-content\\\/uploads\\\/2020\\\/10\\\/loire-gourmande-logo.jpg\",\"contentUrl\":\"https:\\\/\\\/www.loire-gourmande.fr\\\/wp-content\\\/uploads\\\/2020\\\/10\\\/loire-gourmande-logo.jpg\",\"width\":800,\"height\":415,\"caption\":\"Loire Gourmande - Schnellrestaurant und Besuch in Turquant (49)\"},\"image\":{\"@id\":\"https:\\\/\\\/www.loire-gourmande.fr\\\/de\\\/#\\\/schema\\\/logo\\\/image\\\/\"},\"sameAs\":[\"https:\\\/\\\/www.facebook.com\\\/Loire-Gourmande-Turquant-101991328328493\\\/\",\"https:\\\/\\\/www.instagram.com\\\/jean_yves_auradon\\\/?igshid=1ta3mfjka326t\"]}]}<\/script>\n<!-- \/ Yoast SEO plugin. -->","yoast_head_json":{"title":"CUVEE D'ADELE LE DOMAINE DU FOUX A CHAUX - Loire Gourmande - une \u00e9tape savoureuse","description":"Cuv\u00e9e d'Ad\u00e8le, Wein aus dem Loiretal in Thor\u00e9-la-Rochette. Bestellung im Weinkeller auf der Website von Loire Gourmande. Weinh\u00e4ndler in Turquant (49).","robots":{"index":"index","follow":"follow","max-snippet":"max-snippet:-1","max-image-preview":"max-image-preview:large","max-video-preview":"max-video-preview:-1"},"canonical":"https:\/\/www.loire-gourmande.fr\/de\/Produkt\/cuvee-dadele-le-domaine-du-foux-a-chaux\/","og_locale":"de_DE","og_type":"article","og_title":"CUVEE D'ADELE LE DOMAINE DU FOUX A CHAUX - Loire Gourmande - une \u00e9tape savoureuse","og_description":"Cuv\u00e9e d'Ad\u00e8le, Wein aus dem Loiretal in Thor\u00e9-la-Rochette. Bestellung im Weinkeller auf der Website von Loire Gourmande. Weinh\u00e4ndler in Turquant (49).","og_url":"https:\/\/www.loire-gourmande.fr\/de\/Produkt\/cuvee-dadele-le-domaine-du-foux-a-chaux\/","og_site_name":"Loire Gourmande - une \u00e9tape savoureuse","article_publisher":"https:\/\/www.facebook.com\/Loire-Gourmande-Turquant-101991328328493\/","article_modified_time":"2025-05-27T15:20:38+00:00","og_image":[{"width":800,"height":804,"url":"https:\/\/www.loire-gourmande.fr\/wp-content\/uploads\/2023\/02\/CUVEE-DADELE-LE-DOMAINE-DU-FOUX-A-CHAUX.png","type":"image\/png"}],"twitter_card":"summary_large_image","twitter_misc":{"Gesch\u00e4tzte Lesezeit":"1\u00a0Minute"},"schema":{"@context":"https:\/\/schema.org","@graph":[{"@type":"WebPage","@id":"https:\/\/www.loire-gourmande.fr\/de\/Produkt\/cuvee-dadele-le-domaine-du-foux-a-chaux\/","url":"https:\/\/www.loire-gourmande.fr\/de\/Produkt\/cuvee-dadele-le-domaine-du-foux-a-chaux\/","name":"CUVEE D'ADELE LE DOMAINE DU FOUX A CHAUX - Loire Gourmande - une \u00e9tape savoureuse","isPartOf":{"@id":"https:\/\/www.loire-gourmande.fr\/de\/#website"},"primaryImageOfPage":{"@id":"https:\/\/www.loire-gourmande.fr\/de\/Produkt\/cuvee-dadele-le-domaine-du-foux-a-chaux\/#primaryimage"},"image":{"@id":"https:\/\/www.loire-gourmande.fr\/de\/Produkt\/cuvee-dadele-le-domaine-du-foux-a-chaux\/#primaryimage"},"thumbnailUrl":"https:\/\/www.loire-gourmande.fr\/wp-content\/uploads\/2023\/02\/CUVEE-DADELE-LE-DOMAINE-DU-FOUX-A-CHAUX.png","datePublished":"2023-02-17T12:57:05+00:00","dateModified":"2025-05-27T15:20:38+00:00","description":"Cuv\u00e9e d'Ad\u00e8le, Wein aus dem Loiretal in Thor\u00e9-la-Rochette. Bestellung im Weinkeller auf der Website von Loire Gourmande. Weinh\u00e4ndler in Turquant (49).","breadcrumb":{"@id":"https:\/\/www.loire-gourmande.fr\/de\/Produkt\/cuvee-dadele-le-domaine-du-foux-a-chaux\/#breadcrumb"},"inLanguage":"de","potentialAction":[{"@type":"ReadAction","target":["https:\/\/www.loire-gourmande.fr\/de\/Produkt\/cuvee-dadele-le-domaine-du-foux-a-chaux\/"]}]},{"@type":"ImageObject","inLanguage":"de","@id":"https:\/\/www.loire-gourmande.fr\/de\/Produkt\/cuvee-dadele-le-domaine-du-foux-a-chaux\/#primaryimage","url":"https:\/\/www.loire-gourmande.fr\/wp-content\/uploads\/2023\/02\/CUVEE-DADELE-LE-DOMAINE-DU-FOUX-A-CHAUX.png","contentUrl":"https:\/\/www.loire-gourmande.fr\/wp-content\/uploads\/2023\/02\/CUVEE-DADELE-LE-DOMAINE-DU-FOUX-A-CHAUX.png","width":800,"height":804},{"@type":"BreadcrumbList","@id":"https:\/\/www.loire-gourmande.fr\/de\/Produkt\/cuvee-dadele-le-domaine-du-foux-a-chaux\/#breadcrumb","itemListElement":[{"@type":"ListItem","position":1,"name":"Startseite","item":"https:\/\/www.loire-gourmande.fr\/de\/"},{"@type":"ListItem","position":2,"name":"Die Boutique de Loire Gourmande: die Weine der Loire","item":"https:\/\/www.loire-gourmande.fr\/de\/woocommerce\/"},{"@type":"ListItem","position":3,"name":"Die Weine","item":"https:\/\/www.loire-gourmande.fr\/de\/Produktkategorie\/die-weine\/"},{"@type":"ListItem","position":4,"name":"CUVEE D&#8217;ADELE LE DOMAINE DU FOUX A CHAUX"}]},{"@type":"WebSite","@id":"https:\/\/www.loire-gourmande.fr\/de\/#website","url":"https:\/\/www.loire-gourmande.fr\/de\/","name":"Loire Gourmande, une \u00e9tape savoureuse","description":"une d\u00e9gustation \u00e0 toute heure et une boutique \u00e0 visiter \u00e0 Turquant (49)","publisher":{"@id":"https:\/\/www.loire-gourmande.fr\/de\/#organization"},"potentialAction":[{"@type":"SearchAction","target":{"@type":"EntryPoint","urlTemplate":"https:\/\/www.loire-gourmande.fr\/de\/?s={search_term_string}"},"query-input":{"@type":"PropertyValueSpecification","valueRequired":true,"valueName":"search_term_string"}}],"inLanguage":"de"},{"@type":"Organization","@id":"https:\/\/www.loire-gourmande.fr\/de\/#organization","name":"Loire Gourmande - Schnellrestaurant und Besuch in Turquant (49)","url":"https:\/\/www.loire-gourmande.fr\/de\/","logo":{"@type":"ImageObject","inLanguage":"de","@id":"https:\/\/www.loire-gourmande.fr\/de\/#\/schema\/logo\/image\/","url":"https:\/\/www.loire-gourmande.fr\/wp-content\/uploads\/2020\/10\/loire-gourmande-logo.jpg","contentUrl":"https:\/\/www.loire-gourmande.fr\/wp-content\/uploads\/2020\/10\/loire-gourmande-logo.jpg","width":800,"height":415,"caption":"Loire Gourmande - Schnellrestaurant und Besuch in Turquant (49)"},"image":{"@id":"https:\/\/www.loire-gourmande.fr\/de\/#\/schema\/logo\/image\/"},"sameAs":["https:\/\/www.facebook.com\/Loire-Gourmande-Turquant-101991328328493\/","https:\/\/www.instagram.com\/jean_yves_auradon\/?igshid=1ta3mfjka326t"]}]}},"_links":{"self":[{"href":"https:\/\/www.loire-gourmande.fr\/de\/wp-json\/wp\/v2\/product\/11145","targetHints":{"allow":["GET"]}}],"collection":[{"href":"https:\/\/www.loire-gourmande.fr\/de\/wp-json\/wp\/v2\/product"}],"about":[{"href":"https:\/\/www.loire-gourmande.fr\/de\/wp-json\/wp\/v2\/types\/product"}],"version-history":[{"count":2,"href":"https:\/\/www.loire-gourmande.fr\/de\/wp-json\/wp\/v2\/product\/11145\/revisions"}],"predecessor-version":[{"id":13111,"href":"https:\/\/www.loire-gourmande.fr\/de\/wp-json\/wp\/v2\/product\/11145\/revisions\/13111"}],"wp:featuredmedia":[{"embeddable":true,"href":"https:\/\/www.loire-gourmande.fr\/de\/wp-json\/wp\/v2\/media\/11153"}],"wp:attachment":[{"href":"https:\/\/www.loire-gourmande.fr\/de\/wp-json\/wp\/v2\/media?parent=11145"}],"wp:term":[{"taxonomy":"product_brand","embeddable":true,"href":"https:\/\/www.loire-gourmande.fr\/de\/wp-json\/wp\/v2\/product_brand?post=11145"},{"taxonomy":"product_cat","embeddable":true,"href":"https:\/\/www.loire-gourmande.fr\/de\/wp-json\/wp\/v2\/product_cat?post=11145"},{"taxonomy":"product_tag","embeddable":true,"href":"https:\/\/www.loire-gourmande.fr\/de\/wp-json\/wp\/v2\/product_tag?post=11145"}],"curies":[{"name":"wp","href":"https:\/\/api.w.org\/{rel}","templated":true}]}}