{"id":11156,"date":"2023-02-16T15:32:59","date_gmt":"2023-02-16T15:32:59","guid":{"rendered":"https:\/\/www.loire-gourmande.fr\/produit\/vouvray-les-argiles-rouges-2021-jean-marc-gilet-domaines-de-la-rouletiere\/"},"modified":"2025-05-27T16:21:13","modified_gmt":"2025-05-27T15:21:13","slug":"vouvray-les-argiles-rouges-2021-jean-marc-gilet-domaines-de-la-rouletiere","status":"publish","type":"product","link":"https:\/\/www.loire-gourmande.fr\/de\/Produkt\/vouvray-les-argiles-rouges-2021-jean-marc-gilet-domaines-de-la-rouletiere\/","title":{"rendered":"VOUVRAY LES ARGILES ROUGES 2021 JEAN-MARC GILET DOMAINES DE LA ROULETIERE"},"content":{"rendered":"<div class=\"page\" title=\"Seite 1\">\n<div class=\"section\">\n<div class=\"layoutArea\">\n<div class=\"column\">\n<p><strong>Weinbereitung:<br \/>\n<\/strong>Diese Cuv\u00e9e spiegelt die wahre Identit\u00e4t des Terroirs von Aubuis (Lehm-Kalkstein) wider, die die Kraft dieses halbtrockenen Weins ausmachen. Diese Cuv\u00e9e wird mit gr\u00f6\u00dfter Sorgfalt in die Kelter geleitet. Er ist das Ergebnis einer strengen Auswahl und Sortierung der Trauben bei perfekter Reife. Nachdem der Saft dekantiert wurde, wird ein Teil des Weins in temperaturgesteuerten Edelstahltanks (80%) und der andere Teil in Eichenf\u00e4ssern (20%) geg\u00e4rt. Diese Cuv\u00e9e wurde 6 Monate lang auf ihren feinen G\u00e4rungshefen ausgebaut, die regelm\u00e4\u00dfig durch Aufr\u00fchren in Suspension gebracht wurden, und weist im Finale ein ausgezeichnetes blumiges Bouquet auf.<br \/>\n<strong>Schmeckend:<br \/>\n<\/strong>Farbe: H\u00fcbsche hellgelbe Farbe mit leuchtend goldenen Reflexen.<br \/>\nNase: Dominiert von Noten von sehr reifen und exotischen wei\u00dfen Fr\u00fcchten (Litschis).<br \/>\nGaumen: Geschmeidig im Auftakt mit Aromen von warmen Pflaumen, reifen Quitten und s\u00fc\u00dfen Gew\u00fcrzen, alles unterst\u00fctzt von einer abschlie\u00dfenden S\u00e4ure, die das Ganze aufhellt. Der mineralische Abgang ist eine Hommage an das Terroir. <strong>Speisenempfehlungen:<br \/>\n<\/strong>Gebratener Steinbutt mit So\u00dfe und rohen Bratkartoffeln oder gebratenes Kalbfleisch aus Milch mit Champignons oder ger\u00f6stetem Hummer, dazu gebratenes neues Gem\u00fcse und Vouvray-Butter oder in Kokosmilch pochierte Perlhuhnbrust. <\/p>\n<\/div>\n<\/div>\n<div class=\"layoutArea\">\n<div class=\"column\">\n<p>&nbsp;<\/p>\n<\/div>\n<\/div>\n<div class=\"layoutArea\">\n<div class=\"column\"><\/div>\n<div class=\"column\">\n<p>&nbsp;<\/p>\n<\/div>\n<\/div>\n<div class=\"layoutArea\">\n<div class=\"column\">\n<p>&nbsp;<\/p>\n<\/div>\n<\/div>\n<\/div>\n<\/div>\n","protected":false},"excerpt":{"rendered":"<p>Diese Cuv\u00e9e spiegelt die wahre Identit\u00e4t des Terroirs von Aubuis (Lehm und Kalkstein) wider, die die Kraft dieses halbtrockenen Weins ausmachen. Die langsame Vinifizierung der Trauben, die bei voller Reife von Hand geerntet werden, erfolgt in der Heimat in temperaturgesteuerten Tanks und zum Teil in Eichenf\u00e4ssern, die einer Stockage unterzogen werden. Die 25 g\/l nat\u00fcrlicher Zucker mildern die nat\u00fcrliche Frische von Chenin.<br \/>\nFruchtiges und w\u00fcrziges Aroma, auch ein wenig reduktiv; runder Auftakt, geschmeidige Entwicklung, ausgewogene S\u00fc\u00dfe, gute L\u00e4nge; billig, angenehm, gut gemacht.<\/p>\n","protected":false},"featured_media":11163,"template":"","meta":{"inline_featured_image":false},"product_brand":[],"product_cat":[603,649,609,608],"product_tag":[665,707],"class_list":{"0":"post-11156","1":"product","2":"type-product","3":"status-publish","4":"has-post-thumbnail","6":"product_cat-bio-wein","7":"product_cat-suesswein","8":"product_cat-touraine-de","9":"product_cat-weis","10":"product_tag-kalbs-oder-perlhuhnbraten","11":"product_tag-mit-einem-schonen-gebackenen-oder-gegrillten-fisch","12":"product_shipping_class-flasche","14":"first","15":"instock","16":"featured","17":"taxable","18":"shipping-taxable","19":"purchasable","20":"product-type-simple"},"yoast_head":"<!-- This site is optimized with the Yoast SEO plugin v27.6 - https:\/\/yoast.com\/product\/yoast-seo-wordpress\/ -->\n<title>VOUVRAY LES ARGILES ROUGES 2021 JEAN-MARC GILET DOMAINES DE LA ROULETIERE - Loire Gourmande - une \u00e9tape savoureuse<\/title>\n<meta name=\"description\" content=\"AOC Vouvray Le sArgiles Rouges Blanc demi sec- JM Gilet - Weine von der Loire. Bestellung im Weinkeller auf der Website von Loire Gourmande. Weinh\u00e4ndler in Turquant (49).\" \/>\n<meta name=\"robots\" content=\"index, follow, max-snippet:-1, max-image-preview:large, max-video-preview:-1\" \/>\n<link rel=\"canonical\" href=\"https:\/\/www.loire-gourmande.fr\/de\/Produkt\/vouvray-les-argiles-rouges-2021-jean-marc-gilet-domaines-de-la-rouletiere\/\" \/>\n<meta property=\"og:locale\" content=\"de_DE\" \/>\n<meta property=\"og:type\" content=\"article\" \/>\n<meta property=\"og:title\" content=\"VOUVRAY LES ARGILES ROUGES 2021 JEAN-MARC GILET DOMAINES DE LA ROULETIERE - Loire Gourmande - une \u00e9tape savoureuse\" \/>\n<meta property=\"og:description\" content=\"AOC Vouvray Le sArgiles Rouges Blanc demi sec- JM Gilet - Weine von der Loire. Bestellung im Weinkeller auf der Website von Loire Gourmande. Weinh\u00e4ndler in Turquant (49).\" \/>\n<meta property=\"og:url\" content=\"https:\/\/www.loire-gourmande.fr\/de\/Produkt\/vouvray-les-argiles-rouges-2021-jean-marc-gilet-domaines-de-la-rouletiere\/\" \/>\n<meta property=\"og:site_name\" content=\"Loire Gourmande - une \u00e9tape savoureuse\" \/>\n<meta property=\"article:publisher\" content=\"https:\/\/www.facebook.com\/Loire-Gourmande-Turquant-101991328328493\/\" \/>\n<meta property=\"article:modified_time\" content=\"2025-05-27T15:21:13+00:00\" \/>\n<meta property=\"og:image\" content=\"https:\/\/www.loire-gourmande.fr\/wp-content\/uploads\/2023\/02\/VOUVRAY-LES-ARGILES-ROUGES-2021-DOMAINES-DE-LA-ROULETIERE.png\" \/>\n\t<meta property=\"og:image:width\" content=\"800\" \/>\n\t<meta property=\"og:image:height\" content=\"800\" \/>\n\t<meta property=\"og:image:type\" content=\"image\/png\" \/>\n<meta name=\"twitter:card\" content=\"summary_large_image\" \/>\n<meta name=\"twitter:label1\" content=\"Gesch\u00e4tzte Lesezeit\" \/>\n\t<meta name=\"twitter:data1\" content=\"1\u00a0Minute\" \/>\n<script type=\"application\/ld+json\" class=\"yoast-schema-graph\">{\"@context\":\"https:\\\/\\\/schema.org\",\"@graph\":[{\"@type\":\"WebPage\",\"@id\":\"https:\\\/\\\/www.loire-gourmande.fr\\\/de\\\/Produkt\\\/vouvray-les-argiles-rouges-2021-jean-marc-gilet-domaines-de-la-rouletiere\\\/\",\"url\":\"https:\\\/\\\/www.loire-gourmande.fr\\\/de\\\/Produkt\\\/vouvray-les-argiles-rouges-2021-jean-marc-gilet-domaines-de-la-rouletiere\\\/\",\"name\":\"VOUVRAY LES ARGILES ROUGES 2021 JEAN-MARC GILET DOMAINES DE LA ROULETIERE - Loire Gourmande - une \u00e9tape savoureuse\",\"isPartOf\":{\"@id\":\"https:\\\/\\\/www.loire-gourmande.fr\\\/de\\\/#website\"},\"primaryImageOfPage\":{\"@id\":\"https:\\\/\\\/www.loire-gourmande.fr\\\/de\\\/Produkt\\\/vouvray-les-argiles-rouges-2021-jean-marc-gilet-domaines-de-la-rouletiere\\\/#primaryimage\"},\"image\":{\"@id\":\"https:\\\/\\\/www.loire-gourmande.fr\\\/de\\\/Produkt\\\/vouvray-les-argiles-rouges-2021-jean-marc-gilet-domaines-de-la-rouletiere\\\/#primaryimage\"},\"thumbnailUrl\":\"https:\\\/\\\/www.loire-gourmande.fr\\\/wp-content\\\/uploads\\\/2023\\\/02\\\/VOUVRAY-LES-ARGILES-ROUGES-2021-DOMAINES-DE-LA-ROULETIERE.png\",\"datePublished\":\"2023-02-16T15:32:59+00:00\",\"dateModified\":\"2025-05-27T15:21:13+00:00\",\"description\":\"AOC Vouvray Le sArgiles Rouges Blanc demi sec- JM Gilet - Weine von der Loire. Bestellung im Weinkeller auf der Website von Loire Gourmande. Weinh\u00e4ndler in Turquant (49).\",\"breadcrumb\":{\"@id\":\"https:\\\/\\\/www.loire-gourmande.fr\\\/de\\\/Produkt\\\/vouvray-les-argiles-rouges-2021-jean-marc-gilet-domaines-de-la-rouletiere\\\/#breadcrumb\"},\"inLanguage\":\"de\",\"potentialAction\":[{\"@type\":\"ReadAction\",\"target\":[\"https:\\\/\\\/www.loire-gourmande.fr\\\/de\\\/Produkt\\\/vouvray-les-argiles-rouges-2021-jean-marc-gilet-domaines-de-la-rouletiere\\\/\"]}]},{\"@type\":\"ImageObject\",\"inLanguage\":\"de\",\"@id\":\"https:\\\/\\\/www.loire-gourmande.fr\\\/de\\\/Produkt\\\/vouvray-les-argiles-rouges-2021-jean-marc-gilet-domaines-de-la-rouletiere\\\/#primaryimage\",\"url\":\"https:\\\/\\\/www.loire-gourmande.fr\\\/wp-content\\\/uploads\\\/2023\\\/02\\\/VOUVRAY-LES-ARGILES-ROUGES-2021-DOMAINES-DE-LA-ROULETIERE.png\",\"contentUrl\":\"https:\\\/\\\/www.loire-gourmande.fr\\\/wp-content\\\/uploads\\\/2023\\\/02\\\/VOUVRAY-LES-ARGILES-ROUGES-2021-DOMAINES-DE-LA-ROULETIERE.png\",\"width\":800,\"height\":800},{\"@type\":\"BreadcrumbList\",\"@id\":\"https:\\\/\\\/www.loire-gourmande.fr\\\/de\\\/Produkt\\\/vouvray-les-argiles-rouges-2021-jean-marc-gilet-domaines-de-la-rouletiere\\\/#breadcrumb\",\"itemListElement\":[{\"@type\":\"ListItem\",\"position\":1,\"name\":\"Startseite\",\"item\":\"https:\\\/\\\/www.loire-gourmande.fr\\\/de\\\/\"},{\"@type\":\"ListItem\",\"position\":2,\"name\":\"Die Boutique de Loire Gourmande: die Weine der Loire\",\"item\":\"https:\\\/\\\/www.loire-gourmande.fr\\\/de\\\/woocommerce\\\/\"},{\"@type\":\"ListItem\",\"position\":3,\"name\":\"Die Weine\",\"item\":\"https:\\\/\\\/www.loire-gourmande.fr\\\/de\\\/Produktkategorie\\\/die-weine\\\/\"},{\"@type\":\"ListItem\",\"position\":4,\"name\":\"Bio Wein\",\"item\":\"https:\\\/\\\/www.loire-gourmande.fr\\\/de\\\/Produktkategorie\\\/die-weine\\\/bio-wein\\\/\"},{\"@type\":\"ListItem\",\"position\":5,\"name\":\"VOUVRAY LES ARGILES ROUGES 2021 JEAN-MARC GILET DOMAINES DE LA ROULETIERE\"}]},{\"@type\":\"WebSite\",\"@id\":\"https:\\\/\\\/www.loire-gourmande.fr\\\/de\\\/#website\",\"url\":\"https:\\\/\\\/www.loire-gourmande.fr\\\/de\\\/\",\"name\":\"Loire Gourmande, une \u00e9tape savoureuse\",\"description\":\"une d\u00e9gustation \u00e0 toute heure et une boutique \u00e0 visiter \u00e0 Turquant (49)\",\"publisher\":{\"@id\":\"https:\\\/\\\/www.loire-gourmande.fr\\\/de\\\/#organization\"},\"potentialAction\":[{\"@type\":\"SearchAction\",\"target\":{\"@type\":\"EntryPoint\",\"urlTemplate\":\"https:\\\/\\\/www.loire-gourmande.fr\\\/de\\\/?s={search_term_string}\"},\"query-input\":{\"@type\":\"PropertyValueSpecification\",\"valueRequired\":true,\"valueName\":\"search_term_string\"}}],\"inLanguage\":\"de\"},{\"@type\":\"Organization\",\"@id\":\"https:\\\/\\\/www.loire-gourmande.fr\\\/de\\\/#organization\",\"name\":\"Loire Gourmande - Schnellrestaurant und Besuch in Turquant (49)\",\"url\":\"https:\\\/\\\/www.loire-gourmande.fr\\\/de\\\/\",\"logo\":{\"@type\":\"ImageObject\",\"inLanguage\":\"de\",\"@id\":\"https:\\\/\\\/www.loire-gourmande.fr\\\/de\\\/#\\\/schema\\\/logo\\\/image\\\/\",\"url\":\"https:\\\/\\\/www.loire-gourmande.fr\\\/wp-content\\\/uploads\\\/2020\\\/10\\\/loire-gourmande-logo.jpg\",\"contentUrl\":\"https:\\\/\\\/www.loire-gourmande.fr\\\/wp-content\\\/uploads\\\/2020\\\/10\\\/loire-gourmande-logo.jpg\",\"width\":800,\"height\":415,\"caption\":\"Loire Gourmande - Schnellrestaurant und Besuch in Turquant (49)\"},\"image\":{\"@id\":\"https:\\\/\\\/www.loire-gourmande.fr\\\/de\\\/#\\\/schema\\\/logo\\\/image\\\/\"},\"sameAs\":[\"https:\\\/\\\/www.facebook.com\\\/Loire-Gourmande-Turquant-101991328328493\\\/\",\"https:\\\/\\\/www.instagram.com\\\/jean_yves_auradon\\\/?igshid=1ta3mfjka326t\"]}]}<\/script>\n<!-- \/ Yoast SEO plugin. -->","yoast_head_json":{"title":"VOUVRAY LES ARGILES ROUGES 2021 JEAN-MARC GILET DOMAINES DE LA ROULETIERE - Loire Gourmande - une \u00e9tape savoureuse","description":"AOC Vouvray Le sArgiles Rouges Blanc demi sec- JM Gilet - Weine von der Loire. Bestellung im Weinkeller auf der Website von Loire Gourmande. Weinh\u00e4ndler in Turquant (49).","robots":{"index":"index","follow":"follow","max-snippet":"max-snippet:-1","max-image-preview":"max-image-preview:large","max-video-preview":"max-video-preview:-1"},"canonical":"https:\/\/www.loire-gourmande.fr\/de\/Produkt\/vouvray-les-argiles-rouges-2021-jean-marc-gilet-domaines-de-la-rouletiere\/","og_locale":"de_DE","og_type":"article","og_title":"VOUVRAY LES ARGILES ROUGES 2021 JEAN-MARC GILET DOMAINES DE LA ROULETIERE - Loire Gourmande - une \u00e9tape savoureuse","og_description":"AOC Vouvray Le sArgiles Rouges Blanc demi sec- JM Gilet - Weine von der Loire. Bestellung im Weinkeller auf der Website von Loire Gourmande. Weinh\u00e4ndler in Turquant (49).","og_url":"https:\/\/www.loire-gourmande.fr\/de\/Produkt\/vouvray-les-argiles-rouges-2021-jean-marc-gilet-domaines-de-la-rouletiere\/","og_site_name":"Loire Gourmande - une \u00e9tape savoureuse","article_publisher":"https:\/\/www.facebook.com\/Loire-Gourmande-Turquant-101991328328493\/","article_modified_time":"2025-05-27T15:21:13+00:00","og_image":[{"width":800,"height":800,"url":"https:\/\/www.loire-gourmande.fr\/wp-content\/uploads\/2023\/02\/VOUVRAY-LES-ARGILES-ROUGES-2021-DOMAINES-DE-LA-ROULETIERE.png","type":"image\/png"}],"twitter_card":"summary_large_image","twitter_misc":{"Gesch\u00e4tzte Lesezeit":"1\u00a0Minute"},"schema":{"@context":"https:\/\/schema.org","@graph":[{"@type":"WebPage","@id":"https:\/\/www.loire-gourmande.fr\/de\/Produkt\/vouvray-les-argiles-rouges-2021-jean-marc-gilet-domaines-de-la-rouletiere\/","url":"https:\/\/www.loire-gourmande.fr\/de\/Produkt\/vouvray-les-argiles-rouges-2021-jean-marc-gilet-domaines-de-la-rouletiere\/","name":"VOUVRAY LES ARGILES ROUGES 2021 JEAN-MARC GILET DOMAINES DE LA ROULETIERE - Loire Gourmande - une \u00e9tape savoureuse","isPartOf":{"@id":"https:\/\/www.loire-gourmande.fr\/de\/#website"},"primaryImageOfPage":{"@id":"https:\/\/www.loire-gourmande.fr\/de\/Produkt\/vouvray-les-argiles-rouges-2021-jean-marc-gilet-domaines-de-la-rouletiere\/#primaryimage"},"image":{"@id":"https:\/\/www.loire-gourmande.fr\/de\/Produkt\/vouvray-les-argiles-rouges-2021-jean-marc-gilet-domaines-de-la-rouletiere\/#primaryimage"},"thumbnailUrl":"https:\/\/www.loire-gourmande.fr\/wp-content\/uploads\/2023\/02\/VOUVRAY-LES-ARGILES-ROUGES-2021-DOMAINES-DE-LA-ROULETIERE.png","datePublished":"2023-02-16T15:32:59+00:00","dateModified":"2025-05-27T15:21:13+00:00","description":"AOC Vouvray Le sArgiles Rouges Blanc demi sec- JM Gilet - Weine von der Loire. Bestellung im Weinkeller auf der Website von Loire Gourmande. Weinh\u00e4ndler in Turquant (49).","breadcrumb":{"@id":"https:\/\/www.loire-gourmande.fr\/de\/Produkt\/vouvray-les-argiles-rouges-2021-jean-marc-gilet-domaines-de-la-rouletiere\/#breadcrumb"},"inLanguage":"de","potentialAction":[{"@type":"ReadAction","target":["https:\/\/www.loire-gourmande.fr\/de\/Produkt\/vouvray-les-argiles-rouges-2021-jean-marc-gilet-domaines-de-la-rouletiere\/"]}]},{"@type":"ImageObject","inLanguage":"de","@id":"https:\/\/www.loire-gourmande.fr\/de\/Produkt\/vouvray-les-argiles-rouges-2021-jean-marc-gilet-domaines-de-la-rouletiere\/#primaryimage","url":"https:\/\/www.loire-gourmande.fr\/wp-content\/uploads\/2023\/02\/VOUVRAY-LES-ARGILES-ROUGES-2021-DOMAINES-DE-LA-ROULETIERE.png","contentUrl":"https:\/\/www.loire-gourmande.fr\/wp-content\/uploads\/2023\/02\/VOUVRAY-LES-ARGILES-ROUGES-2021-DOMAINES-DE-LA-ROULETIERE.png","width":800,"height":800},{"@type":"BreadcrumbList","@id":"https:\/\/www.loire-gourmande.fr\/de\/Produkt\/vouvray-les-argiles-rouges-2021-jean-marc-gilet-domaines-de-la-rouletiere\/#breadcrumb","itemListElement":[{"@type":"ListItem","position":1,"name":"Startseite","item":"https:\/\/www.loire-gourmande.fr\/de\/"},{"@type":"ListItem","position":2,"name":"Die Boutique de Loire Gourmande: die Weine der Loire","item":"https:\/\/www.loire-gourmande.fr\/de\/woocommerce\/"},{"@type":"ListItem","position":3,"name":"Die Weine","item":"https:\/\/www.loire-gourmande.fr\/de\/Produktkategorie\/die-weine\/"},{"@type":"ListItem","position":4,"name":"Bio Wein","item":"https:\/\/www.loire-gourmande.fr\/de\/Produktkategorie\/die-weine\/bio-wein\/"},{"@type":"ListItem","position":5,"name":"VOUVRAY LES ARGILES ROUGES 2021 JEAN-MARC GILET DOMAINES DE LA ROULETIERE"}]},{"@type":"WebSite","@id":"https:\/\/www.loire-gourmande.fr\/de\/#website","url":"https:\/\/www.loire-gourmande.fr\/de\/","name":"Loire Gourmande, une \u00e9tape savoureuse","description":"une d\u00e9gustation \u00e0 toute heure et une boutique \u00e0 visiter \u00e0 Turquant (49)","publisher":{"@id":"https:\/\/www.loire-gourmande.fr\/de\/#organization"},"potentialAction":[{"@type":"SearchAction","target":{"@type":"EntryPoint","urlTemplate":"https:\/\/www.loire-gourmande.fr\/de\/?s={search_term_string}"},"query-input":{"@type":"PropertyValueSpecification","valueRequired":true,"valueName":"search_term_string"}}],"inLanguage":"de"},{"@type":"Organization","@id":"https:\/\/www.loire-gourmande.fr\/de\/#organization","name":"Loire Gourmande - Schnellrestaurant und Besuch in Turquant (49)","url":"https:\/\/www.loire-gourmande.fr\/de\/","logo":{"@type":"ImageObject","inLanguage":"de","@id":"https:\/\/www.loire-gourmande.fr\/de\/#\/schema\/logo\/image\/","url":"https:\/\/www.loire-gourmande.fr\/wp-content\/uploads\/2020\/10\/loire-gourmande-logo.jpg","contentUrl":"https:\/\/www.loire-gourmande.fr\/wp-content\/uploads\/2020\/10\/loire-gourmande-logo.jpg","width":800,"height":415,"caption":"Loire Gourmande - Schnellrestaurant und Besuch in Turquant (49)"},"image":{"@id":"https:\/\/www.loire-gourmande.fr\/de\/#\/schema\/logo\/image\/"},"sameAs":["https:\/\/www.facebook.com\/Loire-Gourmande-Turquant-101991328328493\/","https:\/\/www.instagram.com\/jean_yves_auradon\/?igshid=1ta3mfjka326t"]}]}},"_links":{"self":[{"href":"https:\/\/www.loire-gourmande.fr\/de\/wp-json\/wp\/v2\/product\/11156","targetHints":{"allow":["GET"]}}],"collection":[{"href":"https:\/\/www.loire-gourmande.fr\/de\/wp-json\/wp\/v2\/product"}],"about":[{"href":"https:\/\/www.loire-gourmande.fr\/de\/wp-json\/wp\/v2\/types\/product"}],"version-history":[{"count":2,"href":"https:\/\/www.loire-gourmande.fr\/de\/wp-json\/wp\/v2\/product\/11156\/revisions"}],"predecessor-version":[{"id":13137,"href":"https:\/\/www.loire-gourmande.fr\/de\/wp-json\/wp\/v2\/product\/11156\/revisions\/13137"}],"wp:featuredmedia":[{"embeddable":true,"href":"https:\/\/www.loire-gourmande.fr\/de\/wp-json\/wp\/v2\/media\/11163"}],"wp:attachment":[{"href":"https:\/\/www.loire-gourmande.fr\/de\/wp-json\/wp\/v2\/media?parent=11156"}],"wp:term":[{"taxonomy":"product_brand","embeddable":true,"href":"https:\/\/www.loire-gourmande.fr\/de\/wp-json\/wp\/v2\/product_brand?post=11156"},{"taxonomy":"product_cat","embeddable":true,"href":"https:\/\/www.loire-gourmande.fr\/de\/wp-json\/wp\/v2\/product_cat?post=11156"},{"taxonomy":"product_tag","embeddable":true,"href":"https:\/\/www.loire-gourmande.fr\/de\/wp-json\/wp\/v2\/product_tag?post=11156"}],"curies":[{"name":"wp","href":"https:\/\/api.w.org\/{rel}","templated":true}]}}