{"id":11174,"date":"2021-04-29T10:06:02","date_gmt":"2021-04-29T10:06:02","guid":{"rendered":"https:\/\/www.loire-gourmande.fr\/produit\/saint-pourcain-rouge-aop-vieilles-vignes-domaine-bellevue\/"},"modified":"2025-05-27T16:31:02","modified_gmt":"2025-05-27T15:31:02","slug":"saint-pourcain-rouge-aop-vieilles-vignes-domaine-bellevue","status":"publish","type":"product","link":"https:\/\/www.loire-gourmande.fr\/de\/Produkt\/saint-pourcain-rouge-aop-vieilles-vignes-domaine-bellevue\/","title":{"rendered":"SAINT POURCAIN ROUGE AOP VIEILLES VIGNES DOMAINE BELLEVUE"},"content":{"rendered":"<div class=\"page\" title=\"Seite 1\">\n<div class=\"section\">\n<div class=\"layoutArea\">\n<div class=\"column\">\n<p>Sehr guter Wein, der sich mit seiner Einfachheit an das Essen anpasst. Ein sehr guter fruchtiger Geschmack im Nachgeschmack, sehr angenehm. Der Vieilles Vignes wird aus den Trauben unserer \u00e4ltesten Weinberge in den Lagen Plante-Billot (Gamay 1924) und Vieux Verger (Pinot Noir 1979) hergestellt und ist das Ergebnis einer sorgf\u00e4ltigen Auswahl. Die aromatische Qualit\u00e4t der Fr\u00fcchte macht ihn zu einem tiefen und subtilen Wein mit ausdrucksstarken und edlen Tanninen.<\/p>\n<p><b>Region:<\/b> Loiretal<br \/>\n<b>Bezeichnung:<\/b> Saint-Pour\u00e7ain<br \/>\n<b>Cuv\u00e9e :<\/b> Alte Reben<br \/>\n<b>Farbe:<\/b> Rot<br \/>\n<b>Jahrgang:<\/b> 2019<br \/>\n<b>Rebsorten:<\/b> Gamay (46%) \/ Pinot Noir (54%)<br \/>\n<b>Alkohol:<\/b> 14,5 %.<br \/>\n<b>Inhalt:<\/b> 75 cl<br \/>\n<b>Allergene :<\/b> Keine Allergene identifiziert<\/p>\n<div>\n<p>Augen<strong>:<\/strong> Ein schwarzer, tiefer Wein.<br \/>\n<strong>Nase:<\/strong> Rote, konfit\u00fcreartige Fr\u00fcchte mit Gew\u00fcrzen.<br \/>\n<strong>Geschmack:<\/strong> Die konzentrierte Frucht setzt sich im Mund fort und es treten Schokoladennoten hervor. Am Gaumen ist er rund, kr\u00e4ftig, intensiv und strukturiert.<br \/>\nLagerf\u00e4higkeit<strong>:<\/strong> Bis 2031<br \/>\n<strong>Speisen- und Weinbegleitung:<\/strong> Rotes<br \/>\nFleisch Ein gro\u00dfartiger Rotwein, der zu einem sch\u00f6nen Fleischgericht genossen werden kann.<\/p>\n<\/div>\n<\/div>\n<\/div>\n<\/div>\n<\/div>\n<p>&nbsp;<\/p>\n","protected":false},"excerpt":{"rendered":"<p>Ein Referenzweingut f\u00fcr Saint-Pour\u00e7ain, das 1922 gegr\u00fcndet wurde. Jean-Louis P\u00e9tillat, der die vierte Generation verk\u00f6rpert, ist seit 1977 am Ruder. Heute bewirtschaftet er 22 ha Weinberge (die 2014 in die Verantwortung von Jacques Gautier \u00fcbergeben wurden) im Herzen der Weinberge von Bourbonnais, die von Geb\u00e4uden aus dem <sup>19<\/sup>. Wir arbeiten jeden Tag mit Leidenschaft und Strenge, um Ihnen bodenst\u00e4ndige Weine von hoher aromatischer Qualit\u00e4t anzubieten. Unsere Cuv\u00e9es werden regelm\u00e4\u00dfig ausgezeichnet<\/p>\n","protected":false},"featured_media":11181,"template":"","meta":{"inline_featured_image":false},"product_brand":[],"product_cat":[614,600,601],"product_tag":[622,620,605,615],"class_list":{"0":"post-11174","1":"product","2":"type-product","3":"status-publish","4":"has-post-thumbnail","6":"product_cat-auvergne-de","7":"product_cat-die-weine","8":"product_cat-rot","9":"product_tag-entdeckung","10":"product_tag-fleisch","11":"product_tag-kase","12":"product_tag-wein","13":"product_shipping_class-flasche","15":"first","16":"instock","17":"featured","18":"taxable","19":"shipping-taxable","20":"purchasable","21":"product-type-simple"},"yoast_head":"<!-- This site is optimized with the Yoast SEO plugin v27.6 - https:\/\/yoast.com\/product\/yoast-seo-wordpress\/ -->\n<title>SAINT POURCAIN ROUGE AOP VIEILLES VIGNES DOMAINE BELLEVUE - Loire Gourmande - une \u00e9tape savoureuse<\/title>\n<meta name=\"description\" content=\"SAINT POURCAIN ROUGE AOP VIEILLES VIGNES DOMAINE BELLEVUE. Wein aus der Loire. Bestellung im Weinkeller auf der Website von Loire Gourmande. Weinh\u00e4ndler in Turquant (49).\" \/>\n<meta name=\"robots\" content=\"index, follow, max-snippet:-1, max-image-preview:large, max-video-preview:-1\" \/>\n<link rel=\"canonical\" href=\"https:\/\/www.loire-gourmande.fr\/de\/Produkt\/saint-pourcain-rouge-aop-vieilles-vignes-domaine-bellevue\/\" \/>\n<meta property=\"og:locale\" content=\"de_DE\" \/>\n<meta property=\"og:type\" content=\"article\" \/>\n<meta property=\"og:title\" content=\"SAINT POURCAIN ROUGE AOP VIEILLES VIGNES DOMAINE BELLEVUE - Loire Gourmande - une \u00e9tape savoureuse\" \/>\n<meta property=\"og:description\" content=\"SAINT POURCAIN ROUGE AOP VIEILLES VIGNES DOMAINE BELLEVUE. Wein aus der Loire. Bestellung im Weinkeller auf der Website von Loire Gourmande. Weinh\u00e4ndler in Turquant (49).\" \/>\n<meta property=\"og:url\" content=\"https:\/\/www.loire-gourmande.fr\/de\/Produkt\/saint-pourcain-rouge-aop-vieilles-vignes-domaine-bellevue\/\" \/>\n<meta property=\"og:site_name\" content=\"Loire Gourmande - une \u00e9tape savoureuse\" \/>\n<meta property=\"article:publisher\" content=\"https:\/\/www.facebook.com\/Loire-Gourmande-Turquant-101991328328493\/\" \/>\n<meta property=\"article:modified_time\" content=\"2025-05-27T15:31:02+00:00\" \/>\n<meta property=\"og:image\" content=\"https:\/\/www.loire-gourmande.fr\/wp-content\/uploads\/2021\/04\/vieilles_vignes.jpeg\" \/>\n\t<meta property=\"og:image:width\" content=\"1356\" \/>\n\t<meta property=\"og:image:height\" content=\"1085\" \/>\n\t<meta property=\"og:image:type\" content=\"image\/jpeg\" \/>\n<meta name=\"twitter:card\" content=\"summary_large_image\" \/>\n<meta name=\"twitter:label1\" content=\"Gesch\u00e4tzte Lesezeit\" \/>\n\t<meta name=\"twitter:data1\" content=\"1\u00a0Minute\" \/>\n<script type=\"application\/ld+json\" class=\"yoast-schema-graph\">{\"@context\":\"https:\\\/\\\/schema.org\",\"@graph\":[{\"@type\":\"WebPage\",\"@id\":\"https:\\\/\\\/www.loire-gourmande.fr\\\/de\\\/Produkt\\\/saint-pourcain-rouge-aop-vieilles-vignes-domaine-bellevue\\\/\",\"url\":\"https:\\\/\\\/www.loire-gourmande.fr\\\/de\\\/Produkt\\\/saint-pourcain-rouge-aop-vieilles-vignes-domaine-bellevue\\\/\",\"name\":\"SAINT POURCAIN ROUGE AOP VIEILLES VIGNES DOMAINE BELLEVUE - Loire Gourmande - une \u00e9tape savoureuse\",\"isPartOf\":{\"@id\":\"https:\\\/\\\/www.loire-gourmande.fr\\\/de\\\/#website\"},\"primaryImageOfPage\":{\"@id\":\"https:\\\/\\\/www.loire-gourmande.fr\\\/de\\\/Produkt\\\/saint-pourcain-rouge-aop-vieilles-vignes-domaine-bellevue\\\/#primaryimage\"},\"image\":{\"@id\":\"https:\\\/\\\/www.loire-gourmande.fr\\\/de\\\/Produkt\\\/saint-pourcain-rouge-aop-vieilles-vignes-domaine-bellevue\\\/#primaryimage\"},\"thumbnailUrl\":\"https:\\\/\\\/www.loire-gourmande.fr\\\/wp-content\\\/uploads\\\/2021\\\/04\\\/vieilles_vignes.jpeg\",\"datePublished\":\"2021-04-29T10:06:02+00:00\",\"dateModified\":\"2025-05-27T15:31:02+00:00\",\"description\":\"SAINT POURCAIN ROUGE AOP VIEILLES VIGNES DOMAINE BELLEVUE. Wein aus der Loire. Bestellung im Weinkeller auf der Website von Loire Gourmande. Weinh\u00e4ndler in Turquant (49).\",\"breadcrumb\":{\"@id\":\"https:\\\/\\\/www.loire-gourmande.fr\\\/de\\\/Produkt\\\/saint-pourcain-rouge-aop-vieilles-vignes-domaine-bellevue\\\/#breadcrumb\"},\"inLanguage\":\"de\",\"potentialAction\":[{\"@type\":\"ReadAction\",\"target\":[\"https:\\\/\\\/www.loire-gourmande.fr\\\/de\\\/Produkt\\\/saint-pourcain-rouge-aop-vieilles-vignes-domaine-bellevue\\\/\"]}]},{\"@type\":\"ImageObject\",\"inLanguage\":\"de\",\"@id\":\"https:\\\/\\\/www.loire-gourmande.fr\\\/de\\\/Produkt\\\/saint-pourcain-rouge-aop-vieilles-vignes-domaine-bellevue\\\/#primaryimage\",\"url\":\"https:\\\/\\\/www.loire-gourmande.fr\\\/wp-content\\\/uploads\\\/2021\\\/04\\\/vieilles_vignes.jpeg\",\"contentUrl\":\"https:\\\/\\\/www.loire-gourmande.fr\\\/wp-content\\\/uploads\\\/2021\\\/04\\\/vieilles_vignes.jpeg\",\"width\":1356,\"height\":1085},{\"@type\":\"BreadcrumbList\",\"@id\":\"https:\\\/\\\/www.loire-gourmande.fr\\\/de\\\/Produkt\\\/saint-pourcain-rouge-aop-vieilles-vignes-domaine-bellevue\\\/#breadcrumb\",\"itemListElement\":[{\"@type\":\"ListItem\",\"position\":1,\"name\":\"Startseite\",\"item\":\"https:\\\/\\\/www.loire-gourmande.fr\\\/de\\\/\"},{\"@type\":\"ListItem\",\"position\":2,\"name\":\"Die Boutique de Loire Gourmande: die Weine der Loire\",\"item\":\"https:\\\/\\\/www.loire-gourmande.fr\\\/de\\\/woocommerce\\\/\"},{\"@type\":\"ListItem\",\"position\":3,\"name\":\"Die Weine\",\"item\":\"https:\\\/\\\/www.loire-gourmande.fr\\\/de\\\/Produktkategorie\\\/die-weine\\\/\"},{\"@type\":\"ListItem\",\"position\":4,\"name\":\"Auvergne\",\"item\":\"https:\\\/\\\/www.loire-gourmande.fr\\\/de\\\/Produktkategorie\\\/die-weine\\\/auvergne-de\\\/\"},{\"@type\":\"ListItem\",\"position\":5,\"name\":\"SAINT POURCAIN ROUGE AOP VIEILLES VIGNES DOMAINE BELLEVUE\"}]},{\"@type\":\"WebSite\",\"@id\":\"https:\\\/\\\/www.loire-gourmande.fr\\\/de\\\/#website\",\"url\":\"https:\\\/\\\/www.loire-gourmande.fr\\\/de\\\/\",\"name\":\"Loire Gourmande, une \u00e9tape savoureuse\",\"description\":\"une d\u00e9gustation \u00e0 toute heure et une boutique \u00e0 visiter \u00e0 Turquant (49)\",\"publisher\":{\"@id\":\"https:\\\/\\\/www.loire-gourmande.fr\\\/de\\\/#organization\"},\"potentialAction\":[{\"@type\":\"SearchAction\",\"target\":{\"@type\":\"EntryPoint\",\"urlTemplate\":\"https:\\\/\\\/www.loire-gourmande.fr\\\/de\\\/?s={search_term_string}\"},\"query-input\":{\"@type\":\"PropertyValueSpecification\",\"valueRequired\":true,\"valueName\":\"search_term_string\"}}],\"inLanguage\":\"de\"},{\"@type\":\"Organization\",\"@id\":\"https:\\\/\\\/www.loire-gourmande.fr\\\/de\\\/#organization\",\"name\":\"Loire Gourmande - Schnellrestaurant und Besuch in Turquant (49)\",\"url\":\"https:\\\/\\\/www.loire-gourmande.fr\\\/de\\\/\",\"logo\":{\"@type\":\"ImageObject\",\"inLanguage\":\"de\",\"@id\":\"https:\\\/\\\/www.loire-gourmande.fr\\\/de\\\/#\\\/schema\\\/logo\\\/image\\\/\",\"url\":\"https:\\\/\\\/www.loire-gourmande.fr\\\/wp-content\\\/uploads\\\/2020\\\/10\\\/loire-gourmande-logo.jpg\",\"contentUrl\":\"https:\\\/\\\/www.loire-gourmande.fr\\\/wp-content\\\/uploads\\\/2020\\\/10\\\/loire-gourmande-logo.jpg\",\"width\":800,\"height\":415,\"caption\":\"Loire Gourmande - Schnellrestaurant und Besuch in Turquant (49)\"},\"image\":{\"@id\":\"https:\\\/\\\/www.loire-gourmande.fr\\\/de\\\/#\\\/schema\\\/logo\\\/image\\\/\"},\"sameAs\":[\"https:\\\/\\\/www.facebook.com\\\/Loire-Gourmande-Turquant-101991328328493\\\/\",\"https:\\\/\\\/www.instagram.com\\\/jean_yves_auradon\\\/?igshid=1ta3mfjka326t\"]}]}<\/script>\n<!-- \/ Yoast SEO plugin. -->","yoast_head_json":{"title":"SAINT POURCAIN ROUGE AOP VIEILLES VIGNES DOMAINE BELLEVUE - Loire Gourmande - une \u00e9tape savoureuse","description":"SAINT POURCAIN ROUGE AOP VIEILLES VIGNES DOMAINE BELLEVUE. Wein aus der Loire. Bestellung im Weinkeller auf der Website von Loire Gourmande. Weinh\u00e4ndler in Turquant (49).","robots":{"index":"index","follow":"follow","max-snippet":"max-snippet:-1","max-image-preview":"max-image-preview:large","max-video-preview":"max-video-preview:-1"},"canonical":"https:\/\/www.loire-gourmande.fr\/de\/Produkt\/saint-pourcain-rouge-aop-vieilles-vignes-domaine-bellevue\/","og_locale":"de_DE","og_type":"article","og_title":"SAINT POURCAIN ROUGE AOP VIEILLES VIGNES DOMAINE BELLEVUE - Loire Gourmande - une \u00e9tape savoureuse","og_description":"SAINT POURCAIN ROUGE AOP VIEILLES VIGNES DOMAINE BELLEVUE. Wein aus der Loire. Bestellung im Weinkeller auf der Website von Loire Gourmande. Weinh\u00e4ndler in Turquant (49).","og_url":"https:\/\/www.loire-gourmande.fr\/de\/Produkt\/saint-pourcain-rouge-aop-vieilles-vignes-domaine-bellevue\/","og_site_name":"Loire Gourmande - une \u00e9tape savoureuse","article_publisher":"https:\/\/www.facebook.com\/Loire-Gourmande-Turquant-101991328328493\/","article_modified_time":"2025-05-27T15:31:02+00:00","og_image":[{"width":1356,"height":1085,"url":"https:\/\/www.loire-gourmande.fr\/wp-content\/uploads\/2021\/04\/vieilles_vignes.jpeg","type":"image\/jpeg"}],"twitter_card":"summary_large_image","twitter_misc":{"Gesch\u00e4tzte Lesezeit":"1\u00a0Minute"},"schema":{"@context":"https:\/\/schema.org","@graph":[{"@type":"WebPage","@id":"https:\/\/www.loire-gourmande.fr\/de\/Produkt\/saint-pourcain-rouge-aop-vieilles-vignes-domaine-bellevue\/","url":"https:\/\/www.loire-gourmande.fr\/de\/Produkt\/saint-pourcain-rouge-aop-vieilles-vignes-domaine-bellevue\/","name":"SAINT POURCAIN ROUGE AOP VIEILLES VIGNES DOMAINE BELLEVUE - Loire Gourmande - une \u00e9tape savoureuse","isPartOf":{"@id":"https:\/\/www.loire-gourmande.fr\/de\/#website"},"primaryImageOfPage":{"@id":"https:\/\/www.loire-gourmande.fr\/de\/Produkt\/saint-pourcain-rouge-aop-vieilles-vignes-domaine-bellevue\/#primaryimage"},"image":{"@id":"https:\/\/www.loire-gourmande.fr\/de\/Produkt\/saint-pourcain-rouge-aop-vieilles-vignes-domaine-bellevue\/#primaryimage"},"thumbnailUrl":"https:\/\/www.loire-gourmande.fr\/wp-content\/uploads\/2021\/04\/vieilles_vignes.jpeg","datePublished":"2021-04-29T10:06:02+00:00","dateModified":"2025-05-27T15:31:02+00:00","description":"SAINT POURCAIN ROUGE AOP VIEILLES VIGNES DOMAINE BELLEVUE. Wein aus der Loire. Bestellung im Weinkeller auf der Website von Loire Gourmande. Weinh\u00e4ndler in Turquant (49).","breadcrumb":{"@id":"https:\/\/www.loire-gourmande.fr\/de\/Produkt\/saint-pourcain-rouge-aop-vieilles-vignes-domaine-bellevue\/#breadcrumb"},"inLanguage":"de","potentialAction":[{"@type":"ReadAction","target":["https:\/\/www.loire-gourmande.fr\/de\/Produkt\/saint-pourcain-rouge-aop-vieilles-vignes-domaine-bellevue\/"]}]},{"@type":"ImageObject","inLanguage":"de","@id":"https:\/\/www.loire-gourmande.fr\/de\/Produkt\/saint-pourcain-rouge-aop-vieilles-vignes-domaine-bellevue\/#primaryimage","url":"https:\/\/www.loire-gourmande.fr\/wp-content\/uploads\/2021\/04\/vieilles_vignes.jpeg","contentUrl":"https:\/\/www.loire-gourmande.fr\/wp-content\/uploads\/2021\/04\/vieilles_vignes.jpeg","width":1356,"height":1085},{"@type":"BreadcrumbList","@id":"https:\/\/www.loire-gourmande.fr\/de\/Produkt\/saint-pourcain-rouge-aop-vieilles-vignes-domaine-bellevue\/#breadcrumb","itemListElement":[{"@type":"ListItem","position":1,"name":"Startseite","item":"https:\/\/www.loire-gourmande.fr\/de\/"},{"@type":"ListItem","position":2,"name":"Die Boutique de Loire Gourmande: die Weine der Loire","item":"https:\/\/www.loire-gourmande.fr\/de\/woocommerce\/"},{"@type":"ListItem","position":3,"name":"Die Weine","item":"https:\/\/www.loire-gourmande.fr\/de\/Produktkategorie\/die-weine\/"},{"@type":"ListItem","position":4,"name":"Auvergne","item":"https:\/\/www.loire-gourmande.fr\/de\/Produktkategorie\/die-weine\/auvergne-de\/"},{"@type":"ListItem","position":5,"name":"SAINT POURCAIN ROUGE AOP VIEILLES VIGNES DOMAINE BELLEVUE"}]},{"@type":"WebSite","@id":"https:\/\/www.loire-gourmande.fr\/de\/#website","url":"https:\/\/www.loire-gourmande.fr\/de\/","name":"Loire Gourmande, une \u00e9tape savoureuse","description":"une d\u00e9gustation \u00e0 toute heure et une boutique \u00e0 visiter \u00e0 Turquant (49)","publisher":{"@id":"https:\/\/www.loire-gourmande.fr\/de\/#organization"},"potentialAction":[{"@type":"SearchAction","target":{"@type":"EntryPoint","urlTemplate":"https:\/\/www.loire-gourmande.fr\/de\/?s={search_term_string}"},"query-input":{"@type":"PropertyValueSpecification","valueRequired":true,"valueName":"search_term_string"}}],"inLanguage":"de"},{"@type":"Organization","@id":"https:\/\/www.loire-gourmande.fr\/de\/#organization","name":"Loire Gourmande - Schnellrestaurant und Besuch in Turquant (49)","url":"https:\/\/www.loire-gourmande.fr\/de\/","logo":{"@type":"ImageObject","inLanguage":"de","@id":"https:\/\/www.loire-gourmande.fr\/de\/#\/schema\/logo\/image\/","url":"https:\/\/www.loire-gourmande.fr\/wp-content\/uploads\/2020\/10\/loire-gourmande-logo.jpg","contentUrl":"https:\/\/www.loire-gourmande.fr\/wp-content\/uploads\/2020\/10\/loire-gourmande-logo.jpg","width":800,"height":415,"caption":"Loire Gourmande - Schnellrestaurant und Besuch in Turquant (49)"},"image":{"@id":"https:\/\/www.loire-gourmande.fr\/de\/#\/schema\/logo\/image\/"},"sameAs":["https:\/\/www.facebook.com\/Loire-Gourmande-Turquant-101991328328493\/","https:\/\/www.instagram.com\/jean_yves_auradon\/?igshid=1ta3mfjka326t"]}]}},"_links":{"self":[{"href":"https:\/\/www.loire-gourmande.fr\/de\/wp-json\/wp\/v2\/product\/11174","targetHints":{"allow":["GET"]}}],"collection":[{"href":"https:\/\/www.loire-gourmande.fr\/de\/wp-json\/wp\/v2\/product"}],"about":[{"href":"https:\/\/www.loire-gourmande.fr\/de\/wp-json\/wp\/v2\/types\/product"}],"version-history":[{"count":2,"href":"https:\/\/www.loire-gourmande.fr\/de\/wp-json\/wp\/v2\/product\/11174\/revisions"}],"predecessor-version":[{"id":13198,"href":"https:\/\/www.loire-gourmande.fr\/de\/wp-json\/wp\/v2\/product\/11174\/revisions\/13198"}],"wp:featuredmedia":[{"embeddable":true,"href":"https:\/\/www.loire-gourmande.fr\/de\/wp-json\/wp\/v2\/media\/11181"}],"wp:attachment":[{"href":"https:\/\/www.loire-gourmande.fr\/de\/wp-json\/wp\/v2\/media?parent=11174"}],"wp:term":[{"taxonomy":"product_brand","embeddable":true,"href":"https:\/\/www.loire-gourmande.fr\/de\/wp-json\/wp\/v2\/product_brand?post=11174"},{"taxonomy":"product_cat","embeddable":true,"href":"https:\/\/www.loire-gourmande.fr\/de\/wp-json\/wp\/v2\/product_cat?post=11174"},{"taxonomy":"product_tag","embeddable":true,"href":"https:\/\/www.loire-gourmande.fr\/de\/wp-json\/wp\/v2\/product_tag?post=11174"}],"curies":[{"name":"wp","href":"https:\/\/api.w.org\/{rel}","templated":true}]}}