{"id":11186,"date":"2021-04-29T10:06:02","date_gmt":"2021-04-29T10:06:02","guid":{"rendered":"https:\/\/www.loire-gourmande.fr\/produit\/cotes-dauvergne-aop-rouge-salers-desprat-saint-verny\/"},"modified":"2025-05-27T16:31:03","modified_gmt":"2025-05-27T15:31:03","slug":"cotes-dauvergne-aop-rouge-salers-desprat-saint-verny","status":"publish","type":"product","link":"https:\/\/www.loire-gourmande.fr\/de\/Produkt\/cotes-dauvergne-aop-rouge-salers-desprat-saint-verny\/","title":{"rendered":"C\u00d4TES D&#8217;AUVERGNE AOP ROUGE SALERS DESPRAT SAINT VERNY"},"content":{"rendered":"<div>\n<p><b>Rebsorten: <\/b>Gamay und Pinot Noir <b>Terroir : <\/b>Vulkanisch<br \/>\n<b>Farbe: <\/b>Rot<br \/>\n<b>Weinbau: <\/b>Aus einer Mischung unserer Parzellen im Herzen der Vulkane der Auvergne.<br \/>\n<b>Weinbereitung: <\/b>Abgebeertes Lesegut, gefolgt von einer kurzen G\u00e4rung in Edelstahltanks.<br \/>\n<b>Verkostungsnotizen: <\/b><br \/>\nFarbe: sch\u00f6ne violette Farbe und tief<br \/>\nNase: schwarze Johannisbeere und Grenadine mit rauchigem<br \/>\nHauch Gaumen: ausgewogen und samtig, ein langer und strukturierter Abgang ausgewogen und samtig, ein langer, eher feiner Abgang, wenig Adstringenz.<br \/>\n<b>Lagerung: <\/b>3 bis 4 Jahre<br \/>\n<b>Servieren Sie zwischen 16\u00b0 und 18\u00b0C<br \/>\n<\/b>Geschmeidiger und fruchtiger Gamay zum Genie\u00dfen im SommerWir haben auch f\u00fcr Sonntagsessen in den hauseigenen Familien und seltene Anl\u00e4sse, Taufen, Hochzeiten, republikanische Bankette abgef\u00fcllt.<br \/>\nDie Geschichte beginnt im Herzen von Aurillac, in der Rue des Forgerons, wo F\u00e9lix Desprat im Dienste der Caf\u00e9besitzer im Stadtzentrum unterrichtet. Das Haus Desprat erlebte eine bedeutende Entwicklung, die von dem Gesch\u00e4ftssinn seines Gr\u00fcnders getragen wurde. Die Wahl fiel auf den nahegelegenen Chemin de Patay, am Eingang des Mandailles-Tals, das Jean Desprat, dem zweiten seines Namens, die Wiege f\u00fcr ein bl\u00fchendes Gesch\u00e4ft bieten sollte. Seine S\u00f6hne Jacques und Michel f\u00fchrten diese Entwicklung bis in die 90er Jahre fort und ebneten den Weg f\u00fcr Jacques&#8216; Sohn Pierre Desprat. Unser Terroir ist nicht nur bemerkenswert, sondern auch einzigartig, mit seinen vulkanischen B\u00f6den, die nur in wenigen Regionen der Welt zu finden sind. Mit der k\u00fcrzlich erfolgten Aufnahme der Limagne-Kette in die Liste des <strong>UNESCO-Weltkulturerbes<\/strong> sind wir \u00fcberzeugt, dass wir dies zu einem Unterscheidungsmerkmal und einem Werbevektor machen k\u00f6nnen. Wir beanspruchen die besondere Typizit\u00e4t dieser <strong>Weine, die auf einem einzigartigen und seltenen Boden entstanden<\/strong> sind. Die steinige Seite des Basalts und die vulkanische Mineralit\u00e4t bringen die Identit\u00e4t und Originalit\u00e4t unserer Weine zum Ausdruck. Historisch gesehen hat das Terroir der Auvergne viel Rotwein hervorgebracht, Weine mit pfeffrigen und klar strukturierten Eigenschaften, mit einer ganz besonderen Pr\u00e4senz von Gamays und Pinots, die keinem anderen \u00e4hneln. Die Wei\u00dfweine k\u00f6nnen zweifellos mit den gr\u00f6\u00dften konkurrieren, da der Chardonnay hier mit Gl\u00fcck, Eleganz und Sinnlichkeit zum Ausdruck kommt.<br \/>\n<strong><br \/>\n  <span style=\"font-size: 12pt;\">Passt zu Wein und Speisen:<br \/>\n<\/span><br \/>\n<\/strong>Aperitif, Melone und Wassermelone, Wurst und gegrilltes Schweine- und Rindfleisch, Ente mit Orangensauce.<\/p>\n<\/div>\n","protected":false},"excerpt":{"rendered":"<p><strong>Desprat Saint Verny<\/strong> &#8222;macht&#8220; <strong>seit 1885 Wein in Aurillac<\/strong>, was es zum \u00e4ltesten Unternehmen der Cantalaise macht, und mit Pierre Desprat und nun seinen T\u00f6chtern folgen f\u00fcnf Generationen aufeinander. Zu jener Zeit, als der Weinh\u00e4ndler einen Adelsstand besa\u00df, der dem eines Priesters, eines Lehrers oder eines Notars entsprach, wurden F\u00e4sser mit durstl\u00f6schenden Weinen in dieses sch\u00f6ne Tal der Mandailles Cantalis geliefert, um die Bauern<br \/>\n zu \u201eern\u00e4hren\u201c.Durstl\u00f6scher sind zu Genussweinen geworden, die sich auch zum Ausbau eignen, mit dem Alterungspotenzial f\u00fcr die gro\u00dfen Jahrg\u00e4nge, das das Markenzeichen gro\u00dfer Weine ist<\/p>\n","protected":false},"featured_media":11193,"template":"","meta":{"inline_featured_image":false},"product_brand":[],"product_cat":[614,600,601],"product_tag":[620,605,619,615],"class_list":{"0":"post-11186","1":"product","2":"type-product","3":"status-publish","4":"has-post-thumbnail","6":"product_cat-auvergne-de","7":"product_cat-die-weine","8":"product_cat-rot","9":"product_tag-fleisch","10":"product_tag-kase","11":"product_tag-sommer","12":"product_tag-wein","13":"product_shipping_class-flasche","15":"first","16":"instock","17":"featured","18":"taxable","19":"shipping-taxable","20":"purchasable","21":"product-type-simple"},"yoast_head":"<!-- This site is optimized with the Yoast SEO plugin v27.6 - https:\/\/yoast.com\/product\/yoast-seo-wordpress\/ -->\n<title>C\u00d4TES D&#039;AUVERGNE AOP ROUGE SALERS DESPRAT SAINT VERNY - Loire Gourmande - une \u00e9tape savoureuse<\/title>\n<meta name=\"description\" content=\"C\u00d4TES D&#039;AUVERGNE AOP ROUGE SALERS DESPRAT SAINT VERNY. Wein aus der Loire. Bestellung im Weinkeller auf der Website von Loire Gourmande. Weinh\u00e4ndler in Turquant (49).\" \/>\n<meta name=\"robots\" content=\"index, follow, max-snippet:-1, max-image-preview:large, max-video-preview:-1\" \/>\n<link rel=\"canonical\" href=\"https:\/\/www.loire-gourmande.fr\/de\/Produkt\/cotes-dauvergne-aop-rouge-salers-desprat-saint-verny\/\" \/>\n<meta property=\"og:locale\" content=\"de_DE\" \/>\n<meta property=\"og:type\" content=\"article\" \/>\n<meta property=\"og:title\" content=\"C\u00d4TES D&#039;AUVERGNE AOP ROUGE SALERS DESPRAT SAINT VERNY - Loire Gourmande - une \u00e9tape savoureuse\" \/>\n<meta property=\"og:description\" content=\"C\u00d4TES D&#039;AUVERGNE AOP ROUGE SALERS DESPRAT SAINT VERNY. Wein aus der Loire. Bestellung im Weinkeller auf der Website von Loire Gourmande. Weinh\u00e4ndler in Turquant (49).\" \/>\n<meta property=\"og:url\" content=\"https:\/\/www.loire-gourmande.fr\/de\/Produkt\/cotes-dauvergne-aop-rouge-salers-desprat-saint-verny\/\" \/>\n<meta property=\"og:site_name\" content=\"Loire Gourmande - une \u00e9tape savoureuse\" \/>\n<meta property=\"article:publisher\" content=\"https:\/\/www.facebook.com\/Loire-Gourmande-Turquant-101991328328493\/\" \/>\n<meta property=\"article:modified_time\" content=\"2025-05-27T15:31:03+00:00\" \/>\n<meta property=\"og:image\" content=\"https:\/\/www.loire-gourmande.fr\/wp-content\/uploads\/2021\/04\/Salers.jpg\" \/>\n\t<meta property=\"og:image:width\" content=\"800\" \/>\n\t<meta property=\"og:image:height\" content=\"800\" \/>\n\t<meta property=\"og:image:type\" content=\"image\/jpeg\" \/>\n<meta name=\"twitter:card\" content=\"summary_large_image\" \/>\n<meta name=\"twitter:label1\" content=\"Gesch\u00e4tzte Lesezeit\" \/>\n\t<meta name=\"twitter:data1\" content=\"2\u00a0Minuten\" \/>\n<script type=\"application\/ld+json\" class=\"yoast-schema-graph\">{\"@context\":\"https:\\\/\\\/schema.org\",\"@graph\":[{\"@type\":\"WebPage\",\"@id\":\"https:\\\/\\\/www.loire-gourmande.fr\\\/de\\\/Produkt\\\/cotes-dauvergne-aop-rouge-salers-desprat-saint-verny\\\/\",\"url\":\"https:\\\/\\\/www.loire-gourmande.fr\\\/de\\\/Produkt\\\/cotes-dauvergne-aop-rouge-salers-desprat-saint-verny\\\/\",\"name\":\"C\u00d4TES D'AUVERGNE AOP ROUGE SALERS DESPRAT SAINT VERNY - Loire Gourmande - une \u00e9tape savoureuse\",\"isPartOf\":{\"@id\":\"https:\\\/\\\/www.loire-gourmande.fr\\\/de\\\/#website\"},\"primaryImageOfPage\":{\"@id\":\"https:\\\/\\\/www.loire-gourmande.fr\\\/de\\\/Produkt\\\/cotes-dauvergne-aop-rouge-salers-desprat-saint-verny\\\/#primaryimage\"},\"image\":{\"@id\":\"https:\\\/\\\/www.loire-gourmande.fr\\\/de\\\/Produkt\\\/cotes-dauvergne-aop-rouge-salers-desprat-saint-verny\\\/#primaryimage\"},\"thumbnailUrl\":\"https:\\\/\\\/www.loire-gourmande.fr\\\/wp-content\\\/uploads\\\/2021\\\/04\\\/Salers.jpg\",\"datePublished\":\"2021-04-29T10:06:02+00:00\",\"dateModified\":\"2025-05-27T15:31:03+00:00\",\"description\":\"C\u00d4TES D'AUVERGNE AOP ROUGE SALERS DESPRAT SAINT VERNY. Wein aus der Loire. Bestellung im Weinkeller auf der Website von Loire Gourmande. Weinh\u00e4ndler in Turquant (49).\",\"breadcrumb\":{\"@id\":\"https:\\\/\\\/www.loire-gourmande.fr\\\/de\\\/Produkt\\\/cotes-dauvergne-aop-rouge-salers-desprat-saint-verny\\\/#breadcrumb\"},\"inLanguage\":\"de\",\"potentialAction\":[{\"@type\":\"ReadAction\",\"target\":[\"https:\\\/\\\/www.loire-gourmande.fr\\\/de\\\/Produkt\\\/cotes-dauvergne-aop-rouge-salers-desprat-saint-verny\\\/\"]}]},{\"@type\":\"ImageObject\",\"inLanguage\":\"de\",\"@id\":\"https:\\\/\\\/www.loire-gourmande.fr\\\/de\\\/Produkt\\\/cotes-dauvergne-aop-rouge-salers-desprat-saint-verny\\\/#primaryimage\",\"url\":\"https:\\\/\\\/www.loire-gourmande.fr\\\/wp-content\\\/uploads\\\/2021\\\/04\\\/Salers.jpg\",\"contentUrl\":\"https:\\\/\\\/www.loire-gourmande.fr\\\/wp-content\\\/uploads\\\/2021\\\/04\\\/Salers.jpg\",\"width\":800,\"height\":800},{\"@type\":\"BreadcrumbList\",\"@id\":\"https:\\\/\\\/www.loire-gourmande.fr\\\/de\\\/Produkt\\\/cotes-dauvergne-aop-rouge-salers-desprat-saint-verny\\\/#breadcrumb\",\"itemListElement\":[{\"@type\":\"ListItem\",\"position\":1,\"name\":\"Startseite\",\"item\":\"https:\\\/\\\/www.loire-gourmande.fr\\\/de\\\/\"},{\"@type\":\"ListItem\",\"position\":2,\"name\":\"Die Boutique de Loire Gourmande: die Weine der Loire\",\"item\":\"https:\\\/\\\/www.loire-gourmande.fr\\\/de\\\/woocommerce\\\/\"},{\"@type\":\"ListItem\",\"position\":3,\"name\":\"Die Weine\",\"item\":\"https:\\\/\\\/www.loire-gourmande.fr\\\/de\\\/Produktkategorie\\\/die-weine\\\/\"},{\"@type\":\"ListItem\",\"position\":4,\"name\":\"Auvergne\",\"item\":\"https:\\\/\\\/www.loire-gourmande.fr\\\/de\\\/Produktkategorie\\\/die-weine\\\/auvergne-de\\\/\"},{\"@type\":\"ListItem\",\"position\":5,\"name\":\"C\u00d4TES D&#8217;AUVERGNE AOP ROUGE SALERS DESPRAT SAINT VERNY\"}]},{\"@type\":\"WebSite\",\"@id\":\"https:\\\/\\\/www.loire-gourmande.fr\\\/de\\\/#website\",\"url\":\"https:\\\/\\\/www.loire-gourmande.fr\\\/de\\\/\",\"name\":\"Loire Gourmande, une \u00e9tape savoureuse\",\"description\":\"une d\u00e9gustation \u00e0 toute heure et une boutique \u00e0 visiter \u00e0 Turquant (49)\",\"publisher\":{\"@id\":\"https:\\\/\\\/www.loire-gourmande.fr\\\/de\\\/#organization\"},\"potentialAction\":[{\"@type\":\"SearchAction\",\"target\":{\"@type\":\"EntryPoint\",\"urlTemplate\":\"https:\\\/\\\/www.loire-gourmande.fr\\\/de\\\/?s={search_term_string}\"},\"query-input\":{\"@type\":\"PropertyValueSpecification\",\"valueRequired\":true,\"valueName\":\"search_term_string\"}}],\"inLanguage\":\"de\"},{\"@type\":\"Organization\",\"@id\":\"https:\\\/\\\/www.loire-gourmande.fr\\\/de\\\/#organization\",\"name\":\"Loire Gourmande - Schnellrestaurant und Besuch in Turquant (49)\",\"url\":\"https:\\\/\\\/www.loire-gourmande.fr\\\/de\\\/\",\"logo\":{\"@type\":\"ImageObject\",\"inLanguage\":\"de\",\"@id\":\"https:\\\/\\\/www.loire-gourmande.fr\\\/de\\\/#\\\/schema\\\/logo\\\/image\\\/\",\"url\":\"https:\\\/\\\/www.loire-gourmande.fr\\\/wp-content\\\/uploads\\\/2020\\\/10\\\/loire-gourmande-logo.jpg\",\"contentUrl\":\"https:\\\/\\\/www.loire-gourmande.fr\\\/wp-content\\\/uploads\\\/2020\\\/10\\\/loire-gourmande-logo.jpg\",\"width\":800,\"height\":415,\"caption\":\"Loire Gourmande - Schnellrestaurant und Besuch in Turquant (49)\"},\"image\":{\"@id\":\"https:\\\/\\\/www.loire-gourmande.fr\\\/de\\\/#\\\/schema\\\/logo\\\/image\\\/\"},\"sameAs\":[\"https:\\\/\\\/www.facebook.com\\\/Loire-Gourmande-Turquant-101991328328493\\\/\",\"https:\\\/\\\/www.instagram.com\\\/jean_yves_auradon\\\/?igshid=1ta3mfjka326t\"]}]}<\/script>\n<!-- \/ Yoast SEO plugin. -->","yoast_head_json":{"title":"C\u00d4TES D'AUVERGNE AOP ROUGE SALERS DESPRAT SAINT VERNY - Loire Gourmande - une \u00e9tape savoureuse","description":"C\u00d4TES D'AUVERGNE AOP ROUGE SALERS DESPRAT SAINT VERNY. Wein aus der Loire. Bestellung im Weinkeller auf der Website von Loire Gourmande. Weinh\u00e4ndler in Turquant (49).","robots":{"index":"index","follow":"follow","max-snippet":"max-snippet:-1","max-image-preview":"max-image-preview:large","max-video-preview":"max-video-preview:-1"},"canonical":"https:\/\/www.loire-gourmande.fr\/de\/Produkt\/cotes-dauvergne-aop-rouge-salers-desprat-saint-verny\/","og_locale":"de_DE","og_type":"article","og_title":"C\u00d4TES D'AUVERGNE AOP ROUGE SALERS DESPRAT SAINT VERNY - Loire Gourmande - une \u00e9tape savoureuse","og_description":"C\u00d4TES D'AUVERGNE AOP ROUGE SALERS DESPRAT SAINT VERNY. Wein aus der Loire. Bestellung im Weinkeller auf der Website von Loire Gourmande. Weinh\u00e4ndler in Turquant (49).","og_url":"https:\/\/www.loire-gourmande.fr\/de\/Produkt\/cotes-dauvergne-aop-rouge-salers-desprat-saint-verny\/","og_site_name":"Loire Gourmande - une \u00e9tape savoureuse","article_publisher":"https:\/\/www.facebook.com\/Loire-Gourmande-Turquant-101991328328493\/","article_modified_time":"2025-05-27T15:31:03+00:00","og_image":[{"width":800,"height":800,"url":"https:\/\/www.loire-gourmande.fr\/wp-content\/uploads\/2021\/04\/Salers.jpg","type":"image\/jpeg"}],"twitter_card":"summary_large_image","twitter_misc":{"Gesch\u00e4tzte Lesezeit":"2\u00a0Minuten"},"schema":{"@context":"https:\/\/schema.org","@graph":[{"@type":"WebPage","@id":"https:\/\/www.loire-gourmande.fr\/de\/Produkt\/cotes-dauvergne-aop-rouge-salers-desprat-saint-verny\/","url":"https:\/\/www.loire-gourmande.fr\/de\/Produkt\/cotes-dauvergne-aop-rouge-salers-desprat-saint-verny\/","name":"C\u00d4TES D'AUVERGNE AOP ROUGE SALERS DESPRAT SAINT VERNY - Loire Gourmande - une \u00e9tape savoureuse","isPartOf":{"@id":"https:\/\/www.loire-gourmande.fr\/de\/#website"},"primaryImageOfPage":{"@id":"https:\/\/www.loire-gourmande.fr\/de\/Produkt\/cotes-dauvergne-aop-rouge-salers-desprat-saint-verny\/#primaryimage"},"image":{"@id":"https:\/\/www.loire-gourmande.fr\/de\/Produkt\/cotes-dauvergne-aop-rouge-salers-desprat-saint-verny\/#primaryimage"},"thumbnailUrl":"https:\/\/www.loire-gourmande.fr\/wp-content\/uploads\/2021\/04\/Salers.jpg","datePublished":"2021-04-29T10:06:02+00:00","dateModified":"2025-05-27T15:31:03+00:00","description":"C\u00d4TES D'AUVERGNE AOP ROUGE SALERS DESPRAT SAINT VERNY. Wein aus der Loire. Bestellung im Weinkeller auf der Website von Loire Gourmande. Weinh\u00e4ndler in Turquant (49).","breadcrumb":{"@id":"https:\/\/www.loire-gourmande.fr\/de\/Produkt\/cotes-dauvergne-aop-rouge-salers-desprat-saint-verny\/#breadcrumb"},"inLanguage":"de","potentialAction":[{"@type":"ReadAction","target":["https:\/\/www.loire-gourmande.fr\/de\/Produkt\/cotes-dauvergne-aop-rouge-salers-desprat-saint-verny\/"]}]},{"@type":"ImageObject","inLanguage":"de","@id":"https:\/\/www.loire-gourmande.fr\/de\/Produkt\/cotes-dauvergne-aop-rouge-salers-desprat-saint-verny\/#primaryimage","url":"https:\/\/www.loire-gourmande.fr\/wp-content\/uploads\/2021\/04\/Salers.jpg","contentUrl":"https:\/\/www.loire-gourmande.fr\/wp-content\/uploads\/2021\/04\/Salers.jpg","width":800,"height":800},{"@type":"BreadcrumbList","@id":"https:\/\/www.loire-gourmande.fr\/de\/Produkt\/cotes-dauvergne-aop-rouge-salers-desprat-saint-verny\/#breadcrumb","itemListElement":[{"@type":"ListItem","position":1,"name":"Startseite","item":"https:\/\/www.loire-gourmande.fr\/de\/"},{"@type":"ListItem","position":2,"name":"Die Boutique de Loire Gourmande: die Weine der Loire","item":"https:\/\/www.loire-gourmande.fr\/de\/woocommerce\/"},{"@type":"ListItem","position":3,"name":"Die Weine","item":"https:\/\/www.loire-gourmande.fr\/de\/Produktkategorie\/die-weine\/"},{"@type":"ListItem","position":4,"name":"Auvergne","item":"https:\/\/www.loire-gourmande.fr\/de\/Produktkategorie\/die-weine\/auvergne-de\/"},{"@type":"ListItem","position":5,"name":"C\u00d4TES D&#8217;AUVERGNE AOP ROUGE SALERS DESPRAT SAINT VERNY"}]},{"@type":"WebSite","@id":"https:\/\/www.loire-gourmande.fr\/de\/#website","url":"https:\/\/www.loire-gourmande.fr\/de\/","name":"Loire Gourmande, une \u00e9tape savoureuse","description":"une d\u00e9gustation \u00e0 toute heure et une boutique \u00e0 visiter \u00e0 Turquant (49)","publisher":{"@id":"https:\/\/www.loire-gourmande.fr\/de\/#organization"},"potentialAction":[{"@type":"SearchAction","target":{"@type":"EntryPoint","urlTemplate":"https:\/\/www.loire-gourmande.fr\/de\/?s={search_term_string}"},"query-input":{"@type":"PropertyValueSpecification","valueRequired":true,"valueName":"search_term_string"}}],"inLanguage":"de"},{"@type":"Organization","@id":"https:\/\/www.loire-gourmande.fr\/de\/#organization","name":"Loire Gourmande - Schnellrestaurant und Besuch in Turquant (49)","url":"https:\/\/www.loire-gourmande.fr\/de\/","logo":{"@type":"ImageObject","inLanguage":"de","@id":"https:\/\/www.loire-gourmande.fr\/de\/#\/schema\/logo\/image\/","url":"https:\/\/www.loire-gourmande.fr\/wp-content\/uploads\/2020\/10\/loire-gourmande-logo.jpg","contentUrl":"https:\/\/www.loire-gourmande.fr\/wp-content\/uploads\/2020\/10\/loire-gourmande-logo.jpg","width":800,"height":415,"caption":"Loire Gourmande - Schnellrestaurant und Besuch in Turquant (49)"},"image":{"@id":"https:\/\/www.loire-gourmande.fr\/de\/#\/schema\/logo\/image\/"},"sameAs":["https:\/\/www.facebook.com\/Loire-Gourmande-Turquant-101991328328493\/","https:\/\/www.instagram.com\/jean_yves_auradon\/?igshid=1ta3mfjka326t"]}]}},"_links":{"self":[{"href":"https:\/\/www.loire-gourmande.fr\/de\/wp-json\/wp\/v2\/product\/11186","targetHints":{"allow":["GET"]}}],"collection":[{"href":"https:\/\/www.loire-gourmande.fr\/de\/wp-json\/wp\/v2\/product"}],"about":[{"href":"https:\/\/www.loire-gourmande.fr\/de\/wp-json\/wp\/v2\/types\/product"}],"version-history":[{"count":2,"href":"https:\/\/www.loire-gourmande.fr\/de\/wp-json\/wp\/v2\/product\/11186\/revisions"}],"predecessor-version":[{"id":13199,"href":"https:\/\/www.loire-gourmande.fr\/de\/wp-json\/wp\/v2\/product\/11186\/revisions\/13199"}],"wp:featuredmedia":[{"embeddable":true,"href":"https:\/\/www.loire-gourmande.fr\/de\/wp-json\/wp\/v2\/media\/11193"}],"wp:attachment":[{"href":"https:\/\/www.loire-gourmande.fr\/de\/wp-json\/wp\/v2\/media?parent=11186"}],"wp:term":[{"taxonomy":"product_brand","embeddable":true,"href":"https:\/\/www.loire-gourmande.fr\/de\/wp-json\/wp\/v2\/product_brand?post=11186"},{"taxonomy":"product_cat","embeddable":true,"href":"https:\/\/www.loire-gourmande.fr\/de\/wp-json\/wp\/v2\/product_cat?post=11186"},{"taxonomy":"product_tag","embeddable":true,"href":"https:\/\/www.loire-gourmande.fr\/de\/wp-json\/wp\/v2\/product_tag?post=11186"}],"curies":[{"name":"wp","href":"https:\/\/api.w.org\/{rel}","templated":true}]}}