{"id":11189,"date":"2021-04-29T10:05:57","date_gmt":"2021-04-29T10:05:57","guid":{"rendered":"https:\/\/www.loire-gourmande.fr\/produit\/vdf-puy-de-dome-rot-syrah-45-3-desprat-saint-verny\/"},"modified":"2025-05-27T16:32:35","modified_gmt":"2025-05-27T15:32:35","slug":"vdf-puy-de-dome-rot-syrah-45-3-desprat-saint-verny","status":"publish","type":"product","link":"https:\/\/www.loire-gourmande.fr\/de\/Produkt\/vdf-puy-de-dome-rot-syrah-45-3-desprat-saint-verny\/","title":{"rendered":"VDF PUY DE D\u00d4ME ROT SYRAH 45.3 DESPRAT SAINT VERNY"},"content":{"rendered":"<div>\n<p>Gut typisierter <strong>Syrah<\/strong>, verzehrfertig, aus einem Edelstahltank mit Mikrosauerstoffierung, der sch\u00f6ne Noten von roten Fr\u00fcchten, Himbeeren und Brombeeren bringt, einen vollen Mund mit einem leicht mineralischen und blumigen Abgang, sehr sch\u00f6ner Wein.<br \/>\nDie Geschichte beginnt im Herzen von Aurillac, in der Rue des Forgerons, wo F\u00e9lix Desprat im Dienste der Caf\u00e9besitzer im Stadtzentrum unterrichtet. Das Haus Desprat erlebte eine bedeutende Entwicklung, die von dem Gesch\u00e4ftssinn seines Gr\u00fcnders getragen wurde. Die Wahl fiel auf den nahegelegenen Chemin de Patay, am Eingang des Mandailles-Tals, das Jean Desprat, dem zweiten seines Namens, die Wiege f\u00fcr ein bl\u00fchendes Gesch\u00e4ft bieten sollte. Seine S\u00f6hne Jacques und Michel f\u00fchrten diese Entwicklung bis in die 90er Jahre fort und ebneten den Weg f\u00fcr Jacques&#8216; Sohn Pierre Desprat. Unser Terroir ist nicht nur bemerkenswert, sondern auch einzigartig, mit seinen vulkanischen B\u00f6den, die nur in wenigen Regionen der Welt zu finden sind. Mit der k\u00fcrzlich erfolgten Aufnahme der Limagne-Kette in die Liste des <strong>UNESCO-Weltkulturerbes<\/strong> sind wir \u00fcberzeugt, dass wir dies zu einem Unterscheidungsmerkmal und einem Werbevektor machen k\u00f6nnen. Wir beanspruchen die besondere Typizit\u00e4t dieser <strong>Weine, die auf einem einzigartigen und seltenen Boden entstanden<\/strong> sind. Die steinige Seite des Basalts und die vulkanische Mineralit\u00e4t bringen die Identit\u00e4t und Originalit\u00e4t unserer Weine zum Ausdruck. Historisch gesehen hat das Terroir der Auvergne viel Rotwein hervorgebracht, Weine mit pfeffrigen und klar strukturierten Eigenschaften, mit einer ganz besonderen Pr\u00e4senz von Gamays und Pinots, die keinem anderen \u00e4hneln. Die Wei\u00dfweine k\u00f6nnen zweifellos mit den gr\u00f6\u00dften konkurrieren, da der Chardonnay hier mit Gl\u00fcck, Eleganz und Sinnlichkeit zum Ausdruck kommt.<\/p>\n<p><b>Rebsorten:<\/b> Syrah Terroir : Vulkanisch Farbe: Rot<br \/>\n<b>Weinbau:<\/b> Auswahl von Syrah-Parzellen auf dem 43. Breitengrad, dem idealen Breitengrad f\u00fcr Weinreben.<br \/>\n<b>Weinbereitung:<\/b> G\u00e4rung in temperaturgesteuerten Edelstahltanks und Mikro-Oxygenierung.<br \/>\n<b>Verkostungsnotizen:<\/b><br \/>\nFarbe: tiefes Purpurrot.<br \/>\nNase: offen und w\u00fcrzig mit Noten von kleinen roten Beeren.<br \/>\nGaumen: offener und fruchtiger Auftakt, sch\u00f6ne Struktur, kraftvoller und runder Wein, Finesse und Eleganz. Rote Fr\u00fcchte, schwarze Johannisbeere, Pfeffer.<br \/>\n<b>Lagerung:<\/b> 4 bis 6 Jahre. Servieren Sie zwischen 14\u00b0 und 16\u00b0C<\/p>\n<\/div>\n<div>\n<p><b>Speisen- und Weinkombinationen:<\/b><br \/>\nRotes Fleisch, w\u00fcrzige oder asiatische Gerichte, gegrilltes Fleisch, Schokoladendesserts (dunkel). F\u00fcr sich selbst zu jeder Zeit, ein Aufstrich mit Pilzen, ein Kalbskotelett mit Sahne, ein gut gereifter Kuhmilchk\u00e4se, gegrilltes Rindfleisch, Wildterrine und warum nicht auch einige Schokoladendesserts.<\/p>\n<\/div>\n","protected":false},"excerpt":{"rendered":"<p><strong>Desprat Saint Verny<\/strong> &#8222;macht&#8220; <strong>seit 1885 Wein in Aurillac<\/strong>, was es zum \u00e4ltesten Unternehmen der Cantalaise macht, und mit Pierre Desprat und nun seinen T\u00f6chtern folgen f\u00fcnf Generationen aufeinander. Zu jener Zeit, als der Weinh\u00e4ndler einen Adelsstand besa\u00df, der dem eines Priesters, eines Lehrers oder eines Notars entsprach, wurden F\u00e4sser mit durstl\u00f6schenden Weinen in dieses sch\u00f6ne Tal der Mandailles Cantalis geliefert, um die Bauern<br \/>\n zu \u201eern\u00e4hren\u201c.Aus durstl\u00f6schenden Weinen sind Genussweine geworden, die auch zum Ausbau geeignet sind, mit einem Alterungspotenzial f\u00fcr die gro\u00dfen Jahrg\u00e4nge, das das Markenzeichen gro\u00dfer Weine ist: sehr sch\u00f6ne Weine.<\/p>\n<p>&nbsp;<\/p>\n<p>&nbsp;<\/p>\n","protected":false},"featured_media":11196,"template":"","meta":{"inline_featured_image":false},"product_brand":[],"product_cat":[614,600,601,624],"product_tag":[622,620,605,615],"class_list":{"0":"post-11189","1":"product","2":"type-product","3":"status-publish","4":"has-post-thumbnail","6":"product_cat-auvergne-de","7":"product_cat-die-weine","8":"product_cat-rot","9":"product_cat-vergessene-rebsorten","10":"product_tag-entdeckung","11":"product_tag-fleisch","12":"product_tag-kase","13":"product_tag-wein","14":"product_shipping_class-flasche","16":"first","17":"instock","18":"featured","19":"taxable","20":"shipping-taxable","21":"purchasable","22":"product-type-simple"},"yoast_head":"<!-- This site is optimized with the Yoast SEO plugin v27.6 - https:\/\/yoast.com\/product\/yoast-seo-wordpress\/ -->\n<title>VDF PUY DE D\u00d4ME ROT SYRAH 45.3 DESPRAT SAINT VERNY - Loire Gourmande - une \u00e9tape savoureuse<\/title>\n<meta name=\"description\" content=\"VDF PUY DE D\u00d4ME ROUGE SYRAH 45.3 DESPRAT SAINT VERNY. Wein aus der Loire. Bestellung im Weinkeller auf der Website von Loire Gourmande. Weinh\u00e4ndler in Turquant (49).\" \/>\n<meta name=\"robots\" content=\"index, follow, max-snippet:-1, max-image-preview:large, max-video-preview:-1\" \/>\n<link rel=\"canonical\" href=\"https:\/\/www.loire-gourmande.fr\/de\/Produkt\/vdf-puy-de-dome-rot-syrah-45-3-desprat-saint-verny\/\" \/>\n<meta property=\"og:locale\" content=\"de_DE\" \/>\n<meta property=\"og:type\" content=\"article\" \/>\n<meta property=\"og:title\" content=\"VDF PUY DE D\u00d4ME ROT SYRAH 45.3 DESPRAT SAINT VERNY - Loire Gourmande - une \u00e9tape savoureuse\" \/>\n<meta property=\"og:description\" content=\"VDF PUY DE D\u00d4ME ROUGE SYRAH 45.3 DESPRAT SAINT VERNY. Wein aus der Loire. Bestellung im Weinkeller auf der Website von Loire Gourmande. Weinh\u00e4ndler in Turquant (49).\" \/>\n<meta property=\"og:url\" content=\"https:\/\/www.loire-gourmande.fr\/de\/Produkt\/vdf-puy-de-dome-rot-syrah-45-3-desprat-saint-verny\/\" \/>\n<meta property=\"og:site_name\" content=\"Loire Gourmande - une \u00e9tape savoureuse\" \/>\n<meta property=\"article:publisher\" content=\"https:\/\/www.facebook.com\/Loire-Gourmande-Turquant-101991328328493\/\" \/>\n<meta property=\"article:modified_time\" content=\"2025-05-27T15:32:35+00:00\" \/>\n<meta property=\"og:image\" content=\"https:\/\/www.loire-gourmande.fr\/wp-content\/uploads\/2021\/04\/Syrah.jpg\" \/>\n\t<meta property=\"og:image:width\" content=\"800\" \/>\n\t<meta property=\"og:image:height\" content=\"800\" \/>\n\t<meta property=\"og:image:type\" content=\"image\/jpeg\" \/>\n<meta name=\"twitter:card\" content=\"summary_large_image\" \/>\n<meta name=\"twitter:label1\" content=\"Gesch\u00e4tzte Lesezeit\" \/>\n\t<meta name=\"twitter:data1\" content=\"2\u00a0Minuten\" \/>\n<script type=\"application\/ld+json\" class=\"yoast-schema-graph\">{\"@context\":\"https:\\\/\\\/schema.org\",\"@graph\":[{\"@type\":\"WebPage\",\"@id\":\"https:\\\/\\\/www.loire-gourmande.fr\\\/de\\\/Produkt\\\/vdf-puy-de-dome-rot-syrah-45-3-desprat-saint-verny\\\/\",\"url\":\"https:\\\/\\\/www.loire-gourmande.fr\\\/de\\\/Produkt\\\/vdf-puy-de-dome-rot-syrah-45-3-desprat-saint-verny\\\/\",\"name\":\"VDF PUY DE D\u00d4ME ROT SYRAH 45.3 DESPRAT SAINT VERNY - Loire Gourmande - une \u00e9tape savoureuse\",\"isPartOf\":{\"@id\":\"https:\\\/\\\/www.loire-gourmande.fr\\\/de\\\/#website\"},\"primaryImageOfPage\":{\"@id\":\"https:\\\/\\\/www.loire-gourmande.fr\\\/de\\\/Produkt\\\/vdf-puy-de-dome-rot-syrah-45-3-desprat-saint-verny\\\/#primaryimage\"},\"image\":{\"@id\":\"https:\\\/\\\/www.loire-gourmande.fr\\\/de\\\/Produkt\\\/vdf-puy-de-dome-rot-syrah-45-3-desprat-saint-verny\\\/#primaryimage\"},\"thumbnailUrl\":\"https:\\\/\\\/www.loire-gourmande.fr\\\/wp-content\\\/uploads\\\/2021\\\/04\\\/Syrah.jpg\",\"datePublished\":\"2021-04-29T10:05:57+00:00\",\"dateModified\":\"2025-05-27T15:32:35+00:00\",\"description\":\"VDF PUY DE D\u00d4ME ROUGE SYRAH 45.3 DESPRAT SAINT VERNY. Wein aus der Loire. Bestellung im Weinkeller auf der Website von Loire Gourmande. Weinh\u00e4ndler in Turquant (49).\",\"breadcrumb\":{\"@id\":\"https:\\\/\\\/www.loire-gourmande.fr\\\/de\\\/Produkt\\\/vdf-puy-de-dome-rot-syrah-45-3-desprat-saint-verny\\\/#breadcrumb\"},\"inLanguage\":\"de\",\"potentialAction\":[{\"@type\":\"ReadAction\",\"target\":[\"https:\\\/\\\/www.loire-gourmande.fr\\\/de\\\/Produkt\\\/vdf-puy-de-dome-rot-syrah-45-3-desprat-saint-verny\\\/\"]}]},{\"@type\":\"ImageObject\",\"inLanguage\":\"de\",\"@id\":\"https:\\\/\\\/www.loire-gourmande.fr\\\/de\\\/Produkt\\\/vdf-puy-de-dome-rot-syrah-45-3-desprat-saint-verny\\\/#primaryimage\",\"url\":\"https:\\\/\\\/www.loire-gourmande.fr\\\/wp-content\\\/uploads\\\/2021\\\/04\\\/Syrah.jpg\",\"contentUrl\":\"https:\\\/\\\/www.loire-gourmande.fr\\\/wp-content\\\/uploads\\\/2021\\\/04\\\/Syrah.jpg\",\"width\":800,\"height\":800},{\"@type\":\"BreadcrumbList\",\"@id\":\"https:\\\/\\\/www.loire-gourmande.fr\\\/de\\\/Produkt\\\/vdf-puy-de-dome-rot-syrah-45-3-desprat-saint-verny\\\/#breadcrumb\",\"itemListElement\":[{\"@type\":\"ListItem\",\"position\":1,\"name\":\"Startseite\",\"item\":\"https:\\\/\\\/www.loire-gourmande.fr\\\/de\\\/\"},{\"@type\":\"ListItem\",\"position\":2,\"name\":\"Die Boutique de Loire Gourmande: die Weine der Loire\",\"item\":\"https:\\\/\\\/www.loire-gourmande.fr\\\/de\\\/woocommerce\\\/\"},{\"@type\":\"ListItem\",\"position\":3,\"name\":\"Die Weine\",\"item\":\"https:\\\/\\\/www.loire-gourmande.fr\\\/de\\\/Produktkategorie\\\/die-weine\\\/\"},{\"@type\":\"ListItem\",\"position\":4,\"name\":\"VDF PUY DE D\u00d4ME ROT SYRAH 45.3 DESPRAT SAINT VERNY\"}]},{\"@type\":\"WebSite\",\"@id\":\"https:\\\/\\\/www.loire-gourmande.fr\\\/de\\\/#website\",\"url\":\"https:\\\/\\\/www.loire-gourmande.fr\\\/de\\\/\",\"name\":\"Loire Gourmande, une \u00e9tape savoureuse\",\"description\":\"une d\u00e9gustation \u00e0 toute heure et une boutique \u00e0 visiter \u00e0 Turquant (49)\",\"publisher\":{\"@id\":\"https:\\\/\\\/www.loire-gourmande.fr\\\/de\\\/#organization\"},\"potentialAction\":[{\"@type\":\"SearchAction\",\"target\":{\"@type\":\"EntryPoint\",\"urlTemplate\":\"https:\\\/\\\/www.loire-gourmande.fr\\\/de\\\/?s={search_term_string}\"},\"query-input\":{\"@type\":\"PropertyValueSpecification\",\"valueRequired\":true,\"valueName\":\"search_term_string\"}}],\"inLanguage\":\"de\"},{\"@type\":\"Organization\",\"@id\":\"https:\\\/\\\/www.loire-gourmande.fr\\\/de\\\/#organization\",\"name\":\"Loire Gourmande - Schnellrestaurant und Besuch in Turquant (49)\",\"url\":\"https:\\\/\\\/www.loire-gourmande.fr\\\/de\\\/\",\"logo\":{\"@type\":\"ImageObject\",\"inLanguage\":\"de\",\"@id\":\"https:\\\/\\\/www.loire-gourmande.fr\\\/de\\\/#\\\/schema\\\/logo\\\/image\\\/\",\"url\":\"https:\\\/\\\/www.loire-gourmande.fr\\\/wp-content\\\/uploads\\\/2020\\\/10\\\/loire-gourmande-logo.jpg\",\"contentUrl\":\"https:\\\/\\\/www.loire-gourmande.fr\\\/wp-content\\\/uploads\\\/2020\\\/10\\\/loire-gourmande-logo.jpg\",\"width\":800,\"height\":415,\"caption\":\"Loire Gourmande - Schnellrestaurant und Besuch in Turquant (49)\"},\"image\":{\"@id\":\"https:\\\/\\\/www.loire-gourmande.fr\\\/de\\\/#\\\/schema\\\/logo\\\/image\\\/\"},\"sameAs\":[\"https:\\\/\\\/www.facebook.com\\\/Loire-Gourmande-Turquant-101991328328493\\\/\",\"https:\\\/\\\/www.instagram.com\\\/jean_yves_auradon\\\/?igshid=1ta3mfjka326t\"]}]}<\/script>\n<!-- \/ Yoast SEO plugin. -->","yoast_head_json":{"title":"VDF PUY DE D\u00d4ME ROT SYRAH 45.3 DESPRAT SAINT VERNY - Loire Gourmande - une \u00e9tape savoureuse","description":"VDF PUY DE D\u00d4ME ROUGE SYRAH 45.3 DESPRAT SAINT VERNY. Wein aus der Loire. Bestellung im Weinkeller auf der Website von Loire Gourmande. Weinh\u00e4ndler in Turquant (49).","robots":{"index":"index","follow":"follow","max-snippet":"max-snippet:-1","max-image-preview":"max-image-preview:large","max-video-preview":"max-video-preview:-1"},"canonical":"https:\/\/www.loire-gourmande.fr\/de\/Produkt\/vdf-puy-de-dome-rot-syrah-45-3-desprat-saint-verny\/","og_locale":"de_DE","og_type":"article","og_title":"VDF PUY DE D\u00d4ME ROT SYRAH 45.3 DESPRAT SAINT VERNY - Loire Gourmande - une \u00e9tape savoureuse","og_description":"VDF PUY DE D\u00d4ME ROUGE SYRAH 45.3 DESPRAT SAINT VERNY. Wein aus der Loire. Bestellung im Weinkeller auf der Website von Loire Gourmande. Weinh\u00e4ndler in Turquant (49).","og_url":"https:\/\/www.loire-gourmande.fr\/de\/Produkt\/vdf-puy-de-dome-rot-syrah-45-3-desprat-saint-verny\/","og_site_name":"Loire Gourmande - une \u00e9tape savoureuse","article_publisher":"https:\/\/www.facebook.com\/Loire-Gourmande-Turquant-101991328328493\/","article_modified_time":"2025-05-27T15:32:35+00:00","og_image":[{"width":800,"height":800,"url":"https:\/\/www.loire-gourmande.fr\/wp-content\/uploads\/2021\/04\/Syrah.jpg","type":"image\/jpeg"}],"twitter_card":"summary_large_image","twitter_misc":{"Gesch\u00e4tzte Lesezeit":"2\u00a0Minuten"},"schema":{"@context":"https:\/\/schema.org","@graph":[{"@type":"WebPage","@id":"https:\/\/www.loire-gourmande.fr\/de\/Produkt\/vdf-puy-de-dome-rot-syrah-45-3-desprat-saint-verny\/","url":"https:\/\/www.loire-gourmande.fr\/de\/Produkt\/vdf-puy-de-dome-rot-syrah-45-3-desprat-saint-verny\/","name":"VDF PUY DE D\u00d4ME ROT SYRAH 45.3 DESPRAT SAINT VERNY - Loire Gourmande - une \u00e9tape savoureuse","isPartOf":{"@id":"https:\/\/www.loire-gourmande.fr\/de\/#website"},"primaryImageOfPage":{"@id":"https:\/\/www.loire-gourmande.fr\/de\/Produkt\/vdf-puy-de-dome-rot-syrah-45-3-desprat-saint-verny\/#primaryimage"},"image":{"@id":"https:\/\/www.loire-gourmande.fr\/de\/Produkt\/vdf-puy-de-dome-rot-syrah-45-3-desprat-saint-verny\/#primaryimage"},"thumbnailUrl":"https:\/\/www.loire-gourmande.fr\/wp-content\/uploads\/2021\/04\/Syrah.jpg","datePublished":"2021-04-29T10:05:57+00:00","dateModified":"2025-05-27T15:32:35+00:00","description":"VDF PUY DE D\u00d4ME ROUGE SYRAH 45.3 DESPRAT SAINT VERNY. Wein aus der Loire. Bestellung im Weinkeller auf der Website von Loire Gourmande. Weinh\u00e4ndler in Turquant (49).","breadcrumb":{"@id":"https:\/\/www.loire-gourmande.fr\/de\/Produkt\/vdf-puy-de-dome-rot-syrah-45-3-desprat-saint-verny\/#breadcrumb"},"inLanguage":"de","potentialAction":[{"@type":"ReadAction","target":["https:\/\/www.loire-gourmande.fr\/de\/Produkt\/vdf-puy-de-dome-rot-syrah-45-3-desprat-saint-verny\/"]}]},{"@type":"ImageObject","inLanguage":"de","@id":"https:\/\/www.loire-gourmande.fr\/de\/Produkt\/vdf-puy-de-dome-rot-syrah-45-3-desprat-saint-verny\/#primaryimage","url":"https:\/\/www.loire-gourmande.fr\/wp-content\/uploads\/2021\/04\/Syrah.jpg","contentUrl":"https:\/\/www.loire-gourmande.fr\/wp-content\/uploads\/2021\/04\/Syrah.jpg","width":800,"height":800},{"@type":"BreadcrumbList","@id":"https:\/\/www.loire-gourmande.fr\/de\/Produkt\/vdf-puy-de-dome-rot-syrah-45-3-desprat-saint-verny\/#breadcrumb","itemListElement":[{"@type":"ListItem","position":1,"name":"Startseite","item":"https:\/\/www.loire-gourmande.fr\/de\/"},{"@type":"ListItem","position":2,"name":"Die Boutique de Loire Gourmande: die Weine der Loire","item":"https:\/\/www.loire-gourmande.fr\/de\/woocommerce\/"},{"@type":"ListItem","position":3,"name":"Die Weine","item":"https:\/\/www.loire-gourmande.fr\/de\/Produktkategorie\/die-weine\/"},{"@type":"ListItem","position":4,"name":"VDF PUY DE D\u00d4ME ROT SYRAH 45.3 DESPRAT SAINT VERNY"}]},{"@type":"WebSite","@id":"https:\/\/www.loire-gourmande.fr\/de\/#website","url":"https:\/\/www.loire-gourmande.fr\/de\/","name":"Loire Gourmande, une \u00e9tape savoureuse","description":"une d\u00e9gustation \u00e0 toute heure et une boutique \u00e0 visiter \u00e0 Turquant (49)","publisher":{"@id":"https:\/\/www.loire-gourmande.fr\/de\/#organization"},"potentialAction":[{"@type":"SearchAction","target":{"@type":"EntryPoint","urlTemplate":"https:\/\/www.loire-gourmande.fr\/de\/?s={search_term_string}"},"query-input":{"@type":"PropertyValueSpecification","valueRequired":true,"valueName":"search_term_string"}}],"inLanguage":"de"},{"@type":"Organization","@id":"https:\/\/www.loire-gourmande.fr\/de\/#organization","name":"Loire Gourmande - Schnellrestaurant und Besuch in Turquant (49)","url":"https:\/\/www.loire-gourmande.fr\/de\/","logo":{"@type":"ImageObject","inLanguage":"de","@id":"https:\/\/www.loire-gourmande.fr\/de\/#\/schema\/logo\/image\/","url":"https:\/\/www.loire-gourmande.fr\/wp-content\/uploads\/2020\/10\/loire-gourmande-logo.jpg","contentUrl":"https:\/\/www.loire-gourmande.fr\/wp-content\/uploads\/2020\/10\/loire-gourmande-logo.jpg","width":800,"height":415,"caption":"Loire Gourmande - Schnellrestaurant und Besuch in Turquant (49)"},"image":{"@id":"https:\/\/www.loire-gourmande.fr\/de\/#\/schema\/logo\/image\/"},"sameAs":["https:\/\/www.facebook.com\/Loire-Gourmande-Turquant-101991328328493\/","https:\/\/www.instagram.com\/jean_yves_auradon\/?igshid=1ta3mfjka326t"]}]}},"_links":{"self":[{"href":"https:\/\/www.loire-gourmande.fr\/de\/wp-json\/wp\/v2\/product\/11189","targetHints":{"allow":["GET"]}}],"collection":[{"href":"https:\/\/www.loire-gourmande.fr\/de\/wp-json\/wp\/v2\/product"}],"about":[{"href":"https:\/\/www.loire-gourmande.fr\/de\/wp-json\/wp\/v2\/types\/product"}],"version-history":[{"count":2,"href":"https:\/\/www.loire-gourmande.fr\/de\/wp-json\/wp\/v2\/product\/11189\/revisions"}],"predecessor-version":[{"id":13289,"href":"https:\/\/www.loire-gourmande.fr\/de\/wp-json\/wp\/v2\/product\/11189\/revisions\/13289"}],"wp:featuredmedia":[{"embeddable":true,"href":"https:\/\/www.loire-gourmande.fr\/de\/wp-json\/wp\/v2\/media\/11196"}],"wp:attachment":[{"href":"https:\/\/www.loire-gourmande.fr\/de\/wp-json\/wp\/v2\/media?parent=11189"}],"wp:term":[{"taxonomy":"product_brand","embeddable":true,"href":"https:\/\/www.loire-gourmande.fr\/de\/wp-json\/wp\/v2\/product_brand?post=11189"},{"taxonomy":"product_cat","embeddable":true,"href":"https:\/\/www.loire-gourmande.fr\/de\/wp-json\/wp\/v2\/product_cat?post=11189"},{"taxonomy":"product_tag","embeddable":true,"href":"https:\/\/www.loire-gourmande.fr\/de\/wp-json\/wp\/v2\/product_tag?post=11189"}],"curies":[{"name":"wp","href":"https:\/\/api.w.org\/{rel}","templated":true}]}}