{"id":11203,"date":"2021-04-29T10:05:57","date_gmt":"2021-04-29T10:05:57","guid":{"rendered":"https:\/\/www.loire-gourmande.fr\/produit\/cotes-dauvergne-aop-rose-domaine-rougeyron\/"},"modified":"2025-05-27T16:31:08","modified_gmt":"2025-05-27T15:31:08","slug":"cotes-dauvergne-aop-rose-domaine-rougeyron","status":"publish","type":"product","link":"https:\/\/www.loire-gourmande.fr\/de\/Produkt\/cotes-dauvergne-aop-rose-domaine-rougeyron\/","title":{"rendered":"C\u00d4TES D&#8217;AUVERGNE AOP ROS\u00c9 DOMAINE ROUGEYRON"},"content":{"rendered":"<p style=\"font-weight: 400;\"><strong>Ursprungsland: <\/strong>Auvergne-Rh\u00f4ne-AlpesRegion<strong><br \/>\n<\/strong><strong>Typ: <\/strong>Ros\u00e9<strong><br \/>\n<\/strong><strong>Inhalt: <\/strong>75cl<strong><br \/>\n<\/strong><strong>Alkoholgehalt: <\/strong>12\u00b0.<strong><br \/>\n<\/strong><strong>Zertifizierungen &amp; Standards: <\/strong>Kontrollierte Ursprungsbezeichnung (Appellation d&#8217;Origine Control\u00e9e)<br \/>\n<strong>Bezeichnung: <\/strong>C\u00f4tes d&#8217;AUVERGNE<strong><br \/>\n<\/strong><strong>Produzent: <\/strong>Roland und David ROUGEYRON<strong><br \/>\n<\/strong><strong>Jahrgang: <\/strong>2020<strong><br \/>\n<\/strong><strong>Rebsorten: <\/strong>Gamay<\/p>\n<p>Ein Wein, der von vulkanischen K\u00fcsten stammt. Die Frische dieses Ros\u00e9 ist am Rande des Geschehens, mit einem Mundgef\u00fchl, das sich in der Nase widerspiegelt.<\/p>\n<p>ziemlich voll und blumig.<\/p>\n<p><strong><br \/>\n  <span style=\"font-size: 12pt;\">Passt zu Wein und Speisen: <\/span><br \/>\n<\/strong><span style=\"font-size: 12pt;\">Genie\u00dfen Sie ihn zu Gep\u00f6keltem, gegrilltem Gefl\u00fcgel, Barbecue, K\u00e4se aus der Auvergne und <\/span>gebratener Foie Gras mit exotischen Fr\u00fcchten, Melone mit Coteaux du Layon und einer in S\u00fc\u00dfwein pochierten Birne.<\/p>\n","protected":false},"excerpt":{"rendered":"<p>Seit mehreren Jahrhunderten unabh\u00e4ngige Winzer vom Vater auf den Sohn im Herzen des vulkanischen Terroirs von Ch\u00e2teaugay,<br \/>\n produzieren wir rote C\u00f4tes d&#8217;Auvergne-Ch\u00e2teaugay: &#8222;Bousset d&#8217;Or&#8220;, &#8222;Vieilles Vignes&#8220; und &#8222;F\u00fbt de Ch\u00eane&#8220; aus Gamay, die Lava durch w\u00fcrzige Noten ausdr\u00fccken, C\u00f4tes d&#8217;Auvergne Wei\u00df, Chardonnay und Ros\u00e9, Gamay sowie einen Ros\u00e9 nach traditioneller Methode.<\/p>\n","protected":false},"featured_media":11206,"template":"","meta":{"inline_featured_image":false},"product_brand":[],"product_cat":[614,600,642],"product_tag":[618,701,645,615],"class_list":{"0":"post-11203","1":"product","2":"type-product","3":"status-publish","4":"has-post-thumbnail","6":"product_cat-auvergne-de","7":"product_cat-die-weine","8":"product_cat-rose-de","9":"product_tag-aperitif-de","10":"product_tag-eintrag","11":"product_tag-kase-sommer","12":"product_tag-wein","13":"product_shipping_class-flasche","15":"first","16":"outofstock","17":"featured","18":"taxable","19":"shipping-taxable","20":"purchasable","21":"product-type-simple"},"yoast_head":"<!-- This site is optimized with the Yoast SEO plugin v27.3 - https:\/\/yoast.com\/product\/yoast-seo-wordpress\/ -->\n<title>C\u00d4TES D&#039;AUVERGNE AOP ROS\u00c9 DOMAINE ROUGEYRON - Loire Gourmande - une \u00e9tape savoureuse<\/title>\n<meta name=\"description\" content=\"COTE D&#039;AUVERGNE AOP ROSE DOMAINE ROUGEYRON Wein von der Loire. Bestellung im Weinkeller auf der Website von Loire Gourmande. Weinh\u00e4ndler in Turquant (49).\" \/>\n<meta name=\"robots\" content=\"index, follow, max-snippet:-1, max-image-preview:large, max-video-preview:-1\" \/>\n<link rel=\"canonical\" href=\"https:\/\/www.loire-gourmande.fr\/de\/Produkt\/cotes-dauvergne-aop-rose-domaine-rougeyron\/\" \/>\n<meta property=\"og:locale\" content=\"de_DE\" \/>\n<meta property=\"og:type\" content=\"article\" \/>\n<meta property=\"og:title\" content=\"C\u00d4TES D&#039;AUVERGNE AOP ROS\u00c9 DOMAINE ROUGEYRON - Loire Gourmande - une \u00e9tape savoureuse\" \/>\n<meta property=\"og:description\" content=\"COTE D&#039;AUVERGNE AOP ROSE DOMAINE ROUGEYRON Wein von der Loire. Bestellung im Weinkeller auf der Website von Loire Gourmande. Weinh\u00e4ndler in Turquant (49).\" \/>\n<meta property=\"og:url\" content=\"https:\/\/www.loire-gourmande.fr\/de\/Produkt\/cotes-dauvergne-aop-rose-domaine-rougeyron\/\" \/>\n<meta property=\"og:site_name\" content=\"Loire Gourmande - une \u00e9tape savoureuse\" \/>\n<meta property=\"article:publisher\" content=\"https:\/\/www.facebook.com\/Loire-Gourmande-Turquant-101991328328493\/\" \/>\n<meta property=\"article:modified_time\" content=\"2025-05-27T15:31:08+00:00\" \/>\n<meta property=\"og:image\" content=\"https:\/\/www.loire-gourmande.fr\/wp-content\/uploads\/2021\/04\/Rose.jpg\" \/>\n\t<meta property=\"og:image:width\" content=\"800\" \/>\n\t<meta property=\"og:image:height\" content=\"800\" \/>\n\t<meta property=\"og:image:type\" content=\"image\/jpeg\" \/>\n<meta name=\"twitter:card\" content=\"summary_large_image\" \/>\n<meta name=\"twitter:label1\" content=\"Gesch\u00e4tzte Lesezeit\" \/>\n\t<meta name=\"twitter:data1\" content=\"1\u00a0Minute\" \/>\n<script type=\"application\/ld+json\" class=\"yoast-schema-graph\">{\"@context\":\"https:\\\/\\\/schema.org\",\"@graph\":[{\"@type\":\"WebPage\",\"@id\":\"https:\\\/\\\/www.loire-gourmande.fr\\\/de\\\/Produkt\\\/cotes-dauvergne-aop-rose-domaine-rougeyron\\\/\",\"url\":\"https:\\\/\\\/www.loire-gourmande.fr\\\/de\\\/Produkt\\\/cotes-dauvergne-aop-rose-domaine-rougeyron\\\/\",\"name\":\"C\u00d4TES D'AUVERGNE AOP ROS\u00c9 DOMAINE ROUGEYRON - Loire Gourmande - une \u00e9tape savoureuse\",\"isPartOf\":{\"@id\":\"https:\\\/\\\/www.loire-gourmande.fr\\\/de\\\/#website\"},\"primaryImageOfPage\":{\"@id\":\"https:\\\/\\\/www.loire-gourmande.fr\\\/de\\\/Produkt\\\/cotes-dauvergne-aop-rose-domaine-rougeyron\\\/#primaryimage\"},\"image\":{\"@id\":\"https:\\\/\\\/www.loire-gourmande.fr\\\/de\\\/Produkt\\\/cotes-dauvergne-aop-rose-domaine-rougeyron\\\/#primaryimage\"},\"thumbnailUrl\":\"https:\\\/\\\/www.loire-gourmande.fr\\\/wp-content\\\/uploads\\\/2021\\\/04\\\/Rose.jpg\",\"datePublished\":\"2021-04-29T10:05:57+00:00\",\"dateModified\":\"2025-05-27T15:31:08+00:00\",\"description\":\"COTE D'AUVERGNE AOP ROSE DOMAINE ROUGEYRON Wein von der Loire. Bestellung im Weinkeller auf der Website von Loire Gourmande. Weinh\u00e4ndler in Turquant (49).\",\"breadcrumb\":{\"@id\":\"https:\\\/\\\/www.loire-gourmande.fr\\\/de\\\/Produkt\\\/cotes-dauvergne-aop-rose-domaine-rougeyron\\\/#breadcrumb\"},\"inLanguage\":\"de\",\"potentialAction\":[{\"@type\":\"ReadAction\",\"target\":[\"https:\\\/\\\/www.loire-gourmande.fr\\\/de\\\/Produkt\\\/cotes-dauvergne-aop-rose-domaine-rougeyron\\\/\"]}]},{\"@type\":\"ImageObject\",\"inLanguage\":\"de\",\"@id\":\"https:\\\/\\\/www.loire-gourmande.fr\\\/de\\\/Produkt\\\/cotes-dauvergne-aop-rose-domaine-rougeyron\\\/#primaryimage\",\"url\":\"https:\\\/\\\/www.loire-gourmande.fr\\\/wp-content\\\/uploads\\\/2021\\\/04\\\/Rose.jpg\",\"contentUrl\":\"https:\\\/\\\/www.loire-gourmande.fr\\\/wp-content\\\/uploads\\\/2021\\\/04\\\/Rose.jpg\",\"width\":800,\"height\":800},{\"@type\":\"BreadcrumbList\",\"@id\":\"https:\\\/\\\/www.loire-gourmande.fr\\\/de\\\/Produkt\\\/cotes-dauvergne-aop-rose-domaine-rougeyron\\\/#breadcrumb\",\"itemListElement\":[{\"@type\":\"ListItem\",\"position\":1,\"name\":\"Startseite\",\"item\":\"https:\\\/\\\/www.loire-gourmande.fr\\\/de\\\/\"},{\"@type\":\"ListItem\",\"position\":2,\"name\":\"Die Boutique de Loire Gourmande: die Weine der Loire\",\"item\":\"https:\\\/\\\/www.loire-gourmande.fr\\\/de\\\/woocommerce\\\/\"},{\"@type\":\"ListItem\",\"position\":3,\"name\":\"Die Weine\",\"item\":\"https:\\\/\\\/www.loire-gourmande.fr\\\/de\\\/Produktkategorie\\\/die-weine\\\/\"},{\"@type\":\"ListItem\",\"position\":4,\"name\":\"Auvergne\",\"item\":\"https:\\\/\\\/www.loire-gourmande.fr\\\/de\\\/Produktkategorie\\\/die-weine\\\/auvergne-de\\\/\"},{\"@type\":\"ListItem\",\"position\":5,\"name\":\"C\u00d4TES D&#8217;AUVERGNE AOP ROS\u00c9 DOMAINE ROUGEYRON\"}]},{\"@type\":\"WebSite\",\"@id\":\"https:\\\/\\\/www.loire-gourmande.fr\\\/de\\\/#website\",\"url\":\"https:\\\/\\\/www.loire-gourmande.fr\\\/de\\\/\",\"name\":\"Loire Gourmande, une \u00e9tape savoureuse\",\"description\":\"une d\u00e9gustation \u00e0 toute heure et une boutique \u00e0 visiter \u00e0 Turquant (49)\",\"publisher\":{\"@id\":\"https:\\\/\\\/www.loire-gourmande.fr\\\/de\\\/#organization\"},\"potentialAction\":[{\"@type\":\"SearchAction\",\"target\":{\"@type\":\"EntryPoint\",\"urlTemplate\":\"https:\\\/\\\/www.loire-gourmande.fr\\\/de\\\/?s={search_term_string}\"},\"query-input\":{\"@type\":\"PropertyValueSpecification\",\"valueRequired\":true,\"valueName\":\"search_term_string\"}}],\"inLanguage\":\"de\"},{\"@type\":\"Organization\",\"@id\":\"https:\\\/\\\/www.loire-gourmande.fr\\\/de\\\/#organization\",\"name\":\"Loire Gourmande - Schnellrestaurant und Besuch in Turquant (49)\",\"url\":\"https:\\\/\\\/www.loire-gourmande.fr\\\/de\\\/\",\"logo\":{\"@type\":\"ImageObject\",\"inLanguage\":\"de\",\"@id\":\"https:\\\/\\\/www.loire-gourmande.fr\\\/de\\\/#\\\/schema\\\/logo\\\/image\\\/\",\"url\":\"https:\\\/\\\/www.loire-gourmande.fr\\\/wp-content\\\/uploads\\\/2020\\\/10\\\/loire-gourmande-logo.jpg\",\"contentUrl\":\"https:\\\/\\\/www.loire-gourmande.fr\\\/wp-content\\\/uploads\\\/2020\\\/10\\\/loire-gourmande-logo.jpg\",\"width\":800,\"height\":415,\"caption\":\"Loire Gourmande - Schnellrestaurant und Besuch in Turquant (49)\"},\"image\":{\"@id\":\"https:\\\/\\\/www.loire-gourmande.fr\\\/de\\\/#\\\/schema\\\/logo\\\/image\\\/\"},\"sameAs\":[\"https:\\\/\\\/www.facebook.com\\\/Loire-Gourmande-Turquant-101991328328493\\\/\",\"https:\\\/\\\/www.instagram.com\\\/jean_yves_auradon\\\/?igshid=1ta3mfjka326t\"]}]}<\/script>\n<!-- \/ Yoast SEO plugin. -->","yoast_head_json":{"title":"C\u00d4TES D'AUVERGNE AOP ROS\u00c9 DOMAINE ROUGEYRON - Loire Gourmande - une \u00e9tape savoureuse","description":"COTE D'AUVERGNE AOP ROSE DOMAINE ROUGEYRON Wein von der Loire. Bestellung im Weinkeller auf der Website von Loire Gourmande. Weinh\u00e4ndler in Turquant (49).","robots":{"index":"index","follow":"follow","max-snippet":"max-snippet:-1","max-image-preview":"max-image-preview:large","max-video-preview":"max-video-preview:-1"},"canonical":"https:\/\/www.loire-gourmande.fr\/de\/Produkt\/cotes-dauvergne-aop-rose-domaine-rougeyron\/","og_locale":"de_DE","og_type":"article","og_title":"C\u00d4TES D'AUVERGNE AOP ROS\u00c9 DOMAINE ROUGEYRON - Loire Gourmande - une \u00e9tape savoureuse","og_description":"COTE D'AUVERGNE AOP ROSE DOMAINE ROUGEYRON Wein von der Loire. Bestellung im Weinkeller auf der Website von Loire Gourmande. Weinh\u00e4ndler in Turquant (49).","og_url":"https:\/\/www.loire-gourmande.fr\/de\/Produkt\/cotes-dauvergne-aop-rose-domaine-rougeyron\/","og_site_name":"Loire Gourmande - une \u00e9tape savoureuse","article_publisher":"https:\/\/www.facebook.com\/Loire-Gourmande-Turquant-101991328328493\/","article_modified_time":"2025-05-27T15:31:08+00:00","og_image":[{"width":800,"height":800,"url":"https:\/\/www.loire-gourmande.fr\/wp-content\/uploads\/2021\/04\/Rose.jpg","type":"image\/jpeg"}],"twitter_card":"summary_large_image","twitter_misc":{"Gesch\u00e4tzte Lesezeit":"1\u00a0Minute"},"schema":{"@context":"https:\/\/schema.org","@graph":[{"@type":"WebPage","@id":"https:\/\/www.loire-gourmande.fr\/de\/Produkt\/cotes-dauvergne-aop-rose-domaine-rougeyron\/","url":"https:\/\/www.loire-gourmande.fr\/de\/Produkt\/cotes-dauvergne-aop-rose-domaine-rougeyron\/","name":"C\u00d4TES D'AUVERGNE AOP ROS\u00c9 DOMAINE ROUGEYRON - Loire Gourmande - une \u00e9tape savoureuse","isPartOf":{"@id":"https:\/\/www.loire-gourmande.fr\/de\/#website"},"primaryImageOfPage":{"@id":"https:\/\/www.loire-gourmande.fr\/de\/Produkt\/cotes-dauvergne-aop-rose-domaine-rougeyron\/#primaryimage"},"image":{"@id":"https:\/\/www.loire-gourmande.fr\/de\/Produkt\/cotes-dauvergne-aop-rose-domaine-rougeyron\/#primaryimage"},"thumbnailUrl":"https:\/\/www.loire-gourmande.fr\/wp-content\/uploads\/2021\/04\/Rose.jpg","datePublished":"2021-04-29T10:05:57+00:00","dateModified":"2025-05-27T15:31:08+00:00","description":"COTE D'AUVERGNE AOP ROSE DOMAINE ROUGEYRON Wein von der Loire. Bestellung im Weinkeller auf der Website von Loire Gourmande. Weinh\u00e4ndler in Turquant (49).","breadcrumb":{"@id":"https:\/\/www.loire-gourmande.fr\/de\/Produkt\/cotes-dauvergne-aop-rose-domaine-rougeyron\/#breadcrumb"},"inLanguage":"de","potentialAction":[{"@type":"ReadAction","target":["https:\/\/www.loire-gourmande.fr\/de\/Produkt\/cotes-dauvergne-aop-rose-domaine-rougeyron\/"]}]},{"@type":"ImageObject","inLanguage":"de","@id":"https:\/\/www.loire-gourmande.fr\/de\/Produkt\/cotes-dauvergne-aop-rose-domaine-rougeyron\/#primaryimage","url":"https:\/\/www.loire-gourmande.fr\/wp-content\/uploads\/2021\/04\/Rose.jpg","contentUrl":"https:\/\/www.loire-gourmande.fr\/wp-content\/uploads\/2021\/04\/Rose.jpg","width":800,"height":800},{"@type":"BreadcrumbList","@id":"https:\/\/www.loire-gourmande.fr\/de\/Produkt\/cotes-dauvergne-aop-rose-domaine-rougeyron\/#breadcrumb","itemListElement":[{"@type":"ListItem","position":1,"name":"Startseite","item":"https:\/\/www.loire-gourmande.fr\/de\/"},{"@type":"ListItem","position":2,"name":"Die Boutique de Loire Gourmande: die Weine der Loire","item":"https:\/\/www.loire-gourmande.fr\/de\/woocommerce\/"},{"@type":"ListItem","position":3,"name":"Die Weine","item":"https:\/\/www.loire-gourmande.fr\/de\/Produktkategorie\/die-weine\/"},{"@type":"ListItem","position":4,"name":"Auvergne","item":"https:\/\/www.loire-gourmande.fr\/de\/Produktkategorie\/die-weine\/auvergne-de\/"},{"@type":"ListItem","position":5,"name":"C\u00d4TES D&#8217;AUVERGNE AOP ROS\u00c9 DOMAINE ROUGEYRON"}]},{"@type":"WebSite","@id":"https:\/\/www.loire-gourmande.fr\/de\/#website","url":"https:\/\/www.loire-gourmande.fr\/de\/","name":"Loire Gourmande, une \u00e9tape savoureuse","description":"une d\u00e9gustation \u00e0 toute heure et une boutique \u00e0 visiter \u00e0 Turquant (49)","publisher":{"@id":"https:\/\/www.loire-gourmande.fr\/de\/#organization"},"potentialAction":[{"@type":"SearchAction","target":{"@type":"EntryPoint","urlTemplate":"https:\/\/www.loire-gourmande.fr\/de\/?s={search_term_string}"},"query-input":{"@type":"PropertyValueSpecification","valueRequired":true,"valueName":"search_term_string"}}],"inLanguage":"de"},{"@type":"Organization","@id":"https:\/\/www.loire-gourmande.fr\/de\/#organization","name":"Loire Gourmande - Schnellrestaurant und Besuch in Turquant (49)","url":"https:\/\/www.loire-gourmande.fr\/de\/","logo":{"@type":"ImageObject","inLanguage":"de","@id":"https:\/\/www.loire-gourmande.fr\/de\/#\/schema\/logo\/image\/","url":"https:\/\/www.loire-gourmande.fr\/wp-content\/uploads\/2020\/10\/loire-gourmande-logo.jpg","contentUrl":"https:\/\/www.loire-gourmande.fr\/wp-content\/uploads\/2020\/10\/loire-gourmande-logo.jpg","width":800,"height":415,"caption":"Loire Gourmande - Schnellrestaurant und Besuch in Turquant (49)"},"image":{"@id":"https:\/\/www.loire-gourmande.fr\/de\/#\/schema\/logo\/image\/"},"sameAs":["https:\/\/www.facebook.com\/Loire-Gourmande-Turquant-101991328328493\/","https:\/\/www.instagram.com\/jean_yves_auradon\/?igshid=1ta3mfjka326t"]}]}},"_links":{"self":[{"href":"https:\/\/www.loire-gourmande.fr\/de\/wp-json\/wp\/v2\/product\/11203","targetHints":{"allow":["GET"]}}],"collection":[{"href":"https:\/\/www.loire-gourmande.fr\/de\/wp-json\/wp\/v2\/product"}],"about":[{"href":"https:\/\/www.loire-gourmande.fr\/de\/wp-json\/wp\/v2\/types\/product"}],"version-history":[{"count":2,"href":"https:\/\/www.loire-gourmande.fr\/de\/wp-json\/wp\/v2\/product\/11203\/revisions"}],"predecessor-version":[{"id":13206,"href":"https:\/\/www.loire-gourmande.fr\/de\/wp-json\/wp\/v2\/product\/11203\/revisions\/13206"}],"wp:featuredmedia":[{"embeddable":true,"href":"https:\/\/www.loire-gourmande.fr\/de\/wp-json\/wp\/v2\/media\/11206"}],"wp:attachment":[{"href":"https:\/\/www.loire-gourmande.fr\/de\/wp-json\/wp\/v2\/media?parent=11203"}],"wp:term":[{"taxonomy":"product_brand","embeddable":true,"href":"https:\/\/www.loire-gourmande.fr\/de\/wp-json\/wp\/v2\/product_brand?post=11203"},{"taxonomy":"product_cat","embeddable":true,"href":"https:\/\/www.loire-gourmande.fr\/de\/wp-json\/wp\/v2\/product_cat?post=11203"},{"taxonomy":"product_tag","embeddable":true,"href":"https:\/\/www.loire-gourmande.fr\/de\/wp-json\/wp\/v2\/product_tag?post=11203"}],"curies":[{"name":"wp","href":"https:\/\/api.w.org\/{rel}","templated":true}]}}