{"id":11213,"date":"2021-04-29T10:05:57","date_gmt":"2021-04-29T10:05:57","guid":{"rendered":"https:\/\/www.loire-gourmande.fr\/produit\/chateaugay-aop-cotes-dauvergne-rouge-vieilles-vignes-domaine-rougeyron\/"},"modified":"2025-05-27T16:31:10","modified_gmt":"2025-05-27T15:31:10","slug":"chateaugay-aop-cotes-dauvergne-rouge-vieilles-vignes-domaine-rougeyron","status":"publish","type":"product","link":"https:\/\/www.loire-gourmande.fr\/de\/Produkt\/chateaugay-aop-cotes-dauvergne-rouge-vieilles-vignes-domaine-rougeyron\/","title":{"rendered":"CH\u00c2TEAUGAY AOP C\u00d4TES D&#8217;AUVERGNE ROUGE VIEILLES VIGNES DOMAINE ROUGEYRON"},"content":{"rendered":"<p style=\"font-weight: 400;\"><strong>Dom\u00e4ne: <\/strong>Dom\u00e4ne Rougeyron  <strong><br \/>\n<\/strong><strong>Rebsorten: <\/strong>Gamay Noir<strong><br \/>\n<\/strong><strong>Region\/Bezeichnung: <\/strong>Puy-de-Dome<strong><br \/>\n<\/strong><strong>Gro\u00dfe Weinbauregion:<\/strong> Vin de Pays<strong><br \/>\n<\/strong><strong>Land: <\/strong>Frankreich  <strong><br \/>\n<\/strong><strong>Weinstil: <\/strong>Rot<strong><br \/>\n<\/strong><strong>Allergene: <\/strong>Enth\u00e4lt Sulfite<br \/>\nDieser C\u00f4tes d&#8217;Auvergne wird aus 80 Jahre alten Reben hergestellt und ist ein reiner Gamay. Er ist gro\u00dfz\u00fcgig, mit Nuancen von Gew\u00fcrzen und karamellisierten Fr\u00fcchten, und zeichnet sich durch einen langen Abgang aus. Nicht umsonst wurde er vier Jahre hintereinander beim Concours G\u00e9n\u00e9ral Agricole in Paris mit einer Medaille ausgezeichnet. David, ein Kind der Weinberge, hat das Familiengut \u00fcbernommen und die historischen Herstellungsmethoden beibehalten. Die C\u00f4tes de Ch\u00e2teaugay bieten mit ihren medaillengekr\u00f6nten Cuv\u00e9es in allen Farben etwas f\u00fcr jeden Geschmack (Liebhaber oder Kenner). Brechen Sie die Codes und begleiten Sie Ihre Gerichte mit der Farbe des Weins, den Sie m\u00f6gen. Die Hochzeit ist \u00fcberraschend, aber vor allem ideal, um sich mit der Familie oder Freunden zu verw\u00f6hnen.<br \/>\nKombination <strong><span style=\"font-size: 12pt;\">von Speisen und Weinen<\/span><\/strong><br \/>\nF\u00fcr sich als Aperitif mit Freunden mit einer guten Wurst zu Wildterrinen und Galantinen, zu Wildgefl\u00fcgel und Wildschwein. Und passend zu den K\u00e4sesorten der Auvergne<\/p>\n","protected":false},"excerpt":{"rendered":"<p>Die Domaine Rougeyron liegt in der Auvergne, 10 km von Clermont-Ferrand entfernt, am Rande des Dorfes Ch\u00e2teaugay in der N\u00e4he von Volvic. Die Familie Rougeyron ist ein Teil des Erbes von Ch\u00e2teaugay. In einem in den Fels gehauenen Keller unter dem Hang von La Crouzette stellt Roland Rougeyron seine Weine der C\u00f4tes d&#8217;Auvergne Ch\u00e2teaugay her.<br \/>\n20 Hektar Reben, die nach S\u00fcden und Osten ausgerichtet sind und in einer H\u00f6he von 400 Metern auf B\u00f6den aus Ger\u00f6ll und Vulkanasche auf einem Kalksteinfelsen gepflanzt sind. Einige sind zwischen 50 und 80 Jahre alt.<br \/>\nDie Weinlese erfolgt manuell.  Die Weine werden in Edelstahltanks oder f\u00fcr einige Cuv\u00e9es in Eichenf\u00e4ssern ausgebaut.<\/p>\n<p><span style=\"font-size: 18pt;\"><em><strong> <\/strong><\/em><\/span><\/p>\n","protected":false},"featured_media":14385,"template":"","meta":{"inline_featured_image":false},"product_brand":[],"product_cat":[614,600,601],"product_tag":[618,701,619,615],"class_list":{"0":"post-11213","1":"product","2":"type-product","3":"status-publish","4":"has-post-thumbnail","6":"product_cat-auvergne-de","7":"product_cat-die-weine","8":"product_cat-rot","9":"product_tag-aperitif-de","10":"product_tag-eintrag","11":"product_tag-sommer","12":"product_tag-wein","13":"product_shipping_class-flasche","15":"first","16":"instock","17":"featured","18":"taxable","19":"shipping-taxable","20":"purchasable","21":"product-type-simple"},"yoast_head":"<!-- This site is optimized with the Yoast SEO plugin v27.6 - https:\/\/yoast.com\/product\/yoast-seo-wordpress\/ -->\n<title>CH\u00c2TEAUGAY AOP C\u00d4TES D&#039;AUVERGNE ROUGE VIEILLES VIGNES DOMAINE ROUGEYRON - Loire Gourmande - une \u00e9tape savoureuse<\/title>\n<meta name=\"description\" content=\"AOP C\u00d4TES D&#039;AUVERGNE VIEILLES VIGNES DOMAINE ROUGEYRON. Wein aus der Loire. Bestellung im Weinkeller auf der Website von Loire Gourmande. Weinh\u00e4ndler in Turquant (49).\" \/>\n<meta name=\"robots\" content=\"index, follow, max-snippet:-1, max-image-preview:large, max-video-preview:-1\" \/>\n<link rel=\"canonical\" href=\"https:\/\/www.loire-gourmande.fr\/de\/Produkt\/chateaugay-aop-cotes-dauvergne-rouge-vieilles-vignes-domaine-rougeyron\/\" \/>\n<meta property=\"og:locale\" content=\"de_DE\" \/>\n<meta property=\"og:type\" content=\"article\" \/>\n<meta property=\"og:title\" content=\"CH\u00c2TEAUGAY AOP C\u00d4TES D&#039;AUVERGNE ROUGE VIEILLES VIGNES DOMAINE ROUGEYRON - Loire Gourmande - une \u00e9tape savoureuse\" \/>\n<meta property=\"og:description\" content=\"AOP C\u00d4TES D&#039;AUVERGNE VIEILLES VIGNES DOMAINE ROUGEYRON. Wein aus der Loire. Bestellung im Weinkeller auf der Website von Loire Gourmande. Weinh\u00e4ndler in Turquant (49).\" \/>\n<meta property=\"og:url\" content=\"https:\/\/www.loire-gourmande.fr\/de\/Produkt\/chateaugay-aop-cotes-dauvergne-rouge-vieilles-vignes-domaine-rougeyron\/\" \/>\n<meta property=\"og:site_name\" content=\"Loire Gourmande - une \u00e9tape savoureuse\" \/>\n<meta property=\"article:publisher\" content=\"https:\/\/www.facebook.com\/Loire-Gourmande-Turquant-101991328328493\/\" \/>\n<meta property=\"article:modified_time\" content=\"2025-05-27T15:31:10+00:00\" \/>\n<meta property=\"og:image\" content=\"https:\/\/www.loire-gourmande.fr\/wp-content\/uploads\/2021\/04\/5COTAUVCHAVIEVIGROU19RGE-Rouge-Cotes-d-Auvergne-Vielles-Vignes-Chateaugay-Rougeyron-2019-.png\" \/>\n\t<meta property=\"og:image:width\" content=\"1200\" \/>\n\t<meta property=\"og:image:height\" content=\"1200\" \/>\n\t<meta property=\"og:image:type\" content=\"image\/png\" \/>\n<meta name=\"twitter:card\" content=\"summary_large_image\" \/>\n<meta name=\"twitter:label1\" content=\"Gesch\u00e4tzte Lesezeit\" \/>\n\t<meta name=\"twitter:data1\" content=\"1\u00a0Minute\" \/>\n<script type=\"application\/ld+json\" class=\"yoast-schema-graph\">{\"@context\":\"https:\\\/\\\/schema.org\",\"@graph\":[{\"@type\":\"WebPage\",\"@id\":\"https:\\\/\\\/www.loire-gourmande.fr\\\/de\\\/Produkt\\\/chateaugay-aop-cotes-dauvergne-rouge-vieilles-vignes-domaine-rougeyron\\\/\",\"url\":\"https:\\\/\\\/www.loire-gourmande.fr\\\/de\\\/Produkt\\\/chateaugay-aop-cotes-dauvergne-rouge-vieilles-vignes-domaine-rougeyron\\\/\",\"name\":\"CH\u00c2TEAUGAY AOP C\u00d4TES D'AUVERGNE ROUGE VIEILLES VIGNES DOMAINE ROUGEYRON - Loire Gourmande - une \u00e9tape savoureuse\",\"isPartOf\":{\"@id\":\"https:\\\/\\\/www.loire-gourmande.fr\\\/de\\\/#website\"},\"primaryImageOfPage\":{\"@id\":\"https:\\\/\\\/www.loire-gourmande.fr\\\/de\\\/Produkt\\\/chateaugay-aop-cotes-dauvergne-rouge-vieilles-vignes-domaine-rougeyron\\\/#primaryimage\"},\"image\":{\"@id\":\"https:\\\/\\\/www.loire-gourmande.fr\\\/de\\\/Produkt\\\/chateaugay-aop-cotes-dauvergne-rouge-vieilles-vignes-domaine-rougeyron\\\/#primaryimage\"},\"thumbnailUrl\":\"https:\\\/\\\/www.loire-gourmande.fr\\\/wp-content\\\/uploads\\\/2021\\\/04\\\/Capture-decran-2026-01-27-a-10.58.32.png\",\"datePublished\":\"2021-04-29T10:05:57+00:00\",\"dateModified\":\"2025-05-27T15:31:10+00:00\",\"description\":\"AOP C\u00d4TES D'AUVERGNE VIEILLES VIGNES DOMAINE ROUGEYRON. Wein aus der Loire. Bestellung im Weinkeller auf der Website von Loire Gourmande. Weinh\u00e4ndler in Turquant (49).\",\"breadcrumb\":{\"@id\":\"https:\\\/\\\/www.loire-gourmande.fr\\\/de\\\/Produkt\\\/chateaugay-aop-cotes-dauvergne-rouge-vieilles-vignes-domaine-rougeyron\\\/#breadcrumb\"},\"inLanguage\":\"de\",\"potentialAction\":[{\"@type\":\"ReadAction\",\"target\":[\"https:\\\/\\\/www.loire-gourmande.fr\\\/de\\\/Produkt\\\/chateaugay-aop-cotes-dauvergne-rouge-vieilles-vignes-domaine-rougeyron\\\/\"]}]},{\"@type\":\"ImageObject\",\"inLanguage\":\"de\",\"@id\":\"https:\\\/\\\/www.loire-gourmande.fr\\\/de\\\/Produkt\\\/chateaugay-aop-cotes-dauvergne-rouge-vieilles-vignes-domaine-rougeyron\\\/#primaryimage\",\"url\":\"https:\\\/\\\/www.loire-gourmande.fr\\\/wp-content\\\/uploads\\\/2021\\\/04\\\/Capture-decran-2026-01-27-a-10.58.32.png\",\"contentUrl\":\"https:\\\/\\\/www.loire-gourmande.fr\\\/wp-content\\\/uploads\\\/2021\\\/04\\\/Capture-decran-2026-01-27-a-10.58.32.png\",\"width\":1208,\"height\":1202},{\"@type\":\"BreadcrumbList\",\"@id\":\"https:\\\/\\\/www.loire-gourmande.fr\\\/de\\\/Produkt\\\/chateaugay-aop-cotes-dauvergne-rouge-vieilles-vignes-domaine-rougeyron\\\/#breadcrumb\",\"itemListElement\":[{\"@type\":\"ListItem\",\"position\":1,\"name\":\"Startseite\",\"item\":\"https:\\\/\\\/www.loire-gourmande.fr\\\/de\\\/\"},{\"@type\":\"ListItem\",\"position\":2,\"name\":\"Die Boutique de Loire Gourmande: die Weine der Loire\",\"item\":\"https:\\\/\\\/www.loire-gourmande.fr\\\/de\\\/woocommerce\\\/\"},{\"@type\":\"ListItem\",\"position\":3,\"name\":\"Die Weine\",\"item\":\"https:\\\/\\\/www.loire-gourmande.fr\\\/de\\\/Produktkategorie\\\/die-weine\\\/\"},{\"@type\":\"ListItem\",\"position\":4,\"name\":\"Auvergne\",\"item\":\"https:\\\/\\\/www.loire-gourmande.fr\\\/de\\\/Produktkategorie\\\/die-weine\\\/auvergne-de\\\/\"},{\"@type\":\"ListItem\",\"position\":5,\"name\":\"CH\u00c2TEAUGAY AOP C\u00d4TES D&#8217;AUVERGNE ROUGE VIEILLES VIGNES DOMAINE ROUGEYRON\"}]},{\"@type\":\"WebSite\",\"@id\":\"https:\\\/\\\/www.loire-gourmande.fr\\\/de\\\/#website\",\"url\":\"https:\\\/\\\/www.loire-gourmande.fr\\\/de\\\/\",\"name\":\"Loire Gourmande, une \u00e9tape savoureuse\",\"description\":\"une d\u00e9gustation \u00e0 toute heure et une boutique \u00e0 visiter \u00e0 Turquant (49)\",\"publisher\":{\"@id\":\"https:\\\/\\\/www.loire-gourmande.fr\\\/de\\\/#organization\"},\"potentialAction\":[{\"@type\":\"SearchAction\",\"target\":{\"@type\":\"EntryPoint\",\"urlTemplate\":\"https:\\\/\\\/www.loire-gourmande.fr\\\/de\\\/?s={search_term_string}\"},\"query-input\":{\"@type\":\"PropertyValueSpecification\",\"valueRequired\":true,\"valueName\":\"search_term_string\"}}],\"inLanguage\":\"de\"},{\"@type\":\"Organization\",\"@id\":\"https:\\\/\\\/www.loire-gourmande.fr\\\/de\\\/#organization\",\"name\":\"Loire Gourmande - Schnellrestaurant und Besuch in Turquant (49)\",\"url\":\"https:\\\/\\\/www.loire-gourmande.fr\\\/de\\\/\",\"logo\":{\"@type\":\"ImageObject\",\"inLanguage\":\"de\",\"@id\":\"https:\\\/\\\/www.loire-gourmande.fr\\\/de\\\/#\\\/schema\\\/logo\\\/image\\\/\",\"url\":\"https:\\\/\\\/www.loire-gourmande.fr\\\/wp-content\\\/uploads\\\/2020\\\/10\\\/loire-gourmande-logo.jpg\",\"contentUrl\":\"https:\\\/\\\/www.loire-gourmande.fr\\\/wp-content\\\/uploads\\\/2020\\\/10\\\/loire-gourmande-logo.jpg\",\"width\":800,\"height\":415,\"caption\":\"Loire Gourmande - Schnellrestaurant und Besuch in Turquant (49)\"},\"image\":{\"@id\":\"https:\\\/\\\/www.loire-gourmande.fr\\\/de\\\/#\\\/schema\\\/logo\\\/image\\\/\"},\"sameAs\":[\"https:\\\/\\\/www.facebook.com\\\/Loire-Gourmande-Turquant-101991328328493\\\/\",\"https:\\\/\\\/www.instagram.com\\\/jean_yves_auradon\\\/?igshid=1ta3mfjka326t\"]}]}<\/script>\n<!-- \/ Yoast SEO plugin. -->","yoast_head_json":{"title":"CH\u00c2TEAUGAY AOP C\u00d4TES D'AUVERGNE ROUGE VIEILLES VIGNES DOMAINE ROUGEYRON - Loire Gourmande - une \u00e9tape savoureuse","description":"AOP C\u00d4TES D'AUVERGNE VIEILLES VIGNES DOMAINE ROUGEYRON. Wein aus der Loire. Bestellung im Weinkeller auf der Website von Loire Gourmande. Weinh\u00e4ndler in Turquant (49).","robots":{"index":"index","follow":"follow","max-snippet":"max-snippet:-1","max-image-preview":"max-image-preview:large","max-video-preview":"max-video-preview:-1"},"canonical":"https:\/\/www.loire-gourmande.fr\/de\/Produkt\/chateaugay-aop-cotes-dauvergne-rouge-vieilles-vignes-domaine-rougeyron\/","og_locale":"de_DE","og_type":"article","og_title":"CH\u00c2TEAUGAY AOP C\u00d4TES D'AUVERGNE ROUGE VIEILLES VIGNES DOMAINE ROUGEYRON - Loire Gourmande - une \u00e9tape savoureuse","og_description":"AOP C\u00d4TES D'AUVERGNE VIEILLES VIGNES DOMAINE ROUGEYRON. Wein aus der Loire. Bestellung im Weinkeller auf der Website von Loire Gourmande. Weinh\u00e4ndler in Turquant (49).","og_url":"https:\/\/www.loire-gourmande.fr\/de\/Produkt\/chateaugay-aop-cotes-dauvergne-rouge-vieilles-vignes-domaine-rougeyron\/","og_site_name":"Loire Gourmande - une \u00e9tape savoureuse","article_publisher":"https:\/\/www.facebook.com\/Loire-Gourmande-Turquant-101991328328493\/","article_modified_time":"2025-05-27T15:31:10+00:00","og_image":[{"width":1200,"height":1200,"url":"https:\/\/www.loire-gourmande.fr\/wp-content\/uploads\/2021\/04\/5COTAUVCHAVIEVIGROU19RGE-Rouge-Cotes-d-Auvergne-Vielles-Vignes-Chateaugay-Rougeyron-2019-.png","type":"image\/png"}],"twitter_card":"summary_large_image","twitter_misc":{"Gesch\u00e4tzte Lesezeit":"1\u00a0Minute"},"schema":{"@context":"https:\/\/schema.org","@graph":[{"@type":"WebPage","@id":"https:\/\/www.loire-gourmande.fr\/de\/Produkt\/chateaugay-aop-cotes-dauvergne-rouge-vieilles-vignes-domaine-rougeyron\/","url":"https:\/\/www.loire-gourmande.fr\/de\/Produkt\/chateaugay-aop-cotes-dauvergne-rouge-vieilles-vignes-domaine-rougeyron\/","name":"CH\u00c2TEAUGAY AOP C\u00d4TES D'AUVERGNE ROUGE VIEILLES VIGNES DOMAINE ROUGEYRON - Loire Gourmande - une \u00e9tape savoureuse","isPartOf":{"@id":"https:\/\/www.loire-gourmande.fr\/de\/#website"},"primaryImageOfPage":{"@id":"https:\/\/www.loire-gourmande.fr\/de\/Produkt\/chateaugay-aop-cotes-dauvergne-rouge-vieilles-vignes-domaine-rougeyron\/#primaryimage"},"image":{"@id":"https:\/\/www.loire-gourmande.fr\/de\/Produkt\/chateaugay-aop-cotes-dauvergne-rouge-vieilles-vignes-domaine-rougeyron\/#primaryimage"},"thumbnailUrl":"https:\/\/www.loire-gourmande.fr\/wp-content\/uploads\/2021\/04\/Capture-decran-2026-01-27-a-10.58.32.png","datePublished":"2021-04-29T10:05:57+00:00","dateModified":"2025-05-27T15:31:10+00:00","description":"AOP C\u00d4TES D'AUVERGNE VIEILLES VIGNES DOMAINE ROUGEYRON. Wein aus der Loire. Bestellung im Weinkeller auf der Website von Loire Gourmande. Weinh\u00e4ndler in Turquant (49).","breadcrumb":{"@id":"https:\/\/www.loire-gourmande.fr\/de\/Produkt\/chateaugay-aop-cotes-dauvergne-rouge-vieilles-vignes-domaine-rougeyron\/#breadcrumb"},"inLanguage":"de","potentialAction":[{"@type":"ReadAction","target":["https:\/\/www.loire-gourmande.fr\/de\/Produkt\/chateaugay-aop-cotes-dauvergne-rouge-vieilles-vignes-domaine-rougeyron\/"]}]},{"@type":"ImageObject","inLanguage":"de","@id":"https:\/\/www.loire-gourmande.fr\/de\/Produkt\/chateaugay-aop-cotes-dauvergne-rouge-vieilles-vignes-domaine-rougeyron\/#primaryimage","url":"https:\/\/www.loire-gourmande.fr\/wp-content\/uploads\/2021\/04\/Capture-decran-2026-01-27-a-10.58.32.png","contentUrl":"https:\/\/www.loire-gourmande.fr\/wp-content\/uploads\/2021\/04\/Capture-decran-2026-01-27-a-10.58.32.png","width":1208,"height":1202},{"@type":"BreadcrumbList","@id":"https:\/\/www.loire-gourmande.fr\/de\/Produkt\/chateaugay-aop-cotes-dauvergne-rouge-vieilles-vignes-domaine-rougeyron\/#breadcrumb","itemListElement":[{"@type":"ListItem","position":1,"name":"Startseite","item":"https:\/\/www.loire-gourmande.fr\/de\/"},{"@type":"ListItem","position":2,"name":"Die Boutique de Loire Gourmande: die Weine der Loire","item":"https:\/\/www.loire-gourmande.fr\/de\/woocommerce\/"},{"@type":"ListItem","position":3,"name":"Die Weine","item":"https:\/\/www.loire-gourmande.fr\/de\/Produktkategorie\/die-weine\/"},{"@type":"ListItem","position":4,"name":"Auvergne","item":"https:\/\/www.loire-gourmande.fr\/de\/Produktkategorie\/die-weine\/auvergne-de\/"},{"@type":"ListItem","position":5,"name":"CH\u00c2TEAUGAY AOP C\u00d4TES D&#8217;AUVERGNE ROUGE VIEILLES VIGNES DOMAINE ROUGEYRON"}]},{"@type":"WebSite","@id":"https:\/\/www.loire-gourmande.fr\/de\/#website","url":"https:\/\/www.loire-gourmande.fr\/de\/","name":"Loire Gourmande, une \u00e9tape savoureuse","description":"une d\u00e9gustation \u00e0 toute heure et une boutique \u00e0 visiter \u00e0 Turquant (49)","publisher":{"@id":"https:\/\/www.loire-gourmande.fr\/de\/#organization"},"potentialAction":[{"@type":"SearchAction","target":{"@type":"EntryPoint","urlTemplate":"https:\/\/www.loire-gourmande.fr\/de\/?s={search_term_string}"},"query-input":{"@type":"PropertyValueSpecification","valueRequired":true,"valueName":"search_term_string"}}],"inLanguage":"de"},{"@type":"Organization","@id":"https:\/\/www.loire-gourmande.fr\/de\/#organization","name":"Loire Gourmande - Schnellrestaurant und Besuch in Turquant (49)","url":"https:\/\/www.loire-gourmande.fr\/de\/","logo":{"@type":"ImageObject","inLanguage":"de","@id":"https:\/\/www.loire-gourmande.fr\/de\/#\/schema\/logo\/image\/","url":"https:\/\/www.loire-gourmande.fr\/wp-content\/uploads\/2020\/10\/loire-gourmande-logo.jpg","contentUrl":"https:\/\/www.loire-gourmande.fr\/wp-content\/uploads\/2020\/10\/loire-gourmande-logo.jpg","width":800,"height":415,"caption":"Loire Gourmande - Schnellrestaurant und Besuch in Turquant (49)"},"image":{"@id":"https:\/\/www.loire-gourmande.fr\/de\/#\/schema\/logo\/image\/"},"sameAs":["https:\/\/www.facebook.com\/Loire-Gourmande-Turquant-101991328328493\/","https:\/\/www.instagram.com\/jean_yves_auradon\/?igshid=1ta3mfjka326t"]}]}},"_links":{"self":[{"href":"https:\/\/www.loire-gourmande.fr\/de\/wp-json\/wp\/v2\/product\/11213","targetHints":{"allow":["GET"]}}],"collection":[{"href":"https:\/\/www.loire-gourmande.fr\/de\/wp-json\/wp\/v2\/product"}],"about":[{"href":"https:\/\/www.loire-gourmande.fr\/de\/wp-json\/wp\/v2\/types\/product"}],"version-history":[{"count":2,"href":"https:\/\/www.loire-gourmande.fr\/de\/wp-json\/wp\/v2\/product\/11213\/revisions"}],"predecessor-version":[{"id":13208,"href":"https:\/\/www.loire-gourmande.fr\/de\/wp-json\/wp\/v2\/product\/11213\/revisions\/13208"}],"wp:featuredmedia":[{"embeddable":true,"href":"https:\/\/www.loire-gourmande.fr\/de\/wp-json\/wp\/v2\/media\/14385"}],"wp:attachment":[{"href":"https:\/\/www.loire-gourmande.fr\/de\/wp-json\/wp\/v2\/media?parent=11213"}],"wp:term":[{"taxonomy":"product_brand","embeddable":true,"href":"https:\/\/www.loire-gourmande.fr\/de\/wp-json\/wp\/v2\/product_brand?post=11213"},{"taxonomy":"product_cat","embeddable":true,"href":"https:\/\/www.loire-gourmande.fr\/de\/wp-json\/wp\/v2\/product_cat?post=11213"},{"taxonomy":"product_tag","embeddable":true,"href":"https:\/\/www.loire-gourmande.fr\/de\/wp-json\/wp\/v2\/product_tag?post=11213"}],"curies":[{"name":"wp","href":"https:\/\/api.w.org\/{rel}","templated":true}]}}