{"id":11226,"date":"2021-04-29T10:05:57","date_gmt":"2021-04-29T10:05:57","guid":{"rendered":"https:\/\/www.loire-gourmande.fr\/produit\/cotes-roannaises-domaine-vial-aop-rouge-cuvee-decouverte\/"},"modified":"2025-05-27T16:31:19","modified_gmt":"2025-05-27T15:31:19","slug":"cotes-roannaises-domaine-vial-aop-rouge-cuvee-decouverte","status":"publish","type":"product","link":"https:\/\/www.loire-gourmande.fr\/de\/Produkt\/cotes-roannaises-domaine-vial-aop-rouge-cuvee-decouverte\/","title":{"rendered":"C\u00d4TES ROANNAISES DOMAINE VIAL AOP ROUGE Cuv\u00e9e d\u00e9couverte"},"content":{"rendered":"<div>\n<p><strong>REBSORTE<\/strong> &#8211; Gamay Saint-Romain<br \/>\n<strong>TERROIR<\/strong> &#8211; Die B\u00f6den bestehen \u00fcberwiegend aus Sand und Granit, auf denen der Gamay hervorragend gedeiht.<br \/>\n<strong>VINIFIKATION<\/strong> &#8211; Die Weinbereitung dauert 6 bis 7 Tage und ergibt einen weichen, s\u00fcffigen Wein mit weichen Tanninen. Wenn er vor der Abf\u00fcllung in einem Edelstahltank gelagert wird, beh\u00e4lt er seine ganze Frische und sein Aroma.<\/p>\n<p><strong>Auge:<\/strong> Ein klarer Wein mit kr\u00e4ftigen Farben und violetten Reflexen.<br \/>\n<strong>Nase:<\/strong> Seine aromatische Komplexit\u00e4t beruht haupts\u00e4chlich auf Aromen von roten Fr\u00fcchten mit Noten von Kirschwasser und Pfingstrosen. <b><br \/>\n  <i>W\u00fcrziger | blumiger | fruchtiger Wein.<br \/>\n<\/i><br \/>\n<\/b>Geschmack<strong>:<\/strong> Seine geschmeidige und s\u00fcffige Struktur bringt seine Aromen zur Geltung. Es ist vor allem ein Wein, der Spa\u00df macht.  <b><i>Fruchtiger Wein | S\u00fcffig | Weich<\/i><\/b><\/p>\n<\/div>\n<p style=\"font-weight: 400;\"><strong>Speisen- und Weinkombinationen<br \/>\n<\/strong>Aperitif gek\u00fchlt serviert &#8211; auf verschiedenen WurstwarenVorspeisen:<strong>Lyoner<br \/>\nSalat Fleisch: Helles Fleisch<\/strong> und gegrilltes Fleisch<br \/>\n<strong>Fisch &amp; Meeresfr\u00fcchte:<\/strong> Thunfischsteak<br \/>\n <strong>Gem\u00fcse:<\/strong> Tian von Gem\u00fcse mit Weinreben<br \/>\n<strong>K\u00e4se:<\/strong> Landk\u00e4se<br \/>\n <strong>Desserts:<\/strong> Dunkle Schokolade<\/p>\n<p>Auf Ihren sommerlichen Terrassentischen, frischer und fruchtiger Gamay<\/p>\n<p>Seine weiche und s\u00fcffige Struktur bringt seine Aromen von roten, s\u00e4uerlichen Fr\u00fcchten zur Geltung.<\/p>\n","protected":false},"excerpt":{"rendered":"<p>Bezeichnung<span class=\"h3-title times-new-roman-important font_italic\">: <\/span><strong>C\u00f4te-Roannaise<br \/>\n<\/strong>Die Bezeichnung C\u00f4te-Roannaise geh\u00f6rt zur Region des Loiretals in Frankreich, aus der Domaine Vial mit ihren 7 Cuv\u00e9es stammt. Auf einer Fl\u00e4che von 70.000 Hektar produziert diese Region 4 Millionen Hektoliter pro Jahr<br \/>\nDomaine Vial ist ein Weingut im franz\u00f6sischen Loiretal und produziert 7 Weine von Winzerfamilien v\u00e4terlicherseits und m\u00fctterlicherseits, Philippe und Jean-Marie Vial haben die Freude am Wein und den Anbau von Reben geerbt. So war es nur nat\u00fcrlich, dass sie das Weingut \u00fcbernahmen, das seit mehreren Generationen im Familienbesitz ist und sich im Laufe der Zeit weiterentwickelt hat. Die beiden Br\u00fcder bewirtschaften heute 10 Hektar Weinberge in der C\u00f4te Roannaise (9 Hektar Gamay und 1 Hektar Chardonnay und Viogner, wei\u00dfe Rebsorten). Seit der \u00dcbernahme des Betriebs vor etwa 20 Jahren haben Philippe und Jean-Marie ihre Weinberge st\u00e4ndig umstrukturiert und modernisiert. Insbesondere durch die Auswahl und Zusammenlegung von Weinbauinseln nach Terroir, insbesondere die \u00dcbernahme und Neubepflanzung von Weinbergen auf dem prestigetr\u00e4chtigen Hang von Bouth\u00e9ran mit seiner au\u00dfergew\u00f6hnlichen Lage und seinem Terroir. Aber auch durch den Bau eines Weinkellers f\u00fcr die Weinbereitung und den Ausbau der Weine im Jahr 2003 und die Erneuerung ihrer Weinbereitungsausr\u00fcstung (Tanks, K\u00fchlaggregat, Abbeermaschine, Presse, Traubenaufzug&#8230;). Die Umstrukturierung der Weinberge ist abgeschlossen und es sind keine gro\u00dfen Ver\u00e4nderungen f\u00fcr die kommenden Jahre geplant, au\u00dfer der Neubepflanzung einer Parzelle am Hang von Bouth\u00e9ran mit AOC C\u00f4te Roannaise und der Erweiterung der mit Viogner bepflanzten Parzelle, die als Vin de Pays d&#8217;Urf\u00e9 klassifiziert ist. Eine Vergr\u00f6\u00dferung des Weinkellers ist ebenfalls geplant, mit dem Bau eines Verkostungskellers, um die Kunden unter noch komfortableren Bedingungen empfangen zu k\u00f6nnen.<\/p>\n","protected":false},"featured_media":11231,"template":"","meta":{"inline_featured_image":false},"product_brand":[],"product_cat":[614,600,601],"product_tag":[701,620,605,619,615],"class_list":{"0":"post-11226","1":"product","2":"type-product","3":"status-publish","4":"has-post-thumbnail","6":"product_cat-auvergne-de","7":"product_cat-die-weine","8":"product_cat-rot","9":"product_tag-eintrag","10":"product_tag-fleisch","11":"product_tag-kase","12":"product_tag-sommer","13":"product_tag-wein","14":"product_shipping_class-flasche","16":"first","17":"instock","18":"featured","19":"taxable","20":"shipping-taxable","21":"purchasable","22":"product-type-simple"},"yoast_head":"<!-- This site is optimized with the Yoast SEO plugin v27.6 - https:\/\/yoast.com\/product\/yoast-seo-wordpress\/ -->\n<title>C\u00d4TES ROANNAISES DOMAINE VIAL AOP ROUGE Cuv\u00e9e d\u00e9couverte - Loire Gourmande - une \u00e9tape savoureuse<\/title>\n<meta name=\"description\" content=\"C\u00d4TES ROANNAISES DOMAINE VIAL AOP ROUGE Cuv\u00e9e d\u00e9couverte. Wein aus der Loire. Bestellung im Weinkeller auf der Website von Loire Gourmande. Weinh\u00e4ndler in Turquant (49).\" \/>\n<meta name=\"robots\" content=\"index, follow, max-snippet:-1, max-image-preview:large, max-video-preview:-1\" \/>\n<link rel=\"canonical\" href=\"https:\/\/www.loire-gourmande.fr\/de\/Produkt\/cotes-roannaises-domaine-vial-aop-rouge-cuvee-decouverte\/\" \/>\n<meta property=\"og:locale\" content=\"de_DE\" \/>\n<meta property=\"og:type\" content=\"article\" \/>\n<meta property=\"og:title\" content=\"C\u00d4TES ROANNAISES DOMAINE VIAL AOP ROUGE Cuv\u00e9e d\u00e9couverte - Loire Gourmande - une \u00e9tape savoureuse\" \/>\n<meta property=\"og:description\" content=\"C\u00d4TES ROANNAISES DOMAINE VIAL AOP ROUGE Cuv\u00e9e d\u00e9couverte. Wein aus der Loire. Bestellung im Weinkeller auf der Website von Loire Gourmande. Weinh\u00e4ndler in Turquant (49).\" \/>\n<meta property=\"og:url\" content=\"https:\/\/www.loire-gourmande.fr\/de\/Produkt\/cotes-roannaises-domaine-vial-aop-rouge-cuvee-decouverte\/\" \/>\n<meta property=\"og:site_name\" content=\"Loire Gourmande - une \u00e9tape savoureuse\" \/>\n<meta property=\"article:publisher\" content=\"https:\/\/www.facebook.com\/Loire-Gourmande-Turquant-101991328328493\/\" \/>\n<meta property=\"article:modified_time\" content=\"2025-05-27T15:31:19+00:00\" \/>\n<meta property=\"og:image\" content=\"https:\/\/www.loire-gourmande.fr\/wp-content\/uploads\/2021\/04\/Vial-Decouverte.jpg\" \/>\n\t<meta property=\"og:image:width\" content=\"800\" \/>\n\t<meta property=\"og:image:height\" content=\"800\" \/>\n\t<meta property=\"og:image:type\" content=\"image\/jpeg\" \/>\n<meta name=\"twitter:card\" content=\"summary_large_image\" \/>\n<meta name=\"twitter:label1\" content=\"Gesch\u00e4tzte Lesezeit\" \/>\n\t<meta name=\"twitter:data1\" content=\"1\u00a0Minute\" \/>\n<script type=\"application\/ld+json\" class=\"yoast-schema-graph\">{\"@context\":\"https:\\\/\\\/schema.org\",\"@graph\":[{\"@type\":\"WebPage\",\"@id\":\"https:\\\/\\\/www.loire-gourmande.fr\\\/de\\\/Produkt\\\/cotes-roannaises-domaine-vial-aop-rouge-cuvee-decouverte\\\/\",\"url\":\"https:\\\/\\\/www.loire-gourmande.fr\\\/de\\\/Produkt\\\/cotes-roannaises-domaine-vial-aop-rouge-cuvee-decouverte\\\/\",\"name\":\"C\u00d4TES ROANNAISES DOMAINE VIAL AOP ROUGE Cuv\u00e9e d\u00e9couverte - Loire Gourmande - une \u00e9tape savoureuse\",\"isPartOf\":{\"@id\":\"https:\\\/\\\/www.loire-gourmande.fr\\\/de\\\/#website\"},\"primaryImageOfPage\":{\"@id\":\"https:\\\/\\\/www.loire-gourmande.fr\\\/de\\\/Produkt\\\/cotes-roannaises-domaine-vial-aop-rouge-cuvee-decouverte\\\/#primaryimage\"},\"image\":{\"@id\":\"https:\\\/\\\/www.loire-gourmande.fr\\\/de\\\/Produkt\\\/cotes-roannaises-domaine-vial-aop-rouge-cuvee-decouverte\\\/#primaryimage\"},\"thumbnailUrl\":\"https:\\\/\\\/www.loire-gourmande.fr\\\/wp-content\\\/uploads\\\/2021\\\/04\\\/Vial-Decouverte.jpg\",\"datePublished\":\"2021-04-29T10:05:57+00:00\",\"dateModified\":\"2025-05-27T15:31:19+00:00\",\"description\":\"C\u00d4TES ROANNAISES DOMAINE VIAL AOP ROUGE Cuv\u00e9e d\u00e9couverte. Wein aus der Loire. Bestellung im Weinkeller auf der Website von Loire Gourmande. Weinh\u00e4ndler in Turquant (49).\",\"breadcrumb\":{\"@id\":\"https:\\\/\\\/www.loire-gourmande.fr\\\/de\\\/Produkt\\\/cotes-roannaises-domaine-vial-aop-rouge-cuvee-decouverte\\\/#breadcrumb\"},\"inLanguage\":\"de\",\"potentialAction\":[{\"@type\":\"ReadAction\",\"target\":[\"https:\\\/\\\/www.loire-gourmande.fr\\\/de\\\/Produkt\\\/cotes-roannaises-domaine-vial-aop-rouge-cuvee-decouverte\\\/\"]}]},{\"@type\":\"ImageObject\",\"inLanguage\":\"de\",\"@id\":\"https:\\\/\\\/www.loire-gourmande.fr\\\/de\\\/Produkt\\\/cotes-roannaises-domaine-vial-aop-rouge-cuvee-decouverte\\\/#primaryimage\",\"url\":\"https:\\\/\\\/www.loire-gourmande.fr\\\/wp-content\\\/uploads\\\/2021\\\/04\\\/Vial-Decouverte.jpg\",\"contentUrl\":\"https:\\\/\\\/www.loire-gourmande.fr\\\/wp-content\\\/uploads\\\/2021\\\/04\\\/Vial-Decouverte.jpg\",\"width\":800,\"height\":800},{\"@type\":\"BreadcrumbList\",\"@id\":\"https:\\\/\\\/www.loire-gourmande.fr\\\/de\\\/Produkt\\\/cotes-roannaises-domaine-vial-aop-rouge-cuvee-decouverte\\\/#breadcrumb\",\"itemListElement\":[{\"@type\":\"ListItem\",\"position\":1,\"name\":\"Startseite\",\"item\":\"https:\\\/\\\/www.loire-gourmande.fr\\\/de\\\/\"},{\"@type\":\"ListItem\",\"position\":2,\"name\":\"Die Boutique de Loire Gourmande: die Weine der Loire\",\"item\":\"https:\\\/\\\/www.loire-gourmande.fr\\\/de\\\/woocommerce\\\/\"},{\"@type\":\"ListItem\",\"position\":3,\"name\":\"Die Weine\",\"item\":\"https:\\\/\\\/www.loire-gourmande.fr\\\/de\\\/Produktkategorie\\\/die-weine\\\/\"},{\"@type\":\"ListItem\",\"position\":4,\"name\":\"Auvergne\",\"item\":\"https:\\\/\\\/www.loire-gourmande.fr\\\/de\\\/Produktkategorie\\\/die-weine\\\/auvergne-de\\\/\"},{\"@type\":\"ListItem\",\"position\":5,\"name\":\"C\u00d4TES ROANNAISES DOMAINE VIAL AOP ROUGE Cuv\u00e9e d\u00e9couverte\"}]},{\"@type\":\"WebSite\",\"@id\":\"https:\\\/\\\/www.loire-gourmande.fr\\\/de\\\/#website\",\"url\":\"https:\\\/\\\/www.loire-gourmande.fr\\\/de\\\/\",\"name\":\"Loire Gourmande, une \u00e9tape savoureuse\",\"description\":\"une d\u00e9gustation \u00e0 toute heure et une boutique \u00e0 visiter \u00e0 Turquant (49)\",\"publisher\":{\"@id\":\"https:\\\/\\\/www.loire-gourmande.fr\\\/de\\\/#organization\"},\"potentialAction\":[{\"@type\":\"SearchAction\",\"target\":{\"@type\":\"EntryPoint\",\"urlTemplate\":\"https:\\\/\\\/www.loire-gourmande.fr\\\/de\\\/?s={search_term_string}\"},\"query-input\":{\"@type\":\"PropertyValueSpecification\",\"valueRequired\":true,\"valueName\":\"search_term_string\"}}],\"inLanguage\":\"de\"},{\"@type\":\"Organization\",\"@id\":\"https:\\\/\\\/www.loire-gourmande.fr\\\/de\\\/#organization\",\"name\":\"Loire Gourmande - Schnellrestaurant und Besuch in Turquant (49)\",\"url\":\"https:\\\/\\\/www.loire-gourmande.fr\\\/de\\\/\",\"logo\":{\"@type\":\"ImageObject\",\"inLanguage\":\"de\",\"@id\":\"https:\\\/\\\/www.loire-gourmande.fr\\\/de\\\/#\\\/schema\\\/logo\\\/image\\\/\",\"url\":\"https:\\\/\\\/www.loire-gourmande.fr\\\/wp-content\\\/uploads\\\/2020\\\/10\\\/loire-gourmande-logo.jpg\",\"contentUrl\":\"https:\\\/\\\/www.loire-gourmande.fr\\\/wp-content\\\/uploads\\\/2020\\\/10\\\/loire-gourmande-logo.jpg\",\"width\":800,\"height\":415,\"caption\":\"Loire Gourmande - Schnellrestaurant und Besuch in Turquant (49)\"},\"image\":{\"@id\":\"https:\\\/\\\/www.loire-gourmande.fr\\\/de\\\/#\\\/schema\\\/logo\\\/image\\\/\"},\"sameAs\":[\"https:\\\/\\\/www.facebook.com\\\/Loire-Gourmande-Turquant-101991328328493\\\/\",\"https:\\\/\\\/www.instagram.com\\\/jean_yves_auradon\\\/?igshid=1ta3mfjka326t\"]}]}<\/script>\n<!-- \/ Yoast SEO plugin. -->","yoast_head_json":{"title":"C\u00d4TES ROANNAISES DOMAINE VIAL AOP ROUGE Cuv\u00e9e d\u00e9couverte - Loire Gourmande - une \u00e9tape savoureuse","description":"C\u00d4TES ROANNAISES DOMAINE VIAL AOP ROUGE Cuv\u00e9e d\u00e9couverte. Wein aus der Loire. Bestellung im Weinkeller auf der Website von Loire Gourmande. Weinh\u00e4ndler in Turquant (49).","robots":{"index":"index","follow":"follow","max-snippet":"max-snippet:-1","max-image-preview":"max-image-preview:large","max-video-preview":"max-video-preview:-1"},"canonical":"https:\/\/www.loire-gourmande.fr\/de\/Produkt\/cotes-roannaises-domaine-vial-aop-rouge-cuvee-decouverte\/","og_locale":"de_DE","og_type":"article","og_title":"C\u00d4TES ROANNAISES DOMAINE VIAL AOP ROUGE Cuv\u00e9e d\u00e9couverte - Loire Gourmande - une \u00e9tape savoureuse","og_description":"C\u00d4TES ROANNAISES DOMAINE VIAL AOP ROUGE Cuv\u00e9e d\u00e9couverte. Wein aus der Loire. Bestellung im Weinkeller auf der Website von Loire Gourmande. Weinh\u00e4ndler in Turquant (49).","og_url":"https:\/\/www.loire-gourmande.fr\/de\/Produkt\/cotes-roannaises-domaine-vial-aop-rouge-cuvee-decouverte\/","og_site_name":"Loire Gourmande - une \u00e9tape savoureuse","article_publisher":"https:\/\/www.facebook.com\/Loire-Gourmande-Turquant-101991328328493\/","article_modified_time":"2025-05-27T15:31:19+00:00","og_image":[{"width":800,"height":800,"url":"https:\/\/www.loire-gourmande.fr\/wp-content\/uploads\/2021\/04\/Vial-Decouverte.jpg","type":"image\/jpeg"}],"twitter_card":"summary_large_image","twitter_misc":{"Gesch\u00e4tzte Lesezeit":"1\u00a0Minute"},"schema":{"@context":"https:\/\/schema.org","@graph":[{"@type":"WebPage","@id":"https:\/\/www.loire-gourmande.fr\/de\/Produkt\/cotes-roannaises-domaine-vial-aop-rouge-cuvee-decouverte\/","url":"https:\/\/www.loire-gourmande.fr\/de\/Produkt\/cotes-roannaises-domaine-vial-aop-rouge-cuvee-decouverte\/","name":"C\u00d4TES ROANNAISES DOMAINE VIAL AOP ROUGE Cuv\u00e9e d\u00e9couverte - Loire Gourmande - une \u00e9tape savoureuse","isPartOf":{"@id":"https:\/\/www.loire-gourmande.fr\/de\/#website"},"primaryImageOfPage":{"@id":"https:\/\/www.loire-gourmande.fr\/de\/Produkt\/cotes-roannaises-domaine-vial-aop-rouge-cuvee-decouverte\/#primaryimage"},"image":{"@id":"https:\/\/www.loire-gourmande.fr\/de\/Produkt\/cotes-roannaises-domaine-vial-aop-rouge-cuvee-decouverte\/#primaryimage"},"thumbnailUrl":"https:\/\/www.loire-gourmande.fr\/wp-content\/uploads\/2021\/04\/Vial-Decouverte.jpg","datePublished":"2021-04-29T10:05:57+00:00","dateModified":"2025-05-27T15:31:19+00:00","description":"C\u00d4TES ROANNAISES DOMAINE VIAL AOP ROUGE Cuv\u00e9e d\u00e9couverte. Wein aus der Loire. Bestellung im Weinkeller auf der Website von Loire Gourmande. Weinh\u00e4ndler in Turquant (49).","breadcrumb":{"@id":"https:\/\/www.loire-gourmande.fr\/de\/Produkt\/cotes-roannaises-domaine-vial-aop-rouge-cuvee-decouverte\/#breadcrumb"},"inLanguage":"de","potentialAction":[{"@type":"ReadAction","target":["https:\/\/www.loire-gourmande.fr\/de\/Produkt\/cotes-roannaises-domaine-vial-aop-rouge-cuvee-decouverte\/"]}]},{"@type":"ImageObject","inLanguage":"de","@id":"https:\/\/www.loire-gourmande.fr\/de\/Produkt\/cotes-roannaises-domaine-vial-aop-rouge-cuvee-decouverte\/#primaryimage","url":"https:\/\/www.loire-gourmande.fr\/wp-content\/uploads\/2021\/04\/Vial-Decouverte.jpg","contentUrl":"https:\/\/www.loire-gourmande.fr\/wp-content\/uploads\/2021\/04\/Vial-Decouverte.jpg","width":800,"height":800},{"@type":"BreadcrumbList","@id":"https:\/\/www.loire-gourmande.fr\/de\/Produkt\/cotes-roannaises-domaine-vial-aop-rouge-cuvee-decouverte\/#breadcrumb","itemListElement":[{"@type":"ListItem","position":1,"name":"Startseite","item":"https:\/\/www.loire-gourmande.fr\/de\/"},{"@type":"ListItem","position":2,"name":"Die Boutique de Loire Gourmande: die Weine der Loire","item":"https:\/\/www.loire-gourmande.fr\/de\/woocommerce\/"},{"@type":"ListItem","position":3,"name":"Die Weine","item":"https:\/\/www.loire-gourmande.fr\/de\/Produktkategorie\/die-weine\/"},{"@type":"ListItem","position":4,"name":"Auvergne","item":"https:\/\/www.loire-gourmande.fr\/de\/Produktkategorie\/die-weine\/auvergne-de\/"},{"@type":"ListItem","position":5,"name":"C\u00d4TES ROANNAISES DOMAINE VIAL AOP ROUGE Cuv\u00e9e d\u00e9couverte"}]},{"@type":"WebSite","@id":"https:\/\/www.loire-gourmande.fr\/de\/#website","url":"https:\/\/www.loire-gourmande.fr\/de\/","name":"Loire Gourmande, une \u00e9tape savoureuse","description":"une d\u00e9gustation \u00e0 toute heure et une boutique \u00e0 visiter \u00e0 Turquant (49)","publisher":{"@id":"https:\/\/www.loire-gourmande.fr\/de\/#organization"},"potentialAction":[{"@type":"SearchAction","target":{"@type":"EntryPoint","urlTemplate":"https:\/\/www.loire-gourmande.fr\/de\/?s={search_term_string}"},"query-input":{"@type":"PropertyValueSpecification","valueRequired":true,"valueName":"search_term_string"}}],"inLanguage":"de"},{"@type":"Organization","@id":"https:\/\/www.loire-gourmande.fr\/de\/#organization","name":"Loire Gourmande - Schnellrestaurant und Besuch in Turquant (49)","url":"https:\/\/www.loire-gourmande.fr\/de\/","logo":{"@type":"ImageObject","inLanguage":"de","@id":"https:\/\/www.loire-gourmande.fr\/de\/#\/schema\/logo\/image\/","url":"https:\/\/www.loire-gourmande.fr\/wp-content\/uploads\/2020\/10\/loire-gourmande-logo.jpg","contentUrl":"https:\/\/www.loire-gourmande.fr\/wp-content\/uploads\/2020\/10\/loire-gourmande-logo.jpg","width":800,"height":415,"caption":"Loire Gourmande - Schnellrestaurant und Besuch in Turquant (49)"},"image":{"@id":"https:\/\/www.loire-gourmande.fr\/de\/#\/schema\/logo\/image\/"},"sameAs":["https:\/\/www.facebook.com\/Loire-Gourmande-Turquant-101991328328493\/","https:\/\/www.instagram.com\/jean_yves_auradon\/?igshid=1ta3mfjka326t"]}]}},"_links":{"self":[{"href":"https:\/\/www.loire-gourmande.fr\/de\/wp-json\/wp\/v2\/product\/11226","targetHints":{"allow":["GET"]}}],"collection":[{"href":"https:\/\/www.loire-gourmande.fr\/de\/wp-json\/wp\/v2\/product"}],"about":[{"href":"https:\/\/www.loire-gourmande.fr\/de\/wp-json\/wp\/v2\/types\/product"}],"version-history":[{"count":2,"href":"https:\/\/www.loire-gourmande.fr\/de\/wp-json\/wp\/v2\/product\/11226\/revisions"}],"predecessor-version":[{"id":13216,"href":"https:\/\/www.loire-gourmande.fr\/de\/wp-json\/wp\/v2\/product\/11226\/revisions\/13216"}],"wp:featuredmedia":[{"embeddable":true,"href":"https:\/\/www.loire-gourmande.fr\/de\/wp-json\/wp\/v2\/media\/11231"}],"wp:attachment":[{"href":"https:\/\/www.loire-gourmande.fr\/de\/wp-json\/wp\/v2\/media?parent=11226"}],"wp:term":[{"taxonomy":"product_brand","embeddable":true,"href":"https:\/\/www.loire-gourmande.fr\/de\/wp-json\/wp\/v2\/product_brand?post=11226"},{"taxonomy":"product_cat","embeddable":true,"href":"https:\/\/www.loire-gourmande.fr\/de\/wp-json\/wp\/v2\/product_cat?post=11226"},{"taxonomy":"product_tag","embeddable":true,"href":"https:\/\/www.loire-gourmande.fr\/de\/wp-json\/wp\/v2\/product_tag?post=11226"}],"curies":[{"name":"wp","href":"https:\/\/api.w.org\/{rel}","templated":true}]}}