{"id":11227,"date":"2021-04-29T10:05:56","date_gmt":"2021-04-29T10:05:56","guid":{"rendered":"https:\/\/www.loire-gourmande.fr\/produit\/sancerre-aop-weiss-domaine-picard\/"},"modified":"2025-05-27T16:31:21","modified_gmt":"2025-05-27T15:31:21","slug":"sancerre-aop-weiss-domaine-picard","status":"publish","type":"product","link":"https:\/\/www.loire-gourmande.fr\/de\/Produkt\/sancerre-aop-weiss-domaine-picard\/","title":{"rendered":"SANCERRE AOP WEISS DOMAINE PICARD"},"content":{"rendered":"<div class=\"page\" title=\"Seite 1\">\n<div class=\"section\">\n<div class=\"layoutArea\">\n<div class=\"column\">\n<p>Das Wort des Winzers: Sehr sch\u00f6ner wei\u00dfer Sancerre mit Tiefe und Eleganz. Dieser wei\u00dfe Sancerre spiegelt die Rebsorte Sauvignon perfekt wider. Dieser Wein stammt von herrlichen, nach S\u00fcden ausgerichteten H\u00e4ngen, die eine ausreichende Reife f\u00fcr die Herstellung eines trockenen und fruchtigen Weins bieten.<\/p>\n<p><strong>REGION:<\/strong> Loire<br \/>\nSancerre Blanc<br \/>\n<strong>NAME DER CUV\u00c9E<\/strong> : Le Chemin de Marloup Name des Weinguts : Domaine Jean-Paul Picard et Fils<br \/>\nErh\u00e4ltlich in: 75 cl und 37,5 cl<br \/>\n<strong>Der Weinberg:<\/strong><br \/>\n&#8211; <strong> Rebsorte(n)<\/strong>: 100 % Sauvignon &#8211; Bodenart: Lehm-Kalkstein &#8211; Ertrag: 55hl\/ha<br \/>\n&#8211; <strong> Alter der Rebst\u00f6cke:<\/strong> 30 Jahre<br \/>\n&#8211; Weinlese<strong>:<\/strong> Manuell<br \/>\n<strong>Weinherstellung:<\/strong><br \/>\nManuelle Ernte, pneumatisches Pressen; Kaltes Absetzen. Teilweise mit einheimischen Hefen vergoren.<br \/>\nAusbau<strong>:<\/strong> Ausbau auf Feinhefe f\u00fcr mindestens drei bis vier Monate. Sch\u00f6nung, Filtration vor der Abf\u00fcllung.<br \/>\n<strong>Geschmackliche Beurteilung: Blassgoldene<\/strong> Farbe. Sehr aromatische Nase (exotische Fr\u00fcchte, Zitrusfr\u00fcchte&#8230;). Am Gaumen: trockener, runder Wein mit einer \u00fcberraschenden Ausgewogenheit.<br \/>\nAufbewahrung und Lagerung \u2013 Alterungspotenzial: 4-5 Jahre<br \/>\nhaltbar Gastronomie \u2013 Kulinarische Kombinationen:<br \/>\n Bei 8-10\u00b0 servieren<br \/>\n<strong><span style=\"font-size: 12pt;\">Wein &amp; Speisen<\/span><\/strong><\/p>\n<p>Speisenempfehlung: Aperitif, Fisch, Schalentiere, Meeresfr\u00fcchte, K\u00e4se<\/p>\n<\/div>\n<\/div>\n<\/div>\n<\/div>\n<p>Als Aperitif &#8211; ger\u00e4ucherter Fischsalat mit Zitrusfr\u00fcchten &#8211; als Vorspeise zu Fisch, Schalentieren &#8211; gegrilltem Fisch oder in Br\u00fche gekocht &#8211; &#8211; als Beilage zu Fisch, Schalentieren, gegrilltem Fisch oder in Br\u00fche gekocht.<\/p>\n<p>bestimmte K\u00e4sesorten je nach Geschmack<\/p>\n","protected":false},"excerpt":{"rendered":"<p>Das Weingut Jean-Paul Picard et fils ist seit mehreren Generationen Winzer (1750) und bewirtschaftet mit Leidenschaft seine 14 Hektar Weinberge, die sich alle an den H\u00e4ngen von Bu\u00e9 befinden, die zu den besten von Sancerre geh\u00f6ren.<\/p>\n<p>Sie haben aus den Lehren der Vergangenheit gelernt und sind in der Lage, moderne Techniken zu adaptieren und gleichzeitig die manuelle Ernte und das handwerkliche Know-how zu bewahren.<\/p>\n<p>Seit Mickaels Ankunft auf dem Hof im Jahr 2004 baut das Weingut auch Reben in der Appellation Menetou-Salon an, um Wei\u00df- und Rotweine herzustellen.<\/p>\n","protected":false},"featured_media":11230,"template":"","meta":{"inline_featured_image":false},"product_brand":[],"product_cat":[623,600,608],"product_tag":[618,701,628,615],"class_list":{"0":"post-11227","1":"product","2":"type-product","3":"status-publish","4":"has-post-thumbnail","6":"product_cat-berry-de","7":"product_cat-die-weine","8":"product_cat-weis","9":"product_tag-aperitif-de","10":"product_tag-eintrag","11":"product_tag-fisch","12":"product_tag-wein","13":"product_shipping_class-flasche","15":"first","16":"instock","17":"featured","18":"taxable","19":"shipping-taxable","20":"purchasable","21":"product-type-simple"},"yoast_head":"<!-- This site is optimized with the Yoast SEO plugin v27.3 - https:\/\/yoast.com\/product\/yoast-seo-wordpress\/ -->\n<title>SANCERRE AOP WEISS DOMAINE PICARD - Loire Gourmande - une \u00e9tape savoureuse<\/title>\n<meta name=\"description\" content=\"SANCERRE AOP WEISS DOMAINE PICARD. Wein aus der Loire. Bestellung im Weinkeller auf der Website von Loire Gourmande. Weinh\u00e4ndler in Turquant (49).\" \/>\n<meta name=\"robots\" content=\"index, follow, max-snippet:-1, max-image-preview:large, max-video-preview:-1\" \/>\n<link rel=\"canonical\" href=\"https:\/\/www.loire-gourmande.fr\/de\/Produkt\/sancerre-aop-weiss-domaine-picard\/\" \/>\n<meta property=\"og:locale\" content=\"de_DE\" \/>\n<meta property=\"og:type\" content=\"article\" \/>\n<meta property=\"og:title\" content=\"SANCERRE AOP WEISS DOMAINE PICARD - Loire Gourmande - une \u00e9tape savoureuse\" \/>\n<meta property=\"og:description\" content=\"SANCERRE AOP WEISS DOMAINE PICARD. Wein aus der Loire. Bestellung im Weinkeller auf der Website von Loire Gourmande. Weinh\u00e4ndler in Turquant (49).\" \/>\n<meta property=\"og:url\" content=\"https:\/\/www.loire-gourmande.fr\/de\/Produkt\/sancerre-aop-weiss-domaine-picard\/\" \/>\n<meta property=\"og:site_name\" content=\"Loire Gourmande - une \u00e9tape savoureuse\" \/>\n<meta property=\"article:publisher\" content=\"https:\/\/www.facebook.com\/Loire-Gourmande-Turquant-101991328328493\/\" \/>\n<meta property=\"article:modified_time\" content=\"2025-05-27T15:31:21+00:00\" \/>\n<meta property=\"og:image\" content=\"https:\/\/www.loire-gourmande.fr\/wp-content\/uploads\/2021\/04\/Sancerre.jpg\" \/>\n\t<meta property=\"og:image:width\" content=\"800\" \/>\n\t<meta property=\"og:image:height\" content=\"800\" \/>\n\t<meta property=\"og:image:type\" content=\"image\/jpeg\" \/>\n<meta name=\"twitter:card\" content=\"summary_large_image\" \/>\n<meta name=\"twitter:label1\" content=\"Gesch\u00e4tzte Lesezeit\" \/>\n\t<meta name=\"twitter:data1\" content=\"1\u00a0Minute\" \/>\n<script type=\"application\/ld+json\" class=\"yoast-schema-graph\">{\"@context\":\"https:\\\/\\\/schema.org\",\"@graph\":[{\"@type\":\"WebPage\",\"@id\":\"https:\\\/\\\/www.loire-gourmande.fr\\\/de\\\/Produkt\\\/sancerre-aop-weiss-domaine-picard\\\/\",\"url\":\"https:\\\/\\\/www.loire-gourmande.fr\\\/de\\\/Produkt\\\/sancerre-aop-weiss-domaine-picard\\\/\",\"name\":\"SANCERRE AOP WEISS DOMAINE PICARD - Loire Gourmande - une \u00e9tape savoureuse\",\"isPartOf\":{\"@id\":\"https:\\\/\\\/www.loire-gourmande.fr\\\/de\\\/#website\"},\"primaryImageOfPage\":{\"@id\":\"https:\\\/\\\/www.loire-gourmande.fr\\\/de\\\/Produkt\\\/sancerre-aop-weiss-domaine-picard\\\/#primaryimage\"},\"image\":{\"@id\":\"https:\\\/\\\/www.loire-gourmande.fr\\\/de\\\/Produkt\\\/sancerre-aop-weiss-domaine-picard\\\/#primaryimage\"},\"thumbnailUrl\":\"https:\\\/\\\/www.loire-gourmande.fr\\\/wp-content\\\/uploads\\\/2021\\\/04\\\/Sancerre.jpg\",\"datePublished\":\"2021-04-29T10:05:56+00:00\",\"dateModified\":\"2025-05-27T15:31:21+00:00\",\"description\":\"SANCERRE AOP WEISS DOMAINE PICARD. Wein aus der Loire. Bestellung im Weinkeller auf der Website von Loire Gourmande. Weinh\u00e4ndler in Turquant (49).\",\"breadcrumb\":{\"@id\":\"https:\\\/\\\/www.loire-gourmande.fr\\\/de\\\/Produkt\\\/sancerre-aop-weiss-domaine-picard\\\/#breadcrumb\"},\"inLanguage\":\"de\",\"potentialAction\":[{\"@type\":\"ReadAction\",\"target\":[\"https:\\\/\\\/www.loire-gourmande.fr\\\/de\\\/Produkt\\\/sancerre-aop-weiss-domaine-picard\\\/\"]}]},{\"@type\":\"ImageObject\",\"inLanguage\":\"de\",\"@id\":\"https:\\\/\\\/www.loire-gourmande.fr\\\/de\\\/Produkt\\\/sancerre-aop-weiss-domaine-picard\\\/#primaryimage\",\"url\":\"https:\\\/\\\/www.loire-gourmande.fr\\\/wp-content\\\/uploads\\\/2021\\\/04\\\/Sancerre.jpg\",\"contentUrl\":\"https:\\\/\\\/www.loire-gourmande.fr\\\/wp-content\\\/uploads\\\/2021\\\/04\\\/Sancerre.jpg\",\"width\":800,\"height\":800},{\"@type\":\"BreadcrumbList\",\"@id\":\"https:\\\/\\\/www.loire-gourmande.fr\\\/de\\\/Produkt\\\/sancerre-aop-weiss-domaine-picard\\\/#breadcrumb\",\"itemListElement\":[{\"@type\":\"ListItem\",\"position\":1,\"name\":\"Startseite\",\"item\":\"https:\\\/\\\/www.loire-gourmande.fr\\\/de\\\/\"},{\"@type\":\"ListItem\",\"position\":2,\"name\":\"Die Boutique de Loire Gourmande: die Weine der Loire\",\"item\":\"https:\\\/\\\/www.loire-gourmande.fr\\\/de\\\/woocommerce\\\/\"},{\"@type\":\"ListItem\",\"position\":3,\"name\":\"Die Weine\",\"item\":\"https:\\\/\\\/www.loire-gourmande.fr\\\/de\\\/Produktkategorie\\\/die-weine\\\/\"},{\"@type\":\"ListItem\",\"position\":4,\"name\":\"Berry\",\"item\":\"https:\\\/\\\/www.loire-gourmande.fr\\\/de\\\/Produktkategorie\\\/die-weine\\\/berry-de\\\/\"},{\"@type\":\"ListItem\",\"position\":5,\"name\":\"SANCERRE AOP WEISS DOMAINE PICARD\"}]},{\"@type\":\"WebSite\",\"@id\":\"https:\\\/\\\/www.loire-gourmande.fr\\\/de\\\/#website\",\"url\":\"https:\\\/\\\/www.loire-gourmande.fr\\\/de\\\/\",\"name\":\"Loire Gourmande, une \u00e9tape savoureuse\",\"description\":\"une d\u00e9gustation \u00e0 toute heure et une boutique \u00e0 visiter \u00e0 Turquant (49)\",\"publisher\":{\"@id\":\"https:\\\/\\\/www.loire-gourmande.fr\\\/de\\\/#organization\"},\"potentialAction\":[{\"@type\":\"SearchAction\",\"target\":{\"@type\":\"EntryPoint\",\"urlTemplate\":\"https:\\\/\\\/www.loire-gourmande.fr\\\/de\\\/?s={search_term_string}\"},\"query-input\":{\"@type\":\"PropertyValueSpecification\",\"valueRequired\":true,\"valueName\":\"search_term_string\"}}],\"inLanguage\":\"de\"},{\"@type\":\"Organization\",\"@id\":\"https:\\\/\\\/www.loire-gourmande.fr\\\/de\\\/#organization\",\"name\":\"Loire Gourmande - Schnellrestaurant und Besuch in Turquant (49)\",\"url\":\"https:\\\/\\\/www.loire-gourmande.fr\\\/de\\\/\",\"logo\":{\"@type\":\"ImageObject\",\"inLanguage\":\"de\",\"@id\":\"https:\\\/\\\/www.loire-gourmande.fr\\\/de\\\/#\\\/schema\\\/logo\\\/image\\\/\",\"url\":\"https:\\\/\\\/www.loire-gourmande.fr\\\/wp-content\\\/uploads\\\/2020\\\/10\\\/loire-gourmande-logo.jpg\",\"contentUrl\":\"https:\\\/\\\/www.loire-gourmande.fr\\\/wp-content\\\/uploads\\\/2020\\\/10\\\/loire-gourmande-logo.jpg\",\"width\":800,\"height\":415,\"caption\":\"Loire Gourmande - Schnellrestaurant und Besuch in Turquant (49)\"},\"image\":{\"@id\":\"https:\\\/\\\/www.loire-gourmande.fr\\\/de\\\/#\\\/schema\\\/logo\\\/image\\\/\"},\"sameAs\":[\"https:\\\/\\\/www.facebook.com\\\/Loire-Gourmande-Turquant-101991328328493\\\/\",\"https:\\\/\\\/www.instagram.com\\\/jean_yves_auradon\\\/?igshid=1ta3mfjka326t\"]}]}<\/script>\n<!-- \/ Yoast SEO plugin. -->","yoast_head_json":{"title":"SANCERRE AOP WEISS DOMAINE PICARD - Loire Gourmande - une \u00e9tape savoureuse","description":"SANCERRE AOP WEISS DOMAINE PICARD. Wein aus der Loire. Bestellung im Weinkeller auf der Website von Loire Gourmande. Weinh\u00e4ndler in Turquant (49).","robots":{"index":"index","follow":"follow","max-snippet":"max-snippet:-1","max-image-preview":"max-image-preview:large","max-video-preview":"max-video-preview:-1"},"canonical":"https:\/\/www.loire-gourmande.fr\/de\/Produkt\/sancerre-aop-weiss-domaine-picard\/","og_locale":"de_DE","og_type":"article","og_title":"SANCERRE AOP WEISS DOMAINE PICARD - Loire Gourmande - une \u00e9tape savoureuse","og_description":"SANCERRE AOP WEISS DOMAINE PICARD. Wein aus der Loire. Bestellung im Weinkeller auf der Website von Loire Gourmande. Weinh\u00e4ndler in Turquant (49).","og_url":"https:\/\/www.loire-gourmande.fr\/de\/Produkt\/sancerre-aop-weiss-domaine-picard\/","og_site_name":"Loire Gourmande - une \u00e9tape savoureuse","article_publisher":"https:\/\/www.facebook.com\/Loire-Gourmande-Turquant-101991328328493\/","article_modified_time":"2025-05-27T15:31:21+00:00","og_image":[{"width":800,"height":800,"url":"https:\/\/www.loire-gourmande.fr\/wp-content\/uploads\/2021\/04\/Sancerre.jpg","type":"image\/jpeg"}],"twitter_card":"summary_large_image","twitter_misc":{"Gesch\u00e4tzte Lesezeit":"1\u00a0Minute"},"schema":{"@context":"https:\/\/schema.org","@graph":[{"@type":"WebPage","@id":"https:\/\/www.loire-gourmande.fr\/de\/Produkt\/sancerre-aop-weiss-domaine-picard\/","url":"https:\/\/www.loire-gourmande.fr\/de\/Produkt\/sancerre-aop-weiss-domaine-picard\/","name":"SANCERRE AOP WEISS DOMAINE PICARD - Loire Gourmande - une \u00e9tape savoureuse","isPartOf":{"@id":"https:\/\/www.loire-gourmande.fr\/de\/#website"},"primaryImageOfPage":{"@id":"https:\/\/www.loire-gourmande.fr\/de\/Produkt\/sancerre-aop-weiss-domaine-picard\/#primaryimage"},"image":{"@id":"https:\/\/www.loire-gourmande.fr\/de\/Produkt\/sancerre-aop-weiss-domaine-picard\/#primaryimage"},"thumbnailUrl":"https:\/\/www.loire-gourmande.fr\/wp-content\/uploads\/2021\/04\/Sancerre.jpg","datePublished":"2021-04-29T10:05:56+00:00","dateModified":"2025-05-27T15:31:21+00:00","description":"SANCERRE AOP WEISS DOMAINE PICARD. Wein aus der Loire. Bestellung im Weinkeller auf der Website von Loire Gourmande. Weinh\u00e4ndler in Turquant (49).","breadcrumb":{"@id":"https:\/\/www.loire-gourmande.fr\/de\/Produkt\/sancerre-aop-weiss-domaine-picard\/#breadcrumb"},"inLanguage":"de","potentialAction":[{"@type":"ReadAction","target":["https:\/\/www.loire-gourmande.fr\/de\/Produkt\/sancerre-aop-weiss-domaine-picard\/"]}]},{"@type":"ImageObject","inLanguage":"de","@id":"https:\/\/www.loire-gourmande.fr\/de\/Produkt\/sancerre-aop-weiss-domaine-picard\/#primaryimage","url":"https:\/\/www.loire-gourmande.fr\/wp-content\/uploads\/2021\/04\/Sancerre.jpg","contentUrl":"https:\/\/www.loire-gourmande.fr\/wp-content\/uploads\/2021\/04\/Sancerre.jpg","width":800,"height":800},{"@type":"BreadcrumbList","@id":"https:\/\/www.loire-gourmande.fr\/de\/Produkt\/sancerre-aop-weiss-domaine-picard\/#breadcrumb","itemListElement":[{"@type":"ListItem","position":1,"name":"Startseite","item":"https:\/\/www.loire-gourmande.fr\/de\/"},{"@type":"ListItem","position":2,"name":"Die Boutique de Loire Gourmande: die Weine der Loire","item":"https:\/\/www.loire-gourmande.fr\/de\/woocommerce\/"},{"@type":"ListItem","position":3,"name":"Die Weine","item":"https:\/\/www.loire-gourmande.fr\/de\/Produktkategorie\/die-weine\/"},{"@type":"ListItem","position":4,"name":"Berry","item":"https:\/\/www.loire-gourmande.fr\/de\/Produktkategorie\/die-weine\/berry-de\/"},{"@type":"ListItem","position":5,"name":"SANCERRE AOP WEISS DOMAINE PICARD"}]},{"@type":"WebSite","@id":"https:\/\/www.loire-gourmande.fr\/de\/#website","url":"https:\/\/www.loire-gourmande.fr\/de\/","name":"Loire Gourmande, une \u00e9tape savoureuse","description":"une d\u00e9gustation \u00e0 toute heure et une boutique \u00e0 visiter \u00e0 Turquant (49)","publisher":{"@id":"https:\/\/www.loire-gourmande.fr\/de\/#organization"},"potentialAction":[{"@type":"SearchAction","target":{"@type":"EntryPoint","urlTemplate":"https:\/\/www.loire-gourmande.fr\/de\/?s={search_term_string}"},"query-input":{"@type":"PropertyValueSpecification","valueRequired":true,"valueName":"search_term_string"}}],"inLanguage":"de"},{"@type":"Organization","@id":"https:\/\/www.loire-gourmande.fr\/de\/#organization","name":"Loire Gourmande - Schnellrestaurant und Besuch in Turquant (49)","url":"https:\/\/www.loire-gourmande.fr\/de\/","logo":{"@type":"ImageObject","inLanguage":"de","@id":"https:\/\/www.loire-gourmande.fr\/de\/#\/schema\/logo\/image\/","url":"https:\/\/www.loire-gourmande.fr\/wp-content\/uploads\/2020\/10\/loire-gourmande-logo.jpg","contentUrl":"https:\/\/www.loire-gourmande.fr\/wp-content\/uploads\/2020\/10\/loire-gourmande-logo.jpg","width":800,"height":415,"caption":"Loire Gourmande - Schnellrestaurant und Besuch in Turquant (49)"},"image":{"@id":"https:\/\/www.loire-gourmande.fr\/de\/#\/schema\/logo\/image\/"},"sameAs":["https:\/\/www.facebook.com\/Loire-Gourmande-Turquant-101991328328493\/","https:\/\/www.instagram.com\/jean_yves_auradon\/?igshid=1ta3mfjka326t"]}]}},"_links":{"self":[{"href":"https:\/\/www.loire-gourmande.fr\/de\/wp-json\/wp\/v2\/product\/11227","targetHints":{"allow":["GET"]}}],"collection":[{"href":"https:\/\/www.loire-gourmande.fr\/de\/wp-json\/wp\/v2\/product"}],"about":[{"href":"https:\/\/www.loire-gourmande.fr\/de\/wp-json\/wp\/v2\/types\/product"}],"version-history":[{"count":2,"href":"https:\/\/www.loire-gourmande.fr\/de\/wp-json\/wp\/v2\/product\/11227\/revisions"}],"predecessor-version":[{"id":13218,"href":"https:\/\/www.loire-gourmande.fr\/de\/wp-json\/wp\/v2\/product\/11227\/revisions\/13218"}],"wp:featuredmedia":[{"embeddable":true,"href":"https:\/\/www.loire-gourmande.fr\/de\/wp-json\/wp\/v2\/media\/11230"}],"wp:attachment":[{"href":"https:\/\/www.loire-gourmande.fr\/de\/wp-json\/wp\/v2\/media?parent=11227"}],"wp:term":[{"taxonomy":"product_brand","embeddable":true,"href":"https:\/\/www.loire-gourmande.fr\/de\/wp-json\/wp\/v2\/product_brand?post=11227"},{"taxonomy":"product_cat","embeddable":true,"href":"https:\/\/www.loire-gourmande.fr\/de\/wp-json\/wp\/v2\/product_cat?post=11227"},{"taxonomy":"product_tag","embeddable":true,"href":"https:\/\/www.loire-gourmande.fr\/de\/wp-json\/wp\/v2\/product_tag?post=11227"}],"curies":[{"name":"wp","href":"https:\/\/api.w.org\/{rel}","templated":true}]}}