{"id":11237,"date":"2021-04-29T10:05:52","date_gmt":"2021-04-29T09:05:52","guid":{"rendered":"https:\/\/www.loire-gourmande.fr\/produit\/touraine-azay-le-rideau-bad-grolleau-domaine-badiller\/"},"modified":"2025-05-27T16:31:59","modified_gmt":"2025-05-27T15:31:59","slug":"touraine-azay-le-rideau-bad-grolleau-domaine-badiller","status":"publish","type":"product","link":"https:\/\/www.loire-gourmande.fr\/de\/Produkt\/touraine-azay-le-rideau-bad-grolleau-domaine-badiller\/","title":{"rendered":"TOURAINE AZAY LE RIDEAU BAD GROLLEAU DOMAINE BADILLER"},"content":{"rendered":"<p>&nbsp;<\/p>\n<p>Die Cuv\u00e9e, die sich von den Regeln befreit. Unsere autochthone Rebsorte Grolleau, die normalerweise als Ros\u00e9 oder mit anderen roten Traubensorten verschnitten wird, wird hier als reinsortige rote Cuv\u00e9e vinifiziert.<\/p>\n<p>Der Bad-Grolleau ist ein untypischer Wein, der leicht zu trinken ist und leicht pfeffrig schmeckt. Er eignet sich besonders f\u00fcr gemeinsame Abende mit Freunden, die vom Angeln zur\u00fcckkehren, oder mit der Familie bei einem gem\u00fctlichen Mittagessen.<\/p>\n<p>Frischer, typischer Cabernet-Wein mit pflanzlichen Noten<br \/>\n<strong>Rebsorte:<\/strong> Leichter Rotwein 100% Grolleau<br \/>\n<b>Bezeichnung<\/b>: Vin de France<br \/>\n<strong>Methode: <\/strong>Die Weinlese erfolgt von Hand und der Ausbau in Edelstahltanks.<strong><br \/>\n<\/strong><strong>Lagerf\u00e4higkeit:<\/strong> Bei einer Serviertemperatur von 15-16\u00b0 C sollten Sie ihn innerhalb von 10 Jahren genie\u00dfen.<\/p>\n<p><strong>Speisen- und Weinkombinationen: <\/strong>ein Huhn in einem Auflauf, eine gute Familienquiche, ein gebratenes Steak, eine Platte mit Loire-K\u00e4se.<\/p>\n<p>&nbsp;<\/p>\n","protected":false},"excerpt":{"rendered":"<p><span style=\"font-size: 12pt;\"><br \/>\n  <strong>VORSTELLUNG<\/strong><\/p>\n<p><\/span>An den H\u00e4ngen des Indre-Tals, in der Ortschaft Cheill\u00e9, sind wir mit der Weinproduktion auf dem Land von Azay-Le-Rideau besch\u00e4ftigt. Wir sind Vincent und Pierre, zwei Winzerbr\u00fcder, die sich f\u00fcr unseren Beruf, aber auch f\u00fcr unser geschichtstr\u00e4chtiges Terroir begeistern.<br \/>\nSeit 2015 produzieren wir Wei\u00df-, Rot-, Ros\u00e9- und Schaumweine in AOC Touraine und AOC Touraine Azay-le-Rideau auf einem 12 Hektar gro\u00dfen Weinberg. Wir sind bestrebt, unsere Umwelt zu sch\u00fctzen und unser Terroir aufzuwerten und stellen daher Weine aus biologischem Anbau aus unseren lokalen Rebsorten wie Grolleau de Cinq Mars, La Parisienne, Chenin oder Cabernet her.<\/p>\n","protected":false},"featured_media":11239,"template":"","meta":{"inline_featured_image":false},"product_brand":[],"product_cat":[600,601,609],"product_tag":[701,620,605,615],"class_list":{"0":"post-11237","1":"product","2":"type-product","3":"status-publish","4":"has-post-thumbnail","6":"product_cat-die-weine","7":"product_cat-rot","8":"product_cat-touraine-de","9":"product_tag-eintrag","10":"product_tag-fleisch","11":"product_tag-kase","12":"product_tag-wein","13":"product_shipping_class-flasche","15":"first","16":"instock","17":"featured","18":"taxable","19":"shipping-taxable","20":"purchasable","21":"product-type-simple"},"yoast_head":"<!-- This site is optimized with the Yoast SEO plugin v27.3 - https:\/\/yoast.com\/product\/yoast-seo-wordpress\/ -->\n<title>TOURAINE AZAY LE RIDEAU BAD GROLLEAU DOMAINE BADILLER - Loire Gourmande - une \u00e9tape savoureuse<\/title>\n<meta name=\"description\" content=\"TOURAINE AZAY LE RIDEAU BAD GROLLEAU DOMAINE BADILLER. Wein aus der Loire. Bestellung im Weinkeller auf der Website von Loire Gourmande. Weinh\u00e4ndler in Turquant (49).\" \/>\n<meta name=\"robots\" content=\"index, follow, max-snippet:-1, max-image-preview:large, max-video-preview:-1\" \/>\n<link rel=\"canonical\" href=\"https:\/\/www.loire-gourmande.fr\/de\/Produkt\/touraine-azay-le-rideau-bad-grolleau-domaine-badiller\/\" \/>\n<meta property=\"og:locale\" content=\"de_DE\" \/>\n<meta property=\"og:type\" content=\"article\" \/>\n<meta property=\"og:title\" content=\"TOURAINE AZAY LE RIDEAU BAD GROLLEAU DOMAINE BADILLER - Loire Gourmande - une \u00e9tape savoureuse\" \/>\n<meta property=\"og:description\" content=\"TOURAINE AZAY LE RIDEAU BAD GROLLEAU DOMAINE BADILLER. Wein aus der Loire. Bestellung im Weinkeller auf der Website von Loire Gourmande. Weinh\u00e4ndler in Turquant (49).\" \/>\n<meta property=\"og:url\" content=\"https:\/\/www.loire-gourmande.fr\/de\/Produkt\/touraine-azay-le-rideau-bad-grolleau-domaine-badiller\/\" \/>\n<meta property=\"og:site_name\" content=\"Loire Gourmande - une \u00e9tape savoureuse\" \/>\n<meta property=\"article:publisher\" content=\"https:\/\/www.facebook.com\/Loire-Gourmande-Turquant-101991328328493\/\" \/>\n<meta property=\"article:modified_time\" content=\"2025-05-27T15:31:59+00:00\" \/>\n<meta property=\"og:image\" content=\"https:\/\/www.loire-gourmande.fr\/wp-content\/uploads\/2021\/04\/Bad-Grolleau.jpg\" \/>\n\t<meta property=\"og:image:width\" content=\"704\" \/>\n\t<meta property=\"og:image:height\" content=\"800\" \/>\n\t<meta property=\"og:image:type\" content=\"image\/jpeg\" \/>\n<meta name=\"twitter:card\" content=\"summary_large_image\" \/>\n<meta name=\"twitter:label1\" content=\"Gesch\u00e4tzte Lesezeit\" \/>\n\t<meta name=\"twitter:data1\" content=\"1\u00a0Minute\" \/>\n<script type=\"application\/ld+json\" class=\"yoast-schema-graph\">{\"@context\":\"https:\\\/\\\/schema.org\",\"@graph\":[{\"@type\":\"WebPage\",\"@id\":\"https:\\\/\\\/www.loire-gourmande.fr\\\/de\\\/Produkt\\\/touraine-azay-le-rideau-bad-grolleau-domaine-badiller\\\/\",\"url\":\"https:\\\/\\\/www.loire-gourmande.fr\\\/de\\\/Produkt\\\/touraine-azay-le-rideau-bad-grolleau-domaine-badiller\\\/\",\"name\":\"TOURAINE AZAY LE RIDEAU BAD GROLLEAU DOMAINE BADILLER - Loire Gourmande - une \u00e9tape savoureuse\",\"isPartOf\":{\"@id\":\"https:\\\/\\\/www.loire-gourmande.fr\\\/de\\\/#website\"},\"primaryImageOfPage\":{\"@id\":\"https:\\\/\\\/www.loire-gourmande.fr\\\/de\\\/Produkt\\\/touraine-azay-le-rideau-bad-grolleau-domaine-badiller\\\/#primaryimage\"},\"image\":{\"@id\":\"https:\\\/\\\/www.loire-gourmande.fr\\\/de\\\/Produkt\\\/touraine-azay-le-rideau-bad-grolleau-domaine-badiller\\\/#primaryimage\"},\"thumbnailUrl\":\"https:\\\/\\\/www.loire-gourmande.fr\\\/wp-content\\\/uploads\\\/2021\\\/04\\\/Bad-Grolleau.jpg\",\"datePublished\":\"2021-04-29T09:05:52+00:00\",\"dateModified\":\"2025-05-27T15:31:59+00:00\",\"description\":\"TOURAINE AZAY LE RIDEAU BAD GROLLEAU DOMAINE BADILLER. Wein aus der Loire. Bestellung im Weinkeller auf der Website von Loire Gourmande. Weinh\u00e4ndler in Turquant (49).\",\"breadcrumb\":{\"@id\":\"https:\\\/\\\/www.loire-gourmande.fr\\\/de\\\/Produkt\\\/touraine-azay-le-rideau-bad-grolleau-domaine-badiller\\\/#breadcrumb\"},\"inLanguage\":\"de\",\"potentialAction\":[{\"@type\":\"ReadAction\",\"target\":[\"https:\\\/\\\/www.loire-gourmande.fr\\\/de\\\/Produkt\\\/touraine-azay-le-rideau-bad-grolleau-domaine-badiller\\\/\"]}]},{\"@type\":\"ImageObject\",\"inLanguage\":\"de\",\"@id\":\"https:\\\/\\\/www.loire-gourmande.fr\\\/de\\\/Produkt\\\/touraine-azay-le-rideau-bad-grolleau-domaine-badiller\\\/#primaryimage\",\"url\":\"https:\\\/\\\/www.loire-gourmande.fr\\\/wp-content\\\/uploads\\\/2021\\\/04\\\/Bad-Grolleau.jpg\",\"contentUrl\":\"https:\\\/\\\/www.loire-gourmande.fr\\\/wp-content\\\/uploads\\\/2021\\\/04\\\/Bad-Grolleau.jpg\",\"width\":704,\"height\":800},{\"@type\":\"BreadcrumbList\",\"@id\":\"https:\\\/\\\/www.loire-gourmande.fr\\\/de\\\/Produkt\\\/touraine-azay-le-rideau-bad-grolleau-domaine-badiller\\\/#breadcrumb\",\"itemListElement\":[{\"@type\":\"ListItem\",\"position\":1,\"name\":\"Startseite\",\"item\":\"https:\\\/\\\/www.loire-gourmande.fr\\\/de\\\/\"},{\"@type\":\"ListItem\",\"position\":2,\"name\":\"Die Boutique de Loire Gourmande: die Weine der Loire\",\"item\":\"https:\\\/\\\/www.loire-gourmande.fr\\\/de\\\/woocommerce\\\/\"},{\"@type\":\"ListItem\",\"position\":3,\"name\":\"Die Weine\",\"item\":\"https:\\\/\\\/www.loire-gourmande.fr\\\/de\\\/Produktkategorie\\\/die-weine\\\/\"},{\"@type\":\"ListItem\",\"position\":4,\"name\":\"Rot\",\"item\":\"https:\\\/\\\/www.loire-gourmande.fr\\\/de\\\/Produktkategorie\\\/die-weine\\\/rot\\\/\"},{\"@type\":\"ListItem\",\"position\":5,\"name\":\"TOURAINE AZAY LE RIDEAU BAD GROLLEAU DOMAINE BADILLER\"}]},{\"@type\":\"WebSite\",\"@id\":\"https:\\\/\\\/www.loire-gourmande.fr\\\/de\\\/#website\",\"url\":\"https:\\\/\\\/www.loire-gourmande.fr\\\/de\\\/\",\"name\":\"Loire Gourmande, une \u00e9tape savoureuse\",\"description\":\"une d\u00e9gustation \u00e0 toute heure et une boutique \u00e0 visiter \u00e0 Turquant (49)\",\"publisher\":{\"@id\":\"https:\\\/\\\/www.loire-gourmande.fr\\\/de\\\/#organization\"},\"potentialAction\":[{\"@type\":\"SearchAction\",\"target\":{\"@type\":\"EntryPoint\",\"urlTemplate\":\"https:\\\/\\\/www.loire-gourmande.fr\\\/de\\\/?s={search_term_string}\"},\"query-input\":{\"@type\":\"PropertyValueSpecification\",\"valueRequired\":true,\"valueName\":\"search_term_string\"}}],\"inLanguage\":\"de\"},{\"@type\":\"Organization\",\"@id\":\"https:\\\/\\\/www.loire-gourmande.fr\\\/de\\\/#organization\",\"name\":\"Loire Gourmande - Schnellrestaurant und Besuch in Turquant (49)\",\"url\":\"https:\\\/\\\/www.loire-gourmande.fr\\\/de\\\/\",\"logo\":{\"@type\":\"ImageObject\",\"inLanguage\":\"de\",\"@id\":\"https:\\\/\\\/www.loire-gourmande.fr\\\/de\\\/#\\\/schema\\\/logo\\\/image\\\/\",\"url\":\"https:\\\/\\\/www.loire-gourmande.fr\\\/wp-content\\\/uploads\\\/2020\\\/10\\\/loire-gourmande-logo.jpg\",\"contentUrl\":\"https:\\\/\\\/www.loire-gourmande.fr\\\/wp-content\\\/uploads\\\/2020\\\/10\\\/loire-gourmande-logo.jpg\",\"width\":800,\"height\":415,\"caption\":\"Loire Gourmande - Schnellrestaurant und Besuch in Turquant (49)\"},\"image\":{\"@id\":\"https:\\\/\\\/www.loire-gourmande.fr\\\/de\\\/#\\\/schema\\\/logo\\\/image\\\/\"},\"sameAs\":[\"https:\\\/\\\/www.facebook.com\\\/Loire-Gourmande-Turquant-101991328328493\\\/\",\"https:\\\/\\\/www.instagram.com\\\/jean_yves_auradon\\\/?igshid=1ta3mfjka326t\"]}]}<\/script>\n<!-- \/ Yoast SEO plugin. -->","yoast_head_json":{"title":"TOURAINE AZAY LE RIDEAU BAD GROLLEAU DOMAINE BADILLER - Loire Gourmande - une \u00e9tape savoureuse","description":"TOURAINE AZAY LE RIDEAU BAD GROLLEAU DOMAINE BADILLER. Wein aus der Loire. Bestellung im Weinkeller auf der Website von Loire Gourmande. Weinh\u00e4ndler in Turquant (49).","robots":{"index":"index","follow":"follow","max-snippet":"max-snippet:-1","max-image-preview":"max-image-preview:large","max-video-preview":"max-video-preview:-1"},"canonical":"https:\/\/www.loire-gourmande.fr\/de\/Produkt\/touraine-azay-le-rideau-bad-grolleau-domaine-badiller\/","og_locale":"de_DE","og_type":"article","og_title":"TOURAINE AZAY LE RIDEAU BAD GROLLEAU DOMAINE BADILLER - Loire Gourmande - une \u00e9tape savoureuse","og_description":"TOURAINE AZAY LE RIDEAU BAD GROLLEAU DOMAINE BADILLER. Wein aus der Loire. Bestellung im Weinkeller auf der Website von Loire Gourmande. Weinh\u00e4ndler in Turquant (49).","og_url":"https:\/\/www.loire-gourmande.fr\/de\/Produkt\/touraine-azay-le-rideau-bad-grolleau-domaine-badiller\/","og_site_name":"Loire Gourmande - une \u00e9tape savoureuse","article_publisher":"https:\/\/www.facebook.com\/Loire-Gourmande-Turquant-101991328328493\/","article_modified_time":"2025-05-27T15:31:59+00:00","og_image":[{"width":704,"height":800,"url":"https:\/\/www.loire-gourmande.fr\/wp-content\/uploads\/2021\/04\/Bad-Grolleau.jpg","type":"image\/jpeg"}],"twitter_card":"summary_large_image","twitter_misc":{"Gesch\u00e4tzte Lesezeit":"1\u00a0Minute"},"schema":{"@context":"https:\/\/schema.org","@graph":[{"@type":"WebPage","@id":"https:\/\/www.loire-gourmande.fr\/de\/Produkt\/touraine-azay-le-rideau-bad-grolleau-domaine-badiller\/","url":"https:\/\/www.loire-gourmande.fr\/de\/Produkt\/touraine-azay-le-rideau-bad-grolleau-domaine-badiller\/","name":"TOURAINE AZAY LE RIDEAU BAD GROLLEAU DOMAINE BADILLER - Loire Gourmande - une \u00e9tape savoureuse","isPartOf":{"@id":"https:\/\/www.loire-gourmande.fr\/de\/#website"},"primaryImageOfPage":{"@id":"https:\/\/www.loire-gourmande.fr\/de\/Produkt\/touraine-azay-le-rideau-bad-grolleau-domaine-badiller\/#primaryimage"},"image":{"@id":"https:\/\/www.loire-gourmande.fr\/de\/Produkt\/touraine-azay-le-rideau-bad-grolleau-domaine-badiller\/#primaryimage"},"thumbnailUrl":"https:\/\/www.loire-gourmande.fr\/wp-content\/uploads\/2021\/04\/Bad-Grolleau.jpg","datePublished":"2021-04-29T09:05:52+00:00","dateModified":"2025-05-27T15:31:59+00:00","description":"TOURAINE AZAY LE RIDEAU BAD GROLLEAU DOMAINE BADILLER. Wein aus der Loire. Bestellung im Weinkeller auf der Website von Loire Gourmande. Weinh\u00e4ndler in Turquant (49).","breadcrumb":{"@id":"https:\/\/www.loire-gourmande.fr\/de\/Produkt\/touraine-azay-le-rideau-bad-grolleau-domaine-badiller\/#breadcrumb"},"inLanguage":"de","potentialAction":[{"@type":"ReadAction","target":["https:\/\/www.loire-gourmande.fr\/de\/Produkt\/touraine-azay-le-rideau-bad-grolleau-domaine-badiller\/"]}]},{"@type":"ImageObject","inLanguage":"de","@id":"https:\/\/www.loire-gourmande.fr\/de\/Produkt\/touraine-azay-le-rideau-bad-grolleau-domaine-badiller\/#primaryimage","url":"https:\/\/www.loire-gourmande.fr\/wp-content\/uploads\/2021\/04\/Bad-Grolleau.jpg","contentUrl":"https:\/\/www.loire-gourmande.fr\/wp-content\/uploads\/2021\/04\/Bad-Grolleau.jpg","width":704,"height":800},{"@type":"BreadcrumbList","@id":"https:\/\/www.loire-gourmande.fr\/de\/Produkt\/touraine-azay-le-rideau-bad-grolleau-domaine-badiller\/#breadcrumb","itemListElement":[{"@type":"ListItem","position":1,"name":"Startseite","item":"https:\/\/www.loire-gourmande.fr\/de\/"},{"@type":"ListItem","position":2,"name":"Die Boutique de Loire Gourmande: die Weine der Loire","item":"https:\/\/www.loire-gourmande.fr\/de\/woocommerce\/"},{"@type":"ListItem","position":3,"name":"Die Weine","item":"https:\/\/www.loire-gourmande.fr\/de\/Produktkategorie\/die-weine\/"},{"@type":"ListItem","position":4,"name":"Rot","item":"https:\/\/www.loire-gourmande.fr\/de\/Produktkategorie\/die-weine\/rot\/"},{"@type":"ListItem","position":5,"name":"TOURAINE AZAY LE RIDEAU BAD GROLLEAU DOMAINE BADILLER"}]},{"@type":"WebSite","@id":"https:\/\/www.loire-gourmande.fr\/de\/#website","url":"https:\/\/www.loire-gourmande.fr\/de\/","name":"Loire Gourmande, une \u00e9tape savoureuse","description":"une d\u00e9gustation \u00e0 toute heure et une boutique \u00e0 visiter \u00e0 Turquant (49)","publisher":{"@id":"https:\/\/www.loire-gourmande.fr\/de\/#organization"},"potentialAction":[{"@type":"SearchAction","target":{"@type":"EntryPoint","urlTemplate":"https:\/\/www.loire-gourmande.fr\/de\/?s={search_term_string}"},"query-input":{"@type":"PropertyValueSpecification","valueRequired":true,"valueName":"search_term_string"}}],"inLanguage":"de"},{"@type":"Organization","@id":"https:\/\/www.loire-gourmande.fr\/de\/#organization","name":"Loire Gourmande - Schnellrestaurant und Besuch in Turquant (49)","url":"https:\/\/www.loire-gourmande.fr\/de\/","logo":{"@type":"ImageObject","inLanguage":"de","@id":"https:\/\/www.loire-gourmande.fr\/de\/#\/schema\/logo\/image\/","url":"https:\/\/www.loire-gourmande.fr\/wp-content\/uploads\/2020\/10\/loire-gourmande-logo.jpg","contentUrl":"https:\/\/www.loire-gourmande.fr\/wp-content\/uploads\/2020\/10\/loire-gourmande-logo.jpg","width":800,"height":415,"caption":"Loire Gourmande - Schnellrestaurant und Besuch in Turquant (49)"},"image":{"@id":"https:\/\/www.loire-gourmande.fr\/de\/#\/schema\/logo\/image\/"},"sameAs":["https:\/\/www.facebook.com\/Loire-Gourmande-Turquant-101991328328493\/","https:\/\/www.instagram.com\/jean_yves_auradon\/?igshid=1ta3mfjka326t"]}]}},"_links":{"self":[{"href":"https:\/\/www.loire-gourmande.fr\/de\/wp-json\/wp\/v2\/product\/11237","targetHints":{"allow":["GET"]}}],"collection":[{"href":"https:\/\/www.loire-gourmande.fr\/de\/wp-json\/wp\/v2\/product"}],"about":[{"href":"https:\/\/www.loire-gourmande.fr\/de\/wp-json\/wp\/v2\/types\/product"}],"version-history":[{"count":2,"href":"https:\/\/www.loire-gourmande.fr\/de\/wp-json\/wp\/v2\/product\/11237\/revisions"}],"predecessor-version":[{"id":13263,"href":"https:\/\/www.loire-gourmande.fr\/de\/wp-json\/wp\/v2\/product\/11237\/revisions\/13263"}],"wp:featuredmedia":[{"embeddable":true,"href":"https:\/\/www.loire-gourmande.fr\/de\/wp-json\/wp\/v2\/media\/11239"}],"wp:attachment":[{"href":"https:\/\/www.loire-gourmande.fr\/de\/wp-json\/wp\/v2\/media?parent=11237"}],"wp:term":[{"taxonomy":"product_brand","embeddable":true,"href":"https:\/\/www.loire-gourmande.fr\/de\/wp-json\/wp\/v2\/product_brand?post=11237"},{"taxonomy":"product_cat","embeddable":true,"href":"https:\/\/www.loire-gourmande.fr\/de\/wp-json\/wp\/v2\/product_cat?post=11237"},{"taxonomy":"product_tag","embeddable":true,"href":"https:\/\/www.loire-gourmande.fr\/de\/wp-json\/wp\/v2\/product_tag?post=11237"}],"curies":[{"name":"wp","href":"https:\/\/api.w.org\/{rel}","templated":true}]}}